{"id":20955,"date":"2019-07-10T16:24:33","date_gmt":"2019-07-10T16:24:33","guid":{"rendered":"https:\/\/tetakawi.com\/%e8%81%94%e7%b3%bb%e6%96%b9%e5%bc%8f\/"},"modified":"2020-09-03T20:31:03","modified_gmt":"2020-09-03T20:31:03","slug":"%e8%81%94%e7%b3%bb%e6%96%b9%e5%bc%8f","status":"publish","type":"page","link":"https:\/\/tetakawi.com\/zh-hans\/%e8%81%94%e7%b3%bb%e6%96%b9%e5%bc%8f\/","title":{"rendered":"\u8054\u7cfb\u65b9\u5f0f"},"content":{"rendered":"<div class=\"vgblk-rw-wrapper limit-wrapper\">\n\t<!--[if lte IE 8]>\n<![endif]-->\n<h3>\n\t\u5176\u4ed6\u8054\u7cfb\u65b9\u5f0f\n\t<\/h3>\n\t\t\t\t\t\t\t\t\t\t<img loading=\"lazy\" src=\"https:\/\/tetakawi.com\/wp-content\/uploads\/2020\/09\/Picture1.jpg\" data-srcset=\"https:\/\/tetakawi.com\/wp-content\/uploads\/2020\/09\/Picture1.jpg\" srcset=\"data:image\/svg+xml;utf8,&lt;svg%20xmlns=&quot;http:\/\/www.w3.org\/2000\/svg&quot;%20viewBox=&quot;0%200%2045%2045&quot;%20height=&quot;45px&quot;%20width=&quot;45px&quot;\/&gt;\" alt=\"WeChat Tetakawi\" itemprop=\"image\" height=\"45\" width=\"45\" title=\"\u5728\u7ebf\u5ba2\u670d\" onerror=\"this.style.display='none'\" \/>\t\t\t\t\t\t\t\n\t<p><b>\u5728\u7ebf\u5ba2\u670d<\/b><\/p>\n\t\t\t\t\t\t\t\t\t\t<img loading=\"lazy\" src=\"https:\/\/tetakawi.com\/wp-content\/uploads\/2020\/09\/Picture3.jpg\" data-srcset=\"https:\/\/tetakawi.com\/wp-content\/uploads\/2020\/09\/Picture3.jpg\" srcset=\"data:image\/svg+xml;utf8,&lt;svg%20xmlns=&quot;http:\/\/www.w3.org\/2000\/svg&quot;%20viewBox=&quot;0%200%20145%20170&quot;%20height=&quot;170px&quot;%20width=&quot;145px&quot;\/&gt;\" alt=\"WeChat Tetakawi\" itemprop=\"image\" height=\"170\" width=\"145\" title=\"Picture3\" onerror=\"this.style.display='none'\"  sizes=\"(max-width: 768px) 100vw, 100vw\"\/>\t\t\t\t\t\t\t\n<h3>\n\tTetakawi \u793e\u4ea4\u5a92\u4f53\u5e10\u53f7\n\t<\/h3>\n\t<a href=\"https:\/\/www.facebook.com\/tetakawiUS\/\"><strong>Facebook<\/strong><\/a><br \/>\n\/tetakawiUS\n\t<a href=\"https:\/\/twitter.com\/tetakawius\"><strong>Twitter<\/strong><\/a><br \/>\n@tetakawiUS\n\t<strong><a href=\"https:\/\/www.linkedin.com\/company\/tetakawi\/\">LinkedIn<\/a><\/strong><br \/>\n\/tetakawi\n\t<strong><a href=\"https:\/\/www.youtube.com\/channel\/UCPfjPPWbF9IxZgf8lT0NQcw\/\">Youtube<\/a><\/strong><br \/>\n\/tetakawi\n\t\t\t\t\t\t\t\t\t\t<img loading=\"lazy\" src=\"https:\/\/tetakawi.com\/wp-content\/uploads\/2020\/09\/Picture1.jpg\" data-srcset=\"https:\/\/tetakawi.com\/wp-content\/uploads\/2020\/09\/Picture1.jpg\" srcset=\"data:image\/svg+xml;utf8,&lt;svg%20xmlns=&quot;http:\/\/www.w3.org\/2000\/svg&quot;%20viewBox=&quot;0%200%2045%2045&quot;%20height=&quot;45px&quot;%20width=&quot;45px&quot;\/&gt;\" alt=\"WeChat Tetakawi\" itemprop=\"image\" height=\"45\" width=\"45\" title=\"\u5728\u7ebf\u5ba2\u670d\" onerror=\"this.style.display='none'\" \/>\t\t\t\t\t\t\t\n\t\t\t\t\t\t\t\t\t\t<img loading=\"lazy\" src=\"https:\/\/tetakawi.com\/wp-content\/uploads\/2020\/09\/Picture2.jpg\" data-srcset=\"https:\/\/tetakawi.com\/wp-content\/uploads\/2020\/09\/Picture2.jpg\" srcset=\"data:image\/svg+xml;utf8,&lt;svg%20xmlns=&quot;http:\/\/www.w3.org\/2000\/svg&quot;%20viewBox=&quot;0%200%20109%20109&quot;%20height=&quot;109px&quot;%20width=&quot;109px&quot;\/&gt;\" alt=\"WeChat Tetakawi\" itemprop=\"image\" height=\"109\" width=\"109\" title=\"Picture2\" onerror=\"this.style.display='none'\" \/>\t\t\t\t\t\t\t\n\t<p><b>\u5fae\u4fe1\u516c\u4f17\u53f7<\/b><\/p>\n<h3>\n\t\u516c\u53f8\u529e\u4e8b\u5904\n\t<\/h3>\n\t\t<iframe src=\"https:\/\/maps.google.com\/maps?q=8350+E+Old+Vail+Rd.+Tucson%2C+Arizona%2C+85747&#038;iwloc=near&#038;output=embed\" height=\"400\" frameborder=\"0\"><\/iframe>\n\t\t<iframe src=\"https:\/\/maps.google.com\/maps?q=Carretera+Int+km.1969+Guadalajara-Nog+Km.+2%2C+Poniente+Kilometro+2%2C+85340+Empalme%2C+Son.%2C+Mexico&#038;iwloc=near&#038;output=embed\" height=\"200\" frameborder=\"0\"><\/iframe>\n\t<strong>\u57c3\u59c6\u5e15\u5c14\u59c6<\/strong><br \/>\nCarretera Int km.1969 Guadalajara-Nog Km.2, Poniente Kilometro 2, 85340 Empalme, Son., Mexico\n\t\t<iframe src=\"https:\/\/maps.google.com\/maps?q=Carretera+Internacional+Kil%C3%B3metro+129+15%2C+Parque+Industrial+Rocafuerte%2C+85400+Heroica+Guaymas%2C+Son.%2C+Mexico&#038;iwloc=near&#038;output=embed\" height=\"200\" frameborder=\"0\"><\/iframe>\n\t<strong>\u74dc\u4f0a\u9a6c\u65af<\/strong><br \/>\nCarretera Internacional Kil\u00f3metro 129 15, Parque Industrial Rocafuerte, 85400 Heroica Guaymas, Son., Mexico\n\t\t<iframe src=\"https:\/\/maps.google.com\/maps?q=29.017061%2C+-111.027611&#038;iwloc=near&#038;output=embed\" height=\"200\" frameborder=\"0\"><\/iframe>\n\t<strong>\u57c3\u83ab\u897f\u7ea6<\/strong><br \/>\nCarretera Veintis\u00e9is No.1030 y Blvd. Antonio Quiroga Col. Ejido de Villa de Seris, Hermosillo, Sonora C.P. 83287\n\t\t<iframe src=\"https:\/\/maps.google.com\/maps?q=San+Luis+Potos%C3%AD+-+Santiago+de+Quer%C3%A9taro+135%2C+Jurica%2C+76127+Santiago+de+Quer%C3%A9taro%2C+Qro.%2C+Mexico&#038;iwloc=near&#038;output=embed\" height=\"200\" frameborder=\"0\"><\/iframe>\n\t<strong>\u514b\u96f7\u5854\u7f57<\/strong><br \/>\nSan Luis Potos\u00ed &#8211; Santiago de Quer\u00e9taro 135, Jurica, 76127 Santiago de Quer\u00e9taro, Qro., Mexico\n\t\t<iframe src=\"https:\/\/maps.google.com\/maps?q=Kil%C3%B3metro+4.5%2C+Zacatecas+-+Saltillo%2C+Ejido+Angostura%2C+25315+Coahuila%2C+Mexico&#038;iwloc=near&#038;output=embed\" height=\"200\" frameborder=\"0\"><\/iframe>\n\t<strong>\u8428\u5c14\u63d0\u7565<\/strong><br \/>\nKil\u00f3metro 4.5, Zacatecas &#8211; Saltillo, Ejido Angostura, 25315 Coahuila, Mexico\n\t\t<iframe src=\"https:\/\/maps.google.com\/maps?q=1300+West+Military+Highway+%23281%2C+Pharr%2C+TX+78577&#038;iwloc=near&#038;output=embed\" height=\"200\" frameborder=\"0\"><\/iframe>\n\t<strong>\u5fb7\u514b\u8428\u65af<\/strong><br \/>\n1300 West Military Highway #281, Pharr, TX 78577\n\t\t<iframe src=\"https:\/\/maps.google.com\/maps?q=Av+de+los+Insurgentes+26%2C+Libramiento%2C+Tijuana%2C+B.C.%2C+Mexico&#038;iwloc=near&#038;output=embed\" height=\"200\" frameborder=\"0\"><\/iframe>\n\t<strong>\u63d0\u534e\u7eb3<\/strong><br \/>\nAv de los Insurgentes 26, Libramiento, Tijuana, B.C., Mexico\n<\/div><!-- .vgblk-rw-wrapper -->","protected":false},"excerpt":{"rendered":"<p>\u5176\u4ed6\u8054\u7cfb\u65b9\u5f0f \u5728\u7ebf\u5ba2\u670d Tetakawi \u793e\u4ea4\u5a92\u4f53\u5e10\u53f7 Facebook \/tetakawiUS Twitte&#8230;<\/p>\n","protected":false},"author":1,"featured_media":21196,"parent":0,"menu_order":0,"comment_status":"closed","ping_status":"closed","template":"","meta":{"content-type":"","_monsterinsights_skip_tracking":false,"_monsterinsights_sitenote_active":false,"_monsterinsights_sitenote_note":"","_monsterinsights_sitenote_category":0},"yoast_head":"<!-- This site is optimized with the Yoast SEO Premium plugin v20.6 (Yoast SEO v20.6) - https:\/\/yoast.com\/wordpress\/plugins\/seo\/ -->\n<title>Tetakawi | \u8054\u7cfb\u65b9\u5f0f<\/title>\n<meta name=\"description\" content=\"\u7ed9\u6211\u4eec\u7559\u8a00\u3001\u53d1\u9001\u7535\u5b50\u90ae\u4ef6\u6216\u81f4\u7535\u8054\u7cfb\u6211\u4eec\uff01\u6211\u4eec\u53ef\u4ee5\u56de\u7b54\u5173\u4e8e\u58a8\u897f\u54e5\u5236\u9020\u4e1a\u7684\u6240\u6709\u95ee\u9898\uff01\" \/>\n<meta name=\"robots\" content=\"index, follow, max-snippet:-1, max-image-preview:large, max-video-preview:-1\" \/>\n<link rel=\"canonical\" href=\"https:\/\/tetakawi.com\/zh-hans\/\u8054\u7cfb\u65b9\u5f0f\/\" \/>\n<meta property=\"og:locale\" content=\"zh_CN\" \/>\n<meta property=\"og:type\" content=\"article\" \/>\n<meta property=\"og:title\" content=\"\u8054\u7cfb\u65b9\u5f0f\" \/>\n<meta property=\"og:description\" content=\"\u7ed9\u6211\u4eec\u7559\u8a00\u3001\u53d1\u9001\u7535\u5b50\u90ae\u4ef6\u6216\u81f4\u7535\u8054\u7cfb\u6211\u4eec\uff01\u6211\u4eec\u53ef\u4ee5\u56de\u7b54\u5173\u4e8e\u58a8\u897f\u54e5\u5236\u9020\u4e1a\u7684\u6240\u6709\u95ee\u9898\uff01\" \/>\n<meta property=\"og:url\" content=\"https:\/\/tetakawi.com\/zh-hans\/\u8054\u7cfb\u65b9\u5f0f\/\" \/>\n<meta property=\"og:site_name\" content=\"Tetakawi\" \/>\n<meta property=\"article:modified_time\" content=\"2020-09-03T20:31:03+00:00\" \/>\n<meta property=\"og:image\" content=\"https:\/\/tetakawi.com\/wp-content\/uploads\/2019\/04\/tetakawi-team-1.jpg\" \/>\n\t<meta property=\"og:image:width\" content=\"379\" \/>\n\t<meta property=\"og:image:height\" content=\"238\" \/>\n\t<meta property=\"og:image:type\" content=\"image\/jpeg\" \/>\n<meta name=\"twitter:card\" content=\"summary_large_image\" \/>\n<script type=\"application\/ld+json\" class=\"yoast-schema-graph\">{\"@context\":\"https:\/\/schema.org\",\"@graph\":[{\"@type\":\"WebPage\",\"@id\":\"https:\/\/tetakawi.com\/zh-hans\/%e8%81%94%e7%b3%bb%e6%96%b9%e5%bc%8f\/\",\"url\":\"https:\/\/tetakawi.com\/zh-hans\/%e8%81%94%e7%b3%bb%e6%96%b9%e5%bc%8f\/\",\"name\":\"Tetakawi | \u8054\u7cfb\u65b9\u5f0f\",\"isPartOf\":{\"@id\":\"https:\/\/tetakawi.com\/#website\"},\"datePublished\":\"2019-07-10T16:24:33+00:00\",\"dateModified\":\"2020-09-03T20:31:03+00:00\",\"description\":\"\u7ed9\u6211\u4eec\u7559\u8a00\u3001\u53d1\u9001\u7535\u5b50\u90ae\u4ef6\u6216\u81f4\u7535\u8054\u7cfb\u6211\u4eec\uff01\u6211\u4eec\u53ef\u4ee5\u56de\u7b54\u5173\u4e8e\u58a8\u897f\u54e5\u5236\u9020\u4e1a\u7684\u6240\u6709\u95ee\u9898\uff01\",\"breadcrumb\":{\"@id\":\"https:\/\/tetakawi.com\/zh-hans\/%e8%81%94%e7%b3%bb%e6%96%b9%e5%bc%8f\/#breadcrumb\"},\"inLanguage\":\"zh-CN\",\"potentialAction\":[{\"@type\":\"ReadAction\",\"target\":[\"https:\/\/tetakawi.com\/zh-hans\/%e8%81%94%e7%b3%bb%e6%96%b9%e5%bc%8f\/\"]}]},{\"@type\":\"BreadcrumbList\",\"@id\":\"https:\/\/tetakawi.com\/zh-hans\/%e8%81%94%e7%b3%bb%e6%96%b9%e5%bc%8f\/#breadcrumb\",\"itemListElement\":[{\"@type\":\"ListItem\",\"position\":1,\"name\":\"Home\",\"item\":\"https:\/\/tetakawi.com\/zh-hans\/\"},{\"@type\":\"ListItem\",\"position\":2,\"name\":\"\u8054\u7cfb\u65b9\u5f0f\"}]},{\"@type\":\"WebSite\",\"@id\":\"https:\/\/tetakawi.com\/#website\",\"url\":\"https:\/\/tetakawi.com\/\",\"name\":\"Tetakawi\",\"description\":\"\",\"publisher\":{\"@id\":\"https:\/\/tetakawi.com\/#organization\"},\"potentialAction\":[{\"@type\":\"SearchAction\",\"target\":{\"@type\":\"EntryPoint\",\"urlTemplate\":\"https:\/\/tetakawi.com\/?s={search_term_string}\"},\"query-input\":\"required name=search_term_string\"}],\"inLanguage\":\"zh-CN\"}]}<\/script>\n<!-- \/ Yoast SEO Premium plugin. -->","yoast_head_json":{"title":"Tetakawi | \u8054\u7cfb\u65b9\u5f0f","description":"\u7ed9\u6211\u4eec\u7559\u8a00\u3001\u53d1\u9001\u7535\u5b50\u90ae\u4ef6\u6216\u81f4\u7535\u8054\u7cfb\u6211\u4eec\uff01\u6211\u4eec\u53ef\u4ee5\u56de\u7b54\u5173\u4e8e\u58a8\u897f\u54e5\u5236\u9020\u4e1a\u7684\u6240\u6709\u95ee\u9898\uff01","robots":{"index":"index","follow":"follow","max-snippet":"max-snippet:-1","max-image-preview":"max-image-preview:large","max-video-preview":"max-video-preview:-1"},"canonical":"https:\/\/tetakawi.com\/zh-hans\/\u8054\u7cfb\u65b9\u5f0f\/","og_locale":"zh_CN","og_type":"article","og_title":"\u8054\u7cfb\u65b9\u5f0f","og_description":"\u7ed9\u6211\u4eec\u7559\u8a00\u3001\u53d1\u9001\u7535\u5b50\u90ae\u4ef6\u6216\u81f4\u7535\u8054\u7cfb\u6211\u4eec\uff01\u6211\u4eec\u53ef\u4ee5\u56de\u7b54\u5173\u4e8e\u58a8\u897f\u54e5\u5236\u9020\u4e1a\u7684\u6240\u6709\u95ee\u9898\uff01","og_url":"https:\/\/tetakawi.com\/zh-hans\/\u8054\u7cfb\u65b9\u5f0f\/","og_site_name":"Tetakawi","article_modified_time":"2020-09-03T20:31:03+00:00","og_image":[{"width":379,"height":238,"url":"https:\/\/tetakawi.com\/wp-content\/uploads\/2019\/04\/tetakawi-team-1.jpg","type":"image\/jpeg"}],"twitter_card":"summary_large_image","schema":{"@context":"https:\/\/schema.org","@graph":[{"@type":"WebPage","@id":"https:\/\/tetakawi.com\/zh-hans\/%e8%81%94%e7%b3%bb%e6%96%b9%e5%bc%8f\/","url":"https:\/\/tetakawi.com\/zh-hans\/%e8%81%94%e7%b3%bb%e6%96%b9%e5%bc%8f\/","name":"Tetakawi | \u8054\u7cfb\u65b9\u5f0f","isPartOf":{"@id":"https:\/\/tetakawi.com\/#website"},"datePublished":"2019-07-10T16:24:33+00:00","dateModified":"2020-09-03T20:31:03+00:00","description":"\u7ed9\u6211\u4eec\u7559\u8a00\u3001\u53d1\u9001\u7535\u5b50\u90ae\u4ef6\u6216\u81f4\u7535\u8054\u7cfb\u6211\u4eec\uff01\u6211\u4eec\u53ef\u4ee5\u56de\u7b54\u5173\u4e8e\u58a8\u897f\u54e5\u5236\u9020\u4e1a\u7684\u6240\u6709\u95ee\u9898\uff01","breadcrumb":{"@id":"https:\/\/tetakawi.com\/zh-hans\/%e8%81%94%e7%b3%bb%e6%96%b9%e5%bc%8f\/#breadcrumb"},"inLanguage":"zh-CN","potentialAction":[{"@type":"ReadAction","target":["https:\/\/tetakawi.com\/zh-hans\/%e8%81%94%e7%b3%bb%e6%96%b9%e5%bc%8f\/"]}]},{"@type":"BreadcrumbList","@id":"https:\/\/tetakawi.com\/zh-hans\/%e8%81%94%e7%b3%bb%e6%96%b9%e5%bc%8f\/#breadcrumb","itemListElement":[{"@type":"ListItem","position":1,"name":"Home","item":"https:\/\/tetakawi.com\/zh-hans\/"},{"@type":"ListItem","position":2,"name":"\u8054\u7cfb\u65b9\u5f0f"}]},{"@type":"WebSite","@id":"https:\/\/tetakawi.com\/#website","url":"https:\/\/tetakawi.com\/","name":"Tetakawi","description":"","publisher":{"@id":"https:\/\/tetakawi.com\/#organization"},"potentialAction":[{"@type":"SearchAction","target":{"@type":"EntryPoint","urlTemplate":"https:\/\/tetakawi.com\/?s={search_term_string}"},"query-input":"required name=search_term_string"}],"inLanguage":"zh-CN"}]}},"_links":{"self":[{"href":"https:\/\/tetakawi.com\/zh-hans\/wp-json\/wp\/v2\/pages\/20955"}],"collection":[{"href":"https:\/\/tetakawi.com\/zh-hans\/wp-json\/wp\/v2\/pages"}],"about":[{"href":"https:\/\/tetakawi.com\/zh-hans\/wp-json\/wp\/v2\/types\/page"}],"author":[{"embeddable":true,"href":"https:\/\/tetakawi.com\/zh-hans\/wp-json\/wp\/v2\/users\/1"}],"replies":[{"embeddable":true,"href":"https:\/\/tetakawi.com\/zh-hans\/wp-json\/wp\/v2\/comments?post=20955"}],"version-history":[{"count":5,"href":"https:\/\/tetakawi.com\/zh-hans\/wp-json\/wp\/v2\/pages\/20955\/revisions"}],"predecessor-version":[{"id":26403,"href":"https:\/\/tetakawi.com\/zh-hans\/wp-json\/wp\/v2\/pages\/20955\/revisions\/26403"}],"wp:featuredmedia":[{"embeddable":true,"href":"https:\/\/tetakawi.com\/zh-hans\/wp-json\/wp\/v2\/media\/21196"}],"wp:attachment":[{"href":"https:\/\/tetakawi.com\/zh-hans\/wp-json\/wp\/v2\/media?parent=20955"}],"curies":[{"name":"wp","href":"https:\/\/api.w.org\/{rel}","templated":true}]}}