{"id":27017,"date":"2020-12-22T17:47:58","date_gmt":"2020-12-22T17:47:58","guid":{"rendered":"https:\/\/tetakawi.com\/hochspezialisierte-branchen-in-mexiko\/textilfertigung-in-mexiko\/"},"modified":"2023-05-16T20:03:29","modified_gmt":"2023-05-16T20:03:29","slug":"textilfertigung-in-mexiko","status":"publish","type":"page","link":"https:\/\/tetakawi.com\/de\/hochspezialisierte-branchen-in-mexiko\/textilfertigung-in-mexiko\/","title":{"rendered":"Textilfertigung in Mexiko"},"content":{"rendered":"<div class=\"vgblk-rw-wrapper limit-wrapper\">\n<h1>\n\tTextilproduktion | Textilfertigung in Mexiko\n\t<\/h1>\n\t<p>Die Textilindustrie in Mexiko, nimmt durch Innovation, steigende Nachfrage und das <a href=\"https:\/\/insights.tetakawi.com\/de\/understanding-the-north-american-free-trade-agreement-nafta\">Freihandelsabkommen zwischen den USA, Mexiko und Kanada<\/a> an Fahrt auf.<\/p>\n<h2>\n\tTextilproduktion in Mexiko auf Erfolgskurs\n\t<\/h2>\n\t<p>Die Textilproduktion in Mexiko kann auf eine jahrhundertelange Geschichte zur\u00fcckblicken. Die erste Textilfabrik wurde 1830 in Puebla errichtet. Mit den steigenden Anforderungen in der Textilproduktion hat das Wachstum dieses Sektors kr\u00e4ftig zugelegt.<\/p>\n<p>Mit Exporten im Umfang von 7 Milliarden USD pro Jahr ist die Textil- und Bekleidungsindustrie eine der wichtigsten des Landes.<\/p>\n<p>Vor dem Hintergrund des Wachstums der <a href=\"https:\/\/tetakawi.com\/de\/hochspezialisierte-branchen-in-mexiko\/fertigung-fur-die-fahrzeugbranche-in-mexiko\/\">Automobilindustrie<\/a>, der <a href=\"https:\/\/tetakawi.com\/de\/hochspezialisierte-branchen-in-mexiko\/luft-und-raumfahrtfertigung-in-mexiko\/\">Luft- und Raumfahrtbranche<\/a> und der <a href=\"https:\/\/tetakawi.com\/de\/hochspezialisierte-branchen-in-mexiko\/medizingeratefertigung-in-mexiko\/\">Medizinproduktebranche<\/a> in Mexiko ist die Nachfrage an technischen Textilien, Industrietextilien und Spezialkleidung\/Arbeitskleidung gestiegen. Durch die Lohninflation in China und anderen L\u00e4ndern in Asien ist Mexiko in den vergangenen Jahren noch attraktiver f\u00fcr Hersteller f\u00fcr Kleidung geworden. Zus\u00e4tzlich sorgt die N\u00e4he zu M\u00e4rkten mit hoher Nachfrage (die Textilexporte von Mexiko in die USA belaufen sich auf \u00fcber mehr als 70 %) und die m\u00f6glichen schnellen Umschlagzeiten daf\u00fcr, dass Textil- und Bekleidungshersteller in Mexiko hochwertige Produkte kosteng\u00fcnstig fertigen k\u00f6nnen. Die Herstellung von Textilien gwinnt au\u00dferhalb von Europa (EU L\u00e4ndern) mehr an Gewicht und individuelle Stoffe, Design und Artikel werden auch in Deutschland mehr gefragt.<\/p>\n<p>Bei einem Wachstum von 5 bis 7 Prozent pro Jahr &#8211; das durchgehend auch bis 2022 erwartet wird &#8211; finden Textilhersteller in Mexiko die allerbesten Voraussetzungen.<\/p>\n<h4>\n\tFree Data Sheet\n\t<\/h4>\n<h3>\n\tKostenloses Datenblatt <br \/> Was Sie \u00fcber die Herstellung und Qualit\u00e4t der Produkte in Mexiko wissen m\u00fcssen  <br \/>\n\t<\/h3>\n\t<p>Denken Sie \u00fcber die Textilproduktion in Mexiko nach? Erfahren Sie mehr \u00fcber die mexikanische Textilindustrie und wie Shelter Service Sie unterst\u00fctzen k\u00f6nnen.<\/p>\n\n\t\t\t\t\t\t\t\t\t\t<img loading=\"lazy\" src=\"https:\/\/tetakawi.com\/wp-content\/uploads\/2020\/11\/Textile-Manufacturing-in-Mexico-Tetakawi.jpg\" alt=\"Textilfertigung in Mexiko - Tetakawi\" itemprop=\"image\" height=\"668\" width=\"1006\" title=\"Textilfertigung in Mexiko Tetakawi\" onerror=\"this.style.display='none'\"  sizes=\"(max-width: 768px) 100vw, 100vw\" srcset=\"data:image\/svg+xml;utf8,&lt;svg%20xmlns=&quot;http:\/\/www.w3.org\/2000\/svg&quot;%20viewBox=&quot;0%200%201006%20668&quot;%20height=&quot;668px&quot;%20width=&quot;1006px&quot;\/&gt;\" data-srcset=\"https:\/\/tetakawi.com\/wp-content\/uploads\/2020\/11\/Textile-Manufacturing-in-Mexico-Tetakawi.jpg 1006w, https:\/\/tetakawi.com\/wp-content\/uploads\/2020\/11\/Textile-Manufacturing-in-Mexico-Tetakawi-300x199.jpg 300w, https:\/\/tetakawi.com\/wp-content\/uploads\/2020\/11\/Textile-Manufacturing-in-Mexico-Tetakawi-768x510.jpg 768w, https:\/\/tetakawi.com\/wp-content\/uploads\/2020\/11\/Textile-Manufacturing-in-Mexico-Tetakawi-630x418.jpg 630w, https:\/\/tetakawi.com\/wp-content\/uploads\/2020\/11\/Textile-Manufacturing-in-Mexico-Tetakawi-420x279.jpg 420w, https:\/\/tetakawi.com\/wp-content\/uploads\/2020\/11\/Textile-Manufacturing-in-Mexico-Tetakawi-840x558.jpg 840w, https:\/\/tetakawi.com\/wp-content\/uploads\/2020\/11\/Textile-Manufacturing-in-Mexico-Tetakawi-315x209.jpg 315w\" \/>\t\t\t\t\t\t\t\n<h2>\n\tMexiko: Textil- und Bekleidungsindustrie in Zahlen\n\t<\/h2>\n<h4>\n\t639.000\n\t<\/h4>\n<h4>\n\tArbeitskr\u00e4fte sind in Mexiko in der Textilfertigung besch\u00e4ftigt. \n\t<\/h4>\n\t<p>2020 waren in Mexiko beachtliche 639.000 Arbeitskr\u00e4fte in der Textilproduktion besch\u00e4ftigt &#8211; sei es beim Baumwollanbau, der Fasergewinnung oder der Bekleidungsherstellung.<\/p>\n<h4>\n\t3 %\n\t<\/h4>\n<h4>\n\tdes mexikanischen Bruttoinlandsprodukts werden dem Textil- und Bekleidungssektor zugeschrieben.\n\t<\/h4>\n\t<p>Gem\u00e4\u00df der International Trade Administration (ITA) ist der Textil- und Bekleidungssektor f\u00fcr etwa 3 % des mexikanischen Bruttoinlandsprodukts verantwortlich.<\/p>\n<h4>\n\t7 Milliarden USD\n\t<\/h4>\n<h4>\n\tbei Textil- und Bekleidungsexporten.\n\t<\/h4>\n\t<p>Mexiko exportiert j\u00e4hrlich Textilien im Wert von 7 Milliarden USD in die ganze Welt. Der weitaus gr\u00f6\u00dfte Abnehmer der aus Mexiko exportierten Kleidung sind die USA mit einem Anteil von \u00fcber 70 %.<\/p>\n<h2>\n\tProblemlose Aufnahme der Textilfertigung mit Tetakawi\n\t<\/h2>\n\t<p>Ob Sie die Fertigung in Mexiko aufnehmen m\u00f6chten oder hier bereits einen Standort zum Herstellen von Fashion unterhalten &#8211; Tetakawi unterst\u00fctzt Ihr Unternehmen bei Gr\u00fcndung, Betrieb und Wachstum in der harten Textilfertigungsbranche des Landes. Mit \u00fcber 34 Jahren Erfahrung im Bereich Fertigung und wirtschaftliche Zusammenarbeit in Mexiko sind wir bestens aufgestellt, Textilhersteller bei der Aufnahme der Produktion in Mexiko zu unterst\u00fctzen. Unsere speziell auf die Anforderungen Ihres Unternehmens zugeschnittenen Serviceleistungen beruhen auf Strategie und Erfahrung. Wir sind der gr\u00f6\u00dfte Offshoring-Dienstleister in Mexiko und Sie k\u00f6nnen sich darauf verlassen, dass wir als zuverl\u00e4ssiger Partner stets f\u00fcr Sie in Deutschland an Ihrer Seite stehen. Wir unterst\u00fctzen Sie bei Folgenden Themen:<\/p>\n<ul>\n<li>Auswahl des passenden Standorts f\u00fcr Ihre Produktion und Ihren Textilfertigungsstandort<\/li>\n<li>Rechtlichen und organisatorischen Fragen sowie beim Aufbau von Supportstrukturen<\/li>\n<li>Anwerbung, Schulung und Bindung von Mitarbeitern<\/li>\n<li aria-level=\"1\">S\u00e4mtlichen administrativen Aufgaben, von Finanzen und Personal bis hin zu Zollangelegenheiten bei Textilien<\/li>\n<li>Reibungslosen Abl\u00e4ufen von der Gr\u00fcndung bis zum Normalbetrieb in der Produktion<\/li>\n<li>Und vielem mehr. Wir \u00fcbernehmen die administrativen Aufgaben f\u00fcr Sie, sodass sich Ihr Team auf den Wettbewerbsvorteil konzentrieren kann: kompetente Fertigung.<\/li>\n<\/ul>\n\t<a href=\"\/solutions\/support-services\/start-up\/\" target=\"_self\" role=\"button\" rel=\"noopener\">\n\t\t\t\t\tSie m\u00f6chten mehr erfahren? <b>Individuelles Dienstleistungsangebot erhalten<\/b>\n\t<\/a>\n<h2>\n\tNehmen Sie Ihre Produktion von Textilien dank der umfassenden Unterst\u00fctzung durch Tetakawi problemlos in Mexiko auf.<\/h2>\n\t\n\t<p>Gr\u00fcnden oder erweitern Sie mit unseren kundenspezifischen Dienstleistungen in Mexiko Textilindustrie-Standorte. Von umfassender Beratung bis hin zu schl\u00fcsselfertigen Fertigungsanlagen &#8211; wir unterst\u00fctzen Sie bei jeder Phase der Betriebsaufnahme. Als externer Partner helfen wir Ihnen bei der Herstellung von Kleidung in hoher Qualit\u00e4t und unserere erfolgreichen Kunden sind unser Beispiel f\u00fcr Erfolg.<\/p>\n\t\t\tOffshoring-Services\n\t\tKonzentrieren Sie sich auf Ihr Kerngesch\u00e4ft, wir k\u00fcmmern uns um den Rest. Unsere Offshoring-Services sind eine einfache, kosteng\u00fcnstige und risikoarme M\u00f6glichkeit zur Er\u00f6ffnung eines eigenen Textilfertigungsstandorts in Mexiko.\n<a href=\"https:\/\/tetakawi.com\/de\/losung-finden\/supportleistungen\/offshoring-services-von-tetakawi\/\">Mehr erfahren &#8230;<\/a>\n\t\t\tPerfekte Kommunikation\n\t\tMit dem optimalen Expertenteam, das die termin- und budgetgerechte Umsetzung Ihrer Markteintrittsstrategie gew\u00e4hrleistet, gelingt der erfolgreiche Start. \n<a href=\"https:\/\/tetakawi.com\/de\/losung-finden\/fertigungscommunitys\/perfekte-kommunikation\/\">Mehr erfahren &#8230;<\/a>\n\t\t\tFertigungscommunitys\n\t\tSchl\u00fcsselfertige Produktionsanlagen mit Gewerbefl\u00e4chen der Klasse A, Vor-Ort-Support und Offshoring-Dienstleistungen sorgen f\u00fcr eine problemlose Textilfertigung.\n<a href=\"https:\/\/tetakawi.com\/de\/finden-sie-den-passenden-standort\/fertigung-in-saltillo-coahuila\/manufacturing-communities\/\">Mehr erfahren &#8230;<\/a>\n\t\t\tBeratungsleistungen\n\t\tVon der Standortwahl bis hin zu kundenspezifischen Analysen und Kostensch\u00e4tzungen &#8211; wir treffen fundierte, strategische und umsetzbare Entscheidungen.\n<a href=\"https:\/\/tetakawi.com\/de\/losung-finden\/beratungsleistungen\/\">Mehr erfahren &#8230;<\/a>\n<h2>\n\tH\u00e4ufig gestellte Fragen zur Textilfertigung in Mexiko\n\t<\/h2>\n\tWelche wichtigen Wachstumschancen bieten sich f\u00fcr Unternehmen, die Textilien in Mexiko fertigen m\u00f6chten?\n<p>Es bestehen einige wichtige Wachstumschancen f\u00fcr Hersteller von Textil- und Bekleidungsprodukten, insbesondere bei der Fasergewinnung. Einige hervorragende Aussichten in den mexikanischen Textilbranche bieten sich in der Herstellung von:<\/p>\n<ul>\n<li>Viskose-Synthetikfasern und andere Kunstfasern<\/li>\n<li>Textilien mit Strukturfarben (aus Polyesther)<\/li>\n<li>Taft mit nicht durchg\u00e4ngiger F\u00e4rbung aus Polyestherfasern<\/li>\n<li>M\u00f6belbezugstoffe und \u00e4hnliche Textilien<\/li>\n<li>Industrietextilien f\u00fcr die <a href=\"https:\/\/tetakawi.com\/de\/hochspezialisierte-branchen-in-mexiko\/fertigung-fur-die-fahrzeugbranche-in-mexiko\/\">Automobilindustrie<\/a> sowie die <a href=\"https:\/\/tetakawi.com\/de\/hochspezialisierte-branchen-in-mexiko\/luft-und-raumfahrtfertigung-in-mexiko\/\">Luft- und Raumfahrtbranche<\/a><\/li>\n<li aria-level=\"1\">Seide, Baumwolle und Feinwolle<\/li>\n<\/ul>\n<p>&nbsp;<\/p>\nWelche Auswirkungen hat das <a href=\"https:\/\/insights.tetakawi.com\/de\/understanding-the-north-american-free-trade-agreement-nafta\">Freihandelsabkommen zwischen den USA, Mexiko und Kanada<\/a> auf die Texilfertigungsbranche?\n<p>Das Abkommen hat der mexikanischen Textil- und Bekleidungsbranche nur Vorteile gebracht. Gem\u00e4\u00df den Herkunftsbestimmungen der Vereinbarung gilt, dass Bekleidungsst\u00fccke keinen Einschr\u00e4nkungen unterliegen, sofern alle Bestandteile innerhalb der Freihandelszone gefertigt wurden. Dazu geh\u00f6rt das Spinnen von Garn oder Faden, das Weben oder Stricken von Textilien und die Endfertigung. Aufgrund dieser Voraussetzungen ist Mexiko zu einer \u00e4u\u00dferst attraktiven Option geworden &#8211; Mexiko liegt in der N\u00e4he von wichtigen Abnehmerl\u00e4ndern, <a href=\"https:\/\/insights.tetakawi.com\/shelter-services-in-mexico\">bietet mit Offshoring-Dienstleistungen einen einfachen Marktzugang<\/a> und \u00fcberzeugt durch niedrige Gesamtkosten.<\/p>\n<p>&nbsp;<\/p>\nSie m\u00f6chten wissen, wo sich in Mexiko Textil- und Bekleidungsindustrie ansiedeln sollte?\n<p>Gem\u00e4\u00df Mexican National Institute of Statistics and Geography (INEGI) konzentriert sich die Textilindustrie mit 63 % des Gesamtanteils in Mexiko auf die zentralen oder nord\u00f6stlichen Landesteile, mit Schwerpunkten in Puebla, Mexico-Stadt und den Bundesstaaten Mexikos Hidalgo, Tlaxcala, Jalisco, Queretaro, Coahuila, Sonora, Guanajuato, Nuevo Leon und San Luis Potosi.<\/p>\n<h2>\n\tAktuelle News aus der Textilfertigungsbranche\n\t<\/h2>\n\t\t\t\t\t\t\t\t\t\t<img loading=\"lazy\" src=\"https:\/\/tetakawi.com\/wp-content\/uploads\/2020\/11\/Innovations-In-Textile-Clothing-And-Apparel-Manufacturing-In-Mexico.jpg\" alt=\"Innovationen in der mexikanischen Textil- und Bekleidungsindustrie\" itemprop=\"image\" height=\"300\" width=\"500\" title=\"Innovationen in der mexikanischen Textil- und Bekleidungsindustrie\" onerror=\"this.style.display='none'\"  sizes=\"(max-width: 768px) 100vw, 100vw\" srcset=\"data:image\/svg+xml;utf8,&lt;svg%20xmlns=&quot;http:\/\/www.w3.org\/2000\/svg&quot;%20viewBox=&quot;0%200%20500%20300&quot;%20height=&quot;300px&quot;%20width=&quot;500px&quot;\/&gt;\" data-srcset=\"https:\/\/tetakawi.com\/wp-content\/uploads\/2020\/11\/Innovations-In-Textile-Clothing-And-Apparel-Manufacturing-In-Mexico.jpg 500w, https:\/\/tetakawi.com\/wp-content\/uploads\/2020\/11\/Innovations-In-Textile-Clothing-And-Apparel-Manufacturing-In-Mexico-300x180.jpg 300w, https:\/\/tetakawi.com\/wp-content\/uploads\/2020\/11\/Innovations-In-Textile-Clothing-And-Apparel-Manufacturing-In-Mexico-420x252.jpg 420w, https:\/\/tetakawi.com\/wp-content\/uploads\/2020\/11\/Innovations-In-Textile-Clothing-And-Apparel-Manufacturing-In-Mexico-315x189.jpg 315w\" \/>\t\t\t\t\t\t\t\n<h4>\n\tInnovationen in der mexikanischen Textil- und Bekleidungsindustrie\n\t<\/h4>\n\t<p>Die Textilfertigungsbranche in Mexiko kann auf eine lange Tradition zur\u00fcckblicken und neue Innovationen sowie attraktive Nearshoring-M\u00f6glichkeiten bringen die Branche voran.<\/p>\n\t<a href=\"https:\/\/insights.tetakawi.com\/textile-clothing-and-apparel-manufacturing-in-mexico\" target=\"_self\" role=\"button\" rel=\"noopener\">\n\t\t\t\t\tWeiterlesen\n\t<\/a>\n\t\t\t\t\t\t\t\t\t\t<img loading=\"lazy\" src=\"https:\/\/tetakawi.com\/wp-content\/uploads\/2020\/10\/The-Advantages-of-Manufacturing-in-Mexico.jpg\" alt=\"Vorteile der Fertigung in Mexiko\" itemprop=\"image\" height=\"300\" width=\"500\" title=\"Vorteile der Fertigung in Mexiko\" onerror=\"this.style.display='none'\"  sizes=\"(max-width: 768px) 100vw, 100vw\" srcset=\"data:image\/svg+xml;utf8,&lt;svg%20xmlns=&quot;http:\/\/www.w3.org\/2000\/svg&quot;%20viewBox=&quot;0%200%20500%20300&quot;%20height=&quot;300px&quot;%20width=&quot;500px&quot;\/&gt;\" data-srcset=\"https:\/\/tetakawi.com\/wp-content\/uploads\/2020\/10\/The-Advantages-of-Manufacturing-in-Mexico.jpg 500w, https:\/\/tetakawi.com\/wp-content\/uploads\/2020\/10\/The-Advantages-of-Manufacturing-in-Mexico-300x180.jpg 300w, https:\/\/tetakawi.com\/wp-content\/uploads\/2020\/10\/The-Advantages-of-Manufacturing-in-Mexico-420x252.jpg 420w, https:\/\/tetakawi.com\/wp-content\/uploads\/2020\/10\/The-Advantages-of-Manufacturing-in-Mexico-315x189.jpg 315w\" \/>\t\t\t\t\t\t\t\n<h4>\n\tVorteile der Textilfertigung in Mexiko\n\t<\/h4>\n\t<p>Textilhersteller, die die Fertigung in Mexiko aufnehmen oder ihre dortigen Kapazit\u00e4ten ausbauen m\u00f6chten, profitieren von vielen Vorteilen. Diese reichen von Kosteneinsparungen bis hin zum einfachen Marktzugang.<\/p>\n\t<a href=\"https:\/\/insights.tetakawi.com\/advantages-manufacturing-mexico\" target=\"_self\" role=\"button\" rel=\"noopener\">\n\t\t\t\t\tWeiterlesen\n\t<\/a>\n\t\t\t\t\t\t\t\t\t\t<img loading=\"lazy\" src=\"https:\/\/tetakawi.com\/wp-content\/uploads\/2020\/10\/Shelter-Services-in-Mexico-Everything-You-Need-To-Know.jpg\" alt=\"Offshoring-Services in Mexiko: Was Sie wissen m\u00fcssen\" itemprop=\"image\" height=\"300\" width=\"500\" title=\"Was Sie \u00fcber Offshoring-Services in Mexiko wissen m\u00fcssen\" onerror=\"this.style.display='none'\"  sizes=\"(max-width: 768px) 100vw, 100vw\" srcset=\"data:image\/svg+xml;utf8,&lt;svg%20xmlns=&quot;http:\/\/www.w3.org\/2000\/svg&quot;%20viewBox=&quot;0%200%20500%20300&quot;%20height=&quot;300px&quot;%20width=&quot;500px&quot;\/&gt;\" data-srcset=\"https:\/\/tetakawi.com\/wp-content\/uploads\/2020\/10\/Shelter-Services-in-Mexico-Everything-You-Need-To-Know.jpg 500w, https:\/\/tetakawi.com\/wp-content\/uploads\/2020\/10\/Shelter-Services-in-Mexico-Everything-You-Need-To-Know-300x180.jpg 300w, https:\/\/tetakawi.com\/wp-content\/uploads\/2020\/10\/Shelter-Services-in-Mexico-Everything-You-Need-To-Know-420x252.jpg 420w, https:\/\/tetakawi.com\/wp-content\/uploads\/2020\/10\/Shelter-Services-in-Mexico-Everything-You-Need-To-Know-315x189.jpg 315w\" \/>\t\t\t\t\t\t\t\n<h4>\n\tOffshoring-Services in Mexiko: Was Sie wissen m\u00fcssen\n\t<\/h4>\n\t<p>Sie erw\u00e4gen die Gr\u00fcndung eines Textilfertigungsstandorts in Mexiko? Informieren Sie sich \u00fcber die Vorteile, die Offshoring-Services mit sich bringen.<\/p>\n\t<a href=\"https:\/\/insights.tetakawi.com\/shelter-services-in-mexico\" target=\"_self\" role=\"button\" rel=\"noopener\">\n\t\t\t\t\tWeiterlesen\n\t<\/a>\n<h2>\n\t<b>Beginnen Sie jetzt mit der Entwicklung Ihrer Strategie f\u00fcr Mexiko.<\/b>\n\t<\/h2>\n\t<p>Sprechen Sie mit einem Experten von Tetakawi und erfahren Sie, wie Ihr Unternehmen in Mexiko erfolgreich sein kann.<\/p>\n\t<a href=\"\/contact\" target=\"_self\" role=\"button\" rel=\"noopener\">\n\t\t\t\t\t<b>Wenden Sie sich an uns.<\/b><b>\n\t<\/b><\/a>\n\n<\/div><!-- .vgblk-rw-wrapper -->","protected":false},"excerpt":{"rendered":"<p>Textilproduktion | Textilfertigung in Mexiko Die Textilindustrie in Mexiko, nimmt durch Innovation, steigende Nachfrage und das Freihandelsabkommen zwischen den USA, Mexiko und Kanada an Fahrt auf. Textilproduktion in Mexiko auf Erfolgskurs Die Textilproduktion in Mexiko kann auf eine jahrhundertelange Geschichte zur\u00fcckblicken. Die erste Textilfabrik wurde 1830 in Puebla errichtet. Mit den steigenden Anforderungen in der&#8230;<\/p>\n","protected":false},"author":8,"featured_media":0,"parent":22201,"menu_order":0,"comment_status":"closed","ping_status":"closed","template":"","meta":{"content-type":"","_monsterinsights_skip_tracking":false,"_monsterinsights_sitenote_active":false,"_monsterinsights_sitenote_note":"","_monsterinsights_sitenote_category":0},"yoast_head":"<!-- This site is optimized with the Yoast SEO Premium plugin v20.6 (Yoast SEO v20.6) - https:\/\/yoast.com\/wordpress\/plugins\/seo\/ -->\n<title>Textilproduktion | Textilfertigung in Mexiko | Tetakawi<\/title>\n<meta name=\"description\" content=\"Die Textilindustrie in Mexiko, nimmt durch Innovation, steigende Nachfrage und das Freihandelsabkommen zwischen den USA, Mexiko und Kanada an Fahrt auf.\" \/>\n<meta name=\"robots\" content=\"index, follow, max-snippet:-1, max-image-preview:large, max-video-preview:-1\" \/>\n<link rel=\"canonical\" href=\"https:\/\/tetakawi.com\/de\/hochspezialisierte-branchen-in-mexiko\/textilfertigung-in-mexiko\/\" \/>\n<meta property=\"og:locale\" content=\"de_DE\" \/>\n<meta property=\"og:type\" content=\"article\" \/>\n<meta property=\"og:title\" content=\"Textilfertigung in Mexiko\" \/>\n<meta property=\"og:description\" content=\"Die Textilindustrie in Mexiko, nimmt durch Innovation, steigende Nachfrage und das Freihandelsabkommen zwischen den USA, Mexiko und Kanada an Fahrt auf.\" \/>\n<meta property=\"og:url\" content=\"https:\/\/tetakawi.com\/de\/hochspezialisierte-branchen-in-mexiko\/textilfertigung-in-mexiko\/\" \/>\n<meta property=\"og:site_name\" content=\"Tetakawi\" \/>\n<meta property=\"article:modified_time\" content=\"2023-05-16T20:03:29+00:00\" \/>\n<meta property=\"og:image\" content=\"https:\/\/tetakawi.com\/wp-content\/uploads\/2020\/11\/Textile-Manufacturing-in-Mexico-Tetakawi.jpg\" \/>\n<meta name=\"twitter:card\" content=\"summary_large_image\" \/>\n<meta name=\"twitter:label1\" content=\"Gesch\u00e4tzte Lesezeit\" \/>\n\t<meta name=\"twitter:data1\" content=\"6\u00a0Minuten\" \/>\n<script type=\"application\/ld+json\" class=\"yoast-schema-graph\">{\"@context\":\"https:\/\/schema.org\",\"@graph\":[{\"@type\":\"WebPage\",\"@id\":\"https:\/\/tetakawi.com\/de\/hochspezialisierte-branchen-in-mexiko\/textilfertigung-in-mexiko\/\",\"url\":\"https:\/\/tetakawi.com\/de\/hochspezialisierte-branchen-in-mexiko\/textilfertigung-in-mexiko\/\",\"name\":\"Textilproduktion | Textilfertigung in Mexiko | Tetakawi\",\"isPartOf\":{\"@id\":\"https:\/\/tetakawi.com\/#website\"},\"datePublished\":\"2020-12-22T17:47:58+00:00\",\"dateModified\":\"2023-05-16T20:03:29+00:00\",\"description\":\"Die Textilindustrie in Mexiko, nimmt durch Innovation, steigende Nachfrage und das Freihandelsabkommen zwischen den USA, Mexiko und Kanada an Fahrt auf.\",\"breadcrumb\":{\"@id\":\"https:\/\/tetakawi.com\/de\/hochspezialisierte-branchen-in-mexiko\/textilfertigung-in-mexiko\/#breadcrumb\"},\"inLanguage\":\"de\",\"potentialAction\":[{\"@type\":\"ReadAction\",\"target\":[\"https:\/\/tetakawi.com\/de\/hochspezialisierte-branchen-in-mexiko\/textilfertigung-in-mexiko\/\"]}]},{\"@type\":\"BreadcrumbList\",\"@id\":\"https:\/\/tetakawi.com\/de\/hochspezialisierte-branchen-in-mexiko\/textilfertigung-in-mexiko\/#breadcrumb\",\"itemListElement\":[{\"@type\":\"ListItem\",\"position\":1,\"name\":\"Home\",\"item\":\"https:\/\/tetakawi.com\/de\/\"},{\"@type\":\"ListItem\",\"position\":2,\"name\":\"Hochspezialisierte Branchen in Mexiko\",\"item\":\"https:\/\/tetakawi.com\/de\/hochspezialisierte-branchen-in-mexiko\/\"},{\"@type\":\"ListItem\",\"position\":3,\"name\":\"Textilfertigung in Mexiko\"}]},{\"@type\":\"WebSite\",\"@id\":\"https:\/\/tetakawi.com\/#website\",\"url\":\"https:\/\/tetakawi.com\/\",\"name\":\"Tetakawi\",\"description\":\"\",\"publisher\":{\"@id\":\"https:\/\/tetakawi.com\/#organization\"},\"potentialAction\":[{\"@type\":\"SearchAction\",\"target\":{\"@type\":\"EntryPoint\",\"urlTemplate\":\"https:\/\/tetakawi.com\/?s={search_term_string}\"},\"query-input\":\"required name=search_term_string\"}],\"inLanguage\":\"de\"}]}<\/script>\n<!-- \/ Yoast SEO Premium plugin. -->","yoast_head_json":{"title":"Textilproduktion | Textilfertigung in Mexiko | Tetakawi","description":"Die Textilindustrie in Mexiko, nimmt durch Innovation, steigende Nachfrage und das Freihandelsabkommen zwischen den USA, Mexiko und Kanada an Fahrt auf.","robots":{"index":"index","follow":"follow","max-snippet":"max-snippet:-1","max-image-preview":"max-image-preview:large","max-video-preview":"max-video-preview:-1"},"canonical":"https:\/\/tetakawi.com\/de\/hochspezialisierte-branchen-in-mexiko\/textilfertigung-in-mexiko\/","og_locale":"de_DE","og_type":"article","og_title":"Textilfertigung in Mexiko","og_description":"Die Textilindustrie in Mexiko, nimmt durch Innovation, steigende Nachfrage und das Freihandelsabkommen zwischen den USA, Mexiko und Kanada an Fahrt auf.","og_url":"https:\/\/tetakawi.com\/de\/hochspezialisierte-branchen-in-mexiko\/textilfertigung-in-mexiko\/","og_site_name":"Tetakawi","article_modified_time":"2023-05-16T20:03:29+00:00","og_image":[{"url":"https:\/\/tetakawi.com\/wp-content\/uploads\/2020\/11\/Textile-Manufacturing-in-Mexico-Tetakawi.jpg"}],"twitter_card":"summary_large_image","twitter_misc":{"Gesch\u00e4tzte Lesezeit":"6\u00a0Minuten"},"schema":{"@context":"https:\/\/schema.org","@graph":[{"@type":"WebPage","@id":"https:\/\/tetakawi.com\/de\/hochspezialisierte-branchen-in-mexiko\/textilfertigung-in-mexiko\/","url":"https:\/\/tetakawi.com\/de\/hochspezialisierte-branchen-in-mexiko\/textilfertigung-in-mexiko\/","name":"Textilproduktion | Textilfertigung in Mexiko | Tetakawi","isPartOf":{"@id":"https:\/\/tetakawi.com\/#website"},"datePublished":"2020-12-22T17:47:58+00:00","dateModified":"2023-05-16T20:03:29+00:00","description":"Die Textilindustrie in Mexiko, nimmt durch Innovation, steigende Nachfrage und das Freihandelsabkommen zwischen den USA, Mexiko und Kanada an Fahrt auf.","breadcrumb":{"@id":"https:\/\/tetakawi.com\/de\/hochspezialisierte-branchen-in-mexiko\/textilfertigung-in-mexiko\/#breadcrumb"},"inLanguage":"de","potentialAction":[{"@type":"ReadAction","target":["https:\/\/tetakawi.com\/de\/hochspezialisierte-branchen-in-mexiko\/textilfertigung-in-mexiko\/"]}]},{"@type":"BreadcrumbList","@id":"https:\/\/tetakawi.com\/de\/hochspezialisierte-branchen-in-mexiko\/textilfertigung-in-mexiko\/#breadcrumb","itemListElement":[{"@type":"ListItem","position":1,"name":"Home","item":"https:\/\/tetakawi.com\/de\/"},{"@type":"ListItem","position":2,"name":"Hochspezialisierte Branchen in Mexiko","item":"https:\/\/tetakawi.com\/de\/hochspezialisierte-branchen-in-mexiko\/"},{"@type":"ListItem","position":3,"name":"Textilfertigung in Mexiko"}]},{"@type":"WebSite","@id":"https:\/\/tetakawi.com\/#website","url":"https:\/\/tetakawi.com\/","name":"Tetakawi","description":"","publisher":{"@id":"https:\/\/tetakawi.com\/#organization"},"potentialAction":[{"@type":"SearchAction","target":{"@type":"EntryPoint","urlTemplate":"https:\/\/tetakawi.com\/?s={search_term_string}"},"query-input":"required name=search_term_string"}],"inLanguage":"de"}]}},"_links":{"self":[{"href":"https:\/\/tetakawi.com\/de\/wp-json\/wp\/v2\/pages\/27017"}],"collection":[{"href":"https:\/\/tetakawi.com\/de\/wp-json\/wp\/v2\/pages"}],"about":[{"href":"https:\/\/tetakawi.com\/de\/wp-json\/wp\/v2\/types\/page"}],"author":[{"embeddable":true,"href":"https:\/\/tetakawi.com\/de\/wp-json\/wp\/v2\/users\/8"}],"replies":[{"embeddable":true,"href":"https:\/\/tetakawi.com\/de\/wp-json\/wp\/v2\/comments?post=27017"}],"version-history":[{"count":5,"href":"https:\/\/tetakawi.com\/de\/wp-json\/wp\/v2\/pages\/27017\/revisions"}],"predecessor-version":[{"id":28456,"href":"https:\/\/tetakawi.com\/de\/wp-json\/wp\/v2\/pages\/27017\/revisions\/28456"}],"up":[{"embeddable":true,"href":"https:\/\/tetakawi.com\/de\/wp-json\/wp\/v2\/pages\/22201"}],"wp:attachment":[{"href":"https:\/\/tetakawi.com\/de\/wp-json\/wp\/v2\/media?parent=27017"}],"curies":[{"name":"wp","href":"https:\/\/api.w.org\/{rel}","templated":true}]}}