{"id":23875,"date":"2019-07-11T15:58:11","date_gmt":"2019-07-11T15:58:11","guid":{"rendered":"https:\/\/tetakawi.com\/rufen-sie-ihr-volles-potenzial-in-mexiko-ab\/"},"modified":"2022-02-09T22:07:57","modified_gmt":"2022-02-09T22:07:57","slug":"rufen-sie-ihr-volles-potenzial-in-mexiko-ab","status":"publish","type":"page","link":"https:\/\/tetakawi.com\/de\/","title":{"rendered":"Rufen Sie Ihr volles Potenzial in Mexiko ab"},"content":{"rendered":"<div class=\"vgblk-rw-wrapper limit-wrapper\">\n<h1>\n\tRufen Sie Ihr volles Potenzial in Mexiko ab\n\t<\/h1>\n\t<style>.page-header-line {\n    display: block;\n    width: 60px;\n    height: 1px;\n    background: var(--vamtam-accent-color-4);\n    margin-top: 5px;\n    margin-bottom: 5px;\n    opacity: .7;\n}<\/style>\n\t<p>Ganz gleich, ob Sie erst \u00fcber den Beginn der Fertigung in Mexiko nachdenken oder bereits in Mexiko t\u00e4tig sind: Nur Tetakawi<br \/> bietet Ihnen s\u00e4mtliche Ressourcen f\u00fcr Gr\u00fcndung, Betrieb und Wachstum.<\/p>\n<h3>\n\t<b>Beratungsleistungen<\/b>\n\t<\/h3>\n\t<strong>Arbeiten Sie direkt mit Spezialisten von Tetakawi zusammen,<\/strong> <strong>die mit Ihrem Unternehmen, Ihren Herausforderungen und Ihren Zielen vertraut sind. <\/strong>\n<h5>\n\tVorgestellte Serviceleistungen  <br \/>\n\t<\/h5>\n\t<ul>\n<li>Kostensch\u00e4tzung<\/li>\n<li>Standortwahl<\/li>\n<li>Zollanalyse<\/li>\n<li>Inhouseseminar<\/li>\n<li>Individuelle Beratungsleistungen<\/li>\n<\/ul>\n\t<a href=\"\/de\/losung-finden\/beratungsleistungen\/\" target=\"_self\" role=\"button\" rel=\"noopener\">\n\t\t\t\t\tMehr erfahren\n\t<\/a>\n<h3>\n\t<b>Fertigungscommunitys<\/b>\n\t<\/h3>\n\t<strong>Entscheiden Sie sich f\u00fcr die schnellste und kosteng\u00fcnstigste M\u00f6glichkeit zur Er\u00f6ffnung eines eigenen Fertigungsstandorts in Mexiko.<\/strong> \n<h5>\n\tVorteile der Fertigungscommunitys von Tetakawi\n\t<\/h5>\n\t<ul>\n<li>\nEr\u00f6ffnung eines eigenen Standorts in nur 30 Tagen\n<\/li>\n<li>\nSenkung der direkten Lohnkosten um bis zu 70 %\n<\/li>\n<li>\nSteigerung von Produktivit\u00e4t und Effizienz um 20 %\n<\/li>\n<li>Betrieb in einer erweiterbaren Infrastruktur der Klasse A<\/li>\n<li>100%ige Kontrolle \u00fcber Fertigungsprozesse<\/li>\n<\/ul>\n\t<a href=\"\/de\/losung-finden\/fertigungscommunitys\/\" target=\"_self\" role=\"button\" rel=\"noopener\">\n\t\t\t\t\tMehr erfahren\n\t<\/a>\n<h3>\n\t<b>Support-Services<\/b>\n\t<\/h3>\n\t<strong>Expandieren Sie problemlos nach Mexiko oder verbessern Sie die Wettbewerbsf\u00e4higkeit eines vorhandenen Standorts.<\/strong> \n<h5>\n\tVorgestellte Serviceleistungen \n\t<\/h5>\n\t<ul>\n<li>Betriebsgr\u00fcndung <\/li>\n<li>Offshoring<\/li>\n<li>Recruiting<\/li>\n<li>Lohnbuchhaltung<\/li>\n<li>\nImport- und Exportabwicklung\n<\/li>\n<\/ul>\n\t<a href=\"\/de\/losung-finden\/supportleistungen\/\" target=\"_self\" role=\"button\" rel=\"noopener\">\n\t\t\t\t\tMehr erfahren\n\t<\/a>\n<h2>\n\t<b>Die Vorteile von Tetakawi kennenlernen<\/b>\n\t<\/h2>\n\t<p>Im Laufe der zur\u00fcckliegenden 34 Jahre konnten Tausende von Unternehmen wie Ihres dank unserer erstklassigen Infrastruktur und unseres \u00fcberragenden Services und Know-hows ihr volles Potenzial in Mexiko abrufen.<\/p>\n\t<a href=\"\/de\/uber-uns\/unsere-geschichte\/\" target=\"_self\" role=\"button\" rel=\"noopener\">\n\t\t\t\t\tUnsere Geschichte\n\t<\/a>\n\t<h3>Wir besch\u00e4ftigen <\/h3>\n<h2>\u00fcber 24.000 Mitarbeiter<\/h2>\n<h3>in Mexiko\u00a0<\/h3>\n\t<h3>Wir verwalten <\/h3>\n<h2>\u00fcber 460.000 m\u00b2<\/h2>\n<h3>Industriefl\u00e4che<\/h3>\n\t<h3>Wir unterst\u00fctzen<\/h3>\n<h2>\u00fcber 75 Kunden<\/h2>\n<h3>jeder Gr\u00f6\u00dfe<\/h3>\n\n<h2>\n\t<b>Tetakawi verhilft Unternehmen jeder Gr\u00f6\u00dfe zum Erfolg<\/b>\n\t<\/h2>\n\t<p>KMUs und Fortune 500-Unternehmen\u00a0entscheiden sich f\u00fcr Tetakawi als vertrauensw\u00fcrdigen Partner, wenn es darum geht, die eigene Position weltweit auszubauen und das volle Potenzial abzurufen.<\/p>\n\t\t\t\t\t\t\t\t\t\t<img loading=\"lazy\" src=\"https:\/\/tetakawi.com\/wp-content\/uploads\/2019\/01\/unison-white-logo.png\" alt=\"Luft- und Raumfahrtunternehmen in Saltillo, Coahuila, Mexiko\" itemprop=\"image\" height=\"500\" width=\"500\" title=\"unison-white-logo\" onerror=\"this.style.display='none'\"  sizes=\"(max-width: 768px) 100vw, 100vw\" srcset=\"data:image\/svg+xml;utf8,&lt;svg%20xmlns=&quot;http:\/\/www.w3.org\/2000\/svg&quot;%20viewBox=&quot;0%200%20500%20500&quot;%20height=&quot;500px&quot;%20width=&quot;500px&quot;\/&gt;\" data-srcset=\"https:\/\/tetakawi.com\/wp-content\/uploads\/2019\/01\/unison-white-logo.png 500w, https:\/\/tetakawi.com\/wp-content\/uploads\/2019\/01\/unison-white-logo-150x150.png 150w, https:\/\/tetakawi.com\/wp-content\/uploads\/2019\/01\/unison-white-logo-300x300.png 300w, https:\/\/tetakawi.com\/wp-content\/uploads\/2019\/01\/unison-white-logo-420x420.png 420w, https:\/\/tetakawi.com\/wp-content\/uploads\/2019\/01\/unison-white-logo-315x315.png 315w\" \/>\t\t\t\t\t\t\t\n\t\t\t\t\t\t\t\t\t\t<img loading=\"lazy\" src=\"https:\/\/tetakawi.com\/wp-content\/uploads\/2019\/01\/aktube.png\" alt=\"Fertigungsunternehmen in Quer\u00e9taro, Mexiko\" itemprop=\"image\" height=\"500\" width=\"500\" title=\"aktube\" onerror=\"this.style.display='none'\"  sizes=\"(max-width: 768px) 100vw, 100vw\" srcset=\"data:image\/svg+xml;utf8,&lt;svg%20xmlns=&quot;http:\/\/www.w3.org\/2000\/svg&quot;%20viewBox=&quot;0%200%20500%20500&quot;%20height=&quot;500px&quot;%20width=&quot;500px&quot;\/&gt;\" data-srcset=\"https:\/\/tetakawi.com\/wp-content\/uploads\/2019\/01\/aktube.png 500w, https:\/\/tetakawi.com\/wp-content\/uploads\/2019\/01\/aktube-150x150.png 150w, https:\/\/tetakawi.com\/wp-content\/uploads\/2019\/01\/aktube-300x300.png 300w, https:\/\/tetakawi.com\/wp-content\/uploads\/2019\/01\/aktube-420x420.png 420w, https:\/\/tetakawi.com\/wp-content\/uploads\/2019\/01\/aktube-315x315.png 315w\" \/>\t\t\t\t\t\t\t\n\t\t\t\t\t\t\t\t\t\t<img loading=\"lazy\" src=\"https:\/\/tetakawi.com\/wp-content\/uploads\/2019\/01\/medtronic.png\" alt=\"Medizinger\u00e4tehersteller in Sonora, Mexiko\" itemprop=\"image\" height=\"500\" width=\"500\" title=\"medtronic\" onerror=\"this.style.display='none'\"  sizes=\"(max-width: 768px) 100vw, 100vw\" srcset=\"data:image\/svg+xml;utf8,&lt;svg%20xmlns=&quot;http:\/\/www.w3.org\/2000\/svg&quot;%20viewBox=&quot;0%200%20500%20500&quot;%20height=&quot;500px&quot;%20width=&quot;500px&quot;\/&gt;\" data-srcset=\"https:\/\/tetakawi.com\/wp-content\/uploads\/2019\/01\/medtronic.png 500w, https:\/\/tetakawi.com\/wp-content\/uploads\/2019\/01\/medtronic-150x150.png 150w, https:\/\/tetakawi.com\/wp-content\/uploads\/2019\/01\/medtronic-300x300.png 300w, https:\/\/tetakawi.com\/wp-content\/uploads\/2019\/01\/medtronic-420x420.png 420w, https:\/\/tetakawi.com\/wp-content\/uploads\/2019\/01\/medtronic-315x315.png 315w\" \/>\t\t\t\t\t\t\t\n\t\t\t\t\t\t\t\t\t\t<img loading=\"lazy\" src=\"https:\/\/tetakawi.com\/wp-content\/uploads\/2019\/01\/infiniteelectronics.png\" alt=\"Elektronikhersteller in Sonora, Mexiko\" itemprop=\"image\" height=\"500\" width=\"500\" title=\"infiniteelectronics\" onerror=\"this.style.display='none'\"  sizes=\"(max-width: 768px) 100vw, 100vw\" srcset=\"data:image\/svg+xml;utf8,&lt;svg%20xmlns=&quot;http:\/\/www.w3.org\/2000\/svg&quot;%20viewBox=&quot;0%200%20500%20500&quot;%20height=&quot;500px&quot;%20width=&quot;500px&quot;\/&gt;\" data-srcset=\"https:\/\/tetakawi.com\/wp-content\/uploads\/2019\/01\/infiniteelectronics.png 500w, https:\/\/tetakawi.com\/wp-content\/uploads\/2019\/01\/infiniteelectronics-150x150.png 150w, https:\/\/tetakawi.com\/wp-content\/uploads\/2019\/01\/infiniteelectronics-300x300.png 300w, https:\/\/tetakawi.com\/wp-content\/uploads\/2019\/01\/infiniteelectronics-420x420.png 420w, https:\/\/tetakawi.com\/wp-content\/uploads\/2019\/01\/infiniteelectronics-315x315.png 315w\" \/>\t\t\t\t\t\t\t\n\t\t\t\t\t\t\t\t\t\t<img loading=\"lazy\" src=\"https:\/\/tetakawi.com\/wp-content\/uploads\/2019\/01\/titanx.png\" alt=\"Fahrzeugbauer in Saltillo, Coahuila, Mexiko\" itemprop=\"image\" height=\"500\" width=\"500\" title=\"titanx\" onerror=\"this.style.display='none'\"  sizes=\"(max-width: 768px) 100vw, 100vw\" srcset=\"data:image\/svg+xml;utf8,&lt;svg%20xmlns=&quot;http:\/\/www.w3.org\/2000\/svg&quot;%20viewBox=&quot;0%200%20500%20500&quot;%20height=&quot;500px&quot;%20width=&quot;500px&quot;\/&gt;\" data-srcset=\"https:\/\/tetakawi.com\/wp-content\/uploads\/2019\/01\/titanx.png 500w, https:\/\/tetakawi.com\/wp-content\/uploads\/2019\/01\/titanx-150x150.png 150w, https:\/\/tetakawi.com\/wp-content\/uploads\/2019\/01\/titanx-300x300.png 300w, https:\/\/tetakawi.com\/wp-content\/uploads\/2019\/01\/titanx-420x420.png 420w, https:\/\/tetakawi.com\/wp-content\/uploads\/2019\/01\/titanx-315x315.png 315w\" \/>\t\t\t\t\t\t\t\n\t\t\t\t\t\t\t\t\t\t<img loading=\"lazy\" src=\"https:\/\/tetakawi.com\/wp-content\/uploads\/2019\/01\/baesystems.png\" alt=\"Luft- und Raumfahrtunternehmen in Sonora, Mexiko\" itemprop=\"image\" height=\"500\" width=\"500\" title=\"baesystems\" onerror=\"this.style.display='none'\"  sizes=\"(max-width: 768px) 100vw, 100vw\" srcset=\"data:image\/svg+xml;utf8,&lt;svg%20xmlns=&quot;http:\/\/www.w3.org\/2000\/svg&quot;%20viewBox=&quot;0%200%20500%20500&quot;%20height=&quot;500px&quot;%20width=&quot;500px&quot;\/&gt;\" data-srcset=\"https:\/\/tetakawi.com\/wp-content\/uploads\/2019\/01\/baesystems.png 500w, https:\/\/tetakawi.com\/wp-content\/uploads\/2019\/01\/baesystems-150x150.png 150w, https:\/\/tetakawi.com\/wp-content\/uploads\/2019\/01\/baesystems-300x300.png 300w, https:\/\/tetakawi.com\/wp-content\/uploads\/2019\/01\/baesystems-420x420.png 420w, https:\/\/tetakawi.com\/wp-content\/uploads\/2019\/01\/baesystems-315x315.png 315w\" \/>\t\t\t\t\t\t\t\n\t\t\t\t\t\t\t\t\t\t<img loading=\"lazy\" src=\"https:\/\/tetakawi.com\/wp-content\/uploads\/2019\/01\/senior.png\" alt=\"Luft- und Raumfahrtunternehmen in Saltillo, Mexiko\" itemprop=\"image\" height=\"500\" width=\"500\" title=\"senior\" onerror=\"this.style.display='none'\"  sizes=\"(max-width: 768px) 100vw, 100vw\" srcset=\"data:image\/svg+xml;utf8,&lt;svg%20xmlns=&quot;http:\/\/www.w3.org\/2000\/svg&quot;%20viewBox=&quot;0%200%20500%20500&quot;%20height=&quot;500px&quot;%20width=&quot;500px&quot;\/&gt;\" data-srcset=\"https:\/\/tetakawi.com\/wp-content\/uploads\/2019\/01\/senior.png 500w, https:\/\/tetakawi.com\/wp-content\/uploads\/2019\/01\/senior-150x150.png 150w, https:\/\/tetakawi.com\/wp-content\/uploads\/2019\/01\/senior-300x300.png 300w, https:\/\/tetakawi.com\/wp-content\/uploads\/2019\/01\/senior-420x420.png 420w, https:\/\/tetakawi.com\/wp-content\/uploads\/2019\/01\/senior-315x315.png 315w\" \/>\t\t\t\t\t\t\t\n\t\t\t\t\t\t\t\t\t\t<img loading=\"lazy\" src=\"https:\/\/tetakawi.com\/wp-content\/uploads\/2019\/01\/teconnectivity.png\" alt=\"Kabelbaumhersteller in Sonora, Mexiko\" itemprop=\"image\" height=\"500\" width=\"500\" title=\"teconnectivity\" onerror=\"this.style.display='none'\"  sizes=\"(max-width: 768px) 100vw, 100vw\" srcset=\"data:image\/svg+xml;utf8,&lt;svg%20xmlns=&quot;http:\/\/www.w3.org\/2000\/svg&quot;%20viewBox=&quot;0%200%20500%20500&quot;%20height=&quot;500px&quot;%20width=&quot;500px&quot;\/&gt;\" data-srcset=\"https:\/\/tetakawi.com\/wp-content\/uploads\/2019\/01\/teconnectivity.png 500w, https:\/\/tetakawi.com\/wp-content\/uploads\/2019\/01\/teconnectivity-150x150.png 150w, https:\/\/tetakawi.com\/wp-content\/uploads\/2019\/01\/teconnectivity-300x300.png 300w, https:\/\/tetakawi.com\/wp-content\/uploads\/2019\/01\/teconnectivity-420x420.png 420w, https:\/\/tetakawi.com\/wp-content\/uploads\/2019\/01\/teconnectivity-315x315.png 315w\" \/>\t\t\t\t\t\t\t\n\t<h2><strong>Beginnen Sie jetzt mit der Entwicklung Ihrer Strategie f\u00fcr Mexiko.<\/strong><\/h2>\n\tSprechen Sie mit einem Experten von Tetakawi und erfahren Sie, wie Ihr Unternehmen in Mexiko erfolgreich sein kann.\n\t<a href=\"\/de\/kontakt\/\" target=\"_self\" role=\"button\" rel=\"noopener\">\n\t\t\t\t\tKontakt\n\t<\/a>\n\n<\/div><!-- .vgblk-rw-wrapper -->","protected":false},"excerpt":{"rendered":"<p>Rufen Sie Ihr volles Potenzial in Mexiko ab Ganz gleich, ob Sie erst \u00fcber den Beginn der Fertigung in Mexiko nachdenken oder bereits in Mexiko t\u00e4tig sind: Nur Tetakawi bietet Ihnen s\u00e4mtliche Ressourcen f\u00fcr Gr\u00fcndung, Betrieb und Wachstum. Beratungsleistungen Arbeiten Sie direkt mit Spezialisten von Tetakawi zusammen, die mit Ihrem Unternehmen, Ihren Herausforderungen und Ihren&#8230;<\/p>\n","protected":false},"author":1,"featured_media":0,"parent":0,"menu_order":0,"comment_status":"closed","ping_status":"closed","template":"","meta":{"content-type":"","_monsterinsights_skip_tracking":false,"_monsterinsights_sitenote_active":false,"_monsterinsights_sitenote_note":"","_monsterinsights_sitenote_category":0},"yoast_head":"<!-- This site is optimized with the Yoast SEO Premium plugin v20.6 (Yoast SEO v20.6) - https:\/\/yoast.com\/wordpress\/plugins\/seo\/ -->\n<title>Tetakawi (fr\u00fcher The Offshore Group) \u2013 Experten f\u00fcr die Fertigung in Mexiko<\/title>\n<meta name=\"description\" content=\"Sie sind an der Fertigung in Mexiko interessiert? Tetakawi (fr\u00fcher The Offshore Group) bietet alles, was Sie f\u00fcr die Er\u00f6ffnung, den Betrieb und den Ausbau Ihres Betriebs in Mexiko ben\u00f6tigen.\" \/>\n<meta name=\"robots\" content=\"index, follow, max-snippet:-1, max-image-preview:large, max-video-preview:-1\" \/>\n<link rel=\"canonical\" href=\"https:\/\/tetakawi.com\/de\/\" \/>\n<meta property=\"og:locale\" content=\"de_DE\" \/>\n<meta property=\"og:type\" content=\"article\" \/>\n<meta property=\"og:title\" content=\"Rufen Sie Ihr volles Potenzial in Mexiko ab\" \/>\n<meta property=\"og:description\" content=\"Sie sind an der Fertigung in Mexiko interessiert? Tetakawi (fr\u00fcher The Offshore Group) bietet alles, was Sie f\u00fcr die Er\u00f6ffnung, den Betrieb und den Ausbau Ihres Betriebs in Mexiko ben\u00f6tigen.\" \/>\n<meta property=\"og:url\" content=\"https:\/\/tetakawi.com\/de\/\" \/>\n<meta property=\"og:site_name\" content=\"Tetakawi\" \/>\n<meta property=\"article:modified_time\" content=\"2022-02-09T22:07:57+00:00\" \/>\n<meta property=\"og:image\" content=\"https:\/\/tetakawi.com\/wp-content\/uploads\/2019\/01\/unison-white-logo.png\" \/>\n<meta name=\"twitter:card\" content=\"summary_large_image\" \/>\n<meta name=\"twitter:label1\" content=\"Gesch\u00e4tzte Lesezeit\" \/>\n\t<meta name=\"twitter:data1\" content=\"1\u00a0Minute\" \/>\n<script type=\"application\/ld+json\" class=\"yoast-schema-graph\">{\"@context\":\"https:\/\/schema.org\",\"@graph\":[{\"@type\":\"WebPage\",\"@id\":\"https:\/\/tetakawi.com\/de\/\",\"url\":\"https:\/\/tetakawi.com\/de\/\",\"name\":\"Tetakawi (fr\u00fcher The Offshore Group) \u2013 Experten f\u00fcr die Fertigung in Mexiko\",\"isPartOf\":{\"@id\":\"https:\/\/tetakawi.com\/#website\"},\"datePublished\":\"2019-07-11T15:58:11+00:00\",\"dateModified\":\"2022-02-09T22:07:57+00:00\",\"description\":\"Sie sind an der Fertigung in Mexiko interessiert? Tetakawi (fr\u00fcher The Offshore Group) bietet alles, was Sie f\u00fcr die Er\u00f6ffnung, den Betrieb und den Ausbau Ihres Betriebs in Mexiko ben\u00f6tigen.\",\"breadcrumb\":{\"@id\":\"https:\/\/tetakawi.com\/de\/#breadcrumb\"},\"inLanguage\":\"de\",\"potentialAction\":[{\"@type\":\"ReadAction\",\"target\":[\"https:\/\/tetakawi.com\/de\/\"]}]},{\"@type\":\"BreadcrumbList\",\"@id\":\"https:\/\/tetakawi.com\/de\/#breadcrumb\",\"itemListElement\":[{\"@type\":\"ListItem\",\"position\":1,\"name\":\"Home\",\"item\":\"https:\/\/tetakawi.com\/de\/\"},{\"@type\":\"ListItem\",\"position\":2,\"name\":\"Rufen Sie Ihr volles Potenzial in Mexiko ab\"}]},{\"@type\":\"WebSite\",\"@id\":\"https:\/\/tetakawi.com\/#website\",\"url\":\"https:\/\/tetakawi.com\/\",\"name\":\"Tetakawi\",\"description\":\"\",\"publisher\":{\"@id\":\"https:\/\/tetakawi.com\/#organization\"},\"potentialAction\":[{\"@type\":\"SearchAction\",\"target\":{\"@type\":\"EntryPoint\",\"urlTemplate\":\"https:\/\/tetakawi.com\/?s={search_term_string}\"},\"query-input\":\"required name=search_term_string\"}],\"inLanguage\":\"de\"}]}<\/script>\n<!-- \/ Yoast SEO Premium plugin. -->","yoast_head_json":{"title":"Tetakawi (fr\u00fcher The Offshore Group) \u2013 Experten f\u00fcr die Fertigung in Mexiko","description":"Sie sind an der Fertigung in Mexiko interessiert? Tetakawi (fr\u00fcher The Offshore Group) bietet alles, was Sie f\u00fcr die Er\u00f6ffnung, den Betrieb und den Ausbau Ihres Betriebs in Mexiko ben\u00f6tigen.","robots":{"index":"index","follow":"follow","max-snippet":"max-snippet:-1","max-image-preview":"max-image-preview:large","max-video-preview":"max-video-preview:-1"},"canonical":"https:\/\/tetakawi.com\/de\/","og_locale":"de_DE","og_type":"article","og_title":"Rufen Sie Ihr volles Potenzial in Mexiko ab","og_description":"Sie sind an der Fertigung in Mexiko interessiert? Tetakawi (fr\u00fcher The Offshore Group) bietet alles, was Sie f\u00fcr die Er\u00f6ffnung, den Betrieb und den Ausbau Ihres Betriebs in Mexiko ben\u00f6tigen.","og_url":"https:\/\/tetakawi.com\/de\/","og_site_name":"Tetakawi","article_modified_time":"2022-02-09T22:07:57+00:00","og_image":[{"url":"https:\/\/tetakawi.com\/wp-content\/uploads\/2019\/01\/unison-white-logo.png"}],"twitter_card":"summary_large_image","twitter_misc":{"Gesch\u00e4tzte Lesezeit":"1\u00a0Minute"},"schema":{"@context":"https:\/\/schema.org","@graph":[{"@type":"WebPage","@id":"https:\/\/tetakawi.com\/de\/","url":"https:\/\/tetakawi.com\/de\/","name":"Tetakawi (fr\u00fcher The Offshore Group) \u2013 Experten f\u00fcr die Fertigung in Mexiko","isPartOf":{"@id":"https:\/\/tetakawi.com\/#website"},"datePublished":"2019-07-11T15:58:11+00:00","dateModified":"2022-02-09T22:07:57+00:00","description":"Sie sind an der Fertigung in Mexiko interessiert? Tetakawi (fr\u00fcher The Offshore Group) bietet alles, was Sie f\u00fcr die Er\u00f6ffnung, den Betrieb und den Ausbau Ihres Betriebs in Mexiko ben\u00f6tigen.","breadcrumb":{"@id":"https:\/\/tetakawi.com\/de\/#breadcrumb"},"inLanguage":"de","potentialAction":[{"@type":"ReadAction","target":["https:\/\/tetakawi.com\/de\/"]}]},{"@type":"BreadcrumbList","@id":"https:\/\/tetakawi.com\/de\/#breadcrumb","itemListElement":[{"@type":"ListItem","position":1,"name":"Home","item":"https:\/\/tetakawi.com\/de\/"},{"@type":"ListItem","position":2,"name":"Rufen Sie Ihr volles Potenzial in Mexiko ab"}]},{"@type":"WebSite","@id":"https:\/\/tetakawi.com\/#website","url":"https:\/\/tetakawi.com\/","name":"Tetakawi","description":"","publisher":{"@id":"https:\/\/tetakawi.com\/#organization"},"potentialAction":[{"@type":"SearchAction","target":{"@type":"EntryPoint","urlTemplate":"https:\/\/tetakawi.com\/?s={search_term_string}"},"query-input":"required name=search_term_string"}],"inLanguage":"de"}]}},"_links":{"self":[{"href":"https:\/\/tetakawi.com\/de\/wp-json\/wp\/v2\/pages\/23875"}],"collection":[{"href":"https:\/\/tetakawi.com\/de\/wp-json\/wp\/v2\/pages"}],"about":[{"href":"https:\/\/tetakawi.com\/de\/wp-json\/wp\/v2\/types\/page"}],"author":[{"embeddable":true,"href":"https:\/\/tetakawi.com\/de\/wp-json\/wp\/v2\/users\/1"}],"replies":[{"embeddable":true,"href":"https:\/\/tetakawi.com\/de\/wp-json\/wp\/v2\/comments?post=23875"}],"version-history":[{"count":5,"href":"https:\/\/tetakawi.com\/de\/wp-json\/wp\/v2\/pages\/23875\/revisions"}],"predecessor-version":[{"id":27955,"href":"https:\/\/tetakawi.com\/de\/wp-json\/wp\/v2\/pages\/23875\/revisions\/27955"}],"wp:attachment":[{"href":"https:\/\/tetakawi.com\/de\/wp-json\/wp\/v2\/media?parent=23875"}],"curies":[{"name":"wp","href":"https:\/\/api.w.org\/{rel}","templated":true}]}}