{"id":23361,"date":"2019-07-10T17:10:48","date_gmt":"2019-07-10T17:10:48","guid":{"rendered":"https:\/\/tetakawi.com\/neuigkeiten-insights-und-best-practices-fur-die-fertigung-in-mexiko\/arbeitsmarktberichte\/"},"modified":"2019-08-10T03:53:41","modified_gmt":"2019-08-10T03:53:41","slug":"arbeitsmarktberichte","status":"publish","type":"page","link":"https:\/\/tetakawi.com\/de\/ressourcen\/arbeitsmarktberichte\/","title":{"rendered":"Arbeitsmarktberichte"},"content":{"rendered":"<div class=\"vgblk-rw-wrapper limit-wrapper\"><h3>\n\t<b>Arbeitsmarktbericht Saltillo<\/b> \n\t<\/h3>\n\t<p>Lernen Sie die Perspektive der Mitarbeiter kennen und erfahren Sie, wie Sie die besten Mitarbeiter in Saltillo anwerben und entlohnen.<\/p>\n\t<a href=\"https:\/\/go.tetakawi.com\/labor-market-report\/saltillo\/\/?lang=de\" target=\"_self\" role=\"button\" rel=\"noopener noreferrer\">\n\t\t\t\t\tFordern Sie den Bericht an\n\t<\/a>\n\t\t\t\t<img loading=\"lazy\" src=\"https:\/\/tetakawi.com\/wp-content\/uploads\/2019\/04\/saltillo-pipoint.jpg\" alt=\"saltillo-mexico-pipoint\" itemprop=\"image\" height=\"668\" width=\"1000\" title=\"saltillo-pipoint\" onerror=\"this.style.display='none'\"  \/>\n\t\t\t\t<img loading=\"lazy\" src=\"https:\/\/tetakawi.com\/wp-content\/uploads\/2019\/04\/queretaro-LM.jpg\" alt=\"queretaro-manufacturing\" itemprop=\"image\" height=\"667\" width=\"1000\" title=\"queretaro-LM\" onerror=\"this.style.display='none'\"  \/>\n<h3>\n\t<strong>Arbeitsmarktbericht Queretaro<\/strong>\n\t<\/h3>\n\t<p>Lernen Sie die Fertigung in Queretaro kennen und erfahren Sie, wie Sie die besten Mitarbeiter anwerben und entlohnen.<\/p>\n\t<a href=\"https:\/\/go.tetakawi.com\/labor-market-report\/queretaro\/\/?lang=de\" target=\"_self\" role=\"button\" rel=\"noopener noreferrer\">\n\t\t\t\t\tFordern Sie den Bericht an\n\t<\/a>\n<h3>\n\t<b>Arbeitsmarktbericht Hermosillo<\/b> \n\t<\/h3>\n\t<p>Lernen Sie die Perspektive der Mitarbeiter hinsichtlich der Fertigung in Hermosillo kennen und erfahren Sie, wie Sie die besten Mitarbeiter anwerben und entlohnen.<\/p>\n\t<a href=\"https:\/\/go.tetakawi.com\/labor-market-report\/hermosillo\/\/?lang=de\" target=\"_self\" role=\"button\" rel=\"noopener noreferrer\">\n\t\t\t\t\tFordern Sie den Bericht an\n\t<\/a>\n\t\t\t\t<img loading=\"lazy\" src=\"https:\/\/tetakawi.com\/wp-content\/uploads\/2019\/04\/hermosillo-pinpoint.jpg\" alt=\"hermosillo-mexico-pinpoint\" itemprop=\"image\" height=\"668\" width=\"1000\" title=\"hermosillo-pinpoint\" onerror=\"this.style.display='none'\"  \/>\n\t\t\t\t<img loading=\"lazy\" src=\"https:\/\/tetakawi.com\/wp-content\/uploads\/2019\/04\/tijuana.jpg\" alt=\"Fertigung im mexikanischen Tijuana\" itemprop=\"image\" height=\"667\" width=\"1000\" title=\"tijuana\" onerror=\"this.style.display='none'\"  \/>\n<h3>\n\t<b>Arbeitsmarktbericht Tijuana<\/b> \n\t<\/h3>\n\t<p>Informieren Sie sich aus Perspektive der Mitarbeiter \u00fcber die Fertigung in Tijuana und erfahren Sie, wie Sie die besten Mitarbeiter anwerben und entlohnen.<\/p>\n\t<a href=\"https:\/\/go.tetakawi.com\/labor-market-report\/tijuana\/\/?lang=de\" target=\"_self\" role=\"button\" rel=\"noopener noreferrer\">\n\t\t\t\t\tFordern Sie den Bericht an\n\t<\/a>\n<h3>\n\t<b>Arbeitsmarktbericht Monterrey<\/b> \n\t<\/h3>\n\t<p>Lesen Sie unseren detaillierten Bericht \u00fcber das Recruiting und das Lohnniveau ungelernter Arbeitskr\u00e4fte in der Region Monterrey.<\/p>\n\t<a href=\"https:\/\/go.tetakawi.com\/labor-market-report\/monterrey\/\/?lang=de\" target=\"_self\" role=\"button\" rel=\"noopener noreferrer\">\n\t\t\t\t\tFordern Sie den Bericht an\n\t<\/a>\n\t\t\t\t<img loading=\"lazy\" src=\"https:\/\/tetakawi.com\/wp-content\/uploads\/2019\/06\/labor-report-monterrey-tetakawi.jpg\" alt=\"Labor Report Monterrey - Tetakawi\" itemprop=\"image\" height=\"401\" width=\"600\" title=\"labor-report-monterrey-tetakawi\" onerror=\"this.style.display='none'\"  \/>\n\t\t<h3>Beginnen Sie jetzt mit der Entwicklung Ihrer Strategie f\u00fcr Mexiko.<\/h3>\n\t\t<p>Sprechen Sie mit einem Experten von Tetakawi und erfahren Sie, wie Ihr Unternehmen in Mexiko erfolgreich sein kann.<\/p>\n\t<a href=\"\/de\/kontakt\/\" target=\"_self\" role=\"button\" rel=\"noopener noreferrer\">\n\t\t\t\t\tKontakt\n\t<\/a>\n<style>\n\t\t<\/style>\n<\/div><!-- .vgblk-rw-wrapper -->","protected":false},"excerpt":{"rendered":"<p>Arbeitsmarktbericht Saltillo Lernen Sie die Perspektive der Mitarbeiter kennen und erfahren Sie, wie Sie die besten Mitarbeiter in Saltillo anwerben und entlohnen. Fordern Sie den Bericht an Arbeitsmarktbericht Queretaro Lernen Sie die Fertigung in Queretaro kennen und erfahren Sie, wie Sie die besten Mitarbeiter anwerben und entlohnen. Fordern Sie den Bericht an Arbeitsmarktbericht Hermosillo Lernen&#8230;<\/p>\n","protected":false},"author":2,"featured_media":0,"parent":22389,"menu_order":0,"comment_status":"closed","ping_status":"closed","template":"","meta":{"content-type":"","_monsterinsights_skip_tracking":false,"_monsterinsights_sitenote_active":false,"_monsterinsights_sitenote_note":"","_monsterinsights_sitenote_category":0},"yoast_head":"<!-- This site is optimized with the Yoast SEO Premium plugin v20.6 (Yoast SEO v20.6) - https:\/\/yoast.com\/wordpress\/plugins\/seo\/ -->\n<title>Tetakawi | Arbeitsmarktberichte f\u00fcr die Fertigung in Mexiko<\/title>\n<meta name=\"description\" content=\"Informieren Sie sich \u00fcber den mexikanischen Arbeitsmarkt im produzierenden Gewerbe aus Sicht der Mitarbeiter sowie \u00fcber Demografie, Vorteile, Recruiting und Bindung von Arbeitskr\u00e4ften im Land.\" \/>\n<meta name=\"robots\" content=\"index, follow, max-snippet:-1, max-image-preview:large, max-video-preview:-1\" \/>\n<link rel=\"canonical\" href=\"https:\/\/tetakawi.com\/de\/ressourcen\/arbeitsmarktberichte\/\" \/>\n<meta property=\"og:locale\" content=\"de_DE\" \/>\n<meta property=\"og:type\" content=\"article\" \/>\n<meta property=\"og:title\" content=\"Arbeitsmarktberichte\" \/>\n<meta property=\"og:description\" content=\"Informieren Sie sich \u00fcber den mexikanischen Arbeitsmarkt im produzierenden Gewerbe aus Sicht der Mitarbeiter sowie \u00fcber Demografie, Vorteile, Recruiting und Bindung von Arbeitskr\u00e4ften im Land.\" \/>\n<meta property=\"og:url\" content=\"https:\/\/tetakawi.com\/de\/ressourcen\/arbeitsmarktberichte\/\" \/>\n<meta property=\"og:site_name\" content=\"Tetakawi\" \/>\n<meta property=\"article:modified_time\" content=\"2019-08-10T03:53:41+00:00\" \/>\n<meta property=\"og:image\" content=\"https:\/\/tetakawi.com\/wp-content\/uploads\/2019\/04\/saltillo-pipoint.jpg\" \/>\n<meta name=\"twitter:card\" content=\"summary_large_image\" \/>\n<meta name=\"twitter:label1\" content=\"Gesch\u00e4tzte Lesezeit\" \/>\n\t<meta name=\"twitter:data1\" content=\"1\u00a0Minute\" \/>\n<script type=\"application\/ld+json\" class=\"yoast-schema-graph\">{\"@context\":\"https:\/\/schema.org\",\"@graph\":[{\"@type\":\"WebPage\",\"@id\":\"https:\/\/tetakawi.com\/de\/ressourcen\/arbeitsmarktberichte\/\",\"url\":\"https:\/\/tetakawi.com\/de\/ressourcen\/arbeitsmarktberichte\/\",\"name\":\"Tetakawi | Arbeitsmarktberichte f\u00fcr die Fertigung in Mexiko\",\"isPartOf\":{\"@id\":\"https:\/\/tetakawi.com\/#website\"},\"datePublished\":\"2019-07-10T17:10:48+00:00\",\"dateModified\":\"2019-08-10T03:53:41+00:00\",\"description\":\"Informieren Sie sich \u00fcber den mexikanischen Arbeitsmarkt im produzierenden Gewerbe aus Sicht der Mitarbeiter sowie \u00fcber Demografie, Vorteile, Recruiting und Bindung von Arbeitskr\u00e4ften im Land.\",\"breadcrumb\":{\"@id\":\"https:\/\/tetakawi.com\/de\/ressourcen\/arbeitsmarktberichte\/#breadcrumb\"},\"inLanguage\":\"de\",\"potentialAction\":[{\"@type\":\"ReadAction\",\"target\":[\"https:\/\/tetakawi.com\/de\/ressourcen\/arbeitsmarktberichte\/\"]}]},{\"@type\":\"BreadcrumbList\",\"@id\":\"https:\/\/tetakawi.com\/de\/ressourcen\/arbeitsmarktberichte\/#breadcrumb\",\"itemListElement\":[{\"@type\":\"ListItem\",\"position\":1,\"name\":\"Home\",\"item\":\"https:\/\/tetakawi.com\/de\/\"},{\"@type\":\"ListItem\",\"position\":2,\"name\":\"Ressourcen\",\"item\":\"https:\/\/tetakawi.com\/de\/ressourcen\/\"},{\"@type\":\"ListItem\",\"position\":3,\"name\":\"Arbeitsmarktberichte\"}]},{\"@type\":\"WebSite\",\"@id\":\"https:\/\/tetakawi.com\/#website\",\"url\":\"https:\/\/tetakawi.com\/\",\"name\":\"Tetakawi\",\"description\":\"\",\"publisher\":{\"@id\":\"https:\/\/tetakawi.com\/#organization\"},\"potentialAction\":[{\"@type\":\"SearchAction\",\"target\":{\"@type\":\"EntryPoint\",\"urlTemplate\":\"https:\/\/tetakawi.com\/?s={search_term_string}\"},\"query-input\":\"required name=search_term_string\"}],\"inLanguage\":\"de\"}]}<\/script>\n<!-- \/ Yoast SEO Premium plugin. -->","yoast_head_json":{"title":"Tetakawi | Arbeitsmarktberichte f\u00fcr die Fertigung in Mexiko","description":"Informieren Sie sich \u00fcber den mexikanischen Arbeitsmarkt im produzierenden Gewerbe aus Sicht der Mitarbeiter sowie \u00fcber Demografie, Vorteile, Recruiting und Bindung von Arbeitskr\u00e4ften im Land.","robots":{"index":"index","follow":"follow","max-snippet":"max-snippet:-1","max-image-preview":"max-image-preview:large","max-video-preview":"max-video-preview:-1"},"canonical":"https:\/\/tetakawi.com\/de\/ressourcen\/arbeitsmarktberichte\/","og_locale":"de_DE","og_type":"article","og_title":"Arbeitsmarktberichte","og_description":"Informieren Sie sich \u00fcber den mexikanischen Arbeitsmarkt im produzierenden Gewerbe aus Sicht der Mitarbeiter sowie \u00fcber Demografie, Vorteile, Recruiting und Bindung von Arbeitskr\u00e4ften im Land.","og_url":"https:\/\/tetakawi.com\/de\/ressourcen\/arbeitsmarktberichte\/","og_site_name":"Tetakawi","article_modified_time":"2019-08-10T03:53:41+00:00","og_image":[{"url":"https:\/\/tetakawi.com\/wp-content\/uploads\/2019\/04\/saltillo-pipoint.jpg"}],"twitter_card":"summary_large_image","twitter_misc":{"Gesch\u00e4tzte Lesezeit":"1\u00a0Minute"},"schema":{"@context":"https:\/\/schema.org","@graph":[{"@type":"WebPage","@id":"https:\/\/tetakawi.com\/de\/ressourcen\/arbeitsmarktberichte\/","url":"https:\/\/tetakawi.com\/de\/ressourcen\/arbeitsmarktberichte\/","name":"Tetakawi | Arbeitsmarktberichte f\u00fcr die Fertigung in Mexiko","isPartOf":{"@id":"https:\/\/tetakawi.com\/#website"},"datePublished":"2019-07-10T17:10:48+00:00","dateModified":"2019-08-10T03:53:41+00:00","description":"Informieren Sie sich \u00fcber den mexikanischen Arbeitsmarkt im produzierenden Gewerbe aus Sicht der Mitarbeiter sowie \u00fcber Demografie, Vorteile, Recruiting und Bindung von Arbeitskr\u00e4ften im Land.","breadcrumb":{"@id":"https:\/\/tetakawi.com\/de\/ressourcen\/arbeitsmarktberichte\/#breadcrumb"},"inLanguage":"de","potentialAction":[{"@type":"ReadAction","target":["https:\/\/tetakawi.com\/de\/ressourcen\/arbeitsmarktberichte\/"]}]},{"@type":"BreadcrumbList","@id":"https:\/\/tetakawi.com\/de\/ressourcen\/arbeitsmarktberichte\/#breadcrumb","itemListElement":[{"@type":"ListItem","position":1,"name":"Home","item":"https:\/\/tetakawi.com\/de\/"},{"@type":"ListItem","position":2,"name":"Ressourcen","item":"https:\/\/tetakawi.com\/de\/ressourcen\/"},{"@type":"ListItem","position":3,"name":"Arbeitsmarktberichte"}]},{"@type":"WebSite","@id":"https:\/\/tetakawi.com\/#website","url":"https:\/\/tetakawi.com\/","name":"Tetakawi","description":"","publisher":{"@id":"https:\/\/tetakawi.com\/#organization"},"potentialAction":[{"@type":"SearchAction","target":{"@type":"EntryPoint","urlTemplate":"https:\/\/tetakawi.com\/?s={search_term_string}"},"query-input":"required name=search_term_string"}],"inLanguage":"de"}]}},"_links":{"self":[{"href":"https:\/\/tetakawi.com\/de\/wp-json\/wp\/v2\/pages\/23361"}],"collection":[{"href":"https:\/\/tetakawi.com\/de\/wp-json\/wp\/v2\/pages"}],"about":[{"href":"https:\/\/tetakawi.com\/de\/wp-json\/wp\/v2\/types\/page"}],"author":[{"embeddable":true,"href":"https:\/\/tetakawi.com\/de\/wp-json\/wp\/v2\/users\/2"}],"replies":[{"embeddable":true,"href":"https:\/\/tetakawi.com\/de\/wp-json\/wp\/v2\/comments?post=23361"}],"version-history":[{"count":5,"href":"https:\/\/tetakawi.com\/de\/wp-json\/wp\/v2\/pages\/23361\/revisions"}],"predecessor-version":[{"id":24964,"href":"https:\/\/tetakawi.com\/de\/wp-json\/wp\/v2\/pages\/23361\/revisions\/24964"}],"up":[{"embeddable":true,"href":"https:\/\/tetakawi.com\/de\/wp-json\/wp\/v2\/pages\/22389"}],"wp:attachment":[{"href":"https:\/\/tetakawi.com\/de\/wp-json\/wp\/v2\/media?parent=23361"}],"curies":[{"name":"wp","href":"https:\/\/api.w.org\/{rel}","templated":true}]}}