{"id":23348,"date":"2019-07-10T17:10:45","date_gmt":"2019-07-10T17:10:45","guid":{"rendered":"https:\/\/tetakawi.com\/losung-finden\/supportleistungen\/lohnbuchhaltung\/"},"modified":"2019-08-10T02:29:27","modified_gmt":"2019-08-10T02:29:27","slug":"lohnbuchhaltung","status":"publish","type":"page","link":"https:\/\/tetakawi.com\/de\/losung-finden\/supportleistungen\/lohnbuchhaltung\/","title":{"rendered":"Lohnbuchhaltung"},"content":{"rendered":"<div class=\"vgblk-rw-wrapper limit-wrapper\"><h1>\n\tLohnbuchhaltungsservices von Tetakawi<br \/>\n\t<\/h1>\n\t<style>.page-header-line {\n    display: block;\n    width: 60px;\n    height: 1px;\n    background: var(--vamtam-accent-color-4);\n    margin-top: 5px;\n    margin-bottom: 5px;\n    opacity: .7;\n}<\/style>\n\t<p>Unsere Serviceleistungen im Bereich Lohnbuchhaltung gew\u00e4hrleisten, dass Ihre Mitarbeiter genau, termingerecht und unter Einhaltung mexikanischer Gesetze entlohnt werden.<\/p>\n\t<h2>Genaue und p\u00fcnktliche Gehaltszahlungen, garantiert<\/h2>\n\t<p>Unsere Serviceleistungen im Bereich Lohnbuchhaltung basieren auf SNAP-Technologie. Ihre Pr\u00e4zision und Compliance beseitigen s\u00e4mtliche Herausforderungen und gew\u00e4hrleisten eine effektive Personalverwaltung. Ganz gleich, ob es sich um ein kleines, mittelst\u00e4ndisches oder gro\u00dfes Unternehmen handelt \u2013 Tetakawi vereinfacht die Gehaltsabrechnung.<\/p>\n\t<h2>Der umfassendste Service im Bereich Lohnbuchhaltung in Mexiko<\/h2>\n\t\t\tZeiterfassung\n\t\t<p>Sorgen Sie mit einer Integration Ihrer Technologie in unsere f\u00fcr eine pr\u00e4zise und zeitnahe Erfassung und \u00dcbertragung von Regelarbeitszeiten und \u00dcberstunden.<\/p>\n\t\t\tAbgaben und Compliance\n\t\t<p>Verlassen Sie sich darauf, dass Sie bei der Lohnbuchhaltung die Vorgaben des Gesetzgebers sowie von Beh\u00f6rden, Gewerkschaften und anderen Beteiligten einhalten und s\u00e4mtliche Abgaben korrekt abf\u00fchren:<\/p>\n<ul>\n<li>Bundesebene (LFT), Landesebene, Gewerkschaften, Mitarbeiter und Zusatzleistungen<\/li>\n<li>Sparkonten, Renten, L\u00f6hne, Mitgliedschaften und Schlie\u00dff\u00e4cher<\/li>\n<\/ul>\n\t\t\tVorabpr\u00fcfung der Gehaltszahlungen\n\t\t<p>Gehaltszahlungen sind f\u00fcr Ihre Mitarbeiter ebenso wichtig wie f\u00fcr Ihr Unternehmen, deshalb ist es entscheidend, dass diese vorab gepr\u00fcft und genehmigt werden.<\/p>\n\t\t\tBelege und Lohnabrechnungen\n\t\t<p>Ein wichtiger Bestandteil der Lohnbuchhaltung ist die Pr\u00fcfung der Mitarbeiter-Compliance per Lohnabrechnung, bei der auch Bedenken und Fragen von Mitarbeitern gekl\u00e4rt werden k\u00f6nnen.<\/p>\n\t\t\tEreignis- und Vorfallberechnung\n\t\t<p>Zahlreiche Ereignisse und Vorf\u00e4lle m\u00fcssen in die Gehaltsabrechnung einbezogen werden, von Einstellungen und K\u00fcndigungen bis hin zu Umz\u00fcgen, Gehaltsanpassungen, Sonderzahlungen, Freistellungen, Feiertagen, Zuwendungen, Behinderungen, Urlauben, Boni, Anreizen, Abfindungen usw.<\/p>\n\t\t\tKonfliktbeilegung und Ausgleichszahlungen\n\t\t<p>Bearbeiten Sie K\u00fcndigungen, Vertragswiderrufe, Liquidierungen und Ausgleichszahlungen pr\u00e4zise und p\u00fcnktlich. Au\u00dferdem k\u00fcmmern wir uns um die Beilegung von Konflikten mit Mitarbeitern, Gewerkschaften, Beh\u00f6rden und sonstigen Beteiligten.<\/p>\n\t\t\tKomplette Gehaltsabrechnung\n\t\t<p>Tetakawi Payroll auf Basis von SNAP-Technologie verf\u00fcgt \u00fcber s\u00e4mtliche Funktionen, die Sie f\u00fcr die Gehaltsabrechnung sowie die Einhaltung gesetzlicher Bestimmungen ben\u00f6tigen. Die Ausgabedaten werden \u00fcber die entsprechenden Kan\u00e4le an den Kunden \u00fcbertragen und lassen sich in anderen Systemen und Prozessen einsetzen.<\/p>\n\t\t\tErtragsteuermarken\n\t\t<p>Tetakawi Payroll stellt Ertragsteuermarken durch digitale Steuerbelege (CFDI), Mitarbeitereingaben und die \u00dcbertragung verschl\u00fcsselter Informationen bereit.<\/p>\n<h2>\n\tWenden Sie sich an Ihren Ansprechpartner bei Tetakawi, wenn Sie mehr \u00fcber unsere Betriebsgr\u00fcndungsservices erfahren m\u00f6chten.\n\t<\/h2>\n\t<a href=\"\/de\/kontakt\/\" target=\"_self\" role=\"button\" rel=\"noopener noreferrer\">\n\t\t\t\t\tKontakt\n\t<\/a>\n<\/div><!-- .vgblk-rw-wrapper -->","protected":false},"excerpt":{"rendered":"<p>Lohnbuchhaltungsservices von Tetakawi Unsere Serviceleistungen im Bereich Lohnbuchhaltung gew\u00e4hrleisten, dass Ihre Mitarbeiter genau, termingerecht und unter Einhaltung mexikanischer Gesetze entlohnt werden. Genaue und p\u00fcnktliche Gehaltszahlungen, garantiert Unsere Serviceleistungen im Bereich Lohnbuchhaltung basieren auf SNAP-Technologie. Ihre Pr\u00e4zision und Compliance beseitigen s\u00e4mtliche Herausforderungen und gew\u00e4hrleisten eine effektive Personalverwaltung. Ganz gleich, ob es sich um ein kleines, mittelst\u00e4ndisches&#8230;<\/p>\n","protected":false},"author":1,"featured_media":0,"parent":23168,"menu_order":0,"comment_status":"closed","ping_status":"closed","template":"","meta":{"content-type":"","_monsterinsights_skip_tracking":false,"_monsterinsights_sitenote_active":false,"_monsterinsights_sitenote_note":"","_monsterinsights_sitenote_category":0},"yoast_head":"<!-- This site is optimized with the Yoast SEO Premium plugin v20.6 (Yoast SEO v20.6) - https:\/\/yoast.com\/wordpress\/plugins\/seo\/ -->\n<title>Tetakawi | Lohnbuchhaltung in Mexiko<\/title>\n<meta name=\"description\" content=\"Die Serviceleistungen von Tetakawi im Bereich Lohnbuchhaltung basieren auf unternehmenseigener Technologie, die f\u00fcr Pr\u00e4zision und Compliance bei Personalverwaltung und Lohnbuchhaltung sorgt.\" \/>\n<meta name=\"robots\" content=\"index, follow, max-snippet:-1, max-image-preview:large, max-video-preview:-1\" \/>\n<link rel=\"canonical\" href=\"https:\/\/tetakawi.com\/de\/losung-finden\/supportleistungen\/lohnbuchhaltung\/\" \/>\n<meta property=\"og:locale\" content=\"de_DE\" \/>\n<meta property=\"og:type\" content=\"article\" \/>\n<meta property=\"og:title\" content=\"Lohnbuchhaltung\" \/>\n<meta property=\"og:description\" content=\"Die Serviceleistungen von Tetakawi im Bereich Lohnbuchhaltung basieren auf unternehmenseigener Technologie, die f\u00fcr Pr\u00e4zision und Compliance bei Personalverwaltung und Lohnbuchhaltung sorgt.\" \/>\n<meta property=\"og:url\" content=\"https:\/\/tetakawi.com\/de\/losung-finden\/supportleistungen\/lohnbuchhaltung\/\" \/>\n<meta property=\"og:site_name\" content=\"Tetakawi\" \/>\n<meta property=\"article:modified_time\" content=\"2019-08-10T02:29:27+00:00\" \/>\n<meta name=\"twitter:card\" content=\"summary_large_image\" \/>\n<meta name=\"twitter:label1\" content=\"Gesch\u00e4tzte Lesezeit\" \/>\n\t<meta name=\"twitter:data1\" content=\"2\u00a0Minuten\" \/>\n<script type=\"application\/ld+json\" class=\"yoast-schema-graph\">{\"@context\":\"https:\/\/schema.org\",\"@graph\":[{\"@type\":\"WebPage\",\"@id\":\"https:\/\/tetakawi.com\/de\/losung-finden\/supportleistungen\/lohnbuchhaltung\/\",\"url\":\"https:\/\/tetakawi.com\/de\/losung-finden\/supportleistungen\/lohnbuchhaltung\/\",\"name\":\"Tetakawi | Lohnbuchhaltung in Mexiko\",\"isPartOf\":{\"@id\":\"https:\/\/tetakawi.com\/#website\"},\"datePublished\":\"2019-07-10T17:10:45+00:00\",\"dateModified\":\"2019-08-10T02:29:27+00:00\",\"description\":\"Die Serviceleistungen von Tetakawi im Bereich Lohnbuchhaltung basieren auf unternehmenseigener Technologie, die f\u00fcr Pr\u00e4zision und Compliance bei Personalverwaltung und Lohnbuchhaltung sorgt.\",\"breadcrumb\":{\"@id\":\"https:\/\/tetakawi.com\/de\/losung-finden\/supportleistungen\/lohnbuchhaltung\/#breadcrumb\"},\"inLanguage\":\"de\",\"potentialAction\":[{\"@type\":\"ReadAction\",\"target\":[\"https:\/\/tetakawi.com\/de\/losung-finden\/supportleistungen\/lohnbuchhaltung\/\"]}]},{\"@type\":\"BreadcrumbList\",\"@id\":\"https:\/\/tetakawi.com\/de\/losung-finden\/supportleistungen\/lohnbuchhaltung\/#breadcrumb\",\"itemListElement\":[{\"@type\":\"ListItem\",\"position\":1,\"name\":\"Home\",\"item\":\"https:\/\/tetakawi.com\/de\/\"},{\"@type\":\"ListItem\",\"position\":2,\"name\":\"L\u00f6sung finden\",\"item\":\"https:\/\/tetakawi.com\/de\/losung-finden\/\"},{\"@type\":\"ListItem\",\"position\":3,\"name\":\"Supportleistungen\",\"item\":\"https:\/\/tetakawi.com\/de\/losung-finden\/supportleistungen\/\"},{\"@type\":\"ListItem\",\"position\":4,\"name\":\"Lohnbuchhaltung\"}]},{\"@type\":\"WebSite\",\"@id\":\"https:\/\/tetakawi.com\/#website\",\"url\":\"https:\/\/tetakawi.com\/\",\"name\":\"Tetakawi\",\"description\":\"\",\"publisher\":{\"@id\":\"https:\/\/tetakawi.com\/#organization\"},\"potentialAction\":[{\"@type\":\"SearchAction\",\"target\":{\"@type\":\"EntryPoint\",\"urlTemplate\":\"https:\/\/tetakawi.com\/?s={search_term_string}\"},\"query-input\":\"required name=search_term_string\"}],\"inLanguage\":\"de\"}]}<\/script>\n<!-- \/ Yoast SEO Premium plugin. -->","yoast_head_json":{"title":"Tetakawi | Lohnbuchhaltung in Mexiko","description":"Die Serviceleistungen von Tetakawi im Bereich Lohnbuchhaltung basieren auf unternehmenseigener Technologie, die f\u00fcr Pr\u00e4zision und Compliance bei Personalverwaltung und Lohnbuchhaltung sorgt.","robots":{"index":"index","follow":"follow","max-snippet":"max-snippet:-1","max-image-preview":"max-image-preview:large","max-video-preview":"max-video-preview:-1"},"canonical":"https:\/\/tetakawi.com\/de\/losung-finden\/supportleistungen\/lohnbuchhaltung\/","og_locale":"de_DE","og_type":"article","og_title":"Lohnbuchhaltung","og_description":"Die Serviceleistungen von Tetakawi im Bereich Lohnbuchhaltung basieren auf unternehmenseigener Technologie, die f\u00fcr Pr\u00e4zision und Compliance bei Personalverwaltung und Lohnbuchhaltung sorgt.","og_url":"https:\/\/tetakawi.com\/de\/losung-finden\/supportleistungen\/lohnbuchhaltung\/","og_site_name":"Tetakawi","article_modified_time":"2019-08-10T02:29:27+00:00","twitter_card":"summary_large_image","twitter_misc":{"Gesch\u00e4tzte Lesezeit":"2\u00a0Minuten"},"schema":{"@context":"https:\/\/schema.org","@graph":[{"@type":"WebPage","@id":"https:\/\/tetakawi.com\/de\/losung-finden\/supportleistungen\/lohnbuchhaltung\/","url":"https:\/\/tetakawi.com\/de\/losung-finden\/supportleistungen\/lohnbuchhaltung\/","name":"Tetakawi | Lohnbuchhaltung in Mexiko","isPartOf":{"@id":"https:\/\/tetakawi.com\/#website"},"datePublished":"2019-07-10T17:10:45+00:00","dateModified":"2019-08-10T02:29:27+00:00","description":"Die Serviceleistungen von Tetakawi im Bereich Lohnbuchhaltung basieren auf unternehmenseigener Technologie, die f\u00fcr Pr\u00e4zision und Compliance bei Personalverwaltung und Lohnbuchhaltung sorgt.","breadcrumb":{"@id":"https:\/\/tetakawi.com\/de\/losung-finden\/supportleistungen\/lohnbuchhaltung\/#breadcrumb"},"inLanguage":"de","potentialAction":[{"@type":"ReadAction","target":["https:\/\/tetakawi.com\/de\/losung-finden\/supportleistungen\/lohnbuchhaltung\/"]}]},{"@type":"BreadcrumbList","@id":"https:\/\/tetakawi.com\/de\/losung-finden\/supportleistungen\/lohnbuchhaltung\/#breadcrumb","itemListElement":[{"@type":"ListItem","position":1,"name":"Home","item":"https:\/\/tetakawi.com\/de\/"},{"@type":"ListItem","position":2,"name":"L\u00f6sung finden","item":"https:\/\/tetakawi.com\/de\/losung-finden\/"},{"@type":"ListItem","position":3,"name":"Supportleistungen","item":"https:\/\/tetakawi.com\/de\/losung-finden\/supportleistungen\/"},{"@type":"ListItem","position":4,"name":"Lohnbuchhaltung"}]},{"@type":"WebSite","@id":"https:\/\/tetakawi.com\/#website","url":"https:\/\/tetakawi.com\/","name":"Tetakawi","description":"","publisher":{"@id":"https:\/\/tetakawi.com\/#organization"},"potentialAction":[{"@type":"SearchAction","target":{"@type":"EntryPoint","urlTemplate":"https:\/\/tetakawi.com\/?s={search_term_string}"},"query-input":"required name=search_term_string"}],"inLanguage":"de"}]}},"_links":{"self":[{"href":"https:\/\/tetakawi.com\/de\/wp-json\/wp\/v2\/pages\/23348"}],"collection":[{"href":"https:\/\/tetakawi.com\/de\/wp-json\/wp\/v2\/pages"}],"about":[{"href":"https:\/\/tetakawi.com\/de\/wp-json\/wp\/v2\/types\/page"}],"author":[{"embeddable":true,"href":"https:\/\/tetakawi.com\/de\/wp-json\/wp\/v2\/users\/1"}],"replies":[{"embeddable":true,"href":"https:\/\/tetakawi.com\/de\/wp-json\/wp\/v2\/comments?post=23348"}],"version-history":[{"count":5,"href":"https:\/\/tetakawi.com\/de\/wp-json\/wp\/v2\/pages\/23348\/revisions"}],"predecessor-version":[{"id":24942,"href":"https:\/\/tetakawi.com\/de\/wp-json\/wp\/v2\/pages\/23348\/revisions\/24942"}],"up":[{"embeddable":true,"href":"https:\/\/tetakawi.com\/de\/wp-json\/wp\/v2\/pages\/23168"}],"wp:attachment":[{"href":"https:\/\/tetakawi.com\/de\/wp-json\/wp\/v2\/media?parent=23348"}],"curies":[{"name":"wp","href":"https:\/\/api.w.org\/{rel}","templated":true}]}}