{"id":23328,"date":"2019-07-10T17:10:44","date_gmt":"2019-07-10T17:10:44","guid":{"rendered":"https:\/\/tetakawi.com\/beratungsleistungen\/individuelle-beratungsleistungen\/"},"modified":"2019-08-10T00:53:31","modified_gmt":"2019-08-10T00:53:31","slug":"individuelle-beratungsleistungen","status":"publish","type":"page","link":"https:\/\/tetakawi.com\/de\/losung-finden\/beratungsleistungen\/individuelle-beratungsleistungen\/","title":{"rendered":"Individuelle Beratungsleistungen"},"content":{"rendered":"<div class=\"vgblk-rw-wrapper limit-wrapper\">\n\t<h3>Wie entwickeln Sie Ihre Strategie zur Ausweitung Ihrer Gesch\u00e4ftst\u00e4tigkeit in Mexiko und wie l\u00e4sst sich diese umsetzen?<\/h3>\n<p>Ganz gleich, ob Sie noch \u00fcber die Ausweitung Ihrer Fertigung nach Mexiko nachdenken oder schon auf dem mexikanischen Markt vertreten sind: Entscheidend ist eine stimmige Strategie. Die Ihrer Strategie zugrunde liegenden \u00dcberlegungen und die Details Ihres Plans m\u00fcssen auf Ihr Unternehmen abgestimmt werden \u2013 und Sie kennen Ihr Unternehmen besonders gut. Um die richtigen Entscheidungen zu treffen, m\u00fcssen Sie aber auch mit Mexiko vertraut sein, und m\u00f6glicherweise ben\u00f6tigen Sie Unterst\u00fctzung bei der Durchf\u00fchrung Ihres Plans, nachdem Sie eine Strategie erarbeitet haben. Wo finden Sie die richtigen Berater, die Sie bei der Erfassung der Daten unterst\u00fctzen, die Sie ben\u00f6tigen?<\/p>\n<h3>Welche Art von Berater ben\u00f6tigen Sie?<\/h3>\n<p><strong>Kompetent in allen Bereichen des Betriebs:<\/strong> Bestimmt sind Sie auf der Suche nach einem Unternehmen, dass mit den betrieblichen Anforderungen in Mexiko umfassend vertraut ist. Sie sollten sich nicht mit der Koordination mehrerer Fachexperten aus unterschiedlichen Unternehmen aufhalten. Ein einziges Unternehmen, das \u00fcber eine fundierte Expertise auf dem Gebiet der Fertigung in Mexiko verf\u00fcgt, ist in der Lage, flexibel auf Ihre Anforderungen zu reagieren und gleichzeitig den Gesamtkontext Ihres Unternehmens im Blick zu behalten.<\/p>\n<p><strong>Experten f\u00fcr Strategie und Umsetzung:<\/strong> Eine gute Beratung ist wichtig, die Umsetzung ist jedoch entscheidend. Ein Berater, der Ihnen bei beidem zur Seite steht, hat den Vorteil, dass Sie von der Datenerfassung \u00fcber die Planung bis hin zur Umsetzung nahtlos mit demselben vertrauensw\u00fcrdigen Partner zusammenarbeiten k\u00f6nnen, ohne immer wieder alles neu erkl\u00e4ren zu m\u00fcssen, was zu Verz\u00f6gerungen und Missverst\u00e4ndnissen f\u00fchren kann.<\/p>\n<p><strong>Vertrauensw\u00fcrdig und kompetent:<\/strong> In Mexiko gibt es viele zuverl\u00e4ssige und kompetente Einzelberater und Beratungsunternehmen. Einige sind jedoch inkompetent und skrupellos \u2013 oder noch schlimmer. Mitunter ist es schwierig, den richtigen Partner auszuw\u00e4hlen. Wenn Sie dabei einen Fehler begehen und anschlie\u00dfend die Unterst\u00fctzung des mexikanischen Rechtssystems ben\u00f6tigen, kann dies zu einem langen und schwierigen Verfahren f\u00fchren. Sie m\u00fcssen sicher sein, dass der ausgew\u00e4hlte Partner ehrlich und kompetent ist und zu seinen Zusagen steht.<\/p>\n<h3>Wo finde ich in Mexiko einen zuverl\u00e4ssigen Berater?<\/h3>\n<p>Die kompetenten Berater von Tetakawi unterst\u00fctzen mehr als 75 ausl\u00e4ndische Unternehmen, die derzeit in der Fertigungsbranche in Mexiko t\u00e4tig sind, und k\u00f6nnen auch Ihnen die gew\u00fcnschten Services und die passende Hilfestellung bieten. Wir sind ein amerikanisches Unternehmen mit einer umfangreichen Gesch\u00e4ftst\u00e4tigkeit in Mexiko. Daher sind wir mit dem internationalen Markt und der Betriebsumgebung Mexikos vertraut. Wir bieten Ihnen einen ma\u00dfgeschneiderten Plan, der individuell auf Ihre Anforderungen abgestimmt ist. Ob spezifische Daten, Beratung zur Gesch\u00e4ftst\u00e4tigkeit in Mexiko oder Experten, die Sie bei der Umsetzung Ihres Projekts unterst\u00fctzen: Tetakawi ist stets die richtige Wahl. Was auch immer Sie zur Entwicklung oder Umsetzung Ihrer Strategie ben\u00f6tigen, wir helfen gern. Hier eine kleine \u00dcbersicht \u00fcber zur\u00fcckliegenden Projekte:<\/p>\n<ul>\n<li>Ermittlung und Qualifikation der Lieferkette<\/li>\n<li>Feldstudien zu bestimmten Arbeitsm\u00e4rkten<\/li>\n<li>Projektmanagement bei Anlagenbau und Ger\u00e4teinstallation<\/li>\n<li>Verhandlung mit Beh\u00f6rdenvertretern bez\u00fcglich Verg\u00fcnstigungen oder beh\u00f6rdlichen Bestimmungen<\/li>\n<li>Beratung zu Umwelt- sowie Arbeitsschutz- und Sicherheitsfragen in Mexiko<\/li>\n<li>Due Diligence f\u00fcr eine \u00dcbernahme in Mexiko<\/li>\n<li>Services f\u00fcr einen komfortablen Produktionsstart<\/li>\n<li>Strategische Planung und Entwicklung eines Businessplans<\/li>\n<\/ul>\n<h3>Durch die Zusammenarbeit mit einem vertrauensw\u00fcrdigen Berater k\u00f6nnen Sie Risiken mindern und Ihre Erfolgschancen erh\u00f6hen. Worauf legt Ihr Unternehmen besonderen Wert?<\/h3>\n<ul>\n<li>Die Entwicklung einer Strategie f\u00fcr Mexiko?<\/li>\n<li>Die Vorbereitung eines Businessplans f\u00fcr Investitionen in Mexiko?<\/li>\n<li>Die Ermittlung bestimmter Daten oder Informationen zur Unterst\u00fctzung Ihrer Strategie?<\/li>\n<li>Die Suche nach qualifizierten Lieferanten in Mexiko?<\/li>\n<li>Die Suche nach kompetenten mexikanischen Arbeitskr\u00e4ften?<\/li>\n<li>Die Entwicklung und Durchf\u00fchrung eines Einf\u00fchrungsplans?<\/li>\n<li>Die Ermittlung qualifizierter Dienstleister in Mexiko?<\/li>\n<li>Die Beantwortung einer wesentlichen gesch\u00e4ftlichen Frage zur Entscheidung \u00fcber die Strategie f\u00fcr Mexiko?<\/li>\n<\/ul>\n<hr \/>\n<p>&nbsp;<\/p>\n<h3>Wie kann Ihnen <strong>Tetakawi<\/strong> bei der Entwicklung Ihrer Strategie f\u00fcr Mexiko helfen?<\/h3>\n<p>Zu Beginn der individuellen Beratungsleistungen von Tetakawi steht eine Bedarfsanalyse. \u00a0Sobald wir mit Ihren Anforderungen vertraut sind, bereiten wir ein individuelles Angebot vor, das auf die von Ihnen ben\u00f6tigten Services zugeschnitten ist. Unser Angebot f\u00fchrt unseren Arbeitsprozess auf, pr\u00e4zisiert unsere Leistungen und gibt einen Zeitplan vor. \u00a0Unser Serviceangebot reicht von der einfachen Bereitstellung von Daten zur Beantwortung wichtiger strategischer Fragen bis hin zum komplexen Management der Gr\u00fcndung Ihres Standorts in Mexiko.<\/p>\n\t\t<h3>Sie ben\u00f6tigen Unterst\u00fctzung bei der Vorbereitung oder Umsetzung Ihrer Mexiko-Strategie?<\/h3>\n\t\t<p>Wenden Sie sich an einen Berater von Tetakawi.<\/p>\n\t<a href=\"\/de\/kontakt\/\" target=\"_self\" role=\"button\" rel=\"noopener noreferrer\">\n\t\t\t\t\tKontakt\n\t<\/a>\n<style>\n\t\t<\/style>\n<\/div><!-- .vgblk-rw-wrapper -->","protected":false},"excerpt":{"rendered":"<p>Wie entwickeln Sie Ihre Strategie zur Ausweitung Ihrer Gesch\u00e4ftst\u00e4tigkeit in Mexiko und wie l\u00e4sst sich diese umsetzen? Ganz gleich, ob Sie noch \u00fcber die Ausweitung Ihrer Fertigung nach Mexiko nachdenken oder schon auf dem mexikanischen Markt vertreten sind: Entscheidend ist eine stimmige Strategie. Die Ihrer Strategie zugrunde liegenden \u00dcberlegungen und die Details Ihres Plans m\u00fcssen&#8230;<\/p>\n","protected":false},"author":1,"featured_media":23293,"parent":22517,"menu_order":0,"comment_status":"closed","ping_status":"closed","template":"","meta":{"content-type":"","_monsterinsights_skip_tracking":false,"_monsterinsights_sitenote_active":false,"_monsterinsights_sitenote_note":"","_monsterinsights_sitenote_category":0},"yoast_head":"<!-- This site is optimized with the Yoast SEO Premium plugin v20.6 (Yoast SEO v20.6) - https:\/\/yoast.com\/wordpress\/plugins\/seo\/ -->\n<title>Tetakawi | Individuelle Beratungsleistungen f\u00fcr die Fertigung in Mexiko<\/title>\n<meta name=\"description\" content=\"Die Berater von Tetakawi sind Experten in Sachen Fertigung in Mexiko, ganz gleich, ob Sie sich noch in der Planungsphase befinden oder der Betrieb bereits l\u00e4uft. Zuverl\u00e4ssige Berater, kompetent in allen Bereichen des Betriebs\" \/>\n<meta name=\"robots\" content=\"index, follow, max-snippet:-1, max-image-preview:large, max-video-preview:-1\" \/>\n<link rel=\"canonical\" href=\"https:\/\/tetakawi.com\/de\/losung-finden\/beratungsleistungen\/individuelle-beratungsleistungen\/\" \/>\n<meta property=\"og:locale\" content=\"de_DE\" \/>\n<meta property=\"og:type\" content=\"article\" \/>\n<meta property=\"og:title\" content=\"Individuelle Beratungsleistungen\" \/>\n<meta property=\"og:description\" content=\"Die Berater von Tetakawi sind Experten in Sachen Fertigung in Mexiko, ganz gleich, ob Sie sich noch in der Planungsphase befinden oder der Betrieb bereits l\u00e4uft. Zuverl\u00e4ssige Berater, kompetent in allen Bereichen des Betriebs\" \/>\n<meta property=\"og:url\" content=\"https:\/\/tetakawi.com\/de\/losung-finden\/beratungsleistungen\/individuelle-beratungsleistungen\/\" \/>\n<meta property=\"og:site_name\" content=\"Tetakawi\" \/>\n<meta property=\"article:modified_time\" content=\"2019-08-10T00:53:31+00:00\" \/>\n<meta property=\"og:image\" content=\"https:\/\/tetakawi.com\/wp-content\/uploads\/2019\/04\/start-up-prepare-tetakawi.jpg\" \/>\n\t<meta property=\"og:image:width\" content=\"1000\" \/>\n\t<meta property=\"og:image:height\" content=\"667\" \/>\n\t<meta property=\"og:image:type\" content=\"image\/jpeg\" \/>\n<meta name=\"twitter:card\" content=\"summary_large_image\" \/>\n<meta name=\"twitter:label1\" content=\"Gesch\u00e4tzte Lesezeit\" \/>\n\t<meta name=\"twitter:data1\" content=\"4\u00a0Minuten\" \/>\n<script type=\"application\/ld+json\" class=\"yoast-schema-graph\">{\"@context\":\"https:\/\/schema.org\",\"@graph\":[{\"@type\":\"WebPage\",\"@id\":\"https:\/\/tetakawi.com\/de\/losung-finden\/beratungsleistungen\/individuelle-beratungsleistungen\/\",\"url\":\"https:\/\/tetakawi.com\/de\/losung-finden\/beratungsleistungen\/individuelle-beratungsleistungen\/\",\"name\":\"Tetakawi | Individuelle Beratungsleistungen f\u00fcr die Fertigung in Mexiko\",\"isPartOf\":{\"@id\":\"https:\/\/tetakawi.com\/#website\"},\"datePublished\":\"2019-07-10T17:10:44+00:00\",\"dateModified\":\"2019-08-10T00:53:31+00:00\",\"description\":\"Die Berater von Tetakawi sind Experten in Sachen Fertigung in Mexiko, ganz gleich, ob Sie sich noch in der Planungsphase befinden oder der Betrieb bereits l\u00e4uft. Zuverl\u00e4ssige Berater, kompetent in allen Bereichen des Betriebs\",\"breadcrumb\":{\"@id\":\"https:\/\/tetakawi.com\/de\/losung-finden\/beratungsleistungen\/individuelle-beratungsleistungen\/#breadcrumb\"},\"inLanguage\":\"de\",\"potentialAction\":[{\"@type\":\"ReadAction\",\"target\":[\"https:\/\/tetakawi.com\/de\/losung-finden\/beratungsleistungen\/individuelle-beratungsleistungen\/\"]}]},{\"@type\":\"BreadcrumbList\",\"@id\":\"https:\/\/tetakawi.com\/de\/losung-finden\/beratungsleistungen\/individuelle-beratungsleistungen\/#breadcrumb\",\"itemListElement\":[{\"@type\":\"ListItem\",\"position\":1,\"name\":\"Home\",\"item\":\"https:\/\/tetakawi.com\/de\/\"},{\"@type\":\"ListItem\",\"position\":2,\"name\":\"L\u00f6sung finden\",\"item\":\"https:\/\/tetakawi.com\/de\/losung-finden\/\"},{\"@type\":\"ListItem\",\"position\":3,\"name\":\"Beratungsleistungen\",\"item\":\"https:\/\/tetakawi.com\/de\/losung-finden\/beratungsleistungen\/\"},{\"@type\":\"ListItem\",\"position\":4,\"name\":\"Individuelle Beratungsleistungen\"}]},{\"@type\":\"WebSite\",\"@id\":\"https:\/\/tetakawi.com\/#website\",\"url\":\"https:\/\/tetakawi.com\/\",\"name\":\"Tetakawi\",\"description\":\"\",\"publisher\":{\"@id\":\"https:\/\/tetakawi.com\/#organization\"},\"potentialAction\":[{\"@type\":\"SearchAction\",\"target\":{\"@type\":\"EntryPoint\",\"urlTemplate\":\"https:\/\/tetakawi.com\/?s={search_term_string}\"},\"query-input\":\"required name=search_term_string\"}],\"inLanguage\":\"de\"}]}<\/script>\n<!-- \/ Yoast SEO Premium plugin. -->","yoast_head_json":{"title":"Tetakawi | Individuelle Beratungsleistungen f\u00fcr die Fertigung in Mexiko","description":"Die Berater von Tetakawi sind Experten in Sachen Fertigung in Mexiko, ganz gleich, ob Sie sich noch in der Planungsphase befinden oder der Betrieb bereits l\u00e4uft. Zuverl\u00e4ssige Berater, kompetent in allen Bereichen des Betriebs","robots":{"index":"index","follow":"follow","max-snippet":"max-snippet:-1","max-image-preview":"max-image-preview:large","max-video-preview":"max-video-preview:-1"},"canonical":"https:\/\/tetakawi.com\/de\/losung-finden\/beratungsleistungen\/individuelle-beratungsleistungen\/","og_locale":"de_DE","og_type":"article","og_title":"Individuelle Beratungsleistungen","og_description":"Die Berater von Tetakawi sind Experten in Sachen Fertigung in Mexiko, ganz gleich, ob Sie sich noch in der Planungsphase befinden oder der Betrieb bereits l\u00e4uft. Zuverl\u00e4ssige Berater, kompetent in allen Bereichen des Betriebs","og_url":"https:\/\/tetakawi.com\/de\/losung-finden\/beratungsleistungen\/individuelle-beratungsleistungen\/","og_site_name":"Tetakawi","article_modified_time":"2019-08-10T00:53:31+00:00","og_image":[{"width":1000,"height":667,"url":"https:\/\/tetakawi.com\/wp-content\/uploads\/2019\/04\/start-up-prepare-tetakawi.jpg","type":"image\/jpeg"}],"twitter_card":"summary_large_image","twitter_misc":{"Gesch\u00e4tzte Lesezeit":"4\u00a0Minuten"},"schema":{"@context":"https:\/\/schema.org","@graph":[{"@type":"WebPage","@id":"https:\/\/tetakawi.com\/de\/losung-finden\/beratungsleistungen\/individuelle-beratungsleistungen\/","url":"https:\/\/tetakawi.com\/de\/losung-finden\/beratungsleistungen\/individuelle-beratungsleistungen\/","name":"Tetakawi | Individuelle Beratungsleistungen f\u00fcr die Fertigung in Mexiko","isPartOf":{"@id":"https:\/\/tetakawi.com\/#website"},"datePublished":"2019-07-10T17:10:44+00:00","dateModified":"2019-08-10T00:53:31+00:00","description":"Die Berater von Tetakawi sind Experten in Sachen Fertigung in Mexiko, ganz gleich, ob Sie sich noch in der Planungsphase befinden oder der Betrieb bereits l\u00e4uft. Zuverl\u00e4ssige Berater, kompetent in allen Bereichen des Betriebs","breadcrumb":{"@id":"https:\/\/tetakawi.com\/de\/losung-finden\/beratungsleistungen\/individuelle-beratungsleistungen\/#breadcrumb"},"inLanguage":"de","potentialAction":[{"@type":"ReadAction","target":["https:\/\/tetakawi.com\/de\/losung-finden\/beratungsleistungen\/individuelle-beratungsleistungen\/"]}]},{"@type":"BreadcrumbList","@id":"https:\/\/tetakawi.com\/de\/losung-finden\/beratungsleistungen\/individuelle-beratungsleistungen\/#breadcrumb","itemListElement":[{"@type":"ListItem","position":1,"name":"Home","item":"https:\/\/tetakawi.com\/de\/"},{"@type":"ListItem","position":2,"name":"L\u00f6sung finden","item":"https:\/\/tetakawi.com\/de\/losung-finden\/"},{"@type":"ListItem","position":3,"name":"Beratungsleistungen","item":"https:\/\/tetakawi.com\/de\/losung-finden\/beratungsleistungen\/"},{"@type":"ListItem","position":4,"name":"Individuelle Beratungsleistungen"}]},{"@type":"WebSite","@id":"https:\/\/tetakawi.com\/#website","url":"https:\/\/tetakawi.com\/","name":"Tetakawi","description":"","publisher":{"@id":"https:\/\/tetakawi.com\/#organization"},"potentialAction":[{"@type":"SearchAction","target":{"@type":"EntryPoint","urlTemplate":"https:\/\/tetakawi.com\/?s={search_term_string}"},"query-input":"required name=search_term_string"}],"inLanguage":"de"}]}},"_links":{"self":[{"href":"https:\/\/tetakawi.com\/de\/wp-json\/wp\/v2\/pages\/23328"}],"collection":[{"href":"https:\/\/tetakawi.com\/de\/wp-json\/wp\/v2\/pages"}],"about":[{"href":"https:\/\/tetakawi.com\/de\/wp-json\/wp\/v2\/types\/page"}],"author":[{"embeddable":true,"href":"https:\/\/tetakawi.com\/de\/wp-json\/wp\/v2\/users\/1"}],"replies":[{"embeddable":true,"href":"https:\/\/tetakawi.com\/de\/wp-json\/wp\/v2\/comments?post=23328"}],"version-history":[{"count":5,"href":"https:\/\/tetakawi.com\/de\/wp-json\/wp\/v2\/pages\/23328\/revisions"}],"predecessor-version":[{"id":24929,"href":"https:\/\/tetakawi.com\/de\/wp-json\/wp\/v2\/pages\/23328\/revisions\/24929"}],"up":[{"embeddable":true,"href":"https:\/\/tetakawi.com\/de\/wp-json\/wp\/v2\/pages\/22517"}],"wp:featuredmedia":[{"embeddable":true,"href":"https:\/\/tetakawi.com\/de\/wp-json\/wp\/v2\/media\/23293"}],"wp:attachment":[{"href":"https:\/\/tetakawi.com\/de\/wp-json\/wp\/v2\/media?parent=23328"}],"curies":[{"name":"wp","href":"https:\/\/api.w.org\/{rel}","templated":true}]}}