{"id":23289,"date":"2019-07-10T17:10:41","date_gmt":"2019-07-10T17:10:41","guid":{"rendered":"https:\/\/tetakawi.com\/beratungsleistungen\/inhouseseminar\/"},"modified":"2023-08-01T00:39:46","modified_gmt":"2023-08-01T00:39:46","slug":"inhouseseminar","status":"publish","type":"page","link":"https:\/\/tetakawi.com\/de\/losung-finden\/beratungsleistungen\/inhouseseminar\/","title":{"rendered":"Inhouseseminar"},"content":{"rendered":"<div class=\"vgblk-rw-wrapper limit-wrapper\">\n\n\t<h3>Sollten Sie in einen Fertigungsstandort in Mexiko investieren?<\/h3>\n<p>Es gibt zahlreiche Gr\u00fcnde, die daf\u00fcr sprechen:<\/p>\n<ul>\n<li>Es ist das einzige &#8222;Low-Cost Country&#8220; innerhalb der Nordamerikanischen Freihandelszone.<\/li>\n<li>Die L\u00f6hne liegen unter denen in China.<\/li>\n<li>Damit sichern Sie sich strategisch gegen Handelsspannungen zwischen China und den USA ab.<\/li>\n<li>Mexiko hat mehr Freihandelsabkommen als jedes andere Land abgeschlossen und darf sich somit zu Recht als Tor zur Welt bezeichnen.<\/li>\n<li>Die Kapazit\u00e4ten vor Ort sind l\u00e4ngst noch nicht ausgesch\u00f6pft.<\/li>\n<\/ul>\n<p>All das mag stimmen, aber Sie m\u00fcssen beurteilen, ob dies eine Rolle f\u00fcr Ihre Unternehmensstrategie spielt. Dazu m\u00fcssen Sie wissen, was eine Gesch\u00e4ftst\u00e4tigkeit in Mexiko f\u00fcr ihr Unternehmen bedeutet. Lernen Sie mehr \u00fcber diese Themen durch unsere Inhouseseminare. Es gibt eine lange Liste an Faktoren, die das Risiko, die Kosten oder die Rendite einer Gesch\u00e4ftst\u00e4tigkeit in Mexiko beeinflussen k\u00f6nnen, darunter:<\/p>\n<ul>\n<li>Business Gateways<\/li>\n<li>Unternehmensform<\/li>\n<li>Regelungen bez\u00fcglich ausl\u00e4ndischer Beteiligungen<\/li>\n<li>Arbeitsrecht<\/li>\n<li>Gewerkschaftst\u00e4tigkeit<\/li>\n<li>Umweltschutz<\/li>\n<li>Besteuerung<\/li>\n<li>Umsatzerl\u00f6se<\/li>\n<li>Infrastruktur<\/li>\n<li>Verf\u00fcgbare Qualifikationen<\/li>\n<li>Anreize<\/li>\n<li>Sicherheit<\/li>\n<\/ul>\n<h3><b>Warum Sie uns vertrauen k\u00f6nnen, wenn es um Gesch\u00e4fte<\/b><b> und Schulungen <\/b><b>in Mexiko geht?<\/b><\/h3>\n<p>In den letzten drei\u00dfig Jahren haben wir unz\u00e4hligen Unternehmen bei der Gr\u00fcndung und Ausbau einer Niederlassung geholfen. Zurzeit unterst\u00fctzen wir mehr als 75 ausl\u00e4ndische Unternehmen in unterschiedlichen Branchen, die mehr als 24.000 Mitarbeiter \u00a0besch\u00e4ftigen. Wir kennen uns bestens mit der Unternehmenst\u00e4tigkeit in Mexiko aus, schlie\u00dflich ist das unser Kerngesch\u00e4ft. Bei unseren Inhouse-Deminar Programmen profitieren Sie von unserer Erfahrung und Expertise in vielen Themen. Denn in jedem Inhouse Seminar Programm, das wir zusammenstellen, geht es genau um die Fragen und Probleme, die Ihr Team und Mitarbeiter betreffen. Durch unsere Kunden wissen wir auch um die Herausforderungen und Schwierigkeiten, die einzelne Unternehmen meistern m\u00fcssen. Tats\u00e4chlich wurde das Seminar-Programm von einem unserer fr\u00fcheren Kunden entwickelt, der jetzt als Berater und Trainer \u00a0bei Tetakawi t\u00e4tig ist.<\/p>\n<h3>Die Arbeit mit einem Experten im Rahmen einer Schulung macht Ihr Team schneller fit.\u00a0Trifft auf Ihr Unternehmen Folgendes zu:<\/h3>\n<ul>\n<li>Ihr Team hat sich noch nicht lange mit einer Mexiko-Strategie befasst?<\/li>\n<li>Sie ben\u00f6tigen eine allgemeine Einf\u00fchrung in die Gesch\u00e4ftst\u00e4tigkeit in Mexiko?<\/li>\n<li>Sie m\u00f6chten sicherstellen, dass jeder in Ihrem Team \u00fcber den gleichen Wissensstand verf\u00fcgt?<\/li>\n<li>Sie haben vier oder mehr Mitarbeiter, die Sie \u00fcber Mexiko schulen m\u00f6chten?<\/li>\n<li>Sie haben Schwierigkeiten, verl\u00e4ssliche Informationen online zu einem bestimmten Thema zu finden?<\/li>\n<li>Sie ben\u00f6tigen ein einheitliches mexikanisches Vokabular f\u00fcr die Kommunikation mit Kunden, Lieferanten und Beratern?<\/li>\n<li>Sie ben\u00f6tigen eine Best\u00e4tigung der G\u00fcltigkeit der Informationen, die Sie haben, oder w\u00fcnschen eine andere Perspektive?<\/li>\n<\/ul>\n<hr \/>\n<p>&nbsp;<\/p>\n<h3>Wie k\u00f6nnen Sie von einem <strong>Tetakawi<\/strong>-Inhouse-Seminar profitieren?\u00a0<\/h3>\n<p>Bei einem Inhouse-seminar von Tetakawi werden zu Beginn in einem Interview die Lernziele f\u00fcr Ihre Sitzung ermittelt. Bei Unternehmen ohne Vorkenntnisse stellen wir ein Programm der Schulung zusammen, das zun\u00e4chst Grundlagen vermittelt und dann durch weitere Schulung fundierte Entscheidungen im Rahmen einer Mexiko-Strategie erm\u00f6glicht. Bei einem bereits fachkundigen Team k\u00f6nnen wir uns auf einzelne Bereiche der Weiterbildung konzentrieren, in denen Ihre Organisation Klarheit ben\u00f6tigt, oder uns eingehender mit einem bestimmten Thema Ihrer Wahl befassen.<\/p>\n<p>Wir f\u00fchren die Seminare bei Ihnen vor Ort durch. Sie m\u00fcssen uns lediglich eine R\u00e4umlichkeit zur Verf\u00fcgung stellen und k\u00f6nnen bis zu 25 Personen zur Teilnahme einladen. Unser Seminarleiter vermittelt Ihrem Team kompetent die Inhalte und bei den Schulungen arbeiten alle zusammen an der Durchf\u00fchrung. Dabei ist w\u00e4hrend der Seminare ausreichend Zeit f\u00fcr Fragen und Diskussionen eingeplant. Am Ende wird \u00fcberpr\u00fcft, ob die vereinbarten Ziele erreicht wurden. Zur Nachbesprechung bieten wir au\u00dferdem eine Telefonkonferenz an, in der etwaige Fragen nach Abschluss des Seminars online gekl\u00e4rt werden k\u00f6nnen.<\/p>\n\t\t<h3>Sie ben\u00f6tigen ausf\u00fchrliches, individuelles Inhouse-Seminare zur Entwicklung einer Mexiko-Strategie oder anderen Themen in Ihrem Unternehmen?<\/h3>\n\t\t<p>Wenden Sie sich an einen Berater von Tetakawi.<\/p>\n\t<a href=\"\/de\/kontakt\/\" target=\"_self\" role=\"button\" rel=\"noopener\">\n\t\t\t\t\tKontakt\n\t<\/a>\n<style>\n\t\t<\/style>\n\n<\/div><!-- .vgblk-rw-wrapper -->","protected":false},"excerpt":{"rendered":"<p>Sollten Sie in einen Fertigungsstandort in Mexiko investieren? Es gibt zahlreiche Gr\u00fcnde, die daf\u00fcr sprechen: Es ist das einzige &#8222;Low-Cost Country&#8220; innerhalb der Nordamerikanischen Freihandelszone. Die L\u00f6hne liegen unter denen in China. Damit sichern Sie sich strategisch gegen Handelsspannungen zwischen China und den USA ab. Mexiko hat mehr Freihandelsabkommen als jedes andere Land abgeschlossen und&#8230;<\/p>\n","protected":false},"author":1,"featured_media":0,"parent":22517,"menu_order":0,"comment_status":"closed","ping_status":"closed","template":"","meta":{"content-type":"","_monsterinsights_skip_tracking":false,"_monsterinsights_sitenote_active":false,"_monsterinsights_sitenote_note":"","_monsterinsights_sitenote_category":0},"yoast_head":"<!-- This site is optimized with the Yoast SEO Premium plugin v20.6 (Yoast SEO v20.6) - https:\/\/yoast.com\/wordpress\/plugins\/seo\/ -->\n<title>Tetakawi | Inhouseseminar f\u00fcr die Fertigung in Mexiko<\/title>\n<meta name=\"description\" content=\"Ein Berater von Tetakawi erl\u00e4utert Ihnen in einer ganz auf Ihre Bed\u00fcrfnisse zugeschnittenen Pr\u00e4sentation vor Ort, was eine Gesch\u00e4ftst\u00e4tigkeit in Mexiko f\u00fcr ihr Unternehmen bedeutet. Hier erfahren Sie, ob Mexiko eine strategische Option f\u00fcr Sie ist.\" \/>\n<meta name=\"robots\" content=\"index, follow, max-snippet:-1, max-image-preview:large, max-video-preview:-1\" \/>\n<link rel=\"canonical\" href=\"https:\/\/tetakawi.com\/de\/losung-finden\/beratungsleistungen\/inhouseseminar\/\" \/>\n<meta property=\"og:locale\" content=\"de_DE\" \/>\n<meta property=\"og:type\" content=\"article\" \/>\n<meta property=\"og:title\" content=\"Inhouseseminar\" \/>\n<meta property=\"og:description\" content=\"Ein Berater von Tetakawi erl\u00e4utert Ihnen in einer ganz auf Ihre Bed\u00fcrfnisse zugeschnittenen Pr\u00e4sentation vor Ort, was eine Gesch\u00e4ftst\u00e4tigkeit in Mexiko f\u00fcr ihr Unternehmen bedeutet. Hier erfahren Sie, ob Mexiko eine strategische Option f\u00fcr Sie ist.\" \/>\n<meta property=\"og:url\" content=\"https:\/\/tetakawi.com\/de\/losung-finden\/beratungsleistungen\/inhouseseminar\/\" \/>\n<meta property=\"og:site_name\" content=\"Tetakawi\" \/>\n<meta property=\"article:modified_time\" content=\"2023-08-01T00:39:46+00:00\" \/>\n<meta name=\"twitter:card\" content=\"summary_large_image\" \/>\n<meta name=\"twitter:label1\" content=\"Gesch\u00e4tzte Lesezeit\" \/>\n\t<meta name=\"twitter:data1\" content=\"3\u00a0Minuten\" \/>\n<script type=\"application\/ld+json\" class=\"yoast-schema-graph\">{\"@context\":\"https:\/\/schema.org\",\"@graph\":[{\"@type\":\"WebPage\",\"@id\":\"https:\/\/tetakawi.com\/de\/losung-finden\/beratungsleistungen\/inhouseseminar\/\",\"url\":\"https:\/\/tetakawi.com\/de\/losung-finden\/beratungsleistungen\/inhouseseminar\/\",\"name\":\"Tetakawi | Inhouseseminar f\u00fcr die Fertigung in Mexiko\",\"isPartOf\":{\"@id\":\"https:\/\/tetakawi.com\/#website\"},\"datePublished\":\"2019-07-10T17:10:41+00:00\",\"dateModified\":\"2023-08-01T00:39:46+00:00\",\"description\":\"Ein Berater von Tetakawi erl\u00e4utert Ihnen in einer ganz auf Ihre Bed\u00fcrfnisse zugeschnittenen Pr\u00e4sentation vor Ort, was eine Gesch\u00e4ftst\u00e4tigkeit in Mexiko f\u00fcr ihr Unternehmen bedeutet. Hier erfahren Sie, ob Mexiko eine strategische Option f\u00fcr Sie ist.\",\"breadcrumb\":{\"@id\":\"https:\/\/tetakawi.com\/de\/losung-finden\/beratungsleistungen\/inhouseseminar\/#breadcrumb\"},\"inLanguage\":\"de\",\"potentialAction\":[{\"@type\":\"ReadAction\",\"target\":[\"https:\/\/tetakawi.com\/de\/losung-finden\/beratungsleistungen\/inhouseseminar\/\"]}]},{\"@type\":\"BreadcrumbList\",\"@id\":\"https:\/\/tetakawi.com\/de\/losung-finden\/beratungsleistungen\/inhouseseminar\/#breadcrumb\",\"itemListElement\":[{\"@type\":\"ListItem\",\"position\":1,\"name\":\"Home\",\"item\":\"https:\/\/tetakawi.com\/de\/\"},{\"@type\":\"ListItem\",\"position\":2,\"name\":\"L\u00f6sung finden\",\"item\":\"https:\/\/tetakawi.com\/de\/losung-finden\/\"},{\"@type\":\"ListItem\",\"position\":3,\"name\":\"Beratungsleistungen\",\"item\":\"https:\/\/tetakawi.com\/de\/losung-finden\/beratungsleistungen\/\"},{\"@type\":\"ListItem\",\"position\":4,\"name\":\"Inhouseseminar\"}]},{\"@type\":\"WebSite\",\"@id\":\"https:\/\/tetakawi.com\/#website\",\"url\":\"https:\/\/tetakawi.com\/\",\"name\":\"Tetakawi\",\"description\":\"\",\"publisher\":{\"@id\":\"https:\/\/tetakawi.com\/#organization\"},\"potentialAction\":[{\"@type\":\"SearchAction\",\"target\":{\"@type\":\"EntryPoint\",\"urlTemplate\":\"https:\/\/tetakawi.com\/?s={search_term_string}\"},\"query-input\":\"required name=search_term_string\"}],\"inLanguage\":\"de\"}]}<\/script>\n<!-- \/ Yoast SEO Premium plugin. -->","yoast_head_json":{"title":"Tetakawi | Inhouseseminar f\u00fcr die Fertigung in Mexiko","description":"Ein Berater von Tetakawi erl\u00e4utert Ihnen in einer ganz auf Ihre Bed\u00fcrfnisse zugeschnittenen Pr\u00e4sentation vor Ort, was eine Gesch\u00e4ftst\u00e4tigkeit in Mexiko f\u00fcr ihr Unternehmen bedeutet. Hier erfahren Sie, ob Mexiko eine strategische Option f\u00fcr Sie ist.","robots":{"index":"index","follow":"follow","max-snippet":"max-snippet:-1","max-image-preview":"max-image-preview:large","max-video-preview":"max-video-preview:-1"},"canonical":"https:\/\/tetakawi.com\/de\/losung-finden\/beratungsleistungen\/inhouseseminar\/","og_locale":"de_DE","og_type":"article","og_title":"Inhouseseminar","og_description":"Ein Berater von Tetakawi erl\u00e4utert Ihnen in einer ganz auf Ihre Bed\u00fcrfnisse zugeschnittenen Pr\u00e4sentation vor Ort, was eine Gesch\u00e4ftst\u00e4tigkeit in Mexiko f\u00fcr ihr Unternehmen bedeutet. Hier erfahren Sie, ob Mexiko eine strategische Option f\u00fcr Sie ist.","og_url":"https:\/\/tetakawi.com\/de\/losung-finden\/beratungsleistungen\/inhouseseminar\/","og_site_name":"Tetakawi","article_modified_time":"2023-08-01T00:39:46+00:00","twitter_card":"summary_large_image","twitter_misc":{"Gesch\u00e4tzte Lesezeit":"3\u00a0Minuten"},"schema":{"@context":"https:\/\/schema.org","@graph":[{"@type":"WebPage","@id":"https:\/\/tetakawi.com\/de\/losung-finden\/beratungsleistungen\/inhouseseminar\/","url":"https:\/\/tetakawi.com\/de\/losung-finden\/beratungsleistungen\/inhouseseminar\/","name":"Tetakawi | Inhouseseminar f\u00fcr die Fertigung in Mexiko","isPartOf":{"@id":"https:\/\/tetakawi.com\/#website"},"datePublished":"2019-07-10T17:10:41+00:00","dateModified":"2023-08-01T00:39:46+00:00","description":"Ein Berater von Tetakawi erl\u00e4utert Ihnen in einer ganz auf Ihre Bed\u00fcrfnisse zugeschnittenen Pr\u00e4sentation vor Ort, was eine Gesch\u00e4ftst\u00e4tigkeit in Mexiko f\u00fcr ihr Unternehmen bedeutet. Hier erfahren Sie, ob Mexiko eine strategische Option f\u00fcr Sie ist.","breadcrumb":{"@id":"https:\/\/tetakawi.com\/de\/losung-finden\/beratungsleistungen\/inhouseseminar\/#breadcrumb"},"inLanguage":"de","potentialAction":[{"@type":"ReadAction","target":["https:\/\/tetakawi.com\/de\/losung-finden\/beratungsleistungen\/inhouseseminar\/"]}]},{"@type":"BreadcrumbList","@id":"https:\/\/tetakawi.com\/de\/losung-finden\/beratungsleistungen\/inhouseseminar\/#breadcrumb","itemListElement":[{"@type":"ListItem","position":1,"name":"Home","item":"https:\/\/tetakawi.com\/de\/"},{"@type":"ListItem","position":2,"name":"L\u00f6sung finden","item":"https:\/\/tetakawi.com\/de\/losung-finden\/"},{"@type":"ListItem","position":3,"name":"Beratungsleistungen","item":"https:\/\/tetakawi.com\/de\/losung-finden\/beratungsleistungen\/"},{"@type":"ListItem","position":4,"name":"Inhouseseminar"}]},{"@type":"WebSite","@id":"https:\/\/tetakawi.com\/#website","url":"https:\/\/tetakawi.com\/","name":"Tetakawi","description":"","publisher":{"@id":"https:\/\/tetakawi.com\/#organization"},"potentialAction":[{"@type":"SearchAction","target":{"@type":"EntryPoint","urlTemplate":"https:\/\/tetakawi.com\/?s={search_term_string}"},"query-input":"required name=search_term_string"}],"inLanguage":"de"}]}},"_links":{"self":[{"href":"https:\/\/tetakawi.com\/de\/wp-json\/wp\/v2\/pages\/23289"}],"collection":[{"href":"https:\/\/tetakawi.com\/de\/wp-json\/wp\/v2\/pages"}],"about":[{"href":"https:\/\/tetakawi.com\/de\/wp-json\/wp\/v2\/types\/page"}],"author":[{"embeddable":true,"href":"https:\/\/tetakawi.com\/de\/wp-json\/wp\/v2\/users\/1"}],"replies":[{"embeddable":true,"href":"https:\/\/tetakawi.com\/de\/wp-json\/wp\/v2\/comments?post=23289"}],"version-history":[{"count":5,"href":"https:\/\/tetakawi.com\/de\/wp-json\/wp\/v2\/pages\/23289\/revisions"}],"predecessor-version":[{"id":28528,"href":"https:\/\/tetakawi.com\/de\/wp-json\/wp\/v2\/pages\/23289\/revisions\/28528"}],"up":[{"embeddable":true,"href":"https:\/\/tetakawi.com\/de\/wp-json\/wp\/v2\/pages\/22517"}],"wp:attachment":[{"href":"https:\/\/tetakawi.com\/de\/wp-json\/wp\/v2\/media?parent=23289"}],"curies":[{"name":"wp","href":"https:\/\/api.w.org\/{rel}","templated":true}]}}