{"id":23288,"date":"2019-07-10T17:10:40","date_gmt":"2019-07-10T17:10:40","guid":{"rendered":"https:\/\/tetakawi.com\/losung-finden\/supportleistungen\/import-und-export\/"},"modified":"2019-08-10T02:15:14","modified_gmt":"2019-08-10T02:15:14","slug":"import-und-export","status":"publish","type":"page","link":"https:\/\/tetakawi.com\/de\/losung-finden\/supportleistungen\/import-und-export\/","title":{"rendered":"Import und Export"},"content":{"rendered":"<div class=\"vgblk-rw-wrapper limit-wrapper\"><h1>\n\tTetakawi \u2013 Serviceleistungen in den Bereichen Import und Export\n\t<\/h1>\n\t<style>.page-header-line {\n    display: block;\n    width: 60px;\n    height: 1px;\n    background: var(--vamtam-accent-color-4);\n    margin-top: 5px;\n    margin-bottom: 5px;\n    opacity: .7;\n}<\/style>\n\t<p>Sorgen Sie f\u00fcr einen raschen grenz\u00fcberschreitenden Transport, bei dem Ihre Waren ohne Verz\u00f6gerungen in Bewegung bleiben.<\/p>\n\t<h2>Waren ohne Verz\u00f6gerungen transportieren<\/h2>\n\t<p>Unsere Serviceleistungen in den Bereichen Import und Export basieren auf IES-Technologie, die f\u00fcr eine direkte und relevante Vernetzung mit s\u00e4mtlichen Stationen der Lieferkette sorgt. Dank Skaleneffekten und 33 Jahren Erfahrung bei der Optimierung des grenz\u00fcberschreitenden Warenverkehrs bleiben Ihre Waren bei voller Transparenz und der Einhaltung s\u00e4mtlicher Vorschriften in Bewegung.<\/p>\n\t<h2>Der umfassendste Import- und Exportservice am Markt<\/h2>\n\t\t\tGenehmigungen, Zertifikate und Eintragungen\n\t\t<ul>\n<li>Importeurregistrierung<\/li>\n<li>IMMEX-Eintragung<\/li>\n<li>PROSEC\/RULE8-Eintragung\/-Anmeldung<\/li>\n<li>MwSt.-Zertifizierung<\/li>\n<li>NEEC-\/OEA-Zertifizierung<\/li>\n<li>Importgenehmigungen (Holz, Chemikalien, radioaktive Stoffe, Verteidigung usw.)<\/li>\n<\/ul>\n\t\t\tDatenmanagement\n\t\t<ul>\n<li>Artikelstamm<\/li>\n<li>Frachtbrief<\/li>\n<li>Systemschnittstelle mit ERP<\/li>\n<li>Zollkontrollen<\/li>\n<\/ul>\n\t\t\tTransaktionsmanagement (ausgehend)\n\t\t<ul>\n<li>Beziehung zu und Abstimmung mit Zollagenten und Spediteuren<\/li>\n<li>Vorbereitung von Handelsrechnungen<\/li>\n<li>Pedimento-Bearbeitung und -Verwaltung<\/li>\n<li>Benachrichtigung vor Ankunft<\/li>\n<li>Grenzabfertigung, eingehende Kontroll\u00fcberwachung und Probleml\u00f6sung<\/li>\n<\/ul>\n\t\t\tEinhaltung mexikanischer Gesetze und Bestimmungen\n\t\t<ul>\n<li>Warenklassifikation \u2013 HTSMX<\/li>\n<li>Anhang 24 und Anhang 31<\/li>\n<li>Bestandsabgleich, -f\u00e4lligkeit und -status\u00e4nderung<\/li>\n<li>NAFTA, EUR, MERCOSUR usw.<\/li>\n<li>PROSEC und RULE8 (Zollsenkung)<\/li>\n<li>Auditmanagement (intern und extern)<\/li>\n<li>Rechtliche Vertretung bei Zollangelegenheiten<\/li>\n<\/ul>\n\t\t\tCross Docking (USA\/Mexiko)\n\t\t<ul><li>Frachtumschlag<\/li><li>Frachtinhaltsbestimmung<\/li><li>Berichte \u00fcber Frachtabweichungen und -besch\u00e4digungen sowie entsprechende Problembehebung<\/li><li>Frachtbearbeitung und -kontrolle vor und nach Grenz\u00fcbertritt<\/li><\/ul>\n\t\t\tVirtuelle Zolltransaktionen\n\t\t<ul>\n<li>Vorbereitung von Handelsrechnungen<\/li>\n<li>Virtuelles Beziehungsmanagement (Importeure und Exporteure)<\/li>\n<li>Pedimento (\u00d6ffnen, Schlie\u00dfen und Problembehebung)<\/li>\n<\/ul>\n\t\t\tEinhaltung US-amerikanischer Gesetze und Bestimmungen\n\t\t<ul>\n<li>Warenklassifikation \u2013 HTSUS<\/li>\n<li>CBP-Beziehungen<\/li>\n<li>ITAR (MLAs und TAAs)<\/li>\n<li>Exportverwaltung<\/li>\n<li>CBP AES<\/li>\n<li>CBP ACE, ACS, ATS, PAPS, ABI, SCAC<\/li>\n<li>Kennzeichnung entsprechend Herkunftsland<\/li>\n<li>Wertbestimmung und Abgleich<\/li>\n<li>vor Anmeldung<\/li>\n<li>NAFTA<\/li>\n<li>Zollnachlass<\/li>\n<li>Auditmanagement<\/li>\n<\/ul>\n\t\t\tTransaktionsmanagement (eingehend)\n\t\t<ul>\n<li>Beziehung zu und Abstimmung mit Zollagenten und Spediteuren<\/li>\n<li>Kontrolle vor Grenz\u00fcbergang<\/li>\n<li>Vorbereitung von Handelsrechnungen<\/li>\n<li>Zollberechnung und Anwendung von Zollsenkungsprogrammen<\/li>\n<li>Handelsvereinbarungsberechtigung<\/li>\n<li>Pedimento-Bearbeitung und -Management<\/li>\n<li>Bearbeitung von Ausfuhranmeldungen<\/li>\n<li>Grenzabfertigung, eingehende Kontroll\u00fcberwachung und Probleml\u00f6sung<\/li>\n<\/ul>\n\t\t\tSonstiges\n\t\t<ul>\n<li>Recordkeeping und ISO 9001:2015<\/li>\n<li>Zollkontrollsoftware<\/li>\n<li>Fortlaufende Weiterbildung und Gesetzes\u00e4nderungen<\/li>\n<li>Services nach Gesch\u00e4ftsschluss und Expressservices<\/li>\n<\/ul>\n<h2>\n\tSie m\u00f6chten f\u00fcr einen raschen grenz\u00fcberschreitenden Transport sorgen, bei dem Ihre Waren ohne Verz\u00f6gerungen in Bewegung bleiben?\n\t<\/h2>\n\t<a href=\"\/de\/kontakt\/\" target=\"_self\" role=\"button\" rel=\"noopener noreferrer\">\n\t\t\t\t\tKontakt\n\t<\/a>\n<\/div><!-- .vgblk-rw-wrapper -->","protected":false},"excerpt":{"rendered":"<p>Tetakawi \u2013 Serviceleistungen in den Bereichen Import und Export Sorgen Sie f\u00fcr einen raschen grenz\u00fcberschreitenden Transport, bei dem Ihre Waren ohne Verz\u00f6gerungen in Bewegung bleiben. Waren ohne Verz\u00f6gerungen transportieren Unsere Serviceleistungen in den Bereichen Import und Export basieren auf IES-Technologie, die f\u00fcr eine direkte und relevante Vernetzung mit s\u00e4mtlichen Stationen der Lieferkette sorgt. Dank Skaleneffekten&#8230;<\/p>\n","protected":false},"author":1,"featured_media":0,"parent":23168,"menu_order":0,"comment_status":"closed","ping_status":"closed","template":"","meta":{"content-type":"","_monsterinsights_skip_tracking":false,"_monsterinsights_sitenote_active":false,"_monsterinsights_sitenote_note":"","_monsterinsights_sitenote_category":0},"yoast_head":"<!-- This site is optimized with the Yoast SEO Premium plugin v20.6 (Yoast SEO v20.6) - https:\/\/yoast.com\/wordpress\/plugins\/seo\/ -->\n<title>Tetakawi | Import und Export Serviceleistungen f\u00fcr die Fertigung in Mexiko<\/title>\n<meta name=\"description\" content=\"Wir koordinieren in Zusammenarbeit mit Experten Ihren Import und Export. Selbstverst\u00e4ndlich gew\u00e4hrleisten wir dabei die Einhaltung s\u00e4mtlicher Einfuhr- und Zollbestimmungen.\" \/>\n<meta name=\"robots\" content=\"index, follow, max-snippet:-1, max-image-preview:large, max-video-preview:-1\" \/>\n<link rel=\"canonical\" href=\"https:\/\/tetakawi.com\/de\/losung-finden\/supportleistungen\/import-und-export\/\" \/>\n<meta property=\"og:locale\" content=\"de_DE\" \/>\n<meta property=\"og:type\" content=\"article\" \/>\n<meta property=\"og:title\" content=\"Import und Export\" \/>\n<meta property=\"og:description\" content=\"Wir koordinieren in Zusammenarbeit mit Experten Ihren Import und Export. Selbstverst\u00e4ndlich gew\u00e4hrleisten wir dabei die Einhaltung s\u00e4mtlicher Einfuhr- und Zollbestimmungen.\" \/>\n<meta property=\"og:url\" content=\"https:\/\/tetakawi.com\/de\/losung-finden\/supportleistungen\/import-und-export\/\" \/>\n<meta property=\"og:site_name\" content=\"Tetakawi\" \/>\n<meta property=\"article:modified_time\" content=\"2019-08-10T02:15:14+00:00\" \/>\n<meta name=\"twitter:card\" content=\"summary_large_image\" \/>\n<meta name=\"twitter:label1\" content=\"Gesch\u00e4tzte Lesezeit\" \/>\n\t<meta name=\"twitter:data1\" content=\"2\u00a0Minuten\" \/>\n<script type=\"application\/ld+json\" class=\"yoast-schema-graph\">{\"@context\":\"https:\/\/schema.org\",\"@graph\":[{\"@type\":\"WebPage\",\"@id\":\"https:\/\/tetakawi.com\/de\/losung-finden\/supportleistungen\/import-und-export\/\",\"url\":\"https:\/\/tetakawi.com\/de\/losung-finden\/supportleistungen\/import-und-export\/\",\"name\":\"Tetakawi | Import und Export Serviceleistungen f\u00fcr die Fertigung in Mexiko\",\"isPartOf\":{\"@id\":\"https:\/\/tetakawi.com\/#website\"},\"datePublished\":\"2019-07-10T17:10:40+00:00\",\"dateModified\":\"2019-08-10T02:15:14+00:00\",\"description\":\"Wir koordinieren in Zusammenarbeit mit Experten Ihren Import und Export. Selbstverst\u00e4ndlich gew\u00e4hrleisten wir dabei die Einhaltung s\u00e4mtlicher Einfuhr- und Zollbestimmungen.\",\"breadcrumb\":{\"@id\":\"https:\/\/tetakawi.com\/de\/losung-finden\/supportleistungen\/import-und-export\/#breadcrumb\"},\"inLanguage\":\"de\",\"potentialAction\":[{\"@type\":\"ReadAction\",\"target\":[\"https:\/\/tetakawi.com\/de\/losung-finden\/supportleistungen\/import-und-export\/\"]}]},{\"@type\":\"BreadcrumbList\",\"@id\":\"https:\/\/tetakawi.com\/de\/losung-finden\/supportleistungen\/import-und-export\/#breadcrumb\",\"itemListElement\":[{\"@type\":\"ListItem\",\"position\":1,\"name\":\"Home\",\"item\":\"https:\/\/tetakawi.com\/de\/\"},{\"@type\":\"ListItem\",\"position\":2,\"name\":\"L\u00f6sung finden\",\"item\":\"https:\/\/tetakawi.com\/de\/losung-finden\/\"},{\"@type\":\"ListItem\",\"position\":3,\"name\":\"Supportleistungen\",\"item\":\"https:\/\/tetakawi.com\/de\/losung-finden\/supportleistungen\/\"},{\"@type\":\"ListItem\",\"position\":4,\"name\":\"Import und Export\"}]},{\"@type\":\"WebSite\",\"@id\":\"https:\/\/tetakawi.com\/#website\",\"url\":\"https:\/\/tetakawi.com\/\",\"name\":\"Tetakawi\",\"description\":\"\",\"publisher\":{\"@id\":\"https:\/\/tetakawi.com\/#organization\"},\"potentialAction\":[{\"@type\":\"SearchAction\",\"target\":{\"@type\":\"EntryPoint\",\"urlTemplate\":\"https:\/\/tetakawi.com\/?s={search_term_string}\"},\"query-input\":\"required name=search_term_string\"}],\"inLanguage\":\"de\"}]}<\/script>\n<!-- \/ Yoast SEO Premium plugin. -->","yoast_head_json":{"title":"Tetakawi | Import und Export Serviceleistungen f\u00fcr die Fertigung in Mexiko","description":"Wir koordinieren in Zusammenarbeit mit Experten Ihren Import und Export. Selbstverst\u00e4ndlich gew\u00e4hrleisten wir dabei die Einhaltung s\u00e4mtlicher Einfuhr- und Zollbestimmungen.","robots":{"index":"index","follow":"follow","max-snippet":"max-snippet:-1","max-image-preview":"max-image-preview:large","max-video-preview":"max-video-preview:-1"},"canonical":"https:\/\/tetakawi.com\/de\/losung-finden\/supportleistungen\/import-und-export\/","og_locale":"de_DE","og_type":"article","og_title":"Import und Export","og_description":"Wir koordinieren in Zusammenarbeit mit Experten Ihren Import und Export. Selbstverst\u00e4ndlich gew\u00e4hrleisten wir dabei die Einhaltung s\u00e4mtlicher Einfuhr- und Zollbestimmungen.","og_url":"https:\/\/tetakawi.com\/de\/losung-finden\/supportleistungen\/import-und-export\/","og_site_name":"Tetakawi","article_modified_time":"2019-08-10T02:15:14+00:00","twitter_card":"summary_large_image","twitter_misc":{"Gesch\u00e4tzte Lesezeit":"2\u00a0Minuten"},"schema":{"@context":"https:\/\/schema.org","@graph":[{"@type":"WebPage","@id":"https:\/\/tetakawi.com\/de\/losung-finden\/supportleistungen\/import-und-export\/","url":"https:\/\/tetakawi.com\/de\/losung-finden\/supportleistungen\/import-und-export\/","name":"Tetakawi | Import und Export Serviceleistungen f\u00fcr die Fertigung in Mexiko","isPartOf":{"@id":"https:\/\/tetakawi.com\/#website"},"datePublished":"2019-07-10T17:10:40+00:00","dateModified":"2019-08-10T02:15:14+00:00","description":"Wir koordinieren in Zusammenarbeit mit Experten Ihren Import und Export. Selbstverst\u00e4ndlich gew\u00e4hrleisten wir dabei die Einhaltung s\u00e4mtlicher Einfuhr- und Zollbestimmungen.","breadcrumb":{"@id":"https:\/\/tetakawi.com\/de\/losung-finden\/supportleistungen\/import-und-export\/#breadcrumb"},"inLanguage":"de","potentialAction":[{"@type":"ReadAction","target":["https:\/\/tetakawi.com\/de\/losung-finden\/supportleistungen\/import-und-export\/"]}]},{"@type":"BreadcrumbList","@id":"https:\/\/tetakawi.com\/de\/losung-finden\/supportleistungen\/import-und-export\/#breadcrumb","itemListElement":[{"@type":"ListItem","position":1,"name":"Home","item":"https:\/\/tetakawi.com\/de\/"},{"@type":"ListItem","position":2,"name":"L\u00f6sung finden","item":"https:\/\/tetakawi.com\/de\/losung-finden\/"},{"@type":"ListItem","position":3,"name":"Supportleistungen","item":"https:\/\/tetakawi.com\/de\/losung-finden\/supportleistungen\/"},{"@type":"ListItem","position":4,"name":"Import und Export"}]},{"@type":"WebSite","@id":"https:\/\/tetakawi.com\/#website","url":"https:\/\/tetakawi.com\/","name":"Tetakawi","description":"","publisher":{"@id":"https:\/\/tetakawi.com\/#organization"},"potentialAction":[{"@type":"SearchAction","target":{"@type":"EntryPoint","urlTemplate":"https:\/\/tetakawi.com\/?s={search_term_string}"},"query-input":"required name=search_term_string"}],"inLanguage":"de"}]}},"_links":{"self":[{"href":"https:\/\/tetakawi.com\/de\/wp-json\/wp\/v2\/pages\/23288"}],"collection":[{"href":"https:\/\/tetakawi.com\/de\/wp-json\/wp\/v2\/pages"}],"about":[{"href":"https:\/\/tetakawi.com\/de\/wp-json\/wp\/v2\/types\/page"}],"author":[{"embeddable":true,"href":"https:\/\/tetakawi.com\/de\/wp-json\/wp\/v2\/users\/1"}],"replies":[{"embeddable":true,"href":"https:\/\/tetakawi.com\/de\/wp-json\/wp\/v2\/comments?post=23288"}],"version-history":[{"count":5,"href":"https:\/\/tetakawi.com\/de\/wp-json\/wp\/v2\/pages\/23288\/revisions"}],"predecessor-version":[{"id":24940,"href":"https:\/\/tetakawi.com\/de\/wp-json\/wp\/v2\/pages\/23288\/revisions\/24940"}],"up":[{"embeddable":true,"href":"https:\/\/tetakawi.com\/de\/wp-json\/wp\/v2\/pages\/23168"}],"wp:attachment":[{"href":"https:\/\/tetakawi.com\/de\/wp-json\/wp\/v2\/media?parent=23288"}],"curies":[{"name":"wp","href":"https:\/\/api.w.org\/{rel}","templated":true}]}}