{"id":23287,"date":"2019-07-10T17:10:40","date_gmt":"2019-07-10T17:10:40","guid":{"rendered":"https:\/\/tetakawi.com\/losung-finden\/supportleistungen\/betriebsgrundung\/"},"modified":"2023-08-01T00:42:26","modified_gmt":"2023-08-01T00:42:26","slug":"betriebsgrundung","status":"publish","type":"page","link":"https:\/\/tetakawi.com\/de\/losung-finden\/supportleistungen\/betriebsgrundung\/","title":{"rendered":"Betriebsgr\u00fcndung"},"content":{"rendered":"<div class=\"vgblk-rw-wrapper limit-wrapper\">\n<h1>\n\tBetriebsgr\u00fcndung Serviceleistungen mit Tetakawi\n\t<\/h1>\n\t<style>.page-header-line {\n    display: block;\n    width: 60px;\n    height: 1px;\n    background: var(--vamtam-accent-color-4);\n    margin-top: 5px;\n    margin-bottom: 5px;\n    opacity: .7;\n}<\/style>\n\t<p>Mit Unterst\u00fctzung von Tetakawi als verl\u00e4sslichem Partner k\u00f6nnen Sie Ihren Betrieb in Mexiko schnell und zuverl\u00e4ssig gr\u00fcnden und Ihre Gesch\u00e4ftst\u00e4tigkeit ausbauen. Mit uns in die Selbstst\u00e4ndigkeit Ihres Unternehmens.<\/p>\n<h2>\n\tUnterst\u00fctzung bei der Betriebsgr\u00fcndung in Mexiko\n\t<\/h2>\n\t<p>Indem Sie unsere Kompetenz, unser Support-Netzwerk und unseren Skaleneffekt f\u00fcr Ihre Betriebsgr\u00fcndung nutzen, verk\u00fcrzen Sie die mitunter langwierige und kostenintensive Gr\u00fcndungsphase und den Gesch\u00e4ftsstart f\u00fcr Fertigungsstandorte in Mexiko.<\/p>\n<h2>\n\tSchritte zur Gr\u00fcndung Ihre Unternehmens in Mexiko\n\t<\/h2>\n\t<p>Mit unserem 4-Phasen-Programm realisieren Sie die Werksgr\u00fcndung in nur drei Monaten.<\/p>\n<h3>\n\tPhase 1: VORBEREITUNG\n\t<\/h3>\n\t<p>F\u00fcr den Einstieg auf dem mexikanischen Markt ist der Aufbau der passenden rechtlichen,gesetzlichen, organisatorischen und unterst\u00fctzenden Strukturen grundlegend. Tetakawi bietet Ihnen Hilfestellung in folgenden Bereichen:<\/p>\n<ul>\n<li>Ausgestaltung von Rechtstr\u00e4gern<\/li>\n<li>Etablierung von Support-Netzwerken<\/li>\n<li>Auswahl und Entwicklung konformer Standorte<\/li>\n<li>Sch\u00e4tzung der Investitions- und laufenden Kosten<\/li>\n<li>Entwicklung von Personal und Kompetenzen<\/li>\n<li>Pr\u00fcfung von Lieferkette und Logistik<\/li>\n<li>Pr\u00fcfung von Technologietransfer und Informationssystemen<\/li>\n<li>Risikoeinsch\u00e4tzung<\/li>\n<li>Pr\u00fcfung der n\u00f6tigen Versicherung, wie Krankenversicherung<\/li>\n<\/ul>\n\t\t\t\t\t\t\t\t\t\t<img loading=\"lazy\" src=\"https:\/\/tetakawi.com\/wp-content\/uploads\/2019\/04\/start-up-prepare-tetakawi.jpg\" alt=\"Betriebsgr\u00fcndung (Vorbereitung) - Tetakawi\" itemprop=\"image\" height=\"667\" width=\"1000\" title=\"start-up-prepare-tetakawi\" onerror=\"this.style.display='none'\"  sizes=\"(max-width: 768px) 100vw, 100vw\" srcset=\"data:image\/svg+xml;utf8,&lt;svg%20xmlns=&quot;http:\/\/www.w3.org\/2000\/svg&quot;%20viewBox=&quot;0%200%201000%20667&quot;%20height=&quot;667px&quot;%20width=&quot;1000px&quot;\/&gt;\" data-srcset=\"https:\/\/tetakawi.com\/wp-content\/uploads\/2019\/04\/start-up-prepare-tetakawi.jpg 1000w, https:\/\/tetakawi.com\/wp-content\/uploads\/2019\/04\/start-up-prepare-tetakawi-300x200.jpg 300w, https:\/\/tetakawi.com\/wp-content\/uploads\/2019\/04\/start-up-prepare-tetakawi-768x512.jpg 768w, https:\/\/tetakawi.com\/wp-content\/uploads\/2019\/04\/start-up-prepare-tetakawi-630x420.jpg 630w, https:\/\/tetakawi.com\/wp-content\/uploads\/2019\/04\/start-up-prepare-tetakawi-420x280.jpg 420w, https:\/\/tetakawi.com\/wp-content\/uploads\/2019\/04\/start-up-prepare-tetakawi-840x560.jpg 840w, https:\/\/tetakawi.com\/wp-content\/uploads\/2019\/04\/start-up-prepare-tetakawi-315x210.jpg 315w\" \/>\t\t\t\t\t\t\t\n\t\t\t\t\t\t\t\t\t\t<img loading=\"lazy\" src=\"https:\/\/tetakawi.com\/wp-content\/uploads\/2019\/04\/start-up-launch-tetakawi.jpg\" alt=\"Betriebsgr\u00fcndung (Start) - Tetakawi\" itemprop=\"image\" height=\"666\" width=\"1000\" title=\"start-up-launch-tetakawi\" onerror=\"this.style.display='none'\"  sizes=\"(max-width: 768px) 100vw, 100vw\" srcset=\"data:image\/svg+xml;utf8,&lt;svg%20xmlns=&quot;http:\/\/www.w3.org\/2000\/svg&quot;%20viewBox=&quot;0%200%201000%20666&quot;%20height=&quot;666px&quot;%20width=&quot;1000px&quot;\/&gt;\" data-srcset=\"https:\/\/tetakawi.com\/wp-content\/uploads\/2019\/04\/start-up-launch-tetakawi.jpg 1000w, https:\/\/tetakawi.com\/wp-content\/uploads\/2019\/04\/start-up-launch-tetakawi-300x200.jpg 300w, https:\/\/tetakawi.com\/wp-content\/uploads\/2019\/04\/start-up-launch-tetakawi-768x511.jpg 768w, https:\/\/tetakawi.com\/wp-content\/uploads\/2019\/04\/start-up-launch-tetakawi-630x420.jpg 630w, https:\/\/tetakawi.com\/wp-content\/uploads\/2019\/04\/start-up-launch-tetakawi-420x280.jpg 420w, https:\/\/tetakawi.com\/wp-content\/uploads\/2019\/04\/start-up-launch-tetakawi-840x559.jpg 840w, https:\/\/tetakawi.com\/wp-content\/uploads\/2019\/04\/start-up-launch-tetakawi-315x210.jpg 315w\" \/>\t\t\t\t\t\t\t\n<h3>\n\tPhase 2: START\n\t<\/h3>\n\t<p>Sobald die Vorbereitungen abgeschlossen sind, geht es im n\u00e4chsten Schritt darum, die Planung f\u00fcr den Beginn der Produktion in der Anlage voranzubringen. Dazu z\u00e4hlen Transfer, Einrichtung und Schulung. Tetakawi bietet Ihnen Hilfestellung in folgenden Bereichen:<\/p>\n<ul>\n<li>Immobilien und Versorgungsinfrastruktur<\/li>\n<li>Produktionsassets und -technologie<\/li>\n<li>Produktionsmaterialien<\/li>\n<li>Strategie zur Lohngestaltung und Mitarbeiterbindung<\/li>\n<li>Stellenbeschreibungen und Anwerbung<\/li>\n<li>Schulung<\/li>\n<li>Produktion<\/li>\n<li>Qualit\u00e4tskontrolle<\/li>\n<li>Lieferung<\/li>\n<li>Compliance-Prozesse<\/li>\n<\/ul>\n<h3>\n\tPhase 3: BETRIEB\n\t<\/h3>\n\t<p>Der Betrieb beginnt mit der Produktion, gefolgt von laufenden Ma\u00dfnahmen und Support, mit denen sich sicherstellen l\u00e4sst, dass die Erwartungen von Kunden und Aktion\u00e4ren bei der Gr\u00fcndung erf\u00fcllt werden. Tetakawi bietet Ihnen Hilfestellung in folgenden Bereichen:<\/p>\n<ul>\n<li>Laufendes Mitarbeiter-Recruiting<\/li>\n<li>Ma\u00dfnahmen zur Mitarbeiterbindung<\/li>\n<li>Betriebskostenmanagement<\/li>\n<li>Entwicklung von Lieferkette und Logistik<\/li>\n<li>Einhaltung gesetzlicher Bestimmungen<\/li>\n<li>Risikomanagement<\/li>\n<li>Entwicklung eines Support-Netzwerks<\/li>\n<\/ul>\n\t\t\t\t\t\t\t\t\t\t<img loading=\"lazy\" src=\"https:\/\/tetakawi.com\/wp-content\/uploads\/2019\/04\/start-up-operate-tetakawi.jpg\" alt=\"Betriebsgr\u00fcndung (Betrieb) - Tetakawi\" itemprop=\"image\" height=\"563\" width=\"1000\" title=\"start-up-operate-tetakawi\" onerror=\"this.style.display='none'\"  sizes=\"(max-width: 768px) 100vw, 100vw\" srcset=\"data:image\/svg+xml;utf8,&lt;svg%20xmlns=&quot;http:\/\/www.w3.org\/2000\/svg&quot;%20viewBox=&quot;0%200%201000%20563&quot;%20height=&quot;563px&quot;%20width=&quot;1000px&quot;\/&gt;\" data-srcset=\"https:\/\/tetakawi.com\/wp-content\/uploads\/2019\/04\/start-up-operate-tetakawi.jpg 1000w, https:\/\/tetakawi.com\/wp-content\/uploads\/2019\/04\/start-up-operate-tetakawi-300x169.jpg 300w, https:\/\/tetakawi.com\/wp-content\/uploads\/2019\/04\/start-up-operate-tetakawi-768x432.jpg 768w, https:\/\/tetakawi.com\/wp-content\/uploads\/2019\/04\/start-up-operate-tetakawi-630x355.jpg 630w, https:\/\/tetakawi.com\/wp-content\/uploads\/2019\/04\/start-up-operate-tetakawi-420x236.jpg 420w, https:\/\/tetakawi.com\/wp-content\/uploads\/2019\/04\/start-up-operate-tetakawi-840x473.jpg 840w, https:\/\/tetakawi.com\/wp-content\/uploads\/2019\/04\/start-up-operate-tetakawi-315x177.jpg 315w\" \/>\t\t\t\t\t\t\t\n\t\t\t\t\t\t\t\t\t\t<img loading=\"lazy\" src=\"https:\/\/tetakawi.com\/wp-content\/uploads\/2019\/04\/tetakawi-people.jpg\" alt=\"Unsere Mitarbeiter - Tetakawi\" itemprop=\"image\" height=\"922\" width=\"1382\" title=\"tetakawi-people\" onerror=\"this.style.display='none'\"  sizes=\"(max-width: 768px) 100vw, 100vw\" srcset=\"data:image\/svg+xml;utf8,&lt;svg%20xmlns=&quot;http:\/\/www.w3.org\/2000\/svg&quot;%20viewBox=&quot;0%200%201382%20922&quot;%20height=&quot;922px&quot;%20width=&quot;1382px&quot;\/&gt;\" data-srcset=\"https:\/\/tetakawi.com\/wp-content\/uploads\/2019\/04\/tetakawi-people.jpg 1382w, https:\/\/tetakawi.com\/wp-content\/uploads\/2019\/04\/tetakawi-people-300x200.jpg 300w, https:\/\/tetakawi.com\/wp-content\/uploads\/2019\/04\/tetakawi-people-768x512.jpg 768w, https:\/\/tetakawi.com\/wp-content\/uploads\/2019\/04\/tetakawi-people-1024x683.jpg 1024w, https:\/\/tetakawi.com\/wp-content\/uploads\/2019\/04\/tetakawi-people-1260x841.jpg 1260w, https:\/\/tetakawi.com\/wp-content\/uploads\/2019\/04\/tetakawi-people-630x420.jpg 630w, https:\/\/tetakawi.com\/wp-content\/uploads\/2019\/04\/tetakawi-people-420x280.jpg 420w, https:\/\/tetakawi.com\/wp-content\/uploads\/2019\/04\/tetakawi-people-840x560.jpg 840w, https:\/\/tetakawi.com\/wp-content\/uploads\/2019\/04\/tetakawi-people-315x210.jpg 315w\" \/>\t\t\t\t\t\t\t\n<h3>\n\tPhase 4: WACHSTUM\n\t<\/h3>\n\t<p>Sie haben es geschafft, der Betrieb l\u00e4uft, die Unternehmensgr\u00fcndung ist gegl\u00fcckt. Durch die Planung und Optimierung einer langfristigen Strategie f\u00fcr Ihr Unternehmen stellen Sie die Weichen auf zuk\u00fcnftiges Wachstum. Tetakawi bietet Ihnen Hilfestellung in folgenden Bereichen:<\/p>\n<ul>\n<li>Verringerung der Betriebskosten<\/li>\n<li>Materiallieferung und -kosten<\/li>\n<li>Anpassung von externen Funktionen<\/li>\n<li>Mitarbeiterbindung<\/li>\n<li>Fortlaufendes Risikomanagement<\/li>\n<li>Fortlaufende Integration von Kundenw\u00fcnschen<\/li>\n<\/ul>\n<h4>\n\tWenden Sie sich an Ihren Ansprechpartner bei Tetakawi, wenn Sie mehr \u00fcber unsere Betriebsgr\u00fcndungsservices erfahren m\u00f6chten. Erfahren Sie als Gr\u00fcnder eines Unternehmens im Detail \u00fcber das Er\u00f6ffnen, Gr\u00fcnden und Steuern eines Betriebs mit Tetakawi.\n\t<\/h4>\n\t<a href=\"\/de\/kontakt\/\" target=\"_self\" role=\"button\" rel=\"noopener\">\n\t\t\t\t\tKontakt\n\t<\/a>\n\n<\/div><!-- .vgblk-rw-wrapper -->","protected":false},"excerpt":{"rendered":"<p>Betriebsgr\u00fcndung Serviceleistungen mit Tetakawi Mit Unterst\u00fctzung von Tetakawi als verl\u00e4sslichem Partner k\u00f6nnen Sie Ihren Betrieb in Mexiko schnell und zuverl\u00e4ssig gr\u00fcnden und Ihre Gesch\u00e4ftst\u00e4tigkeit ausbauen. Mit uns in die Selbstst\u00e4ndigkeit Ihres Unternehmens. Unterst\u00fctzung bei der Betriebsgr\u00fcndung in Mexiko Indem Sie unsere Kompetenz, unser Support-Netzwerk und unseren Skaleneffekt f\u00fcr Ihre Betriebsgr\u00fcndung nutzen, verk\u00fcrzen Sie die mitunter&#8230;<\/p>\n","protected":false},"author":1,"featured_media":0,"parent":23168,"menu_order":0,"comment_status":"closed","ping_status":"closed","template":"","meta":{"content-type":"","_monsterinsights_skip_tracking":false,"_monsterinsights_sitenote_active":false,"_monsterinsights_sitenote_note":"","_monsterinsights_sitenote_category":0},"yoast_head":"<!-- This site is optimized with the Yoast SEO Premium plugin v20.6 (Yoast SEO v20.6) - https:\/\/yoast.com\/wordpress\/plugins\/seo\/ -->\n<title>Tetakawi | Betriebsgr\u00fcndung Serviceleistungen f\u00fcr die Fertigung in Mexiko<\/title>\n<meta name=\"description\" content=\"Nutzen Sie beim Aufbau Ihres Fertigungsstandorts in Mexiko Tetakawis Fachwissen, Infrastruktur, Support-Netzwerk und Skaleneffekt.\" \/>\n<meta name=\"robots\" content=\"index, follow, max-snippet:-1, max-image-preview:large, max-video-preview:-1\" \/>\n<link rel=\"canonical\" href=\"https:\/\/tetakawi.com\/de\/losung-finden\/supportleistungen\/betriebsgrundung\/\" \/>\n<meta property=\"og:locale\" content=\"de_DE\" \/>\n<meta property=\"og:type\" content=\"article\" \/>\n<meta property=\"og:title\" content=\"Betriebsgr\u00fcndung\" \/>\n<meta property=\"og:description\" content=\"Nutzen Sie beim Aufbau Ihres Fertigungsstandorts in Mexiko Tetakawis Fachwissen, Infrastruktur, Support-Netzwerk und Skaleneffekt.\" \/>\n<meta property=\"og:url\" content=\"https:\/\/tetakawi.com\/de\/losung-finden\/supportleistungen\/betriebsgrundung\/\" \/>\n<meta property=\"og:site_name\" content=\"Tetakawi\" \/>\n<meta property=\"article:modified_time\" content=\"2023-08-01T00:42:26+00:00\" \/>\n<meta property=\"og:image\" content=\"https:\/\/tetakawi.com\/wp-content\/uploads\/2019\/04\/start-up-prepare-tetakawi.jpg\" \/>\n<meta name=\"twitter:card\" content=\"summary_large_image\" \/>\n<meta name=\"twitter:label1\" content=\"Gesch\u00e4tzte Lesezeit\" \/>\n\t<meta name=\"twitter:data1\" content=\"2\u00a0Minuten\" \/>\n<script type=\"application\/ld+json\" class=\"yoast-schema-graph\">{\"@context\":\"https:\/\/schema.org\",\"@graph\":[{\"@type\":\"WebPage\",\"@id\":\"https:\/\/tetakawi.com\/de\/losung-finden\/supportleistungen\/betriebsgrundung\/\",\"url\":\"https:\/\/tetakawi.com\/de\/losung-finden\/supportleistungen\/betriebsgrundung\/\",\"name\":\"Tetakawi | Betriebsgr\u00fcndung Serviceleistungen f\u00fcr die Fertigung in Mexiko\",\"isPartOf\":{\"@id\":\"https:\/\/tetakawi.com\/#website\"},\"datePublished\":\"2019-07-10T17:10:40+00:00\",\"dateModified\":\"2023-08-01T00:42:26+00:00\",\"description\":\"Nutzen Sie beim Aufbau Ihres Fertigungsstandorts in Mexiko Tetakawis Fachwissen, Infrastruktur, Support-Netzwerk und Skaleneffekt.\",\"breadcrumb\":{\"@id\":\"https:\/\/tetakawi.com\/de\/losung-finden\/supportleistungen\/betriebsgrundung\/#breadcrumb\"},\"inLanguage\":\"de\",\"potentialAction\":[{\"@type\":\"ReadAction\",\"target\":[\"https:\/\/tetakawi.com\/de\/losung-finden\/supportleistungen\/betriebsgrundung\/\"]}]},{\"@type\":\"BreadcrumbList\",\"@id\":\"https:\/\/tetakawi.com\/de\/losung-finden\/supportleistungen\/betriebsgrundung\/#breadcrumb\",\"itemListElement\":[{\"@type\":\"ListItem\",\"position\":1,\"name\":\"Home\",\"item\":\"https:\/\/tetakawi.com\/de\/\"},{\"@type\":\"ListItem\",\"position\":2,\"name\":\"L\u00f6sung finden\",\"item\":\"https:\/\/tetakawi.com\/de\/losung-finden\/\"},{\"@type\":\"ListItem\",\"position\":3,\"name\":\"Supportleistungen\",\"item\":\"https:\/\/tetakawi.com\/de\/losung-finden\/supportleistungen\/\"},{\"@type\":\"ListItem\",\"position\":4,\"name\":\"Betriebsgr\u00fcndung\"}]},{\"@type\":\"WebSite\",\"@id\":\"https:\/\/tetakawi.com\/#website\",\"url\":\"https:\/\/tetakawi.com\/\",\"name\":\"Tetakawi\",\"description\":\"\",\"publisher\":{\"@id\":\"https:\/\/tetakawi.com\/#organization\"},\"potentialAction\":[{\"@type\":\"SearchAction\",\"target\":{\"@type\":\"EntryPoint\",\"urlTemplate\":\"https:\/\/tetakawi.com\/?s={search_term_string}\"},\"query-input\":\"required name=search_term_string\"}],\"inLanguage\":\"de\"}]}<\/script>\n<!-- \/ Yoast SEO Premium plugin. -->","yoast_head_json":{"title":"Tetakawi | Betriebsgr\u00fcndung Serviceleistungen f\u00fcr die Fertigung in Mexiko","description":"Nutzen Sie beim Aufbau Ihres Fertigungsstandorts in Mexiko Tetakawis Fachwissen, Infrastruktur, Support-Netzwerk und Skaleneffekt.","robots":{"index":"index","follow":"follow","max-snippet":"max-snippet:-1","max-image-preview":"max-image-preview:large","max-video-preview":"max-video-preview:-1"},"canonical":"https:\/\/tetakawi.com\/de\/losung-finden\/supportleistungen\/betriebsgrundung\/","og_locale":"de_DE","og_type":"article","og_title":"Betriebsgr\u00fcndung","og_description":"Nutzen Sie beim Aufbau Ihres Fertigungsstandorts in Mexiko Tetakawis Fachwissen, Infrastruktur, Support-Netzwerk und Skaleneffekt.","og_url":"https:\/\/tetakawi.com\/de\/losung-finden\/supportleistungen\/betriebsgrundung\/","og_site_name":"Tetakawi","article_modified_time":"2023-08-01T00:42:26+00:00","og_image":[{"url":"https:\/\/tetakawi.com\/wp-content\/uploads\/2019\/04\/start-up-prepare-tetakawi.jpg"}],"twitter_card":"summary_large_image","twitter_misc":{"Gesch\u00e4tzte Lesezeit":"2\u00a0Minuten"},"schema":{"@context":"https:\/\/schema.org","@graph":[{"@type":"WebPage","@id":"https:\/\/tetakawi.com\/de\/losung-finden\/supportleistungen\/betriebsgrundung\/","url":"https:\/\/tetakawi.com\/de\/losung-finden\/supportleistungen\/betriebsgrundung\/","name":"Tetakawi | Betriebsgr\u00fcndung Serviceleistungen f\u00fcr die Fertigung in Mexiko","isPartOf":{"@id":"https:\/\/tetakawi.com\/#website"},"datePublished":"2019-07-10T17:10:40+00:00","dateModified":"2023-08-01T00:42:26+00:00","description":"Nutzen Sie beim Aufbau Ihres Fertigungsstandorts in Mexiko Tetakawis Fachwissen, Infrastruktur, Support-Netzwerk und Skaleneffekt.","breadcrumb":{"@id":"https:\/\/tetakawi.com\/de\/losung-finden\/supportleistungen\/betriebsgrundung\/#breadcrumb"},"inLanguage":"de","potentialAction":[{"@type":"ReadAction","target":["https:\/\/tetakawi.com\/de\/losung-finden\/supportleistungen\/betriebsgrundung\/"]}]},{"@type":"BreadcrumbList","@id":"https:\/\/tetakawi.com\/de\/losung-finden\/supportleistungen\/betriebsgrundung\/#breadcrumb","itemListElement":[{"@type":"ListItem","position":1,"name":"Home","item":"https:\/\/tetakawi.com\/de\/"},{"@type":"ListItem","position":2,"name":"L\u00f6sung finden","item":"https:\/\/tetakawi.com\/de\/losung-finden\/"},{"@type":"ListItem","position":3,"name":"Supportleistungen","item":"https:\/\/tetakawi.com\/de\/losung-finden\/supportleistungen\/"},{"@type":"ListItem","position":4,"name":"Betriebsgr\u00fcndung"}]},{"@type":"WebSite","@id":"https:\/\/tetakawi.com\/#website","url":"https:\/\/tetakawi.com\/","name":"Tetakawi","description":"","publisher":{"@id":"https:\/\/tetakawi.com\/#organization"},"potentialAction":[{"@type":"SearchAction","target":{"@type":"EntryPoint","urlTemplate":"https:\/\/tetakawi.com\/?s={search_term_string}"},"query-input":"required name=search_term_string"}],"inLanguage":"de"}]}},"_links":{"self":[{"href":"https:\/\/tetakawi.com\/de\/wp-json\/wp\/v2\/pages\/23287"}],"collection":[{"href":"https:\/\/tetakawi.com\/de\/wp-json\/wp\/v2\/pages"}],"about":[{"href":"https:\/\/tetakawi.com\/de\/wp-json\/wp\/v2\/types\/page"}],"author":[{"embeddable":true,"href":"https:\/\/tetakawi.com\/de\/wp-json\/wp\/v2\/users\/1"}],"replies":[{"embeddable":true,"href":"https:\/\/tetakawi.com\/de\/wp-json\/wp\/v2\/comments?post=23287"}],"version-history":[{"count":5,"href":"https:\/\/tetakawi.com\/de\/wp-json\/wp\/v2\/pages\/23287\/revisions"}],"predecessor-version":[{"id":28530,"href":"https:\/\/tetakawi.com\/de\/wp-json\/wp\/v2\/pages\/23287\/revisions\/28530"}],"up":[{"embeddable":true,"href":"https:\/\/tetakawi.com\/de\/wp-json\/wp\/v2\/pages\/23168"}],"wp:attachment":[{"href":"https:\/\/tetakawi.com\/de\/wp-json\/wp\/v2\/media?parent=23287"}],"curies":[{"name":"wp","href":"https:\/\/api.w.org\/{rel}","templated":true}]}}