{"id":23286,"date":"2019-07-10T17:10:39","date_gmt":"2019-07-10T17:10:39","guid":{"rendered":"https:\/\/tetakawi.com\/beratungsleistungen\/zollanalyse\/"},"modified":"2019-08-10T00:52:08","modified_gmt":"2019-08-10T00:52:08","slug":"zollanalyse","status":"publish","type":"page","link":"https:\/\/tetakawi.com\/de\/losung-finden\/beratungsleistungen\/zollanalyse\/","title":{"rendered":"Zollanalyse"},"content":{"rendered":"<div class=\"vgblk-rw-wrapper limit-wrapper\">\n\t<h3>M\u00f6chten Sie internationale Zollvorteile maximieren?<\/h3>\n<p>In einer sich rasant ver\u00e4ndernden Handelsumgebung passiert es schnell, dass Sie zu hohe Geb\u00fchren zahlen oder rechtliche Risiken aufgrund der Verletzung von Bestimmungen eingehen. Die meisten Unternehmen k\u00f6nnen nicht die Ressourcen aufwenden, die erforderlich sind, um sicherzustellen, dass ihre Waren ordnungsgem\u00e4\u00df klassifiziert sind und dass sie alle M\u00f6glichkeiten zur Kostensenkung wahrnehmen.\u00a0Die L\u00f6sung ist eine exakte, zuverl\u00e4ssige Beratung durch Experten, die \u00fcber die Zeit, Kompetenz und Erfahrung verf\u00fcgen, Ihre Waren ordnungsgem\u00e4\u00df zu klassifizieren und die f\u00fcr Sie optimale Einfuhrstrategie zu ermitteln.<\/p>\n<h3>Wie ermitteln Sie die richtige Zollstrategie?<\/h3>\n<p><strong>Klassifikation:<\/strong> Bei der Entwicklung einer Zollstrategie sollten Sie zun\u00e4chst sicherstellen, dass Ihre Waren ordnungsgem\u00e4\u00df klassifiziert werden und dass Sie auch bei m\u00f6glichen Schwierigkeiten zu Ihrer Entscheidung stehen. In vielen F\u00e4llen ist die korrekte Klassifikation gar nicht so einfach. Manchmal ist es notwendig, zu wissen, wie Zollbeamte Ihre Entscheidung bei der Zolltarifnummer auslegen, um die entsprechenden Dokumente bereitzustellen. Hat die Transformation stattgefunden? Eine Antwort auf diese Frage und die Dokumentation des Ergebnisses sind f\u00fcr die Ursprungsregeln entscheidend.<\/p>\n<p><strong>Zolltarife und -geb\u00fchren:<\/strong> Die jeweiligen Zolltarife und -geb\u00fchren ergeben sich aus der Klassifikation und der Herkunft der betreffenden Waren. Aber selbst wenn ein Posten Zolltarifen oder -geb\u00fchren unterliegt, k\u00f6nnen Sie m\u00f6glicherweise Programme zur Befreiung in Anspruch nehmen. Um zu entscheiden, welche Programme f\u00fcr Sie gelten, wie Sie diese in Anspruch nehmen k\u00f6nnen und welche Voraussetzungen f\u00fcr die Programme gelten, m\u00fcssen Sie die verf\u00fcgbaren Optionen kennen und Ver\u00e4nderungen im Auge behalten, die Auswirkungen auf die Regeln haben.<\/p>\n<p><strong>Freihandelsabkommen:<\/strong> Mexiko verf\u00fcgt \u00fcber mehr Freihandelsabkommen als jedes andere Land. Daraus ergeben sich viele M\u00f6glichkeiten f\u00fcr zollfreien Handel, jedoch auch komplexe Regeln f\u00fcr Waren, die im Rahmen eines Abkommens importiert und dann im Rahmen eines anderen exportiert werden. Nur weil ein Posten zollfrei nach Mexiko importiert wurde, bedeutet dies nicht zwangsl\u00e4ufig, dass das fertige Produkt gleicherma\u00dfen zollfrei an einen anderen Freihandelspartner exportiert werden kann.<\/p>\n<p><strong>Sanktionen und Probleme: <\/strong>Mit einem guten Plan lassen sich die meisten Probleme vermeiden, jedoch geh\u00f6ren zu einer wirksamen Zollstrategie auch die Antizipierung und Behebung von Fehlern und Unstimmigkeiten. Zoll- und Grenzbeamte k\u00f6nnen eine Auslegung infrage stellen oder eine Regel falsch anwenden. Au\u00dferdem kann es zu unbeabsichtigten Fehlern des Importeurs oder Exporteurs kommen. Probleme m\u00fcssen schnell behoben werden, um \u00fcberm\u00e4\u00dfige Verz\u00f6gerungen und Kostensteigerungen zu vermeiden. Eine klare Strategie und eine ordnungsgem\u00e4\u00dfe Dokumentation sind f\u00fcr die Behebung aufkommender Probleme wesentlich.<\/p>\n<h3>Wer bietet Ihnen die erforderliche Unterst\u00fctzung?<\/h3>\n<p>Die Zollexperten von Tetakawi k\u00fcmmern sich beim grenz\u00fcberschreitenden Handel um Waren im Wert von j\u00e4hrlich 4,5 Milliarden USD. Wir bieten fortlaufende Unterst\u00fctzung f\u00fcr 75 internationale Unternehmen, die im Rahmen unterschiedlicher Freihandelsabkommen und in einer Vielzahl von Branchen Handel treiben und dabei zahlreiche Transportm\u00f6glichkeiten und Zugangsarten nutzen. Au\u00dferdem beraten wir internationale Unternehmen, die ausschlie\u00dflich im Handel mit Mexiko t\u00e4tig sind. Die Zollexperten von Tetakawi verf\u00fcgen \u00fcber herausragende Kompetenzen in folgenden Bereichen:<\/p>\n<ul>\n<li>Klassifikation von Waren<\/li>\n<li>Beantragung und Nutzung von Zollbefreiungsprogrammen<\/li>\n<li>Nutzung und Einhaltung von Freihandelsabkommen<\/li>\n<li>Problembehebung und Abmilderung von Sanktionen<\/li>\n<\/ul>\n<h3>Die Zusammenarbeit mit einem vertrauensw\u00fcrdigen Berater erleichtert Ihnen Zollverfahren und grenz\u00fcberschreitenden Handel.\u00a0Worauf legt Ihr Unternehmen besonderen Wert?<\/h3>\n<ul>\n<li>M\u00f6chten Sie sicherstellen, dass Ihre Waren korrekt klassifiziert sind?<\/li>\n<li>Sie m\u00f6chten Abgaben oder Z\u00f6lle verringern bzw. vollst\u00e4ndig vermeiden?<\/li>\n<li>Geht es Ihnen darum sicherzustellen, dass Ihr Unternehmen alle Zollbestimmungen einh\u00e4lt?<\/li>\n<li>Sie m\u00f6chten wissen, ob Sie s\u00e4mtliche Vorteile von Freihandelsabkommen voll aussch\u00f6pfen?<\/li>\n<li>Sie m\u00f6chten ein Zollbefreiungsprogramm nutzen?<\/li>\n<li>Oder m\u00f6chten Sie Zollstreitigkeiten oder -fehler beheben?<\/li>\n<\/ul>\n<p>&nbsp;<\/p>\n<hr \/>\n<p>&nbsp;<\/p>\n<h3>Wie kann Sie\u00a0<strong>Tetakawi<\/strong> bei der Ermittlung der richtigen Zollstrategie unterst\u00fctzen?<\/h3>\n<p>Zu Beginn des Zollanalyseservices von Tetakawi steht eine \u00dcberpr\u00fcfung Ihrer derzeitigen Klassifikationen und Importstrategien. Wir empfehlen Ihnen Verbesserungen und unterst\u00fctzen Sie bei deren Implementierung. Wir helfen Ihnen beispielsweise bei der R\u00fcckforderung \u00fcberh\u00f6hter Zahlungen. Auch wenn Sie derzeit weder Waren nach Mexiko importieren noch von dort exportieren, jedoch eine zuk\u00fcnftige Strategie planen m\u00f6chten, sind wir f\u00fcr Sie da. Wenn bereits Problem vorliegt, unterst\u00fctzen wir Sie bei der Beilegung von Konflikten mit Zollbeh\u00f6rden und bei der Sicherung Ihrer Waren.<\/p>\n\t\t<h3>Sie ben\u00f6tigen ein pr\u00e4zises und kosteng\u00fcnstiges Zollverfahren?<\/h3>\n\t\t<p>Wenden Sie sich an einen Berater von Tetakawi.<\/p>\n\t<a href=\"\/de\/kontakt\/\" target=\"_self\" role=\"button\" rel=\"noopener noreferrer\">\n\t\t\t\t\tKontakt\n\t<\/a>\n<style>\n\t\t<\/style>\n<\/div><!-- .vgblk-rw-wrapper -->","protected":false},"excerpt":{"rendered":"<p>M\u00f6chten Sie internationale Zollvorteile maximieren? In einer sich rasant ver\u00e4ndernden Handelsumgebung passiert es schnell, dass Sie zu hohe Geb\u00fchren zahlen oder rechtliche Risiken aufgrund der Verletzung von Bestimmungen eingehen. Die meisten Unternehmen k\u00f6nnen nicht die Ressourcen aufwenden, die erforderlich sind, um sicherzustellen, dass ihre Waren ordnungsgem\u00e4\u00df klassifiziert sind und dass sie alle M\u00f6glichkeiten zur Kostensenkung&#8230;<\/p>\n","protected":false},"author":1,"featured_media":0,"parent":22517,"menu_order":0,"comment_status":"closed","ping_status":"closed","template":"","meta":{"content-type":"","_monsterinsights_skip_tracking":false,"_monsterinsights_sitenote_active":false,"_monsterinsights_sitenote_note":"","_monsterinsights_sitenote_category":0},"yoast_head":"<!-- This site is optimized with the Yoast SEO Premium plugin v20.6 (Yoast SEO v20.6) - https:\/\/yoast.com\/wordpress\/plugins\/seo\/ -->\n<title>Tetakawi | Zollanalyse f\u00fcr die Fertigung in Mexiko<\/title>\n<meta name=\"description\" content=\"Hier finden Sie Informationen dazu, welche Auswirkungen Zollrichtlinien und -bestimmungen auf Ihren Fertigungsbetrieb in Mexiko haben. Mit Tetakawi profitieren Sie in den Bereichen Strategie, Management und Support.\" \/>\n<meta name=\"robots\" content=\"index, follow, max-snippet:-1, max-image-preview:large, max-video-preview:-1\" \/>\n<link rel=\"canonical\" href=\"https:\/\/tetakawi.com\/de\/losung-finden\/beratungsleistungen\/zollanalyse\/\" \/>\n<meta property=\"og:locale\" content=\"de_DE\" \/>\n<meta property=\"og:type\" content=\"article\" \/>\n<meta property=\"og:title\" content=\"Zollanalyse\" \/>\n<meta property=\"og:description\" content=\"Hier finden Sie Informationen dazu, welche Auswirkungen Zollrichtlinien und -bestimmungen auf Ihren Fertigungsbetrieb in Mexiko haben. Mit Tetakawi profitieren Sie in den Bereichen Strategie, Management und Support.\" \/>\n<meta property=\"og:url\" content=\"https:\/\/tetakawi.com\/de\/losung-finden\/beratungsleistungen\/zollanalyse\/\" \/>\n<meta property=\"og:site_name\" content=\"Tetakawi\" \/>\n<meta property=\"article:modified_time\" content=\"2019-08-10T00:52:08+00:00\" \/>\n<meta name=\"twitter:card\" content=\"summary_large_image\" \/>\n<meta name=\"twitter:label1\" content=\"Gesch\u00e4tzte Lesezeit\" \/>\n\t<meta name=\"twitter:data1\" content=\"4\u00a0Minuten\" \/>\n<script type=\"application\/ld+json\" class=\"yoast-schema-graph\">{\"@context\":\"https:\/\/schema.org\",\"@graph\":[{\"@type\":\"WebPage\",\"@id\":\"https:\/\/tetakawi.com\/de\/losung-finden\/beratungsleistungen\/zollanalyse\/\",\"url\":\"https:\/\/tetakawi.com\/de\/losung-finden\/beratungsleistungen\/zollanalyse\/\",\"name\":\"Tetakawi | Zollanalyse f\u00fcr die Fertigung in Mexiko\",\"isPartOf\":{\"@id\":\"https:\/\/tetakawi.com\/#website\"},\"datePublished\":\"2019-07-10T17:10:39+00:00\",\"dateModified\":\"2019-08-10T00:52:08+00:00\",\"description\":\"Hier finden Sie Informationen dazu, welche Auswirkungen Zollrichtlinien und -bestimmungen auf Ihren Fertigungsbetrieb in Mexiko haben. Mit Tetakawi profitieren Sie in den Bereichen Strategie, Management und Support.\",\"breadcrumb\":{\"@id\":\"https:\/\/tetakawi.com\/de\/losung-finden\/beratungsleistungen\/zollanalyse\/#breadcrumb\"},\"inLanguage\":\"de\",\"potentialAction\":[{\"@type\":\"ReadAction\",\"target\":[\"https:\/\/tetakawi.com\/de\/losung-finden\/beratungsleistungen\/zollanalyse\/\"]}]},{\"@type\":\"BreadcrumbList\",\"@id\":\"https:\/\/tetakawi.com\/de\/losung-finden\/beratungsleistungen\/zollanalyse\/#breadcrumb\",\"itemListElement\":[{\"@type\":\"ListItem\",\"position\":1,\"name\":\"Home\",\"item\":\"https:\/\/tetakawi.com\/de\/\"},{\"@type\":\"ListItem\",\"position\":2,\"name\":\"L\u00f6sung finden\",\"item\":\"https:\/\/tetakawi.com\/de\/losung-finden\/\"},{\"@type\":\"ListItem\",\"position\":3,\"name\":\"Beratungsleistungen\",\"item\":\"https:\/\/tetakawi.com\/de\/losung-finden\/beratungsleistungen\/\"},{\"@type\":\"ListItem\",\"position\":4,\"name\":\"Zollanalyse\"}]},{\"@type\":\"WebSite\",\"@id\":\"https:\/\/tetakawi.com\/#website\",\"url\":\"https:\/\/tetakawi.com\/\",\"name\":\"Tetakawi\",\"description\":\"\",\"publisher\":{\"@id\":\"https:\/\/tetakawi.com\/#organization\"},\"potentialAction\":[{\"@type\":\"SearchAction\",\"target\":{\"@type\":\"EntryPoint\",\"urlTemplate\":\"https:\/\/tetakawi.com\/?s={search_term_string}\"},\"query-input\":\"required name=search_term_string\"}],\"inLanguage\":\"de\"}]}<\/script>\n<!-- \/ Yoast SEO Premium plugin. -->","yoast_head_json":{"title":"Tetakawi | Zollanalyse f\u00fcr die Fertigung in Mexiko","description":"Hier finden Sie Informationen dazu, welche Auswirkungen Zollrichtlinien und -bestimmungen auf Ihren Fertigungsbetrieb in Mexiko haben. Mit Tetakawi profitieren Sie in den Bereichen Strategie, Management und Support.","robots":{"index":"index","follow":"follow","max-snippet":"max-snippet:-1","max-image-preview":"max-image-preview:large","max-video-preview":"max-video-preview:-1"},"canonical":"https:\/\/tetakawi.com\/de\/losung-finden\/beratungsleistungen\/zollanalyse\/","og_locale":"de_DE","og_type":"article","og_title":"Zollanalyse","og_description":"Hier finden Sie Informationen dazu, welche Auswirkungen Zollrichtlinien und -bestimmungen auf Ihren Fertigungsbetrieb in Mexiko haben. Mit Tetakawi profitieren Sie in den Bereichen Strategie, Management und Support.","og_url":"https:\/\/tetakawi.com\/de\/losung-finden\/beratungsleistungen\/zollanalyse\/","og_site_name":"Tetakawi","article_modified_time":"2019-08-10T00:52:08+00:00","twitter_card":"summary_large_image","twitter_misc":{"Gesch\u00e4tzte Lesezeit":"4\u00a0Minuten"},"schema":{"@context":"https:\/\/schema.org","@graph":[{"@type":"WebPage","@id":"https:\/\/tetakawi.com\/de\/losung-finden\/beratungsleistungen\/zollanalyse\/","url":"https:\/\/tetakawi.com\/de\/losung-finden\/beratungsleistungen\/zollanalyse\/","name":"Tetakawi | Zollanalyse f\u00fcr die Fertigung in Mexiko","isPartOf":{"@id":"https:\/\/tetakawi.com\/#website"},"datePublished":"2019-07-10T17:10:39+00:00","dateModified":"2019-08-10T00:52:08+00:00","description":"Hier finden Sie Informationen dazu, welche Auswirkungen Zollrichtlinien und -bestimmungen auf Ihren Fertigungsbetrieb in Mexiko haben. Mit Tetakawi profitieren Sie in den Bereichen Strategie, Management und Support.","breadcrumb":{"@id":"https:\/\/tetakawi.com\/de\/losung-finden\/beratungsleistungen\/zollanalyse\/#breadcrumb"},"inLanguage":"de","potentialAction":[{"@type":"ReadAction","target":["https:\/\/tetakawi.com\/de\/losung-finden\/beratungsleistungen\/zollanalyse\/"]}]},{"@type":"BreadcrumbList","@id":"https:\/\/tetakawi.com\/de\/losung-finden\/beratungsleistungen\/zollanalyse\/#breadcrumb","itemListElement":[{"@type":"ListItem","position":1,"name":"Home","item":"https:\/\/tetakawi.com\/de\/"},{"@type":"ListItem","position":2,"name":"L\u00f6sung finden","item":"https:\/\/tetakawi.com\/de\/losung-finden\/"},{"@type":"ListItem","position":3,"name":"Beratungsleistungen","item":"https:\/\/tetakawi.com\/de\/losung-finden\/beratungsleistungen\/"},{"@type":"ListItem","position":4,"name":"Zollanalyse"}]},{"@type":"WebSite","@id":"https:\/\/tetakawi.com\/#website","url":"https:\/\/tetakawi.com\/","name":"Tetakawi","description":"","publisher":{"@id":"https:\/\/tetakawi.com\/#organization"},"potentialAction":[{"@type":"SearchAction","target":{"@type":"EntryPoint","urlTemplate":"https:\/\/tetakawi.com\/?s={search_term_string}"},"query-input":"required name=search_term_string"}],"inLanguage":"de"}]}},"_links":{"self":[{"href":"https:\/\/tetakawi.com\/de\/wp-json\/wp\/v2\/pages\/23286"}],"collection":[{"href":"https:\/\/tetakawi.com\/de\/wp-json\/wp\/v2\/pages"}],"about":[{"href":"https:\/\/tetakawi.com\/de\/wp-json\/wp\/v2\/types\/page"}],"author":[{"embeddable":true,"href":"https:\/\/tetakawi.com\/de\/wp-json\/wp\/v2\/users\/1"}],"replies":[{"embeddable":true,"href":"https:\/\/tetakawi.com\/de\/wp-json\/wp\/v2\/comments?post=23286"}],"version-history":[{"count":5,"href":"https:\/\/tetakawi.com\/de\/wp-json\/wp\/v2\/pages\/23286\/revisions"}],"predecessor-version":[{"id":24926,"href":"https:\/\/tetakawi.com\/de\/wp-json\/wp\/v2\/pages\/23286\/revisions\/24926"}],"up":[{"embeddable":true,"href":"https:\/\/tetakawi.com\/de\/wp-json\/wp\/v2\/pages\/22517"}],"wp:attachment":[{"href":"https:\/\/tetakawi.com\/de\/wp-json\/wp\/v2\/media?parent=23286"}],"curies":[{"name":"wp","href":"https:\/\/api.w.org\/{rel}","templated":true}]}}