{"id":23221,"date":"2019-07-10T17:10:38","date_gmt":"2019-07-10T17:10:38","guid":{"rendered":"https:\/\/tetakawi.com\/losung-finden\/supportleistungen\/tetakawi-recruiting\/"},"modified":"2023-03-28T22:26:01","modified_gmt":"2023-03-28T22:26:01","slug":"tetakawi-recruiting","status":"publish","type":"page","link":"https:\/\/tetakawi.com\/de\/losung-finden\/supportleistungen\/tetakawi-recruiting\/","title":{"rendered":"Tetakawi Recruiting"},"content":{"rendered":"<div class=\"vgblk-rw-wrapper limit-wrapper\">\n<h1>\n\tRecruiting Services von Tetakawi\n\t<\/h1>\n\t<style>.page-header-line {\n    display: block;\n    width: 60px;\n    height: 1px;\n    background: var(--vamtam-accent-color-4);\n    margin-top: 5px;\n    margin-bottom: 5px;\n    opacity: .7;\n}<\/style>\n\t<p>Verbessern Sie die Mitarbeiterperformance und -bindung mit unseren einzigartigen, bew\u00e4hrten und effektiven Prozessen zur Anwerbung und Bewertung von Kandidaten in Mexiko. Vertrauen Sie auf unsere Beratung in Ihrer Branche f\u00fcr das Recruitment.<\/p>\n<h2>\n\tSichern Sie sich die besten Mitarbeiter f\u00fcr Ihr Team in Mexiko\n\t<\/h2>\n\t<p>Tetakawi rekrutiert j\u00e4hrlich \u00fcber 10.000 Mitarbeiter in Mexiko f\u00fcr kleine, mittelst\u00e4ndische und gro\u00dfe Unternehmen. Tetakawi ist Ihr Recruiting Experte und bietet alle Consulting Services, die Sie brauchen. Mit \u00fcber 33 Jahren Erfahrung bei der Erf\u00fcllung der anspruchsvollsten Anforderungen am Markt haben sich unsere Serviceleistungen f\u00fcr die Anwerbung und Haltung der besten Bewerber f\u00fcr Ihr Team bew\u00e4hrt.<\/p>\n<h2>\n\tFlexible, effektive und garantierte L\u00f6sungen\n\t<\/h2>\n\t<p>Unternehmen wenden sich an Tetakawi, wenn sie kurzfristig eine, Dutzende oder sogar Hunderte Stellen besetzen m\u00fcssen.\u00a0 Mit unsere Recruting Services finden diese Unternehmen Techniker f\u00fcr schwer zu besetzende Stellen, qualifizierte und anlernbare Arbeitskr\u00e4fte sowie erfahrene Vorgesetzte und F\u00fchrungskr\u00e4fte zur Gew\u00e4hrleistung von Business Continuity sowie fortlaufendem Betrieb bei uneingeschr\u00e4nkter Performance. Die Recruiter besetzen durch unseren Service den Job mit den besten Mitarbeitern.<\/p>\n\n<h3>\n\tMonteure\n\t<\/h3>\n<h3>\n\tMaschinenschlosser\n\t<\/h3>\n<h3>\n\tPlaner\n\t<\/h3>\n<h3>\n\tB\u00fcropersonal\n\t<\/h3>\n<h3>\n\tVertriebsmitarbeiter\n\t<\/h3>\n<h3>\n\tBediener\n\t<\/h3>\n<h3>\n\tWerkzeugmacher\n\t<\/h3>\n<h3>\n\tEink\u00e4ufer\n\t<\/h3>\n<h3>\n\tAdministratoren\n\t<\/h3>\n<h3>\n\tProjektmanager\n\t<\/h3>\n<h3>\n\tHersteller\n\t<\/h3>\n<h3>\n\tTechniker\n\t<\/h3>\n<h3>\n\tAnalysen\n\t<\/h3>\n<h3>\n\tSicherheitspersonal\n\t<\/h3>\n<h3>\n\tManager\n\t<\/h3>\n<h3>\n\tKontrolleure\n\t<\/h3>\n<h3>\n\tProgrammierer\n\t<\/h3>\n<h3>\n\tLagerarbeiter\n\t<\/h3>\n<h3>\n\tWartungspersonal\n\t<\/h3>\n<h3>\n\tDirektoren\n\t<\/h3>\n<h3>\n\tSchwei\u00dfer\n\t<\/h3>\n<h3>\n\tIngenieure\n\t<\/h3>\n<h3>\n\tBuchhalter\n\t<\/h3>\n<h3>\n\tUmweltingenieure\n\t<\/h3>\n<h3>\n\tF\u00fchrungskr\u00e4fte\n\t<\/h3>\n<h2>\n\tWenden Sie sich an Ihren Ansprechpartner bei Tetakawi, wenn Sie mehr \u00fcber unsere Recruiting Services erfahren m\u00f6chten.\n\t<\/h2>\n\t<a href=\"\/de\/kontakt\/\" target=\"_self\" role=\"button\" rel=\"noopener\">\n\t\t\t\t\tKontakt\n\t<\/a>\n\n<\/div><!-- .vgblk-rw-wrapper -->","protected":false},"excerpt":{"rendered":"<p>Recruiting Services von Tetakawi Verbessern Sie die Mitarbeiterperformance und -bindung mit unseren einzigartigen, bew\u00e4hrten und effektiven Prozessen zur Anwerbung und Bewertung von Kandidaten in Mexiko. Vertrauen Sie auf unsere Beratung in Ihrer Branche f\u00fcr das Recruitment. Sichern Sie sich die besten Mitarbeiter f\u00fcr Ihr Team in Mexiko Tetakawi rekrutiert j\u00e4hrlich \u00fcber 10.000 Mitarbeiter in Mexiko&#8230;<\/p>\n","protected":false},"author":1,"featured_media":0,"parent":23168,"menu_order":0,"comment_status":"closed","ping_status":"closed","template":"","meta":{"content-type":"","_monsterinsights_skip_tracking":false,"_monsterinsights_sitenote_active":false,"_monsterinsights_sitenote_note":"","_monsterinsights_sitenote_category":0},"yoast_head":"<!-- This site is optimized with the Yoast SEO Premium plugin v20.6 (Yoast SEO v20.6) - https:\/\/yoast.com\/wordpress\/plugins\/seo\/ -->\n<title>Tetakawi | Recruiting f\u00fcr die Fertigung in Mexiko<\/title>\n<meta name=\"description\" content=\"Verbessern Sie dank der Zusammenarbeit mit Tetakawi die Mitarbeiterperformance und -bindung anhand von einzigartigen und effektiven Prozessen zur Anwerbung und Haltung von Kandidaten.\" \/>\n<meta name=\"robots\" content=\"index, follow, max-snippet:-1, max-image-preview:large, max-video-preview:-1\" \/>\n<link rel=\"canonical\" href=\"https:\/\/tetakawi.com\/de\/losung-finden\/supportleistungen\/tetakawi-recruiting\/\" \/>\n<meta property=\"og:locale\" content=\"de_DE\" \/>\n<meta property=\"og:type\" content=\"article\" \/>\n<meta property=\"og:title\" content=\"Tetakawi Recruiting\" \/>\n<meta property=\"og:description\" content=\"Verbessern Sie dank der Zusammenarbeit mit Tetakawi die Mitarbeiterperformance und -bindung anhand von einzigartigen und effektiven Prozessen zur Anwerbung und Haltung von Kandidaten.\" \/>\n<meta property=\"og:url\" content=\"https:\/\/tetakawi.com\/de\/losung-finden\/supportleistungen\/tetakawi-recruiting\/\" \/>\n<meta property=\"og:site_name\" content=\"Tetakawi\" \/>\n<meta property=\"article:modified_time\" content=\"2023-03-28T22:26:01+00:00\" \/>\n<meta name=\"twitter:card\" content=\"summary_large_image\" \/>\n<meta name=\"twitter:label1\" content=\"Gesch\u00e4tzte Lesezeit\" \/>\n\t<meta name=\"twitter:data1\" content=\"1\u00a0Minute\" \/>\n<script type=\"application\/ld+json\" class=\"yoast-schema-graph\">{\"@context\":\"https:\/\/schema.org\",\"@graph\":[{\"@type\":\"WebPage\",\"@id\":\"https:\/\/tetakawi.com\/de\/losung-finden\/supportleistungen\/tetakawi-recruiting\/\",\"url\":\"https:\/\/tetakawi.com\/de\/losung-finden\/supportleistungen\/tetakawi-recruiting\/\",\"name\":\"Tetakawi | Recruiting f\u00fcr die Fertigung in Mexiko\",\"isPartOf\":{\"@id\":\"https:\/\/tetakawi.com\/#website\"},\"datePublished\":\"2019-07-10T17:10:38+00:00\",\"dateModified\":\"2023-03-28T22:26:01+00:00\",\"description\":\"Verbessern Sie dank der Zusammenarbeit mit Tetakawi die Mitarbeiterperformance und -bindung anhand von einzigartigen und effektiven Prozessen zur Anwerbung und Haltung von Kandidaten.\",\"breadcrumb\":{\"@id\":\"https:\/\/tetakawi.com\/de\/losung-finden\/supportleistungen\/tetakawi-recruiting\/#breadcrumb\"},\"inLanguage\":\"de\",\"potentialAction\":[{\"@type\":\"ReadAction\",\"target\":[\"https:\/\/tetakawi.com\/de\/losung-finden\/supportleistungen\/tetakawi-recruiting\/\"]}]},{\"@type\":\"BreadcrumbList\",\"@id\":\"https:\/\/tetakawi.com\/de\/losung-finden\/supportleistungen\/tetakawi-recruiting\/#breadcrumb\",\"itemListElement\":[{\"@type\":\"ListItem\",\"position\":1,\"name\":\"Home\",\"item\":\"https:\/\/tetakawi.com\/de\/\"},{\"@type\":\"ListItem\",\"position\":2,\"name\":\"L\u00f6sung finden\",\"item\":\"https:\/\/tetakawi.com\/de\/losung-finden\/\"},{\"@type\":\"ListItem\",\"position\":3,\"name\":\"Supportleistungen\",\"item\":\"https:\/\/tetakawi.com\/de\/losung-finden\/supportleistungen\/\"},{\"@type\":\"ListItem\",\"position\":4,\"name\":\"Tetakawi Recruiting\"}]},{\"@type\":\"WebSite\",\"@id\":\"https:\/\/tetakawi.com\/#website\",\"url\":\"https:\/\/tetakawi.com\/\",\"name\":\"Tetakawi\",\"description\":\"\",\"publisher\":{\"@id\":\"https:\/\/tetakawi.com\/#organization\"},\"potentialAction\":[{\"@type\":\"SearchAction\",\"target\":{\"@type\":\"EntryPoint\",\"urlTemplate\":\"https:\/\/tetakawi.com\/?s={search_term_string}\"},\"query-input\":\"required name=search_term_string\"}],\"inLanguage\":\"de\"}]}<\/script>\n<!-- \/ Yoast SEO Premium plugin. -->","yoast_head_json":{"title":"Tetakawi | Recruiting f\u00fcr die Fertigung in Mexiko","description":"Verbessern Sie dank der Zusammenarbeit mit Tetakawi die Mitarbeiterperformance und -bindung anhand von einzigartigen und effektiven Prozessen zur Anwerbung und Haltung von Kandidaten.","robots":{"index":"index","follow":"follow","max-snippet":"max-snippet:-1","max-image-preview":"max-image-preview:large","max-video-preview":"max-video-preview:-1"},"canonical":"https:\/\/tetakawi.com\/de\/losung-finden\/supportleistungen\/tetakawi-recruiting\/","og_locale":"de_DE","og_type":"article","og_title":"Tetakawi Recruiting","og_description":"Verbessern Sie dank der Zusammenarbeit mit Tetakawi die Mitarbeiterperformance und -bindung anhand von einzigartigen und effektiven Prozessen zur Anwerbung und Haltung von Kandidaten.","og_url":"https:\/\/tetakawi.com\/de\/losung-finden\/supportleistungen\/tetakawi-recruiting\/","og_site_name":"Tetakawi","article_modified_time":"2023-03-28T22:26:01+00:00","twitter_card":"summary_large_image","twitter_misc":{"Gesch\u00e4tzte Lesezeit":"1\u00a0Minute"},"schema":{"@context":"https:\/\/schema.org","@graph":[{"@type":"WebPage","@id":"https:\/\/tetakawi.com\/de\/losung-finden\/supportleistungen\/tetakawi-recruiting\/","url":"https:\/\/tetakawi.com\/de\/losung-finden\/supportleistungen\/tetakawi-recruiting\/","name":"Tetakawi | Recruiting f\u00fcr die Fertigung in Mexiko","isPartOf":{"@id":"https:\/\/tetakawi.com\/#website"},"datePublished":"2019-07-10T17:10:38+00:00","dateModified":"2023-03-28T22:26:01+00:00","description":"Verbessern Sie dank der Zusammenarbeit mit Tetakawi die Mitarbeiterperformance und -bindung anhand von einzigartigen und effektiven Prozessen zur Anwerbung und Haltung von Kandidaten.","breadcrumb":{"@id":"https:\/\/tetakawi.com\/de\/losung-finden\/supportleistungen\/tetakawi-recruiting\/#breadcrumb"},"inLanguage":"de","potentialAction":[{"@type":"ReadAction","target":["https:\/\/tetakawi.com\/de\/losung-finden\/supportleistungen\/tetakawi-recruiting\/"]}]},{"@type":"BreadcrumbList","@id":"https:\/\/tetakawi.com\/de\/losung-finden\/supportleistungen\/tetakawi-recruiting\/#breadcrumb","itemListElement":[{"@type":"ListItem","position":1,"name":"Home","item":"https:\/\/tetakawi.com\/de\/"},{"@type":"ListItem","position":2,"name":"L\u00f6sung finden","item":"https:\/\/tetakawi.com\/de\/losung-finden\/"},{"@type":"ListItem","position":3,"name":"Supportleistungen","item":"https:\/\/tetakawi.com\/de\/losung-finden\/supportleistungen\/"},{"@type":"ListItem","position":4,"name":"Tetakawi Recruiting"}]},{"@type":"WebSite","@id":"https:\/\/tetakawi.com\/#website","url":"https:\/\/tetakawi.com\/","name":"Tetakawi","description":"","publisher":{"@id":"https:\/\/tetakawi.com\/#organization"},"potentialAction":[{"@type":"SearchAction","target":{"@type":"EntryPoint","urlTemplate":"https:\/\/tetakawi.com\/?s={search_term_string}"},"query-input":"required name=search_term_string"}],"inLanguage":"de"}]}},"_links":{"self":[{"href":"https:\/\/tetakawi.com\/de\/wp-json\/wp\/v2\/pages\/23221"}],"collection":[{"href":"https:\/\/tetakawi.com\/de\/wp-json\/wp\/v2\/pages"}],"about":[{"href":"https:\/\/tetakawi.com\/de\/wp-json\/wp\/v2\/types\/page"}],"author":[{"embeddable":true,"href":"https:\/\/tetakawi.com\/de\/wp-json\/wp\/v2\/users\/1"}],"replies":[{"embeddable":true,"href":"https:\/\/tetakawi.com\/de\/wp-json\/wp\/v2\/comments?post=23221"}],"version-history":[{"count":5,"href":"https:\/\/tetakawi.com\/de\/wp-json\/wp\/v2\/pages\/23221\/revisions"}],"predecessor-version":[{"id":28427,"href":"https:\/\/tetakawi.com\/de\/wp-json\/wp\/v2\/pages\/23221\/revisions\/28427"}],"up":[{"embeddable":true,"href":"https:\/\/tetakawi.com\/de\/wp-json\/wp\/v2\/pages\/23168"}],"wp:attachment":[{"href":"https:\/\/tetakawi.com\/de\/wp-json\/wp\/v2\/media?parent=23221"}],"curies":[{"name":"wp","href":"https:\/\/api.w.org\/{rel}","templated":true}]}}