{"id":23176,"date":"2019-07-10T17:10:37","date_gmt":"2019-07-10T17:10:37","guid":{"rendered":"https:\/\/tetakawi.com\/beratungsleistungen\/standortwahl\/"},"modified":"2019-08-10T00:53:02","modified_gmt":"2019-08-10T00:53:02","slug":"standortwahl","status":"publish","type":"page","link":"https:\/\/tetakawi.com\/de\/losung-finden\/beratungsleistungen\/standortwahl\/","title":{"rendered":"Standortwahl"},"content":{"rendered":"<div class=\"vgblk-rw-wrapper limit-wrapper\">\n\t<h3>Wo sollten Sie Ihr Werk ansiedeln?<\/h3>\n<p>Mexiko verf\u00fcgt \u00fcber eine immense Industrieregion. Sie reicht von der Grenze zu den USA bis in die Gegend s\u00fcdlich von Mexiko-Stadt. Es gibt gro\u00dfe und kleine urbane Regionen, verschiedene Industrieansiedelungen und unterschiedliche Distanzen zwischen Lieferanten und M\u00e4rkten. Da all diese Faktoren ber\u00fccksichtigt werden m\u00fcssen, kann die Auswahl des passenden Standorts schnell zur Herausforderung werden. Eine optimale Entscheidung l\u00e4sst sich nur auf der Grundlage verl\u00e4sslicher Daten und einer faktenbasierten Analyse vornehmen.<\/p>\n<h3>Welche Informationen ben\u00f6tigen Sie f\u00fcr eine informierte Entscheidung?<\/h3>\n<p><strong>Arbeitskr\u00e4fte:<\/strong> Der Arbeitsmarkt ist in Mexiko stark lokal gepr\u00e4gt. Die Lohnkosten sind wichtig, jedoch gibt es so viel mehr zu beachten. Sie m\u00fcssen wissen, welche Zusatzleistungen auf Sie zukommen, wie die Gewerkschaft vor Ort einzusch\u00e4tzen ist und mit welchem Umsatz Sie f\u00fcr den jeweiligen Markt rechnen k\u00f6nnen. \u00a0Au\u00dferdem ben\u00f6tigen Sie Informationen dazu, ob Arbeitskr\u00e4fte mit den von Ihnen ben\u00f6tigten Kompetenzen derzeit und bei zuk\u00fcnftigem Unternehmenswachstum verf\u00fcgbar sind.<\/p>\n<p><strong>Immobilien:<\/strong> Nat\u00fcrlich ist bei Immobilien der Standort entscheidend. Miet- und Kaufbedingungen sowie Verf\u00fcgbarkeit sind von der jeweiligen Region und der urbanen Umgebung in Mexiko abh\u00e4ngig. Aber noch viele andere Aspekte spielen eine Rolle. Ist das von Ihnen ben\u00f6tigte Geb\u00e4ude auf dem Markt verf\u00fcgbar oder ist ein Neubau erforderlich? Sollten Sie ein Geb\u00e4ude mieten oder kaufen? Die Antworten auf diese Fragen sind vom jeweiligen Standort abh\u00e4ngig.<\/p>\n<p><strong>Logistik:<\/strong> Ihr Standort soll eine optimale Eingangs- und Ausgangslogistik bieten, gleichzeitig jedoch auch neue Kunden anziehen? Sie legen Wert auf einen einfachen Waren- und Mitarbeiteraustausch zwischen Ihren Werken? In der N\u00e4he sollen lokale Dienstleister angesiedelt sein? Der optimale Standort bietet ein Gleichgewicht zwischen all diesen Faktoren.<\/p>\n<p><strong>Sicherheit: <\/strong>Sind mein Betrieb und meine Mitarbeiter in Mexiko sicher? Ja, auch wenn die Sicherheitslage in Mexiko, wie in den meisten anderen L\u00e4ndern auch, gro\u00dfe Unterschiede aufweist. Einige Standorte sind sicherer als die meisten St\u00e4dte Amerikas, w\u00e4hrend andere aus bestimmten Gr\u00fcnden als weniger sicher einzustufen sind. Selbstverst\u00e4ndlich m\u00f6chten Sie gew\u00e4hrleisten, dass Ihre Assets und Mitarbeiter sicher sind, unabh\u00e4ngig vom jeweiligen Standort. Sie m\u00f6chten \u00fcber die spezifischen Risiken der einzelnen Standorte informiert werden und wissen, welche Ma\u00dfnahmen zum Schutz der Betriebsumgebung in der jeweiligen Region erforderlich sind.<\/p>\n<h3>Wie erhalten Sie verl\u00e4ssliche Antworten auf Ihre Standortfragen?<\/h3>\n<p>Die Berater von Tetakawi sind Experten, wenn es darum geht, ausl\u00e4ndische Unternehmen bei der Wahl des richtigen Standorts in Mexiko zu unterst\u00fctzen. Von uns erhalten Sie die erforderlichen Daten, anhand derer Sie eine informierte Standortentscheidung treffen k\u00f6nnen. Wir erstellen f\u00fcr Sie eine individuelle Vergleichs\u00fcbersicht mit den Betriebskosten, Risiken und Vorteilen aller von Ihnen in Erw\u00e4gung gezogener Standorte, bei der die Faktoren ber\u00fccksichtigt werden, die f\u00fcr Ihr Unternehmen wichtig sind. Wenn Sie selbst noch keine Standorte ins Auge gefasst haben, k\u00f6nnen wir Ihnen eine passende Auswahl empfehlen. Unsere Analyse basiert auf folgenden Grundlagen:<\/p>\n<ul>\n<li>Tagesaktuelle Statistiken von Unternehmen mit mehr als 24.000 Mitarbeitern<\/li>\n<li>Echtzeitdaten zu L\u00f6hnen, Zusatzleistungen, Geh\u00e4ltern, Versorgung, Logistik, Ausgaben u. v. m.<\/li>\n<li>Umfragen, ver\u00f6ffentlichte Daten und Feldstudien zum jeweiligen Standort<\/li>\n<\/ul>\n<h3>Die Zusammenarbeit mit einem vertrauensw\u00fcrdigen Berater erleichtert Ihnen die Standortwahl.\u00a0Worauf legt Ihr Unternehmen besonderen Wert?<\/h3>\n<ul>\n<li>Auf einen Standort mit den geringsten Betriebskosten?<\/li>\n<li>Auf eine optimierte Logistik?<\/li>\n<li>Auf die Anwerbung von kompetenten Mitarbeitern?<\/li>\n<li>Auf eine m\u00f6glichst geringe Fluktuation?<\/li>\n<li>Auf besondere Freizeitangebote f\u00fcr Mitarbeiter aus dem Ausland?<\/li>\n<li>Auf maximales Wachstum auf dem lokalen Markt?<\/li>\n<li>Auf bestimmte Verfahren und Abl\u00e4ufe im Umfeld Ihres Werks?<\/li>\n<\/ul>\n<hr \/>\n<p>&nbsp;<\/p>\n<h3>Wie kann Sie <strong>Tetakawi<\/strong> dabei unterst\u00fctzen, den passenden Fertigungsstandort in Mexiko zu finden?<\/h3>\n<p>Der Tetakawi-Standortwahlservice beginnt mit einer Bedarfsanalyse. Anhand der wichtigsten Auswahlkriterien f\u00fcr Ihren Betrieb erstellen wir gemeinsam eine Auswahl m\u00f6glicher Standorte. Mithilfe unserer Forschungs- und Data-Mining-Ressourcen ermitteln, erfassen und analysieren wir die Kriterien f\u00fcr die einzelnen Standorte. Auf Grundlage dieser Informationen berechnen wir eine Betriebskostenprognose f\u00fcr den jeweiligen Standort und erstellen einen ausf\u00fchrlichen Bericht. Der Bericht umfasst eine Aufstellung aller wichtigen Faktoren, eine Sch\u00e4tzung der Betriebskosten f\u00fcr Ihr Unternehmen am jeweiligen Standort sowie unsere Empfehlungen. Ganz nach Ihren W\u00fcnschen erhalten Sie von uns den einfachen Bericht oder eine Pr\u00e4sentation mit anschlie\u00dfender Besprechung bei Ihnen vor Ort. \u00a0In jedem Fall vergr\u00f6\u00dfern Sie Ihre Erfolgschancen durch die Auswahl des optimalen Standorts f\u00fcr Ihr Unternehmen in Mexiko.<\/p>\n\t\t<h3>Sie ben\u00f6tigen Daten f\u00fcr eine informierte Entscheidung \u00fcber eine Standorter\u00f6ffnung in Mexiko?<\/h3>\n\t\t<p>Wenden Sie sich an einen Berater von Tetakawi.<\/p>\n\t<a href=\"\/de\/kontakt\/\" target=\"_self\" role=\"button\" rel=\"noopener noreferrer\">\n\t\t\t\t\tKontakt\n\t<\/a>\n<style>\n\t\t<\/style>\n<\/div><!-- .vgblk-rw-wrapper -->","protected":false},"excerpt":{"rendered":"<p>Wo sollten Sie Ihr Werk ansiedeln? Mexiko verf\u00fcgt \u00fcber eine immense Industrieregion. Sie reicht von der Grenze zu den USA bis in die Gegend s\u00fcdlich von Mexiko-Stadt. Es gibt gro\u00dfe und kleine urbane Regionen, verschiedene Industrieansiedelungen und unterschiedliche Distanzen zwischen Lieferanten und M\u00e4rkten. Da all diese Faktoren ber\u00fccksichtigt werden m\u00fcssen, kann die Auswahl des passenden&#8230;<\/p>\n","protected":false},"author":1,"featured_media":0,"parent":22517,"menu_order":0,"comment_status":"closed","ping_status":"closed","template":"","meta":{"content-type":"","_monsterinsights_skip_tracking":false,"_monsterinsights_sitenote_active":false,"_monsterinsights_sitenote_note":"","_monsterinsights_sitenote_category":0},"yoast_head":"<!-- This site is optimized with the Yoast SEO Premium plugin v20.6 (Yoast SEO v20.6) - https:\/\/yoast.com\/wordpress\/plugins\/seo\/ -->\n<title>Tetakawi | Standortwahl f\u00fcr die Fertigung in Mexiko<\/title>\n<meta name=\"description\" content=\"Ermitteln Sie gemeinsam mit den Experten von Tetakawi Ihren strategischen Standort unter Ber\u00fccksichtigung der Bereiche Logistik, Arbeitskr\u00e4fte und Infrastruktur. So optimieren Sie Investitionen vor Ort und garantieren eine schnelle Markteinf\u00fchrung.\" \/>\n<meta name=\"robots\" content=\"index, follow, max-snippet:-1, max-image-preview:large, max-video-preview:-1\" \/>\n<link rel=\"canonical\" href=\"https:\/\/tetakawi.com\/de\/losung-finden\/beratungsleistungen\/standortwahl\/\" \/>\n<meta property=\"og:locale\" content=\"de_DE\" \/>\n<meta property=\"og:type\" content=\"article\" \/>\n<meta property=\"og:title\" content=\"Standortwahl\" \/>\n<meta property=\"og:description\" content=\"Ermitteln Sie gemeinsam mit den Experten von Tetakawi Ihren strategischen Standort unter Ber\u00fccksichtigung der Bereiche Logistik, Arbeitskr\u00e4fte und Infrastruktur. So optimieren Sie Investitionen vor Ort und garantieren eine schnelle Markteinf\u00fchrung.\" \/>\n<meta property=\"og:url\" content=\"https:\/\/tetakawi.com\/de\/losung-finden\/beratungsleistungen\/standortwahl\/\" \/>\n<meta property=\"og:site_name\" content=\"Tetakawi\" \/>\n<meta property=\"article:modified_time\" content=\"2019-08-10T00:53:02+00:00\" \/>\n<meta name=\"twitter:card\" content=\"summary_large_image\" \/>\n<meta name=\"twitter:label1\" content=\"Gesch\u00e4tzte Lesezeit\" \/>\n\t<meta name=\"twitter:data1\" content=\"4\u00a0Minuten\" \/>\n<script type=\"application\/ld+json\" class=\"yoast-schema-graph\">{\"@context\":\"https:\/\/schema.org\",\"@graph\":[{\"@type\":\"WebPage\",\"@id\":\"https:\/\/tetakawi.com\/de\/losung-finden\/beratungsleistungen\/standortwahl\/\",\"url\":\"https:\/\/tetakawi.com\/de\/losung-finden\/beratungsleistungen\/standortwahl\/\",\"name\":\"Tetakawi | Standortwahl f\u00fcr die Fertigung in Mexiko\",\"isPartOf\":{\"@id\":\"https:\/\/tetakawi.com\/#website\"},\"datePublished\":\"2019-07-10T17:10:37+00:00\",\"dateModified\":\"2019-08-10T00:53:02+00:00\",\"description\":\"Ermitteln Sie gemeinsam mit den Experten von Tetakawi Ihren strategischen Standort unter Ber\u00fccksichtigung der Bereiche Logistik, Arbeitskr\u00e4fte und Infrastruktur. So optimieren Sie Investitionen vor Ort und garantieren eine schnelle Markteinf\u00fchrung.\",\"breadcrumb\":{\"@id\":\"https:\/\/tetakawi.com\/de\/losung-finden\/beratungsleistungen\/standortwahl\/#breadcrumb\"},\"inLanguage\":\"de\",\"potentialAction\":[{\"@type\":\"ReadAction\",\"target\":[\"https:\/\/tetakawi.com\/de\/losung-finden\/beratungsleistungen\/standortwahl\/\"]}]},{\"@type\":\"BreadcrumbList\",\"@id\":\"https:\/\/tetakawi.com\/de\/losung-finden\/beratungsleistungen\/standortwahl\/#breadcrumb\",\"itemListElement\":[{\"@type\":\"ListItem\",\"position\":1,\"name\":\"Home\",\"item\":\"https:\/\/tetakawi.com\/de\/\"},{\"@type\":\"ListItem\",\"position\":2,\"name\":\"L\u00f6sung finden\",\"item\":\"https:\/\/tetakawi.com\/de\/losung-finden\/\"},{\"@type\":\"ListItem\",\"position\":3,\"name\":\"Beratungsleistungen\",\"item\":\"https:\/\/tetakawi.com\/de\/losung-finden\/beratungsleistungen\/\"},{\"@type\":\"ListItem\",\"position\":4,\"name\":\"Standortwahl\"}]},{\"@type\":\"WebSite\",\"@id\":\"https:\/\/tetakawi.com\/#website\",\"url\":\"https:\/\/tetakawi.com\/\",\"name\":\"Tetakawi\",\"description\":\"\",\"publisher\":{\"@id\":\"https:\/\/tetakawi.com\/#organization\"},\"potentialAction\":[{\"@type\":\"SearchAction\",\"target\":{\"@type\":\"EntryPoint\",\"urlTemplate\":\"https:\/\/tetakawi.com\/?s={search_term_string}\"},\"query-input\":\"required name=search_term_string\"}],\"inLanguage\":\"de\"}]}<\/script>\n<!-- \/ Yoast SEO Premium plugin. -->","yoast_head_json":{"title":"Tetakawi | Standortwahl f\u00fcr die Fertigung in Mexiko","description":"Ermitteln Sie gemeinsam mit den Experten von Tetakawi Ihren strategischen Standort unter Ber\u00fccksichtigung der Bereiche Logistik, Arbeitskr\u00e4fte und Infrastruktur. So optimieren Sie Investitionen vor Ort und garantieren eine schnelle Markteinf\u00fchrung.","robots":{"index":"index","follow":"follow","max-snippet":"max-snippet:-1","max-image-preview":"max-image-preview:large","max-video-preview":"max-video-preview:-1"},"canonical":"https:\/\/tetakawi.com\/de\/losung-finden\/beratungsleistungen\/standortwahl\/","og_locale":"de_DE","og_type":"article","og_title":"Standortwahl","og_description":"Ermitteln Sie gemeinsam mit den Experten von Tetakawi Ihren strategischen Standort unter Ber\u00fccksichtigung der Bereiche Logistik, Arbeitskr\u00e4fte und Infrastruktur. So optimieren Sie Investitionen vor Ort und garantieren eine schnelle Markteinf\u00fchrung.","og_url":"https:\/\/tetakawi.com\/de\/losung-finden\/beratungsleistungen\/standortwahl\/","og_site_name":"Tetakawi","article_modified_time":"2019-08-10T00:53:02+00:00","twitter_card":"summary_large_image","twitter_misc":{"Gesch\u00e4tzte Lesezeit":"4\u00a0Minuten"},"schema":{"@context":"https:\/\/schema.org","@graph":[{"@type":"WebPage","@id":"https:\/\/tetakawi.com\/de\/losung-finden\/beratungsleistungen\/standortwahl\/","url":"https:\/\/tetakawi.com\/de\/losung-finden\/beratungsleistungen\/standortwahl\/","name":"Tetakawi | Standortwahl f\u00fcr die Fertigung in Mexiko","isPartOf":{"@id":"https:\/\/tetakawi.com\/#website"},"datePublished":"2019-07-10T17:10:37+00:00","dateModified":"2019-08-10T00:53:02+00:00","description":"Ermitteln Sie gemeinsam mit den Experten von Tetakawi Ihren strategischen Standort unter Ber\u00fccksichtigung der Bereiche Logistik, Arbeitskr\u00e4fte und Infrastruktur. So optimieren Sie Investitionen vor Ort und garantieren eine schnelle Markteinf\u00fchrung.","breadcrumb":{"@id":"https:\/\/tetakawi.com\/de\/losung-finden\/beratungsleistungen\/standortwahl\/#breadcrumb"},"inLanguage":"de","potentialAction":[{"@type":"ReadAction","target":["https:\/\/tetakawi.com\/de\/losung-finden\/beratungsleistungen\/standortwahl\/"]}]},{"@type":"BreadcrumbList","@id":"https:\/\/tetakawi.com\/de\/losung-finden\/beratungsleistungen\/standortwahl\/#breadcrumb","itemListElement":[{"@type":"ListItem","position":1,"name":"Home","item":"https:\/\/tetakawi.com\/de\/"},{"@type":"ListItem","position":2,"name":"L\u00f6sung finden","item":"https:\/\/tetakawi.com\/de\/losung-finden\/"},{"@type":"ListItem","position":3,"name":"Beratungsleistungen","item":"https:\/\/tetakawi.com\/de\/losung-finden\/beratungsleistungen\/"},{"@type":"ListItem","position":4,"name":"Standortwahl"}]},{"@type":"WebSite","@id":"https:\/\/tetakawi.com\/#website","url":"https:\/\/tetakawi.com\/","name":"Tetakawi","description":"","publisher":{"@id":"https:\/\/tetakawi.com\/#organization"},"potentialAction":[{"@type":"SearchAction","target":{"@type":"EntryPoint","urlTemplate":"https:\/\/tetakawi.com\/?s={search_term_string}"},"query-input":"required name=search_term_string"}],"inLanguage":"de"}]}},"_links":{"self":[{"href":"https:\/\/tetakawi.com\/de\/wp-json\/wp\/v2\/pages\/23176"}],"collection":[{"href":"https:\/\/tetakawi.com\/de\/wp-json\/wp\/v2\/pages"}],"about":[{"href":"https:\/\/tetakawi.com\/de\/wp-json\/wp\/v2\/types\/page"}],"author":[{"embeddable":true,"href":"https:\/\/tetakawi.com\/de\/wp-json\/wp\/v2\/users\/1"}],"replies":[{"embeddable":true,"href":"https:\/\/tetakawi.com\/de\/wp-json\/wp\/v2\/comments?post=23176"}],"version-history":[{"count":5,"href":"https:\/\/tetakawi.com\/de\/wp-json\/wp\/v2\/pages\/23176\/revisions"}],"predecessor-version":[{"id":24928,"href":"https:\/\/tetakawi.com\/de\/wp-json\/wp\/v2\/pages\/23176\/revisions\/24928"}],"up":[{"embeddable":true,"href":"https:\/\/tetakawi.com\/de\/wp-json\/wp\/v2\/pages\/22517"}],"wp:attachment":[{"href":"https:\/\/tetakawi.com\/de\/wp-json\/wp\/v2\/media?parent=23176"}],"curies":[{"name":"wp","href":"https:\/\/api.w.org\/{rel}","templated":true}]}}