{"id":23169,"date":"2019-07-10T17:10:34","date_gmt":"2019-07-10T17:10:34","guid":{"rendered":"https:\/\/tetakawi.com\/offshoring-services-von-tetakawi\/"},"modified":"2022-01-27T11:26:39","modified_gmt":"2022-01-27T11:26:39","slug":"offshoring-services-von-tetakawi","status":"publish","type":"page","link":"https:\/\/tetakawi.com\/de\/losung-finden\/supportleistungen\/offshoring-services-von-tetakawi\/","title":{"rendered":"Offshoring-Services von Tetakawi"},"content":{"rendered":"<div class=\"vgblk-rw-wrapper limit-wrapper\">\n<h1>\n\tOffshoring-Services von Tetakawi\n\t<\/h1>\n\t<style>.page-header-line {\n    display: block;\n    width: 60px;\n    height: 1px;\n    background: var(--vamtam-accent-color-4);\n    margin-top: 5px;\n    margin-bottom: 5px;\n    opacity: .7;\n}<\/style>\n\t<p>Unsere Offshoring-Services sind eine kosteng\u00fcnstige und risikoarme M\u00f6glichkeit zur Er\u00f6ffnung eines eigenen Fertigungsstandorts in Mexiko.<\/p>\n<h2>\n\tGeringeres Risiko dank Offshoring\n\t<\/h2>\n\t<p>Im Gegensatz zu einer selbstst\u00e4ndigen Standorter\u00f6ffnung, einem Joint Venture oder einem Auftragsfertigungsstandort bietet das Offshoring-Fertigungsmodell von Tetakawi einen rechtlichen Rahmen und umfassende Serviceleistungen, die rechtliche und steuerliche Hindernisse f\u00fcr ausl\u00e4ndische Hersteller beseitigen, die mit der Fertigung in Mexiko beginnen m\u00f6chten. Letztendlich profitieren Sie damit von deutlich reduzierten finanziellen und betrieblichen Risiken f\u00fcr Ihr Unternehmen.<\/p>\n<h3>\n\tK\u00fcrzere Einarbeitung\n\t<\/h3>\n<h3>\n\tSchnellere Inbetriebnahme\n\t<\/h3>\n<h3>\n\tWeniger Risiko\n\t<\/h3>\n<h3>\n\tSteuervorteile\n\t<\/h3>\n<h3>\n\tGeringere Kosten\n\t<\/h3>\n<h3>\n\tH\u00f6here Produktivit\u00e4t\n\t<\/h3>\n<h3>\n\tMehr Flexibilit\u00e4t\n\t<\/h3>\n<h3>\n\tUmfassende Compliance\n\t<\/h3>\n<h3>\n\tSt\u00e4rkere Mitarbeiterbindung\n\t<\/h3>\n<h3>\n\tZuverl\u00e4ssigkeit\n\t<\/h3>\n<h2>\n\tOffshoring: Rechtlicher Rahmen\n\t<\/h2>\n\t\t\t\t\t\t\t\t\t\t<img loading=\"lazy\" src=\"https:\/\/tetakawi.com\/wp-content\/uploads\/2019\/03\/tetakawi-legal-framework.jpg\" alt=\"Rechtlicher Rahmen von Tetakawi\" itemprop=\"image\" height=\"667\" width=\"1000\" title=\"tetakawi-legal-framework\" onerror=\"this.style.display='none'\"  sizes=\"(max-width: 768px) 100vw, 100vw\" srcset=\"data:image\/svg+xml;utf8,&lt;svg%20xmlns=&quot;http:\/\/www.w3.org\/2000\/svg&quot;%20viewBox=&quot;0%200%201000%20667&quot;%20height=&quot;667px&quot;%20width=&quot;1000px&quot;\/&gt;\" data-srcset=\"https:\/\/tetakawi.com\/wp-content\/uploads\/2019\/03\/tetakawi-legal-framework.jpg 1000w, https:\/\/tetakawi.com\/wp-content\/uploads\/2019\/03\/tetakawi-legal-framework-300x200.jpg 300w, https:\/\/tetakawi.com\/wp-content\/uploads\/2019\/03\/tetakawi-legal-framework-768x512.jpg 768w, https:\/\/tetakawi.com\/wp-content\/uploads\/2019\/03\/tetakawi-legal-framework-630x420.jpg 630w, https:\/\/tetakawi.com\/wp-content\/uploads\/2019\/03\/tetakawi-legal-framework-420x280.jpg 420w, https:\/\/tetakawi.com\/wp-content\/uploads\/2019\/03\/tetakawi-legal-framework-840x560.jpg 840w, https:\/\/tetakawi.com\/wp-content\/uploads\/2019\/03\/tetakawi-legal-framework-315x210.jpg 315w\" \/>\t\t\t\t\t\t\t\n\t<p>Wenn Sie die Offshoring-Services von Tetakawi in Anspruch nehmen, fungieren wir als eingetragener Arbeitgeber und Hersteller in Mexiko. Die mexikanischen Beh\u00f6rden bieten Anreize in Bezug auf Einkommens- und Mehrwertsteuer f\u00fcr ausl\u00e4ndische Unternehmen, die \u00fcber <a href=\"https:\/\/insights.tetakawi.com\/de\/offshoring-vs-outsourcing\">ein Offshoring-Unternehmen<\/a> einen Fertigungsstandort in Mexiko er\u00f6ffnen. Zu diesen Anreizen geh\u00f6ren eine Herabsetzung der Einkommenssteuer f\u00fcr vier Jahre sowie eine neunj\u00e4hrige Befreiung von der dauerhaften Registrierung in Mexiko.<\/p>\n\t<h2>Umfassende Serviceleistungen <b>f\u00fcr Ihr Business<\/b><\/h2>\n\t<p>Unsere Serviceleistungen erstrecken sich auf den Gro\u00dfteil der produktionsunabh\u00e4ngigen Aspekte eines Fertigungsstandorts. Wenn Sie sich f\u00fcr eine Zusammenarbeit mit Tetakawi entscheiden, kann sich Ihr Managementteam voll auf die termingerechte Fertigung der richtigen Teile zu m\u00f6glichst geringen Kosten konzentrieren, ohne sich um Probleme k\u00fcmmern zu m\u00fcssen, die in keinem direkten Zusammenhang mit den Produktionszielen stehen. Unser Service f\u00fcr Ihr Unternehmen im Bereich Offshoring umfasst folgendes:<\/p>\n\t\t\tPersonal\n\t\t<ul>\n<li>Recruiting<\/li>\n<li>Personalwesen<\/li>\n<li>Lohnbuchhaltung<\/li>\n<li>Zusatzleistungen f\u00fcr Mitarbeiter<\/li>\n<li>Transportservice f\u00fcr Mitarbeiter<\/li>\n<li>Gesundheit und Sicherheit der Mitarbeiter<\/li>\n<li>Gewerkschaftsbeziehungen<\/li>\n<\/ul>\n\t\t\tImport und Export\n\t\t<ul>\n<li>Cross Docking (USA\/Mexiko)<\/li>\n<li>Import-\/Exportabwicklung<\/li>\n<li>Import-\/Export-Compliance<\/li>\n<\/ul>\n\t\t\tRechtliche Compliance\n\t\t<ul>\n<li>Arbeitsrecht<\/li>\n<li>Handelsrecht<\/li>\n<li>Steuerrecht<\/li>\n<li>Umweltrecht<\/li>\n<li>Sozialversicherungsrecht<\/li>\n<li>Einwanderungsrecht<\/li>\n<\/ul>\n\t\t\tBeschaffung vor Ort\n\t\t<ul>\n<li>Lieferantenmanagement<\/li>\n<li>Bearbeitung indirekter Ausgaben<\/li>\n<li>Kreditoren<\/li>\n<li>R\u00fcckerstattung der Mehrwertsteuer<\/li>\n<\/ul>\n<h2>\n\tWenden Sie sich an Ihren Ansprechpartner bei Tetakawi, wenn Sie mehr \u00fcber unsere Offshoring-Services erfahren m\u00f6chten.\n\t<\/h2>\n\t<a href=\"\/de\/kontakt\/\" target=\"_self\" role=\"button\" rel=\"noopener\">\n\t\t\t\t\tKontakt\n\t<\/a>\n\n<\/div><!-- .vgblk-rw-wrapper -->","protected":false},"excerpt":{"rendered":"<p>Offshoring-Services von Tetakawi Unsere Offshoring-Services sind eine kosteng\u00fcnstige und risikoarme M\u00f6glichkeit zur Er\u00f6ffnung eines eigenen Fertigungsstandorts in Mexiko. Geringeres Risiko dank Offshoring Im Gegensatz zu einer selbstst\u00e4ndigen Standorter\u00f6ffnung, einem Joint Venture oder einem Auftragsfertigungsstandort bietet das Offshoring-Fertigungsmodell von Tetakawi einen rechtlichen Rahmen und umfassende Serviceleistungen, die rechtliche und steuerliche Hindernisse f\u00fcr ausl\u00e4ndische Hersteller beseitigen, die&#8230;<\/p>\n","protected":false},"author":1,"featured_media":0,"parent":23168,"menu_order":0,"comment_status":"closed","ping_status":"closed","template":"","meta":{"content-type":"","_monsterinsights_skip_tracking":false,"_monsterinsights_sitenote_active":false,"_monsterinsights_sitenote_note":"","_monsterinsights_sitenote_category":0},"yoast_head":"<!-- This site is optimized with the Yoast SEO Premium plugin v20.6 (Yoast SEO v20.6) - https:\/\/yoast.com\/wordpress\/plugins\/seo\/ -->\n<title>Tetakawi | Offshoring-Services in Mexiko<\/title>\n<meta name=\"description\" content=\"Tetakawi sorgt mit einem rechtlichen Rahmen und umfassendem Service daf\u00fcr, dass Sie einen Standort in Mexiko frei von rechtlichen und steuerlichen Risiken er\u00f6ffnen k\u00f6nnen.\" \/>\n<meta name=\"robots\" content=\"index, follow, max-snippet:-1, max-image-preview:large, max-video-preview:-1\" \/>\n<link rel=\"canonical\" href=\"https:\/\/tetakawi.com\/de\/losung-finden\/supportleistungen\/offshoring-services-von-tetakawi\/\" \/>\n<meta property=\"og:locale\" content=\"de_DE\" \/>\n<meta property=\"og:type\" content=\"article\" \/>\n<meta property=\"og:title\" content=\"Offshoring-Services von Tetakawi\" \/>\n<meta property=\"og:description\" content=\"Tetakawi sorgt mit einem rechtlichen Rahmen und umfassendem Service daf\u00fcr, dass Sie einen Standort in Mexiko frei von rechtlichen und steuerlichen Risiken er\u00f6ffnen k\u00f6nnen.\" \/>\n<meta property=\"og:url\" content=\"https:\/\/tetakawi.com\/de\/losung-finden\/supportleistungen\/offshoring-services-von-tetakawi\/\" \/>\n<meta property=\"og:site_name\" content=\"Tetakawi\" \/>\n<meta property=\"article:modified_time\" content=\"2022-01-27T11:26:39+00:00\" \/>\n<meta property=\"og:image\" content=\"https:\/\/tetakawi.com\/wp-content\/uploads\/2019\/03\/tetakawi-legal-framework.jpg\" \/>\n<meta name=\"twitter:card\" content=\"summary_large_image\" \/>\n<meta name=\"twitter:label1\" content=\"Gesch\u00e4tzte Lesezeit\" \/>\n\t<meta name=\"twitter:data1\" content=\"2\u00a0Minuten\" \/>\n<script type=\"application\/ld+json\" class=\"yoast-schema-graph\">{\"@context\":\"https:\/\/schema.org\",\"@graph\":[{\"@type\":\"WebPage\",\"@id\":\"https:\/\/tetakawi.com\/de\/losung-finden\/supportleistungen\/offshoring-services-von-tetakawi\/\",\"url\":\"https:\/\/tetakawi.com\/de\/losung-finden\/supportleistungen\/offshoring-services-von-tetakawi\/\",\"name\":\"Tetakawi | Offshoring-Services in Mexiko\",\"isPartOf\":{\"@id\":\"https:\/\/tetakawi.com\/#website\"},\"datePublished\":\"2019-07-10T17:10:34+00:00\",\"dateModified\":\"2022-01-27T11:26:39+00:00\",\"description\":\"Tetakawi sorgt mit einem rechtlichen Rahmen und umfassendem Service daf\u00fcr, dass Sie einen Standort in Mexiko frei von rechtlichen und steuerlichen Risiken er\u00f6ffnen k\u00f6nnen.\",\"breadcrumb\":{\"@id\":\"https:\/\/tetakawi.com\/de\/losung-finden\/supportleistungen\/offshoring-services-von-tetakawi\/#breadcrumb\"},\"inLanguage\":\"de\",\"potentialAction\":[{\"@type\":\"ReadAction\",\"target\":[\"https:\/\/tetakawi.com\/de\/losung-finden\/supportleistungen\/offshoring-services-von-tetakawi\/\"]}]},{\"@type\":\"BreadcrumbList\",\"@id\":\"https:\/\/tetakawi.com\/de\/losung-finden\/supportleistungen\/offshoring-services-von-tetakawi\/#breadcrumb\",\"itemListElement\":[{\"@type\":\"ListItem\",\"position\":1,\"name\":\"Home\",\"item\":\"https:\/\/tetakawi.com\/de\/\"},{\"@type\":\"ListItem\",\"position\":2,\"name\":\"L\u00f6sung finden\",\"item\":\"https:\/\/tetakawi.com\/de\/losung-finden\/\"},{\"@type\":\"ListItem\",\"position\":3,\"name\":\"Supportleistungen\",\"item\":\"https:\/\/tetakawi.com\/de\/losung-finden\/supportleistungen\/\"},{\"@type\":\"ListItem\",\"position\":4,\"name\":\"Offshoring-Services von Tetakawi\"}]},{\"@type\":\"WebSite\",\"@id\":\"https:\/\/tetakawi.com\/#website\",\"url\":\"https:\/\/tetakawi.com\/\",\"name\":\"Tetakawi\",\"description\":\"\",\"publisher\":{\"@id\":\"https:\/\/tetakawi.com\/#organization\"},\"potentialAction\":[{\"@type\":\"SearchAction\",\"target\":{\"@type\":\"EntryPoint\",\"urlTemplate\":\"https:\/\/tetakawi.com\/?s={search_term_string}\"},\"query-input\":\"required name=search_term_string\"}],\"inLanguage\":\"de\"}]}<\/script>\n<!-- \/ Yoast SEO Premium plugin. -->","yoast_head_json":{"title":"Tetakawi | Offshoring-Services in Mexiko","description":"Tetakawi sorgt mit einem rechtlichen Rahmen und umfassendem Service daf\u00fcr, dass Sie einen Standort in Mexiko frei von rechtlichen und steuerlichen Risiken er\u00f6ffnen k\u00f6nnen.","robots":{"index":"index","follow":"follow","max-snippet":"max-snippet:-1","max-image-preview":"max-image-preview:large","max-video-preview":"max-video-preview:-1"},"canonical":"https:\/\/tetakawi.com\/de\/losung-finden\/supportleistungen\/offshoring-services-von-tetakawi\/","og_locale":"de_DE","og_type":"article","og_title":"Offshoring-Services von Tetakawi","og_description":"Tetakawi sorgt mit einem rechtlichen Rahmen und umfassendem Service daf\u00fcr, dass Sie einen Standort in Mexiko frei von rechtlichen und steuerlichen Risiken er\u00f6ffnen k\u00f6nnen.","og_url":"https:\/\/tetakawi.com\/de\/losung-finden\/supportleistungen\/offshoring-services-von-tetakawi\/","og_site_name":"Tetakawi","article_modified_time":"2022-01-27T11:26:39+00:00","og_image":[{"url":"https:\/\/tetakawi.com\/wp-content\/uploads\/2019\/03\/tetakawi-legal-framework.jpg"}],"twitter_card":"summary_large_image","twitter_misc":{"Gesch\u00e4tzte Lesezeit":"2\u00a0Minuten"},"schema":{"@context":"https:\/\/schema.org","@graph":[{"@type":"WebPage","@id":"https:\/\/tetakawi.com\/de\/losung-finden\/supportleistungen\/offshoring-services-von-tetakawi\/","url":"https:\/\/tetakawi.com\/de\/losung-finden\/supportleistungen\/offshoring-services-von-tetakawi\/","name":"Tetakawi | Offshoring-Services in Mexiko","isPartOf":{"@id":"https:\/\/tetakawi.com\/#website"},"datePublished":"2019-07-10T17:10:34+00:00","dateModified":"2022-01-27T11:26:39+00:00","description":"Tetakawi sorgt mit einem rechtlichen Rahmen und umfassendem Service daf\u00fcr, dass Sie einen Standort in Mexiko frei von rechtlichen und steuerlichen Risiken er\u00f6ffnen k\u00f6nnen.","breadcrumb":{"@id":"https:\/\/tetakawi.com\/de\/losung-finden\/supportleistungen\/offshoring-services-von-tetakawi\/#breadcrumb"},"inLanguage":"de","potentialAction":[{"@type":"ReadAction","target":["https:\/\/tetakawi.com\/de\/losung-finden\/supportleistungen\/offshoring-services-von-tetakawi\/"]}]},{"@type":"BreadcrumbList","@id":"https:\/\/tetakawi.com\/de\/losung-finden\/supportleistungen\/offshoring-services-von-tetakawi\/#breadcrumb","itemListElement":[{"@type":"ListItem","position":1,"name":"Home","item":"https:\/\/tetakawi.com\/de\/"},{"@type":"ListItem","position":2,"name":"L\u00f6sung finden","item":"https:\/\/tetakawi.com\/de\/losung-finden\/"},{"@type":"ListItem","position":3,"name":"Supportleistungen","item":"https:\/\/tetakawi.com\/de\/losung-finden\/supportleistungen\/"},{"@type":"ListItem","position":4,"name":"Offshoring-Services von Tetakawi"}]},{"@type":"WebSite","@id":"https:\/\/tetakawi.com\/#website","url":"https:\/\/tetakawi.com\/","name":"Tetakawi","description":"","publisher":{"@id":"https:\/\/tetakawi.com\/#organization"},"potentialAction":[{"@type":"SearchAction","target":{"@type":"EntryPoint","urlTemplate":"https:\/\/tetakawi.com\/?s={search_term_string}"},"query-input":"required name=search_term_string"}],"inLanguage":"de"}]}},"_links":{"self":[{"href":"https:\/\/tetakawi.com\/de\/wp-json\/wp\/v2\/pages\/23169"}],"collection":[{"href":"https:\/\/tetakawi.com\/de\/wp-json\/wp\/v2\/pages"}],"about":[{"href":"https:\/\/tetakawi.com\/de\/wp-json\/wp\/v2\/types\/page"}],"author":[{"embeddable":true,"href":"https:\/\/tetakawi.com\/de\/wp-json\/wp\/v2\/users\/1"}],"replies":[{"embeddable":true,"href":"https:\/\/tetakawi.com\/de\/wp-json\/wp\/v2\/comments?post=23169"}],"version-history":[{"count":5,"href":"https:\/\/tetakawi.com\/de\/wp-json\/wp\/v2\/pages\/23169\/revisions"}],"predecessor-version":[{"id":27952,"href":"https:\/\/tetakawi.com\/de\/wp-json\/wp\/v2\/pages\/23169\/revisions\/27952"}],"up":[{"embeddable":true,"href":"https:\/\/tetakawi.com\/de\/wp-json\/wp\/v2\/pages\/23168"}],"wp:attachment":[{"href":"https:\/\/tetakawi.com\/de\/wp-json\/wp\/v2\/media?parent=23169"}],"curies":[{"name":"wp","href":"https:\/\/api.w.org\/{rel}","templated":true}]}}