{"id":23168,"date":"2019-07-10T17:10:34","date_gmt":"2019-07-10T17:10:34","guid":{"rendered":"https:\/\/tetakawi.com\/losung-finden\/supportleistungen\/"},"modified":"2019-08-10T00:33:34","modified_gmt":"2019-08-10T00:33:34","slug":"supportleistungen","status":"publish","type":"page","link":"https:\/\/tetakawi.com\/de\/losung-finden\/supportleistungen\/","title":{"rendered":"Supportleistungen"},"content":{"rendered":"<div class=\"vgblk-rw-wrapper limit-wrapper\"><h1>\n\tTetakawi-Support-Services\n\t<\/h1>\n\t<p>Wir k\u00fcmmern uns mit umfassenden Leistungen um Ihren gesamten Bedarf in Mexiko, vom Recruiting bis hin zum Import- und Exportmanagement.<\/p>\n<h2>\n\tEinfach Erfolg erzielen\n\t<\/h2>\n\t<p>Die ersten Schritte in Mexiko sind mitunter nicht ganz einfach, deswegen stehen wir an Ihrer Seite. Sie haben die Wahl zwischen zahlreichen Serviceleistungen, von der Unterst\u00fctzung bei der Betriebsgr\u00fcndung, risikoarmen Offshoring-Services, effektivem Recruiting und genauer Lohnbuchhaltung bis hin zum Import- und Exportmanagement. <\/p>\n<h2>\n\tWir sind f\u00fcr Sie da\n\t<\/h2>\n\t<p>Profitieren Sie von Supportleistungen f\u00fcr die Fertigung, die die komplette Palette an betrieblichen sowie verwaltungs- und personaltechnischen Aspekten abdecken, mit denen Sie Ihren Betrieb aufnehmen, leiten und zum Erfolg f\u00fchren k\u00f6nnen.<\/p>\n\t<a href=\"\/about-us\/our-story\/?lang=de\" target=\"_self\" role=\"button\" rel=\"noopener noreferrer\">\n\t\t\t\t\tUnsere Geschichte\n\t<\/a>\n\t\t\t\t<img loading=\"lazy\" src=\"https:\/\/tetakawi.com\/wp-content\/uploads\/2019\/04\/solutions-support-services-tetakawi.jpg\" alt=\"Supportleistungen \u2013 Tetakawi\" itemprop=\"image\" height=\"217\" width=\"768\" title=\"solutions-support-services-tetakawi\" onerror=\"this.style.display='none'\"  \/>\n\t<h3><strong>Betriebsgr\u00fcndung<\/strong><\/h3>\n<p>Expandieren Sie schnell und problemlos nach Mexiko. Nehmen Sie mit unserem vierphasigen Betriebsgr\u00fcndungsservice Ihren Standort in weniger als drei Monaten in Betrieb.<\/p>\n<p><a href=\"\/de\/losung-finden\/supportleistungen\/betriebsgrundung\/\">Mehr erfahren<\/a><\/p>\n\t\t\t\t<img loading=\"lazy\" src=\"https:\/\/tetakawi.com\/wp-content\/uploads\/2019\/04\/startup-1.jpg\" alt=\"Betriebsgr\u00fcndung Fertigung\" itemprop=\"image\" height=\"567\" width=\"1823\" title=\"Betriebsgr\u00fcndung\" onerror=\"this.style.display='none'\"  \/>\n\t<h3><strong>Offshoring-Services<\/strong><\/h3>\n<p>Senken Sie finanzielle, rechtliche und betriebliche Risiken. Mit unseren Offshoring-Services profitieren Sie von Anreizen, die Ihnen bei anderen Marktzug\u00e4ngen nicht zur Verf\u00fcgung stehen.<\/p>\n<p><a href=\"\/de\/losung-finden\/supportleistungen\/offshoring-services-von-tetakawi\/\">Mehr erfahren<\/a><\/p>\n\t\t\t\t<img loading=\"lazy\" src=\"https:\/\/tetakawi.com\/wp-content\/uploads\/2019\/04\/recruiting2.jpg\" alt=\"Recruiting in Mexiko\" itemprop=\"image\" height=\"387\" width=\"1378\" title=\"recruiting-mexico\" onerror=\"this.style.display='none'\"  \/>\n\t<h3><strong>Recruiting<\/strong><\/h3>\n<p>Werben Sie die geeignetsten Kandidaten an und halten Sie diese. Unsere einzigartigen Recruiting-Services verbessern Performance und Bindung der Mitarbeiter.<\/p>\n<p><a href=\"\/de\/losung-finden\/supportleistungen\/tetakawi-recruiting\/\">Mehr erfahren<\/a><\/p>\n\t\t\t\t<img loading=\"lazy\" src=\"https:\/\/tetakawi.com\/wp-content\/uploads\/2019\/04\/payroll.jpg\" alt=\"payroll-mexico\" itemprop=\"image\" height=\"370\" width=\"1371\" title=\"payroll-mexico\" onerror=\"this.style.display='none'\"  \/>\n\t<h3><strong>Lohnbuchhaltung<\/strong><\/h3>\n<p>Unsere Serviceleistungen im Bereich Lohnbuchhaltung gew\u00e4hrleisten, dass Ihre Mitarbeiter genau, termingerecht und unter Einhaltung mexikanischer Gesetze entlohnt werden.<\/p>\n<p><a href=\"\/de\/losung-finden\/supportleistungen\/lohnbuchhaltung\/\">Mehr erfahren<\/a><\/p>\n\t\t\t\t<img loading=\"lazy\" src=\"https:\/\/tetakawi.com\/wp-content\/uploads\/2019\/04\/import-export2-1.jpg\" alt=\"import-export-Mexico\" itemprop=\"image\" height=\"368\" width=\"1367\" title=\"import-export-Mexico\" onerror=\"this.style.display='none'\"  \/>\n\t<h3><strong>Import und Export<\/strong><\/h3>\n<p>Sorgen Sie f\u00fcr einen raschen grenz\u00fcberschreitenden Transport und daf\u00fcr, dass Ihre Waren problemlos in Bewegung bleiben. Verlassen Sie sich auf unsere reibungslosen Import-\/Exportservices.<\/p>\n<p><a href=\"\/de\/losung-finden\/supportleistungen\/import-und-export\/\">Mehr erfahren<\/a><\/p>\n<h2>\n\tWas spricht f\u00fcr Tetakawi?\n\t<\/h2>\n\t<p>Unser Team beantwortet Ihre Fragen und unterst\u00fctzt Sie bei der Probleml\u00f6sung sowie der Entscheidungsfindung.<\/p>\n\t<style>\n.whatcan{list-style:none;margin-left:0px}.whatcan li:before {content: '\u2713';}.whatcan li{margin-left:0px;padding-left:0px;line-height:40px;}.whatcan li strong{padding-left:20px;color:#0071ce;}<\/style>\n<ul>\n<li><strong><\/strong> 33 Jahre Erfahrung<\/li>\n<li><strong><\/strong> Echtzeitbetriebsdaten<\/li>\n<li><strong><\/strong> Weitreichende Ressourcen<\/li>\n<li><strong><\/strong> Fachkenntnis im Bereich Fertigung<\/li>\n<\/ul>\n\t\t\t\t<img loading=\"lazy\" src=\"https:\/\/tetakawi.com\/wp-content\/uploads\/2019\/03\/tetakawi-zapa-wall.png\" alt=\"Tetakawi-sign\" itemprop=\"image\" height=\"458\" width=\"917\" title=\"tetakawi-zapa-wall\" onerror=\"this.style.display='none'\"  \/>\n<h2>\n\tNoch Fragen?\n\t<\/h2>\n\t<a href=\"\/de\/kontakt\/\" target=\"_self\" role=\"button\" rel=\"noopener noreferrer\">\n\t\t\t\t\tKontakt\n\t<\/a>\n<\/div><!-- .vgblk-rw-wrapper -->","protected":false},"excerpt":{"rendered":"<p>Tetakawi-Support-Services Wir k\u00fcmmern uns mit umfassenden Leistungen um Ihren gesamten Bedarf in Mexiko, vom Recruiting bis hin zum Import- und Exportmanagement. Einfach Erfolg erzielen Die ersten Schritte in Mexiko sind mitunter nicht ganz einfach, deswegen stehen wir an Ihrer Seite. Sie haben die Wahl zwischen zahlreichen Serviceleistungen, von der Unterst\u00fctzung bei der Betriebsgr\u00fcndung, risikoarmen Offshoring-Services,&#8230;<\/p>\n","protected":false},"author":1,"featured_media":22501,"parent":22812,"menu_order":0,"comment_status":"closed","ping_status":"closed","template":"","meta":{"content-type":"","_monsterinsights_skip_tracking":false,"_monsterinsights_sitenote_active":false,"_monsterinsights_sitenote_note":"","_monsterinsights_sitenote_category":0},"yoast_head":"<!-- This site is optimized with the Yoast SEO Premium plugin v20.6 (Yoast SEO v20.6) - https:\/\/yoast.com\/wordpress\/plugins\/seo\/ -->\n<title>Tetakawi | Supportleistungen zur Fertigung in Mexiko<\/title>\n<meta name=\"description\" content=\"Die Supportleistungen von Tetakawi unterst\u00fctzen Unternehmen bei der Fertigung in Mexiko, von der Vorbereitung und Betriebsaufnahme bis hin zu Betrieb und Erfolg.\" \/>\n<meta name=\"robots\" content=\"index, follow, max-snippet:-1, max-image-preview:large, max-video-preview:-1\" \/>\n<link rel=\"canonical\" href=\"https:\/\/tetakawi.com\/de\/losung-finden\/supportleistungen\/\" \/>\n<meta property=\"og:locale\" content=\"de_DE\" \/>\n<meta property=\"og:type\" content=\"article\" \/>\n<meta property=\"og:title\" content=\"Supportleistungen\" \/>\n<meta property=\"og:description\" content=\"Die Supportleistungen von Tetakawi unterst\u00fctzen Unternehmen bei der Fertigung in Mexiko, von der Vorbereitung und Betriebsaufnahme bis hin zu Betrieb und Erfolg.\" \/>\n<meta property=\"og:url\" content=\"https:\/\/tetakawi.com\/de\/losung-finden\/supportleistungen\/\" \/>\n<meta property=\"og:site_name\" content=\"Tetakawi\" \/>\n<meta property=\"article:modified_time\" content=\"2019-08-10T00:33:34+00:00\" \/>\n<meta property=\"og:image\" content=\"https:\/\/tetakawi.com\/wp-content\/uploads\/2019\/04\/how-to-manufacture-executives-small.jpg\" \/>\n\t<meta property=\"og:image:width\" content=\"1225\" \/>\n\t<meta property=\"og:image:height\" content=\"668\" \/>\n\t<meta property=\"og:image:type\" content=\"image\/jpeg\" \/>\n<meta name=\"twitter:card\" content=\"summary_large_image\" \/>\n<meta name=\"twitter:label1\" content=\"Gesch\u00e4tzte Lesezeit\" \/>\n\t<meta name=\"twitter:data1\" content=\"1\u00a0Minute\" \/>\n<script type=\"application\/ld+json\" class=\"yoast-schema-graph\">{\"@context\":\"https:\/\/schema.org\",\"@graph\":[{\"@type\":\"WebPage\",\"@id\":\"https:\/\/tetakawi.com\/de\/losung-finden\/supportleistungen\/\",\"url\":\"https:\/\/tetakawi.com\/de\/losung-finden\/supportleistungen\/\",\"name\":\"Tetakawi | Supportleistungen zur Fertigung in Mexiko\",\"isPartOf\":{\"@id\":\"https:\/\/tetakawi.com\/#website\"},\"datePublished\":\"2019-07-10T17:10:34+00:00\",\"dateModified\":\"2019-08-10T00:33:34+00:00\",\"description\":\"Die Supportleistungen von Tetakawi unterst\u00fctzen Unternehmen bei der Fertigung in Mexiko, von der Vorbereitung und Betriebsaufnahme bis hin zu Betrieb und Erfolg.\",\"breadcrumb\":{\"@id\":\"https:\/\/tetakawi.com\/de\/losung-finden\/supportleistungen\/#breadcrumb\"},\"inLanguage\":\"de\",\"potentialAction\":[{\"@type\":\"ReadAction\",\"target\":[\"https:\/\/tetakawi.com\/de\/losung-finden\/supportleistungen\/\"]}]},{\"@type\":\"BreadcrumbList\",\"@id\":\"https:\/\/tetakawi.com\/de\/losung-finden\/supportleistungen\/#breadcrumb\",\"itemListElement\":[{\"@type\":\"ListItem\",\"position\":1,\"name\":\"Home\",\"item\":\"https:\/\/tetakawi.com\/de\/\"},{\"@type\":\"ListItem\",\"position\":2,\"name\":\"L\u00f6sung finden\",\"item\":\"https:\/\/tetakawi.com\/de\/losung-finden\/\"},{\"@type\":\"ListItem\",\"position\":3,\"name\":\"Supportleistungen\"}]},{\"@type\":\"WebSite\",\"@id\":\"https:\/\/tetakawi.com\/#website\",\"url\":\"https:\/\/tetakawi.com\/\",\"name\":\"Tetakawi\",\"description\":\"\",\"publisher\":{\"@id\":\"https:\/\/tetakawi.com\/#organization\"},\"potentialAction\":[{\"@type\":\"SearchAction\",\"target\":{\"@type\":\"EntryPoint\",\"urlTemplate\":\"https:\/\/tetakawi.com\/?s={search_term_string}\"},\"query-input\":\"required name=search_term_string\"}],\"inLanguage\":\"de\"}]}<\/script>\n<!-- \/ Yoast SEO Premium plugin. -->","yoast_head_json":{"title":"Tetakawi | Supportleistungen zur Fertigung in Mexiko","description":"Die Supportleistungen von Tetakawi unterst\u00fctzen Unternehmen bei der Fertigung in Mexiko, von der Vorbereitung und Betriebsaufnahme bis hin zu Betrieb und Erfolg.","robots":{"index":"index","follow":"follow","max-snippet":"max-snippet:-1","max-image-preview":"max-image-preview:large","max-video-preview":"max-video-preview:-1"},"canonical":"https:\/\/tetakawi.com\/de\/losung-finden\/supportleistungen\/","og_locale":"de_DE","og_type":"article","og_title":"Supportleistungen","og_description":"Die Supportleistungen von Tetakawi unterst\u00fctzen Unternehmen bei der Fertigung in Mexiko, von der Vorbereitung und Betriebsaufnahme bis hin zu Betrieb und Erfolg.","og_url":"https:\/\/tetakawi.com\/de\/losung-finden\/supportleistungen\/","og_site_name":"Tetakawi","article_modified_time":"2019-08-10T00:33:34+00:00","og_image":[{"width":1225,"height":668,"url":"https:\/\/tetakawi.com\/wp-content\/uploads\/2019\/04\/how-to-manufacture-executives-small.jpg","type":"image\/jpeg"}],"twitter_card":"summary_large_image","twitter_misc":{"Gesch\u00e4tzte Lesezeit":"1\u00a0Minute"},"schema":{"@context":"https:\/\/schema.org","@graph":[{"@type":"WebPage","@id":"https:\/\/tetakawi.com\/de\/losung-finden\/supportleistungen\/","url":"https:\/\/tetakawi.com\/de\/losung-finden\/supportleistungen\/","name":"Tetakawi | Supportleistungen zur Fertigung in Mexiko","isPartOf":{"@id":"https:\/\/tetakawi.com\/#website"},"datePublished":"2019-07-10T17:10:34+00:00","dateModified":"2019-08-10T00:33:34+00:00","description":"Die Supportleistungen von Tetakawi unterst\u00fctzen Unternehmen bei der Fertigung in Mexiko, von der Vorbereitung und Betriebsaufnahme bis hin zu Betrieb und Erfolg.","breadcrumb":{"@id":"https:\/\/tetakawi.com\/de\/losung-finden\/supportleistungen\/#breadcrumb"},"inLanguage":"de","potentialAction":[{"@type":"ReadAction","target":["https:\/\/tetakawi.com\/de\/losung-finden\/supportleistungen\/"]}]},{"@type":"BreadcrumbList","@id":"https:\/\/tetakawi.com\/de\/losung-finden\/supportleistungen\/#breadcrumb","itemListElement":[{"@type":"ListItem","position":1,"name":"Home","item":"https:\/\/tetakawi.com\/de\/"},{"@type":"ListItem","position":2,"name":"L\u00f6sung finden","item":"https:\/\/tetakawi.com\/de\/losung-finden\/"},{"@type":"ListItem","position":3,"name":"Supportleistungen"}]},{"@type":"WebSite","@id":"https:\/\/tetakawi.com\/#website","url":"https:\/\/tetakawi.com\/","name":"Tetakawi","description":"","publisher":{"@id":"https:\/\/tetakawi.com\/#organization"},"potentialAction":[{"@type":"SearchAction","target":{"@type":"EntryPoint","urlTemplate":"https:\/\/tetakawi.com\/?s={search_term_string}"},"query-input":"required name=search_term_string"}],"inLanguage":"de"}]}},"_links":{"self":[{"href":"https:\/\/tetakawi.com\/de\/wp-json\/wp\/v2\/pages\/23168"}],"collection":[{"href":"https:\/\/tetakawi.com\/de\/wp-json\/wp\/v2\/pages"}],"about":[{"href":"https:\/\/tetakawi.com\/de\/wp-json\/wp\/v2\/types\/page"}],"author":[{"embeddable":true,"href":"https:\/\/tetakawi.com\/de\/wp-json\/wp\/v2\/users\/1"}],"replies":[{"embeddable":true,"href":"https:\/\/tetakawi.com\/de\/wp-json\/wp\/v2\/comments?post=23168"}],"version-history":[{"count":5,"href":"https:\/\/tetakawi.com\/de\/wp-json\/wp\/v2\/pages\/23168\/revisions"}],"predecessor-version":[{"id":24924,"href":"https:\/\/tetakawi.com\/de\/wp-json\/wp\/v2\/pages\/23168\/revisions\/24924"}],"up":[{"embeddable":true,"href":"https:\/\/tetakawi.com\/de\/wp-json\/wp\/v2\/pages\/22812"}],"wp:featuredmedia":[{"embeddable":true,"href":"https:\/\/tetakawi.com\/de\/wp-json\/wp\/v2\/media\/22501"}],"wp:attachment":[{"href":"https:\/\/tetakawi.com\/de\/wp-json\/wp\/v2\/media?parent=23168"}],"curies":[{"name":"wp","href":"https:\/\/api.w.org\/{rel}","templated":true}]}}