{"id":23167,"date":"2019-07-10T17:10:34","date_gmt":"2019-07-10T17:10:34","guid":{"rendered":"https:\/\/tetakawi.com\/hochspezialisierte-branchen-in-mexiko\/haushaltsgeratefertigung-in-mexiko\/"},"modified":"2021-01-04T18:43:02","modified_gmt":"2021-01-04T18:43:02","slug":"haushaltsgeratefertigung-in-mexiko","status":"publish","type":"page","link":"https:\/\/tetakawi.com\/de\/hochspezialisierte-branchen-in-mexiko\/haushaltsgeratefertigung-in-mexiko\/","title":{"rendered":"Haushaltsger\u00e4tefertigung in Mexiko"},"content":{"rendered":"<div class=\"vgblk-rw-wrapper limit-wrapper\">\n<h1>\n\tHaushaltsger\u00e4tefertigung in Mexiko\n\t<\/h1>\n\t<p>Mit hochmodernen Einrichtungen und Zugang zu einer robusten Lieferkette ist wird Mexiko weltweit f\u00fcr die Vorteile in der Haushaltsger\u00e4tefertigung ger\u00fchmt.<\/p>\n<h2>\n\tHaushaltsger\u00e4tefertigung in Mexiko: Langj\u00e4hrige Tradition von Haushaltsger\u00e4temarken\n\t<\/h2>\n\t<p>Ob Elektro- oder Gasherde, Waschmaschinen oder Trockner, Haushalts- oder andere Elektroger\u00e4te &#8211; sie alle werden seit Jahrzehnten in Mexiko produziert. Die Haushaltsger\u00e4tefertigung des Landes wird gesch\u00e4tzt f\u00fcr ihre robuste Lieferkette, die N\u00e4he zu den Exportm\u00e4rkten und profunde Kenntnisse in der Produktion. Mexiko ist einer der Hauptexporteure von Haushaltsger\u00e4ten der Welt und h\u00e4lt beim Export von Haushaltsger\u00e4ten in einigen Kategorien einen Spitzenplatz inne.<\/p>\n<p>In hochmodernen Anlagen produzieren wichtige Haushaltsger\u00e4tehersteller wie Whirlpool, Electrolux, LG und Mabe Ger\u00e4te in Mexico, z. B. K\u00fchlschr\u00e4nke und Geschirrsp\u00fcler, Elektroherde und Kochfelder. Die Haushaltsger\u00e4tebranche Mexikos, die einst 95 % der in den USA verkauften Gasherde und K\u00fchlschr\u00e4nke von General Electric entwickelt und gefertigt hat, unterh\u00e4lt Werke an zahlreichen mexikanichen Standorten: Mexiko-Stadt, Coahuila, Guanajuato, Nuevo Leon, Queretaro und San Luis Potosi.<\/p>\n<h4>\n\tFree Data Sheet\n\t<\/h4>\n<h3>\n\tWhat to know about <br \/>Appliance Manufacturing <br \/>in Mexico\n\t<\/h3>\n\t<p>Thinking about manufacturing in Mexico? Learn about Mexico&#8217;s Appliance industry and how shelter services can help.<\/p>\n\n\t\t\t\t\t\t\t\t\t\t<img loading=\"lazy\" src=\"https:\/\/tetakawi.com\/wp-content\/uploads\/2019\/04\/appliance-lp2.jpg\" alt=\"appliance-manufacturing\" itemprop=\"image\" height=\"667\" width=\"1000\" title=\"appliance-lp2\" onerror=\"this.style.display='none'\"  sizes=\"(max-width: 768px) 100vw, 100vw\" srcset=\"data:image\/svg+xml;utf8,&lt;svg%20xmlns=&quot;http:\/\/www.w3.org\/2000\/svg&quot;%20viewBox=&quot;0%200%201000%20667&quot;%20height=&quot;667px&quot;%20width=&quot;1000px&quot;\/&gt;\" data-srcset=\"https:\/\/tetakawi.com\/wp-content\/uploads\/2019\/04\/appliance-lp2.jpg 1000w, https:\/\/tetakawi.com\/wp-content\/uploads\/2019\/04\/appliance-lp2-300x200.jpg 300w, https:\/\/tetakawi.com\/wp-content\/uploads\/2019\/04\/appliance-lp2-768x512.jpg 768w, https:\/\/tetakawi.com\/wp-content\/uploads\/2019\/04\/appliance-lp2-630x420.jpg 630w, https:\/\/tetakawi.com\/wp-content\/uploads\/2019\/04\/appliance-lp2-420x280.jpg 420w, https:\/\/tetakawi.com\/wp-content\/uploads\/2019\/04\/appliance-lp2-840x560.jpg 840w, https:\/\/tetakawi.com\/wp-content\/uploads\/2019\/04\/appliance-lp2-315x210.jpg 315w\" \/>\t\t\t\t\t\t\t\n<h2>\n\tWichtige Statistiken zur Haushaltsger\u00e4tefertigung in Mexiko\n\t<\/h2>\n<h4>\n\t41 %\n\t<\/h4>\n<h4>\n\tder in Mexiko hergestellten Elektroger\u00e4te kommen aus Nuevo Leon  \n\t<\/h4>\n\t<p>Haushaltsger\u00e4tehersteller sind in ganz Mexiko zu Hause, in Nuevo Leon finden sich jedoch die meisten Standorte mit hohem Produktionswert: 41 % der Elektroger\u00e4te in Mexiko werden dort hergestellt.<\/p>\n<h4>\n\tZweitgr\u00f6\u00dfter\n\t<\/h4>\n<h4>\n\tExporteur von Haushaltsger\u00e4ten in die USA\n\t<\/h4>\n\t<p>Mexiko ist der zweitgr\u00f6\u00dfte Exporteur von Haushalts- und Elektroger\u00e4ten in die USA Bei relativ geringen Lohnkosten, der N\u00e4he zur US-amerikanischen Grenze und fristgerechten Lieferungen haben in Mexiko herstellende Unternehmen ein enormes Wachstum erzielt.<\/p>\n<h4>\n\t70\n\t<\/h4>\n<h4>\n\tL\u00e4nder importieren Haushaltsger\u00e4te aus Mexiko von Produktionsgigant Mabe\n\t<\/h4>\n\t<p>Es fertigen zahlreiche Hersteller wie Mabe Ger\u00e4te in Mexiko. Das Unternehmen exportiert in \u00fcber 70 L\u00e4nder. Sein Portfolio umfasst gro\u00dfe Marken, darunter ioMabe, GE\/GE Profile und Monogram.<\/p>\n<h2>\n\tNutzen Sie die Vorteile von Tetakawi in der Haushaltsger\u00e4tebranche\n\t<\/h2>\n\t<p>Ob Sie die Fertigung in Mexiko aufnehmen m\u00f6chten oder hier bereits einen Standort unterhalten &#8211; Tetakawi unterst\u00fctzt Ihr Unternehmen bei Gr\u00fcndung, Betrieb und Wachstum in der hochgelobten Haushaltsger\u00e4tefertigungsbranche des Landes. Mit \u00fcber 34 Jahren Erfahrung im Bereich Fertigung in Mexiko sind wir bestens aufgestellt, Haushaltsger\u00e4tehersteller bei der Aufnahme der Fertigung in Mexiko zu unterst\u00fctzen. Unsere speziell auf die Anforderungen Ihres Unternehmens zugeschnittenen Serviceleistungen beruhen auf Strategie und Erfahrung. Wir sind der gr\u00f6\u00dfte Offshoring-Dienstleister in Mexiko und Sie k\u00f6nnen sich darauf verlassen, dass wir als zuverl\u00e4ssiger Partner stets an Ihrer Seite stehen. Wir unterst\u00fctzen Sie bei Folgendem:<\/p>\n<ul>\n<li>Auswahl des geeigneten Standorts f\u00fcr die Haushaltsger\u00e4tefertigung in Mexiko<\/li>\n<li>Rechtlichen und organisatorischen Fragen sowie beim Aufbau von Supportstrukturen<\/li>\n<li>Anwerbung, Schulung und Bindung von Mitarbeitern<\/li>\n<li>S\u00e4mtlichen administrativen Aufgaben, von Finanzen und Personal bis hin zu Zollangelegenheiten<\/li>\n<li>Reibungslosen Abl\u00e4ufen von der Gr\u00fcndung bis zum Regelbetrieb<\/li>\n<li>Und vielem mehr. Wir \u00fcbernehmen die administrativen Aufgaben f\u00fcr Sie, sodass sich Ihr Team auf den Wettbewerbsvorteil konzentrieren kann: kompetente Fertigung.<\/li>\n<\/ul>\n\t<a href=\"\/solutions\/support-services\/start-up\/\" target=\"_self\" role=\"button\" rel=\"noopener noreferrer\">\n\t\t\t\t\tSie m\u00f6chten mehr erfahren? <b>Individuelles Dienstleistungsangebot erhalten<\/b>\n\t<\/a>\n<h2>\n\tRichten Sie einen erfolgreichen Fertigungsstandort f\u00fcr Haushaltsger\u00e4te in Mexiko mit umfangreicher Unterst\u00fctzung von Tetakawi ein.<\/h2> \n\t\n\t<p>Gr\u00fcnden oder erweitern Sie mit unseren kundenspezifischen Dienstleistungen einen Haushaltsger\u00e4tefertigungsstandort in Mexiko. Von umfassender Beratung bis hin zu schl\u00fcsselfertigen Fertigungsanlagen &#8211; wir unterst\u00fctzen Sie bei jeder Phase der Betriebsaufnahme.<\/p>\n\t\t\tOffshoring-Services\n\t\tKonzentrieren Sie sich auf Ihr Kerngesch\u00e4ft, wir k\u00fcmmern uns um den Rest. Unsere Offshoring-Services sind eine einfache, kosteng\u00fcnstige und risikoarme M\u00f6glichkeit zur Er\u00f6ffnung eines eigenen Haushaltsger\u00e4tefertigungsstandorts in Mexiko.<br \/>\n<a href=\"https:\/\/tetakawi.com\/de\/losung-finden\/supportleistungen\/offshoring-services-von-tetakawi\/\">Mehr erfahren &#8230;<\/a>\n\t\t\tPerfekte Kommunikation\n\t\tMit dem optimalen Expertenteam, das die termin- und budgetgerechte Umsetzung Ihrer Markteintrittsstrategie gew\u00e4hrleistet, gelingt der erfolgreiche Start. <br \/>\n<a href=\"https:\/\/tetakawi.com\/de\/losung-finden\/fertigungscommunitys\/perfekte-kommunikation\/\">Mehr erfahren &#8230;<\/a>\n\t\t\tFertigungscommunitys\n\t\tSchl\u00fcsselfertige Produktionsanlagen mit Gewerbefl\u00e4chen der Klasse A, Vor-Ort-Support und Offshoring-Dienstleistungen sorgen f\u00fcr eine problemlose Haushaltsger\u00e4tefertigung.<br \/>\n<a href=\"https:\/\/tetakawi.com\/de\/finden-sie-den-passenden-standort\/fertigung-in-saltillo-coahuila\/manufacturing-communities\/\">Mehr erfahren &#8230;<\/a>\n\t\t\tBeratungsleistungen\n\t\tVon der Standortwahl bis hin zu kundenspezifischen Analysen und Kostensch\u00e4tzungen &#8211; wir treffen fundierte, strategische und umsetzbare Entscheidungen.<br \/>\n<a href=\"https:\/\/tetakawi.com\/de\/losung-finden\/beratungsleistungen\/\">Mehr erfahren &#8230;<\/a>\n<h2>\n\tH\u00e4ufig gestellte Fragen zur Haushaltsger\u00e4tefertigung in Mexiko\n\t<\/h2>\n\tProfitiert die Haushaltsger\u00e4teindustrie in Mexiko von Verbindungen zu anderen Clustern?\n<p>Die Haushaltsger\u00e4teindustrie in Mexiko profitiert von der erfolgreichen <a href=\"https:\/\/tetakawi.com\/de\/hochspezialisierte-branchen-in-mexiko\/elektronikfertigung-in-mexiko\/\">Elektronikfertigung<\/a> des Landes. In vielen Haushaltsger\u00e4ten stecken elektronische Komponenten bzw. elektronische Funktionen. Da die beiden Branchen Hand in Hand zusammenarbeiten, lassen sich die Arbeits- und Versorgungskosten h\u00e4ufig senken. Daraus entstehen wechselseitige Vorteile und eine ideale Produktionsumgebung f\u00fcr die Haushaltsger\u00e4tefertigungsbranche. <\/p>\n<p>&#160;<\/p>\nGibt es in Mexiko einen Cluster f\u00fcr die Haushaltsger\u00e4tefertigung? Soll ich meinen Standort dort aufbauen?\n<p>Nuevo Leon ist eine der st\u00e4rksten Regionen in der Haushaltsger\u00e4tefertigung und besch\u00e4ftigt 22 % der direkt in Mexiko mit Elektroger\u00e4ten besch\u00e4ftigten Arbeitnehmer. In der Region befindet sich das CLELAC (Haushaltsger\u00e4tecluster Nuevo Leon), der Industrie, Forschung und Regierung zur St\u00e4rkung des Haushaltsger\u00e4tefertigungssektors in Mexiko vereint. Viele Tier-1-, Tier-2- und Tier-3-Unternehmen in der Haushaltsger\u00e4tefertigung suchen sich f\u00fcr ihre Maquiladoras einen Standort in Saltillo. Saltillo liegt etwa eine Stunde entfernt von Monterrey, hier liegen die L\u00f6hne jedoch 15 bis 20 Prozent niedriger. Haushaltsger\u00e4tehersteller und ihre Lieferanten sind in ganzen Land angesiedelt, beispielsweise in Coahuila, Chihuahua, Mexiko-Stadt, Guanajuato, Queretaro, San Luis Potosi und Tamaulipas. Wenn Sie mehr erfahren m\u00f6chten oder Hilfe bei der Standortwahl ben\u00f6tigen, ist unser <a href=\"https:\/\/tetakawi.com\/de\/losung-finden\/beratungsleistungen\/standortwahl\/\">Standortwahlservice<\/a> genau das Richtige f\u00fcr Sie.<\/p>\n<p>&#160;<\/p>\nWelche Haushaltsger\u00e4te werden vornehmlich aus Mexiko exportiert?\n<p>Mexiko ist ein wichtiger Exporteur f\u00fcr viele g\u00e4ngige Haushaltsger\u00e4te. K\u00fchlschr\u00e4nke\/K\u00fchltruhen, Waschmaschinen, Klimaanlagen, Verdichter, Elektro- und Gasherde, elektrische Wasserboiler und Staubsauger sind nur einige der vielen Produkte, die aus Mexiko in die ganze Welt exportiert werden.  <\/p>\n<h2>\n\tAktuelle News aus der Haushaltsger\u00e4tefertigungsbranche\n\t<\/h2>\n\t\t\t\t\t\t\t\t\t\t<img loading=\"lazy\" src=\"https:\/\/tetakawi.com\/wp-content\/uploads\/2020\/10\/10-Products-You-Never-Knew-Were-Made-In-Mexico.jpg\" alt=\"10 Produkte, von denen Sie nicht wussten, dass sie in Mexiko gefertigt werden\" itemprop=\"image\" height=\"300\" width=\"500\" title=\"10 Produkte, von denen Sie nicht wussten, dass sie in Mexiko gefertigt werden\" onerror=\"this.style.display='none'\"  sizes=\"(max-width: 768px) 100vw, 100vw\" srcset=\"data:image\/svg+xml;utf8,&lt;svg%20xmlns=&quot;http:\/\/www.w3.org\/2000\/svg&quot;%20viewBox=&quot;0%200%20500%20300&quot;%20height=&quot;300px&quot;%20width=&quot;500px&quot;\/&gt;\" data-srcset=\"https:\/\/tetakawi.com\/wp-content\/uploads\/2020\/10\/10-Products-You-Never-Knew-Were-Made-In-Mexico.jpg 500w, https:\/\/tetakawi.com\/wp-content\/uploads\/2020\/10\/10-Products-You-Never-Knew-Were-Made-In-Mexico-300x180.jpg 300w, https:\/\/tetakawi.com\/wp-content\/uploads\/2020\/10\/10-Products-You-Never-Knew-Were-Made-In-Mexico-420x252.jpg 420w, https:\/\/tetakawi.com\/wp-content\/uploads\/2020\/10\/10-Products-You-Never-Knew-Were-Made-In-Mexico-315x189.jpg 315w\" \/>\t\t\t\t\t\t\t\n<h4>\n\t10 Produkte, von denen Sie nicht wussten, dass sie in Mexiko gefertigt werden\n\t<\/h4>\n\t<p>Mexiko ist ein Nearshoring-Standort f\u00fcr zahlreiche Branchen. Die Haushaltsger\u00e4tebranche stellt da keine Ausnahme dar.<\/p>\n\t<a href=\"https:\/\/insights.tetakawi.com\/10-things-made-in-mexico\" target=\"_self\" role=\"button\" rel=\"noopener noreferrer\">\n\t\t\t\t\tWeiterlesen\n\t<\/a>\n\t\t\t\t\t\t\t\t\t\t<img loading=\"lazy\" src=\"https:\/\/tetakawi.com\/wp-content\/uploads\/2020\/10\/Shelter-Services-in-Mexico-Everything-You-Need-To-Know.jpg\" alt=\"Offshoring-Services in Mexiko: Was Sie wissen m\u00fcssen\" itemprop=\"image\" height=\"300\" width=\"500\" title=\"Was Sie \u00fcber Offshoring-Services in Mexiko wissen m\u00fcssen\" onerror=\"this.style.display='none'\"  sizes=\"(max-width: 768px) 100vw, 100vw\" srcset=\"data:image\/svg+xml;utf8,&lt;svg%20xmlns=&quot;http:\/\/www.w3.org\/2000\/svg&quot;%20viewBox=&quot;0%200%20500%20300&quot;%20height=&quot;300px&quot;%20width=&quot;500px&quot;\/&gt;\" data-srcset=\"https:\/\/tetakawi.com\/wp-content\/uploads\/2020\/10\/Shelter-Services-in-Mexico-Everything-You-Need-To-Know.jpg 500w, https:\/\/tetakawi.com\/wp-content\/uploads\/2020\/10\/Shelter-Services-in-Mexico-Everything-You-Need-To-Know-300x180.jpg 300w, https:\/\/tetakawi.com\/wp-content\/uploads\/2020\/10\/Shelter-Services-in-Mexico-Everything-You-Need-To-Know-420x252.jpg 420w, https:\/\/tetakawi.com\/wp-content\/uploads\/2020\/10\/Shelter-Services-in-Mexico-Everything-You-Need-To-Know-315x189.jpg 315w\" \/>\t\t\t\t\t\t\t\n<h4>\n\tOffshoring-Services in Mexiko: Was Sie wissen m\u00fcssen\n\t<\/h4>\n\t<p>Sie erw\u00e4gen die Gr\u00fcndung eines Fertigungsstandorts f\u00fcr Haushaltsger\u00e4te in Mexiko? Informieren Sie sich \u00fcber die Vorteile, die Offshoring-Services mit sich bringen, sowie entsprechende Anbieter.<\/p>\n\t<a href=\"https:\/\/insights.tetakawi.com\/shelter-services-in-mexico\" target=\"_self\" role=\"button\" rel=\"noopener noreferrer\">\n\t\t\t\t\tWeiterlesen\n\t<\/a>\n\t\t\t\t\t\t\t\t\t\t<img loading=\"lazy\" src=\"https:\/\/tetakawi.com\/wp-content\/uploads\/2020\/10\/Overview-Of-The-Top-5-Industries-Manufacturing-In-Mexico.jpg\" alt=\"\u2022 \u00dcbersicht \u00fcber die f\u00fcnf wichtigsten Fertigungsbranchen in Mexiko\" itemprop=\"image\" height=\"300\" width=\"500\" title=\"\u00dcbersicht \u00fcber die f\u00fcnf wichtigsten Fertigungsbranchen in Mexiko\" onerror=\"this.style.display='none'\"  sizes=\"(max-width: 768px) 100vw, 100vw\" srcset=\"data:image\/svg+xml;utf8,&lt;svg%20xmlns=&quot;http:\/\/www.w3.org\/2000\/svg&quot;%20viewBox=&quot;0%200%20500%20300&quot;%20height=&quot;300px&quot;%20width=&quot;500px&quot;\/&gt;\" data-srcset=\"https:\/\/tetakawi.com\/wp-content\/uploads\/2020\/10\/Overview-Of-The-Top-5-Industries-Manufacturing-In-Mexico.jpg 500w, https:\/\/tetakawi.com\/wp-content\/uploads\/2020\/10\/Overview-Of-The-Top-5-Industries-Manufacturing-In-Mexico-300x180.jpg 300w, https:\/\/tetakawi.com\/wp-content\/uploads\/2020\/10\/Overview-Of-The-Top-5-Industries-Manufacturing-In-Mexico-420x252.jpg 420w, https:\/\/tetakawi.com\/wp-content\/uploads\/2020\/10\/Overview-Of-The-Top-5-Industries-Manufacturing-In-Mexico-315x189.jpg 315w\" \/>\t\t\t\t\t\t\t\n<h4>\n\t\u00dcbersicht \u00fcber die f\u00fcnf wichtigsten Fertigungsbranchen in Mexiko\n\t<\/h4>\n\t<p>Die Haushaltsger\u00e4tefertigung geh\u00f6rt zu den 5 wichtigsten Fertigungsbranchen in Mexiko und ist damit f\u00fcr Hersteller aus aller Welt attraktiv.<\/p>\n\t<a href=\"https:\/\/insights.tetakawi.com\/top-5-mexican-manufacturing-industries\" target=\"_self\" role=\"button\" rel=\"noopener noreferrer\">\n\t\t\t\t\tWeiterlesen\n\t<\/a>\n<h2>\n\t<b>Beginnen Sie jetzt mit der Entwicklung Ihrer Strategie f\u00fcr Mexiko.<\/b>\n\t<\/h2>\n\t<p>Sprechen Sie mit einem Experten von Tetakawi und erfahren Sie, wie Ihr Unternehmen in Mexiko erfolgreich sein kann.<\/p>\n\t<a href=\"\/contact\" target=\"_self\" role=\"button\" rel=\"noopener noreferrer\">\n\t\t\t\t\t<b>Wenden Sie sich an uns.<\/b><b>\n\t<\/b><\/a>\n\n<\/div><!-- .vgblk-rw-wrapper -->","protected":false},"excerpt":{"rendered":"<p>Haushaltsger\u00e4tefertigung in Mexiko Mit hochmodernen Einrichtungen und Zugang zu einer robusten Lieferkette ist wird Mexiko weltweit f\u00fcr die Vorteile in der Haushaltsger\u00e4tefertigung ger\u00fchmt. Haushaltsger\u00e4tefertigung in Mexiko: Langj\u00e4hrige Tradition von Haushaltsger\u00e4temarken Ob Elektro- oder Gasherde, Waschmaschinen oder Trockner, Haushalts- oder andere Elektroger\u00e4te &#8211; sie alle werden seit Jahrzehnten in Mexiko produziert. Die Haushaltsger\u00e4tefertigung des Landes wird&#8230;<\/p>\n","protected":false},"author":2,"featured_media":0,"parent":22201,"menu_order":0,"comment_status":"closed","ping_status":"closed","template":"","meta":{"content-type":"","_monsterinsights_skip_tracking":false,"_monsterinsights_sitenote_active":false,"_monsterinsights_sitenote_note":"","_monsterinsights_sitenote_category":0},"yoast_head":"<!-- This site is optimized with the Yoast SEO Premium plugin v20.6 (Yoast SEO v20.6) - https:\/\/yoast.com\/wordpress\/plugins\/seo\/ -->\n<title>Haushaltsger\u00e4tefertigung in Mexiko | Tetakawi<\/title>\n<meta name=\"description\" content=\"Sie m\u00f6chten genau wie die f\u00fchrenden Haushaltsger\u00e4tehersteller in Mexiko produzieren? Beginnen Sie voller Zuversicht Ihre Fertigung mit Tetakawi, Mexikos gr\u00f6\u00dftem Offshoring-Dienstleister.\" \/>\n<meta name=\"robots\" content=\"index, follow, max-snippet:-1, max-image-preview:large, max-video-preview:-1\" \/>\n<link rel=\"canonical\" href=\"https:\/\/tetakawi.com\/de\/hochspezialisierte-branchen-in-mexiko\/haushaltsgeratefertigung-in-mexiko\/\" \/>\n<meta property=\"og:locale\" content=\"de_DE\" \/>\n<meta property=\"og:type\" content=\"article\" \/>\n<meta property=\"og:title\" content=\"Haushaltsger\u00e4tefertigung in Mexiko\" \/>\n<meta property=\"og:description\" content=\"Sie m\u00f6chten genau wie die f\u00fchrenden Haushaltsger\u00e4tehersteller in Mexiko produzieren? Beginnen Sie voller Zuversicht Ihre Fertigung mit Tetakawi, Mexikos gr\u00f6\u00dftem Offshoring-Dienstleister.\" \/>\n<meta property=\"og:url\" content=\"https:\/\/tetakawi.com\/de\/hochspezialisierte-branchen-in-mexiko\/haushaltsgeratefertigung-in-mexiko\/\" \/>\n<meta property=\"og:site_name\" content=\"Tetakawi\" \/>\n<meta property=\"article:modified_time\" content=\"2021-01-04T18:43:02+00:00\" \/>\n<meta property=\"og:image\" content=\"https:\/\/tetakawi.com\/wp-content\/uploads\/2019\/04\/appliance-lp2.jpg\" \/>\n<meta name=\"twitter:card\" content=\"summary_large_image\" \/>\n<meta name=\"twitter:label1\" content=\"Gesch\u00e4tzte Lesezeit\" \/>\n\t<meta name=\"twitter:data1\" content=\"5\u00a0Minuten\" \/>\n<script type=\"application\/ld+json\" class=\"yoast-schema-graph\">{\"@context\":\"https:\/\/schema.org\",\"@graph\":[{\"@type\":\"WebPage\",\"@id\":\"https:\/\/tetakawi.com\/de\/hochspezialisierte-branchen-in-mexiko\/haushaltsgeratefertigung-in-mexiko\/\",\"url\":\"https:\/\/tetakawi.com\/de\/hochspezialisierte-branchen-in-mexiko\/haushaltsgeratefertigung-in-mexiko\/\",\"name\":\"Haushaltsger\u00e4tefertigung in Mexiko | Tetakawi\",\"isPartOf\":{\"@id\":\"https:\/\/tetakawi.com\/#website\"},\"datePublished\":\"2019-07-10T17:10:34+00:00\",\"dateModified\":\"2021-01-04T18:43:02+00:00\",\"description\":\"Sie m\u00f6chten genau wie die f\u00fchrenden Haushaltsger\u00e4tehersteller in Mexiko produzieren? Beginnen Sie voller Zuversicht Ihre Fertigung mit Tetakawi, Mexikos gr\u00f6\u00dftem Offshoring-Dienstleister.\",\"breadcrumb\":{\"@id\":\"https:\/\/tetakawi.com\/de\/hochspezialisierte-branchen-in-mexiko\/haushaltsgeratefertigung-in-mexiko\/#breadcrumb\"},\"inLanguage\":\"de\",\"potentialAction\":[{\"@type\":\"ReadAction\",\"target\":[\"https:\/\/tetakawi.com\/de\/hochspezialisierte-branchen-in-mexiko\/haushaltsgeratefertigung-in-mexiko\/\"]}]},{\"@type\":\"BreadcrumbList\",\"@id\":\"https:\/\/tetakawi.com\/de\/hochspezialisierte-branchen-in-mexiko\/haushaltsgeratefertigung-in-mexiko\/#breadcrumb\",\"itemListElement\":[{\"@type\":\"ListItem\",\"position\":1,\"name\":\"Home\",\"item\":\"https:\/\/tetakawi.com\/de\/\"},{\"@type\":\"ListItem\",\"position\":2,\"name\":\"Hochspezialisierte Branchen in Mexiko\",\"item\":\"https:\/\/tetakawi.com\/de\/hochspezialisierte-branchen-in-mexiko\/\"},{\"@type\":\"ListItem\",\"position\":3,\"name\":\"Haushaltsger\u00e4tefertigung in Mexiko\"}]},{\"@type\":\"WebSite\",\"@id\":\"https:\/\/tetakawi.com\/#website\",\"url\":\"https:\/\/tetakawi.com\/\",\"name\":\"Tetakawi\",\"description\":\"\",\"publisher\":{\"@id\":\"https:\/\/tetakawi.com\/#organization\"},\"potentialAction\":[{\"@type\":\"SearchAction\",\"target\":{\"@type\":\"EntryPoint\",\"urlTemplate\":\"https:\/\/tetakawi.com\/?s={search_term_string}\"},\"query-input\":\"required name=search_term_string\"}],\"inLanguage\":\"de\"}]}<\/script>\n<!-- \/ Yoast SEO Premium plugin. -->","yoast_head_json":{"title":"Haushaltsger\u00e4tefertigung in Mexiko | Tetakawi","description":"Sie m\u00f6chten genau wie die f\u00fchrenden Haushaltsger\u00e4tehersteller in Mexiko produzieren? Beginnen Sie voller Zuversicht Ihre Fertigung mit Tetakawi, Mexikos gr\u00f6\u00dftem Offshoring-Dienstleister.","robots":{"index":"index","follow":"follow","max-snippet":"max-snippet:-1","max-image-preview":"max-image-preview:large","max-video-preview":"max-video-preview:-1"},"canonical":"https:\/\/tetakawi.com\/de\/hochspezialisierte-branchen-in-mexiko\/haushaltsgeratefertigung-in-mexiko\/","og_locale":"de_DE","og_type":"article","og_title":"Haushaltsger\u00e4tefertigung in Mexiko","og_description":"Sie m\u00f6chten genau wie die f\u00fchrenden Haushaltsger\u00e4tehersteller in Mexiko produzieren? Beginnen Sie voller Zuversicht Ihre Fertigung mit Tetakawi, Mexikos gr\u00f6\u00dftem Offshoring-Dienstleister.","og_url":"https:\/\/tetakawi.com\/de\/hochspezialisierte-branchen-in-mexiko\/haushaltsgeratefertigung-in-mexiko\/","og_site_name":"Tetakawi","article_modified_time":"2021-01-04T18:43:02+00:00","og_image":[{"url":"https:\/\/tetakawi.com\/wp-content\/uploads\/2019\/04\/appliance-lp2.jpg"}],"twitter_card":"summary_large_image","twitter_misc":{"Gesch\u00e4tzte Lesezeit":"5\u00a0Minuten"},"schema":{"@context":"https:\/\/schema.org","@graph":[{"@type":"WebPage","@id":"https:\/\/tetakawi.com\/de\/hochspezialisierte-branchen-in-mexiko\/haushaltsgeratefertigung-in-mexiko\/","url":"https:\/\/tetakawi.com\/de\/hochspezialisierte-branchen-in-mexiko\/haushaltsgeratefertigung-in-mexiko\/","name":"Haushaltsger\u00e4tefertigung in Mexiko | Tetakawi","isPartOf":{"@id":"https:\/\/tetakawi.com\/#website"},"datePublished":"2019-07-10T17:10:34+00:00","dateModified":"2021-01-04T18:43:02+00:00","description":"Sie m\u00f6chten genau wie die f\u00fchrenden Haushaltsger\u00e4tehersteller in Mexiko produzieren? Beginnen Sie voller Zuversicht Ihre Fertigung mit Tetakawi, Mexikos gr\u00f6\u00dftem Offshoring-Dienstleister.","breadcrumb":{"@id":"https:\/\/tetakawi.com\/de\/hochspezialisierte-branchen-in-mexiko\/haushaltsgeratefertigung-in-mexiko\/#breadcrumb"},"inLanguage":"de","potentialAction":[{"@type":"ReadAction","target":["https:\/\/tetakawi.com\/de\/hochspezialisierte-branchen-in-mexiko\/haushaltsgeratefertigung-in-mexiko\/"]}]},{"@type":"BreadcrumbList","@id":"https:\/\/tetakawi.com\/de\/hochspezialisierte-branchen-in-mexiko\/haushaltsgeratefertigung-in-mexiko\/#breadcrumb","itemListElement":[{"@type":"ListItem","position":1,"name":"Home","item":"https:\/\/tetakawi.com\/de\/"},{"@type":"ListItem","position":2,"name":"Hochspezialisierte Branchen in Mexiko","item":"https:\/\/tetakawi.com\/de\/hochspezialisierte-branchen-in-mexiko\/"},{"@type":"ListItem","position":3,"name":"Haushaltsger\u00e4tefertigung in Mexiko"}]},{"@type":"WebSite","@id":"https:\/\/tetakawi.com\/#website","url":"https:\/\/tetakawi.com\/","name":"Tetakawi","description":"","publisher":{"@id":"https:\/\/tetakawi.com\/#organization"},"potentialAction":[{"@type":"SearchAction","target":{"@type":"EntryPoint","urlTemplate":"https:\/\/tetakawi.com\/?s={search_term_string}"},"query-input":"required name=search_term_string"}],"inLanguage":"de"}]}},"_links":{"self":[{"href":"https:\/\/tetakawi.com\/de\/wp-json\/wp\/v2\/pages\/23167"}],"collection":[{"href":"https:\/\/tetakawi.com\/de\/wp-json\/wp\/v2\/pages"}],"about":[{"href":"https:\/\/tetakawi.com\/de\/wp-json\/wp\/v2\/types\/page"}],"author":[{"embeddable":true,"href":"https:\/\/tetakawi.com\/de\/wp-json\/wp\/v2\/users\/2"}],"replies":[{"embeddable":true,"href":"https:\/\/tetakawi.com\/de\/wp-json\/wp\/v2\/comments?post=23167"}],"version-history":[{"count":5,"href":"https:\/\/tetakawi.com\/de\/wp-json\/wp\/v2\/pages\/23167\/revisions"}],"predecessor-version":[{"id":27096,"href":"https:\/\/tetakawi.com\/de\/wp-json\/wp\/v2\/pages\/23167\/revisions\/27096"}],"up":[{"embeddable":true,"href":"https:\/\/tetakawi.com\/de\/wp-json\/wp\/v2\/pages\/22201"}],"wp:attachment":[{"href":"https:\/\/tetakawi.com\/de\/wp-json\/wp\/v2\/media?parent=23167"}],"curies":[{"name":"wp","href":"https:\/\/api.w.org\/{rel}","templated":true}]}}