{"id":23166,"date":"2019-07-10T17:10:33","date_gmt":"2019-07-10T17:10:33","guid":{"rendered":"https:\/\/tetakawi.com\/fertigungscommunitys\/tetakawi-zapa\/"},"modified":"2020-04-01T00:13:47","modified_gmt":"2020-04-01T00:13:47","slug":"tetakawi-zapa","status":"publish","type":"page","link":"https:\/\/tetakawi.com\/de\/losung-finden\/fertigungscommunitys\/tetakawi-zapa\/","title":{"rendered":"Tetakawi \u2013 Zapa"},"content":{"rendered":"<div class=\"vgblk-rw-wrapper limit-wrapper\"><h1>\n\tFertigungscommunity Zapa\n\t<\/h1>\n\t<style>.page-header-line {\n    display: block;\n    width: 60px;\n    height: 1px;\n    background: var(--vamtam-accent-color-4);\n    margin-top: 5px;\n    margin-bottom: 5px;\n    opacity: .7;\n}<\/style>\n\t<p>Die schnellste und kosteng\u00fcnstigste M\u00f6glichkeit f\u00fcr die Fertigung im mexikanischen Saltillo (Coahuila).<\/p>\n<h2>\n\tWillkommen in Zapa!\n\t<\/h2>\n\t<p>Unsere Fertigungscommunity Zapa ist viel mehr als nur ein Industriepark. Hier k\u00f6nnen Unternehmen ihr volles Potenzial aussch\u00f6pfen. Zapa liegt im Zentrum von Saltillo (Coahuila) und bietet die Infrastruktur, die Serviceleistungen und die Ausstattung, die Sie f\u00fcr Ihren Erfolg ben\u00f6tigen.\u00a0Wenn Sie einen Fertigungsstandort in der Industrieregion im Nordosten Mexikos nahe der US-Grenze aufbauen m\u00f6chten, gibt es keinen besseren Ort f\u00fcr die Er\u00f6ffnung, den Betrieb und das k\u00fcnftige Wachstum.<\/p>\n\t<img src=\"https:\/\/fast.wistia.com\/embed\/medias\/dwke36gg2i\/swatch\" alt=\"\" aria-hidden=\"true\" onload=\"this.parentNode.style.opacity=1;\" \/>\n<h2>\n\tUnternehmen wie Ihres setzen auf Zapa!\n\t<\/h2>\n\t\t\t\t\t\t\t\t\t\t<img loading=\"lazy\" src=\"https:\/\/tetakawi.com\/wp-content\/uploads\/2019\/01\/gemini.png\" alt=\"Gemini Group-Logo\" itemprop=\"image\" height=\"500\" width=\"500\" title=\"gemini\" onerror=\"this.style.display='none'\"  sizes=\"(max-width: 768px) 100vw, 100vw\" srcset=\"data:image\/svg+xml;utf8,&lt;svg%20xmlns=&quot;http:\/\/www.w3.org\/2000\/svg&quot;%20viewBox=&quot;0%200%20500%20500&quot;%20height=&quot;500px&quot;%20width=&quot;500px&quot;\/&gt;\" data-srcset=\"https:\/\/tetakawi.com\/wp-content\/uploads\/2019\/01\/gemini.png 500w, https:\/\/tetakawi.com\/wp-content\/uploads\/2019\/01\/gemini-150x150.png 150w, https:\/\/tetakawi.com\/wp-content\/uploads\/2019\/01\/gemini-300x300.png 300w, https:\/\/tetakawi.com\/wp-content\/uploads\/2019\/01\/gemini-420x420.png 420w, https:\/\/tetakawi.com\/wp-content\/uploads\/2019\/01\/gemini-315x315.png 315w\" \/>\t\t\t\t\t\t\t\n\t\t\t\t\t\t\t\t\t\t<img loading=\"lazy\" src=\"https:\/\/tetakawi.com\/wp-content\/uploads\/2019\/01\/unison-white-logo.png\" alt=\"Unsion-Logo (wei\u00df)\" itemprop=\"image\" height=\"500\" width=\"500\" title=\"unison-white-logo\" onerror=\"this.style.display='none'\"  sizes=\"(max-width: 768px) 100vw, 100vw\" srcset=\"data:image\/svg+xml;utf8,&lt;svg%20xmlns=&quot;http:\/\/www.w3.org\/2000\/svg&quot;%20viewBox=&quot;0%200%20500%20500&quot;%20height=&quot;500px&quot;%20width=&quot;500px&quot;\/&gt;\" data-srcset=\"https:\/\/tetakawi.com\/wp-content\/uploads\/2019\/01\/unison-white-logo.png 500w, https:\/\/tetakawi.com\/wp-content\/uploads\/2019\/01\/unison-white-logo-150x150.png 150w, https:\/\/tetakawi.com\/wp-content\/uploads\/2019\/01\/unison-white-logo-300x300.png 300w, https:\/\/tetakawi.com\/wp-content\/uploads\/2019\/01\/unison-white-logo-420x420.png 420w, https:\/\/tetakawi.com\/wp-content\/uploads\/2019\/01\/unison-white-logo-315x315.png 315w\" \/>\t\t\t\t\t\t\t\n\t\t\t\t\t\t\t\t\t\t<img loading=\"lazy\" src=\"https:\/\/tetakawi.com\/wp-content\/uploads\/2019\/03\/nelson-white-logo.png\" alt=\"nelson-white-logo\" itemprop=\"image\" height=\"250\" width=\"500\" title=\"nelson-white-logo\" onerror=\"this.style.display='none'\"  sizes=\"(max-width: 768px) 100vw, 100vw\" srcset=\"data:image\/svg+xml;utf8,&lt;svg%20xmlns=&quot;http:\/\/www.w3.org\/2000\/svg&quot;%20viewBox=&quot;0%200%20500%20250&quot;%20height=&quot;250px&quot;%20width=&quot;500px&quot;\/&gt;\" data-srcset=\"https:\/\/tetakawi.com\/wp-content\/uploads\/2019\/03\/nelson-white-logo.png 500w, https:\/\/tetakawi.com\/wp-content\/uploads\/2019\/03\/nelson-white-logo-300x150.png 300w, https:\/\/tetakawi.com\/wp-content\/uploads\/2019\/03\/nelson-white-logo-420x210.png 420w, https:\/\/tetakawi.com\/wp-content\/uploads\/2019\/03\/nelson-white-logo-315x158.png 315w\" \/>\t\t\t\t\t\t\t\n\t\t\t\t\t\t\t\t\t\t<img loading=\"lazy\" src=\"https:\/\/tetakawi.com\/wp-content\/uploads\/2019\/03\/powerbrace-logo.png\" alt=\"powerbrace-logo\" itemprop=\"image\" height=\"250\" width=\"500\" title=\"powerbrace-logo\" onerror=\"this.style.display='none'\"  sizes=\"(max-width: 768px) 100vw, 100vw\" srcset=\"data:image\/svg+xml;utf8,&lt;svg%20xmlns=&quot;http:\/\/www.w3.org\/2000\/svg&quot;%20viewBox=&quot;0%200%20500%20250&quot;%20height=&quot;250px&quot;%20width=&quot;500px&quot;\/&gt;\" data-srcset=\"https:\/\/tetakawi.com\/wp-content\/uploads\/2019\/03\/powerbrace-logo.png 500w, https:\/\/tetakawi.com\/wp-content\/uploads\/2019\/03\/powerbrace-logo-300x150.png 300w, https:\/\/tetakawi.com\/wp-content\/uploads\/2019\/03\/powerbrace-logo-420x210.png 420w, https:\/\/tetakawi.com\/wp-content\/uploads\/2019\/03\/powerbrace-logo-315x158.png 315w\" \/>\t\t\t\t\t\t\t\n\t\t\t\t\t\t\t\t\t\t<img loading=\"lazy\" src=\"https:\/\/tetakawi.com\/wp-content\/uploads\/2019\/04\/map5-zapa-tetakawi.png\" alt=\"Karte mit Saltillo in Coahula\" itemprop=\"image\" height=\"669\" width=\"1061\" title=\"map5-zapa-tetakawi\" onerror=\"this.style.display='none'\"  sizes=\"(max-width: 768px) 100vw, 100vw\" srcset=\"data:image\/svg+xml;utf8,&lt;svg%20xmlns=&quot;http:\/\/www.w3.org\/2000\/svg&quot;%20viewBox=&quot;0%200%201061%20669&quot;%20height=&quot;669px&quot;%20width=&quot;1061px&quot;\/&gt;\" data-srcset=\"https:\/\/tetakawi.com\/wp-content\/uploads\/2019\/04\/map5-zapa-tetakawi.png 1061w, https:\/\/tetakawi.com\/wp-content\/uploads\/2019\/04\/map5-zapa-tetakawi-300x189.png 300w, https:\/\/tetakawi.com\/wp-content\/uploads\/2019\/04\/map5-zapa-tetakawi-768x484.png 768w, https:\/\/tetakawi.com\/wp-content\/uploads\/2019\/04\/map5-zapa-tetakawi-1024x646.png 1024w, https:\/\/tetakawi.com\/wp-content\/uploads\/2019\/04\/map5-zapa-tetakawi-630x397.png 630w, https:\/\/tetakawi.com\/wp-content\/uploads\/2019\/04\/map5-zapa-tetakawi-420x265.png 420w, https:\/\/tetakawi.com\/wp-content\/uploads\/2019\/04\/map5-zapa-tetakawi-840x530.png 840w, https:\/\/tetakawi.com\/wp-content\/uploads\/2019\/04\/map5-zapa-tetakawi-315x199.png 315w\" \/>\t\t\t\t\t\t\t\n<h2>\n\tStrategischer Standort\n\t<\/h2>\n\t<p>Saltillo liegt mit seinen ca. 930.000 Einwohnern im S\u00fcdosten des Bundesstaates Coahuila, etwa 300 km s\u00fcdlich der US-Grenze. Die Stadt ist lediglich 80 km von Monterrey, dem industriellen Zentrum Mexikos, entfernt und verf\u00fcgt \u00fcber eine direkte Anbindung an Houston (Texas) und die Seeh\u00e4fen in Tampico (Tamaulipas). Diese praktische Lage ist der ideale Ausgangspunkt f\u00fcr den Vertrieb auf dem US-amerikanischen und dem mexikanischen Markt.<\/p>\n\t\t\t\t\t\t\t\t\t\t<img loading=\"lazy\" src=\"https:\/\/tetakawi.com\/wp-content\/uploads\/2020\/03\/zapa-manufacturing-in-mexico-tetakawi.jpeg\" alt=\"Manufacturing Communities Zapa\" itemprop=\"image\" height=\"912\" width=\"1200\" title=\"zapa-manufacturing-in-mexico-tetakawi\" onerror=\"this.style.display='none'\"  sizes=\"(max-width: 768px) 100vw, 100vw\" srcset=\"data:image\/svg+xml;utf8,&lt;svg%20xmlns=&quot;http:\/\/www.w3.org\/2000\/svg&quot;%20viewBox=&quot;0%200%201200%20912&quot;%20height=&quot;912px&quot;%20width=&quot;1200px&quot;\/&gt;\" data-srcset=\"https:\/\/tetakawi.com\/wp-content\/uploads\/2020\/03\/zapa-manufacturing-in-mexico-tetakawi.jpeg 1200w, https:\/\/tetakawi.com\/wp-content\/uploads\/2020\/03\/zapa-manufacturing-in-mexico-tetakawi-300x228.jpeg 300w, https:\/\/tetakawi.com\/wp-content\/uploads\/2020\/03\/zapa-manufacturing-in-mexico-tetakawi-1024x778.jpeg 1024w, https:\/\/tetakawi.com\/wp-content\/uploads\/2020\/03\/zapa-manufacturing-in-mexico-tetakawi-768x584.jpeg 768w, https:\/\/tetakawi.com\/wp-content\/uploads\/2020\/03\/zapa-manufacturing-in-mexico-tetakawi-630x479.jpeg 630w, https:\/\/tetakawi.com\/wp-content\/uploads\/2020\/03\/zapa-manufacturing-in-mexico-tetakawi-420x319.jpeg 420w, https:\/\/tetakawi.com\/wp-content\/uploads\/2020\/03\/zapa-manufacturing-in-mexico-tetakawi-840x638.jpeg 840w, https:\/\/tetakawi.com\/wp-content\/uploads\/2020\/03\/zapa-manufacturing-in-mexico-tetakawi-315x239.jpeg 315w\" \/>\t\t\t\t\t\t\t\n<h2>\n\t\u00dcberragende Infrastruktur\n\t<\/h2>\n\t<ul>\n<li><strong>Gesamte Landfl\u00e4che:<\/strong> 45,2 Hektar<\/li>\n<li><strong>Bebaubare Landfl\u00e4che:<\/strong>\u00a0 61.780 m\u00b2<\/li>\n<li><strong>Erdgasversorgung:<\/strong> 4&#8243;-Leitung mit 300 PSI<\/li>\n<li><strong>Stromversorgung:<\/strong> 15 MVA | 15.000 kVA (mit Zuleitungen)<\/li>\n<li><strong>Wasserquelle f\u00fcr Brandbek\u00e4mpfungsanlagen:<\/strong>\u00a0343 m\u00b3 + 336 m\u00b3<\/li>\n<li><strong>Sicherheit:<\/strong> Zugangskontrolle und Kamera\u00fcberwachung rund um die Uhr<\/li>\n<li><strong>Netzwerkanbindung:<\/strong> Glasfaser, DSL und Breitband<\/li>\n<li><strong>Ausstattung:<\/strong> Sportplatz, medizinisches Zentrum, Center f\u00fcr technische Schulungen, Wasseraufbereitungsanlage, Geldautomaten<\/li>\n<\/ul>\n<h2>\n\tSchl\u00fcsselfertige L\u00f6sung\n\t<\/h2>\n\t<p>Mit unserer Fertigungscommunity Zapa erzielen Sie eine h\u00f6here Effizienz und Produktivit\u00e4t. Konzentrieren Sie sich auf Ihre Kernkompetenz: die Fertigung. Wir k\u00fcmmern uns um alles andere.<\/p>\n\t<h3>Personal<\/h3>\n<p>Lassen Sie sich bei der Personalverwaltung unterst\u00fctzen. Wir k\u00fcmmern uns vom Recruiting bis zur K\u00fcndigung um s\u00e4mtliche Personalangelegenheiten.<\/p>\n<p><a href=\"\/de\/losung-finden\/fertigungscommunitys\/personal\/\">Mehr erfahren<\/a><\/p>\n\t<h3>Import und Export<\/h3>\n<p>Gew\u00e4hrleisten Sie den bestimmungskonformen und schnellen grenz\u00fcberschreitenden Transport Ihrer Waren. Unser Import\/Export-Team sorgt daf\u00fcr, dass s\u00e4mtliche Vorschriften eingehalten werden.<\/p>\n<p><a href=\"\/de\/losung-finden\/fertigungscommunitys\/import-und-export\/\">Mehr erfahren<\/a><\/p>\n\t<h3>Gehalt und Zusatzleistungen<\/h3>\n<p>Bezahlen Sie mithilfe unseres Know-hows und unserer propriet\u00e4ren Software Ihre Mitarbeiter genau, p\u00fcnktlich und unter Einhaltung der arbeitsrechtlichen Bestimmungen Mexikos.<\/p>\n<p><a href=\"\/de\/losung-finden\/fertigungscommunitys\/abwicklung-von-gehaltszahlungen-und-zusatzleistungen\/\">Mehr erfahren<\/a><\/p>\n\t<h3>Buchhaltung und Steuern<\/h3>\n<p>Verlassen Sie sich darauf, dass s\u00e4mtliche Bestimmungen 100%ig eingehalten werden. Unsere Spezialisten sind f\u00fcr Sie da, von der Mehrwertsteuererfassung und -erstattung bis hin zur Steuererkl\u00e4rung u. v. m.<\/p>\n<p><a href=\"\/de\/losung-finden\/fertigungscommunitys\/buchhaltung-und-steuern\/\">Mehr erfahren<\/a><\/p>\n\t<h3>Facilitymanagement<\/h3>\n<p>Gew\u00e4hrleisten Sie einen reibungslosen Betrieb. Unser Facilitymanagementteam unterst\u00fctzt Sie bei der vorbeugenden Wartung, die f\u00fcr maximale Betriebszeiten und Kostensenkungen sorgt.<\/p>\n<p><a href=\"\/de\/losung-finden\/fertigungscommunitys\/facilitymanagement\/\">Mehr erfahren<\/a><\/p>\n\t<h3>Beschaffung<\/h3>\n<p>Nutzen Sie Ihr Budget optimal. Unsere Beschaffungsspezialisten helfen Ihnen, die Kosten von Betriebsmaterialien, Wartung und Instandsetzung, Verpackungsmaterialien sowie andere indirekte Waren- und Dienstleistungskosten zu senken.<\/p>\n<p><a href=\"\/de\/losung-finden\/fertigungscommunitys\/beschaffung\/\">Mehr erfahren<\/a><\/p>\n\t<h3>Umwelt- und Arbeitsschutz<\/h3>\n<p>Sorgen Sie f\u00fcr die Gesundheit und Sicherheit Ihrer Mitarbeiter. Unser Team bildet die Schnittstelle zwischen Ihrem Betrieb in Mexiko und den f\u00fcr Umwelt- und Arbeitsschutz zust\u00e4ndigen Beh\u00f6rden.<\/p>\n<p><a href=\"\/de\/losung-finden\/fertigungscommunitys\/umwelt-und-arbeitsschutz\/\">Mehr erfahren<\/a><\/p>\n\t<h3>Bef\u00f6rderung von Arbeitskr\u00e4ften<\/h3>\n<p>Profitieren Sie von einer f\u00fchrenden Infrastruktur f\u00fcr die Bef\u00f6rderung von Mitarbeitern und stellen Sie sicher, dass diese p\u00fcnktlich bei der Arbeit und wieder zu Hause sind.<\/p>\n<p><a href=\"\/de\/losung-finden\/fertigungscommunitys\/personalbeforderungsmanagement\/\">Mehr erfahren<\/a><\/p>\n\t<h3>Perfekte Kommunikation<\/h3>\n<p>Sie profitieren w\u00e4hrend Vorbereitung, Inbetriebnahme und Betrieb von direkter Kommunikation mit einem eigenen pers\u00f6nlichen Ansprechpartner bei Tetakawi.<\/p>\n<p><a href=\"\/de\/losung-finden\/fertigungscommunitys\/perfekte-kommunikation\/\">Mehr erfahren<\/a><\/p>\n<h2>\n\tWarum entscheiden sich Unternehmen f\u00fcr die Fertigungscommunity Zapa?\n\t<\/h2>\n\t<h3><strong>Schnelle Er\u00f6ffnung<\/strong><\/h3>\n<p>&nbsp;<\/p>\n<p>Er\u00f6ffnung eines eigenen betriebsbereiten Standorts in nur 30 Tagen.<\/p>\n<p>&nbsp;<\/p>\n\t<h3><strong>Business Continuity<\/strong><\/h3>\n<p>&nbsp;<\/p>\n<p>Verhindern Sie Betriebsunterbrechungen dank unserer Infrastruktur, unseren Serviceleistungen und unserem Know-how.<\/p>\n\t<h3><strong>Ausbau der Fertigungskompetenzen<\/strong><\/h3>\n<p>&nbsp;<\/p>\n<p>Erweitern Sie Ihren Betrieb problemlos, indem Sie uns den Ausbau \u00fcberlassen.<\/p>\n<p>&nbsp;<\/p>\n<h2>\n\tStandortplan\n\t<\/h2>\n\t\t\t\t\t\t\t\t\t\t<img loading=\"lazy\" src=\"https:\/\/tetakawi.com\/wp-content\/uploads\/2019\/12\/zapa-layout-manufacturing-communites-tetakawi.jpg\" alt=\"Zapa - Layout - Available \" itemprop=\"image\" height=\"572\" width=\"1260\" title=\"zapa-layout-manufacturing-communites-tetakawi\" onerror=\"this.style.display='none'\"  sizes=\"(max-width: 768px) 100vw, 100vw\" srcset=\"data:image\/svg+xml;utf8,&lt;svg%20xmlns=&quot;http:\/\/www.w3.org\/2000\/svg&quot;%20viewBox=&quot;0%200%201260%20572&quot;%20height=&quot;572px&quot;%20width=&quot;1260px&quot;\/&gt;\" data-srcset=\"https:\/\/tetakawi.com\/wp-content\/uploads\/2019\/12\/zapa-layout-manufacturing-communites-tetakawi.jpg 1260w, https:\/\/tetakawi.com\/wp-content\/uploads\/2019\/12\/zapa-layout-manufacturing-communites-tetakawi-300x136.jpg 300w, https:\/\/tetakawi.com\/wp-content\/uploads\/2019\/12\/zapa-layout-manufacturing-communites-tetakawi-768x349.jpg 768w, https:\/\/tetakawi.com\/wp-content\/uploads\/2019\/12\/zapa-layout-manufacturing-communites-tetakawi-1024x465.jpg 1024w, https:\/\/tetakawi.com\/wp-content\/uploads\/2019\/12\/zapa-layout-manufacturing-communites-tetakawi-630x286.jpg 630w, https:\/\/tetakawi.com\/wp-content\/uploads\/2019\/12\/zapa-layout-manufacturing-communites-tetakawi-420x191.jpg 420w, https:\/\/tetakawi.com\/wp-content\/uploads\/2019\/12\/zapa-layout-manufacturing-communites-tetakawi-840x381.jpg 840w, https:\/\/tetakawi.com\/wp-content\/uploads\/2019\/12\/zapa-layout-manufacturing-communites-tetakawi-315x143.jpg 315w\" \/>\t\t\t\t\t\t\t\n<h2>\n\tGeb\u00e4udeverf\u00fcgbarkeit\n\t<\/h2>\n\t\t\t\t\t\t\t\t\t\t<img loading=\"lazy\" src=\"https:\/\/tetakawi.com\/wp-content\/uploads\/2019\/04\/ZAPA_063-2.jpg\" alt=\"Mietgewerbefl\u00e4chen in Saltillo\" itemprop=\"image\" height=\"667\" width=\"1000\" title=\"Gewerbefl\u00e4chen in Saltillo\" onerror=\"this.style.display='none'\"  sizes=\"(max-width: 768px) 100vw, 100vw\" srcset=\"data:image\/svg+xml;utf8,&lt;svg%20xmlns=&quot;http:\/\/www.w3.org\/2000\/svg&quot;%20viewBox=&quot;0%200%201000%20667&quot;%20height=&quot;667px&quot;%20width=&quot;1000px&quot;\/&gt;\" data-srcset=\"https:\/\/tetakawi.com\/wp-content\/uploads\/2019\/04\/ZAPA_063-2.jpg 1000w, https:\/\/tetakawi.com\/wp-content\/uploads\/2019\/04\/ZAPA_063-2-300x200.jpg 300w, https:\/\/tetakawi.com\/wp-content\/uploads\/2019\/04\/ZAPA_063-2-768x512.jpg 768w, https:\/\/tetakawi.com\/wp-content\/uploads\/2019\/04\/ZAPA_063-2-630x420.jpg 630w, https:\/\/tetakawi.com\/wp-content\/uploads\/2019\/04\/ZAPA_063-2-420x280.jpg 420w, https:\/\/tetakawi.com\/wp-content\/uploads\/2019\/04\/ZAPA_063-2-840x560.jpg 840w, https:\/\/tetakawi.com\/wp-content\/uploads\/2019\/04\/ZAPA_063-2-315x210.jpg 315w\" \/>\t\t\t\t\t\t\t\n\t<p>18 Grundst\u00fccke verf\u00fcgbar. W\u00e4hlen Sie aus Standardgeb\u00e4uden oder individuellen L\u00f6sungen.<\/p>\n\t<style type=\"text\/css\">\n.tg  {border-collapse:collapse;border-spacing:0;}\n.tg td{font-family:Arial, sans-serif;font-size:14px;padding:10px 5px;border-style:solid;border-width:1px;overflow:hidden;word-break:normal;border-color:black;}\n.tg th{font-family:Arial, sans-serif;font-size:14px;font-weight:normal;padding:10px 5px;border-style:solid;border-width:1px;overflow:hidden;word-break:normal;border-color:black;}\n.tg .tg-1xuq{border-color:#efefef;text-align:center}\n<\/style>\n<table>\n<colgroup>\n<col>\n<col>\n<col>\n<!-- wpml:html_fragment <\/colgroup> -->\n  <tr>\n    <th>Nr.<\/th>\n    <th>Fu\u00df\u00b2<\/th>\n    <th>m\u00b2<\/th>\n  <\/tr>\n  <tr>\n    <td>10<\/td>\n    <td>23.980<\/td>\n    <td>2.227<\/td>\n  <\/tr>   \n  <tr>\n    <td>26<\/td>\n    <td>34.882<\/td>\n    <td>3.236<\/td>\n  <\/tr>\n  <tr>\n    <td>31<\/td>\n    <td>34.822<\/td>\n    <td>3.236<\/td>\n  <\/tr>\n  <tr>\n    <td>32<\/td>\n    <td>34.822<\/td>\n    <td>3.236<\/td>\n  <\/tr>\n  <tr>\n    <td>33<\/td>\n    <td>34.822<\/td>\n    <td>3.236<\/td>\n  <\/tr>\n  <tr>\n    <td>51<\/td>\n    <td>34.822<\/td>\n    <td>3.236<\/td>\n  <\/tr>\n<\/table>\n\t\t\t\t\t\t\t\t\t\t<img loading=\"lazy\" src=\"https:\/\/tetakawi.com\/wp-content\/uploads\/2019\/04\/zapa-building-cover.jpg\" alt=\"zapa-building-saltillo\" itemprop=\"image\" height=\"671\" width=\"1000\" title=\"zapa-building-cover\" onerror=\"this.style.display='none'\"  sizes=\"(max-width: 768px) 100vw, 100vw\" srcset=\"data:image\/svg+xml;utf8,&lt;svg%20xmlns=&quot;http:\/\/www.w3.org\/2000\/svg&quot;%20viewBox=&quot;0%200%201000%20671&quot;%20height=&quot;671px&quot;%20width=&quot;1000px&quot;\/&gt;\" data-srcset=\"https:\/\/tetakawi.com\/wp-content\/uploads\/2019\/04\/zapa-building-cover.jpg 1000w, https:\/\/tetakawi.com\/wp-content\/uploads\/2019\/04\/zapa-building-cover-300x201.jpg 300w, https:\/\/tetakawi.com\/wp-content\/uploads\/2019\/04\/zapa-building-cover-768x515.jpg 768w, https:\/\/tetakawi.com\/wp-content\/uploads\/2019\/04\/zapa-building-cover-630x423.jpg 630w, https:\/\/tetakawi.com\/wp-content\/uploads\/2019\/04\/zapa-building-cover-420x282.jpg 420w, https:\/\/tetakawi.com\/wp-content\/uploads\/2019\/04\/zapa-building-cover-840x564.jpg 840w, https:\/\/tetakawi.com\/wp-content\/uploads\/2019\/04\/zapa-building-cover-315x211.jpg 315w\" \/>\t\t\t\t\t\t\t\n\t<p>Auf Anfrage lassen sich vorhandene Geb\u00e4udefl\u00e4chen halbieren.<\/p>\n<h2>\n\tErfahren Sie von Ihrem Ansprechpartner bei Tetakawi, wie wir Sie bei Betriebsgr\u00fcndung, Betrieb und Wachstum in Zapa unterst\u00fctzen k\u00f6nnen.\u00a0\n\t<\/h2>\n\t<a href=\"\/de\/kontakt\/\" target=\"_self\" role=\"button\" rel=\"noopener noreferrer\">\n\t\t\t\t\tKontakt\n\t<\/a>\n<\/div><!-- .vgblk-rw-wrapper -->","protected":false},"excerpt":{"rendered":"<p>Fertigungscommunity Zapa Die schnellste und kosteng\u00fcnstigste M\u00f6glichkeit f\u00fcr die Fertigung im mexikanischen Saltillo (Coahuila). Willkommen in Zapa! Unsere Fertigungscommunity Zapa ist viel mehr als nur ein Industriepark. Hier k\u00f6nnen Unternehmen ihr volles Potenzial aussch\u00f6pfen. Zapa liegt im Zentrum von Saltillo (Coahuila) und bietet die Infrastruktur, die Serviceleistungen und die Ausstattung, die Sie f\u00fcr Ihren Erfolg&#8230;<\/p>\n","protected":false},"author":2,"featured_media":0,"parent":22514,"menu_order":2,"comment_status":"closed","ping_status":"closed","template":"","meta":{"content-type":"","_monsterinsights_skip_tracking":false,"_monsterinsights_sitenote_active":false,"_monsterinsights_sitenote_note":"","_monsterinsights_sitenote_category":0},"yoast_head":"<!-- This site is optimized with the Yoast SEO Premium plugin v20.6 (Yoast SEO v20.6) - https:\/\/yoast.com\/wordpress\/plugins\/seo\/ -->\n<title>Tetakawi | Fertigungscommunity Zapa<\/title>\n<meta name=\"description\" content=\"Er\u00f6ffnen Sie einen Standort in der Autostadt Saltillo (Coahuila), wo Sie von Skaleneffekten auf Grundlage des rasanten wirtschaftlichen Wachstums sowie professioneller Supportleistungen profitieren.\" \/>\n<meta name=\"robots\" content=\"index, follow, max-snippet:-1, max-image-preview:large, max-video-preview:-1\" \/>\n<link rel=\"canonical\" href=\"https:\/\/tetakawi.com\/de\/losung-finden\/fertigungscommunitys\/tetakawi-zapa\/\" \/>\n<meta property=\"og:locale\" content=\"de_DE\" \/>\n<meta property=\"og:type\" content=\"article\" \/>\n<meta property=\"og:title\" content=\"Tetakawi \u2013 Zapa\" \/>\n<meta property=\"og:description\" content=\"Er\u00f6ffnen Sie einen Standort in der Autostadt Saltillo (Coahuila), wo Sie von Skaleneffekten auf Grundlage des rasanten wirtschaftlichen Wachstums sowie professioneller Supportleistungen profitieren.\" \/>\n<meta property=\"og:url\" content=\"https:\/\/tetakawi.com\/de\/losung-finden\/fertigungscommunitys\/tetakawi-zapa\/\" \/>\n<meta property=\"og:site_name\" content=\"Tetakawi\" \/>\n<meta property=\"article:modified_time\" content=\"2020-04-01T00:13:47+00:00\" \/>\n<meta property=\"og:image\" content=\"https:\/\/fast.wistia.com\/embed\/medias\/dwke36gg2i\/swatch\" \/>\n<meta name=\"twitter:card\" content=\"summary_large_image\" \/>\n<meta name=\"twitter:label1\" content=\"Gesch\u00e4tzte Lesezeit\" \/>\n\t<meta name=\"twitter:data1\" content=\"3\u00a0Minuten\" \/>\n<script type=\"application\/ld+json\" class=\"yoast-schema-graph\">{\"@context\":\"https:\/\/schema.org\",\"@graph\":[{\"@type\":\"WebPage\",\"@id\":\"https:\/\/tetakawi.com\/de\/losung-finden\/fertigungscommunitys\/tetakawi-zapa\/\",\"url\":\"https:\/\/tetakawi.com\/de\/losung-finden\/fertigungscommunitys\/tetakawi-zapa\/\",\"name\":\"Tetakawi | Fertigungscommunity Zapa\",\"isPartOf\":{\"@id\":\"https:\/\/tetakawi.com\/#website\"},\"datePublished\":\"2019-07-10T17:10:33+00:00\",\"dateModified\":\"2020-04-01T00:13:47+00:00\",\"description\":\"Er\u00f6ffnen Sie einen Standort in der Autostadt Saltillo (Coahuila), wo Sie von Skaleneffekten auf Grundlage des rasanten wirtschaftlichen Wachstums sowie professioneller Supportleistungen profitieren.\",\"breadcrumb\":{\"@id\":\"https:\/\/tetakawi.com\/de\/losung-finden\/fertigungscommunitys\/tetakawi-zapa\/#breadcrumb\"},\"inLanguage\":\"de\",\"potentialAction\":[{\"@type\":\"ReadAction\",\"target\":[\"https:\/\/tetakawi.com\/de\/losung-finden\/fertigungscommunitys\/tetakawi-zapa\/\"]}]},{\"@type\":\"BreadcrumbList\",\"@id\":\"https:\/\/tetakawi.com\/de\/losung-finden\/fertigungscommunitys\/tetakawi-zapa\/#breadcrumb\",\"itemListElement\":[{\"@type\":\"ListItem\",\"position\":1,\"name\":\"Home\",\"item\":\"https:\/\/tetakawi.com\/de\/\"},{\"@type\":\"ListItem\",\"position\":2,\"name\":\"L\u00f6sung finden\",\"item\":\"https:\/\/tetakawi.com\/de\/losung-finden\/\"},{\"@type\":\"ListItem\",\"position\":3,\"name\":\"Fertigungscommunitys\",\"item\":\"https:\/\/tetakawi.com\/de\/losung-finden\/fertigungscommunitys\/\"},{\"@type\":\"ListItem\",\"position\":4,\"name\":\"Tetakawi \u2013 Zapa\"}]},{\"@type\":\"WebSite\",\"@id\":\"https:\/\/tetakawi.com\/#website\",\"url\":\"https:\/\/tetakawi.com\/\",\"name\":\"Tetakawi\",\"description\":\"\",\"publisher\":{\"@id\":\"https:\/\/tetakawi.com\/#organization\"},\"potentialAction\":[{\"@type\":\"SearchAction\",\"target\":{\"@type\":\"EntryPoint\",\"urlTemplate\":\"https:\/\/tetakawi.com\/?s={search_term_string}\"},\"query-input\":\"required name=search_term_string\"}],\"inLanguage\":\"de\"}]}<\/script>\n<!-- \/ Yoast SEO Premium plugin. -->","yoast_head_json":{"title":"Tetakawi | Fertigungscommunity Zapa","description":"Er\u00f6ffnen Sie einen Standort in der Autostadt Saltillo (Coahuila), wo Sie von Skaleneffekten auf Grundlage des rasanten wirtschaftlichen Wachstums sowie professioneller Supportleistungen profitieren.","robots":{"index":"index","follow":"follow","max-snippet":"max-snippet:-1","max-image-preview":"max-image-preview:large","max-video-preview":"max-video-preview:-1"},"canonical":"https:\/\/tetakawi.com\/de\/losung-finden\/fertigungscommunitys\/tetakawi-zapa\/","og_locale":"de_DE","og_type":"article","og_title":"Tetakawi \u2013 Zapa","og_description":"Er\u00f6ffnen Sie einen Standort in der Autostadt Saltillo (Coahuila), wo Sie von Skaleneffekten auf Grundlage des rasanten wirtschaftlichen Wachstums sowie professioneller Supportleistungen profitieren.","og_url":"https:\/\/tetakawi.com\/de\/losung-finden\/fertigungscommunitys\/tetakawi-zapa\/","og_site_name":"Tetakawi","article_modified_time":"2020-04-01T00:13:47+00:00","og_image":[{"url":"https:\/\/fast.wistia.com\/embed\/medias\/dwke36gg2i\/swatch"}],"twitter_card":"summary_large_image","twitter_misc":{"Gesch\u00e4tzte Lesezeit":"3\u00a0Minuten"},"schema":{"@context":"https:\/\/schema.org","@graph":[{"@type":"WebPage","@id":"https:\/\/tetakawi.com\/de\/losung-finden\/fertigungscommunitys\/tetakawi-zapa\/","url":"https:\/\/tetakawi.com\/de\/losung-finden\/fertigungscommunitys\/tetakawi-zapa\/","name":"Tetakawi | Fertigungscommunity Zapa","isPartOf":{"@id":"https:\/\/tetakawi.com\/#website"},"datePublished":"2019-07-10T17:10:33+00:00","dateModified":"2020-04-01T00:13:47+00:00","description":"Er\u00f6ffnen Sie einen Standort in der Autostadt Saltillo (Coahuila), wo Sie von Skaleneffekten auf Grundlage des rasanten wirtschaftlichen Wachstums sowie professioneller Supportleistungen profitieren.","breadcrumb":{"@id":"https:\/\/tetakawi.com\/de\/losung-finden\/fertigungscommunitys\/tetakawi-zapa\/#breadcrumb"},"inLanguage":"de","potentialAction":[{"@type":"ReadAction","target":["https:\/\/tetakawi.com\/de\/losung-finden\/fertigungscommunitys\/tetakawi-zapa\/"]}]},{"@type":"BreadcrumbList","@id":"https:\/\/tetakawi.com\/de\/losung-finden\/fertigungscommunitys\/tetakawi-zapa\/#breadcrumb","itemListElement":[{"@type":"ListItem","position":1,"name":"Home","item":"https:\/\/tetakawi.com\/de\/"},{"@type":"ListItem","position":2,"name":"L\u00f6sung finden","item":"https:\/\/tetakawi.com\/de\/losung-finden\/"},{"@type":"ListItem","position":3,"name":"Fertigungscommunitys","item":"https:\/\/tetakawi.com\/de\/losung-finden\/fertigungscommunitys\/"},{"@type":"ListItem","position":4,"name":"Tetakawi \u2013 Zapa"}]},{"@type":"WebSite","@id":"https:\/\/tetakawi.com\/#website","url":"https:\/\/tetakawi.com\/","name":"Tetakawi","description":"","publisher":{"@id":"https:\/\/tetakawi.com\/#organization"},"potentialAction":[{"@type":"SearchAction","target":{"@type":"EntryPoint","urlTemplate":"https:\/\/tetakawi.com\/?s={search_term_string}"},"query-input":"required name=search_term_string"}],"inLanguage":"de"}]}},"_links":{"self":[{"href":"https:\/\/tetakawi.com\/de\/wp-json\/wp\/v2\/pages\/23166"}],"collection":[{"href":"https:\/\/tetakawi.com\/de\/wp-json\/wp\/v2\/pages"}],"about":[{"href":"https:\/\/tetakawi.com\/de\/wp-json\/wp\/v2\/types\/page"}],"author":[{"embeddable":true,"href":"https:\/\/tetakawi.com\/de\/wp-json\/wp\/v2\/users\/2"}],"replies":[{"embeddable":true,"href":"https:\/\/tetakawi.com\/de\/wp-json\/wp\/v2\/comments?post=23166"}],"version-history":[{"count":5,"href":"https:\/\/tetakawi.com\/de\/wp-json\/wp\/v2\/pages\/23166\/revisions"}],"predecessor-version":[{"id":25923,"href":"https:\/\/tetakawi.com\/de\/wp-json\/wp\/v2\/pages\/23166\/revisions\/25923"}],"up":[{"embeddable":true,"href":"https:\/\/tetakawi.com\/de\/wp-json\/wp\/v2\/pages\/22514"}],"wp:attachment":[{"href":"https:\/\/tetakawi.com\/de\/wp-json\/wp\/v2\/media?parent=23166"}],"curies":[{"name":"wp","href":"https:\/\/api.w.org\/{rel}","templated":true}]}}