{"id":23138,"date":"2019-07-10T17:10:31","date_gmt":"2019-07-10T17:10:31","guid":{"rendered":"https:\/\/tetakawi.com\/beratungsleistungen\/kostenschatzungsservice\/"},"modified":"2019-08-10T00:51:44","modified_gmt":"2019-08-10T00:51:44","slug":"kostenschatzungsservice","status":"publish","type":"page","link":"https:\/\/tetakawi.com\/de\/losung-finden\/beratungsleistungen\/kostenschatzungsservice\/","title":{"rendered":"Kostensch\u00e4tzungsservice"},"content":{"rendered":"<div class=\"vgblk-rw-wrapper limit-wrapper\">\n\t<h3>Mit welchen Kosten ist beim Bau eines Werks in Mexiko zu rechnen?<\/h3>\n<p>Wenn Sie nicht \u00fcber die passenden Finanzdaten verf\u00fcgen, gleicht die Entwicklung einer Produktionsstrategie f\u00fcr Mexiko einem Gl\u00fccksspiel. Die Zusammenstellung zuverl\u00e4ssiger Daten zu Produktionsstandorten in Mexiko, z. B. aktuelle Betriebskosten und Kostenentwicklung, kann aus einer Reihe von Gr\u00fcnden ziemlich schwierig sein.<\/p>\n<h3>Warum ist es so schwierig, die Produktionskosten in Mexiko zu ermitteln?<\/h3>\n<p><strong>1. Grund:<\/strong> Viele Quellen wie beispielsweise die nationale Statistikbeh\u00f6rde Instituto Nacional de Estad\u00edstica y Geograf\u00eda (INEGI) ver\u00f6ffentlichen Daten, die unter Umst\u00e4nden zwei Jahre alt (oder noch \u00e4lter) sind.\u00a0 Inflation, Wechselkurse und Marktdynamik schwanken, was diese Daten f\u00fcr Finanzprognosen unzuverl\u00e4ssig macht.<\/p>\n<p><strong>2. Grund:<\/strong> Die Kosten h\u00e4ngen vom jeweiligen Standort ab. Viele der verf\u00fcgbaren Daten werden jedoch \u00fcber ein weites geografisches Gebiet hinweg zusammengefasst.\u00a0 Die L\u00f6hne und Zusatzleistungen f\u00fcr ungelernte Mitarbeiter variieren nicht nur nach Ort oder Region, sondern sogar nach einzelnen Stadtteilen.<\/p>\n<p><strong>3. Grund:<\/strong> Landesabh\u00e4ngige Unterschiede, z. B. zwischen der Produktion in Mexiko und der in den USA, sind f\u00fcr Kunden, die nicht mit Fertigungsstandorten in Mexiko vertraut sind, nur schwer abzusch\u00e4tzen. Kulturelle, gesetzliche und demografische Faktoren k\u00f6nnen sich auf die Kostenkalkulation und die Risikobewertung eines Unternehmens auswirken.<\/p>\n<h3>An wen sollte ich mich wenden, wenn ich zuverl\u00e4ssige Daten zur den Produktionskosten in Mexiko ben\u00f6tige?<\/h3>\n<p>Die Berater von Tetakawi unterst\u00fctzen mehr als 75 ausl\u00e4ndische Unternehmen, die derzeit in der Fertigungsbranche in Mexiko t\u00e4tig sind, und k\u00f6nnen auch Ihnen bei der Kostensch\u00e4tzung helfen. Wir bieten zuverl\u00e4ssige Finanzvergleiche, Risikoanalysen und Pro-Forma-Budgets, die mit unserer propriet\u00e4ren Kostenmodellsoftware erstellt werden. Unsere Software kompiliert und interpretiert Daten aus folgenden Bereichen:<\/p>\n<ul>\n<li>Tagesaktuelle Statistiken von Unternehmen mit mehr als 24.000 Mitarbeitern<\/li>\n<li>Zahlreiche Branchen, die an mehreren Standorten in ganz Mexiko angesiedelt sind<\/li>\n<li>Echtzeitdaten zu L\u00f6hnen, Zusatzleistungen, Geh\u00e4ltern, Versorgung, Logistik, Ausgaben u. v. m.<\/li>\n<li>Umfragen, ver\u00f6ffentlichte Daten und Feldstudien aus dem tats\u00e4chlichen Betrieb<\/li>\n<li>Ihre eigenen Angaben und Rohstoffkosten<\/li>\n<\/ul>\n<h3>Die Zusammenarbeit mit einem vertrauensw\u00fcrdigen Berater erleichtert Ihnen die Kostensch\u00e4tzung.\u00a0Worauf legt Ihr Unternehmen besonderen Wert?<\/h3>\n<ul>\n<li>Eine klare Strategieentscheidung zur Produktion in Mexiko?<\/li>\n<li>Die Vorbereitung eines detaillierten Kostenbudgets f\u00fcr Mexiko?<\/li>\n<li>Einen Vergleich der Produktionskosten an verschiedenen Standorten weltweit?<\/li>\n<li>Eine tiefgreifende Analyse der Kostenfaktoren f\u00fcr die Produktion in Mexiko?<\/li>\n<li>Einen \u00dcberblick \u00fcber die Preisgestaltung f\u00fcr in Mexiko gefertigte Produkte?<\/li>\n<li>Die Vorbereitung eines Businessplans f\u00fcr Investitionen in Mexiko?<\/li>\n<li>Die Einf\u00fchrung eines Kostenanalysetools f\u00fcr die Produktion in Mexiko?<\/li>\n<\/ul>\n<hr \/>\n<p>&nbsp;<\/p>\n<h3>Wie kann Ihnen <strong>Tetakawi<\/strong> bei der Sch\u00e4tzung Ihrer Kosten in Mexiko helfen?<\/h3>\n<p>Tetakawi kann Ihrem Team in einer vierst\u00fcndigen Schulung die wesentlichen Kostenfaktoren in Mexiko sowie zu umgehende Fallstricke erl\u00e4utern und unsere propriet\u00e4re Kostenmodellsoftware zur Verf\u00fcgung stellen. In diesem Kurs f\u00fchrt Ihr Team au\u00dferdem eine Schritt f\u00fcr Schritt eine Beispielkostensch\u00e4tzung anhand Ihrer Angaben durch. Sie erhalten also eine vollst\u00e4ndige Kostensch\u00e4tzung sowie Tools, mit denen sich bei Bedarf neue Szenarien auswerten lassen.<\/p>\n\t\t<h3>Informieren Sie sich \u00fcber die Fertigungskosten in Mexiko.<\/h3>\n\t\t<p>Lassen Sie sich \u00fcber die finanziellen Aspekte einer Expansion nach Mexiko informieren.<\/p>\n\t<a href=\"\/de\/kontakt\/\" target=\"_self\" role=\"button\" rel=\"noopener noreferrer\">\n\t\t\t\t\tKontakt\n\t<\/a>\n<style>\n\t\t<\/style>\n<\/div><!-- .vgblk-rw-wrapper -->","protected":false},"excerpt":{"rendered":"<p>Mit welchen Kosten ist beim Bau eines Werks in Mexiko zu rechnen? Wenn Sie nicht \u00fcber die passenden Finanzdaten verf\u00fcgen, gleicht die Entwicklung einer Produktionsstrategie f\u00fcr Mexiko einem Gl\u00fccksspiel. Die Zusammenstellung zuverl\u00e4ssiger Daten zu Produktionsstandorten in Mexiko, z. B. aktuelle Betriebskosten und Kostenentwicklung, kann aus einer Reihe von Gr\u00fcnden ziemlich schwierig sein. Warum ist es&#8230;<\/p>\n","protected":false},"author":2,"featured_media":0,"parent":22517,"menu_order":0,"comment_status":"closed","ping_status":"closed","template":"","meta":{"content-type":"","_monsterinsights_skip_tracking":false,"_monsterinsights_sitenote_active":false,"_monsterinsights_sitenote_note":"","_monsterinsights_sitenote_category":0},"yoast_head":"<!-- This site is optimized with the Yoast SEO Premium plugin v20.6 (Yoast SEO v20.6) - https:\/\/yoast.com\/wordpress\/plugins\/seo\/ -->\n<title>Tetakawi | Kostensch\u00e4tzungsservice f\u00fcr die Fertigung in Mexiko<\/title>\n<meta name=\"description\" content=\"Arbeiten Sie mit einem vertrauensw\u00fcrdigen Berater von Tetakawi zusammen und profitieren Sie bei der Planung eines Fertigungsstandorts in Mexiko von unserem detaillierten und zuverl\u00e4ssigen System zur Kostenprognose.\" \/>\n<meta name=\"robots\" content=\"index, follow, max-snippet:-1, max-image-preview:large, max-video-preview:-1\" \/>\n<link rel=\"canonical\" href=\"https:\/\/tetakawi.com\/de\/losung-finden\/beratungsleistungen\/kostenschatzungsservice\/\" \/>\n<meta property=\"og:locale\" content=\"de_DE\" \/>\n<meta property=\"og:type\" content=\"article\" \/>\n<meta property=\"og:title\" content=\"Kostensch\u00e4tzungsservice\" \/>\n<meta property=\"og:description\" content=\"Arbeiten Sie mit einem vertrauensw\u00fcrdigen Berater von Tetakawi zusammen und profitieren Sie bei der Planung eines Fertigungsstandorts in Mexiko von unserem detaillierten und zuverl\u00e4ssigen System zur Kostenprognose.\" \/>\n<meta property=\"og:url\" content=\"https:\/\/tetakawi.com\/de\/losung-finden\/beratungsleistungen\/kostenschatzungsservice\/\" \/>\n<meta property=\"og:site_name\" content=\"Tetakawi\" \/>\n<meta property=\"article:modified_time\" content=\"2019-08-10T00:51:44+00:00\" \/>\n<meta name=\"twitter:card\" content=\"summary_large_image\" \/>\n<meta name=\"twitter:label1\" content=\"Gesch\u00e4tzte Lesezeit\" \/>\n\t<meta name=\"twitter:data1\" content=\"3\u00a0Minuten\" \/>\n<script type=\"application\/ld+json\" class=\"yoast-schema-graph\">{\"@context\":\"https:\/\/schema.org\",\"@graph\":[{\"@type\":\"WebPage\",\"@id\":\"https:\/\/tetakawi.com\/de\/losung-finden\/beratungsleistungen\/kostenschatzungsservice\/\",\"url\":\"https:\/\/tetakawi.com\/de\/losung-finden\/beratungsleistungen\/kostenschatzungsservice\/\",\"name\":\"Tetakawi | Kostensch\u00e4tzungsservice f\u00fcr die Fertigung in Mexiko\",\"isPartOf\":{\"@id\":\"https:\/\/tetakawi.com\/#website\"},\"datePublished\":\"2019-07-10T17:10:31+00:00\",\"dateModified\":\"2019-08-10T00:51:44+00:00\",\"description\":\"Arbeiten Sie mit einem vertrauensw\u00fcrdigen Berater von Tetakawi zusammen und profitieren Sie bei der Planung eines Fertigungsstandorts in Mexiko von unserem detaillierten und zuverl\u00e4ssigen System zur Kostenprognose.\",\"breadcrumb\":{\"@id\":\"https:\/\/tetakawi.com\/de\/losung-finden\/beratungsleistungen\/kostenschatzungsservice\/#breadcrumb\"},\"inLanguage\":\"de\",\"potentialAction\":[{\"@type\":\"ReadAction\",\"target\":[\"https:\/\/tetakawi.com\/de\/losung-finden\/beratungsleistungen\/kostenschatzungsservice\/\"]}]},{\"@type\":\"BreadcrumbList\",\"@id\":\"https:\/\/tetakawi.com\/de\/losung-finden\/beratungsleistungen\/kostenschatzungsservice\/#breadcrumb\",\"itemListElement\":[{\"@type\":\"ListItem\",\"position\":1,\"name\":\"Home\",\"item\":\"https:\/\/tetakawi.com\/de\/\"},{\"@type\":\"ListItem\",\"position\":2,\"name\":\"L\u00f6sung finden\",\"item\":\"https:\/\/tetakawi.com\/de\/losung-finden\/\"},{\"@type\":\"ListItem\",\"position\":3,\"name\":\"Beratungsleistungen\",\"item\":\"https:\/\/tetakawi.com\/de\/losung-finden\/beratungsleistungen\/\"},{\"@type\":\"ListItem\",\"position\":4,\"name\":\"Kostensch\u00e4tzungsservice\"}]},{\"@type\":\"WebSite\",\"@id\":\"https:\/\/tetakawi.com\/#website\",\"url\":\"https:\/\/tetakawi.com\/\",\"name\":\"Tetakawi\",\"description\":\"\",\"publisher\":{\"@id\":\"https:\/\/tetakawi.com\/#organization\"},\"potentialAction\":[{\"@type\":\"SearchAction\",\"target\":{\"@type\":\"EntryPoint\",\"urlTemplate\":\"https:\/\/tetakawi.com\/?s={search_term_string}\"},\"query-input\":\"required name=search_term_string\"}],\"inLanguage\":\"de\"}]}<\/script>\n<!-- \/ Yoast SEO Premium plugin. -->","yoast_head_json":{"title":"Tetakawi | Kostensch\u00e4tzungsservice f\u00fcr die Fertigung in Mexiko","description":"Arbeiten Sie mit einem vertrauensw\u00fcrdigen Berater von Tetakawi zusammen und profitieren Sie bei der Planung eines Fertigungsstandorts in Mexiko von unserem detaillierten und zuverl\u00e4ssigen System zur Kostenprognose.","robots":{"index":"index","follow":"follow","max-snippet":"max-snippet:-1","max-image-preview":"max-image-preview:large","max-video-preview":"max-video-preview:-1"},"canonical":"https:\/\/tetakawi.com\/de\/losung-finden\/beratungsleistungen\/kostenschatzungsservice\/","og_locale":"de_DE","og_type":"article","og_title":"Kostensch\u00e4tzungsservice","og_description":"Arbeiten Sie mit einem vertrauensw\u00fcrdigen Berater von Tetakawi zusammen und profitieren Sie bei der Planung eines Fertigungsstandorts in Mexiko von unserem detaillierten und zuverl\u00e4ssigen System zur Kostenprognose.","og_url":"https:\/\/tetakawi.com\/de\/losung-finden\/beratungsleistungen\/kostenschatzungsservice\/","og_site_name":"Tetakawi","article_modified_time":"2019-08-10T00:51:44+00:00","twitter_card":"summary_large_image","twitter_misc":{"Gesch\u00e4tzte Lesezeit":"3\u00a0Minuten"},"schema":{"@context":"https:\/\/schema.org","@graph":[{"@type":"WebPage","@id":"https:\/\/tetakawi.com\/de\/losung-finden\/beratungsleistungen\/kostenschatzungsservice\/","url":"https:\/\/tetakawi.com\/de\/losung-finden\/beratungsleistungen\/kostenschatzungsservice\/","name":"Tetakawi | Kostensch\u00e4tzungsservice f\u00fcr die Fertigung in Mexiko","isPartOf":{"@id":"https:\/\/tetakawi.com\/#website"},"datePublished":"2019-07-10T17:10:31+00:00","dateModified":"2019-08-10T00:51:44+00:00","description":"Arbeiten Sie mit einem vertrauensw\u00fcrdigen Berater von Tetakawi zusammen und profitieren Sie bei der Planung eines Fertigungsstandorts in Mexiko von unserem detaillierten und zuverl\u00e4ssigen System zur Kostenprognose.","breadcrumb":{"@id":"https:\/\/tetakawi.com\/de\/losung-finden\/beratungsleistungen\/kostenschatzungsservice\/#breadcrumb"},"inLanguage":"de","potentialAction":[{"@type":"ReadAction","target":["https:\/\/tetakawi.com\/de\/losung-finden\/beratungsleistungen\/kostenschatzungsservice\/"]}]},{"@type":"BreadcrumbList","@id":"https:\/\/tetakawi.com\/de\/losung-finden\/beratungsleistungen\/kostenschatzungsservice\/#breadcrumb","itemListElement":[{"@type":"ListItem","position":1,"name":"Home","item":"https:\/\/tetakawi.com\/de\/"},{"@type":"ListItem","position":2,"name":"L\u00f6sung finden","item":"https:\/\/tetakawi.com\/de\/losung-finden\/"},{"@type":"ListItem","position":3,"name":"Beratungsleistungen","item":"https:\/\/tetakawi.com\/de\/losung-finden\/beratungsleistungen\/"},{"@type":"ListItem","position":4,"name":"Kostensch\u00e4tzungsservice"}]},{"@type":"WebSite","@id":"https:\/\/tetakawi.com\/#website","url":"https:\/\/tetakawi.com\/","name":"Tetakawi","description":"","publisher":{"@id":"https:\/\/tetakawi.com\/#organization"},"potentialAction":[{"@type":"SearchAction","target":{"@type":"EntryPoint","urlTemplate":"https:\/\/tetakawi.com\/?s={search_term_string}"},"query-input":"required name=search_term_string"}],"inLanguage":"de"}]}},"_links":{"self":[{"href":"https:\/\/tetakawi.com\/de\/wp-json\/wp\/v2\/pages\/23138"}],"collection":[{"href":"https:\/\/tetakawi.com\/de\/wp-json\/wp\/v2\/pages"}],"about":[{"href":"https:\/\/tetakawi.com\/de\/wp-json\/wp\/v2\/types\/page"}],"author":[{"embeddable":true,"href":"https:\/\/tetakawi.com\/de\/wp-json\/wp\/v2\/users\/2"}],"replies":[{"embeddable":true,"href":"https:\/\/tetakawi.com\/de\/wp-json\/wp\/v2\/comments?post=23138"}],"version-history":[{"count":5,"href":"https:\/\/tetakawi.com\/de\/wp-json\/wp\/v2\/pages\/23138\/revisions"}],"predecessor-version":[{"id":24925,"href":"https:\/\/tetakawi.com\/de\/wp-json\/wp\/v2\/pages\/23138\/revisions\/24925"}],"up":[{"embeddable":true,"href":"https:\/\/tetakawi.com\/de\/wp-json\/wp\/v2\/pages\/22517"}],"wp:attachment":[{"href":"https:\/\/tetakawi.com\/de\/wp-json\/wp\/v2\/media?parent=23138"}],"curies":[{"name":"wp","href":"https:\/\/api.w.org\/{rel}","templated":true}]}}