{"id":23087,"date":"2019-07-10T17:10:29","date_gmt":"2019-07-10T17:10:29","guid":{"rendered":"https:\/\/tetakawi.com\/fertigungscommunitys\/perfekte-kommunikation\/"},"modified":"2020-02-11T01:29:02","modified_gmt":"2020-02-11T01:29:02","slug":"perfekte-kommunikation","status":"publish","type":"page","link":"https:\/\/tetakawi.com\/de\/losung-finden\/fertigungscommunitys\/perfekte-kommunikation\/","title":{"rendered":"Perfekte Kommunikation"},"content":{"rendered":"<div class=\"vgblk-rw-wrapper limit-wrapper\">\n\t<h3>Tetakawi Softlanding<\/h3>\n<p>Als neuen Tetakawi-Kunden interessiert es Sie nat\u00fcrlich, wie es nach der Vertragsunterzeichnung weitergeht. Wir gestalten die Eingliederung Ihrer Betriebsprozesse in unsere Fertigungscommunitys so reibungslos wie m\u00f6glich. Wir bei Tetakawi legen besonderen Wert darauf, Ihnen einen optimalen Einstieg in den Fertigungsbetrieb zu erm\u00f6glichen, damit Sie in k\u00fcrzester Zeit Ihr volles Potenzial aussch\u00f6pfen k\u00f6nnen.<\/p>\n<p>Ihnen ist bei Tetakawi ein eigener Projektmanager zugewiesen, der sich bis ins kleinste Detail um die Er\u00f6ffnung Ihres Fertigungsstandorts in Mexiko k\u00fcmmert, und unsere erfahrenen Serviceteams sorgen daf\u00fcr, dass Ihre Produktion innerhalb des vertraglich vereinbarten Zeitrahmens beginnt. Au\u00dferdem erhalten Sie in den einzelnen Bereichen eine Onboarding-Schulung durch das jeweilige Serviceteam. So steht Ihrem Erfolg nichts im Wege.<\/p>\n<p>&nbsp;<\/p>\n<h3>Lernen Sie unser Facilitymanagementteam kennen<\/h3>\n<p>Ob Neubau oder Bestandsobjekt \u2013 Ihr individueller Projektmanager und unser Facilitymanagementteam gew\u00e4hrleisten, dass die Anlagen Ihren Anforderungen entsprechen. Wir beginnen mit einer Bauzeichnung und einem Zeitplan f\u00fcr die einzelnen Schritte Ihres Bauvorhabens. Unser Facilitymanagementteam sorgt f\u00fcr einen reibungslosen Ablauf Ihres Bauvorhabens bzw. der Renovierung Ihrer Anlage. Folgende Bereiche werden abgedeckt:<\/p>\n<ul>\n<li>F\u00fcr den Bau bzw. die Renovierung erforderliche Berechtigungen und Genehmigungen<\/li>\n<li>Versorgungsleistungen: Gas (falls erforderlich), Strom, Wasser, Abwasser, M\u00fcll<\/li>\n<li>Produktionsbereiche: bauliche Anforderungen, Energiebedarf, Heizungs-, L\u00fcftungs- und Klimaanlagen, Wasser, Beleuchtung<\/li>\n<li>Bereiche au\u00dferhalb der Produktion: B\u00fcrofl\u00e4chen, Sanit\u00e4ranlagen, Cafeteria, Spinde, Heizungs-, L\u00fcftungs- und Klimaanlagen, Wasser, Beleuchtung, Lagerung von Chemikalien (gef\u00e4hrliche und nicht gef\u00e4hrliche)<\/li>\n<li>Zugang zur Anlage: Bereiche f\u00fcr Versand und Annahme, Ladedocks, Geb\u00e4udezugang und Empfang<\/li>\n<li>Sicherheitsanforderungen: Einhaltung der Bestimmungen von OEA und Katastrophenschutz<\/li>\n<li>Beschilderung<\/li>\n<\/ul>\n<p>Unser neues Schulungsprogramm f\u00fcr Kunden umfasst die Bereiche Instandhaltung von Geb\u00e4uden, Gr\u00fcnanlagen und allgemeinen Fl\u00e4chen, Parkpl\u00e4tze, Sicherheit, Landschaftspflege, Sch\u00e4dlingsbek\u00e4mpfung und Versorgungsprobleme.<\/p>\n<p><strong><a href=\"\/de\/losung-finden\/fertigungscommunitys\/facilitymanagement\/\">Erfahren Sie mehr \u00fcber unsere Services im Bereich Facilitymanagement.<\/a>\u00a0<\/strong><\/p>\n<p>&nbsp;<\/p>\n<h3>Unser Team f\u00fcr Arbeits-, Brand- und Umweltschutz<\/h3>\n<p>Unser Team f\u00fcr Arbeits-, Brand- und Umweltschutz unterst\u00fctzt Sie bei der Beschaffung s\u00e4mtlicher erforderlicher Berechtigungen, Lizenzen und Genehmigungen, die Sie gem\u00e4\u00df den entsprechenden Bestimmungen in Mexiko f\u00fcr Ihren Betrieb in unseren Fertigungscommunitys ben\u00f6tigen. Das Team reicht au\u00dferdem erforderliche regulatorische Meldungen f\u00fcr Sie ein. Zu Beginn des Betriebs erhalten Sie von diesem Team eingehende Unterst\u00fctzung in folgenden Bereichen:<\/p>\n<ul>\n<li>Beschaffung einer Betriebslizenz<\/li>\n<li>\u00dcbermittlung von Meldungen zu Umwelteinfl\u00fcssen, Abwasser und Emissionen<\/li>\n<li>Bestimmung von Gefahrgut<\/li>\n<li>Einrichtung eines Sicherheitsausschusses gem\u00e4\u00df den Katastrophenschutzbestimmungen<\/li>\n<\/ul>\n<p>Das neue Schulungsprogramm f\u00fcr Kunden umfasst die Beschaffung erforderlicher Berechtigungen, die Einhaltung von Bestimmungen des Servicio de Administraci\u00f3n Tributaria (SAT) bzw. des Secretar\u00eda de Hacienda y Cr\u00e9dito P\u00fablico (STPS) sowie Business Continuity im Fall von Naturkatastrophen.<\/p>\n<p><strong><a href=\"\/de\/losung-finden\/fertigungscommunitys\/umwelt-und-arbeitsschutz\/\">Erfahren Sie mehr \u00fcber die Anforderungen hinsichtlich Arbeits-, Brand- und Umweltschutz zum Betrieb einer Produktionsanlage in Mexiko.<\/a>\u00a0<\/strong><\/p>\n<p>&nbsp;<\/p>\n<h3>Unser Import\/Export-Team<\/h3>\n<p>Unser Import\/Export-Team geht mit Ihnen ein Formular zur Bestimmung von Zoll- sowie Import- und Exportauflagen durch. Das Team unterst\u00fctzt Sie, wenn es darum geht, Berechtigungen und Lizenzen einzuholen, die Sie f\u00fcr die Einfuhr von Rohstoffen sowie die Ausfuhr von Waren ben\u00f6tigen. Dazu geh\u00f6ren folgende Bereiche:<\/p>\n<ul>\n<li>Importeurregistrierung<\/li>\n<li>Freihandelsabkommen, z. B. USMCA (NAFTA), PROSEC<\/li>\n<li>IMMEX<\/li>\n<li>MwSt.-Zertifizierung<\/li>\n<li>OEA \u2013 (fr\u00fcher NEEC), die Entsprechung in Mexiko zu C-TPAT (Customs-Trade Partnership Against Terrorism)<\/li>\n<li>US-Zollagentenauswahl<\/li>\n<\/ul>\n<p>Das neue Schulungsprogramm f\u00fcr Kunden bietet Informationen zu Zollbestimmungen und -agentenbeziehungen in den USA und Mexiko, Import\/Export (Bestandsmanagement, Tarifklassifikationen, Steuersparprogramme, IMMEX, OEA, MWSt.-Zertifizierung und Importeur-\/Exporteurregistrierung), Cross Docking-Services, Frachtumschlag und -management sowie weiteren relevanten Bestimmungen der mexikanischen Beh\u00f6rden.<\/p>\n<p><strong><a href=\"\/de\/losung-finden\/fertigungscommunitys\/import-und-export\/\">Erfahren Sie mehr \u00fcber unsere Services im Bereich Import\/Export.<\/a>\u00a0<\/strong><\/p>\n<p>&nbsp;<\/p>\n<h3>Unser Personalteam<\/h3>\n<p>Die Anwerbung der passenden Mitarbeiter f\u00fcr Ihr Werk beginnt mit der Einstellung des Werksmanagers, der Profil und Stellenbeschreibung entsprechen muss. Unser Personalteam erarbeitet mit Ihnen einen Personalplan mit folgenden Punkten:<\/p>\n<ul>\n<li>Recruiting<\/li>\n<li>Mitarbeiterauswahl und -einstellung<\/li>\n<li>Anforderungen hinsichtlich der Lohngestaltung<\/li>\n<\/ul>\n<p>Das neue Schulungsprogramm f\u00fcr Kunden umfasst die Punkte Best Practices zu Recruiting, Auswahl und Einstellung, Mitarbeiterverwaltung (Onboarding, medizinische Leistungen und Rechtsstreitigkeiten), Verhandlungen mit Gewerkschaften, Verwaltung von Gehalt und Zusatzleistungen sowie Arbeitgeberregistrierung in Mexiko.<\/p>\n<p><strong><a href=\"\/de\/losung-finden\/fertigungscommunitys\/personal\/\">Erfahren Sie mehr \u00fcber unsere Services im Bereich Personal.<\/a>\u00a0<\/strong><\/p>\n<p>&nbsp;<\/p>\n<h3>Unser Beschaffungsteam<\/h3>\n<p>Unser Beschaffungsteam arbeitet eng mit Ihnen zusammen. Das Team unterst\u00fctzt Sie bei der Auswahl von Lieferanten, H\u00e4ndlern und Dienstleistern in Mexiko sowie bei der Einf\u00fchrung von Beschaffungsl\u00f6sungen, damit Ihr Betrieb so kosteng\u00fcnstig wie m\u00f6glich arbeitet. Zu den Servicebereichen dieses Teams geh\u00f6ren:<\/p>\n<ul>\n<li>Dienstleister (Strom, Telefon und Daten, Wasser und Abwasser, M\u00fcll, Erdgas (sofern verf\u00fcgbar) und Kalibrierungsdienste)<\/li>\n<li>H\u00e4ndler und Lieferanten f\u00fcr Werkzeuge, Chemikalien, MROs, Sicherheit und PSA, Sicherheitssysteme, Verpackungsmaterialien<\/li>\n<\/ul>\n<p>Das neue Schulungsprogramm f\u00fcr Kunden umfasst die Bereiche lokales Lieferantenmanagement, Bestell- und Beschaffungssysteme sowie Lieferantenzahlungen.<\/p>\n<p><strong><a href=\"\/de\/losung-finden\/fertigungscommunitys\/beschaffung\/\">Erfahren Sie mehr \u00fcber unsere Services im Bereich Beschaffung.<\/a>\u00a0<\/strong><\/p>\n<p>&nbsp;<\/p>\n<h3>Unser Buchhaltungs- und Steuerteam<\/h3>\n<p>Unser Buchhaltungs- und Steuerteam unterst\u00fctzt Sie bei der Einhaltung steuerlicher Bestimmungen der entsprechenden Beh\u00f6rden. Das neue Schulungsprogramm f\u00fcr Kunden bietet Ihnen Informationen zu den komplexen Bestimmungen in den Bereichen Mehrwertsteuererstattung, Einkommensteuerberechnung, Versicherungen (Lebens-, Kranken-, Kfz-, Immobilien-, Haftpflicht- und Transportversicherungen), Buchhaltung, Lieferantenzahlungsmanagement, Kreditbedingungen und Kundenabrechnung.<\/p>\n<p><strong><a href=\"\/de\/losung-finden\/fertigungscommunitys\/buchhaltung-und-steuern\/\">Erfahren Sie mehr \u00fcber unsere Services im Bereich Buchhaltung und Steuern.<\/a>\u00a0<\/strong><\/p>\n<p>&nbsp;<\/p>\n<h3>Weitere Services von Tetakawi Softlanding<\/h3>\n<p>Zus\u00e4tzlich zur betrieblichen Unterst\u00fctzung k\u00f6nnen Sie mit den Services von Tetakawi in unseren Fertigungscommunitys arbeitenden Ausl\u00e4ndern und deren Familien einen reibungslosen Start ins neue Arbeitsleben erm\u00f6glichen. Zu den angebotenen Services geh\u00f6ren u. a.:<\/p>\n<ul>\n<li>Beschaffung von Einreisedokumenten<\/li>\n<li>Suche nach einer geeigneten Immobilie<\/li>\n<li>Einfuhr von Haushaltsgegenst\u00e4nden<\/li>\n<li>Suche nach passenden Schulen<\/li>\n<li>Allgemeine Unterst\u00fctzung bei der Ankunft in Mexiko<\/li>\n<\/ul>\n<\/div><!-- .vgblk-rw-wrapper -->","protected":false},"excerpt":{"rendered":"<p>Tetakawi Softlanding Als neuen Tetakawi-Kunden interessiert es Sie nat\u00fcrlich, wie es nach der Vertragsunterzeichnung weitergeht. Wir gestalten die Eingliederung Ihrer Betriebsprozesse in unsere Fertigungscommunitys so reibungslos wie m\u00f6glich. Wir bei Tetakawi legen besonderen Wert darauf, Ihnen einen optimalen Einstieg in den Fertigungsbetrieb zu erm\u00f6glichen, damit Sie in k\u00fcrzester Zeit Ihr volles Potenzial aussch\u00f6pfen k\u00f6nnen. Ihnen&#8230;<\/p>\n","protected":false},"author":1,"featured_media":0,"parent":22514,"menu_order":0,"comment_status":"closed","ping_status":"closed","template":"","meta":{"content-type":"","_monsterinsights_skip_tracking":false,"_monsterinsights_sitenote_active":false,"_monsterinsights_sitenote_note":"","_monsterinsights_sitenote_category":0},"yoast_head":"<!-- This site is optimized with the Yoast SEO Premium plugin v20.6 (Yoast SEO v20.6) - https:\/\/yoast.com\/wordpress\/plugins\/seo\/ -->\n<title>Tetakawi | Fertigungscommunitys Perfekte Kommunikation<\/title>\n<meta name=\"description\" content=\"Ob rechtliche Bestimmungen, Personal, Umwelt oder Betrieb: Die Softlanding-Services von Tetakawi garantieren Ihrem Unternehmen den perfekten Start in Mexiko.\" \/>\n<meta name=\"robots\" content=\"index, follow, max-snippet:-1, max-image-preview:large, max-video-preview:-1\" \/>\n<link rel=\"canonical\" href=\"https:\/\/tetakawi.com\/de\/losung-finden\/fertigungscommunitys\/perfekte-kommunikation\/\" \/>\n<meta property=\"og:locale\" content=\"de_DE\" \/>\n<meta property=\"og:type\" content=\"article\" \/>\n<meta property=\"og:title\" content=\"Perfekte Kommunikation\" \/>\n<meta property=\"og:description\" content=\"Ob rechtliche Bestimmungen, Personal, Umwelt oder Betrieb: Die Softlanding-Services von Tetakawi garantieren Ihrem Unternehmen den perfekten Start in Mexiko.\" \/>\n<meta property=\"og:url\" content=\"https:\/\/tetakawi.com\/de\/losung-finden\/fertigungscommunitys\/perfekte-kommunikation\/\" \/>\n<meta property=\"og:site_name\" content=\"Tetakawi\" \/>\n<meta property=\"article:modified_time\" content=\"2020-02-11T01:29:02+00:00\" \/>\n<meta name=\"twitter:card\" content=\"summary_large_image\" \/>\n<meta name=\"twitter:label1\" content=\"Gesch\u00e4tzte Lesezeit\" \/>\n\t<meta name=\"twitter:data1\" content=\"5\u00a0Minuten\" \/>\n<script type=\"application\/ld+json\" class=\"yoast-schema-graph\">{\"@context\":\"https:\/\/schema.org\",\"@graph\":[{\"@type\":\"WebPage\",\"@id\":\"https:\/\/tetakawi.com\/de\/losung-finden\/fertigungscommunitys\/perfekte-kommunikation\/\",\"url\":\"https:\/\/tetakawi.com\/de\/losung-finden\/fertigungscommunitys\/perfekte-kommunikation\/\",\"name\":\"Tetakawi | Fertigungscommunitys Perfekte Kommunikation\",\"isPartOf\":{\"@id\":\"https:\/\/tetakawi.com\/#website\"},\"datePublished\":\"2019-07-10T17:10:29+00:00\",\"dateModified\":\"2020-02-11T01:29:02+00:00\",\"description\":\"Ob rechtliche Bestimmungen, Personal, Umwelt oder Betrieb: Die Softlanding-Services von Tetakawi garantieren Ihrem Unternehmen den perfekten Start in Mexiko.\",\"breadcrumb\":{\"@id\":\"https:\/\/tetakawi.com\/de\/losung-finden\/fertigungscommunitys\/perfekte-kommunikation\/#breadcrumb\"},\"inLanguage\":\"de\",\"potentialAction\":[{\"@type\":\"ReadAction\",\"target\":[\"https:\/\/tetakawi.com\/de\/losung-finden\/fertigungscommunitys\/perfekte-kommunikation\/\"]}]},{\"@type\":\"BreadcrumbList\",\"@id\":\"https:\/\/tetakawi.com\/de\/losung-finden\/fertigungscommunitys\/perfekte-kommunikation\/#breadcrumb\",\"itemListElement\":[{\"@type\":\"ListItem\",\"position\":1,\"name\":\"Home\",\"item\":\"https:\/\/tetakawi.com\/de\/\"},{\"@type\":\"ListItem\",\"position\":2,\"name\":\"L\u00f6sung finden\",\"item\":\"https:\/\/tetakawi.com\/de\/losung-finden\/\"},{\"@type\":\"ListItem\",\"position\":3,\"name\":\"Fertigungscommunitys\",\"item\":\"https:\/\/tetakawi.com\/de\/losung-finden\/fertigungscommunitys\/\"},{\"@type\":\"ListItem\",\"position\":4,\"name\":\"Perfekte Kommunikation\"}]},{\"@type\":\"WebSite\",\"@id\":\"https:\/\/tetakawi.com\/#website\",\"url\":\"https:\/\/tetakawi.com\/\",\"name\":\"Tetakawi\",\"description\":\"\",\"publisher\":{\"@id\":\"https:\/\/tetakawi.com\/#organization\"},\"potentialAction\":[{\"@type\":\"SearchAction\",\"target\":{\"@type\":\"EntryPoint\",\"urlTemplate\":\"https:\/\/tetakawi.com\/?s={search_term_string}\"},\"query-input\":\"required name=search_term_string\"}],\"inLanguage\":\"de\"}]}<\/script>\n<!-- \/ Yoast SEO Premium plugin. -->","yoast_head_json":{"title":"Tetakawi | Fertigungscommunitys Perfekte Kommunikation","description":"Ob rechtliche Bestimmungen, Personal, Umwelt oder Betrieb: Die Softlanding-Services von Tetakawi garantieren Ihrem Unternehmen den perfekten Start in Mexiko.","robots":{"index":"index","follow":"follow","max-snippet":"max-snippet:-1","max-image-preview":"max-image-preview:large","max-video-preview":"max-video-preview:-1"},"canonical":"https:\/\/tetakawi.com\/de\/losung-finden\/fertigungscommunitys\/perfekte-kommunikation\/","og_locale":"de_DE","og_type":"article","og_title":"Perfekte Kommunikation","og_description":"Ob rechtliche Bestimmungen, Personal, Umwelt oder Betrieb: Die Softlanding-Services von Tetakawi garantieren Ihrem Unternehmen den perfekten Start in Mexiko.","og_url":"https:\/\/tetakawi.com\/de\/losung-finden\/fertigungscommunitys\/perfekte-kommunikation\/","og_site_name":"Tetakawi","article_modified_time":"2020-02-11T01:29:02+00:00","twitter_card":"summary_large_image","twitter_misc":{"Gesch\u00e4tzte Lesezeit":"5\u00a0Minuten"},"schema":{"@context":"https:\/\/schema.org","@graph":[{"@type":"WebPage","@id":"https:\/\/tetakawi.com\/de\/losung-finden\/fertigungscommunitys\/perfekte-kommunikation\/","url":"https:\/\/tetakawi.com\/de\/losung-finden\/fertigungscommunitys\/perfekte-kommunikation\/","name":"Tetakawi | Fertigungscommunitys Perfekte Kommunikation","isPartOf":{"@id":"https:\/\/tetakawi.com\/#website"},"datePublished":"2019-07-10T17:10:29+00:00","dateModified":"2020-02-11T01:29:02+00:00","description":"Ob rechtliche Bestimmungen, Personal, Umwelt oder Betrieb: Die Softlanding-Services von Tetakawi garantieren Ihrem Unternehmen den perfekten Start in Mexiko.","breadcrumb":{"@id":"https:\/\/tetakawi.com\/de\/losung-finden\/fertigungscommunitys\/perfekte-kommunikation\/#breadcrumb"},"inLanguage":"de","potentialAction":[{"@type":"ReadAction","target":["https:\/\/tetakawi.com\/de\/losung-finden\/fertigungscommunitys\/perfekte-kommunikation\/"]}]},{"@type":"BreadcrumbList","@id":"https:\/\/tetakawi.com\/de\/losung-finden\/fertigungscommunitys\/perfekte-kommunikation\/#breadcrumb","itemListElement":[{"@type":"ListItem","position":1,"name":"Home","item":"https:\/\/tetakawi.com\/de\/"},{"@type":"ListItem","position":2,"name":"L\u00f6sung finden","item":"https:\/\/tetakawi.com\/de\/losung-finden\/"},{"@type":"ListItem","position":3,"name":"Fertigungscommunitys","item":"https:\/\/tetakawi.com\/de\/losung-finden\/fertigungscommunitys\/"},{"@type":"ListItem","position":4,"name":"Perfekte Kommunikation"}]},{"@type":"WebSite","@id":"https:\/\/tetakawi.com\/#website","url":"https:\/\/tetakawi.com\/","name":"Tetakawi","description":"","publisher":{"@id":"https:\/\/tetakawi.com\/#organization"},"potentialAction":[{"@type":"SearchAction","target":{"@type":"EntryPoint","urlTemplate":"https:\/\/tetakawi.com\/?s={search_term_string}"},"query-input":"required name=search_term_string"}],"inLanguage":"de"}]}},"_links":{"self":[{"href":"https:\/\/tetakawi.com\/de\/wp-json\/wp\/v2\/pages\/23087"}],"collection":[{"href":"https:\/\/tetakawi.com\/de\/wp-json\/wp\/v2\/pages"}],"about":[{"href":"https:\/\/tetakawi.com\/de\/wp-json\/wp\/v2\/types\/page"}],"author":[{"embeddable":true,"href":"https:\/\/tetakawi.com\/de\/wp-json\/wp\/v2\/users\/1"}],"replies":[{"embeddable":true,"href":"https:\/\/tetakawi.com\/de\/wp-json\/wp\/v2\/comments?post=23087"}],"version-history":[{"count":4,"href":"https:\/\/tetakawi.com\/de\/wp-json\/wp\/v2\/pages\/23087\/revisions"}],"predecessor-version":[{"id":25746,"href":"https:\/\/tetakawi.com\/de\/wp-json\/wp\/v2\/pages\/23087\/revisions\/25746"}],"up":[{"embeddable":true,"href":"https:\/\/tetakawi.com\/de\/wp-json\/wp\/v2\/pages\/22514"}],"wp:attachment":[{"href":"https:\/\/tetakawi.com\/de\/wp-json\/wp\/v2\/media?parent=23087"}],"curies":[{"name":"wp","href":"https:\/\/api.w.org\/{rel}","templated":true}]}}