{"id":23086,"date":"2019-07-10T17:10:28","date_gmt":"2019-07-10T17:10:28","guid":{"rendered":"https:\/\/tetakawi.com\/fertigungscommunitys\/buchhaltung-und-steuern\/"},"modified":"2023-05-16T20:01:23","modified_gmt":"2023-05-16T20:01:23","slug":"buchhaltung-und-steuern","status":"publish","type":"page","link":"https:\/\/tetakawi.com\/de\/losung-finden\/fertigungscommunitys\/buchhaltung-und-steuern\/","title":{"rendered":"Buchhaltung und Steuern"},"content":{"rendered":"<div class=\"vgblk-rw-wrapper limit-wrapper\">\n\n\t<p>Buchhaltungs- und Steuerservices von Tetakawi<\/p>\n<p>Die Einhaltung der Steuergesetze und Abgabenregelungen auf Bundes-, Bundesstaaten- und Kommunalebene ist bei der Fertigung in Mexiko unverzichtbar. Tetakawi bietet Buchhaltungs- und Steuerservices f\u00fcr Unternehmer, die Ihnen die Verantwortung und Haftbarkeit f\u00fcr die Einhaltung dieser Regelungen abnehmen. Unser fachkundiges Finanzteam gew\u00e4hrleistet mit spezieller Software, dass Ihre Unterlagen korrekt ausgef\u00fcllt und termingerecht bei den entsprechenden Beh\u00f6rden eingereicht werden.<\/p>\n\n<p>Genaue Steuer: Berechnung, -erkl\u00e4rung und -zahlung<\/p>\n<p>Einhaltung der Unternehmenseinkommensteuerpflicht in Mexiko: S\u00e4mtliche in Mexiko t\u00e4tigen Unternehmen sind im Rahmen der Safe Harbor-Regelungen einkommensteuerpflichtig, siehe Paragraph 182 des mexikanischen Einkommensteuergesetzes (APA). Unsere Finanzteams berechnen die f\u00e4llige Einkommensteuer, reichen die entsprechende Erkl\u00e4rung beim Finanzamt ein und \u00fcbernehmen die Zahlung.<\/p>\n<p>Lohnsteuer: S\u00e4mtliche Lohnsteuererkl\u00e4rungen auf bundesstaatlicher und Bundesebene erfolgen in Einklang mit den Bestimmungen der mexikanischen Steuerbeh\u00f6rde (SAT).<\/p>\n<p>MwSt.-R\u00fcckzahlungen: Unser Finanzteam beantragt die R\u00fcckzahlung der MwSt. auf definitive Importe und innermexikanische MRO-K\u00e4ufe. Das Team nimmt sich aller eventuellen Probleme an und sorgt so daf\u00fcr, dass unsere Kunden R\u00fcckzahlungen direkt erhalten. Tetakawi verf\u00fcgt \u00fcber die MwSt.-Zertifizierung AAA, dank der R\u00fcckzahlungen der Steuer besonders schnell erfolgen.<\/p>\n<p>\u00a0Beispiel:Termingerechte Kreditorenbuchhaltung<\/p>\n<p>Unser Finanzteam k\u00fcmmert sich um die Kreditorenbuchhaltung bez\u00fcglich Anbietern und Lieferanten. Dies umfasst die termingerechte Zahlung von Bestellungen des Kunden bei Anbietern und Lieferanten. Ihr Unternehmen muss sich nicht um Rechnungen, Steuern, Wirtschaftspr\u00fcfer und Buchf\u00fchrung sorgen.<\/p>\n<p>Erforderliche statistische Unterlagen und Rechnungen von der Buchhaltung f\u00fcr das Finanzamt bis zur Umsatzsteuer<\/p>\n<p><b>Steuer: <\/b>Der mexikanischen Steuerbeh\u00f6rde (SAT) muss j\u00e4hrlich eine Steuererkl\u00e4rung f\u00fcr Fertigungs- und Exportservices (DIEMSE) vorgelegt werden. Dieser Bericht f\u00fchrt betriebliche Informationen auf, zum Beispiel zur Einhaltung der Transferpreisbestimmungen, Finanz- und Steuerdaten sowie einen Nachweis \u00fcber Handelsbeziehungen ins Ausland.<\/p>\n<p><b>Statistiken: <\/b>Das nationale Institut f\u00fcr Statistik und Geografie (INEGI) erfasst und pr\u00fcft geografische, demografische und wirtschaftliche Daten. Beim INEGI muss ein monatlicher Bericht mit dem Wert importierter G\u00fcter eingereicht werden, bei dem Rohstoffe, Verpackungsmaterialien sowie die verarbeiteten und fertigen Produkte in der Buchf\u00fchrung gesondert aufgef\u00fchrt sind.<\/p>\n<p><b>Import\/Export: <\/b>Im Rahmen der IMMEX- und PROSEC-Programme muss ein j\u00e4hrlicher Bericht mit s\u00e4mtlichen Exporten und Verk\u00e4ufen beim Wirtschaftsministerium eingereicht werden. Buchhalter und Steuerberater haben au\u00dferdem Informationen und Daten zur Bilanz in ihrer Buchhaltung.<\/p>\n<p>Profitieren Sie von Mehrwertservices und \u00fcberlassen Sie uns das Thema Steuer<\/p>\n<p>Zus\u00e4tzlich zur Steuerberechnung, -erkl\u00e4rung und -zahlung k\u00fcmmert sich Tetakawi auch um die Verl\u00e4ngerung der Zulassungen f\u00fcr die Gesch\u00e4ftst\u00e4tigkeit in Mexiko sowie um die Durchf\u00fchrung interner und externer beh\u00f6rdlicher Audits (einschlie\u00dflich Pr\u00fcfungen durch die Finanzbeh\u00f6rden).<\/p>\n<p>Lesen Sie mehr \u00fcber unsere Leistung als Anbieter f\u00fcr Buchhaltung und Steuer.<\/p>\n\n<\/div><!-- .vgblk-rw-wrapper -->","protected":false},"excerpt":{"rendered":"<p>Buchhaltungs- und Steuerservices von Tetakawi Die Einhaltung der Steuergesetze und Abgabenregelungen auf Bundes-, Bundesstaaten- und Kommunalebene ist bei der Fertigung in Mexiko unverzichtbar. Tetakawi bietet Buchhaltungs- und Steuerservices f\u00fcr Unternehmer, die Ihnen die Verantwortung und Haftbarkeit f\u00fcr die Einhaltung dieser Regelungen abnehmen. Unser fachkundiges Finanzteam gew\u00e4hrleistet mit spezieller Software, dass Ihre Unterlagen korrekt ausgef\u00fcllt und&#8230;<\/p>\n","protected":false},"author":1,"featured_media":0,"parent":22514,"menu_order":0,"comment_status":"closed","ping_status":"closed","template":"","meta":{"content-type":"","_monsterinsights_skip_tracking":false,"_monsterinsights_sitenote_active":false,"_monsterinsights_sitenote_note":"","_monsterinsights_sitenote_category":0},"yoast_head":"<!-- This site is optimized with the Yoast SEO Premium plugin v20.6 (Yoast SEO v20.6) - https:\/\/yoast.com\/wordpress\/plugins\/seo\/ -->\n<title>Tetakawi | Fertigungscommunitys Buchhaltung und Steuern<\/title>\n<meta name=\"description\" content=\"Mit den Buchhaltungs- und Steuerservices von Tetakawi beh\u00e4lt Ihr Unternehmen den \u00dcberblick bei Geh\u00e4ltern, Rechnungen, MwSt. und Geb\u00fchren in Zusammenhang mit der Fertigung in Mexiko.\" \/>\n<meta name=\"robots\" content=\"index, follow, max-snippet:-1, max-image-preview:large, max-video-preview:-1\" \/>\n<link rel=\"canonical\" href=\"https:\/\/tetakawi.com\/de\/losung-finden\/fertigungscommunitys\/buchhaltung-und-steuern\/\" \/>\n<meta property=\"og:locale\" content=\"de_DE\" \/>\n<meta property=\"og:type\" content=\"article\" \/>\n<meta property=\"og:title\" content=\"Buchhaltung und Steuern\" \/>\n<meta property=\"og:description\" content=\"Mit den Buchhaltungs- und Steuerservices von Tetakawi beh\u00e4lt Ihr Unternehmen den \u00dcberblick bei Geh\u00e4ltern, Rechnungen, MwSt. und Geb\u00fchren in Zusammenhang mit der Fertigung in Mexiko.\" \/>\n<meta property=\"og:url\" content=\"https:\/\/tetakawi.com\/de\/losung-finden\/fertigungscommunitys\/buchhaltung-und-steuern\/\" \/>\n<meta property=\"og:site_name\" content=\"Tetakawi\" \/>\n<meta property=\"article:modified_time\" content=\"2023-05-16T20:01:23+00:00\" \/>\n<meta name=\"twitter:card\" content=\"summary_large_image\" \/>\n<meta name=\"twitter:label1\" content=\"Gesch\u00e4tzte Lesezeit\" \/>\n\t<meta name=\"twitter:data1\" content=\"2\u00a0Minuten\" \/>\n<script type=\"application\/ld+json\" class=\"yoast-schema-graph\">{\"@context\":\"https:\/\/schema.org\",\"@graph\":[{\"@type\":\"WebPage\",\"@id\":\"https:\/\/tetakawi.com\/de\/losung-finden\/fertigungscommunitys\/buchhaltung-und-steuern\/\",\"url\":\"https:\/\/tetakawi.com\/de\/losung-finden\/fertigungscommunitys\/buchhaltung-und-steuern\/\",\"name\":\"Tetakawi | Fertigungscommunitys Buchhaltung und Steuern\",\"isPartOf\":{\"@id\":\"https:\/\/tetakawi.com\/#website\"},\"datePublished\":\"2019-07-10T17:10:28+00:00\",\"dateModified\":\"2023-05-16T20:01:23+00:00\",\"description\":\"Mit den Buchhaltungs- und Steuerservices von Tetakawi beh\u00e4lt Ihr Unternehmen den \u00dcberblick bei Geh\u00e4ltern, Rechnungen, MwSt. und Geb\u00fchren in Zusammenhang mit der Fertigung in Mexiko.\",\"breadcrumb\":{\"@id\":\"https:\/\/tetakawi.com\/de\/losung-finden\/fertigungscommunitys\/buchhaltung-und-steuern\/#breadcrumb\"},\"inLanguage\":\"de\",\"potentialAction\":[{\"@type\":\"ReadAction\",\"target\":[\"https:\/\/tetakawi.com\/de\/losung-finden\/fertigungscommunitys\/buchhaltung-und-steuern\/\"]}]},{\"@type\":\"BreadcrumbList\",\"@id\":\"https:\/\/tetakawi.com\/de\/losung-finden\/fertigungscommunitys\/buchhaltung-und-steuern\/#breadcrumb\",\"itemListElement\":[{\"@type\":\"ListItem\",\"position\":1,\"name\":\"Home\",\"item\":\"https:\/\/tetakawi.com\/de\/\"},{\"@type\":\"ListItem\",\"position\":2,\"name\":\"L\u00f6sung finden\",\"item\":\"https:\/\/tetakawi.com\/de\/losung-finden\/\"},{\"@type\":\"ListItem\",\"position\":3,\"name\":\"Fertigungscommunitys\",\"item\":\"https:\/\/tetakawi.com\/de\/losung-finden\/fertigungscommunitys\/\"},{\"@type\":\"ListItem\",\"position\":4,\"name\":\"Buchhaltung und Steuern\"}]},{\"@type\":\"WebSite\",\"@id\":\"https:\/\/tetakawi.com\/#website\",\"url\":\"https:\/\/tetakawi.com\/\",\"name\":\"Tetakawi\",\"description\":\"\",\"publisher\":{\"@id\":\"https:\/\/tetakawi.com\/#organization\"},\"potentialAction\":[{\"@type\":\"SearchAction\",\"target\":{\"@type\":\"EntryPoint\",\"urlTemplate\":\"https:\/\/tetakawi.com\/?s={search_term_string}\"},\"query-input\":\"required name=search_term_string\"}],\"inLanguage\":\"de\"}]}<\/script>\n<!-- \/ Yoast SEO Premium plugin. -->","yoast_head_json":{"title":"Tetakawi | Fertigungscommunitys Buchhaltung und Steuern","description":"Mit den Buchhaltungs- und Steuerservices von Tetakawi beh\u00e4lt Ihr Unternehmen den \u00dcberblick bei Geh\u00e4ltern, Rechnungen, MwSt. und Geb\u00fchren in Zusammenhang mit der Fertigung in Mexiko.","robots":{"index":"index","follow":"follow","max-snippet":"max-snippet:-1","max-image-preview":"max-image-preview:large","max-video-preview":"max-video-preview:-1"},"canonical":"https:\/\/tetakawi.com\/de\/losung-finden\/fertigungscommunitys\/buchhaltung-und-steuern\/","og_locale":"de_DE","og_type":"article","og_title":"Buchhaltung und Steuern","og_description":"Mit den Buchhaltungs- und Steuerservices von Tetakawi beh\u00e4lt Ihr Unternehmen den \u00dcberblick bei Geh\u00e4ltern, Rechnungen, MwSt. und Geb\u00fchren in Zusammenhang mit der Fertigung in Mexiko.","og_url":"https:\/\/tetakawi.com\/de\/losung-finden\/fertigungscommunitys\/buchhaltung-und-steuern\/","og_site_name":"Tetakawi","article_modified_time":"2023-05-16T20:01:23+00:00","twitter_card":"summary_large_image","twitter_misc":{"Gesch\u00e4tzte Lesezeit":"2\u00a0Minuten"},"schema":{"@context":"https:\/\/schema.org","@graph":[{"@type":"WebPage","@id":"https:\/\/tetakawi.com\/de\/losung-finden\/fertigungscommunitys\/buchhaltung-und-steuern\/","url":"https:\/\/tetakawi.com\/de\/losung-finden\/fertigungscommunitys\/buchhaltung-und-steuern\/","name":"Tetakawi | Fertigungscommunitys Buchhaltung und Steuern","isPartOf":{"@id":"https:\/\/tetakawi.com\/#website"},"datePublished":"2019-07-10T17:10:28+00:00","dateModified":"2023-05-16T20:01:23+00:00","description":"Mit den Buchhaltungs- und Steuerservices von Tetakawi beh\u00e4lt Ihr Unternehmen den \u00dcberblick bei Geh\u00e4ltern, Rechnungen, MwSt. und Geb\u00fchren in Zusammenhang mit der Fertigung in Mexiko.","breadcrumb":{"@id":"https:\/\/tetakawi.com\/de\/losung-finden\/fertigungscommunitys\/buchhaltung-und-steuern\/#breadcrumb"},"inLanguage":"de","potentialAction":[{"@type":"ReadAction","target":["https:\/\/tetakawi.com\/de\/losung-finden\/fertigungscommunitys\/buchhaltung-und-steuern\/"]}]},{"@type":"BreadcrumbList","@id":"https:\/\/tetakawi.com\/de\/losung-finden\/fertigungscommunitys\/buchhaltung-und-steuern\/#breadcrumb","itemListElement":[{"@type":"ListItem","position":1,"name":"Home","item":"https:\/\/tetakawi.com\/de\/"},{"@type":"ListItem","position":2,"name":"L\u00f6sung finden","item":"https:\/\/tetakawi.com\/de\/losung-finden\/"},{"@type":"ListItem","position":3,"name":"Fertigungscommunitys","item":"https:\/\/tetakawi.com\/de\/losung-finden\/fertigungscommunitys\/"},{"@type":"ListItem","position":4,"name":"Buchhaltung und Steuern"}]},{"@type":"WebSite","@id":"https:\/\/tetakawi.com\/#website","url":"https:\/\/tetakawi.com\/","name":"Tetakawi","description":"","publisher":{"@id":"https:\/\/tetakawi.com\/#organization"},"potentialAction":[{"@type":"SearchAction","target":{"@type":"EntryPoint","urlTemplate":"https:\/\/tetakawi.com\/?s={search_term_string}"},"query-input":"required name=search_term_string"}],"inLanguage":"de"}]}},"_links":{"self":[{"href":"https:\/\/tetakawi.com\/de\/wp-json\/wp\/v2\/pages\/23086"}],"collection":[{"href":"https:\/\/tetakawi.com\/de\/wp-json\/wp\/v2\/pages"}],"about":[{"href":"https:\/\/tetakawi.com\/de\/wp-json\/wp\/v2\/types\/page"}],"author":[{"embeddable":true,"href":"https:\/\/tetakawi.com\/de\/wp-json\/wp\/v2\/users\/1"}],"replies":[{"embeddable":true,"href":"https:\/\/tetakawi.com\/de\/wp-json\/wp\/v2\/comments?post=23086"}],"version-history":[{"count":5,"href":"https:\/\/tetakawi.com\/de\/wp-json\/wp\/v2\/pages\/23086\/revisions"}],"predecessor-version":[{"id":28455,"href":"https:\/\/tetakawi.com\/de\/wp-json\/wp\/v2\/pages\/23086\/revisions\/28455"}],"up":[{"embeddable":true,"href":"https:\/\/tetakawi.com\/de\/wp-json\/wp\/v2\/pages\/22514"}],"wp:attachment":[{"href":"https:\/\/tetakawi.com\/de\/wp-json\/wp\/v2\/media?parent=23086"}],"curies":[{"name":"wp","href":"https:\/\/api.w.org\/{rel}","templated":true}]}}