{"id":23064,"date":"2019-07-10T17:10:27","date_gmt":"2019-07-10T17:10:27","guid":{"rendered":"https:\/\/tetakawi.com\/fertigung-in-mexiko\/die-wahl-des-richtigen-fertigungsstandorts-in-mexiko\/"},"modified":"2023-03-21T23:24:45","modified_gmt":"2023-03-21T23:24:45","slug":"die-wahl-des-richtigen-fertigungsstandorts-in-mexiko","status":"publish","type":"page","link":"https:\/\/tetakawi.com\/de\/fertigung-in-mexiko\/die-wahl-des-richtigen-fertigungsstandorts-in-mexiko\/","title":{"rendered":"Maquiladora \u2013 Die Wahl des richtigen Fertigungsstandorts in Mexiko"},"content":{"rendered":"<div class=\"vgblk-rw-wrapper limit-wrapper\">\n\n\t<h2>Weitere Informationen &#8211; Was sind Maquiladoras?<\/h2>\n<p>Seit den fr\u00fchen 1970er-Jahren haben Hersteller aus dem Ausland Fertigungsbetriebe in Mexiko angesiedelt, bei denen der Gro\u00dfteil der Produktion f\u00fcr den Export, zum Beispiel in die USA,\u00a0 bestimmt ist. Diese mexikanische Fertigungsbetriebe werden meist als \u201eMaquiladoras&#8220; bezeichnet und sind Partner f\u00fcr internationale Unternehmen. Die Industrie des ausl\u00e4ndischen Auftraggebers fokussiert sich insbesondere auf das Zusammensetzen und Montieren von Halbfertigwaren. Mehr als 56 % dieser Maquiladora Unternehmen, und damit ein zertifiziertes Unternehmen, befinden sich in den sechs mexikanischen Bundesstaaten entlang der US-Grenze: Baja California, Sonora, Chihuahua, Coahuila, Nuevo Le\u00f3n und Tamaulipas. Die restlichen 44 % Maquiladora Betriebe verteilen sich auf die anderen 26 Bundesstaaten Mexikos, einschlie\u00dflich Mexiko-Stadt. In den Jahren 2017 und 2018 haben sich \u00fcber 65 % der neuen Maquiladoras in Mexiko in einem der Bundesstaaten an der Grenze zur USA angesiedelt. Diese Maquiladora-Industrie Nordmexikos ist f\u00fcr eine positive Entwicklung der Region verantwortlich.<\/p>\n<p>Die Betriebe ausl\u00e4ndischer Unternehmen in Mexiko, die prim\u00e4r Produkte f\u00fcr den mexikanischen Markt herstellen, sind \u00fcbrigens keine Maquiladoras im eigentlichen Sinne, da der Gro\u00dfteil der Produktion nicht in den Export geht. Ein Beispiel f\u00fcr einen ausl\u00e4ndischen Nicht-Maquiladora-Betrieb w\u00e4re ein Tier 1-Lieferant der Automobilbranche, der einen Gro\u00dfteil seiner Produkte an einen oder mehrere OEM-Fahrzeugbauer in Mexiko verkauft. \u00a0Die Maquiladora Industrie hat viel zur Entwicklung Mexikos beigetragen und ist insbesondere f\u00fcr den Handel mit den USA von gro\u00dfer Bedeutung.<\/p>\n<h2>Mexikanische Grenzst\u00e4dte im Vergleich zu Mexikanischen Bundesstaaten an der US-Grenze<\/h2>\n\n<h3>Dies sind die Grenzst\u00e4dte (von Westen nach Osten) mit Branchen, die am h\u00e4ufigsten von ausl\u00e4ndischen Herstellern als Maquiladora Standort gew\u00e4hlt werden:<\/h3>\n<ul>\n<li>Tijuana, im mexikanischen Baja California<\/li>\n<li>Mexicali, Baja California<\/li>\n<li>Nogales, im mexikanischen Sonora<\/li>\n<li>Ciudad Ju\u00e1rez, im mexikanischen Chihuahua<\/li>\n<li>Nuevo Laredo, im mexikanischen Tamaulipas<\/li>\n<li>Reynosa, Tamaulipas<\/li>\n<li>Matamoros, Tamaulipas<\/li>\n<\/ul>\n<h3>Dies sind die <strong>St\u00e4dte im Landesinneren eines Grenzbundesstaates<\/strong> (von Westen nach Osten) mit industrie Branchen, die am h\u00e4ufigsten als Standort gew\u00e4hlt werden:<\/h3>\n<ul>\n<li>Hermosillo, Sonora<\/li>\n<li>Guaymas\/Empalme, Sonora<\/li>\n<li>Chihuahua, Chihuahua<\/li>\n<li>Monterrey, Nuevo Le\u00f3n<\/li>\n<li>Saltillo, Coahuila<\/li>\n<li>Torre\u00f3n, Coahuila<\/li>\n<\/ul>\n<h3>Dies sind die Bundesstaaten im Landesinneren Mexikos mit Branchen, die am h\u00e4ufigsten als Standort gew\u00e4hlt werden:<\/h3>\n<ul>\n<li>Mexiko-Stadt (wo die Regierung ihren Sitz hat)<\/li>\n<li>Guanajuato<\/li>\n<li>Jalisco<\/li>\n<li>Quer\u00e9taro<\/li>\n<li>Puebla<\/li>\n<li>Bundesstaat Mexiko<\/li>\n<li>San Luis Potos\u00ed<\/li>\n<li>Aguascalientes<\/li>\n<\/ul>\n<h2>Zu ber\u00fccksichtigende Faktoren bei der Standortwahl von einem Unternehmen<\/h2>\n<p>Neben der Entscheidung f\u00fcr eine Region und eine Stadt m\u00fcssen bei der Gr\u00fcndung eines Betriebs auch die verschiedenen Standortfaktoren f\u00fcr die Produktion und Arbeiter ber\u00fccksichtigt werden. Bei der Maquiladora Standortwahl sollten die Vor- und Nachteile von Unternehmen in einer der drei allgemeinen Arten von Standorten bewertet werden: ein eigenes Geb\u00e4ude, ein Geb\u00e4ude in einem Industriepark oder ein Geb\u00e4ude in einer <b>Fertigungscommunity<\/b>, also einem Industriepark erg\u00e4nzt durch umfangreiche, integrierte Supportleistungen f\u00fcr die Fertigung und Entwicklung.<\/p>\n<p>Weitere Standortfaktoren, die ber\u00fccksichtigt werden sollten:<\/p>\n<ul>\n<li>Verf\u00fcgbarkeit, Qualifikationen, Geh\u00e4lter, Arbeiter, Fluktuation von Arbeitskr\u00e4ften sowie Wettbewerb<\/li>\n<li>N\u00e4he zu Hauptverkehrsstra\u00dfen, Grenz\u00fcberg\u00e4ngen, Flugh\u00e4fen, Seeh\u00e4fen und Schienenanbindungen<\/li>\n<li>N\u00e4he zur Lieferkette<\/li>\n<li>N\u00e4he zu den Kunden<\/li>\n<li>Verf\u00fcgbare Maschinen<\/li>\n<li>Stellung und Einfluss der Gewerkschaften\/Arbeitsrecht<\/li>\n<\/ul>\n<p>Alle oben genannten Faktoren sollten hinsichtlich Ihrer kurz- und langfristigen Auswirkungen auf Ihre Fertigungsziele in Mexiko in die Bewertung einflie\u00dfen und aktivieren.<\/p>\n\t\t<h3>Beginnen Sie jetzt mit der Entwicklung Ihrer Strategie f\u00fcr Mexiko.<\/h3>\n\t\t<p>Sprechen Sie mit einem Experten von Tetakawi und erfahren Sie, wie Ihr Unternehmen in Mexiko erfolgreich sein kann.<\/p>\n\t<a href=\"\/de\/kontakt\/\" target=\"_self\" role=\"button\" rel=\"noopener\">\n\t\t\t\t\tKontakt\n\t<\/a>\n<style>\n\t\t<\/style>\n\n<\/div><!-- .vgblk-rw-wrapper -->","protected":false},"excerpt":{"rendered":"<p>Weitere Informationen &#8211; Was sind Maquiladoras? Seit den fr\u00fchen 1970er-Jahren haben Hersteller aus dem Ausland Fertigungsbetriebe in Mexiko angesiedelt, bei denen der Gro\u00dfteil der Produktion f\u00fcr den Export, zum Beispiel in die USA,\u00a0 bestimmt ist. Diese mexikanische Fertigungsbetriebe werden meist als \u201eMaquiladoras&#8220; bezeichnet und sind Partner f\u00fcr internationale Unternehmen. Die Industrie des ausl\u00e4ndischen Auftraggebers fokussiert&#8230;<\/p>\n","protected":false},"author":2,"featured_media":0,"parent":22879,"menu_order":1,"comment_status":"closed","ping_status":"closed","template":"","meta":{"content-type":"","_monsterinsights_skip_tracking":false,"_monsterinsights_sitenote_active":false,"_monsterinsights_sitenote_note":"","_monsterinsights_sitenote_category":0},"yoast_head":"<!-- This site is optimized with the Yoast SEO Premium plugin v20.6 (Yoast SEO v20.6) - https:\/\/yoast.com\/wordpress\/plugins\/seo\/ -->\n<title>Maquiladora - Die Wahl des richtigen Fertigungsstandorts in Mexiko<\/title>\n<meta name=\"description\" content=\"Bei der Wahl eines erfolgreichen Fertigungsstandorts in Mexiko spielen die Faktoren Branche, Arbeitskr\u00e4fte und verf\u00fcgbare Infrastruktur eine wichtige Rolle.\" \/>\n<meta name=\"robots\" content=\"index, follow, max-snippet:-1, max-image-preview:large, max-video-preview:-1\" \/>\n<link rel=\"canonical\" href=\"https:\/\/tetakawi.com\/de\/fertigung-in-mexiko\/die-wahl-des-richtigen-fertigungsstandorts-in-mexiko\/\" \/>\n<meta property=\"og:locale\" content=\"de_DE\" \/>\n<meta property=\"og:type\" content=\"article\" \/>\n<meta property=\"og:title\" content=\"Maquiladora \u2013 Die Wahl des richtigen Fertigungsstandorts in Mexiko\" \/>\n<meta property=\"og:description\" content=\"Bei der Wahl eines erfolgreichen Fertigungsstandorts in Mexiko spielen die Faktoren Branche, Arbeitskr\u00e4fte und verf\u00fcgbare Infrastruktur eine wichtige Rolle.\" \/>\n<meta property=\"og:url\" content=\"https:\/\/tetakawi.com\/de\/fertigung-in-mexiko\/die-wahl-des-richtigen-fertigungsstandorts-in-mexiko\/\" \/>\n<meta property=\"og:site_name\" content=\"Tetakawi\" \/>\n<meta property=\"article:modified_time\" content=\"2023-03-21T23:24:45+00:00\" \/>\n<meta name=\"twitter:card\" content=\"summary_large_image\" \/>\n<meta name=\"twitter:label1\" content=\"Gesch\u00e4tzte Lesezeit\" \/>\n\t<meta name=\"twitter:data1\" content=\"3\u00a0Minuten\" \/>\n<script type=\"application\/ld+json\" class=\"yoast-schema-graph\">{\"@context\":\"https:\/\/schema.org\",\"@graph\":[{\"@type\":\"WebPage\",\"@id\":\"https:\/\/tetakawi.com\/de\/fertigung-in-mexiko\/die-wahl-des-richtigen-fertigungsstandorts-in-mexiko\/\",\"url\":\"https:\/\/tetakawi.com\/de\/fertigung-in-mexiko\/die-wahl-des-richtigen-fertigungsstandorts-in-mexiko\/\",\"name\":\"Maquiladora - Die Wahl des richtigen Fertigungsstandorts in Mexiko\",\"isPartOf\":{\"@id\":\"https:\/\/tetakawi.com\/#website\"},\"datePublished\":\"2019-07-10T17:10:27+00:00\",\"dateModified\":\"2023-03-21T23:24:45+00:00\",\"description\":\"Bei der Wahl eines erfolgreichen Fertigungsstandorts in Mexiko spielen die Faktoren Branche, Arbeitskr\u00e4fte und verf\u00fcgbare Infrastruktur eine wichtige Rolle.\",\"breadcrumb\":{\"@id\":\"https:\/\/tetakawi.com\/de\/fertigung-in-mexiko\/die-wahl-des-richtigen-fertigungsstandorts-in-mexiko\/#breadcrumb\"},\"inLanguage\":\"de\",\"potentialAction\":[{\"@type\":\"ReadAction\",\"target\":[\"https:\/\/tetakawi.com\/de\/fertigung-in-mexiko\/die-wahl-des-richtigen-fertigungsstandorts-in-mexiko\/\"]}]},{\"@type\":\"BreadcrumbList\",\"@id\":\"https:\/\/tetakawi.com\/de\/fertigung-in-mexiko\/die-wahl-des-richtigen-fertigungsstandorts-in-mexiko\/#breadcrumb\",\"itemListElement\":[{\"@type\":\"ListItem\",\"position\":1,\"name\":\"Home\",\"item\":\"https:\/\/tetakawi.com\/de\/\"},{\"@type\":\"ListItem\",\"position\":2,\"name\":\"Fertigung in Mexiko\",\"item\":\"https:\/\/tetakawi.com\/de\/fertigung-in-mexiko\/\"},{\"@type\":\"ListItem\",\"position\":3,\"name\":\"Maquiladora \u2013 Die Wahl des richtigen Fertigungsstandorts in Mexiko\"}]},{\"@type\":\"WebSite\",\"@id\":\"https:\/\/tetakawi.com\/#website\",\"url\":\"https:\/\/tetakawi.com\/\",\"name\":\"Tetakawi\",\"description\":\"\",\"publisher\":{\"@id\":\"https:\/\/tetakawi.com\/#organization\"},\"potentialAction\":[{\"@type\":\"SearchAction\",\"target\":{\"@type\":\"EntryPoint\",\"urlTemplate\":\"https:\/\/tetakawi.com\/?s={search_term_string}\"},\"query-input\":\"required name=search_term_string\"}],\"inLanguage\":\"de\"}]}<\/script>\n<!-- \/ Yoast SEO Premium plugin. -->","yoast_head_json":{"title":"Maquiladora - Die Wahl des richtigen Fertigungsstandorts in Mexiko","description":"Bei der Wahl eines erfolgreichen Fertigungsstandorts in Mexiko spielen die Faktoren Branche, Arbeitskr\u00e4fte und verf\u00fcgbare Infrastruktur eine wichtige Rolle.","robots":{"index":"index","follow":"follow","max-snippet":"max-snippet:-1","max-image-preview":"max-image-preview:large","max-video-preview":"max-video-preview:-1"},"canonical":"https:\/\/tetakawi.com\/de\/fertigung-in-mexiko\/die-wahl-des-richtigen-fertigungsstandorts-in-mexiko\/","og_locale":"de_DE","og_type":"article","og_title":"Maquiladora \u2013 Die Wahl des richtigen Fertigungsstandorts in Mexiko","og_description":"Bei der Wahl eines erfolgreichen Fertigungsstandorts in Mexiko spielen die Faktoren Branche, Arbeitskr\u00e4fte und verf\u00fcgbare Infrastruktur eine wichtige Rolle.","og_url":"https:\/\/tetakawi.com\/de\/fertigung-in-mexiko\/die-wahl-des-richtigen-fertigungsstandorts-in-mexiko\/","og_site_name":"Tetakawi","article_modified_time":"2023-03-21T23:24:45+00:00","twitter_card":"summary_large_image","twitter_misc":{"Gesch\u00e4tzte Lesezeit":"3\u00a0Minuten"},"schema":{"@context":"https:\/\/schema.org","@graph":[{"@type":"WebPage","@id":"https:\/\/tetakawi.com\/de\/fertigung-in-mexiko\/die-wahl-des-richtigen-fertigungsstandorts-in-mexiko\/","url":"https:\/\/tetakawi.com\/de\/fertigung-in-mexiko\/die-wahl-des-richtigen-fertigungsstandorts-in-mexiko\/","name":"Maquiladora - Die Wahl des richtigen Fertigungsstandorts in Mexiko","isPartOf":{"@id":"https:\/\/tetakawi.com\/#website"},"datePublished":"2019-07-10T17:10:27+00:00","dateModified":"2023-03-21T23:24:45+00:00","description":"Bei der Wahl eines erfolgreichen Fertigungsstandorts in Mexiko spielen die Faktoren Branche, Arbeitskr\u00e4fte und verf\u00fcgbare Infrastruktur eine wichtige Rolle.","breadcrumb":{"@id":"https:\/\/tetakawi.com\/de\/fertigung-in-mexiko\/die-wahl-des-richtigen-fertigungsstandorts-in-mexiko\/#breadcrumb"},"inLanguage":"de","potentialAction":[{"@type":"ReadAction","target":["https:\/\/tetakawi.com\/de\/fertigung-in-mexiko\/die-wahl-des-richtigen-fertigungsstandorts-in-mexiko\/"]}]},{"@type":"BreadcrumbList","@id":"https:\/\/tetakawi.com\/de\/fertigung-in-mexiko\/die-wahl-des-richtigen-fertigungsstandorts-in-mexiko\/#breadcrumb","itemListElement":[{"@type":"ListItem","position":1,"name":"Home","item":"https:\/\/tetakawi.com\/de\/"},{"@type":"ListItem","position":2,"name":"Fertigung in Mexiko","item":"https:\/\/tetakawi.com\/de\/fertigung-in-mexiko\/"},{"@type":"ListItem","position":3,"name":"Maquiladora \u2013 Die Wahl des richtigen Fertigungsstandorts in Mexiko"}]},{"@type":"WebSite","@id":"https:\/\/tetakawi.com\/#website","url":"https:\/\/tetakawi.com\/","name":"Tetakawi","description":"","publisher":{"@id":"https:\/\/tetakawi.com\/#organization"},"potentialAction":[{"@type":"SearchAction","target":{"@type":"EntryPoint","urlTemplate":"https:\/\/tetakawi.com\/?s={search_term_string}"},"query-input":"required name=search_term_string"}],"inLanguage":"de"}]}},"_links":{"self":[{"href":"https:\/\/tetakawi.com\/de\/wp-json\/wp\/v2\/pages\/23064"}],"collection":[{"href":"https:\/\/tetakawi.com\/de\/wp-json\/wp\/v2\/pages"}],"about":[{"href":"https:\/\/tetakawi.com\/de\/wp-json\/wp\/v2\/types\/page"}],"author":[{"embeddable":true,"href":"https:\/\/tetakawi.com\/de\/wp-json\/wp\/v2\/users\/2"}],"replies":[{"embeddable":true,"href":"https:\/\/tetakawi.com\/de\/wp-json\/wp\/v2\/comments?post=23064"}],"version-history":[{"count":5,"href":"https:\/\/tetakawi.com\/de\/wp-json\/wp\/v2\/pages\/23064\/revisions"}],"predecessor-version":[{"id":28416,"href":"https:\/\/tetakawi.com\/de\/wp-json\/wp\/v2\/pages\/23064\/revisions\/28416"}],"up":[{"embeddable":true,"href":"https:\/\/tetakawi.com\/de\/wp-json\/wp\/v2\/pages\/22879"}],"wp:attachment":[{"href":"https:\/\/tetakawi.com\/de\/wp-json\/wp\/v2\/media?parent=23064"}],"curies":[{"name":"wp","href":"https:\/\/api.w.org\/{rel}","templated":true}]}}