{"id":23027,"date":"2019-07-10T17:10:26","date_gmt":"2019-07-10T17:10:26","guid":{"rendered":"https:\/\/tetakawi.com\/fertigungscommunitys\/personalbeforderungsmanagement\/"},"modified":"2019-07-17T14:23:11","modified_gmt":"2019-07-17T14:23:11","slug":"personalbeforderungsmanagement","status":"publish","type":"page","link":"https:\/\/tetakawi.com\/de\/losung-finden\/fertigungscommunitys\/personalbeforderungsmanagement\/","title":{"rendered":"Personalbef\u00f6rderungsmanagement"},"content":{"rendered":"<div class=\"vgblk-rw-wrapper limit-wrapper\"><\/div><!-- .vgblk-rw-wrapper -->","protected":false},"excerpt":{"rendered":"","protected":false},"author":1,"featured_media":0,"parent":22514,"menu_order":0,"comment_status":"closed","ping_status":"closed","template":"","meta":{"content-type":"","_monsterinsights_skip_tracking":false,"_monsterinsights_sitenote_active":false,"_monsterinsights_sitenote_note":"","_monsterinsights_sitenote_category":0},"yoast_head":"<!-- This site is optimized with the Yoast SEO Premium plugin v20.6 (Yoast SEO v20.6) - https:\/\/yoast.com\/wordpress\/plugins\/seo\/ -->\n<title>Tetakawi | Bef\u00f6rderung zum und vom Arbeitsplatz an Fertigungsstandorten<\/title>\n<meta name=\"description\" content=\"Die effizienten Bef\u00f6rderungsleistungen von Tetakawi Workplace Transportation Management sorgen f\u00fcr die Bindung von Mitarbeitern und daf\u00fcr, dass diese stets p\u00fcnktlich bei der Arbeit sind.\" \/>\n<meta name=\"robots\" content=\"index, follow, max-snippet:-1, max-image-preview:large, max-video-preview:-1\" \/>\n<link rel=\"canonical\" href=\"https:\/\/tetakawi.com\/de\/losung-finden\/fertigungscommunitys\/personalbeforderungsmanagement\/\" \/>\n<meta property=\"og:locale\" content=\"de_DE\" \/>\n<meta property=\"og:type\" content=\"article\" \/>\n<meta property=\"og:title\" content=\"Personalbef\u00f6rderungsmanagement\" \/>\n<meta property=\"og:description\" content=\"Die effizienten Bef\u00f6rderungsleistungen von Tetakawi Workplace Transportation Management sorgen f\u00fcr die Bindung von Mitarbeitern und daf\u00fcr, dass diese stets p\u00fcnktlich bei der Arbeit sind.\" \/>\n<meta property=\"og:url\" content=\"https:\/\/tetakawi.com\/de\/losung-finden\/fertigungscommunitys\/personalbeforderungsmanagement\/\" \/>\n<meta property=\"og:site_name\" content=\"Tetakawi\" \/>\n<meta property=\"article:modified_time\" content=\"2019-07-17T14:23:11+00:00\" \/>\n<meta name=\"twitter:card\" content=\"summary_large_image\" \/>\n<script type=\"application\/ld+json\" class=\"yoast-schema-graph\">{\"@context\":\"https:\/\/schema.org\",\"@graph\":[{\"@type\":\"WebPage\",\"@id\":\"https:\/\/tetakawi.com\/de\/losung-finden\/fertigungscommunitys\/personalbeforderungsmanagement\/\",\"url\":\"https:\/\/tetakawi.com\/de\/losung-finden\/fertigungscommunitys\/personalbeforderungsmanagement\/\",\"name\":\"Tetakawi | Bef\u00f6rderung zum und vom Arbeitsplatz an Fertigungsstandorten\",\"isPartOf\":{\"@id\":\"https:\/\/tetakawi.com\/#website\"},\"datePublished\":\"2019-07-10T17:10:26+00:00\",\"dateModified\":\"2019-07-17T14:23:11+00:00\",\"description\":\"Die effizienten Bef\u00f6rderungsleistungen von Tetakawi Workplace Transportation Management sorgen f\u00fcr die Bindung von Mitarbeitern und daf\u00fcr, dass diese stets p\u00fcnktlich bei der Arbeit sind.\",\"breadcrumb\":{\"@id\":\"https:\/\/tetakawi.com\/de\/losung-finden\/fertigungscommunitys\/personalbeforderungsmanagement\/#breadcrumb\"},\"inLanguage\":\"de\",\"potentialAction\":[{\"@type\":\"ReadAction\",\"target\":[\"https:\/\/tetakawi.com\/de\/losung-finden\/fertigungscommunitys\/personalbeforderungsmanagement\/\"]}]},{\"@type\":\"BreadcrumbList\",\"@id\":\"https:\/\/tetakawi.com\/de\/losung-finden\/fertigungscommunitys\/personalbeforderungsmanagement\/#breadcrumb\",\"itemListElement\":[{\"@type\":\"ListItem\",\"position\":1,\"name\":\"Home\",\"item\":\"https:\/\/tetakawi.com\/de\/\"},{\"@type\":\"ListItem\",\"position\":2,\"name\":\"L\u00f6sung finden\",\"item\":\"https:\/\/tetakawi.com\/de\/losung-finden\/\"},{\"@type\":\"ListItem\",\"position\":3,\"name\":\"Fertigungscommunitys\",\"item\":\"https:\/\/tetakawi.com\/de\/losung-finden\/fertigungscommunitys\/\"},{\"@type\":\"ListItem\",\"position\":4,\"name\":\"Personalbef\u00f6rderungsmanagement\"}]},{\"@type\":\"WebSite\",\"@id\":\"https:\/\/tetakawi.com\/#website\",\"url\":\"https:\/\/tetakawi.com\/\",\"name\":\"Tetakawi\",\"description\":\"\",\"publisher\":{\"@id\":\"https:\/\/tetakawi.com\/#organization\"},\"potentialAction\":[{\"@type\":\"SearchAction\",\"target\":{\"@type\":\"EntryPoint\",\"urlTemplate\":\"https:\/\/tetakawi.com\/?s={search_term_string}\"},\"query-input\":\"required name=search_term_string\"}],\"inLanguage\":\"de\"}]}<\/script>\n<!-- \/ Yoast SEO Premium plugin. -->","yoast_head_json":{"title":"Tetakawi | Bef\u00f6rderung zum und vom Arbeitsplatz an Fertigungsstandorten","description":"Die effizienten Bef\u00f6rderungsleistungen von Tetakawi Workplace Transportation Management sorgen f\u00fcr die Bindung von Mitarbeitern und daf\u00fcr, dass diese stets p\u00fcnktlich bei der Arbeit sind.","robots":{"index":"index","follow":"follow","max-snippet":"max-snippet:-1","max-image-preview":"max-image-preview:large","max-video-preview":"max-video-preview:-1"},"canonical":"https:\/\/tetakawi.com\/de\/losung-finden\/fertigungscommunitys\/personalbeforderungsmanagement\/","og_locale":"de_DE","og_type":"article","og_title":"Personalbef\u00f6rderungsmanagement","og_description":"Die effizienten Bef\u00f6rderungsleistungen von Tetakawi Workplace Transportation Management sorgen f\u00fcr die Bindung von Mitarbeitern und daf\u00fcr, dass diese stets p\u00fcnktlich bei der Arbeit sind.","og_url":"https:\/\/tetakawi.com\/de\/losung-finden\/fertigungscommunitys\/personalbeforderungsmanagement\/","og_site_name":"Tetakawi","article_modified_time":"2019-07-17T14:23:11+00:00","twitter_card":"summary_large_image","schema":{"@context":"https:\/\/schema.org","@graph":[{"@type":"WebPage","@id":"https:\/\/tetakawi.com\/de\/losung-finden\/fertigungscommunitys\/personalbeforderungsmanagement\/","url":"https:\/\/tetakawi.com\/de\/losung-finden\/fertigungscommunitys\/personalbeforderungsmanagement\/","name":"Tetakawi | Bef\u00f6rderung zum und vom Arbeitsplatz an Fertigungsstandorten","isPartOf":{"@id":"https:\/\/tetakawi.com\/#website"},"datePublished":"2019-07-10T17:10:26+00:00","dateModified":"2019-07-17T14:23:11+00:00","description":"Die effizienten Bef\u00f6rderungsleistungen von Tetakawi Workplace Transportation Management sorgen f\u00fcr die Bindung von Mitarbeitern und daf\u00fcr, dass diese stets p\u00fcnktlich bei der Arbeit sind.","breadcrumb":{"@id":"https:\/\/tetakawi.com\/de\/losung-finden\/fertigungscommunitys\/personalbeforderungsmanagement\/#breadcrumb"},"inLanguage":"de","potentialAction":[{"@type":"ReadAction","target":["https:\/\/tetakawi.com\/de\/losung-finden\/fertigungscommunitys\/personalbeforderungsmanagement\/"]}]},{"@type":"BreadcrumbList","@id":"https:\/\/tetakawi.com\/de\/losung-finden\/fertigungscommunitys\/personalbeforderungsmanagement\/#breadcrumb","itemListElement":[{"@type":"ListItem","position":1,"name":"Home","item":"https:\/\/tetakawi.com\/de\/"},{"@type":"ListItem","position":2,"name":"L\u00f6sung finden","item":"https:\/\/tetakawi.com\/de\/losung-finden\/"},{"@type":"ListItem","position":3,"name":"Fertigungscommunitys","item":"https:\/\/tetakawi.com\/de\/losung-finden\/fertigungscommunitys\/"},{"@type":"ListItem","position":4,"name":"Personalbef\u00f6rderungsmanagement"}]},{"@type":"WebSite","@id":"https:\/\/tetakawi.com\/#website","url":"https:\/\/tetakawi.com\/","name":"Tetakawi","description":"","publisher":{"@id":"https:\/\/tetakawi.com\/#organization"},"potentialAction":[{"@type":"SearchAction","target":{"@type":"EntryPoint","urlTemplate":"https:\/\/tetakawi.com\/?s={search_term_string}"},"query-input":"required name=search_term_string"}],"inLanguage":"de"}]}},"_links":{"self":[{"href":"https:\/\/tetakawi.com\/de\/wp-json\/wp\/v2\/pages\/23027"}],"collection":[{"href":"https:\/\/tetakawi.com\/de\/wp-json\/wp\/v2\/pages"}],"about":[{"href":"https:\/\/tetakawi.com\/de\/wp-json\/wp\/v2\/types\/page"}],"author":[{"embeddable":true,"href":"https:\/\/tetakawi.com\/de\/wp-json\/wp\/v2\/users\/1"}],"replies":[{"embeddable":true,"href":"https:\/\/tetakawi.com\/de\/wp-json\/wp\/v2\/comments?post=23027"}],"version-history":[{"count":2,"href":"https:\/\/tetakawi.com\/de\/wp-json\/wp\/v2\/pages\/23027\/revisions"}],"predecessor-version":[{"id":24254,"href":"https:\/\/tetakawi.com\/de\/wp-json\/wp\/v2\/pages\/23027\/revisions\/24254"}],"up":[{"embeddable":true,"href":"https:\/\/tetakawi.com\/de\/wp-json\/wp\/v2\/pages\/22514"}],"wp:attachment":[{"href":"https:\/\/tetakawi.com\/de\/wp-json\/wp\/v2\/media?parent=23027"}],"curies":[{"name":"wp","href":"https:\/\/api.w.org\/{rel}","templated":true}]}}