{"id":23026,"date":"2019-07-10T17:10:26","date_gmt":"2019-07-10T17:10:26","guid":{"rendered":"https:\/\/tetakawi.com\/fertigungscommunitys\/abwicklung-von-gehaltszahlungen-und-zusatzleistungen\/"},"modified":"2023-03-28T22:24:47","modified_gmt":"2023-03-28T22:24:47","slug":"abwicklung-von-gehaltszahlungen-und-zusatzleistungen","status":"publish","type":"page","link":"https:\/\/tetakawi.com\/de\/losung-finden\/fertigungscommunitys\/abwicklung-von-gehaltszahlungen-und-zusatzleistungen\/","title":{"rendered":"Abwicklung von Gehaltszahlungen und Zusatzleistungen"},"content":{"rendered":"<div class=\"vgblk-rw-wrapper limit-wrapper\">\n\n\t<h3><b>Gehalt und Zusatzleistungen<\/b><b>\u00a0<\/b><\/h3>\n<p>Die Gr\u00fcndung einer Fabrik in Mexiko kann ein komplexer und komplizierter Prozess sein, vor allem wenn es um Gehalt und Zusatzleistungen geht. Um die lokalen Arbeitsgesetze einzuhalten und die besten Talente zu gewinnen, ist es wichtig, die Geh\u00e4lter und Leistungen zu kennen, die Sie Ihren Mitarbeitern bieten m\u00fcssen. Daf\u00fcr stehen wir von Tetakawi Ihnen zur Seite. Hier erfahren Sie, was Unternehmen \u00fcber die Bezahlung mexikanischer Arbeitnehmer wissen m\u00fcssen. Die Kenntnis der Lohn- und Gehaltsabrechnungsvorschriften und die Bereitstellung von Geh\u00e4ltern und Zusatzleistungen f\u00fcr Mitarbeiter ist ein wichtiger Bestandteil eines erfolgreichen Unternehmens in Mexiko.<\/p>\n<h3>Abwicklung von Gehaltszahlungen und Zusatzleistungen durch Tetakawi<\/h3>\n<p>Mit Tetakawi als Partner an Ihrer Seite k\u00f6nnen Sie sich darauf verlassen, dass Ihre Mitarbeiter korrekt, termingerecht und unter Einhaltung s\u00e4mtlicher Bestimmungen entlohnt werden. Unser Lohnbuchhaltungsteam ist bestens mit Bruttol\u00f6hnen, Zusatzleistungen und den in Mexiko gesetzlich vorgeschriebenen Abgaben vertraut, die w\u00e4hrend der Lohnbuchhaltung f\u00fcr Ihre Mitarbeiter ordnungsgem\u00e4\u00df berechnet und abgef\u00fchrt werden.<\/p>\n<p>Als eingetragener Arbeitgeber unserer Arbeitskr\u00e4fte in s\u00e4mtlichen Fertigungscommunitys stellen wir sicher, dass unser Lohnbuchhaltungsteam in Zusammenarbeit mit den Personalabteilungen an den Standorten unserer Auftraggeber w\u00f6chentlich die Gehaltsabrechnung f\u00fcr 24.000 Mitarbeiter koordiniert.<\/p>\n<h3><strong>Gehalt und Mindestlohn<\/strong><\/h3>\n<p>In Mexiko wird der Mindestlohn von der Bundesregierung zu Beginn eines jeden Jahres festgelegt. Die Arbeitgeber m\u00fcssen ihren Arbeitnehmern mindestens diesen Satz als Gehalt zahlen, der je nach geografischer Lage, Job und Branche variieren kann. Dar\u00fcber hinaus sind die Arbeitgeber verpflichtet, die Arbeitnehmer mindestens zweimal im Monat zu bezahlen &#8211; einmal am 15. eines jeden Monats und ein weiteres Mal am letzten Tag des Monats.\u00a0<\/p>\n<h3><strong>Zusatzleistungen der Unternehmen<\/strong><\/h3>\n<p>Tetakawi bietet auch zus\u00e4tzliche Dienstleistungen an, die speziell auf Ihr Unternehmen zugeschnitten sind, so dass Sie sicher sein k\u00f6nnen, dass Ihr Unternehmen alle relevanten Vorschriften einh\u00e4lt und Ihren Mitarbeitern dennoch hochwertige Leistungen zu wettbewerbsf\u00e4higen Preisen bietet. Dies erleichtert Ihnen die Einhaltung der lokalen Arbeitsgesetze, ohne dass Sie sich um l\u00e4stigen Papierkram oder manuelle Prozesse k\u00fcmmern m\u00fcssen. Wir k\u00fcmmern uns um die Erfassung der Daten f\u00fcr jeden Mitarbeiter und Job in Ihrem Unternehmen.<\/p>\n<h3>Einfaches Einstempeln und elektronische Gehaltsabrechnung<\/h3>\n<p>All unsere Standorte sind mit mitarbeiterfreundlichen Zeiterfassungsger\u00e4ten ausgestattet. Unser zuverl\u00e4ssiges elektronisches Lohnbuchhaltungssystem erfasst die Daten der Arbeitszeiten der Mitarbeiter in Echtzeit, sodass Anlagenmanager und die Personalabteilung geleistete Arbeits- und \u00dcberstunden sowie krankheits-, urlaubs- und feiertagsbedingte Abwesenheiten problemlos \u00fcberpr\u00fcfen und genehmigen k\u00f6nnen.<\/p>\n<p>&nbsp;<\/p>\n<h3>Gepr\u00fcfte, genaue Gehaltszahlung<\/h3>\n<p>Unser Lohnbuchhaltungsteam \u00fcberpr\u00fcft das Bruttogehalt ebenso wie die Zusatzleistungen und Abz\u00fcge sowie den Arbeitgeberanteil der vorgeschriebenen Abgaben. Als entscheidender Beitrag zur Mitarbeiterbindung werden die Zusatzleistungen deutlich erl\u00e4utert und die Mitarbeiter erhalten Unterst\u00fctzung bei der Inanspruchnahme von Eigenheimzulagen und Zusch\u00fcssen sowie bei der Rentenvorsorge.<\/p>\n<p>&nbsp;<\/p>\n<h3>Einfache Gehaltsauszahlung<\/h3>\n<p>S\u00e4mtliche Mitarbeiter erhalten Debit-Karten f\u00fcr ihre Gehaltskonten. Gehaltsschecks werden bei Bedarf direkt zur Verteilung an den Anlagenmanager gesendet.<\/p>\n<h3><strong>Zusatzleistungen<\/strong><\/h3>\n<p>In Mexiko sind die Arbeitgeber au\u00dferdem verpflichtet, ihren Arbeitnehmern bestimmte Zusatzleistungen zu gew\u00e4hren, z. B. Urlaub (12 Tage pro 12 Arbeitsmonate), Urlaubsgeld (doppelte Zeitverg\u00fctung f\u00fcr Arbeit an Feiertagen oder Sonntagen), Mahlzeiten oder Essensgutscheine, Krankenversicherungspr\u00e4mien, Sozialversicherungsbeitr\u00e4ge (die zwischen Arbeitnehmer und Arbeitgeber aufgeteilt werden), Pr\u00e4mien (z. B. Weihnachtsgeld) und \u00dcberstundenverg\u00fctung (150 Prozent des regul\u00e4ren Lohns). Wir haben mehr dazu<a href=\"https:\/\/insights.tetakawi.com\/de\/mexican-labor-law-primer-the-work-week-and-payroll-factors-in-mexico\"> hier<\/a> f\u00fcr Sie zusammengefasst.<\/p>\n<p>Neben dem regul\u00e4ren Gehalt sind Arbeitgeber gesetzlich verpflichtet, ihren mexikanischen Mitarbeitern bestimmte Zusatzleistungen wie Krankenversicherung, Mutterschaftsgeld, Urlaubstage und Abfindungen bei Beendigung des Arbeitsverh\u00e4ltnisses zu zahlen. Die Arbeitgeber sind au\u00dferdem verpflichtet, f\u00fcr jeden Arbeitnehmer einen Beitrag zur Sozialversicherung zu leisten, der auch die medizinische Versorgung und die Altersvorsorge umfasst. Wir von Tetakawi bieten diese zus\u00e4tzlichen Dienstleistungen an, damit Sie sich auf Ihr Gesch\u00e4ft konzentrieren k\u00f6nnen, w\u00e4hrend wir uns um administrative Aufgaben wie die Verwaltung von Sozialleistungspaketen und der Zusatzleistung f\u00fcr Mitarbeiter k\u00fcmmern.<\/p>\n<h3><strong>Bezahlung mexikanischer Arbeitskr\u00e4fte: Was Arbeitgeber wissen m\u00fcssen<\/strong><\/h3>\n<p>Wir von Tetakawi machen es Arbeitgebern leicht, sich in dieser komplexen Materie zurechtzufinden, indem wir unsere firmeneigenen L\u00f6sungen und unser Fachwissen \u00fcber die Einhaltung der mexikanischen Arbeitsgesetze nutzen. Unser umfassendes Dienstleistungsangebot stellt sicher, dass Hersteller ihre Fabriken problemlos einrichten k\u00f6nnen und sich darauf verlassen k\u00f6nnen, dass sie ihre Mitarbeiter korrekt und in \u00dcbereinstimmung mit den mexikanischen Arbeitsgesetzen bezahlen.<\/p>\n<p>\u00a0Wir sind darauf spezialisiert, Unternehmen bei der schnellen und effizienten Niederlassung in Mexiko zu unterst\u00fctzen und gleichzeitig die Einhaltung aller relevanten Vorschriften in Bezug auf Gehaltsanforderungen und andere notwendige Zusatzleistungen f\u00fcr Mitarbeiter wie Krankenversicherung, Altersvorsorge oder Urlaubstage zu gew\u00e4hrleisten. Mit dem Fachwissen von Tetakawi k\u00f6nnen Sie sicher sein, dass Sie Ihre mexikanischen Mitarbeiter p\u00fcnktlich und korrekt bezahlen.<\/p>\n<p>Wenden Sie sich noch heute an uns, wenn Sie Fragen haben oder weitere Informationen dar\u00fcber w\u00fcnschen, wie wir Ihnen bei der Verwaltung Ihrer Gehaltsabrechnung helfen k\u00f6nnen<\/p>\n\n<\/div><!-- .vgblk-rw-wrapper -->","protected":false},"excerpt":{"rendered":"<p>Gehalt und Zusatzleistungen\u00a0 Die Gr\u00fcndung einer Fabrik in Mexiko kann ein komplexer und komplizierter Prozess sein, vor allem wenn es um Gehalt und Zusatzleistungen geht. Um die lokalen Arbeitsgesetze einzuhalten und die besten Talente zu gewinnen, ist es wichtig, die Geh\u00e4lter und Leistungen zu kennen, die Sie Ihren Mitarbeitern bieten m\u00fcssen. Daf\u00fcr stehen wir von&#8230;<\/p>\n","protected":false},"author":1,"featured_media":0,"parent":22514,"menu_order":0,"comment_status":"closed","ping_status":"closed","template":"","meta":{"content-type":"","_monsterinsights_skip_tracking":false,"_monsterinsights_sitenote_active":false,"_monsterinsights_sitenote_note":"","_monsterinsights_sitenote_category":0},"yoast_head":"<!-- This site is optimized with the Yoast SEO Premium plugin v20.6 (Yoast SEO v20.6) - https:\/\/yoast.com\/wordpress\/plugins\/seo\/ -->\n<title>Tetakawi | Gehalt und Zusatzleistungen in den Fertigungscommunitys<\/title>\n<meta name=\"description\" content=\"Optimieren Sie in Zusammenarbeit mit den Spezialisten von Tetakawi die Gehaltszahlungen und Zusatzleistungen f\u00fcr Ihre Belegschaft in Mexiko.\" \/>\n<meta name=\"robots\" content=\"index, follow, max-snippet:-1, max-image-preview:large, max-video-preview:-1\" \/>\n<link rel=\"canonical\" href=\"https:\/\/tetakawi.com\/de\/losung-finden\/fertigungscommunitys\/abwicklung-von-gehaltszahlungen-und-zusatzleistungen\/\" \/>\n<meta property=\"og:locale\" content=\"de_DE\" \/>\n<meta property=\"og:type\" content=\"article\" \/>\n<meta property=\"og:title\" content=\"Abwicklung von Gehaltszahlungen und Zusatzleistungen\" \/>\n<meta property=\"og:description\" content=\"Optimieren Sie in Zusammenarbeit mit den Spezialisten von Tetakawi die Gehaltszahlungen und Zusatzleistungen f\u00fcr Ihre Belegschaft in Mexiko.\" \/>\n<meta property=\"og:url\" content=\"https:\/\/tetakawi.com\/de\/losung-finden\/fertigungscommunitys\/abwicklung-von-gehaltszahlungen-und-zusatzleistungen\/\" \/>\n<meta property=\"og:site_name\" content=\"Tetakawi\" \/>\n<meta property=\"article:modified_time\" content=\"2023-03-28T22:24:47+00:00\" \/>\n<meta name=\"twitter:card\" content=\"summary_large_image\" \/>\n<meta name=\"twitter:label1\" content=\"Gesch\u00e4tzte Lesezeit\" \/>\n\t<meta name=\"twitter:data1\" content=\"4\u00a0Minuten\" \/>\n<script type=\"application\/ld+json\" class=\"yoast-schema-graph\">{\"@context\":\"https:\/\/schema.org\",\"@graph\":[{\"@type\":\"WebPage\",\"@id\":\"https:\/\/tetakawi.com\/de\/losung-finden\/fertigungscommunitys\/abwicklung-von-gehaltszahlungen-und-zusatzleistungen\/\",\"url\":\"https:\/\/tetakawi.com\/de\/losung-finden\/fertigungscommunitys\/abwicklung-von-gehaltszahlungen-und-zusatzleistungen\/\",\"name\":\"Tetakawi | Gehalt und Zusatzleistungen in den Fertigungscommunitys\",\"isPartOf\":{\"@id\":\"https:\/\/tetakawi.com\/#website\"},\"datePublished\":\"2019-07-10T17:10:26+00:00\",\"dateModified\":\"2023-03-28T22:24:47+00:00\",\"description\":\"Optimieren Sie in Zusammenarbeit mit den Spezialisten von Tetakawi die Gehaltszahlungen und Zusatzleistungen f\u00fcr Ihre Belegschaft in Mexiko.\",\"breadcrumb\":{\"@id\":\"https:\/\/tetakawi.com\/de\/losung-finden\/fertigungscommunitys\/abwicklung-von-gehaltszahlungen-und-zusatzleistungen\/#breadcrumb\"},\"inLanguage\":\"de\",\"potentialAction\":[{\"@type\":\"ReadAction\",\"target\":[\"https:\/\/tetakawi.com\/de\/losung-finden\/fertigungscommunitys\/abwicklung-von-gehaltszahlungen-und-zusatzleistungen\/\"]}]},{\"@type\":\"BreadcrumbList\",\"@id\":\"https:\/\/tetakawi.com\/de\/losung-finden\/fertigungscommunitys\/abwicklung-von-gehaltszahlungen-und-zusatzleistungen\/#breadcrumb\",\"itemListElement\":[{\"@type\":\"ListItem\",\"position\":1,\"name\":\"Home\",\"item\":\"https:\/\/tetakawi.com\/de\/\"},{\"@type\":\"ListItem\",\"position\":2,\"name\":\"L\u00f6sung finden\",\"item\":\"https:\/\/tetakawi.com\/de\/losung-finden\/\"},{\"@type\":\"ListItem\",\"position\":3,\"name\":\"Fertigungscommunitys\",\"item\":\"https:\/\/tetakawi.com\/de\/losung-finden\/fertigungscommunitys\/\"},{\"@type\":\"ListItem\",\"position\":4,\"name\":\"Abwicklung von Gehaltszahlungen und Zusatzleistungen\"}]},{\"@type\":\"WebSite\",\"@id\":\"https:\/\/tetakawi.com\/#website\",\"url\":\"https:\/\/tetakawi.com\/\",\"name\":\"Tetakawi\",\"description\":\"\",\"publisher\":{\"@id\":\"https:\/\/tetakawi.com\/#organization\"},\"potentialAction\":[{\"@type\":\"SearchAction\",\"target\":{\"@type\":\"EntryPoint\",\"urlTemplate\":\"https:\/\/tetakawi.com\/?s={search_term_string}\"},\"query-input\":\"required name=search_term_string\"}],\"inLanguage\":\"de\"}]}<\/script>\n<!-- \/ Yoast SEO Premium plugin. -->","yoast_head_json":{"title":"Tetakawi | Gehalt und Zusatzleistungen in den Fertigungscommunitys","description":"Optimieren Sie in Zusammenarbeit mit den Spezialisten von Tetakawi die Gehaltszahlungen und Zusatzleistungen f\u00fcr Ihre Belegschaft in Mexiko.","robots":{"index":"index","follow":"follow","max-snippet":"max-snippet:-1","max-image-preview":"max-image-preview:large","max-video-preview":"max-video-preview:-1"},"canonical":"https:\/\/tetakawi.com\/de\/losung-finden\/fertigungscommunitys\/abwicklung-von-gehaltszahlungen-und-zusatzleistungen\/","og_locale":"de_DE","og_type":"article","og_title":"Abwicklung von Gehaltszahlungen und Zusatzleistungen","og_description":"Optimieren Sie in Zusammenarbeit mit den Spezialisten von Tetakawi die Gehaltszahlungen und Zusatzleistungen f\u00fcr Ihre Belegschaft in Mexiko.","og_url":"https:\/\/tetakawi.com\/de\/losung-finden\/fertigungscommunitys\/abwicklung-von-gehaltszahlungen-und-zusatzleistungen\/","og_site_name":"Tetakawi","article_modified_time":"2023-03-28T22:24:47+00:00","twitter_card":"summary_large_image","twitter_misc":{"Gesch\u00e4tzte Lesezeit":"4\u00a0Minuten"},"schema":{"@context":"https:\/\/schema.org","@graph":[{"@type":"WebPage","@id":"https:\/\/tetakawi.com\/de\/losung-finden\/fertigungscommunitys\/abwicklung-von-gehaltszahlungen-und-zusatzleistungen\/","url":"https:\/\/tetakawi.com\/de\/losung-finden\/fertigungscommunitys\/abwicklung-von-gehaltszahlungen-und-zusatzleistungen\/","name":"Tetakawi | Gehalt und Zusatzleistungen in den Fertigungscommunitys","isPartOf":{"@id":"https:\/\/tetakawi.com\/#website"},"datePublished":"2019-07-10T17:10:26+00:00","dateModified":"2023-03-28T22:24:47+00:00","description":"Optimieren Sie in Zusammenarbeit mit den Spezialisten von Tetakawi die Gehaltszahlungen und Zusatzleistungen f\u00fcr Ihre Belegschaft in Mexiko.","breadcrumb":{"@id":"https:\/\/tetakawi.com\/de\/losung-finden\/fertigungscommunitys\/abwicklung-von-gehaltszahlungen-und-zusatzleistungen\/#breadcrumb"},"inLanguage":"de","potentialAction":[{"@type":"ReadAction","target":["https:\/\/tetakawi.com\/de\/losung-finden\/fertigungscommunitys\/abwicklung-von-gehaltszahlungen-und-zusatzleistungen\/"]}]},{"@type":"BreadcrumbList","@id":"https:\/\/tetakawi.com\/de\/losung-finden\/fertigungscommunitys\/abwicklung-von-gehaltszahlungen-und-zusatzleistungen\/#breadcrumb","itemListElement":[{"@type":"ListItem","position":1,"name":"Home","item":"https:\/\/tetakawi.com\/de\/"},{"@type":"ListItem","position":2,"name":"L\u00f6sung finden","item":"https:\/\/tetakawi.com\/de\/losung-finden\/"},{"@type":"ListItem","position":3,"name":"Fertigungscommunitys","item":"https:\/\/tetakawi.com\/de\/losung-finden\/fertigungscommunitys\/"},{"@type":"ListItem","position":4,"name":"Abwicklung von Gehaltszahlungen und Zusatzleistungen"}]},{"@type":"WebSite","@id":"https:\/\/tetakawi.com\/#website","url":"https:\/\/tetakawi.com\/","name":"Tetakawi","description":"","publisher":{"@id":"https:\/\/tetakawi.com\/#organization"},"potentialAction":[{"@type":"SearchAction","target":{"@type":"EntryPoint","urlTemplate":"https:\/\/tetakawi.com\/?s={search_term_string}"},"query-input":"required name=search_term_string"}],"inLanguage":"de"}]}},"_links":{"self":[{"href":"https:\/\/tetakawi.com\/de\/wp-json\/wp\/v2\/pages\/23026"}],"collection":[{"href":"https:\/\/tetakawi.com\/de\/wp-json\/wp\/v2\/pages"}],"about":[{"href":"https:\/\/tetakawi.com\/de\/wp-json\/wp\/v2\/types\/page"}],"author":[{"embeddable":true,"href":"https:\/\/tetakawi.com\/de\/wp-json\/wp\/v2\/users\/1"}],"replies":[{"embeddable":true,"href":"https:\/\/tetakawi.com\/de\/wp-json\/wp\/v2\/comments?post=23026"}],"version-history":[{"count":5,"href":"https:\/\/tetakawi.com\/de\/wp-json\/wp\/v2\/pages\/23026\/revisions"}],"predecessor-version":[{"id":28426,"href":"https:\/\/tetakawi.com\/de\/wp-json\/wp\/v2\/pages\/23026\/revisions\/28426"}],"up":[{"embeddable":true,"href":"https:\/\/tetakawi.com\/de\/wp-json\/wp\/v2\/pages\/22514"}],"wp:attachment":[{"href":"https:\/\/tetakawi.com\/de\/wp-json\/wp\/v2\/media?parent=23026"}],"curies":[{"name":"wp","href":"https:\/\/api.w.org\/{rel}","templated":true}]}}