{"id":23024,"date":"2019-07-10T17:10:25","date_gmt":"2019-07-10T17:10:25","guid":{"rendered":"https:\/\/tetakawi.com\/neuigkeiten-insights-und-best-practices-fur-die-fertigung-in-mexiko\/rechner\/lohnkosten-mexiko\/"},"modified":"2023-03-28T22:23:34","modified_gmt":"2023-03-28T22:23:34","slug":"lohnkosten-mexiko","status":"publish","type":"page","link":"https:\/\/tetakawi.com\/de\/ressourcen\/rechner\/lohnkosten-mexiko\/","title":{"rendered":"Lohnkosten Mexiko"},"content":{"rendered":"<div class=\"vgblk-rw-wrapper limit-wrapper\">\n<h1>\n\tMexiko <b>Lohnkostenrechner<\/b> \n\t<\/h1>\n\t<p>Sie fragen sich, welche Kosten bei einer Produktion in Mexiko auf Ihr Unternehmen zukommen w\u00fcrden? Hier erhalten Sie Antworten.<\/p>\n<p>Verwenden Sie unseren Online-Rechner, um sofort die Lohnkosten in Mexiko zu sch\u00e4tzen. Sind Sie bereit?<\/p>\n\t\t\t\t<a href=\"\/de\/ressourcen\/rechner\/lohnkosten-mexiko\/#lohnkostenrechner\" target=\"_self\" itemprop=\"url\" title=\"arrow-down-white\" rel=\"noopener\">\n\t\t\t\t\t\t\t\t\t\t<img loading=\"lazy\" src=\"https:\/\/tetakawi.com\/wp-content\/uploads\/2021\/10\/arrow-down-white-1.png\" data-srcset=\"https:\/\/tetakawi.com\/wp-content\/uploads\/2021\/10\/arrow-down-white-1.png\" srcset=\"data:image\/svg+xml;utf8,&lt;svg%20xmlns=&quot;http:\/\/www.w3.org\/2000\/svg&quot;%20viewBox=&quot;0%200%2050%2051&quot;%20height=&quot;51px&quot;%20width=&quot;50px&quot;\/&gt;\" alt=\"arrow-down-white\" itemprop=\"image\" height=\"51\" width=\"50\" data-link-type=\"url\" title=\"arrow-down-white\" onerror=\"this.style.display='none'\" \/>\t\t\t\t\t\t<\/a>\n<h2>\n\tWie funktioniert der Rechner?\n\t<\/h2>\n\t<h3><strong>Schritt 1:<\/strong><\/h3>\n<p>Kontaktinformationen angeben<\/p>\n\t\t\t\t\t\t\t\t\t\t<img loading=\"lazy\" src=\"https:\/\/tetakawi.com\/wp-content\/uploads\/2020\/08\/Tetakawi-_-Payroll-Cost-Calculator-For-Manufacturing-In-Mexico.gif\" data-srcset=\"https:\/\/tetakawi.com\/wp-content\/uploads\/2020\/08\/Tetakawi-_-Payroll-Cost-Calculator-For-Manufacturing-In-Mexico.gif\" srcset=\"data:image\/svg+xml;utf8,&lt;svg%20xmlns=&quot;http:\/\/www.w3.org\/2000\/svg&quot;%20viewBox=&quot;0%200%201434%201306&quot;%20height=&quot;1306px&quot;%20width=&quot;1434px&quot;\/&gt;\" alt=\"Tetakawi-_-Payroll-Cost-Calculator-For-Manufacturing-In-Mexico\" itemprop=\"image\" height=\"1306\" width=\"1434\" title=\"Tetakawi-_-Payroll-Cost-Calculator-For-Manufacturing-In-Mexico\" onerror=\"this.style.display='none'\"  sizes=\"(max-width: 768px) 100vw, 100vw\"\/>\t\t\t\t\t\t\t\n\t\t\t\t<a href=\"\/de\/ressourcen\/rechner\/lohnkosten-mexiko\/#lohnkostenrechner\" target=\"_self\" itemprop=\"url\" title=\"arrow-down-blue\" rel=\"noopener\">\n\t\t\t\t\t\t\t\t\t\t<img loading=\"lazy\" src=\"https:\/\/tetakawi.com\/wp-content\/uploads\/2021\/10\/arrow-down-blue-1.png\" data-srcset=\"https:\/\/tetakawi.com\/wp-content\/uploads\/2021\/10\/arrow-down-blue-1.png\" srcset=\"data:image\/svg+xml;utf8,&lt;svg%20xmlns=&quot;http:\/\/www.w3.org\/2000\/svg&quot;%20viewBox=&quot;0%200%2050%2051&quot;%20height=&quot;51px&quot;%20width=&quot;50px&quot;\/&gt;\" alt=\"arrow-down-blue\" itemprop=\"image\" height=\"51\" width=\"50\" data-link-type=\"url\" title=\"arrow-down-blue\" onerror=\"this.style.display='none'\" \/>\t\t\t\t\t\t<\/a>\n\t\t\t\t\t\t\t\t\t\t<img loading=\"lazy\" src=\"https:\/\/tetakawi.com\/wp-content\/uploads\/2020\/08\/step2.gif\" data-srcset=\"https:\/\/tetakawi.com\/wp-content\/uploads\/2020\/08\/step2.gif\" srcset=\"data:image\/svg+xml;utf8,&lt;svg%20xmlns=&quot;http:\/\/www.w3.org\/2000\/svg&quot;%20viewBox=&quot;0%200%201054%20500&quot;%20height=&quot;500px&quot;%20width=&quot;1054px&quot;\/&gt;\" alt=\"step2\" itemprop=\"image\" height=\"500\" width=\"1054\" title=\"step2\" onerror=\"this.style.display='none'\"  sizes=\"(max-width: 768px) 100vw, 100vw\"\/>\t\t\t\t\t\t\t\n\t<h3><strong>Schritt 2:<\/strong><\/h3>\n<p>Geben Sie einen Wechselkurs ein und w\u00e4hlen Sie Ihren Personalbestand f\u00fcr verschiedene Positionen aus.<\/p>\n\t\t\t\t<a href=\"\/de\/ressourcen\/rechner\/lohnkosten-mexiko\/#lohnkostenrechner\" target=\"_self\" itemprop=\"url\" title=\"arrow-down-blue\" rel=\"noopener\">\n\t\t\t\t\t\t\t\t\t\t<img loading=\"lazy\" src=\"https:\/\/tetakawi.com\/wp-content\/uploads\/2021\/10\/arrow-down-blue-1.png\" data-srcset=\"https:\/\/tetakawi.com\/wp-content\/uploads\/2021\/10\/arrow-down-blue-1.png\" srcset=\"data:image\/svg+xml;utf8,&lt;svg%20xmlns=&quot;http:\/\/www.w3.org\/2000\/svg&quot;%20viewBox=&quot;0%200%2050%2051&quot;%20height=&quot;51px&quot;%20width=&quot;50px&quot;\/&gt;\" alt=\"arrow-down-blue\" itemprop=\"image\" height=\"51\" width=\"50\" data-link-type=\"url\" title=\"arrow-down-blue\" onerror=\"this.style.display='none'\" \/>\t\t\t\t\t\t<\/a>\n\t<h3><strong>Schritt 3:\u2028<\/strong><\/h3>\n<p>Ergebnisse ansehen!<\/p>\n\t\t\t\t\t\t\t\t\t\t<img loading=\"lazy\" src=\"https:\/\/tetakawi.com\/wp-content\/uploads\/2020\/08\/Screen-Shot-2020-08-31-at-10.16.35-AM.png\" alt=\"Screen Shot 2020-08-31 at 10.16.35 AM\" itemprop=\"image\" height=\"1608\" width=\"3224\" title=\"Screen Shot 2020-08-31 at 10.16.35 AM\" onerror=\"this.style.display='none'\"  sizes=\"(max-width: 768px) 100vw, 100vw\" srcset=\"data:image\/svg+xml;utf8,&lt;svg%20xmlns=&quot;http:\/\/www.w3.org\/2000\/svg&quot;%20viewBox=&quot;0%200%203224%201608&quot;%20height=&quot;1608px&quot;%20width=&quot;3224px&quot;\/&gt;\" data-srcset=\"https:\/\/tetakawi.com\/wp-content\/uploads\/2020\/08\/Screen-Shot-2020-08-31-at-10.16.35-AM.png 3224w, https:\/\/tetakawi.com\/wp-content\/uploads\/2020\/08\/Screen-Shot-2020-08-31-at-10.16.35-AM-300x150.png 300w, https:\/\/tetakawi.com\/wp-content\/uploads\/2020\/08\/Screen-Shot-2020-08-31-at-10.16.35-AM-1024x511.png 1024w, https:\/\/tetakawi.com\/wp-content\/uploads\/2020\/08\/Screen-Shot-2020-08-31-at-10.16.35-AM-768x383.png 768w, https:\/\/tetakawi.com\/wp-content\/uploads\/2020\/08\/Screen-Shot-2020-08-31-at-10.16.35-AM-1536x766.png 1536w, https:\/\/tetakawi.com\/wp-content\/uploads\/2020\/08\/Screen-Shot-2020-08-31-at-10.16.35-AM-2048x1021.png 2048w, https:\/\/tetakawi.com\/wp-content\/uploads\/2020\/08\/Screen-Shot-2020-08-31-at-10.16.35-AM-1260x628.png 1260w, https:\/\/tetakawi.com\/wp-content\/uploads\/2020\/08\/Screen-Shot-2020-08-31-at-10.16.35-AM-630x314.png 630w, https:\/\/tetakawi.com\/wp-content\/uploads\/2020\/08\/Screen-Shot-2020-08-31-at-10.16.35-AM-420x209.png 420w, https:\/\/tetakawi.com\/wp-content\/uploads\/2020\/08\/Screen-Shot-2020-08-31-at-10.16.35-AM-840x419.png 840w, https:\/\/tetakawi.com\/wp-content\/uploads\/2020\/08\/Screen-Shot-2020-08-31-at-10.16.35-AM-315x157.png 315w\" \/>\t\t\t\t\t\t\t\n<h2>\n\tJetzt sind Sie an der Reihe!\n\t<\/h2>\n\t\t\t\t<a href=\"\/de\/ressourcen\/rechner\/lohnkosten-mexiko\/#lohnkostenrechner\" target=\"_self\" itemprop=\"url\" title=\"arrow-down-blue\" rel=\"noopener\">\n\t\t\t\t\t\t\t\t\t\t<img loading=\"lazy\" src=\"https:\/\/tetakawi.com\/wp-content\/uploads\/2021\/10\/arrow-down-blue-1.png\" data-srcset=\"https:\/\/tetakawi.com\/wp-content\/uploads\/2021\/10\/arrow-down-blue-1.png\" srcset=\"data:image\/svg+xml;utf8,&lt;svg%20xmlns=&quot;http:\/\/www.w3.org\/2000\/svg&quot;%20viewBox=&quot;0%200%2050%2051&quot;%20height=&quot;51px&quot;%20width=&quot;50px&quot;\/&gt;\" alt=\"arrow-down-blue\" itemprop=\"image\" height=\"51\" width=\"50\" data-link-type=\"url\" title=\"arrow-down-blue\" onerror=\"this.style.display='none'\" \/>\t\t\t\t\t\t<\/a>\n\t<h2><strong>Lohnkostenrechner<\/strong><\/h2>\n<p>\u00a0<\/p>\n<p>Ziehen Sie in Erw\u00e4gung, Ihre Produktion nach Mexiko zu verlagern? Wenn ja, sind die Arbeitskosten einer der wichtigsten Faktoren, die Sie dabei ber\u00fccksichtigen m\u00fcssen. Zum Gl\u00fcck gibt es einen praktischen Online-Rechner, mit dem Sie diese Kosten absch\u00e4tzen k\u00f6nnen, der auch Lohnnebenkosten ber\u00fccksichtigt.\u00a0<\/p>\n<p>Der Lohnkostenrechner von Tetakawi ist der ultimative Lohnkostenrechner f\u00fcr Arbeitgeber, die in Mexiko t\u00e4tig sind. Er hilft Ihnen, die Lohnkosten f\u00fcr Ihre Mitarbeiter schnell zu ermitteln und erleichtert Ihnen die Genehmigung von Lohnabz\u00fcgen. Mit diesem Tool behalten Sie den \u00dcberblick \u00fcber Ihre Lohn- und Gehaltskosten. Dank der benutzerfreundlichen Oberfl\u00e4che k\u00f6nnen Sie Ihre Lohn- und Gehaltsabrechnungsdaten sicher eingeben, so dass die Vertraulichkeit Ihrer Lohn- und Gehaltsabrechnungsdaten gew\u00e4hrleistet ist. Wir bei Tetakawi halten uns an die strengen Sicherheits- und Datenschutzstandards, die in unserer Datenschutzerkl\u00e4rung mit Ihrer Einwilligung beschrieben sind.<\/p>\n<h2><strong>Wie Sie Ihre Lohnkosten in Mexiko anzeigen k\u00f6nnen<\/strong><\/h2>\n<p>F\u00fcr Arbeitgeber, die ein berechtigtes Interesse an Arbeitskr\u00e4ften aus Mexiko haben, kann die Berechnung ihrer Arbeitskosten kompliziert erscheinen. Doch mit dem richtigen Wissen und Tools wird die Berechnung der Arbeitskosten viel einfacher. Dabei sind eine Reihe von Lohnnebenkosten zu ber\u00fccksichtigen, wie z. B. die Beitr\u00e4ge der Arbeitgeberverb\u00e4nde, Verpflegungs- und Unterkunftskosten sowie die Arbeitgeberbeitr\u00e4ge zur Lohnsteuer. Hier kommt unser Lohnkostenrechner ins Spiel, der all das f\u00fcr Sie \u00fcbernimmt. Sie k\u00f6nnen sich mit wenigen Klicks die\u00a0 zu erwartenden Lohnkosten anzeigen lassen.<\/p>\n<h2><strong>Lohnnebenkosten in Mexiko<\/strong><\/h2>\n<p>Die Arbeit in Mexiko ist mit vielen Verg\u00fcnstigungen verbunden, wie z. B. Krankenversicherung, \u00dcberstunden und \u00c4hnliches. Wenn es um Zusatzleistungen geht, die direkt vom Arbeitgeber angeboten werden, schreibt das mexikanische Arbeitsrecht vor, dass dieser die Sozialversicherung f\u00fcr den Arbeitnehmer und seine Angeh\u00f6rigen sowie eine Krankenversicherung f\u00fcr Vollzeitbesch\u00e4ftigte bereitstellen muss. Die H\u00f6he des Anteils, den die Arbeitnehmer zur Sozialversicherung beitragen m\u00fcssen, h\u00e4ngt von ihrem Gehalt ab, w\u00e4hrend die Krankenversicherungspolicen in der Regel einen bestimmten Prozentsatz abdecken. Die H\u00f6he der Lohnnebenkosten berechnen wir f\u00fcr Sie.<\/p>\n<h2><strong>Krankenversicherung<\/strong><\/h2>\n<p>Die Krankenversicherung ist ein wichtiger Bestandteil des Pakets eines Arbeitnehmers, und m\u00f6gliche Lohnnebenkosten sollten immer ber\u00fccksichtigt werden. Je nach Gr\u00f6\u00dfe des Unternehmens \u00fcbernimmt der Arbeitgeber einen bestimmten Betrag oder Prozent des Krankenversicherungsschutzes f\u00fcr seine Mitarbeiter. Die Krankenversicherung kann dazu beitragen, Mitarbeiter zu sch\u00fctzen und Arbeitgeber sollten die Gew\u00e4hrung von Versicherungsleistungen f\u00fcr ihre Mitarbeiter als Anreiz betrachten, um gute Talente anzuziehen und zu halten. Die Gewissheit, dass sie im Rahmen ihrer Arbeit krankenversichert sind, kann auch dazu beitragen, das Stressniveau der Mitarbeiter zu senken. In unserem Lohnkostenrechner sind diese Ausgaben ber\u00fccksichtigt und Sie sehen direkt wo Sie sparen k\u00f6nnen.<\/p>\n<p>&nbsp;<\/p>\n<h2><b>Lohnnebenkosten Informationen mit dem Lohnkostenrechner anzeigen lassen<\/b><\/h2>\n<p>Zusammenfassend l\u00e4sst sich sagen, dass der Arbeitskostenrechner Mexiko ein unsch\u00e4tzbares Hilfsmittel f\u00fcr die Planung und Budgetierung der Produktion in Mexiko ist. Er ist nicht nur einfach zu bedienen, sondern bietet auch umfassende Informationen zu den Standardarbeitskosten, die bei der Produktion in Mexiko anfallen. Dazu geh\u00f6ren Sozial- und Krankenversicherungsleistungen, Urlaubstage und Pr\u00e4mien, die je nach Land unterschiedlich sind. Au\u00dferdem handelt es sich um eine wirtschaftliche L\u00f6sung, die Ihren Betrieb auf lange Sicht kosteneffizienter macht.<\/p>\n<p>Worauf warten Sie also noch? Sind Sie bereit, Ihre Personalkosten f\u00fcr die Fertigung in Mexiko zu berechnen? Starten Sie jetzt mit dem Lohnkostenrechner Mexiko und finden Sie alle n\u00f6tigen Informationen.<\/p>\n\n<\/div><!-- .vgblk-rw-wrapper -->","protected":false},"excerpt":{"rendered":"<p>Mexiko Lohnkostenrechner Sie fragen sich, welche Kosten bei einer Produktion in Mexiko auf Ihr Unternehmen zukommen w\u00fcrden? Hier erhalten Sie Antworten. Verwenden Sie unseren Online-Rechner, um sofort die Lohnkosten in Mexiko zu sch\u00e4tzen. Sind Sie bereit? Wie funktioniert der Rechner? Schritt 1: Kontaktinformationen angeben Schritt 2: Geben Sie einen Wechselkurs ein und w\u00e4hlen Sie Ihren&#8230;<\/p>\n","protected":false},"author":1,"featured_media":0,"parent":22883,"menu_order":0,"comment_status":"closed","ping_status":"closed","template":"","meta":{"content-type":"","_monsterinsights_skip_tracking":false,"_monsterinsights_sitenote_active":false,"_monsterinsights_sitenote_note":"","_monsterinsights_sitenote_category":0},"yoast_head":"<!-- This site is optimized with the Yoast SEO Premium plugin v20.6 (Yoast SEO v20.6) - https:\/\/yoast.com\/wordpress\/plugins\/seo\/ -->\n<title>Tetakawi | Lohnkostenrechner f\u00fcr die Fertigung in Mexiko<\/title>\n<meta name=\"description\" content=\"Berechnen Sie die Lohnkosten f\u00fcr die Fertigung in Mexiko und informieren Sie sich \u00fcber die grundlegenden finanziellen Voraussetzungen.\" \/>\n<meta name=\"robots\" content=\"index, follow, max-snippet:-1, max-image-preview:large, max-video-preview:-1\" \/>\n<link rel=\"canonical\" href=\"https:\/\/tetakawi.com\/de\/ressourcen\/rechner\/lohnkosten-mexiko\/\" \/>\n<meta property=\"og:locale\" content=\"de_DE\" \/>\n<meta property=\"og:type\" content=\"article\" \/>\n<meta property=\"og:title\" content=\"Lohnkosten Mexiko\" \/>\n<meta property=\"og:description\" content=\"Berechnen Sie die Lohnkosten f\u00fcr die Fertigung in Mexiko und informieren Sie sich \u00fcber die grundlegenden finanziellen Voraussetzungen.\" \/>\n<meta property=\"og:url\" content=\"https:\/\/tetakawi.com\/de\/ressourcen\/rechner\/lohnkosten-mexiko\/\" \/>\n<meta property=\"og:site_name\" content=\"Tetakawi\" \/>\n<meta property=\"article:modified_time\" content=\"2023-03-28T22:23:34+00:00\" \/>\n<meta property=\"og:image\" content=\"https:\/\/tetakawi.com\/wp-content\/uploads\/2021\/10\/arrow-down-white-1.png\" \/>\n<meta name=\"twitter:card\" content=\"summary_large_image\" \/>\n<meta name=\"twitter:label1\" content=\"Gesch\u00e4tzte Lesezeit\" \/>\n\t<meta name=\"twitter:data1\" content=\"3\u00a0Minuten\" \/>\n<script type=\"application\/ld+json\" class=\"yoast-schema-graph\">{\"@context\":\"https:\/\/schema.org\",\"@graph\":[{\"@type\":\"WebPage\",\"@id\":\"https:\/\/tetakawi.com\/de\/ressourcen\/rechner\/lohnkosten-mexiko\/\",\"url\":\"https:\/\/tetakawi.com\/de\/ressourcen\/rechner\/lohnkosten-mexiko\/\",\"name\":\"Tetakawi | Lohnkostenrechner f\u00fcr die Fertigung in Mexiko\",\"isPartOf\":{\"@id\":\"https:\/\/tetakawi.com\/#website\"},\"datePublished\":\"2019-07-10T17:10:25+00:00\",\"dateModified\":\"2023-03-28T22:23:34+00:00\",\"description\":\"Berechnen Sie die Lohnkosten f\u00fcr die Fertigung in Mexiko und informieren Sie sich \u00fcber die grundlegenden finanziellen Voraussetzungen.\",\"breadcrumb\":{\"@id\":\"https:\/\/tetakawi.com\/de\/ressourcen\/rechner\/lohnkosten-mexiko\/#breadcrumb\"},\"inLanguage\":\"de\",\"potentialAction\":[{\"@type\":\"ReadAction\",\"target\":[\"https:\/\/tetakawi.com\/de\/ressourcen\/rechner\/lohnkosten-mexiko\/\"]}]},{\"@type\":\"BreadcrumbList\",\"@id\":\"https:\/\/tetakawi.com\/de\/ressourcen\/rechner\/lohnkosten-mexiko\/#breadcrumb\",\"itemListElement\":[{\"@type\":\"ListItem\",\"position\":1,\"name\":\"Home\",\"item\":\"https:\/\/tetakawi.com\/de\/\"},{\"@type\":\"ListItem\",\"position\":2,\"name\":\"Ressourcen\",\"item\":\"https:\/\/tetakawi.com\/de\/ressourcen\/\"},{\"@type\":\"ListItem\",\"position\":3,\"name\":\"Rechner\",\"item\":\"https:\/\/tetakawi.com\/de\/ressourcen\/rechner\/\"},{\"@type\":\"ListItem\",\"position\":4,\"name\":\"Lohnkosten Mexiko\"}]},{\"@type\":\"WebSite\",\"@id\":\"https:\/\/tetakawi.com\/#website\",\"url\":\"https:\/\/tetakawi.com\/\",\"name\":\"Tetakawi\",\"description\":\"\",\"publisher\":{\"@id\":\"https:\/\/tetakawi.com\/#organization\"},\"potentialAction\":[{\"@type\":\"SearchAction\",\"target\":{\"@type\":\"EntryPoint\",\"urlTemplate\":\"https:\/\/tetakawi.com\/?s={search_term_string}\"},\"query-input\":\"required name=search_term_string\"}],\"inLanguage\":\"de\"}]}<\/script>\n<!-- \/ Yoast SEO Premium plugin. -->","yoast_head_json":{"title":"Tetakawi | Lohnkostenrechner f\u00fcr die Fertigung in Mexiko","description":"Berechnen Sie die Lohnkosten f\u00fcr die Fertigung in Mexiko und informieren Sie sich \u00fcber die grundlegenden finanziellen Voraussetzungen.","robots":{"index":"index","follow":"follow","max-snippet":"max-snippet:-1","max-image-preview":"max-image-preview:large","max-video-preview":"max-video-preview:-1"},"canonical":"https:\/\/tetakawi.com\/de\/ressourcen\/rechner\/lohnkosten-mexiko\/","og_locale":"de_DE","og_type":"article","og_title":"Lohnkosten Mexiko","og_description":"Berechnen Sie die Lohnkosten f\u00fcr die Fertigung in Mexiko und informieren Sie sich \u00fcber die grundlegenden finanziellen Voraussetzungen.","og_url":"https:\/\/tetakawi.com\/de\/ressourcen\/rechner\/lohnkosten-mexiko\/","og_site_name":"Tetakawi","article_modified_time":"2023-03-28T22:23:34+00:00","og_image":[{"url":"https:\/\/tetakawi.com\/wp-content\/uploads\/2021\/10\/arrow-down-white-1.png"}],"twitter_card":"summary_large_image","twitter_misc":{"Gesch\u00e4tzte Lesezeit":"3\u00a0Minuten"},"schema":{"@context":"https:\/\/schema.org","@graph":[{"@type":"WebPage","@id":"https:\/\/tetakawi.com\/de\/ressourcen\/rechner\/lohnkosten-mexiko\/","url":"https:\/\/tetakawi.com\/de\/ressourcen\/rechner\/lohnkosten-mexiko\/","name":"Tetakawi | Lohnkostenrechner f\u00fcr die Fertigung in Mexiko","isPartOf":{"@id":"https:\/\/tetakawi.com\/#website"},"datePublished":"2019-07-10T17:10:25+00:00","dateModified":"2023-03-28T22:23:34+00:00","description":"Berechnen Sie die Lohnkosten f\u00fcr die Fertigung in Mexiko und informieren Sie sich \u00fcber die grundlegenden finanziellen Voraussetzungen.","breadcrumb":{"@id":"https:\/\/tetakawi.com\/de\/ressourcen\/rechner\/lohnkosten-mexiko\/#breadcrumb"},"inLanguage":"de","potentialAction":[{"@type":"ReadAction","target":["https:\/\/tetakawi.com\/de\/ressourcen\/rechner\/lohnkosten-mexiko\/"]}]},{"@type":"BreadcrumbList","@id":"https:\/\/tetakawi.com\/de\/ressourcen\/rechner\/lohnkosten-mexiko\/#breadcrumb","itemListElement":[{"@type":"ListItem","position":1,"name":"Home","item":"https:\/\/tetakawi.com\/de\/"},{"@type":"ListItem","position":2,"name":"Ressourcen","item":"https:\/\/tetakawi.com\/de\/ressourcen\/"},{"@type":"ListItem","position":3,"name":"Rechner","item":"https:\/\/tetakawi.com\/de\/ressourcen\/rechner\/"},{"@type":"ListItem","position":4,"name":"Lohnkosten Mexiko"}]},{"@type":"WebSite","@id":"https:\/\/tetakawi.com\/#website","url":"https:\/\/tetakawi.com\/","name":"Tetakawi","description":"","publisher":{"@id":"https:\/\/tetakawi.com\/#organization"},"potentialAction":[{"@type":"SearchAction","target":{"@type":"EntryPoint","urlTemplate":"https:\/\/tetakawi.com\/?s={search_term_string}"},"query-input":"required name=search_term_string"}],"inLanguage":"de"}]}},"_links":{"self":[{"href":"https:\/\/tetakawi.com\/de\/wp-json\/wp\/v2\/pages\/23024"}],"collection":[{"href":"https:\/\/tetakawi.com\/de\/wp-json\/wp\/v2\/pages"}],"about":[{"href":"https:\/\/tetakawi.com\/de\/wp-json\/wp\/v2\/types\/page"}],"author":[{"embeddable":true,"href":"https:\/\/tetakawi.com\/de\/wp-json\/wp\/v2\/users\/1"}],"replies":[{"embeddable":true,"href":"https:\/\/tetakawi.com\/de\/wp-json\/wp\/v2\/comments?post=23024"}],"version-history":[{"count":5,"href":"https:\/\/tetakawi.com\/de\/wp-json\/wp\/v2\/pages\/23024\/revisions"}],"predecessor-version":[{"id":28425,"href":"https:\/\/tetakawi.com\/de\/wp-json\/wp\/v2\/pages\/23024\/revisions\/28425"}],"up":[{"embeddable":true,"href":"https:\/\/tetakawi.com\/de\/wp-json\/wp\/v2\/pages\/22883"}],"wp:attachment":[{"href":"https:\/\/tetakawi.com\/de\/wp-json\/wp\/v2\/media?parent=23024"}],"curies":[{"name":"wp","href":"https:\/\/api.w.org\/{rel}","templated":true}]}}