{"id":23017,"date":"2019-07-10T17:10:24","date_gmt":"2019-07-10T17:10:24","guid":{"rendered":"https:\/\/tetakawi.com\/fertigungscommunitys\/tetakawi-bella-vista\/"},"modified":"2020-04-01T00:19:33","modified_gmt":"2020-04-01T00:19:33","slug":"tetakawi-bella-vista","status":"publish","type":"page","link":"https:\/\/tetakawi.com\/de\/losung-finden\/fertigungscommunitys\/tetakawi-bella-vista\/","title":{"rendered":"Tetakawi-Bella Vista"},"content":{"rendered":"<div class=\"vgblk-rw-wrapper limit-wrapper\"><h1>\n\tFertigungscommunity Bella Vista\n\t<\/h1>\n\t<style>.page-header-line {\n    display: block;\n    width: 60px;\n    height: 1px;\n    background: var(--vamtam-accent-color-4);\n    margin-top: 5px;\n    margin-bottom: 5px;\n    opacity: .7;\n}<\/style>\n\t<p>Die schnellste und kosteng\u00fcnstigste M\u00f6glichkeit f\u00fcr die Fertigung in Empalme im mexikanischen Bundesstaat Sonora.<\/p>\n<h2>\n\tWillkommen in Bella Vista!\n\t<\/h2>\n\t<p>Unsere Fertigungscommunity Bella Vista ist mehr als nur ein Industriepark. Seit 1986 bietet sie Unternehmen die Rahmenbedingungen, um das gesch\u00e4ftliche Potenzial in Mexiko voll auszusch\u00f6pfen. Bella Vista liegt in Empalme, Sonora und bietet die Infrastruktur, Serviceleistungen und Ausstattung f\u00fcr Ihren gesch\u00e4ftlichen Erfolg. Wenn Sie einen Fertigungsbetrieb in Mexiko erw\u00e4gen und einen Standort mit Arbeitskr\u00e4ften mit dem n\u00f6tigen betrieblichen Know-how suchen, ist Bella Vista die richtige Wahl f\u00fcr Sie.<\/p>\n\t<img src=\"https:\/\/fast.wistia.com\/embed\/medias\/32ba8y2sjz\/swatch\" alt=\"\" aria-hidden=\"true\" onload=\"this.parentNode.style.opacity=1;\" \/>\n<h2>\n\tUnternehmen wie Ihres setzen auf Bella Vista!\n\t<\/h2>\n\t\t\t\t\t\t\t\t\t\t<img loading=\"lazy\" src=\"https:\/\/tetakawi.com\/wp-content\/uploads\/2019\/01\/cooperstandard.png\" alt=\"Cooper Standard-Logo\" itemprop=\"image\" height=\"500\" width=\"500\" title=\"cooperstandard\" onerror=\"this.style.display='none'\"  sizes=\"(max-width: 768px) 100vw, 100vw\" srcset=\"data:image\/svg+xml;utf8,&lt;svg%20xmlns=&quot;http:\/\/www.w3.org\/2000\/svg&quot;%20viewBox=&quot;0%200%20500%20500&quot;%20height=&quot;500px&quot;%20width=&quot;500px&quot;\/&gt;\" data-srcset=\"https:\/\/tetakawi.com\/wp-content\/uploads\/2019\/01\/cooperstandard.png 500w, https:\/\/tetakawi.com\/wp-content\/uploads\/2019\/01\/cooperstandard-150x150.png 150w, https:\/\/tetakawi.com\/wp-content\/uploads\/2019\/01\/cooperstandard-300x300.png 300w, https:\/\/tetakawi.com\/wp-content\/uploads\/2019\/01\/cooperstandard-420x420.png 420w, https:\/\/tetakawi.com\/wp-content\/uploads\/2019\/01\/cooperstandard-315x315.png 315w\" \/>\t\t\t\t\t\t\t\n\t\t\t\t\t\t\t\t\t\t<img loading=\"lazy\" src=\"https:\/\/tetakawi.com\/wp-content\/uploads\/2019\/01\/medtronic.png\" alt=\"Medtronic-Logo\" itemprop=\"image\" height=\"500\" width=\"500\" title=\"medtronic\" onerror=\"this.style.display='none'\"  sizes=\"(max-width: 768px) 100vw, 100vw\" srcset=\"data:image\/svg+xml;utf8,&lt;svg%20xmlns=&quot;http:\/\/www.w3.org\/2000\/svg&quot;%20viewBox=&quot;0%200%20500%20500&quot;%20height=&quot;500px&quot;%20width=&quot;500px&quot;\/&gt;\" data-srcset=\"https:\/\/tetakawi.com\/wp-content\/uploads\/2019\/01\/medtronic.png 500w, https:\/\/tetakawi.com\/wp-content\/uploads\/2019\/01\/medtronic-150x150.png 150w, https:\/\/tetakawi.com\/wp-content\/uploads\/2019\/01\/medtronic-300x300.png 300w, https:\/\/tetakawi.com\/wp-content\/uploads\/2019\/01\/medtronic-420x420.png 420w, https:\/\/tetakawi.com\/wp-content\/uploads\/2019\/01\/medtronic-315x315.png 315w\" \/>\t\t\t\t\t\t\t\n\t\t\t\t\t\t\t\t\t\t<img loading=\"lazy\" src=\"https:\/\/tetakawi.com\/wp-content\/uploads\/2019\/01\/teconnectivity.png\" alt=\"TE Connectivity-Logo\" itemprop=\"image\" height=\"500\" width=\"500\" title=\"teconnectivity\" onerror=\"this.style.display='none'\"  sizes=\"(max-width: 768px) 100vw, 100vw\" srcset=\"data:image\/svg+xml;utf8,&lt;svg%20xmlns=&quot;http:\/\/www.w3.org\/2000\/svg&quot;%20viewBox=&quot;0%200%20500%20500&quot;%20height=&quot;500px&quot;%20width=&quot;500px&quot;\/&gt;\" data-srcset=\"https:\/\/tetakawi.com\/wp-content\/uploads\/2019\/01\/teconnectivity.png 500w, https:\/\/tetakawi.com\/wp-content\/uploads\/2019\/01\/teconnectivity-150x150.png 150w, https:\/\/tetakawi.com\/wp-content\/uploads\/2019\/01\/teconnectivity-300x300.png 300w, https:\/\/tetakawi.com\/wp-content\/uploads\/2019\/01\/teconnectivity-420x420.png 420w, https:\/\/tetakawi.com\/wp-content\/uploads\/2019\/01\/teconnectivity-315x315.png 315w\" \/>\t\t\t\t\t\t\t\n\t\t\t\t\t\t\t\t\t\t<img loading=\"lazy\" src=\"https:\/\/tetakawi.com\/wp-content\/uploads\/2019\/04\/bodycote-logo.png\" alt=\"bodycote-logo\" itemprop=\"image\" height=\"250\" width=\"500\" title=\"bodycote-logo\" onerror=\"this.style.display='none'\"  sizes=\"(max-width: 768px) 100vw, 100vw\" srcset=\"data:image\/svg+xml;utf8,&lt;svg%20xmlns=&quot;http:\/\/www.w3.org\/2000\/svg&quot;%20viewBox=&quot;0%200%20500%20250&quot;%20height=&quot;250px&quot;%20width=&quot;500px&quot;\/&gt;\" data-srcset=\"https:\/\/tetakawi.com\/wp-content\/uploads\/2019\/04\/bodycote-logo.png 500w, https:\/\/tetakawi.com\/wp-content\/uploads\/2019\/04\/bodycote-logo-300x150.png 300w, https:\/\/tetakawi.com\/wp-content\/uploads\/2019\/04\/bodycote-logo-420x210.png 420w, https:\/\/tetakawi.com\/wp-content\/uploads\/2019\/04\/bodycote-logo-315x158.png 315w\" \/>\t\t\t\t\t\t\t\n\t\t\t\t\t\t\t\t\t\t<img loading=\"lazy\" src=\"https:\/\/tetakawi.com\/wp-content\/uploads\/2019\/04\/map-bella-vista-tetakawi.png\" alt=\"map-bella-vista-tetakawi\" itemprop=\"image\" height=\"669\" width=\"1061\" title=\"map-bella-vista-tetakawi\" onerror=\"this.style.display='none'\"  sizes=\"(max-width: 768px) 100vw, 100vw\" srcset=\"data:image\/svg+xml;utf8,&lt;svg%20xmlns=&quot;http:\/\/www.w3.org\/2000\/svg&quot;%20viewBox=&quot;0%200%201061%20669&quot;%20height=&quot;669px&quot;%20width=&quot;1061px&quot;\/&gt;\" data-srcset=\"https:\/\/tetakawi.com\/wp-content\/uploads\/2019\/04\/map-bella-vista-tetakawi.png 1061w, https:\/\/tetakawi.com\/wp-content\/uploads\/2019\/04\/map-bella-vista-tetakawi-300x189.png 300w, https:\/\/tetakawi.com\/wp-content\/uploads\/2019\/04\/map-bella-vista-tetakawi-768x484.png 768w, https:\/\/tetakawi.com\/wp-content\/uploads\/2019\/04\/map-bella-vista-tetakawi-1024x646.png 1024w, https:\/\/tetakawi.com\/wp-content\/uploads\/2019\/04\/map-bella-vista-tetakawi-630x397.png 630w, https:\/\/tetakawi.com\/wp-content\/uploads\/2019\/04\/map-bella-vista-tetakawi-420x265.png 420w, https:\/\/tetakawi.com\/wp-content\/uploads\/2019\/04\/map-bella-vista-tetakawi-840x530.png 840w, https:\/\/tetakawi.com\/wp-content\/uploads\/2019\/04\/map-bella-vista-tetakawi-315x199.png 315w\" \/>\t\t\t\t\t\t\t\n<h2>\n\tStrategischer Standort\n\t<\/h2>\n\t<p>Empalme liegt in der Sonora-W\u00fcste an der K\u00fcste des Golfs von Kalifornien, ungef\u00e4hr 420 km s\u00fcdlich der US-Grenze bei Nogales. Der Gro\u00dfraum Empalme hat ca. 60.000 Einwohner. Empalme ist nur ca. 137 Kilometer von Hermosillo, der Hauptstadt des Bundesstaates Sonora, und nur ganze 8 Kilometer von Guaymas in Sonora, entfernt.<\/p>\n\t\t\t\t\t\t\t\t\t\t<img loading=\"lazy\" src=\"https:\/\/tetakawi.com\/wp-content\/uploads\/2019\/03\/BellaVista_Empalme_MaquilasTetaKawi_Aerial3.jpg\" alt=\"Fertigungscommunity\" itemprop=\"image\" height=\"534\" width=\"800\" title=\"BellaVista_Empalme_MaquilasTetaKawi_Aerial3\" onerror=\"this.style.display='none'\"  sizes=\"(max-width: 768px) 100vw, 100vw\" srcset=\"data:image\/svg+xml;utf8,&lt;svg%20xmlns=&quot;http:\/\/www.w3.org\/2000\/svg&quot;%20viewBox=&quot;0%200%20800%20534&quot;%20height=&quot;534px&quot;%20width=&quot;800px&quot;\/&gt;\" data-srcset=\"https:\/\/tetakawi.com\/wp-content\/uploads\/2019\/03\/BellaVista_Empalme_MaquilasTetaKawi_Aerial3.jpg 800w, https:\/\/tetakawi.com\/wp-content\/uploads\/2019\/03\/BellaVista_Empalme_MaquilasTetaKawi_Aerial3-300x200.jpg 300w, https:\/\/tetakawi.com\/wp-content\/uploads\/2019\/03\/BellaVista_Empalme_MaquilasTetaKawi_Aerial3-768x513.jpg 768w, https:\/\/tetakawi.com\/wp-content\/uploads\/2019\/03\/BellaVista_Empalme_MaquilasTetaKawi_Aerial3-630x421.jpg 630w, https:\/\/tetakawi.com\/wp-content\/uploads\/2019\/03\/BellaVista_Empalme_MaquilasTetaKawi_Aerial3-420x280.jpg 420w, https:\/\/tetakawi.com\/wp-content\/uploads\/2019\/03\/BellaVista_Empalme_MaquilasTetaKawi_Aerial3-315x210.jpg 315w\" \/>\t\t\t\t\t\t\t\n<h2>\n\t\u00dcberragende Infrastruktur\n\t<\/h2>\n\t<ul>\n<li><strong>Gesamte Landfl\u00e4che:<\/strong> 49 Hektar<\/li>\n<li><strong>Bebaubare Landfl\u00e4che:<\/strong>\u00a017.651 m\u00b2<\/li>\n<li><strong>Erdgasversorgung:<\/strong> 4&#8243;-Leitung mit 300 PSI<\/li>\n<li><strong>Stromversorgung:<\/strong>\u00a020 MVA | 20.000 kVA (mit Zuleitungen)<\/li>\n<li><strong>Wasserspeicherkapazit\u00e4t:<\/strong>\u00a0700 m\u00b3 + 200 m\u00b3<\/li>\n<li><strong>Sicherheit:<\/strong> Zugangskontrolle und Kamera\u00fcberwachung rund um die Uhr<\/li>\n<li><strong>Netzwerkanbindung:<\/strong> Glasfaser, DSL und Breitband<\/li>\n<li><strong>Ausstattung:<\/strong> Sportplatz, Sportanlage, medizinisches Zentrum, Kindertagesst\u00e4tte, Wasserentsalzungsanlage, Wasseraufbereitungsanlage und Geldautomaten<\/li>\n<\/ul>\n<h2>\n\tSchl\u00fcsselfertige L\u00f6sung\n\t<\/h2>\n\t<p>Bei einem Betrieb in unserer Fertigungscommunity Bella Vista k\u00f6nnen Sie von Skaleneffekten profitieren. Konzentrieren Sie sich auf Ihre Kernkompetenz: die Fertigung. Wir k\u00fcmmern uns um alles andere.<\/p>\n\t<h3>Personal<\/h3>\n<p>Lassen Sie sich bei der Personalverwaltung unterst\u00fctzen. Wir k\u00fcmmern uns vom Recruiting bis zur K\u00fcndigung um s\u00e4mtliche Personalangelegenheiten.<\/p>\n<p><a href=\"\/de\/losung-finden\/fertigungscommunitys\/personal\/\">Mehr erfahren<\/a><\/p>\n\t<h3>Import und Export<\/h3>\n<p>Gew\u00e4hrleisten Sie den bestimmungskonformen und schnellen grenz\u00fcberschreitenden Transport Ihrer Waren. Unser Import\/Export-Team sorgt daf\u00fcr, dass s\u00e4mtliche Vorschriften eingehalten werden.<\/p>\n<p><a href=\"\/de\/losung-finden\/fertigungscommunitys\/import-und-export\/\">Mehr erfahren<\/a><\/p>\n\t<h3>Gehalt und Zusatzleistungen<\/h3>\n<p>Bezahlen Sie mithilfe unseres Know-hows und unserer propriet\u00e4ren Software Ihre Mitarbeiter genau, p\u00fcnktlich und unter Einhaltung der arbeitsrechtlichen Bestimmungen Mexikos.<\/p>\n<p><a href=\"\/de\/losung-finden\/fertigungscommunitys\/abwicklung-von-gehaltszahlungen-und-zusatzleistungen\/\">Mehr erfahren<\/a><\/p>\n\t<h3>Buchhaltung und Steuern<\/h3>\n<p>Verlassen Sie sich darauf, dass s\u00e4mtliche Bestimmungen 100%ig eingehalten werden. Unsere Spezialisten sind f\u00fcr Sie da, von der Mehrwertsteuererfassung und -erstattung bis hin zur Steuererkl\u00e4rung u. v. m.<\/p>\n<p><a href=\"\/de\/losung-finden\/fertigungscommunitys\/buchhaltung-und-steuern\/\">Mehr erfahren<\/a><\/p>\n\t<h3>Facilitymanagement<\/h3>\n<p>Gew\u00e4hrleisten Sie einen reibungslosen Betrieb. Unser Facilitymanagementteam unterst\u00fctzt Sie bei der vorbeugenden Wartung, die f\u00fcr maximale Betriebszeiten und Kostensenkungen sorgt.<\/p>\n<p><a href=\"\/de\/losung-finden\/fertigungscommunitys\/facilitymanagement\/\">Mehr erfahren<\/a><\/p>\n\t<h3>Beschaffung<\/h3>\n<p>Nutzen Sie Ihr Budget optimal. Unsere Beschaffungsspezialisten helfen Ihnen, die Kosten von Betriebsmaterialien, Wartung und Instandsetzung, Verpackungsmaterialien sowie andere indirekte Waren- und Dienstleistungskosten zu senken.<\/p>\n<p><a href=\"\/de\/losung-finden\/fertigungscommunitys\/beschaffung\/\">Mehr erfahren<\/a><\/p>\n\t<h3>Umwelt- und Arbeitsschutz<\/h3>\n<p>Sorgen Sie f\u00fcr die Gesundheit und Sicherheit Ihrer Mitarbeiter. Unser Team bildet die Schnittstelle zwischen Ihrem Betrieb in Mexiko und den f\u00fcr Umwelt- und Arbeitsschutz zust\u00e4ndigen Beh\u00f6rden.<\/p>\n<p><a href=\"\/de\/losung-finden\/fertigungscommunitys\/umwelt-und-arbeitsschutz\/\">Mehr erfahren<\/a><\/p>\n\t<h3>Bef\u00f6rderung von Arbeitskr\u00e4ften<\/h3>\n<p>Profitieren Sie von einer f\u00fchrenden Infrastruktur f\u00fcr die Bef\u00f6rderung von Mitarbeitern und stellen Sie sicher, dass diese p\u00fcnktlich bei der Arbeit und wieder zu Hause sind.<\/p>\n<p><a href=\"\/de\/losung-finden\/fertigungscommunitys\/personalbeforderungsmanagement\/\">Mehr erfahren<\/a><\/p>\n\t<h3>Perfekte Kommunikation<\/h3>\n<p>Sie profitieren w\u00e4hrend Vorbereitung, Inbetriebnahme und Betrieb von direkter Kommunikation mit einem eigenen pers\u00f6nlichen Ansprechpartner bei Tetakawi.<\/p>\n<p><a href=\"\/de\/losung-finden\/fertigungscommunitys\/perfekte-kommunikation\/\">Mehr erfahren<\/a><\/p>\n<h2>\n\tWarum entscheiden sich Unternehmen f\u00fcr die Fertigungscommunity Bella Vista?\n\t<\/h2>\n\t<h3><strong>Schnelle Er\u00f6ffnung<\/strong><\/h3>\n<p>&nbsp;<\/p>\n<p>Er\u00f6ffnung eines eigenen betriebsbereiten Standorts in nur 30 Tagen.<\/p>\n<p>&nbsp;<\/p>\n\t<h3><strong>Business Continuity<\/strong><\/h3>\n<p>&nbsp;<\/p>\n<p>Verhindern Sie Betriebsunterbrechungen dank unserer Infrastruktur, unseren Serviceleistungen und unserem Know-how.<\/p>\n\t<h3><strong>Ausbau der Fertigungskompetenzen<\/strong><\/h3>\n<p>&nbsp;<\/p>\n<p>Erweitern Sie Ihren Betrieb problemlos, indem Sie uns den Ausbau \u00fcberlassen.<\/p>\n<p>&nbsp;<\/p>\n<h2>\n\tStandortplan\n\t<\/h2>\n\t\t\t\t\t\t\t\t\t\t<img loading=\"lazy\" src=\"https:\/\/tetakawi.com\/wp-content\/uploads\/2019\/04\/bellavista-layout-manufacturing-communites-tetakawi.jpg.jpg\" alt=\"Plan Roca Fuerte \u2013 Tetakawi\" itemprop=\"image\" height=\"1504\" width=\"2506\" title=\"bellavista-layout-manufacturing-communites-tetakawi.jpg\" onerror=\"this.style.display='none'\"  sizes=\"(max-width: 768px) 100vw, 100vw\" srcset=\"data:image\/svg+xml;utf8,&lt;svg%20xmlns=&quot;http:\/\/www.w3.org\/2000\/svg&quot;%20viewBox=&quot;0%200%202506%201504&quot;%20height=&quot;1504px&quot;%20width=&quot;2506px&quot;\/&gt;\" data-srcset=\"https:\/\/tetakawi.com\/wp-content\/uploads\/2019\/04\/bellavista-layout-manufacturing-communites-tetakawi.jpg.jpg 2506w, https:\/\/tetakawi.com\/wp-content\/uploads\/2019\/04\/bellavista-layout-manufacturing-communites-tetakawi.jpg-300x180.jpg 300w, https:\/\/tetakawi.com\/wp-content\/uploads\/2019\/04\/bellavista-layout-manufacturing-communites-tetakawi.jpg-768x461.jpg 768w, https:\/\/tetakawi.com\/wp-content\/uploads\/2019\/04\/bellavista-layout-manufacturing-communites-tetakawi.jpg-1024x615.jpg 1024w, https:\/\/tetakawi.com\/wp-content\/uploads\/2019\/04\/bellavista-layout-manufacturing-communites-tetakawi.jpg-1260x756.jpg 1260w, https:\/\/tetakawi.com\/wp-content\/uploads\/2019\/04\/bellavista-layout-manufacturing-communites-tetakawi.jpg-630x378.jpg 630w, https:\/\/tetakawi.com\/wp-content\/uploads\/2019\/04\/bellavista-layout-manufacturing-communites-tetakawi.jpg-420x252.jpg 420w, https:\/\/tetakawi.com\/wp-content\/uploads\/2019\/04\/bellavista-layout-manufacturing-communites-tetakawi.jpg-840x504.jpg 840w, https:\/\/tetakawi.com\/wp-content\/uploads\/2019\/04\/bellavista-layout-manufacturing-communites-tetakawi.jpg-315x189.jpg 315w\" \/>\t\t\t\t\t\t\t\n<h2>\n\tGeb\u00e4udeverf\u00fcgbarkeit\n\t<\/h2>\n\t\t\t\t\t\t\t\t\t\t<img loading=\"lazy\" src=\"https:\/\/tetakawi.com\/wp-content\/uploads\/2019\/04\/bellavista.jpg\" alt=\"Fertigungscommunity Bella Vista\" itemprop=\"image\" height=\"657\" width=\"1200\" title=\"bellavista\" onerror=\"this.style.display='none'\"  sizes=\"(max-width: 768px) 100vw, 100vw\" srcset=\"data:image\/svg+xml;utf8,&lt;svg%20xmlns=&quot;http:\/\/www.w3.org\/2000\/svg&quot;%20viewBox=&quot;0%200%201200%20657&quot;%20height=&quot;657px&quot;%20width=&quot;1200px&quot;\/&gt;\" data-srcset=\"https:\/\/tetakawi.com\/wp-content\/uploads\/2019\/04\/bellavista.jpg 1200w, https:\/\/tetakawi.com\/wp-content\/uploads\/2019\/04\/bellavista-300x164.jpg 300w, https:\/\/tetakawi.com\/wp-content\/uploads\/2019\/04\/bellavista-768x420.jpg 768w, https:\/\/tetakawi.com\/wp-content\/uploads\/2019\/04\/bellavista-1024x561.jpg 1024w, https:\/\/tetakawi.com\/wp-content\/uploads\/2019\/04\/bellavista-630x345.jpg 630w, https:\/\/tetakawi.com\/wp-content\/uploads\/2019\/04\/bellavista-420x230.jpg 420w, https:\/\/tetakawi.com\/wp-content\/uploads\/2019\/04\/bellavista-840x460.jpg 840w, https:\/\/tetakawi.com\/wp-content\/uploads\/2019\/04\/bellavista-315x172.jpg 315w\" \/>\t\t\t\t\t\t\t\n\t<p>4 Geb\u00e4ude zum sofortigen Bezug verf\u00fcgbar!<\/p>\n\t<style type=\"text\/css\">\n.tg  {border-collapse:collapse;border-spacing:0;}\n.tg td{font-family:Arial, sans-serif;font-size:14px;padding:10px 5px;border-style:solid;border-width:1px;overflow:hidden;word-break:normal;border-color:black;}\n.tg th{font-family:Arial, sans-serif;font-size:14px;font-weight:normal;padding:10px 5px;border-style:solid;border-width:1px;overflow:hidden;word-break:normal;border-color:black;}\n.tg .tg-1xuq{border-color:#efefef;text-align:center}\n<\/style>\n<table>\n<colgroup>\n<col>\n<col>\n<col>\n<!-- wpml:html_fragment <\/colgroup> -->\n  <tr>\n    <th>Nr.<\/th>\n    <th>Fu\u00df\u00b2<\/th>\n    <th>m\u00b2<\/th>\n  <\/tr>\n  <tr>\n    <td>45<\/td>\n    <td>24.648<\/td>\n    <td>2.289<\/td>\n  <\/tr> \n  <tr>\n    <td>14<\/td>\n    <td>25.833<\/td>\n    <td>2.404<\/td>\n  <\/tr>  \n  <tr>\n    <td>15<\/td>\n    <td>25.833<\/td>\n    <td>2.404<\/td>\n  <\/tr>\n  <tr>\n    <td>16<\/td>\n    <td>25.833<\/td>\n    <td>2.404<\/td>\n  <\/tr>\n<\/table>\n\t\t\t\t\t\t\t\t\t\t<img loading=\"lazy\" src=\"https:\/\/tetakawi.com\/wp-content\/uploads\/2019\/04\/zapa-building-cover.jpg\" alt=\"zapa-building-saltillo\" itemprop=\"image\" height=\"671\" width=\"1000\" title=\"zapa-building-cover\" onerror=\"this.style.display='none'\"  sizes=\"(max-width: 768px) 100vw, 100vw\" srcset=\"data:image\/svg+xml;utf8,&lt;svg%20xmlns=&quot;http:\/\/www.w3.org\/2000\/svg&quot;%20viewBox=&quot;0%200%201000%20671&quot;%20height=&quot;671px&quot;%20width=&quot;1000px&quot;\/&gt;\" data-srcset=\"https:\/\/tetakawi.com\/wp-content\/uploads\/2019\/04\/zapa-building-cover.jpg 1000w, https:\/\/tetakawi.com\/wp-content\/uploads\/2019\/04\/zapa-building-cover-300x201.jpg 300w, https:\/\/tetakawi.com\/wp-content\/uploads\/2019\/04\/zapa-building-cover-768x515.jpg 768w, https:\/\/tetakawi.com\/wp-content\/uploads\/2019\/04\/zapa-building-cover-630x423.jpg 630w, https:\/\/tetakawi.com\/wp-content\/uploads\/2019\/04\/zapa-building-cover-420x282.jpg 420w, https:\/\/tetakawi.com\/wp-content\/uploads\/2019\/04\/zapa-building-cover-840x564.jpg 840w, https:\/\/tetakawi.com\/wp-content\/uploads\/2019\/04\/zapa-building-cover-315x211.jpg 315w\" \/>\t\t\t\t\t\t\t\n\t<p>Einige vorhandene Geb\u00e4udefl\u00e4chen k\u00f6nnen auf Anfrage halbiert werden.<\/p>\n<h2>\n\tErfahren Sie von Ihrem Ansprechpartner bei Tetakawi, wie wir Sie bei Betriebsgr\u00fcndung, Betrieb und Wachstum in Bella Vista unterst\u00fctzen k\u00f6nnen.\u00a0\n\t<\/h2>\n\t<a href=\"\/de\/kontakt\/\" target=\"_self\" role=\"button\" rel=\"noopener noreferrer\">\n\t\t\t\t\tKontakt\n\t<\/a>\n<\/div><!-- .vgblk-rw-wrapper -->","protected":false},"excerpt":{"rendered":"<p>Fertigungscommunity Bella Vista Die schnellste und kosteng\u00fcnstigste M\u00f6glichkeit f\u00fcr die Fertigung in Empalme im mexikanischen Bundesstaat Sonora. Willkommen in Bella Vista! Unsere Fertigungscommunity Bella Vista ist mehr als nur ein Industriepark. Seit 1986 bietet sie Unternehmen die Rahmenbedingungen, um das gesch\u00e4ftliche Potenzial in Mexiko voll auszusch\u00f6pfen. Bella Vista liegt in Empalme, Sonora und bietet die&#8230;<\/p>\n","protected":false},"author":2,"featured_media":0,"parent":22514,"menu_order":1,"comment_status":"closed","ping_status":"closed","template":"","meta":{"content-type":"","_monsterinsights_skip_tracking":false,"_monsterinsights_sitenote_active":false,"_monsterinsights_sitenote_note":"","_monsterinsights_sitenote_category":0},"yoast_head":"<!-- This site is optimized with the Yoast SEO Premium plugin v20.6 (Yoast SEO v20.6) - https:\/\/yoast.com\/wordpress\/plugins\/seo\/ -->\n<title>Tetakawi | Fertigungscommunity Bella Vista<\/title>\n<meta name=\"description\" content=\"Die Fertigungscommunity Bella Vista von Tetakawi in Empalme, Sonora ist mehr als nur ein Industriepark. Sie bietet seit mehr als 33 Jahren schon vielen Unternehmen erfolgreiche Rahmenbedingungen.\" \/>\n<meta name=\"robots\" content=\"index, follow, max-snippet:-1, max-image-preview:large, max-video-preview:-1\" \/>\n<link rel=\"canonical\" href=\"https:\/\/tetakawi.com\/de\/losung-finden\/fertigungscommunitys\/tetakawi-bella-vista\/\" \/>\n<meta property=\"og:locale\" content=\"de_DE\" \/>\n<meta property=\"og:type\" content=\"article\" \/>\n<meta property=\"og:title\" content=\"Tetakawi-Bella Vista\" \/>\n<meta property=\"og:description\" content=\"Die Fertigungscommunity Bella Vista von Tetakawi in Empalme, Sonora ist mehr als nur ein Industriepark. Sie bietet seit mehr als 33 Jahren schon vielen Unternehmen erfolgreiche Rahmenbedingungen.\" \/>\n<meta property=\"og:url\" content=\"https:\/\/tetakawi.com\/de\/losung-finden\/fertigungscommunitys\/tetakawi-bella-vista\/\" \/>\n<meta property=\"og:site_name\" content=\"Tetakawi\" \/>\n<meta property=\"article:modified_time\" content=\"2020-04-01T00:19:33+00:00\" \/>\n<meta property=\"og:image\" content=\"https:\/\/fast.wistia.com\/embed\/medias\/32ba8y2sjz\/swatch\" \/>\n<meta name=\"twitter:card\" content=\"summary_large_image\" \/>\n<meta name=\"twitter:label1\" content=\"Gesch\u00e4tzte Lesezeit\" \/>\n\t<meta name=\"twitter:data1\" content=\"3\u00a0Minuten\" \/>\n<script type=\"application\/ld+json\" class=\"yoast-schema-graph\">{\"@context\":\"https:\/\/schema.org\",\"@graph\":[{\"@type\":\"WebPage\",\"@id\":\"https:\/\/tetakawi.com\/de\/losung-finden\/fertigungscommunitys\/tetakawi-bella-vista\/\",\"url\":\"https:\/\/tetakawi.com\/de\/losung-finden\/fertigungscommunitys\/tetakawi-bella-vista\/\",\"name\":\"Tetakawi | Fertigungscommunity Bella Vista\",\"isPartOf\":{\"@id\":\"https:\/\/tetakawi.com\/#website\"},\"datePublished\":\"2019-07-10T17:10:24+00:00\",\"dateModified\":\"2020-04-01T00:19:33+00:00\",\"description\":\"Die Fertigungscommunity Bella Vista von Tetakawi in Empalme, Sonora ist mehr als nur ein Industriepark. Sie bietet seit mehr als 33 Jahren schon vielen Unternehmen erfolgreiche Rahmenbedingungen.\",\"breadcrumb\":{\"@id\":\"https:\/\/tetakawi.com\/de\/losung-finden\/fertigungscommunitys\/tetakawi-bella-vista\/#breadcrumb\"},\"inLanguage\":\"de\",\"potentialAction\":[{\"@type\":\"ReadAction\",\"target\":[\"https:\/\/tetakawi.com\/de\/losung-finden\/fertigungscommunitys\/tetakawi-bella-vista\/\"]}]},{\"@type\":\"BreadcrumbList\",\"@id\":\"https:\/\/tetakawi.com\/de\/losung-finden\/fertigungscommunitys\/tetakawi-bella-vista\/#breadcrumb\",\"itemListElement\":[{\"@type\":\"ListItem\",\"position\":1,\"name\":\"Home\",\"item\":\"https:\/\/tetakawi.com\/de\/\"},{\"@type\":\"ListItem\",\"position\":2,\"name\":\"L\u00f6sung finden\",\"item\":\"https:\/\/tetakawi.com\/de\/losung-finden\/\"},{\"@type\":\"ListItem\",\"position\":3,\"name\":\"Fertigungscommunitys\",\"item\":\"https:\/\/tetakawi.com\/de\/losung-finden\/fertigungscommunitys\/\"},{\"@type\":\"ListItem\",\"position\":4,\"name\":\"Tetakawi-Bella Vista\"}]},{\"@type\":\"WebSite\",\"@id\":\"https:\/\/tetakawi.com\/#website\",\"url\":\"https:\/\/tetakawi.com\/\",\"name\":\"Tetakawi\",\"description\":\"\",\"publisher\":{\"@id\":\"https:\/\/tetakawi.com\/#organization\"},\"potentialAction\":[{\"@type\":\"SearchAction\",\"target\":{\"@type\":\"EntryPoint\",\"urlTemplate\":\"https:\/\/tetakawi.com\/?s={search_term_string}\"},\"query-input\":\"required name=search_term_string\"}],\"inLanguage\":\"de\"}]}<\/script>\n<!-- \/ Yoast SEO Premium plugin. -->","yoast_head_json":{"title":"Tetakawi | Fertigungscommunity Bella Vista","description":"Die Fertigungscommunity Bella Vista von Tetakawi in Empalme, Sonora ist mehr als nur ein Industriepark. Sie bietet seit mehr als 33 Jahren schon vielen Unternehmen erfolgreiche Rahmenbedingungen.","robots":{"index":"index","follow":"follow","max-snippet":"max-snippet:-1","max-image-preview":"max-image-preview:large","max-video-preview":"max-video-preview:-1"},"canonical":"https:\/\/tetakawi.com\/de\/losung-finden\/fertigungscommunitys\/tetakawi-bella-vista\/","og_locale":"de_DE","og_type":"article","og_title":"Tetakawi-Bella Vista","og_description":"Die Fertigungscommunity Bella Vista von Tetakawi in Empalme, Sonora ist mehr als nur ein Industriepark. Sie bietet seit mehr als 33 Jahren schon vielen Unternehmen erfolgreiche Rahmenbedingungen.","og_url":"https:\/\/tetakawi.com\/de\/losung-finden\/fertigungscommunitys\/tetakawi-bella-vista\/","og_site_name":"Tetakawi","article_modified_time":"2020-04-01T00:19:33+00:00","og_image":[{"url":"https:\/\/fast.wistia.com\/embed\/medias\/32ba8y2sjz\/swatch"}],"twitter_card":"summary_large_image","twitter_misc":{"Gesch\u00e4tzte Lesezeit":"3\u00a0Minuten"},"schema":{"@context":"https:\/\/schema.org","@graph":[{"@type":"WebPage","@id":"https:\/\/tetakawi.com\/de\/losung-finden\/fertigungscommunitys\/tetakawi-bella-vista\/","url":"https:\/\/tetakawi.com\/de\/losung-finden\/fertigungscommunitys\/tetakawi-bella-vista\/","name":"Tetakawi | Fertigungscommunity Bella Vista","isPartOf":{"@id":"https:\/\/tetakawi.com\/#website"},"datePublished":"2019-07-10T17:10:24+00:00","dateModified":"2020-04-01T00:19:33+00:00","description":"Die Fertigungscommunity Bella Vista von Tetakawi in Empalme, Sonora ist mehr als nur ein Industriepark. Sie bietet seit mehr als 33 Jahren schon vielen Unternehmen erfolgreiche Rahmenbedingungen.","breadcrumb":{"@id":"https:\/\/tetakawi.com\/de\/losung-finden\/fertigungscommunitys\/tetakawi-bella-vista\/#breadcrumb"},"inLanguage":"de","potentialAction":[{"@type":"ReadAction","target":["https:\/\/tetakawi.com\/de\/losung-finden\/fertigungscommunitys\/tetakawi-bella-vista\/"]}]},{"@type":"BreadcrumbList","@id":"https:\/\/tetakawi.com\/de\/losung-finden\/fertigungscommunitys\/tetakawi-bella-vista\/#breadcrumb","itemListElement":[{"@type":"ListItem","position":1,"name":"Home","item":"https:\/\/tetakawi.com\/de\/"},{"@type":"ListItem","position":2,"name":"L\u00f6sung finden","item":"https:\/\/tetakawi.com\/de\/losung-finden\/"},{"@type":"ListItem","position":3,"name":"Fertigungscommunitys","item":"https:\/\/tetakawi.com\/de\/losung-finden\/fertigungscommunitys\/"},{"@type":"ListItem","position":4,"name":"Tetakawi-Bella Vista"}]},{"@type":"WebSite","@id":"https:\/\/tetakawi.com\/#website","url":"https:\/\/tetakawi.com\/","name":"Tetakawi","description":"","publisher":{"@id":"https:\/\/tetakawi.com\/#organization"},"potentialAction":[{"@type":"SearchAction","target":{"@type":"EntryPoint","urlTemplate":"https:\/\/tetakawi.com\/?s={search_term_string}"},"query-input":"required name=search_term_string"}],"inLanguage":"de"}]}},"_links":{"self":[{"href":"https:\/\/tetakawi.com\/de\/wp-json\/wp\/v2\/pages\/23017"}],"collection":[{"href":"https:\/\/tetakawi.com\/de\/wp-json\/wp\/v2\/pages"}],"about":[{"href":"https:\/\/tetakawi.com\/de\/wp-json\/wp\/v2\/types\/page"}],"author":[{"embeddable":true,"href":"https:\/\/tetakawi.com\/de\/wp-json\/wp\/v2\/users\/2"}],"replies":[{"embeddable":true,"href":"https:\/\/tetakawi.com\/de\/wp-json\/wp\/v2\/comments?post=23017"}],"version-history":[{"count":5,"href":"https:\/\/tetakawi.com\/de\/wp-json\/wp\/v2\/pages\/23017\/revisions"}],"predecessor-version":[{"id":25925,"href":"https:\/\/tetakawi.com\/de\/wp-json\/wp\/v2\/pages\/23017\/revisions\/25925"}],"up":[{"embeddable":true,"href":"https:\/\/tetakawi.com\/de\/wp-json\/wp\/v2\/pages\/22514"}],"wp:attachment":[{"href":"https:\/\/tetakawi.com\/de\/wp-json\/wp\/v2\/media?parent=23017"}],"curies":[{"name":"wp","href":"https:\/\/api.w.org\/{rel}","templated":true}]}}