{"id":23009,"date":"2019-07-10T17:10:24","date_gmt":"2019-07-10T17:10:24","guid":{"rendered":"https:\/\/tetakawi.com\/fertigungscommunitys\/umwelt-und-arbeitsschutz\/"},"modified":"2023-08-01T00:41:07","modified_gmt":"2023-08-01T00:41:07","slug":"umwelt-und-arbeitsschutz","status":"publish","type":"page","link":"https:\/\/tetakawi.com\/de\/losung-finden\/fertigungscommunitys\/umwelt-und-arbeitsschutz\/","title":{"rendered":"Compliance im Bereich Umwelt- und Arbeitsschutz"},"content":{"rendered":"<div class=\"vgblk-rw-wrapper limit-wrapper\">\n\n\t<h3><b>Tetakawi &#8211; Umwelt- und Arbeitsschutz<\/b><\/h3>\n<p>Bei Tetakawi haben die Sicherheit und Gesundheit der Mitarbeiter oberste Priorit\u00e4t. Wir halten uns streng an die in den mexikanischen Arbeitsschutz- und Gesundheitsgesetzen und -bestimmungen dargelegten Anforderungen.<\/p>\n<p>Als eingetragener Arbeitgeber unserer mexikanischen Fertigungscommunitys bieten wir mit unseren Personal- sowie Umwelt-, Arbeitsschutz- und Sicherheitsteams von Tetakawi Unterst\u00fctzung bei der Einhaltung der Gesundheits- und Sicherheitsbestimmungen des mexikanischen Arbeitsrechts.<\/p>\n<p>Unsere Personal- sowie Umwelt-, Arbeitsschutz- und Sicherheitsteams sind Experten f\u00fcr die Einhaltung s\u00e4mtlicher Bestimmungen hinsichtlich der Sicherheit unserer Mitarbeiter, die beispielsweise in den Arbeitsgesetzen Mexikos sowie in den Bestimmungen von Zivilschutz und STPS verankert sind. Als Kunde von Tetakawi k\u00f6nnen Sie dank unserer Kompetenzen im Bereich Umwelt- und Arbeitsschutz sowie unserer Skaleneffekte die Compliance mit diesen komplexen Bestimmungen auf lokaler, bundesstaatlicher sowie Bundesebene sichern und Sanktionen aufgrund entsprechender Verletzungen vermeiden.<\/p>\n<p>Jede unserer Fertigungscommunitys verf\u00fcgt vor Ort \u00fcber medizinische Einrichtungen, durch die bei kleineren Arbeitsunf\u00e4llen die Ausfallzeit des jeweiligen Mitarbeiters minimiert werden kann, was zur Optimierung der Produktionskapazit\u00e4t beitr\u00e4gt.<\/p>\n<p>&nbsp;<\/p>\n<h3>Unterst\u00fctzenden Beratung zur Compliance mit Anforderungen im Bereich Umwelt- und Arbeitsschutz<\/h3>\n<p>In enger Zusammenarbeit mit Ihnen bieten unsere Umwelt- und Arbeitsschutzteams regelm\u00e4\u00dfige Schulungen zu den komplexen Anforderungen hinsichtlich der Compliance mit Bestimmungen in den Bereichen Arbeits-, Zivil- und Umweltschutz an, damit in Ihren Anlagen Best Practices f\u00fcr Arbeits- und Gesundheitsschutz, einschlie\u00dflich Risikomanagement und Notfallplanung, zur Anwendung kommen.<\/p>\n<p>&nbsp;<\/p>\n<h3><b>Gr\u00fcndungsgenehmigungen und entsprechende Unterlagen <\/b><b>vom Fachdienst<\/b><\/h3>\n<p>Vor Beginn der Produktion in unseren Fertigungscommunitys ist es entscheidend, zun\u00e4chst die erforderlichen Gr\u00fcndungsgenehmigungen und weitere Unterlagen von den lokalen, bundesstaatlichen und Bundesbeh\u00f6rden einzuholen, die Ihre Compliance mit den mexikanischen Umwelt- und Arbeitsschutzbestimmungen belegen. Die Umwelt- und Arbeitsschutzteams von Tetakawi vermitteln zwischen Ihnen und den Beh\u00f6rden, wenn es darum geht, die erforderlichen Genehmigungen und Lizenzen zu erhalten, um den Gr\u00fcndungsprozess f\u00fcr Sie als Kunden zu beschleunigen. Zu unseren Services geh\u00f6ren:<\/p>\n<ul>\n<li><em>Bericht zur Umweltvertr\u00e4glichkeitspr\u00fcfung:<\/em> Das Team f\u00fcr Umwelt- und Arbeitsschutz ermittelt in Abstimmung mit Ihnen die Auswirkungen der Produktionsprozesse auf die Umwelt und veranlasst die Einreichung eines Berichts bei den zust\u00e4ndigen Beh\u00f6rden. Die Pr\u00fcfung umfasst folgende Aspekte:\n<ul>\n<li>Atmosph\u00e4rische Emissionen<\/li>\n<li>Gef\u00e4hrlicher Abfall<\/li>\n<li>Hausm\u00fcll<\/li>\n<li>Sonderm\u00fcll<\/li>\n<li>Restwasserabgabe<\/li>\n<\/ul>\n<\/li>\n<li><em>Betriebsgenehmigung f\u00fcr die Produktion:<\/em> Zu diesem Punkt geh\u00f6ren beispielsweise folgende Informationen:\n<ul>\n<li>Maschinen- und Anlagenplan<\/li>\n<li>Liste der im Produktions- und Wartungsbetrieb verwendeten Rohstoffe und Chemikalien<\/li>\n<li>Umweltschutzma\u00dfnahmen<\/li>\n<li>Anfallende Abfallmaterialien<\/li>\n<\/ul>\n<\/li>\n<\/ul>\n<p>&nbsp;<\/p>\n<h3>Regelm\u00e4\u00dfige \u00dcberwachung der Einhaltung von Umwelt- und Arbeitsschutzbestimmungen<\/h3>\n<p>Das Team f\u00fcr Umwelt- und Arbeitsschutz f\u00fchrt eine regelm\u00e4\u00dfig \u00dcberwachung sowie j\u00e4hrliche interne Audits durch, um die Compliance mit Umweltschutz-, Zivilschutz-, Arbeitsschutz-, Gesundheitsschutz- sowie weiteren Bestimmungen sicherzustellen. Die internen Audits sind als Pr\u00e4ventivma\u00dfnahme gedacht und entsprechen externen Audits der Aufsichtsbeh\u00f6rden. Ziel ist es, Abweichungen oder L\u00fccken bei der Compliance mit den Bestimmungen zu identifizieren.\u00a0 Das Team geht die Ergebnisse mit Ihnen durch und unterst\u00fctzt Sie bei der Ergreifung von geeigneten Korrekturma\u00dfnahmen, um ein erneutes Auftreten zu verhindern und Ihren Betrieb auf externe Audits der Aufsichtsbeh\u00f6rden vorzubereiten.<\/p>\n<p>&nbsp;<\/p>\n<h3><b>Von Aufsichtsbeh\u00f6rden <\/b><b>des Umwelt- und Arbeitsschutzes<\/b><b> durchgef\u00fchrte Umweltinspektionen und -audits<\/b><\/h3>\n<p>Externe Audits und Inspektionen k\u00f6nnen jederzeit, geplant und ungeplant, durch Aufsichtsbeh\u00f6rden wie z. B. SEMARNAT, CONAGUA, CEDES, CEA, PROTECCI\u00d3N CIVIL, STPS und PROFEPA durchgef\u00fchrt werden. Die Experten des Umwelt- und Arbeitsschutzteams sind stets bereit, Sie bei externen Audits zu begleiten und Ihnen technische sowie rechtliche Unterst\u00fctzung zu bieten. Das Team fungiert als Vermittler zwischen Ihnen und den Aufsichtsbeh\u00f6rden. Es regelt externe Audits und Inspektionen und reagiert entsprechend.<\/p>\n<p>&nbsp;<\/p>\n<h3><b>Aufgaben:<\/b><b>Berichterstellung und Protokollierung<\/b><\/h3>\n<p>Aufsichtsbeh\u00f6rden verlangen eine l\u00fcckenlose Protokollierung, \u00fcber die sich die Compliance nachweisen l\u00e4sst und die der Berichterstellung dient. Das Umwelt- und Arbeitsschutzteam sorgt f\u00fcr die entsprechende Dokumentation, die folgende Punkte umfasst:<\/p>\n<ul>\n<li><em>J\u00e4hrlicher Betriebsbericht:<\/em> Dieser Bericht wird j\u00e4hrlich \u00fcbermittelt. Er best\u00e4tigt, dass Ihr Werk gem\u00e4\u00df der Betriebslizenz arbeitet, und f\u00fchrt etwaige \u00c4nderungen an der Produktion auf.<\/li>\n<li><em>Gefahrgutbericht: <\/em>Dieser Bericht betrifft Betriebsabl\u00e4ufe, bei denen gef\u00e4hrlicher Abfall anf\u00e4llt. Er f\u00fchrt s\u00e4mtliche Arten und Mengen von gef\u00e4hrlichen Abf\u00e4llen auf, die w\u00e4hrend des Fertigungsprozesses entstehen, und enth\u00e4lt alle entsprechenden Sicherheitsdatenbl\u00e4tter.<\/li>\n<li><em>Halbj\u00e4hrlicher Bericht zu gef\u00e4hrlichen und ungef\u00e4hrlichen R\u00fcckst\u00e4nden<\/em><\/li>\n<li><em>J\u00e4hrlicher Emissionsbericht<\/em><\/li>\n<li><em>Restwasseranalyse<\/em><\/li>\n<li>Durchf\u00fchrung und Nachbearbeitung des internen Arbeits- und Gesundheitsschutzprogramms im Werk des Kunden gem\u00e4\u00df den Vorgaben des Zivilschutzes und sonstiger Aufsichtsbeh\u00f6rden.<\/li>\n<\/ul>\n<h3><\/h3>\n<h3>Medizinische Einrichtungen vor Ort<\/h3>\n<p>Jede Fertigungscommunity verf\u00fcgt vor Ort \u00fcber eine medizinische Einrichtung mit \u00c4rzten und anderem medizinischen Personal, die medizinische Soforthilfe, Einstellungsuntersuchungen, Notfallhilfe und bei Bedarf den Transport mit dem eigenen Rettungswagen in ein Krankenhaus in der N\u00e4he anbietet.<\/p>\n<p>Die Einrichtungen sind au\u00dferdem f\u00fcr die Ausgabe \u00fcblicher Medikamente ausgestattet und bieten in Zusammenarbeit mit dem Instituto Mexicano del Seguro Social erforderliche Impfungen durch den behandelnden Arzt an.<\/p>\n<p>&nbsp;<\/p>\n<h3>Gesundheitsvorsorge und Information<\/h3>\n<p>Das medizinische Personal der Fertigungscommunitys unterst\u00fctzt Sie au\u00dferdem bei der Einf\u00fchrung von Gesundheitsvorsorgepl\u00e4nen und Informationsprogrammen zu Themen wie z. B. Diabetes, Bluthochdruck, reproduktive Gesundheit, Alkoholismus, Drogenabh\u00e4ngigkeit und Arbeitsschutzma\u00dfnahmen.<\/p>\n\n<\/div><!-- .vgblk-rw-wrapper -->","protected":false},"excerpt":{"rendered":"<p>Tetakawi &#8211; Umwelt- und Arbeitsschutz Bei Tetakawi haben die Sicherheit und Gesundheit der Mitarbeiter oberste Priorit\u00e4t. Wir halten uns streng an die in den mexikanischen Arbeitsschutz- und Gesundheitsgesetzen und -bestimmungen dargelegten Anforderungen. Als eingetragener Arbeitgeber unserer mexikanischen Fertigungscommunitys bieten wir mit unseren Personal- sowie Umwelt-, Arbeitsschutz- und Sicherheitsteams von Tetakawi Unterst\u00fctzung bei der Einhaltung der&#8230;<\/p>\n","protected":false},"author":1,"featured_media":0,"parent":22514,"menu_order":0,"comment_status":"closed","ping_status":"closed","template":"","meta":{"content-type":"","_monsterinsights_skip_tracking":false,"_monsterinsights_sitenote_active":false,"_monsterinsights_sitenote_note":"","_monsterinsights_sitenote_category":0},"yoast_head":"<!-- This site is optimized with the Yoast SEO Premium plugin v20.6 (Yoast SEO v20.6) - https:\/\/yoast.com\/wordpress\/plugins\/seo\/ -->\n<title>Tetakawi | Fertigungscommunitys \u2013 Compliance im Bereich Umwelt- und Arbeitsschutz<\/title>\n<meta name=\"description\" content=\"Die Tetakawi-Teams f\u00fcr Umwelt- und Arbeitsschutz in Mexiko sorgen f\u00fcr die strikte Einhaltung von Sicherheitsbestimmungen und die medizinische Versorgung vor Ort.\" \/>\n<meta name=\"robots\" content=\"index, follow, max-snippet:-1, max-image-preview:large, max-video-preview:-1\" \/>\n<link rel=\"canonical\" href=\"https:\/\/tetakawi.com\/de\/losung-finden\/fertigungscommunitys\/umwelt-und-arbeitsschutz\/\" \/>\n<meta property=\"og:locale\" content=\"de_DE\" \/>\n<meta property=\"og:type\" content=\"article\" \/>\n<meta property=\"og:title\" content=\"Compliance im Bereich Umwelt- und Arbeitsschutz\" \/>\n<meta property=\"og:description\" content=\"Die Tetakawi-Teams f\u00fcr Umwelt- und Arbeitsschutz in Mexiko sorgen f\u00fcr die strikte Einhaltung von Sicherheitsbestimmungen und die medizinische Versorgung vor Ort.\" \/>\n<meta property=\"og:url\" content=\"https:\/\/tetakawi.com\/de\/losung-finden\/fertigungscommunitys\/umwelt-und-arbeitsschutz\/\" \/>\n<meta property=\"og:site_name\" content=\"Tetakawi\" \/>\n<meta property=\"article:modified_time\" content=\"2023-08-01T00:41:07+00:00\" \/>\n<meta name=\"twitter:card\" content=\"summary_large_image\" \/>\n<meta name=\"twitter:label1\" content=\"Gesch\u00e4tzte Lesezeit\" \/>\n\t<meta name=\"twitter:data1\" content=\"4\u00a0Minuten\" \/>\n<script type=\"application\/ld+json\" class=\"yoast-schema-graph\">{\"@context\":\"https:\/\/schema.org\",\"@graph\":[{\"@type\":\"WebPage\",\"@id\":\"https:\/\/tetakawi.com\/de\/losung-finden\/fertigungscommunitys\/umwelt-und-arbeitsschutz\/\",\"url\":\"https:\/\/tetakawi.com\/de\/losung-finden\/fertigungscommunitys\/umwelt-und-arbeitsschutz\/\",\"name\":\"Tetakawi | Fertigungscommunitys \u2013 Compliance im Bereich Umwelt- und Arbeitsschutz\",\"isPartOf\":{\"@id\":\"https:\/\/tetakawi.com\/#website\"},\"datePublished\":\"2019-07-10T17:10:24+00:00\",\"dateModified\":\"2023-08-01T00:41:07+00:00\",\"description\":\"Die Tetakawi-Teams f\u00fcr Umwelt- und Arbeitsschutz in Mexiko sorgen f\u00fcr die strikte Einhaltung von Sicherheitsbestimmungen und die medizinische Versorgung vor Ort.\",\"breadcrumb\":{\"@id\":\"https:\/\/tetakawi.com\/de\/losung-finden\/fertigungscommunitys\/umwelt-und-arbeitsschutz\/#breadcrumb\"},\"inLanguage\":\"de\",\"potentialAction\":[{\"@type\":\"ReadAction\",\"target\":[\"https:\/\/tetakawi.com\/de\/losung-finden\/fertigungscommunitys\/umwelt-und-arbeitsschutz\/\"]}]},{\"@type\":\"BreadcrumbList\",\"@id\":\"https:\/\/tetakawi.com\/de\/losung-finden\/fertigungscommunitys\/umwelt-und-arbeitsschutz\/#breadcrumb\",\"itemListElement\":[{\"@type\":\"ListItem\",\"position\":1,\"name\":\"Home\",\"item\":\"https:\/\/tetakawi.com\/de\/\"},{\"@type\":\"ListItem\",\"position\":2,\"name\":\"L\u00f6sung finden\",\"item\":\"https:\/\/tetakawi.com\/de\/losung-finden\/\"},{\"@type\":\"ListItem\",\"position\":3,\"name\":\"Fertigungscommunitys\",\"item\":\"https:\/\/tetakawi.com\/de\/losung-finden\/fertigungscommunitys\/\"},{\"@type\":\"ListItem\",\"position\":4,\"name\":\"Compliance im Bereich Umwelt- und Arbeitsschutz\"}]},{\"@type\":\"WebSite\",\"@id\":\"https:\/\/tetakawi.com\/#website\",\"url\":\"https:\/\/tetakawi.com\/\",\"name\":\"Tetakawi\",\"description\":\"\",\"publisher\":{\"@id\":\"https:\/\/tetakawi.com\/#organization\"},\"potentialAction\":[{\"@type\":\"SearchAction\",\"target\":{\"@type\":\"EntryPoint\",\"urlTemplate\":\"https:\/\/tetakawi.com\/?s={search_term_string}\"},\"query-input\":\"required name=search_term_string\"}],\"inLanguage\":\"de\"}]}<\/script>\n<!-- \/ Yoast SEO Premium plugin. -->","yoast_head_json":{"title":"Tetakawi | Fertigungscommunitys \u2013 Compliance im Bereich Umwelt- und Arbeitsschutz","description":"Die Tetakawi-Teams f\u00fcr Umwelt- und Arbeitsschutz in Mexiko sorgen f\u00fcr die strikte Einhaltung von Sicherheitsbestimmungen und die medizinische Versorgung vor Ort.","robots":{"index":"index","follow":"follow","max-snippet":"max-snippet:-1","max-image-preview":"max-image-preview:large","max-video-preview":"max-video-preview:-1"},"canonical":"https:\/\/tetakawi.com\/de\/losung-finden\/fertigungscommunitys\/umwelt-und-arbeitsschutz\/","og_locale":"de_DE","og_type":"article","og_title":"Compliance im Bereich Umwelt- und Arbeitsschutz","og_description":"Die Tetakawi-Teams f\u00fcr Umwelt- und Arbeitsschutz in Mexiko sorgen f\u00fcr die strikte Einhaltung von Sicherheitsbestimmungen und die medizinische Versorgung vor Ort.","og_url":"https:\/\/tetakawi.com\/de\/losung-finden\/fertigungscommunitys\/umwelt-und-arbeitsschutz\/","og_site_name":"Tetakawi","article_modified_time":"2023-08-01T00:41:07+00:00","twitter_card":"summary_large_image","twitter_misc":{"Gesch\u00e4tzte Lesezeit":"4\u00a0Minuten"},"schema":{"@context":"https:\/\/schema.org","@graph":[{"@type":"WebPage","@id":"https:\/\/tetakawi.com\/de\/losung-finden\/fertigungscommunitys\/umwelt-und-arbeitsschutz\/","url":"https:\/\/tetakawi.com\/de\/losung-finden\/fertigungscommunitys\/umwelt-und-arbeitsschutz\/","name":"Tetakawi | Fertigungscommunitys \u2013 Compliance im Bereich Umwelt- und Arbeitsschutz","isPartOf":{"@id":"https:\/\/tetakawi.com\/#website"},"datePublished":"2019-07-10T17:10:24+00:00","dateModified":"2023-08-01T00:41:07+00:00","description":"Die Tetakawi-Teams f\u00fcr Umwelt- und Arbeitsschutz in Mexiko sorgen f\u00fcr die strikte Einhaltung von Sicherheitsbestimmungen und die medizinische Versorgung vor Ort.","breadcrumb":{"@id":"https:\/\/tetakawi.com\/de\/losung-finden\/fertigungscommunitys\/umwelt-und-arbeitsschutz\/#breadcrumb"},"inLanguage":"de","potentialAction":[{"@type":"ReadAction","target":["https:\/\/tetakawi.com\/de\/losung-finden\/fertigungscommunitys\/umwelt-und-arbeitsschutz\/"]}]},{"@type":"BreadcrumbList","@id":"https:\/\/tetakawi.com\/de\/losung-finden\/fertigungscommunitys\/umwelt-und-arbeitsschutz\/#breadcrumb","itemListElement":[{"@type":"ListItem","position":1,"name":"Home","item":"https:\/\/tetakawi.com\/de\/"},{"@type":"ListItem","position":2,"name":"L\u00f6sung finden","item":"https:\/\/tetakawi.com\/de\/losung-finden\/"},{"@type":"ListItem","position":3,"name":"Fertigungscommunitys","item":"https:\/\/tetakawi.com\/de\/losung-finden\/fertigungscommunitys\/"},{"@type":"ListItem","position":4,"name":"Compliance im Bereich Umwelt- und Arbeitsschutz"}]},{"@type":"WebSite","@id":"https:\/\/tetakawi.com\/#website","url":"https:\/\/tetakawi.com\/","name":"Tetakawi","description":"","publisher":{"@id":"https:\/\/tetakawi.com\/#organization"},"potentialAction":[{"@type":"SearchAction","target":{"@type":"EntryPoint","urlTemplate":"https:\/\/tetakawi.com\/?s={search_term_string}"},"query-input":"required name=search_term_string"}],"inLanguage":"de"}]}},"_links":{"self":[{"href":"https:\/\/tetakawi.com\/de\/wp-json\/wp\/v2\/pages\/23009"}],"collection":[{"href":"https:\/\/tetakawi.com\/de\/wp-json\/wp\/v2\/pages"}],"about":[{"href":"https:\/\/tetakawi.com\/de\/wp-json\/wp\/v2\/types\/page"}],"author":[{"embeddable":true,"href":"https:\/\/tetakawi.com\/de\/wp-json\/wp\/v2\/users\/1"}],"replies":[{"embeddable":true,"href":"https:\/\/tetakawi.com\/de\/wp-json\/wp\/v2\/comments?post=23009"}],"version-history":[{"count":5,"href":"https:\/\/tetakawi.com\/de\/wp-json\/wp\/v2\/pages\/23009\/revisions"}],"predecessor-version":[{"id":28529,"href":"https:\/\/tetakawi.com\/de\/wp-json\/wp\/v2\/pages\/23009\/revisions\/28529"}],"up":[{"embeddable":true,"href":"https:\/\/tetakawi.com\/de\/wp-json\/wp\/v2\/pages\/22514"}],"wp:attachment":[{"href":"https:\/\/tetakawi.com\/de\/wp-json\/wp\/v2\/media?parent=23009"}],"curies":[{"name":"wp","href":"https:\/\/api.w.org\/{rel}","templated":true}]}}