{"id":23002,"date":"2019-07-10T17:10:24","date_gmt":"2019-07-10T17:10:24","guid":{"rendered":"https:\/\/tetakawi.com\/fertigungscommunitys\/import-und-export\/"},"modified":"2019-08-06T10:32:12","modified_gmt":"2019-08-06T10:32:12","slug":"import-und-export","status":"publish","type":"page","link":"https:\/\/tetakawi.com\/de\/losung-finden\/fertigungscommunitys\/import-und-export\/","title":{"rendered":"Import und Export"},"content":{"rendered":"<div class=\"vgblk-rw-wrapper limit-wrapper\">\n\t<h3>Import und Export mit Tetakawi<\/h3>\n<p>Die Import\/Export- und Cross Dock-Teams von Tetakawi sorgen daf\u00fcr, dass s\u00e4mtliche Waren termingerecht und in Einklang mit den Zollbestimmungen zu minimalen Kosten \u00fcber die Grenze bef\u00f6rdert werden.<\/p>\n<p>Unsere interaktiven Import\/Export- und Cross Dock-Systeme gew\u00e4hrleisten fehlerfreie Handelsrechnungen und senken die Anzahl der Fehler beim Frachtumschlag. Damit haben Sie die M\u00f6glichkeit, s\u00e4mtliche \u00fcber Cross Docks von Tetakawi versendeten Waren von \u00fcberall aus online zu verfolgen.<\/p>\n<p>&nbsp;<\/p>\n<h3>Umfassende Vorabschulung<\/h3>\n<p>Das Import\/Export-Managementteam f\u00fchrt eine umfassende landesspezifische Schulung zu Import und Export durch, bevor Waren an Ihren Standort in Mexiko versendet werden. In dieser Schulung werden u. a. folgende Themen behandelt:<\/p>\n<ul>\n<li>Fachbegriffe und Einf\u00fchrung zum Import\/Export<\/li>\n<li>Ausf\u00fcllen der Startcheckliste und Einrichten Ihrer Informationen im Import\/Export-System<\/li>\n<li>Klassifizierung von Waren gem\u00e4\u00df Harmonized Tariff Schedule (HTS)<\/li>\n<li>Import\/Export von Waren nach\/aus Mexiko<\/li>\n<li>Innermexikanischer Warentransfer<\/li>\n<li>Einhaltung von Vorschriften<\/li>\n<li>Zollreduzierungsprogramme<\/li>\n<li>Vereinbarung eines Vorstellungstermins mit dem Zollagenten bei der Zollbeh\u00f6rde am Einfuhrort<\/li>\n<\/ul>\n<p>&nbsp;<\/p>\n<h3>Import- und Exportaktivit\u00e4ten (Inbound)<\/h3>\n<p>Wir k\u00fcmmern uns um s\u00e4mtliche Aspekte des Cross Docking-Prozesses, einschlie\u00dflich Frachtumschlag und -Tracking, mexikanischer Zollkontrollen, Benachrichtigungen \u00fcber besch\u00e4digte Waren sowie der Umladung von Produkten f\u00fcr den Import nach Mexiko.<\/p>\n<p>Au\u00dferdem stimmt sich unser Team t\u00e4glich mit Ihnen bez\u00fcglich der einzeln Sendungen ab, sodass Handelsrechnungen f\u00fcr Zollanmeldungen beim Import nach Mexiko sowie f\u00fcr den innermexikanischen Transfer ausgefertigt werden k\u00f6nnen. Zus\u00e4tzlich werden die Tarifklassifizierungen und Zollabgaben f\u00fcr Mexiko berechnet und dabei werden ggf. Zollreduzierungsprogramme einbezogen. Das Import\/Export-Team r\u00e4umt zudem s\u00e4mtliche Konflikte mit mexikanischen Beh\u00f6rden in Zusammenhang mit eingehenden Sendungen aus.<\/p>\n<p>&nbsp;<\/p>\n<h3>Einhaltung mexikanischer Zollbestimmungen<\/h3>\n<p>Unser Import\/Export-Team k\u00fcmmert sich als verantwortlicher Importeur\/Exporteur in Mexiko in enger Zusammenarbeit mit Ihnen um s\u00e4mtliche Aspekte hinsichtlich der Einhaltung mexikanischer Zollbestimmungen. Wir k\u00fcmmern uns um die mexikanischen Zollagenten, die mexikanische Tarifklassifizierung, Importz\u00f6lle, die Einhaltung an Handelsabkommen, verschiedenste Genehmigungen und Zertifikate, das regulatorische Risiko in Mexiko sowie das Reporting an Beh\u00f6rden. Unsere Spezialisten \u00fcbernehmen zudem die Bestandskontrolle gem\u00e4\u00df Anexo 24, koordinieren externe beh\u00f6rdliche Audits und k\u00fcmmern sich um die Informationsgewinnung bez\u00fcglich mexikanischer Zollbestimmungen sowie deren Auslegung, um sicherzustellen, dass diese jederzeit eingehalten werden.<\/p>\n<p>&nbsp;<\/p>\n<h3>Import- und Exportaktivit\u00e4ten (Outbound)<\/h3>\n<p>Ausgehende Sendungen werden an unseren Cross Docks entgegengenommen und f\u00fcr den Transport an den Bestimmungsort umgeladen. Sie werden \u00fcber s\u00e4mtliche Besch\u00e4digungen bzw. Abweichungen informiert.<\/p>\n<p>Das Import\/Export-Team pr\u00fcft und verarbeitet gemeinsam mit Ihnen die Informationen, die bei der Ausfertigung von Handelsrechnungen f\u00fcr den Export aus Mexiko bzw. den innermexikanischen Transit erforderlich sind. Das Tracking von Sendungen mit aus Mexiko exportierten Waren gew\u00e4hrleistet, dass diese vom mexikanischen und US-amerikanischen Zoll abgefertigt werden. Sie werden unmittelbar \u00fcber s\u00e4mtliche Verz\u00f6gerungen, Probleme und Sicherheitsverletzungen in Bezug auf den grenz\u00fcberschreitenden Transport informiert.<\/p>\n<p>Die Tetakawi-Spezialisten f\u00fcr US-Zollangelegenheiten fungieren als Bindeglied zwischen Ihnen und den US-Zollagenten sowie -Beh\u00f6rden. Sie sorgen f\u00fcr Compliance in Zusammenhang mit NAFTA-Exportzertifikaten, Klassifizierung, Ursprungsregeln, Informationspflicht, angemessener Sorgfalt, C-TPAT und Buchf\u00fchrung.<\/p>\n<p>&nbsp;<\/p>\n<h3>Praktische Import\/Export-Technologie<\/h3>\n<p>Unser kundenspezifisches Import\/Export-System mit EDI-Funktionen sorgt f\u00fcr eine deutlich effizientere Ausfertigung von Handelsrechnungen. Das interaktive System erm\u00f6glicht die direkte Eingabe der f\u00fcr die Bearbeitung von Sendungen erforderlichen Daten sowie eine direkte Aktualisierung des Frachtbriefs. Zus\u00e4tzliche Funktionen erm\u00f6glichen das Erstellen von Handelsrechnungen (auch f\u00fcr innermexikanische Transaktionen) sowie deren Versand an s\u00e4mtliche Beteiligten. Weitere Funktionen sind der Bestandsabgleich, die elektronische Buchhaltung und die die Verwaltung von NAFTA-Zertifikaten sowie weiteren erforderlichen Genehmigungen.<\/p>\n<p>Mit unserem kundenspezifischen Cross Dock-System k\u00f6nnen Sie die Sendungsbearbeitung von der Ankunft im Cross Dock bis zum Versand an den Bestimmungsort verfolgen. Au\u00dferdem lassen sich aktuelle und \u00e4ltere Best\u00e4nde anzeigen, die Cross Docks von Tetakawi durchlaufen haben.<\/p>\n<h3>\n\tReady to learn more about Tetakawi Manufacturing Communities?\n\t<\/h3>\n\t\t<h3><\/h3>\n\t\t<p>Contact us to start your Mexico journey within one of our state of the art facilities that maintain world class resources and support services.<\/p>\n\t<a href=\"\/contact\" target=\"_self\" role=\"button\" rel=\"noopener noreferrer\">\n\t\t\t\t\tContact US\n\t<\/a>\n<style>\n\t\t<\/style>\n<\/div><!-- .vgblk-rw-wrapper -->","protected":false},"excerpt":{"rendered":"<p>Import und Export mit Tetakawi Die Import\/Export- und Cross Dock-Teams von Tetakawi sorgen daf\u00fcr, dass s\u00e4mtliche Waren termingerecht und in Einklang mit den Zollbestimmungen zu minimalen Kosten \u00fcber die Grenze bef\u00f6rdert werden. Unsere interaktiven Import\/Export- und Cross Dock-Systeme gew\u00e4hrleisten fehlerfreie Handelsrechnungen und senken die Anzahl der Fehler beim Frachtumschlag. Damit haben Sie die M\u00f6glichkeit, s\u00e4mtliche&#8230;<\/p>\n","protected":false},"author":1,"featured_media":0,"parent":22514,"menu_order":0,"comment_status":"closed","ping_status":"closed","template":"","meta":{"content-type":"","_monsterinsights_skip_tracking":false,"_monsterinsights_sitenote_active":false,"_monsterinsights_sitenote_note":"","_monsterinsights_sitenote_category":0},"yoast_head":"<!-- This site is optimized with the Yoast SEO Premium plugin v20.6 (Yoast SEO v20.6) - https:\/\/yoast.com\/wordpress\/plugins\/seo\/ -->\n<title>Tetakawi | Fertigungscommunity Import und Export<\/title>\n<meta name=\"description\" content=\"Stellen Sie gemeinsam mit unserem Import\/Export-Team Compliance beim grenz\u00fcberschreitenden Transport, die Einhaltung von Handelsbestimmungen und den effizienten Warentransport sicher.\" \/>\n<meta name=\"robots\" content=\"index, follow, max-snippet:-1, max-image-preview:large, max-video-preview:-1\" \/>\n<link rel=\"canonical\" href=\"https:\/\/tetakawi.com\/de\/losung-finden\/fertigungscommunitys\/import-und-export\/\" \/>\n<meta property=\"og:locale\" content=\"de_DE\" \/>\n<meta property=\"og:type\" content=\"article\" \/>\n<meta property=\"og:title\" content=\"Import und Export\" \/>\n<meta property=\"og:description\" content=\"Stellen Sie gemeinsam mit unserem Import\/Export-Team Compliance beim grenz\u00fcberschreitenden Transport, die Einhaltung von Handelsbestimmungen und den effizienten Warentransport sicher.\" \/>\n<meta property=\"og:url\" content=\"https:\/\/tetakawi.com\/de\/losung-finden\/fertigungscommunitys\/import-und-export\/\" \/>\n<meta property=\"og:site_name\" content=\"Tetakawi\" \/>\n<meta property=\"article:modified_time\" content=\"2019-08-06T10:32:12+00:00\" \/>\n<meta name=\"twitter:card\" content=\"summary_large_image\" \/>\n<meta name=\"twitter:label1\" content=\"Gesch\u00e4tzte Lesezeit\" \/>\n\t<meta name=\"twitter:data1\" content=\"3\u00a0Minuten\" \/>\n<script type=\"application\/ld+json\" class=\"yoast-schema-graph\">{\"@context\":\"https:\/\/schema.org\",\"@graph\":[{\"@type\":\"WebPage\",\"@id\":\"https:\/\/tetakawi.com\/de\/losung-finden\/fertigungscommunitys\/import-und-export\/\",\"url\":\"https:\/\/tetakawi.com\/de\/losung-finden\/fertigungscommunitys\/import-und-export\/\",\"name\":\"Tetakawi | Fertigungscommunity Import und Export\",\"isPartOf\":{\"@id\":\"https:\/\/tetakawi.com\/#website\"},\"datePublished\":\"2019-07-10T17:10:24+00:00\",\"dateModified\":\"2019-08-06T10:32:12+00:00\",\"description\":\"Stellen Sie gemeinsam mit unserem Import\/Export-Team Compliance beim grenz\u00fcberschreitenden Transport, die Einhaltung von Handelsbestimmungen und den effizienten Warentransport sicher.\",\"breadcrumb\":{\"@id\":\"https:\/\/tetakawi.com\/de\/losung-finden\/fertigungscommunitys\/import-und-export\/#breadcrumb\"},\"inLanguage\":\"de\",\"potentialAction\":[{\"@type\":\"ReadAction\",\"target\":[\"https:\/\/tetakawi.com\/de\/losung-finden\/fertigungscommunitys\/import-und-export\/\"]}]},{\"@type\":\"BreadcrumbList\",\"@id\":\"https:\/\/tetakawi.com\/de\/losung-finden\/fertigungscommunitys\/import-und-export\/#breadcrumb\",\"itemListElement\":[{\"@type\":\"ListItem\",\"position\":1,\"name\":\"Home\",\"item\":\"https:\/\/tetakawi.com\/de\/\"},{\"@type\":\"ListItem\",\"position\":2,\"name\":\"L\u00f6sung finden\",\"item\":\"https:\/\/tetakawi.com\/de\/losung-finden\/\"},{\"@type\":\"ListItem\",\"position\":3,\"name\":\"Fertigungscommunitys\",\"item\":\"https:\/\/tetakawi.com\/de\/losung-finden\/fertigungscommunitys\/\"},{\"@type\":\"ListItem\",\"position\":4,\"name\":\"Import und Export\"}]},{\"@type\":\"WebSite\",\"@id\":\"https:\/\/tetakawi.com\/#website\",\"url\":\"https:\/\/tetakawi.com\/\",\"name\":\"Tetakawi\",\"description\":\"\",\"publisher\":{\"@id\":\"https:\/\/tetakawi.com\/#organization\"},\"potentialAction\":[{\"@type\":\"SearchAction\",\"target\":{\"@type\":\"EntryPoint\",\"urlTemplate\":\"https:\/\/tetakawi.com\/?s={search_term_string}\"},\"query-input\":\"required name=search_term_string\"}],\"inLanguage\":\"de\"}]}<\/script>\n<!-- \/ Yoast SEO Premium plugin. -->","yoast_head_json":{"title":"Tetakawi | Fertigungscommunity Import und Export","description":"Stellen Sie gemeinsam mit unserem Import\/Export-Team Compliance beim grenz\u00fcberschreitenden Transport, die Einhaltung von Handelsbestimmungen und den effizienten Warentransport sicher.","robots":{"index":"index","follow":"follow","max-snippet":"max-snippet:-1","max-image-preview":"max-image-preview:large","max-video-preview":"max-video-preview:-1"},"canonical":"https:\/\/tetakawi.com\/de\/losung-finden\/fertigungscommunitys\/import-und-export\/","og_locale":"de_DE","og_type":"article","og_title":"Import und Export","og_description":"Stellen Sie gemeinsam mit unserem Import\/Export-Team Compliance beim grenz\u00fcberschreitenden Transport, die Einhaltung von Handelsbestimmungen und den effizienten Warentransport sicher.","og_url":"https:\/\/tetakawi.com\/de\/losung-finden\/fertigungscommunitys\/import-und-export\/","og_site_name":"Tetakawi","article_modified_time":"2019-08-06T10:32:12+00:00","twitter_card":"summary_large_image","twitter_misc":{"Gesch\u00e4tzte Lesezeit":"3\u00a0Minuten"},"schema":{"@context":"https:\/\/schema.org","@graph":[{"@type":"WebPage","@id":"https:\/\/tetakawi.com\/de\/losung-finden\/fertigungscommunitys\/import-und-export\/","url":"https:\/\/tetakawi.com\/de\/losung-finden\/fertigungscommunitys\/import-und-export\/","name":"Tetakawi | Fertigungscommunity Import und Export","isPartOf":{"@id":"https:\/\/tetakawi.com\/#website"},"datePublished":"2019-07-10T17:10:24+00:00","dateModified":"2019-08-06T10:32:12+00:00","description":"Stellen Sie gemeinsam mit unserem Import\/Export-Team Compliance beim grenz\u00fcberschreitenden Transport, die Einhaltung von Handelsbestimmungen und den effizienten Warentransport sicher.","breadcrumb":{"@id":"https:\/\/tetakawi.com\/de\/losung-finden\/fertigungscommunitys\/import-und-export\/#breadcrumb"},"inLanguage":"de","potentialAction":[{"@type":"ReadAction","target":["https:\/\/tetakawi.com\/de\/losung-finden\/fertigungscommunitys\/import-und-export\/"]}]},{"@type":"BreadcrumbList","@id":"https:\/\/tetakawi.com\/de\/losung-finden\/fertigungscommunitys\/import-und-export\/#breadcrumb","itemListElement":[{"@type":"ListItem","position":1,"name":"Home","item":"https:\/\/tetakawi.com\/de\/"},{"@type":"ListItem","position":2,"name":"L\u00f6sung finden","item":"https:\/\/tetakawi.com\/de\/losung-finden\/"},{"@type":"ListItem","position":3,"name":"Fertigungscommunitys","item":"https:\/\/tetakawi.com\/de\/losung-finden\/fertigungscommunitys\/"},{"@type":"ListItem","position":4,"name":"Import und Export"}]},{"@type":"WebSite","@id":"https:\/\/tetakawi.com\/#website","url":"https:\/\/tetakawi.com\/","name":"Tetakawi","description":"","publisher":{"@id":"https:\/\/tetakawi.com\/#organization"},"potentialAction":[{"@type":"SearchAction","target":{"@type":"EntryPoint","urlTemplate":"https:\/\/tetakawi.com\/?s={search_term_string}"},"query-input":"required name=search_term_string"}],"inLanguage":"de"}]}},"_links":{"self":[{"href":"https:\/\/tetakawi.com\/de\/wp-json\/wp\/v2\/pages\/23002"}],"collection":[{"href":"https:\/\/tetakawi.com\/de\/wp-json\/wp\/v2\/pages"}],"about":[{"href":"https:\/\/tetakawi.com\/de\/wp-json\/wp\/v2\/types\/page"}],"author":[{"embeddable":true,"href":"https:\/\/tetakawi.com\/de\/wp-json\/wp\/v2\/users\/1"}],"replies":[{"embeddable":true,"href":"https:\/\/tetakawi.com\/de\/wp-json\/wp\/v2\/comments?post=23002"}],"version-history":[{"count":3,"href":"https:\/\/tetakawi.com\/de\/wp-json\/wp\/v2\/pages\/23002\/revisions"}],"predecessor-version":[{"id":24676,"href":"https:\/\/tetakawi.com\/de\/wp-json\/wp\/v2\/pages\/23002\/revisions\/24676"}],"up":[{"embeddable":true,"href":"https:\/\/tetakawi.com\/de\/wp-json\/wp\/v2\/pages\/22514"}],"wp:attachment":[{"href":"https:\/\/tetakawi.com\/de\/wp-json\/wp\/v2\/media?parent=23002"}],"curies":[{"name":"wp","href":"https:\/\/api.w.org\/{rel}","templated":true}]}}