{"id":22966,"date":"2019-07-10T17:10:22","date_gmt":"2019-07-10T17:10:22","guid":{"rendered":"https:\/\/tetakawi.com\/fertigungscommunitys\/tetakawi-hermosur\/"},"modified":"2019-12-04T19:57:33","modified_gmt":"2019-12-04T19:57:33","slug":"tetakawi-rio-sonora","status":"publish","type":"page","link":"https:\/\/tetakawi.com\/de\/losung-finden\/fertigungscommunitys\/tetakawi-rio-sonora\/","title":{"rendered":"Tetakawi \u2013 Rio Sonora"},"content":{"rendered":"<div class=\"vgblk-rw-wrapper limit-wrapper\">\n<h1>\n\tFertigungscommunity Rio Sonora\n\t<\/h1>\n\t<style>.page-header-line {\n    display: block;\n    width: 60px;\n    height: 1px;\n    background: var(--vamtam-accent-color-4);\n    margin-top: 5px;\n    margin-bottom: 5px;\n    opacity: .7;\n}<\/style>\n\t<p>Hermosillo, Sonora, Mexiko \u2013 Der erste Spatenstich f\u00fcr unsere neueste Fertigungscommunity erfolgte im Mai 2019 und ab Dezember 2019 stehen neue Geb\u00e4ude zur Verf\u00fcgung.<\/p>\n<h2>\n\tWillkommen in Rio Sonora!\n\t<\/h2>\n\t<p>Der erste Spatenstich f\u00fcr unsere neueste Fertigungscommunity in Hermosillo in Sonora, einem der am schnellsten wachsenden Ballungsr\u00e4ume Mexikos, erfolgte im Mai 2019! Rio Sonora kann mit einer gro\u00dfen Pool an Arbeitskr\u00e4ften innerhalb eines Umkreises von 25 Kilometer sowie einer erstklassige Infrastruktur aufwarten. Es bietet damit alles, was Sie f\u00fcr gesch\u00e4ftlichen Erfolg ben\u00f6tigen. Wenn Sie sich im Nordwesten Mexiko niederlassen m\u00f6chten, gibt es keinen besseren Standort f\u00fcr die Gr\u00fcndung, den Betrieb und erfolgreiches Wachstum.<\/p>\n\t\t\t\t\t\t\t\t\t\t<img loading=\"lazy\" src=\"https:\/\/tetakawi.com\/wp-content\/uploads\/2019\/04\/hermosur-layout-tetakawi.jpg\" alt=\"hermosur-layout-tetakawi\" itemprop=\"image\" height=\"300\" width=\"700\" title=\"hermosur-layout-tetakawi\" onerror=\"this.style.display='none'\" sizes=\"(max-width: 768px) 100vw, 100vw\" srcset=\"data:image\/svg+xml;utf8,<svg%20xmlns=&quot;http:\/\/www.w3.org\/2000\/svg&quot;%20viewBox=&quot;0%200%20700%20300&quot;%20height=&quot;300px&quot;%20width=&quot;700px&quot;\/>&#8220; data-srcset=&#8220;https:\/\/tetakawi.com\/wp-content\/uploads\/2019\/04\/hermosur-layout-tetakawi.jpg 700w, https:\/\/tetakawi.com\/wp-content\/uploads\/2019\/04\/hermosur-layout-tetakawi-300&#215;129.jpg 300w, https:\/\/tetakawi.com\/wp-content\/uploads\/2019\/04\/hermosur-layout-tetakawi-630&#215;270.jpg 630w, https:\/\/tetakawi.com\/wp-content\/uploads\/2019\/04\/hermosur-layout-tetakawi-420&#215;180.jpg 420w, https:\/\/tetakawi.com\/wp-content\/uploads\/2019\/04\/hermosur-layout-tetakawi-315&#215;135.jpg 315w&#8220;>\t\t\t\t\t\t\t\n<h2>\n\tFeiern Sie wie zahlreiche andere Unternehmen auch Erfolge in Hermosillo!\n\t<\/h2>\n\t<p>Dank einer stabiler grenz\u00fcberschreitenden und inl\u00e4ndischen Verkehrsanbindung und eines kontinuierlichen Investitionsflusses setzen Hersteller aus dem Fahrzeugbau sowie der Luft- und Raumfahrt seit vielen Jahren schon auf Hermosillo als Standort. Entscheiden Sie sich f\u00fcr die neue Fertigungscommunity Rio Sonora und profitieren Sie von den zahlreichen Vorz\u00fcgen von Hermosillo!<\/p>\n\t\t\t\t\t\t\t\t\t\t<img loading=\"lazy\" src=\"https:\/\/tetakawi.com\/wp-content\/uploads\/2019\/04\/map-hermosur-tetakawi.png\" alt=\"map-hermosur-tetakawi\" itemprop=\"image\" height=\"669\" width=\"1061\" title=\"map-hermosur-tetakawi\" onerror=\"this.style.display='none'\" sizes=\"(max-width: 768px) 100vw, 100vw\" srcset=\"data:image\/svg+xml;utf8,<svg%20xmlns=&quot;http:\/\/www.w3.org\/2000\/svg&quot;%20viewBox=&quot;0%200%201061%20669&quot;%20height=&quot;669px&quot;%20width=&quot;1061px&quot;\/>&#8220; data-srcset=&#8220;https:\/\/tetakawi.com\/wp-content\/uploads\/2019\/04\/map-hermosur-tetakawi.png 1061w, https:\/\/tetakawi.com\/wp-content\/uploads\/2019\/04\/map-hermosur-tetakawi-300&#215;189.png 300w, https:\/\/tetakawi.com\/wp-content\/uploads\/2019\/04\/map-hermosur-tetakawi-768&#215;484.png 768w, https:\/\/tetakawi.com\/wp-content\/uploads\/2019\/04\/map-hermosur-tetakawi-1024&#215;646.png 1024w, https:\/\/tetakawi.com\/wp-content\/uploads\/2019\/04\/map-hermosur-tetakawi-630&#215;397.png 630w, https:\/\/tetakawi.com\/wp-content\/uploads\/2019\/04\/map-hermosur-tetakawi-420&#215;265.png 420w, https:\/\/tetakawi.com\/wp-content\/uploads\/2019\/04\/map-hermosur-tetakawi-840&#215;530.png 840w, https:\/\/tetakawi.com\/wp-content\/uploads\/2019\/04\/map-hermosur-tetakawi-315&#215;199.png 315w&#8220;>\t\t\t\t\t\t\t\n<h2>\n\tStrategischer Standort\n\t<\/h2>\n\t<p>Hermosillo liegt zentral im nordwestlichen Bundesstaat Sonora, ca. 260 Kilometer s\u00fcdlich der US-Grenze. Der Gro\u00dfraum Hermosillo mit seinen 900.000 Einwohnern kann auf eine lange Fertigungsgeschichte mit hochqualifizierten Arbeitskr\u00e4ften zur\u00fcckblicken.<\/p>\n\t\t\t\t\t\t\t\t\t\t<img loading=\"lazy\" src=\"https:\/\/tetakawi.com\/wp-content\/uploads\/2019\/04\/joint-venture.jpg\" alt=\"Was spricht f\u00fcr eine Fertigung in Mexiko?\" itemprop=\"image\" height=\"667\" width=\"1000\" title=\"Joint Venture\" onerror=\"this.style.display='none'\" sizes=\"(max-width: 768px) 100vw, 100vw\" srcset=\"data:image\/svg+xml;utf8,<svg%20xmlns=&quot;http:\/\/www.w3.org\/2000\/svg&quot;%20viewBox=&quot;0%200%201000%20667&quot;%20height=&quot;667px&quot;%20width=&quot;1000px&quot;\/>&#8220; data-srcset=&#8220;https:\/\/tetakawi.com\/wp-content\/uploads\/2019\/04\/joint-venture.jpg 1000w, https:\/\/tetakawi.com\/wp-content\/uploads\/2019\/04\/joint-venture-300&#215;200.jpg 300w, https:\/\/tetakawi.com\/wp-content\/uploads\/2019\/04\/joint-venture-768&#215;512.jpg 768w, https:\/\/tetakawi.com\/wp-content\/uploads\/2019\/04\/joint-venture-630&#215;420.jpg 630w, https:\/\/tetakawi.com\/wp-content\/uploads\/2019\/04\/joint-venture-420&#215;280.jpg 420w, https:\/\/tetakawi.com\/wp-content\/uploads\/2019\/04\/joint-venture-840&#215;560.jpg 840w, https:\/\/tetakawi.com\/wp-content\/uploads\/2019\/04\/joint-venture-315&#215;210.jpg 315w&#8220;>\t\t\t\t\t\t\t\n<h2>\n\t\u00dcberragende Infrastruktur\n\t<\/h2>\n\t<ul>\n<li><strong>Gesamte Landfl\u00e4che:<\/strong>&nbsp;80 Hektar als Industriegebiet ausgewiesenes Land<\/li>\n<li><strong>Bebaubar:<\/strong>&nbsp;ca. 372.000 m\u00b2 an bebaubaren und konfigurierbaren Gewerbefl\u00e4chen der Klasse A<\/li>\n<li><b>Versorgungsinfrastruktur: <\/b>Umspannwerk, Erdgas, Glasfaser und Wasser.<\/li>\n<li><strong>Sicherheit:<\/strong> Erf\u00fcllt oder \u00fcbertrifft C-TPAT sowie das mexikanische \u00c4quivalent der OEA-Sicherheitsstandards und bietet eine \u00dcberwachung rund um die Uhr.<\/li>\n<li><strong>Ausstattung:<\/strong> Transportservice f\u00fcr Mitarbeiter, medizinische Versorgungsleistungen und Sportanlage.<\/li>\n<\/ul>\n<h2>\n\tSchl\u00fcsselfertige L\u00f6sung\n\t<\/h2>\n\t<p>Bei einem Betrieb in unserer neuen Fertigungscommunity Rio Sonora profitieren Sie von hochmodernen Anlagen und Abl\u00e4ufen sowie einer verbesserten Ausstattung. Konzentrieren Sie sich auf Ihre Kernkompetenz: die Fertigung. Wir k\u00fcmmern uns um alles andere.<\/p>\n\t<h3>Personal<\/h3>\n<p>Lassen Sie sich bei der Personalverwaltung unterst\u00fctzen. Wir k\u00fcmmern uns vom Recruiting bis zur K\u00fcndigung um s\u00e4mtliche Personalangelegenheiten.<\/p>\n<p><a href=\"\/de\/losung-finden\/fertigungscommunitys\/personal\/\">Mehr erfahren<\/a><\/p>\n\t<h3>Import und Export<\/h3>\n<p>Gew\u00e4hrleisten Sie den bestimmungskonformen und schnellen grenz\u00fcberschreitenden Transport Ihrer Waren. Unser Import\/Export-Team sorgt daf\u00fcr, dass s\u00e4mtliche Vorschriften eingehalten werden.<\/p>\n<p><a href=\"\/de\/losung-finden\/fertigungscommunitys\/import-und-export\/\">Mehr erfahren<\/a><\/p>\n\t<h3>Gehalt und Zusatzleistungen<\/h3>\n<p>Bezahlen Sie mithilfe unseres Know-hows und unserer propriet\u00e4ren Software Ihre Mitarbeiter genau, p\u00fcnktlich und unter Einhaltung der arbeitsrechtlichen Bestimmungen Mexikos.<\/p>\n<p><a href=\"\/de\/losung-finden\/fertigungscommunitys\/abwicklung-von-gehaltszahlungen-und-zusatzleistungen\/\">Mehr erfahren<\/a><\/p>\n\t<h3>Buchhaltung und Steuern<\/h3>\n<p>Verlassen Sie sich darauf, dass s\u00e4mtliche Bestimmungen 100%ig eingehalten werden. Unsere Spezialisten sind f\u00fcr Sie da, von der Mehrwertsteuererfassung und -erstattung bis hin zur Steuererkl\u00e4rung u. v. m.<\/p>\n<p><a href=\"\/de\/losung-finden\/fertigungscommunitys\/buchhaltung-und-steuern\/\">Mehr erfahren<\/a><\/p>\n\t<h3>Facilitymanagement<\/h3>\n<p>Gew\u00e4hrleisten Sie einen reibungslosen Betrieb. Unser Facilitymanagementteam unterst\u00fctzt Sie bei der vorbeugenden Wartung, die f\u00fcr maximale Betriebszeiten und Kostensenkungen sorgt.<\/p>\n<p><a href=\"\/de\/losung-finden\/fertigungscommunitys\/facilitymanagement\/\">Mehr erfahren<\/a><\/p>\n\t<h3>Beschaffung<\/h3>\n<p>Nutzen Sie Ihr Budget optimal. Unsere Beschaffungsspezialisten helfen Ihnen, die Kosten von Betriebsmaterialien, Wartung und Instandsetzung, Verpackungsmaterialien sowie andere indirekte Waren- und Dienstleistungskosten zu senken.<\/p>\n<p><a href=\"\/de\/losung-finden\/fertigungscommunitys\/beschaffung\/\">Mehr erfahren<\/a><\/p>\n\t<h3>Umwelt- und Arbeitsschutz<\/h3>\n<p>Sorgen Sie f\u00fcr die Gesundheit und Sicherheit Ihrer Mitarbeiter. Unser Team bildet die Schnittstelle zwischen Ihrem Betrieb in Mexiko und den f\u00fcr Umwelt- und Arbeitsschutz zust\u00e4ndigen Beh\u00f6rden.<\/p>\n<p><a href=\"\/de\/losung-finden\/fertigungscommunitys\/umwelt-und-arbeitsschutz\/\">Mehr erfahren<\/a><\/p>\n\t<h3>Bef\u00f6rderung von Arbeitskr\u00e4ften<\/h3>\n<p>Profitieren Sie von einer f\u00fchrenden Infrastruktur f\u00fcr die Bef\u00f6rderung von Mitarbeitern und stellen Sie sicher, dass diese p\u00fcnktlich bei der Arbeit und wieder zu Hause sind.<\/p>\n<p><a href=\"\/de\/losung-finden\/fertigungscommunitys\/personalbeforderungsmanagement\/\">Mehr erfahren<\/a><\/p>\n\t<h3>Perfekte Kommunikation<\/h3>\n<p>Sie profitieren w\u00e4hrend Vorbereitung, Inbetriebnahme und Betrieb von direkter Kommunikation mit einem eigenen pers\u00f6nlichen Ansprechpartner bei Tetakawi.<\/p>\n<p><a href=\"\/de\/losung-finden\/fertigungscommunitys\/perfekte-kommunikation\/\">Mehr erfahren<\/a><\/p>\n<h2>\n\tWas spricht f\u00fcr die neue Fertigungscommunity Rio Sonora?\n\t<\/h2>\n\t<h3><strong>Schnelle Er\u00f6ffnung<\/strong><\/h3>\n<p>&nbsp;<\/p>\n<p>Er\u00f6ffnung eines eigenen betriebsbereiten Standorts in nur 7 Monaten.<\/p>\n<p>&nbsp;<\/p>\n\t<h3><strong>Business Continuity<\/strong><\/h3>\n<p>&nbsp;<\/p>\n<p>Verhindern Sie Betriebsunterbrechungen dank unserer Infrastruktur, unseren Serviceleistungen und unserem Know-how.<\/p>\n\t<h3><strong>Ausbau der Fertigungskompetenzen<\/strong><\/h3>\n<p>&nbsp;<\/p>\n<p>Erweitern Sie Ihren Betrieb problemlos, indem Sie uns den Ausbau \u00fcberlassen.<\/p>\n<p>&nbsp;<\/p>\n<h2>\n\tStandortplan\n\t<\/h2>\n\t\t\t\t\t\t\t\t\t\t<img loading=\"lazy\" src=\"https:\/\/tetakawi.com\/wp-content\/uploads\/2019\/04\/HermoSur-manufacturing-communities-tetakawi.jpg\" alt=\"Fertigungscommunity HermoSur \u2013 Tetakawi\" itemprop=\"image\" height=\"1504\" width=\"2506\" title=\"HermoSur-manufacturing-communities-tetakawi\" onerror=\"this.style.display='none'\" sizes=\"(max-width: 768px) 100vw, 100vw\" srcset=\"data:image\/svg+xml;utf8,<svg%20xmlns=&quot;http:\/\/www.w3.org\/2000\/svg&quot;%20viewBox=&quot;0%200%202506%201504&quot;%20height=&quot;1504px&quot;%20width=&quot;2506px&quot;\/>&#8220; data-srcset=&#8220;https:\/\/tetakawi.com\/wp-content\/uploads\/2019\/04\/HermoSur-manufacturing-communities-tetakawi.jpg 2506w, https:\/\/tetakawi.com\/wp-content\/uploads\/2019\/04\/HermoSur-manufacturing-communities-tetakawi-300&#215;180.jpg 300w, https:\/\/tetakawi.com\/wp-content\/uploads\/2019\/04\/HermoSur-manufacturing-communities-tetakawi-768&#215;461.jpg 768w, https:\/\/tetakawi.com\/wp-content\/uploads\/2019\/04\/HermoSur-manufacturing-communities-tetakawi-1024&#215;615.jpg 1024w, https:\/\/tetakawi.com\/wp-content\/uploads\/2019\/04\/HermoSur-manufacturing-communities-tetakawi-1260&#215;756.jpg 1260w, https:\/\/tetakawi.com\/wp-content\/uploads\/2019\/04\/HermoSur-manufacturing-communities-tetakawi-630&#215;378.jpg 630w, https:\/\/tetakawi.com\/wp-content\/uploads\/2019\/04\/HermoSur-manufacturing-communities-tetakawi-420&#215;252.jpg 420w, https:\/\/tetakawi.com\/wp-content\/uploads\/2019\/04\/HermoSur-manufacturing-communities-tetakawi-840&#215;504.jpg 840w, https:\/\/tetakawi.com\/wp-content\/uploads\/2019\/04\/HermoSur-manufacturing-communities-tetakawi-315&#215;189.jpg 315w&#8220;>\t\t\t\t\t\t\t\n<h2>\n\tStandardgeb\u00e4udeplan\n\t<\/h2>\n\t<table id=\"t19618\">\n<caption>&nbsp;<\/caption>\n<thead>\n<tr>\n<th id=\"t19618_row_0col_0\" colspan=\"1\">Fl\u00e4che<\/th>\n<th id=\"t19618_row_0col_1\" colspan=\"1\">Quadratfu\u00df<\/th>\n<th id=\"t19618_row_0col_2\" colspan=\"1\">Quadratmeter<\/th>\n<\/tr>\n<\/thead>\n<tbody>\n<tr>\n<th id=\"t19618_row_1col_0\" colspan=\"1\">B\u00fcros<\/th>\n<td colspan=\"1\" headers=\"t19618_row_1col_0 t19618_row_0col_1\" data-header=\"S2\">2525,32<\/td>\n<td colspan=\"1\" headers=\"t19618_row_1col_0 t19618_row_0col_2\" data-header=\"M2\">234,61<\/td>\n<\/tr>\n<tr>\n<th id=\"t19618_row_2col_0\" colspan=\"1\">Kantine<\/th>\n<td colspan=\"1\" headers=\"t19618_row_2col_0 t19618_row_0col_1\" data-header=\"S2\">621,83<\/td>\n<td colspan=\"1\" headers=\"t19618_row_2col_0 t19618_row_0col_2\" data-header=\"M2\">57,77<\/td>\n<\/tr>\n<tr>\n<th id=\"t19618_row_3col_0\" colspan=\"1\">Produktionsbereich<\/th>\n<td colspan=\"1\" headers=\"t19618_row_3col_0 t19618_row_0col_1\" data-header=\"S2\">30395,64<\/td>\n<td colspan=\"1\" headers=\"t19618_row_3col_0 t19618_row_0col_2\" data-header=\"M2\">2823,85<\/td>\n<\/tr>\n<tr>\n<th id=\"t19618_row_4col_0\" colspan=\"1\">Toiletten \u2013 Produktionsbereich<\/th>\n<td colspan=\"1\" headers=\"t19618_row_4col_0 t19618_row_0col_1\" data-header=\"S2\">1125,37<\/td>\n<td colspan=\"1\" headers=\"t19618_row_4col_0 t19618_row_0col_2\" data-header=\"M2\">104,55<\/td>\n<\/tr>\n<tr>\n<th id=\"t19618_row_5col_0\" colspan=\"1\">Kompressorraum<\/th>\n<td colspan=\"1\" headers=\"t19618_row_5col_0 t19618_row_0col_1\" data-header=\"S2\">433,35<\/td>\n<td colspan=\"1\" headers=\"t19618_row_5col_0 t19618_row_0col_2\" data-header=\"M2\">40,26<\/td>\n<\/tr>\n<tr>\n<th id=\"t19618_row_6col_0\" colspan=\"1\">M\u00fcllraum<\/th>\n<td colspan=\"1\" headers=\"t19618_row_6col_0 t19618_row_0col_1\" data-header=\"S2\">204,51<\/td>\n<td colspan=\"1\" headers=\"t19618_row_6col_0 t19618_row_0col_2\" data-header=\"M2\">19<\/td>\n<\/tr>\n<tr>\n<th id=\"t19618_row_7col_0\" colspan=\"1\">Chemikalienraum<\/th>\n<td colspan=\"1\" headers=\"t19618_row_7col_0 t19618_row_0col_1\" data-header=\"S2\">274,80<\/td>\n<td colspan=\"1\" headers=\"t19618_row_7col_0 t19618_row_0col_2\" data-header=\"M2\">25,53<\/td>\n<\/tr>\n<tr>\n<th id=\"t19618_row_8col_0\" colspan=\"1\"><strong>Gesamt<\/strong><\/th>\n<td colspan=\"1\" headers=\"t19618_row_8col_0 t19618_row_0col_1\" data-header=\"S2\"><strong>35580,82<\/strong><\/td>\n<td colspan=\"1\" headers=\"t19618_row_8col_0 t19618_row_0col_2\" data-header=\"M2\"><strong>3305,57<\/strong><\/td>\n<\/tr>\n<\/tbody>\n<\/table>\n<h2>\n\tErfahren Sie von Ihrem Ansprechpartner bei Tetakawi, wie wir Sie bei Betriebsgr\u00fcndung, Betrieb und Wachstum in Rio Sonora unterst\u00fctzen k\u00f6nnen.\n\t<\/h2>\n\t<a href=\"\/de\/kontakt\/\" target=\"_self\" role=\"button\" rel=\"noopener noreferrer\">\n\t\t\t\t\tKontakt\n\t<\/a>\n<\/div><!-- .vgblk-rw-wrapper -->","protected":false},"excerpt":{"rendered":"<p>Fertigungscommunity Rio Sonora Hermosillo, Sonora, Mexiko \u2013 Der erste Spatenstich f\u00fcr unsere neueste Fertigungscommunity erfolgte im Mai 2019 und ab Dezember 2019 stehen neue Geb\u00e4ude zur Verf\u00fcgung. Willkommen in Rio Sonora! Der erste Spatenstich f\u00fcr unsere neueste Fertigungscommunity in Hermosillo in Sonora, einem der am schnellsten wachsenden Ballungsr\u00e4ume Mexikos, erfolgte im Mai 2019! Rio Sonora&#8230;<\/p>\n","protected":false},"author":2,"featured_media":0,"parent":22514,"menu_order":0,"comment_status":"closed","ping_status":"closed","template":"","meta":{"content-type":"","_monsterinsights_skip_tracking":false,"_monsterinsights_sitenote_active":false,"_monsterinsights_sitenote_note":"","_monsterinsights_sitenote_category":0},"yoast_head":"<!-- This site is optimized with the Yoast SEO Premium plugin v20.6 (Yoast SEO v20.6) - https:\/\/yoast.com\/wordpress\/plugins\/seo\/ -->\n<title>Tetakawi | Fertigungscommunity Tetakawi \u2013 Rio Sonora<\/title>\n<meta name=\"description\" content=\"HermoSur mit Sitz in Hermosillo im Bundesstaat Sonora bietet die Arbeitskr\u00e4fte und Logistikinfrastruktur, die Sie f\u00fcr eine erfolgreiche Fertigung in Mexiko ben\u00f6tigen.\" \/>\n<meta name=\"robots\" content=\"index, follow, max-snippet:-1, max-image-preview:large, max-video-preview:-1\" \/>\n<link rel=\"canonical\" href=\"https:\/\/tetakawi.com\/de\/losung-finden\/fertigungscommunitys\/tetakawi-rio-sonora\/\" \/>\n<meta property=\"og:locale\" content=\"de_DE\" \/>\n<meta property=\"og:type\" content=\"article\" \/>\n<meta property=\"og:title\" content=\"Tetakawi \u2013 Rio Sonora\" \/>\n<meta property=\"og:description\" content=\"HermoSur mit Sitz in Hermosillo im Bundesstaat Sonora bietet die Arbeitskr\u00e4fte und Logistikinfrastruktur, die Sie f\u00fcr eine erfolgreiche Fertigung in Mexiko ben\u00f6tigen.\" \/>\n<meta property=\"og:url\" content=\"https:\/\/tetakawi.com\/de\/losung-finden\/fertigungscommunitys\/tetakawi-rio-sonora\/\" \/>\n<meta property=\"og:site_name\" content=\"Tetakawi\" \/>\n<meta property=\"article:modified_time\" content=\"2019-12-04T19:57:33+00:00\" \/>\n<meta property=\"og:image\" content=\"https:\/\/tetakawi.com\/wp-content\/uploads\/2019\/04\/hermosur-layout-tetakawi.jpg\" \/>\n<meta name=\"twitter:card\" content=\"summary_large_image\" \/>\n<meta name=\"twitter:label1\" content=\"Gesch\u00e4tzte Lesezeit\" \/>\n\t<meta name=\"twitter:data1\" content=\"3\u00a0Minuten\" \/>\n<script type=\"application\/ld+json\" class=\"yoast-schema-graph\">{\"@context\":\"https:\/\/schema.org\",\"@graph\":[{\"@type\":\"WebPage\",\"@id\":\"https:\/\/tetakawi.com\/de\/losung-finden\/fertigungscommunitys\/tetakawi-rio-sonora\/\",\"url\":\"https:\/\/tetakawi.com\/de\/losung-finden\/fertigungscommunitys\/tetakawi-rio-sonora\/\",\"name\":\"Tetakawi | Fertigungscommunity Tetakawi \u2013 Rio Sonora\",\"isPartOf\":{\"@id\":\"https:\/\/tetakawi.com\/#website\"},\"datePublished\":\"2019-07-10T17:10:22+00:00\",\"dateModified\":\"2019-12-04T19:57:33+00:00\",\"description\":\"HermoSur mit Sitz in Hermosillo im Bundesstaat Sonora bietet die Arbeitskr\u00e4fte und Logistikinfrastruktur, die Sie f\u00fcr eine erfolgreiche Fertigung in Mexiko ben\u00f6tigen.\",\"breadcrumb\":{\"@id\":\"https:\/\/tetakawi.com\/de\/losung-finden\/fertigungscommunitys\/tetakawi-rio-sonora\/#breadcrumb\"},\"inLanguage\":\"de\",\"potentialAction\":[{\"@type\":\"ReadAction\",\"target\":[\"https:\/\/tetakawi.com\/de\/losung-finden\/fertigungscommunitys\/tetakawi-rio-sonora\/\"]}]},{\"@type\":\"BreadcrumbList\",\"@id\":\"https:\/\/tetakawi.com\/de\/losung-finden\/fertigungscommunitys\/tetakawi-rio-sonora\/#breadcrumb\",\"itemListElement\":[{\"@type\":\"ListItem\",\"position\":1,\"name\":\"Home\",\"item\":\"https:\/\/tetakawi.com\/de\/\"},{\"@type\":\"ListItem\",\"position\":2,\"name\":\"L\u00f6sung finden\",\"item\":\"https:\/\/tetakawi.com\/de\/losung-finden\/\"},{\"@type\":\"ListItem\",\"position\":3,\"name\":\"Fertigungscommunitys\",\"item\":\"https:\/\/tetakawi.com\/de\/losung-finden\/fertigungscommunitys\/\"},{\"@type\":\"ListItem\",\"position\":4,\"name\":\"Tetakawi \u2013 Rio Sonora\"}]},{\"@type\":\"WebSite\",\"@id\":\"https:\/\/tetakawi.com\/#website\",\"url\":\"https:\/\/tetakawi.com\/\",\"name\":\"Tetakawi\",\"description\":\"\",\"publisher\":{\"@id\":\"https:\/\/tetakawi.com\/#organization\"},\"potentialAction\":[{\"@type\":\"SearchAction\",\"target\":{\"@type\":\"EntryPoint\",\"urlTemplate\":\"https:\/\/tetakawi.com\/?s={search_term_string}\"},\"query-input\":\"required name=search_term_string\"}],\"inLanguage\":\"de\"}]}<\/script>\n<!-- \/ Yoast SEO Premium plugin. -->","yoast_head_json":{"title":"Tetakawi | Fertigungscommunity Tetakawi \u2013 Rio Sonora","description":"HermoSur mit Sitz in Hermosillo im Bundesstaat Sonora bietet die Arbeitskr\u00e4fte und Logistikinfrastruktur, die Sie f\u00fcr eine erfolgreiche Fertigung in Mexiko ben\u00f6tigen.","robots":{"index":"index","follow":"follow","max-snippet":"max-snippet:-1","max-image-preview":"max-image-preview:large","max-video-preview":"max-video-preview:-1"},"canonical":"https:\/\/tetakawi.com\/de\/losung-finden\/fertigungscommunitys\/tetakawi-rio-sonora\/","og_locale":"de_DE","og_type":"article","og_title":"Tetakawi \u2013 Rio Sonora","og_description":"HermoSur mit Sitz in Hermosillo im Bundesstaat Sonora bietet die Arbeitskr\u00e4fte und Logistikinfrastruktur, die Sie f\u00fcr eine erfolgreiche Fertigung in Mexiko ben\u00f6tigen.","og_url":"https:\/\/tetakawi.com\/de\/losung-finden\/fertigungscommunitys\/tetakawi-rio-sonora\/","og_site_name":"Tetakawi","article_modified_time":"2019-12-04T19:57:33+00:00","og_image":[{"url":"https:\/\/tetakawi.com\/wp-content\/uploads\/2019\/04\/hermosur-layout-tetakawi.jpg"}],"twitter_card":"summary_large_image","twitter_misc":{"Gesch\u00e4tzte Lesezeit":"3\u00a0Minuten"},"schema":{"@context":"https:\/\/schema.org","@graph":[{"@type":"WebPage","@id":"https:\/\/tetakawi.com\/de\/losung-finden\/fertigungscommunitys\/tetakawi-rio-sonora\/","url":"https:\/\/tetakawi.com\/de\/losung-finden\/fertigungscommunitys\/tetakawi-rio-sonora\/","name":"Tetakawi | Fertigungscommunity Tetakawi \u2013 Rio Sonora","isPartOf":{"@id":"https:\/\/tetakawi.com\/#website"},"datePublished":"2019-07-10T17:10:22+00:00","dateModified":"2019-12-04T19:57:33+00:00","description":"HermoSur mit Sitz in Hermosillo im Bundesstaat Sonora bietet die Arbeitskr\u00e4fte und Logistikinfrastruktur, die Sie f\u00fcr eine erfolgreiche Fertigung in Mexiko ben\u00f6tigen.","breadcrumb":{"@id":"https:\/\/tetakawi.com\/de\/losung-finden\/fertigungscommunitys\/tetakawi-rio-sonora\/#breadcrumb"},"inLanguage":"de","potentialAction":[{"@type":"ReadAction","target":["https:\/\/tetakawi.com\/de\/losung-finden\/fertigungscommunitys\/tetakawi-rio-sonora\/"]}]},{"@type":"BreadcrumbList","@id":"https:\/\/tetakawi.com\/de\/losung-finden\/fertigungscommunitys\/tetakawi-rio-sonora\/#breadcrumb","itemListElement":[{"@type":"ListItem","position":1,"name":"Home","item":"https:\/\/tetakawi.com\/de\/"},{"@type":"ListItem","position":2,"name":"L\u00f6sung finden","item":"https:\/\/tetakawi.com\/de\/losung-finden\/"},{"@type":"ListItem","position":3,"name":"Fertigungscommunitys","item":"https:\/\/tetakawi.com\/de\/losung-finden\/fertigungscommunitys\/"},{"@type":"ListItem","position":4,"name":"Tetakawi \u2013 Rio Sonora"}]},{"@type":"WebSite","@id":"https:\/\/tetakawi.com\/#website","url":"https:\/\/tetakawi.com\/","name":"Tetakawi","description":"","publisher":{"@id":"https:\/\/tetakawi.com\/#organization"},"potentialAction":[{"@type":"SearchAction","target":{"@type":"EntryPoint","urlTemplate":"https:\/\/tetakawi.com\/?s={search_term_string}"},"query-input":"required name=search_term_string"}],"inLanguage":"de"}]}},"_links":{"self":[{"href":"https:\/\/tetakawi.com\/de\/wp-json\/wp\/v2\/pages\/22966"}],"collection":[{"href":"https:\/\/tetakawi.com\/de\/wp-json\/wp\/v2\/pages"}],"about":[{"href":"https:\/\/tetakawi.com\/de\/wp-json\/wp\/v2\/types\/page"}],"author":[{"embeddable":true,"href":"https:\/\/tetakawi.com\/de\/wp-json\/wp\/v2\/users\/2"}],"replies":[{"embeddable":true,"href":"https:\/\/tetakawi.com\/de\/wp-json\/wp\/v2\/comments?post=22966"}],"version-history":[{"count":5,"href":"https:\/\/tetakawi.com\/de\/wp-json\/wp\/v2\/pages\/22966\/revisions"}],"predecessor-version":[{"id":25398,"href":"https:\/\/tetakawi.com\/de\/wp-json\/wp\/v2\/pages\/22966\/revisions\/25398"}],"up":[{"embeddable":true,"href":"https:\/\/tetakawi.com\/de\/wp-json\/wp\/v2\/pages\/22514"}],"wp:attachment":[{"href":"https:\/\/tetakawi.com\/de\/wp-json\/wp\/v2\/media?parent=22966"}],"curies":[{"name":"wp","href":"https:\/\/api.w.org\/{rel}","templated":true}]}}