{"id":22961,"date":"2019-07-10T17:10:22","date_gmt":"2019-07-10T17:10:22","guid":{"rendered":"https:\/\/tetakawi.com\/fertigungscommunitys\/beschaffung\/"},"modified":"2019-08-06T10:21:22","modified_gmt":"2019-08-06T10:21:22","slug":"beschaffung","status":"publish","type":"page","link":"https:\/\/tetakawi.com\/de\/losung-finden\/fertigungscommunitys\/beschaffung\/","title":{"rendered":"Beschaffung"},"content":{"rendered":"<div class=\"vgblk-rw-wrapper limit-wrapper\">\n\t<h3>Tetakawi \u2013 Beschaffung<\/h3>\n<p>Dank einer \u00fcber 30-j\u00e4hrigen Erfahrung verf\u00fcgt das Beschaffungsteam von Tetakawi \u00fcber das n\u00f6tige Know-how zum Aufbau verl\u00e4sslicher Beziehungen zu lokalen und regionalen Lieferanten und Anbietern. Als Ihr vertrauensw\u00fcrdiger Partner k\u00f6nnen wir Skaleneffekte zur Aushandlung der besten Preise nutzen. Au\u00dferdem profitieren Sie mit uns bei der Auswahl von Dienstleistern und Anbietern f\u00fcr Wartung, Reparatur und Betrieb von optimalen Optionen. Unser Beschaffungsteam pflegt eine stets aktuelle Datenbank und sorgt daf\u00fcr, dass der Einkauf f\u00fcr Ihre MRO-G\u00fcter und Services so kosteng\u00fcnstig wie m\u00f6glich ist.<\/p>\n<p>&nbsp;<\/p>\n<h3>Von Tetakawi gepr\u00fcfte lokale Anbieter und Dienstleister<\/h3>\n<p>Unser Beschaffungsteam pflegt eine Master-Datenbank mit Anbietern und Lieferanten, die Ihnen g\u00fcnstige Preise f\u00fcr Produkte und Services sichert. Lokale Lieferanten und Dienstleister werden sorgf\u00e4ltig ausgew\u00e4hlt, um sicherzustellen, dass sie den Anforderungen f\u00fcr von Tetakawi gepr\u00fcfte Anbieter sowie den Anforderungen der mexikanischen Steuerbeh\u00f6rde zur Einziehung der Mehrwertsteuer (MwSt.) entsprechen. Die Leistung unserer Anbieter und Lieferanten wird regelm\u00e4\u00dfig anhand Ihres Feedbacks gepr\u00fcft und unser Beschaffungsteam behebt ggf. auftretende Unstimmigkeiten oder Probleme.<\/p>\n<p>&nbsp;<\/p>\n<h3>Komfortable Datenbank f\u00fcr Anbieter und Dienstleister<\/h3>\n<p>Als Kunde von Tetakawi haben Sie Zugriff auf ein interaktives Portal, das mit unserer Master-Datenbank f\u00fcr die Beschaffung von MRO-Best\u00e4nden und -Services verkn\u00fcpft ist. Unser Beschaffungsteam verhandelt mit Anbietern Mengenrabatte sowie Zahlungs- und Lieferbedingungen und aktualisiert die Anbieter- und Lieferantenliste, damit Sie stets \u00fcber aktuelle Informationen verf\u00fcgen und optimale Kaufentscheidungen treffen k\u00f6nnen. Au\u00dferdem wird Ihr Kaufverlauf im System gespeichert und vereinfacht so k\u00fcnftige K\u00e4ufe.<\/p>\n<p>&nbsp;<\/p>\n<h3>MRO-Bestellanforderungsprozess<\/h3>\n<p>Wenn eine Bestellanforderung \u00fcbermittelt wird, gehen Auftr\u00e4ge an die jeweiligen Anbieter. Unser Beschaffungsteam gleicht die Anbieterrechnung, den Zustellnachweis und die Buchhaltung miteinander ab.<\/p>\n<p>&nbsp;<\/p>\n<h3>Kosteneinsparungen und Analyseservices<\/h3>\n<p>Wenn Sie m\u00f6chten, erstellt unser Beschaffungsteam Aktivit\u00e4tsberichte und unterst\u00fctzt Sie bei deren Analyse. So k\u00f6nnen Sie bei k\u00fcnftigen Bestellungen Kosteneinsparungen realisieren.<\/p>\n<h3>\n\tReady to learn more about Tetakawi Manufacturing Communities?\n\t<\/h3>\n\t\t<h3><\/h3>\n\t\t<p>Contact us to start your Mexico journey within one of our state of the art facilities that maintain world class resources and support services.<\/p>\n\t<a href=\"\/contact\" target=\"_self\" role=\"button\" rel=\"noopener noreferrer\">\n\t\t\t\t\tContact US\n\t<\/a>\n<style>\n\t\t<\/style>\n<\/div><!-- .vgblk-rw-wrapper -->","protected":false},"excerpt":{"rendered":"<p>Tetakawi \u2013 Beschaffung Dank einer \u00fcber 30-j\u00e4hrigen Erfahrung verf\u00fcgt das Beschaffungsteam von Tetakawi \u00fcber das n\u00f6tige Know-how zum Aufbau verl\u00e4sslicher Beziehungen zu lokalen und regionalen Lieferanten und Anbietern. Als Ihr vertrauensw\u00fcrdiger Partner k\u00f6nnen wir Skaleneffekte zur Aushandlung der besten Preise nutzen. Au\u00dferdem profitieren Sie mit uns bei der Auswahl von Dienstleistern und Anbietern f\u00fcr Wartung,&#8230;<\/p>\n","protected":false},"author":1,"featured_media":0,"parent":22514,"menu_order":0,"comment_status":"closed","ping_status":"closed","template":"","meta":{"content-type":"","_monsterinsights_skip_tracking":false,"_monsterinsights_sitenote_active":false,"_monsterinsights_sitenote_note":"","_monsterinsights_sitenote_category":0},"yoast_head":"<!-- This site is optimized with the Yoast SEO Premium plugin v20.6 (Yoast SEO v20.6) - https:\/\/yoast.com\/wordpress\/plugins\/seo\/ -->\n<title>Tetakawi | Fertigungscommunitys Beschaffung<\/title>\n<meta name=\"description\" content=\"Die Beschaffungsspezialisten von Tetakawi helfen Ihnen, die Kosten von Betriebsmaterialien, Wartung und Instandsetzung, Verpackungsmaterialien sowie andere indirekte Waren- und Dienstleistungskosten zu senken.\" \/>\n<meta name=\"robots\" content=\"index, follow, max-snippet:-1, max-image-preview:large, max-video-preview:-1\" \/>\n<link rel=\"canonical\" href=\"https:\/\/tetakawi.com\/de\/losung-finden\/fertigungscommunitys\/beschaffung\/\" \/>\n<meta property=\"og:locale\" content=\"de_DE\" \/>\n<meta property=\"og:type\" content=\"article\" \/>\n<meta property=\"og:title\" content=\"Beschaffung\" \/>\n<meta property=\"og:description\" content=\"Die Beschaffungsspezialisten von Tetakawi helfen Ihnen, die Kosten von Betriebsmaterialien, Wartung und Instandsetzung, Verpackungsmaterialien sowie andere indirekte Waren- und Dienstleistungskosten zu senken.\" \/>\n<meta property=\"og:url\" content=\"https:\/\/tetakawi.com\/de\/losung-finden\/fertigungscommunitys\/beschaffung\/\" \/>\n<meta property=\"og:site_name\" content=\"Tetakawi\" \/>\n<meta property=\"article:modified_time\" content=\"2019-08-06T10:21:22+00:00\" \/>\n<meta name=\"twitter:card\" content=\"summary_large_image\" \/>\n<meta name=\"twitter:label1\" content=\"Gesch\u00e4tzte Lesezeit\" \/>\n\t<meta name=\"twitter:data1\" content=\"2\u00a0Minuten\" \/>\n<script type=\"application\/ld+json\" class=\"yoast-schema-graph\">{\"@context\":\"https:\/\/schema.org\",\"@graph\":[{\"@type\":\"WebPage\",\"@id\":\"https:\/\/tetakawi.com\/de\/losung-finden\/fertigungscommunitys\/beschaffung\/\",\"url\":\"https:\/\/tetakawi.com\/de\/losung-finden\/fertigungscommunitys\/beschaffung\/\",\"name\":\"Tetakawi | Fertigungscommunitys Beschaffung\",\"isPartOf\":{\"@id\":\"https:\/\/tetakawi.com\/#website\"},\"datePublished\":\"2019-07-10T17:10:22+00:00\",\"dateModified\":\"2019-08-06T10:21:22+00:00\",\"description\":\"Die Beschaffungsspezialisten von Tetakawi helfen Ihnen, die Kosten von Betriebsmaterialien, Wartung und Instandsetzung, Verpackungsmaterialien sowie andere indirekte Waren- und Dienstleistungskosten zu senken.\",\"breadcrumb\":{\"@id\":\"https:\/\/tetakawi.com\/de\/losung-finden\/fertigungscommunitys\/beschaffung\/#breadcrumb\"},\"inLanguage\":\"de\",\"potentialAction\":[{\"@type\":\"ReadAction\",\"target\":[\"https:\/\/tetakawi.com\/de\/losung-finden\/fertigungscommunitys\/beschaffung\/\"]}]},{\"@type\":\"BreadcrumbList\",\"@id\":\"https:\/\/tetakawi.com\/de\/losung-finden\/fertigungscommunitys\/beschaffung\/#breadcrumb\",\"itemListElement\":[{\"@type\":\"ListItem\",\"position\":1,\"name\":\"Home\",\"item\":\"https:\/\/tetakawi.com\/de\/\"},{\"@type\":\"ListItem\",\"position\":2,\"name\":\"L\u00f6sung finden\",\"item\":\"https:\/\/tetakawi.com\/de\/losung-finden\/\"},{\"@type\":\"ListItem\",\"position\":3,\"name\":\"Fertigungscommunitys\",\"item\":\"https:\/\/tetakawi.com\/de\/losung-finden\/fertigungscommunitys\/\"},{\"@type\":\"ListItem\",\"position\":4,\"name\":\"Beschaffung\"}]},{\"@type\":\"WebSite\",\"@id\":\"https:\/\/tetakawi.com\/#website\",\"url\":\"https:\/\/tetakawi.com\/\",\"name\":\"Tetakawi\",\"description\":\"\",\"publisher\":{\"@id\":\"https:\/\/tetakawi.com\/#organization\"},\"potentialAction\":[{\"@type\":\"SearchAction\",\"target\":{\"@type\":\"EntryPoint\",\"urlTemplate\":\"https:\/\/tetakawi.com\/?s={search_term_string}\"},\"query-input\":\"required name=search_term_string\"}],\"inLanguage\":\"de\"}]}<\/script>\n<!-- \/ Yoast SEO Premium plugin. -->","yoast_head_json":{"title":"Tetakawi | Fertigungscommunitys Beschaffung","description":"Die Beschaffungsspezialisten von Tetakawi helfen Ihnen, die Kosten von Betriebsmaterialien, Wartung und Instandsetzung, Verpackungsmaterialien sowie andere indirekte Waren- und Dienstleistungskosten zu senken.","robots":{"index":"index","follow":"follow","max-snippet":"max-snippet:-1","max-image-preview":"max-image-preview:large","max-video-preview":"max-video-preview:-1"},"canonical":"https:\/\/tetakawi.com\/de\/losung-finden\/fertigungscommunitys\/beschaffung\/","og_locale":"de_DE","og_type":"article","og_title":"Beschaffung","og_description":"Die Beschaffungsspezialisten von Tetakawi helfen Ihnen, die Kosten von Betriebsmaterialien, Wartung und Instandsetzung, Verpackungsmaterialien sowie andere indirekte Waren- und Dienstleistungskosten zu senken.","og_url":"https:\/\/tetakawi.com\/de\/losung-finden\/fertigungscommunitys\/beschaffung\/","og_site_name":"Tetakawi","article_modified_time":"2019-08-06T10:21:22+00:00","twitter_card":"summary_large_image","twitter_misc":{"Gesch\u00e4tzte Lesezeit":"2\u00a0Minuten"},"schema":{"@context":"https:\/\/schema.org","@graph":[{"@type":"WebPage","@id":"https:\/\/tetakawi.com\/de\/losung-finden\/fertigungscommunitys\/beschaffung\/","url":"https:\/\/tetakawi.com\/de\/losung-finden\/fertigungscommunitys\/beschaffung\/","name":"Tetakawi | Fertigungscommunitys Beschaffung","isPartOf":{"@id":"https:\/\/tetakawi.com\/#website"},"datePublished":"2019-07-10T17:10:22+00:00","dateModified":"2019-08-06T10:21:22+00:00","description":"Die Beschaffungsspezialisten von Tetakawi helfen Ihnen, die Kosten von Betriebsmaterialien, Wartung und Instandsetzung, Verpackungsmaterialien sowie andere indirekte Waren- und Dienstleistungskosten zu senken.","breadcrumb":{"@id":"https:\/\/tetakawi.com\/de\/losung-finden\/fertigungscommunitys\/beschaffung\/#breadcrumb"},"inLanguage":"de","potentialAction":[{"@type":"ReadAction","target":["https:\/\/tetakawi.com\/de\/losung-finden\/fertigungscommunitys\/beschaffung\/"]}]},{"@type":"BreadcrumbList","@id":"https:\/\/tetakawi.com\/de\/losung-finden\/fertigungscommunitys\/beschaffung\/#breadcrumb","itemListElement":[{"@type":"ListItem","position":1,"name":"Home","item":"https:\/\/tetakawi.com\/de\/"},{"@type":"ListItem","position":2,"name":"L\u00f6sung finden","item":"https:\/\/tetakawi.com\/de\/losung-finden\/"},{"@type":"ListItem","position":3,"name":"Fertigungscommunitys","item":"https:\/\/tetakawi.com\/de\/losung-finden\/fertigungscommunitys\/"},{"@type":"ListItem","position":4,"name":"Beschaffung"}]},{"@type":"WebSite","@id":"https:\/\/tetakawi.com\/#website","url":"https:\/\/tetakawi.com\/","name":"Tetakawi","description":"","publisher":{"@id":"https:\/\/tetakawi.com\/#organization"},"potentialAction":[{"@type":"SearchAction","target":{"@type":"EntryPoint","urlTemplate":"https:\/\/tetakawi.com\/?s={search_term_string}"},"query-input":"required name=search_term_string"}],"inLanguage":"de"}]}},"_links":{"self":[{"href":"https:\/\/tetakawi.com\/de\/wp-json\/wp\/v2\/pages\/22961"}],"collection":[{"href":"https:\/\/tetakawi.com\/de\/wp-json\/wp\/v2\/pages"}],"about":[{"href":"https:\/\/tetakawi.com\/de\/wp-json\/wp\/v2\/types\/page"}],"author":[{"embeddable":true,"href":"https:\/\/tetakawi.com\/de\/wp-json\/wp\/v2\/users\/1"}],"replies":[{"embeddable":true,"href":"https:\/\/tetakawi.com\/de\/wp-json\/wp\/v2\/comments?post=22961"}],"version-history":[{"count":3,"href":"https:\/\/tetakawi.com\/de\/wp-json\/wp\/v2\/pages\/22961\/revisions"}],"predecessor-version":[{"id":24669,"href":"https:\/\/tetakawi.com\/de\/wp-json\/wp\/v2\/pages\/22961\/revisions\/24669"}],"up":[{"embeddable":true,"href":"https:\/\/tetakawi.com\/de\/wp-json\/wp\/v2\/pages\/22514"}],"wp:attachment":[{"href":"https:\/\/tetakawi.com\/de\/wp-json\/wp\/v2\/media?parent=22961"}],"curies":[{"name":"wp","href":"https:\/\/api.w.org\/{rel}","templated":true}]}}