{"id":22951,"date":"2019-07-10T17:10:21","date_gmt":"2019-07-10T17:10:21","guid":{"rendered":"https:\/\/tetakawi.com\/fertigungscommunitys\/personal\/"},"modified":"2020-01-31T23:17:52","modified_gmt":"2020-01-31T23:17:52","slug":"personal","status":"publish","type":"page","link":"https:\/\/tetakawi.com\/de\/losung-finden\/fertigungscommunitys\/personal\/","title":{"rendered":"Personal"},"content":{"rendered":"<div class=\"vgblk-rw-wrapper limit-wrapper\">\n\t<h3>Personal von Tetakawi<\/h3>\n<p>Die umfassende Personalinfrastruktur von Tetakawi basiert auf drei Jahrzehnten Erfahrung. Unser Personalteam gew\u00e4hrleistet, dass sich Ihre Mitarbeiter sicher f\u00fchlen und mit ihrem Arbeitsplatz zufrieden sind. Der besondere Einsatz unseres Personalteams st\u00e4rkt nicht nur die Mitarbeiterbindung, sonder hilft Ihnen auch, Ihr Potenzial voll auszusch\u00f6pfen.<\/p>\n<p>Wir investieren verst\u00e4rkt in Technologie und Schulung, wir behalten \u00c4nderungen und Trends auf den lokalen und regionalen Arbeitsm\u00e4rkten im Auge und verf\u00fcgen \u00fcber ein Personalteam, das sich bestens mit s\u00e4mtlichen Aspekten des Personalmanagements auskennt. Mithilfe unseres eigenen Personalsystems \u00fcbernehmen wir problemlos das Management von \u00fcber 24.000 Mitarbeitern f\u00fcr mehr als 75 Kunden unter strengster Einhaltung des mexikanischen Arbeitsrechts. Als Kunde von Tetakawi erreichen Sie Ihre Produktionsziele dank einer stabilen, bestens ausgebildeten Belegschaft zu wettbewerbsf\u00e4higen Lohnkosten.<\/p>\n<p>&nbsp;<\/p>\n<h3>Recruiting, Auswahl und Einstellung: alles kundenspezifisch<\/h3>\n<p>Wenn Sie auf unser Personalsystem zur\u00fcckgreifen, sucht unser Personalteam geeignete Kandidaten in unserer umfassenden Datenbank. Abh\u00e4ngig von den Ergebnissen dieser Suche kommen weitere interne und externe Ressourcen beim Aufbau eines Kandidatenpools zum Einsatz.<\/p>\n<p>Vielversprechende Kandidaten durchlaufen eine grundlegende medizinische sowie eine Eignungspr\u00fcfung, bevor diese zu einem Vorstellungsgespr\u00e4ch eingeladen werden. Neu eingestellte Mitarbeiter erhalten eine Onboardingschulung hinsichtlich der Arbeit bei Tetakawi sowie der Anlagensicherheit.<\/p>\n<p>&nbsp;<\/p>\n<h3>Weiterf\u00fchrende Schulung und Ausbildung<\/h3>\n<p>Da der Bedarf an Fachkr\u00e4ften weiter steigt, hat Tetakawi in seinen Fertigungscommunitys Schulungscenter eingerichtet, in denen eine Ausbildung an Fertigungsmaschinen sowie weiterf\u00fchrende technische Schulungen stattfinden. Au\u00dferdem stellen wir Mitarbeitern in Zusammenarbeit mit \u00f6rtlichen Handelsverb\u00e4nden und Beh\u00f6rden weitere Schulungsressourcen zur Verf\u00fcgung.<\/p>\n<p>Mitarbeiter m\u00fcssen gem\u00e4\u00df den Vorgaben des Arbeitsministeriums j\u00e4hrlich an Schulungen teilnehmen. Unser Personalteam gew\u00e4hrleistet in Zusammenarbeit mit Ihnen die Einhaltung dieser Vorschrift.<\/p>\n<p>&nbsp;<\/p>\n<h3>Ausf\u00fchrliches Mitarbeiterbeziehungsmanagement<\/h3>\n<p>Tetakawi-Kunden erhalten einen eigenen Personalkoordinator, der als Vermittler bei allt\u00e4glichen Personalverwaltungsaufgaben, Problemen und K\u00fcndigungen fungiert. Au\u00dferdem arbeitet der Personalkoordinator mit weiteren Unternehmensbereichen wie Recruiting, Auswahl und Einstellungen, Lohnbuchhaltung, Sozialversicherung (IMSS), Transport und medizinischer Versorgung zusammen.<\/p>\n<p>Da die Zufriedenheit der Mitarbeiter entscheidend f\u00fcr die Stabilit\u00e4t der Belegschaft ist, erfolgen regelm\u00e4\u00dfige Befragungen zur Arbeitsumgebung sowie \u00c4nderungen entsprechend der Ergebnisse. Wir haben mehrere Programme zur Verbesserung der Arbeits- und Lebensbedingungen der Mitarbeiter in der Fertigungscommunity Empalme ins Leben gerufen, u. a. in den Bereichen Erwachsenenbildung, Eigenheimkredite, Freizeitaktivit\u00e4ten und Kinderbetreuung sowie Feier- und Urlaubstage in Abstimmung mit den Kunden.<\/p>\n<p>Alle einvernehmlichen und nicht einvernehmlichen K\u00fcndigungen m\u00fcssen unter Einhaltung des mexikanischen Arbeitsrechts erfolgen. Unser Personalmanagementteam gew\u00e4hrleistet in enger Zusammenarbeit mit Ihnen, dass s\u00e4mtliche gesetzlich vorgeschriebenen und internen Unterlagen termingerecht angefertigt und Abfindungen zeitnah ausgezahlt werden.<\/p>\n<p>&nbsp;<\/p>\n<h3>Gewerkschaftsbeziehungen<\/h3>\n<p>Die Unternehmensleitung sowie die Personalabteilung von Tetakawi handeln j\u00e4hrlich mit den Gewerkschaften vor Ort die Bestimmungen des jeweiligen Tarifvertrags aus. Unsere Teams suchen dabei einen Ausgleich zwischen Ihren Interessen und jenen des Arbeitsmarktes, sodass der Vertrag f\u00fcr alle Parteien vorteilhaft ist. Au\u00dferdem h\u00e4lt die Personalabteilung regelm\u00e4\u00dfigen Kontakt zu den Gewerkschaften und k\u00fcmmert sich um die Schlichtung s\u00e4mtlicher Konflikte und Streitigkeiten in Zusammenhang mit gewerkschaftlich organisierten Mitarbeitern.<\/p>\n<\/div><!-- .vgblk-rw-wrapper -->","protected":false},"excerpt":{"rendered":"<p>Personal von Tetakawi Die umfassende Personalinfrastruktur von Tetakawi basiert auf drei Jahrzehnten Erfahrung. Unser Personalteam gew\u00e4hrleistet, dass sich Ihre Mitarbeiter sicher f\u00fchlen und mit ihrem Arbeitsplatz zufrieden sind. Der besondere Einsatz unseres Personalteams st\u00e4rkt nicht nur die Mitarbeiterbindung, sonder hilft Ihnen auch, Ihr Potenzial voll auszusch\u00f6pfen. Wir investieren verst\u00e4rkt in Technologie und Schulung, wir behalten&#8230;<\/p>\n","protected":false},"author":1,"featured_media":0,"parent":22514,"menu_order":0,"comment_status":"closed","ping_status":"closed","template":"","meta":{"content-type":"","_monsterinsights_skip_tracking":false,"_monsterinsights_sitenote_active":false,"_monsterinsights_sitenote_note":"","_monsterinsights_sitenote_category":0},"yoast_head":"<!-- This site is optimized with the Yoast SEO Premium plugin v20.6 (Yoast SEO v20.6) - https:\/\/yoast.com\/wordpress\/plugins\/seo\/ -->\n<title>Tetakawi | Fertigungscommunity Personal<\/title>\n<meta name=\"description\" content=\"Gemeinsam mit unserem Personalteam k\u00f6nnen Sie Mitarbeiter in Mexiko rekrutieren, schulen und diesen Zusatzleistungen bieten. Erfahren Sie mehr \u00fcber die Vorteile von Tetakawi f\u00fcr das Personalmanagement.\" \/>\n<meta name=\"robots\" content=\"index, follow, max-snippet:-1, max-image-preview:large, max-video-preview:-1\" \/>\n<link rel=\"canonical\" href=\"https:\/\/tetakawi.com\/de\/losung-finden\/fertigungscommunitys\/personal\/\" \/>\n<meta property=\"og:locale\" content=\"de_DE\" \/>\n<meta property=\"og:type\" content=\"article\" \/>\n<meta property=\"og:title\" content=\"Personal\" \/>\n<meta property=\"og:description\" content=\"Gemeinsam mit unserem Personalteam k\u00f6nnen Sie Mitarbeiter in Mexiko rekrutieren, schulen und diesen Zusatzleistungen bieten. Erfahren Sie mehr \u00fcber die Vorteile von Tetakawi f\u00fcr das Personalmanagement.\" \/>\n<meta property=\"og:url\" content=\"https:\/\/tetakawi.com\/de\/losung-finden\/fertigungscommunitys\/personal\/\" \/>\n<meta property=\"og:site_name\" content=\"Tetakawi\" \/>\n<meta property=\"article:modified_time\" content=\"2020-01-31T23:17:52+00:00\" \/>\n<meta name=\"twitter:card\" content=\"summary_large_image\" \/>\n<meta name=\"twitter:label1\" content=\"Gesch\u00e4tzte Lesezeit\" \/>\n\t<meta name=\"twitter:data1\" content=\"3\u00a0Minuten\" \/>\n<script type=\"application\/ld+json\" class=\"yoast-schema-graph\">{\"@context\":\"https:\/\/schema.org\",\"@graph\":[{\"@type\":\"WebPage\",\"@id\":\"https:\/\/tetakawi.com\/de\/losung-finden\/fertigungscommunitys\/personal\/\",\"url\":\"https:\/\/tetakawi.com\/de\/losung-finden\/fertigungscommunitys\/personal\/\",\"name\":\"Tetakawi | Fertigungscommunity Personal\",\"isPartOf\":{\"@id\":\"https:\/\/tetakawi.com\/#website\"},\"datePublished\":\"2019-07-10T17:10:21+00:00\",\"dateModified\":\"2020-01-31T23:17:52+00:00\",\"description\":\"Gemeinsam mit unserem Personalteam k\u00f6nnen Sie Mitarbeiter in Mexiko rekrutieren, schulen und diesen Zusatzleistungen bieten. Erfahren Sie mehr \u00fcber die Vorteile von Tetakawi f\u00fcr das Personalmanagement.\",\"breadcrumb\":{\"@id\":\"https:\/\/tetakawi.com\/de\/losung-finden\/fertigungscommunitys\/personal\/#breadcrumb\"},\"inLanguage\":\"de\",\"potentialAction\":[{\"@type\":\"ReadAction\",\"target\":[\"https:\/\/tetakawi.com\/de\/losung-finden\/fertigungscommunitys\/personal\/\"]}]},{\"@type\":\"BreadcrumbList\",\"@id\":\"https:\/\/tetakawi.com\/de\/losung-finden\/fertigungscommunitys\/personal\/#breadcrumb\",\"itemListElement\":[{\"@type\":\"ListItem\",\"position\":1,\"name\":\"Home\",\"item\":\"https:\/\/tetakawi.com\/de\/\"},{\"@type\":\"ListItem\",\"position\":2,\"name\":\"L\u00f6sung finden\",\"item\":\"https:\/\/tetakawi.com\/de\/losung-finden\/\"},{\"@type\":\"ListItem\",\"position\":3,\"name\":\"Fertigungscommunitys\",\"item\":\"https:\/\/tetakawi.com\/de\/losung-finden\/fertigungscommunitys\/\"},{\"@type\":\"ListItem\",\"position\":4,\"name\":\"Personal\"}]},{\"@type\":\"WebSite\",\"@id\":\"https:\/\/tetakawi.com\/#website\",\"url\":\"https:\/\/tetakawi.com\/\",\"name\":\"Tetakawi\",\"description\":\"\",\"publisher\":{\"@id\":\"https:\/\/tetakawi.com\/#organization\"},\"potentialAction\":[{\"@type\":\"SearchAction\",\"target\":{\"@type\":\"EntryPoint\",\"urlTemplate\":\"https:\/\/tetakawi.com\/?s={search_term_string}\"},\"query-input\":\"required name=search_term_string\"}],\"inLanguage\":\"de\"}]}<\/script>\n<!-- \/ Yoast SEO Premium plugin. -->","yoast_head_json":{"title":"Tetakawi | Fertigungscommunity Personal","description":"Gemeinsam mit unserem Personalteam k\u00f6nnen Sie Mitarbeiter in Mexiko rekrutieren, schulen und diesen Zusatzleistungen bieten. Erfahren Sie mehr \u00fcber die Vorteile von Tetakawi f\u00fcr das Personalmanagement.","robots":{"index":"index","follow":"follow","max-snippet":"max-snippet:-1","max-image-preview":"max-image-preview:large","max-video-preview":"max-video-preview:-1"},"canonical":"https:\/\/tetakawi.com\/de\/losung-finden\/fertigungscommunitys\/personal\/","og_locale":"de_DE","og_type":"article","og_title":"Personal","og_description":"Gemeinsam mit unserem Personalteam k\u00f6nnen Sie Mitarbeiter in Mexiko rekrutieren, schulen und diesen Zusatzleistungen bieten. Erfahren Sie mehr \u00fcber die Vorteile von Tetakawi f\u00fcr das Personalmanagement.","og_url":"https:\/\/tetakawi.com\/de\/losung-finden\/fertigungscommunitys\/personal\/","og_site_name":"Tetakawi","article_modified_time":"2020-01-31T23:17:52+00:00","twitter_card":"summary_large_image","twitter_misc":{"Gesch\u00e4tzte Lesezeit":"3\u00a0Minuten"},"schema":{"@context":"https:\/\/schema.org","@graph":[{"@type":"WebPage","@id":"https:\/\/tetakawi.com\/de\/losung-finden\/fertigungscommunitys\/personal\/","url":"https:\/\/tetakawi.com\/de\/losung-finden\/fertigungscommunitys\/personal\/","name":"Tetakawi | Fertigungscommunity Personal","isPartOf":{"@id":"https:\/\/tetakawi.com\/#website"},"datePublished":"2019-07-10T17:10:21+00:00","dateModified":"2020-01-31T23:17:52+00:00","description":"Gemeinsam mit unserem Personalteam k\u00f6nnen Sie Mitarbeiter in Mexiko rekrutieren, schulen und diesen Zusatzleistungen bieten. Erfahren Sie mehr \u00fcber die Vorteile von Tetakawi f\u00fcr das Personalmanagement.","breadcrumb":{"@id":"https:\/\/tetakawi.com\/de\/losung-finden\/fertigungscommunitys\/personal\/#breadcrumb"},"inLanguage":"de","potentialAction":[{"@type":"ReadAction","target":["https:\/\/tetakawi.com\/de\/losung-finden\/fertigungscommunitys\/personal\/"]}]},{"@type":"BreadcrumbList","@id":"https:\/\/tetakawi.com\/de\/losung-finden\/fertigungscommunitys\/personal\/#breadcrumb","itemListElement":[{"@type":"ListItem","position":1,"name":"Home","item":"https:\/\/tetakawi.com\/de\/"},{"@type":"ListItem","position":2,"name":"L\u00f6sung finden","item":"https:\/\/tetakawi.com\/de\/losung-finden\/"},{"@type":"ListItem","position":3,"name":"Fertigungscommunitys","item":"https:\/\/tetakawi.com\/de\/losung-finden\/fertigungscommunitys\/"},{"@type":"ListItem","position":4,"name":"Personal"}]},{"@type":"WebSite","@id":"https:\/\/tetakawi.com\/#website","url":"https:\/\/tetakawi.com\/","name":"Tetakawi","description":"","publisher":{"@id":"https:\/\/tetakawi.com\/#organization"},"potentialAction":[{"@type":"SearchAction","target":{"@type":"EntryPoint","urlTemplate":"https:\/\/tetakawi.com\/?s={search_term_string}"},"query-input":"required name=search_term_string"}],"inLanguage":"de"}]}},"_links":{"self":[{"href":"https:\/\/tetakawi.com\/de\/wp-json\/wp\/v2\/pages\/22951"}],"collection":[{"href":"https:\/\/tetakawi.com\/de\/wp-json\/wp\/v2\/pages"}],"about":[{"href":"https:\/\/tetakawi.com\/de\/wp-json\/wp\/v2\/types\/page"}],"author":[{"embeddable":true,"href":"https:\/\/tetakawi.com\/de\/wp-json\/wp\/v2\/users\/1"}],"replies":[{"embeddable":true,"href":"https:\/\/tetakawi.com\/de\/wp-json\/wp\/v2\/comments?post=22951"}],"version-history":[{"count":4,"href":"https:\/\/tetakawi.com\/de\/wp-json\/wp\/v2\/pages\/22951\/revisions"}],"predecessor-version":[{"id":25571,"href":"https:\/\/tetakawi.com\/de\/wp-json\/wp\/v2\/pages\/22951\/revisions\/25571"}],"up":[{"embeddable":true,"href":"https:\/\/tetakawi.com\/de\/wp-json\/wp\/v2\/pages\/22514"}],"wp:attachment":[{"href":"https:\/\/tetakawi.com\/de\/wp-json\/wp\/v2\/media?parent=22951"}],"curies":[{"name":"wp","href":"https:\/\/api.w.org\/{rel}","templated":true}]}}