{"id":22930,"date":"2019-07-10T17:10:21","date_gmt":"2019-07-10T17:10:21","guid":{"rendered":"https:\/\/tetakawi.com\/fertigung-in-mexiko\/wie-lasst-sich-die-fertigung-in-mexiko-gestalten\/"},"modified":"2022-01-17T09:52:24","modified_gmt":"2022-01-17T09:52:24","slug":"wie-lasst-sich-die-fertigung-in-mexiko-gestalten","status":"publish","type":"page","link":"https:\/\/tetakawi.com\/de\/fertigung-in-mexiko\/wie-lasst-sich-die-fertigung-in-mexiko-gestalten\/","title":{"rendered":"Markteintritt Mexiko &#8211; Wie l\u00e4sst sich die Fertigung in Mexiko gestalten?"},"content":{"rendered":"<div class=\"vgblk-rw-wrapper limit-wrapper\">\n\n\t<h4>5 M\u00f6glichkeiten zur Produktfertigung in Mexiko<\/h4>\n<p><strong>Das eigenst\u00e4ndige Modell<\/strong><\/p>\n<p>Obwohl der Name eine Unabh\u00e4ngigkeit von Drittanbietern impliziert, werden bei einem eigenst\u00e4ndigen Fertigungsbetrieb in Mexiko Funktionen wie beispielsweise Recruiting, Lohnmanagement, Import und Export sowie Buchhaltung, die durch spezialisierte Unternehmen effizienter erledigt werden k\u00f6nnen, h\u00e4ufig zun\u00e4chst extern vergeben. Viele Unternehmen bauen jedoch von Anfang an ein komplettes Verwaltungsteam auf und k\u00fcmmern sich selbst um Arbeitskr\u00e4fte, Management und Gesch\u00e4ftsleitung.<\/p>\n<p>F\u00fcr ein eigenst\u00e4ndiges Werk ist in Mexiko in der Regel die Gr\u00fcndung eines neuen Rechtstr\u00e4gers erforderlich. Dieser neue Rechtstr\u00e4ger und die m\u00f6gliche Verkn\u00fcpfung mit einem zugeh\u00f6rigen ausl\u00e4ndischen Unternehmen f\u00fchrt zu Fragen hinsichtlich der Einkommens- und Verbrauchssteuer sowie der Einhaltung von Bestimmungen zu Besch\u00e4ftigung, Handel und Z\u00f6llen, die von kompetenten und seri\u00f6sen Experten auf diesen Gebieten in Mexiko bearbeitet werden k\u00f6nnen.<\/p>\n<p>Die erheblichen Vorabinvestitionen, die f\u00fcr den Aufbau eines neuen Fertigungsbetriebs erforderlich sind, f\u00fchren bei den jeweiligen Unternehmen zu Risiken und lassen Zweifel aufkommen, dass der Betrieb am standort in Mexiko die anvisierten Ziele erreicht. Unternehmen mit eigenst\u00e4ndigem Betrieb haben allerdings die volle Kontrolle. Daher entscheiden sich in der Regel Unternehmen f\u00fcr das eigenst\u00e4ndige Modell, die \u00fcber ein gro\u00dfes Vertrauen in die eigenen F\u00e4higkeiten und Kapazit\u00e4ten verf\u00fcgen.<\/p>\n<p><strong>Das Offshoring-Modell<\/strong><\/p>\n<p>Das <a href=\"\/de\/losung-finden\/supportleistungen\/offshoring-services-von-tetakawi\/\">Offshoring-Fertigungsmodell<\/a> kam in Mexiko in den 1980er-Jahren auf. Bei diesem Modell erhalten ausl\u00e4ndische Fertigungsunternehmen in Mexiko Unterst\u00fctzung beispielsweise bei administrativen und regulatorischen Aufgaben und profitieren von einem geringeren Risiko. Diese Modell kann als Hybrid zwischen eigenst\u00e4ndiger und Auftragsfertigung angesehen werden: Das ausl\u00e4ndische Unternehmen beh\u00e4lt die volle Kontrolle \u00fcber alle produktionsbezogenen Funktionen und Assets, muss jedoch weniger Energie auf administrative und nicht mit der Produktion zusammenh\u00e4ngende Aufgaben aufwenden.<\/p>\n<p>Beim Betrieb \u00fcber ein Offshoring-Unternehmen verf\u00fcgt das ausl\u00e4ndische Unternehmen \u00fcber die vollst\u00e4ndige Kontrolle in den Bereichen Produktionsassets, Technik, Produktionsprozesse, Qualit\u00e4tskontrolle und Lieferkette, das Offshoring-Unternehmen ist jedoch in Mexiko als juristische Person eingetragen. Diese juristische Person ist den mexikanischen Beh\u00f6rden gegen\u00fcber zur Compliance verpflichtet und tritt als Handelspartner der Dienstleister vor Ort auf.<\/p>\n<p>Im englischen Sprachgebrauch wird im Zusammenhang mit \u201eOffshoring&#8220; auch oft der Begriff \u201eShelter&#8220; verwendet, der impliziert, dass das ausl\u00e4ndische Unternehmen vor Arbeits-, Handels- und Steuergesetzen abgeschirmt oder gesch\u00fctzt wird. Tats\u00e4chlich wird das Offshoring-Modell von den mexikanischen Beh\u00f6rden als Modell f\u00fcr Rechtstr\u00e4ger anerkannt, da es sich hierbei um einen bew\u00e4hrten Mechanismus handelt, der ausl\u00e4ndischen Fertigungsunternehmen den Markteinstieg in Mexiko erm\u00f6glicht. Der mexikanische Staat beg\u00fcnstigt Offshoring-Unternehmen bei der Einkommens- sowie der Verbrauchssteuer und gew\u00e4hrt Vorteile beim Import\/Export, um Offshoring-Unternehmen und deren Kunden konsequent zu sch\u00fctzen.<\/p>\n<p>Die weniger als 20 Offshoring-Unternehmen in Mexiko sind \u00fcberwiegend in grenznahen Bundesstaaten angesiedelt, vereinzelt jedoch auch in der Baj\u00edo-Region anzutreffen. Auch wenn Offshoring-Unternehmen letztendlich dieselbe Zielsetzung haben, weist die individuelle betriebliche Ausgestaltung jedoch Unterschiede auf. Die meisten Unternehmen bieten umfassende personalbezogene Services und Kompetenzen f\u00fcr den Import und Export von im Fertigungsbetrieb verwendeten und dort produzierten G\u00fctern.<\/p>\n<p><strong>Das Auftragsfertigungsmodell<\/strong><\/p>\n<p>Die Auftragsfertigung in Mexiko entspricht der in anderen L\u00e4ndern. Im Gegensatz zum eigenst\u00e4ndigen Betrieb befinden sich die Produktionsassets (gr\u00f6\u00dftenteils) im Besitz des Auftragsfertigers in Mexiko, der auch alle <a href=\"https:\/\/insights.tetakawi.com\/de\/5-ways-to-manufacture-in-mexico\">Bereiche der Produktion<\/a> kontrolliert und die Warenproduktion dem ausl\u00e4ndischen Unternehmen in Rechnung stellt. Bei Auftragsfertigern in Mexiko handelt es sich in der Regel um EMS-Anbieter, obwohl die Auftragsfertigung auch in der Textil- und Bekleidungsbranche zunimmt.<\/p>\n<p><strong>Das Fusions- oder \u00dcbernahmemodell<\/strong><\/p>\n<p>Die Fusion eines ausl\u00e4ndischen Unternehmens mit einem etablierten mexikanischen Fertigungsunternehmen (bzw. dessen \u00dcbernahme) kommt bei der Er\u00f6ffnung eines Fertigungsbetriebs in Mexiko seltener zur Anwendung, da sich die meisten etablierten Fertigungsbetriebe in Mexiko, die den Gro\u00dfteil ihrer Produktion exportieren, bereits in der Hand ausl\u00e4ndischer Unternehmen befinden oder mit diesen verbunden sind.<\/p>\n<p>Auch wenn eine Fusion oder \u00dcbernahme die potenziell langwierige und teure Einf\u00fchrung eines effizienten Betriebs in Mexiko deutlich verk\u00fcrzen kann, besteht das Risiko, dass suboptimale Management- und F\u00fchrungsabl\u00e4ufe \u00fcbernommen werden.<\/p>\n<p><strong>Das Joint-Venture-Modell<\/strong><\/p>\n<p>Bei einer Fusion oder \u00dcbernahme handelt es sich um eine Verbindung beider Unternehmen. Das Joint Venture jedoch ist eine Partnerschaft, bei der jeder Partner bestimmte St\u00e4rken einbringt, wodurch ein gemeinsames Ziel erreicht werden soll.<\/p>\n<p>Ein Joint Venture kann sich als lohnende Partnerschaft erweisen, wenn das ausl\u00e4ndische Unternehmen \u00fcber einen eigenen Kundenstamm (wenn es sich z. B. um ein Vertriebs-, Handels- oder Markenunternehmen handelt) und das mexikanische Fertigungsunternehmen \u00fcber die passenden Assets und Kompetenzen verf\u00fcgt, die der Nachfrage des ausl\u00e4ndischen Partners hinsichtlich bestimmter Produktarten entsprechen.<\/p>\n<p>In der Maquiladora-Industrie Mexikos sind Joint Ventures zwischen unabh\u00e4ngigen Parteien eher selten, da jede Maquiladora \u00fcber ein Gegenst\u00fcck im Ausland verf\u00fcgt.<\/p>\n\t\t<h3>Beginnen Sie jetzt mit der Entwicklung Ihrer Strategie f\u00fcr Mexiko.<\/h3>\n\t\t<p>Sprechen Sie mit einem Experten von Tetakawi und erfahren Sie, wie Ihr Unternehmen in Mexiko erfolgreich sein kann.<\/p>\n\t<a href=\"\/de\/kontakt\/\" target=\"_self\" role=\"button\" rel=\"noopener\">\n\t\t\t\t\tKontakt\n\t<\/a>\n\n\n<\/div><!-- .vgblk-rw-wrapper -->","protected":false},"excerpt":{"rendered":"<p>5 M\u00f6glichkeiten zur Produktfertigung in Mexiko Das eigenst\u00e4ndige Modell Obwohl der Name eine Unabh\u00e4ngigkeit von Drittanbietern impliziert, werden bei einem eigenst\u00e4ndigen Fertigungsbetrieb in Mexiko Funktionen wie beispielsweise Recruiting, Lohnmanagement, Import und Export sowie Buchhaltung, die durch spezialisierte Unternehmen effizienter erledigt werden k\u00f6nnen, h\u00e4ufig zun\u00e4chst extern vergeben. Viele Unternehmen bauen jedoch von Anfang an ein komplettes&#8230;<\/p>\n","protected":false},"author":2,"featured_media":0,"parent":22879,"menu_order":2,"comment_status":"closed","ping_status":"closed","template":"","meta":{"content-type":"","_monsterinsights_skip_tracking":false,"_monsterinsights_sitenote_active":false,"_monsterinsights_sitenote_note":"","_monsterinsights_sitenote_category":0},"yoast_head":"<!-- This site is optimized with the Yoast SEO Premium plugin v20.6 (Yoast SEO v20.6) - https:\/\/yoast.com\/wordpress\/plugins\/seo\/ -->\n<title>Tetakawi | Markteintritt Mexiko - Wie l\u00e4sst sich die Fertigung in Mexiko gestalten?<\/title>\n<meta name=\"description\" content=\"Bei der Fertigung in Mexiko bieten sich unterschiedliche M\u00f6glichkeiten f\u00fcr den Markteintritt. Tetakawi unterst\u00fctzt Sie bei der Auswahl des passenden Szenarios f\u00fcr Ihr Unternehmen.\" \/>\n<meta name=\"robots\" content=\"index, follow, max-snippet:-1, max-image-preview:large, max-video-preview:-1\" \/>\n<link rel=\"canonical\" href=\"https:\/\/tetakawi.com\/de\/fertigung-in-mexiko\/wie-lasst-sich-die-fertigung-in-mexiko-gestalten\/\" \/>\n<meta property=\"og:locale\" content=\"de_DE\" \/>\n<meta property=\"og:type\" content=\"article\" \/>\n<meta property=\"og:title\" content=\"Markteintritt Mexiko - Wie l\u00e4sst sich die Fertigung in Mexiko gestalten?\" \/>\n<meta property=\"og:description\" content=\"Bei der Fertigung in Mexiko bieten sich unterschiedliche M\u00f6glichkeiten f\u00fcr den Markteintritt. Tetakawi unterst\u00fctzt Sie bei der Auswahl des passenden Szenarios f\u00fcr Ihr Unternehmen.\" \/>\n<meta property=\"og:url\" content=\"https:\/\/tetakawi.com\/de\/fertigung-in-mexiko\/wie-lasst-sich-die-fertigung-in-mexiko-gestalten\/\" \/>\n<meta property=\"og:site_name\" content=\"Tetakawi\" \/>\n<meta property=\"article:modified_time\" content=\"2022-01-17T09:52:24+00:00\" \/>\n<meta name=\"twitter:card\" content=\"summary_large_image\" \/>\n<meta name=\"twitter:label1\" content=\"Gesch\u00e4tzte Lesezeit\" \/>\n\t<meta name=\"twitter:data1\" content=\"4\u00a0Minuten\" \/>\n<script type=\"application\/ld+json\" class=\"yoast-schema-graph\">{\"@context\":\"https:\/\/schema.org\",\"@graph\":[{\"@type\":\"WebPage\",\"@id\":\"https:\/\/tetakawi.com\/de\/fertigung-in-mexiko\/wie-lasst-sich-die-fertigung-in-mexiko-gestalten\/\",\"url\":\"https:\/\/tetakawi.com\/de\/fertigung-in-mexiko\/wie-lasst-sich-die-fertigung-in-mexiko-gestalten\/\",\"name\":\"Tetakawi | Markteintritt Mexiko - Wie l\u00e4sst sich die Fertigung in Mexiko gestalten?\",\"isPartOf\":{\"@id\":\"https:\/\/tetakawi.com\/#website\"},\"datePublished\":\"2019-07-10T17:10:21+00:00\",\"dateModified\":\"2022-01-17T09:52:24+00:00\",\"description\":\"Bei der Fertigung in Mexiko bieten sich unterschiedliche M\u00f6glichkeiten f\u00fcr den Markteintritt. Tetakawi unterst\u00fctzt Sie bei der Auswahl des passenden Szenarios f\u00fcr Ihr Unternehmen.\",\"breadcrumb\":{\"@id\":\"https:\/\/tetakawi.com\/de\/fertigung-in-mexiko\/wie-lasst-sich-die-fertigung-in-mexiko-gestalten\/#breadcrumb\"},\"inLanguage\":\"de\",\"potentialAction\":[{\"@type\":\"ReadAction\",\"target\":[\"https:\/\/tetakawi.com\/de\/fertigung-in-mexiko\/wie-lasst-sich-die-fertigung-in-mexiko-gestalten\/\"]}]},{\"@type\":\"BreadcrumbList\",\"@id\":\"https:\/\/tetakawi.com\/de\/fertigung-in-mexiko\/wie-lasst-sich-die-fertigung-in-mexiko-gestalten\/#breadcrumb\",\"itemListElement\":[{\"@type\":\"ListItem\",\"position\":1,\"name\":\"Home\",\"item\":\"https:\/\/tetakawi.com\/de\/\"},{\"@type\":\"ListItem\",\"position\":2,\"name\":\"Fertigung in Mexiko\",\"item\":\"https:\/\/tetakawi.com\/de\/fertigung-in-mexiko\/\"},{\"@type\":\"ListItem\",\"position\":3,\"name\":\"Markteintritt Mexiko &#8211; Wie l\u00e4sst sich die Fertigung in Mexiko gestalten?\"}]},{\"@type\":\"WebSite\",\"@id\":\"https:\/\/tetakawi.com\/#website\",\"url\":\"https:\/\/tetakawi.com\/\",\"name\":\"Tetakawi\",\"description\":\"\",\"publisher\":{\"@id\":\"https:\/\/tetakawi.com\/#organization\"},\"potentialAction\":[{\"@type\":\"SearchAction\",\"target\":{\"@type\":\"EntryPoint\",\"urlTemplate\":\"https:\/\/tetakawi.com\/?s={search_term_string}\"},\"query-input\":\"required name=search_term_string\"}],\"inLanguage\":\"de\"}]}<\/script>\n<!-- \/ Yoast SEO Premium plugin. -->","yoast_head_json":{"title":"Tetakawi | Markteintritt Mexiko - Wie l\u00e4sst sich die Fertigung in Mexiko gestalten?","description":"Bei der Fertigung in Mexiko bieten sich unterschiedliche M\u00f6glichkeiten f\u00fcr den Markteintritt. Tetakawi unterst\u00fctzt Sie bei der Auswahl des passenden Szenarios f\u00fcr Ihr Unternehmen.","robots":{"index":"index","follow":"follow","max-snippet":"max-snippet:-1","max-image-preview":"max-image-preview:large","max-video-preview":"max-video-preview:-1"},"canonical":"https:\/\/tetakawi.com\/de\/fertigung-in-mexiko\/wie-lasst-sich-die-fertigung-in-mexiko-gestalten\/","og_locale":"de_DE","og_type":"article","og_title":"Markteintritt Mexiko - Wie l\u00e4sst sich die Fertigung in Mexiko gestalten?","og_description":"Bei der Fertigung in Mexiko bieten sich unterschiedliche M\u00f6glichkeiten f\u00fcr den Markteintritt. Tetakawi unterst\u00fctzt Sie bei der Auswahl des passenden Szenarios f\u00fcr Ihr Unternehmen.","og_url":"https:\/\/tetakawi.com\/de\/fertigung-in-mexiko\/wie-lasst-sich-die-fertigung-in-mexiko-gestalten\/","og_site_name":"Tetakawi","article_modified_time":"2022-01-17T09:52:24+00:00","twitter_card":"summary_large_image","twitter_misc":{"Gesch\u00e4tzte Lesezeit":"4\u00a0Minuten"},"schema":{"@context":"https:\/\/schema.org","@graph":[{"@type":"WebPage","@id":"https:\/\/tetakawi.com\/de\/fertigung-in-mexiko\/wie-lasst-sich-die-fertigung-in-mexiko-gestalten\/","url":"https:\/\/tetakawi.com\/de\/fertigung-in-mexiko\/wie-lasst-sich-die-fertigung-in-mexiko-gestalten\/","name":"Tetakawi | Markteintritt Mexiko - Wie l\u00e4sst sich die Fertigung in Mexiko gestalten?","isPartOf":{"@id":"https:\/\/tetakawi.com\/#website"},"datePublished":"2019-07-10T17:10:21+00:00","dateModified":"2022-01-17T09:52:24+00:00","description":"Bei der Fertigung in Mexiko bieten sich unterschiedliche M\u00f6glichkeiten f\u00fcr den Markteintritt. Tetakawi unterst\u00fctzt Sie bei der Auswahl des passenden Szenarios f\u00fcr Ihr Unternehmen.","breadcrumb":{"@id":"https:\/\/tetakawi.com\/de\/fertigung-in-mexiko\/wie-lasst-sich-die-fertigung-in-mexiko-gestalten\/#breadcrumb"},"inLanguage":"de","potentialAction":[{"@type":"ReadAction","target":["https:\/\/tetakawi.com\/de\/fertigung-in-mexiko\/wie-lasst-sich-die-fertigung-in-mexiko-gestalten\/"]}]},{"@type":"BreadcrumbList","@id":"https:\/\/tetakawi.com\/de\/fertigung-in-mexiko\/wie-lasst-sich-die-fertigung-in-mexiko-gestalten\/#breadcrumb","itemListElement":[{"@type":"ListItem","position":1,"name":"Home","item":"https:\/\/tetakawi.com\/de\/"},{"@type":"ListItem","position":2,"name":"Fertigung in Mexiko","item":"https:\/\/tetakawi.com\/de\/fertigung-in-mexiko\/"},{"@type":"ListItem","position":3,"name":"Markteintritt Mexiko &#8211; Wie l\u00e4sst sich die Fertigung in Mexiko gestalten?"}]},{"@type":"WebSite","@id":"https:\/\/tetakawi.com\/#website","url":"https:\/\/tetakawi.com\/","name":"Tetakawi","description":"","publisher":{"@id":"https:\/\/tetakawi.com\/#organization"},"potentialAction":[{"@type":"SearchAction","target":{"@type":"EntryPoint","urlTemplate":"https:\/\/tetakawi.com\/?s={search_term_string}"},"query-input":"required name=search_term_string"}],"inLanguage":"de"}]}},"_links":{"self":[{"href":"https:\/\/tetakawi.com\/de\/wp-json\/wp\/v2\/pages\/22930"}],"collection":[{"href":"https:\/\/tetakawi.com\/de\/wp-json\/wp\/v2\/pages"}],"about":[{"href":"https:\/\/tetakawi.com\/de\/wp-json\/wp\/v2\/types\/page"}],"author":[{"embeddable":true,"href":"https:\/\/tetakawi.com\/de\/wp-json\/wp\/v2\/users\/2"}],"replies":[{"embeddable":true,"href":"https:\/\/tetakawi.com\/de\/wp-json\/wp\/v2\/comments?post=22930"}],"version-history":[{"count":5,"href":"https:\/\/tetakawi.com\/de\/wp-json\/wp\/v2\/pages\/22930\/revisions"}],"predecessor-version":[{"id":27944,"href":"https:\/\/tetakawi.com\/de\/wp-json\/wp\/v2\/pages\/22930\/revisions\/27944"}],"up":[{"embeddable":true,"href":"https:\/\/tetakawi.com\/de\/wp-json\/wp\/v2\/pages\/22879"}],"wp:attachment":[{"href":"https:\/\/tetakawi.com\/de\/wp-json\/wp\/v2\/media?parent=22930"}],"curies":[{"name":"wp","href":"https:\/\/api.w.org\/{rel}","templated":true}]}}