{"id":22882,"date":"2019-07-10T17:10:19","date_gmt":"2019-07-10T17:10:19","guid":{"rendered":"https:\/\/tetakawi.com\/fertigungscommunitys\/facilitymanagement\/"},"modified":"2019-08-06T10:24:25","modified_gmt":"2019-08-06T10:24:25","slug":"facilitymanagement","status":"publish","type":"page","link":"https:\/\/tetakawi.com\/de\/losung-finden\/fertigungscommunitys\/facilitymanagement\/","title":{"rendered":"Facilitymanagement"},"content":{"rendered":"<div class=\"vgblk-rw-wrapper limit-wrapper\">\n\t<h3>Facilitymanagement von Tetakawi<\/h3>\n<p>Unsere Facilitymanagementteams sorgen daf\u00fcr, dass unsere Industrieparks rund um die Uhr sicher und in einwandfreiem Zustand sind. Unsere Experten unterhalten langj\u00e4hrige Beziehungen zu Dienstleistern sowie Anbietern und verf\u00fcgen \u00fcber die technischen Fachkenntnisse zur effizienten Behebung s\u00e4mtlicher Probleme, die in Zusammenhang mit Geb\u00e4uden auftreten k\u00f6nnen.<\/p>\n<p>Mit Industriefl\u00e4chen von \u00fcber 370.000 m\u00b2 in seinen Fertigungscommunitys bietet Tetakawi reichlich Platz f\u00fcr die Expansion. Ganz gleich, wie gro\u00df Ihr Unternehmen ist, unsere Facilitymanagementteams gew\u00e4hrleisten eine saubere Arbeitsumgebung in exzellentem Zustand, die optimale Produktionsergebnisse erm\u00f6glicht.<\/p>\n<p>&nbsp;<\/p>\n<h3>Sicherheit und Wartung der Industrieparks auf h\u00f6chstem Niveau<\/h3>\n<p>Die Sicherheit von Personal und Anlagen hat bei Tetakawi oberste Priorit\u00e4t. Jede Fertigungscommunity zeichnet sich durch Sicherheitsma\u00dfnahmen gem\u00e4\u00df OEA (vergleichbar mit C-TPAT) aus. Die Industrieparks und Ihre Anlagen sind mit \u00dcberwachungstechnik ausgestattet. Die Industrieparks unterliegen einer strengen Zugangskontrolle, Gewerbefahrzeuge werden bei der Einfahrt eingehend gepr\u00fcft. Das Wachpersonal ist rund um die Uhr im Dienst und f\u00fchrt regelm\u00e4\u00dfige sowie freie Rundg\u00e4nge durch. Das Sicherheitspersonal wird fortlaufend und umfassend geschult, sodass es auf jede Sicherheitsverletzung und jeden Notfall unmittelbar reagieren kann.<\/p>\n<p>&nbsp;<\/p>\n<p>Tetakawi legt au\u00dferdem gro\u00dfen Wert auf das Erscheinungsbild und die fortlaufende Instandhaltung seiner Industrieparks. Geplante vorbeugende Wartungsarbeiten sowie die t\u00e4gliche Instandhaltung gew\u00e4hrleisten den herausragenden Zustand unserer Industrieparks:<\/p>\n<p>&nbsp;<\/p>\n<ul>\n<li>Gemeinschaftsbereiche, einschlie\u00dflich Sportpl\u00e4tzen<\/li>\n<li>Stra\u00dfen, Parkfl\u00e4chen, Ampelanlagen und Beleuchtung<\/li>\n<li>Landschaftsgestaltung und Sch\u00e4dlingsbek\u00e4mpfung<\/li>\n<li>Instandhaltung der Z\u00e4une<\/li>\n<li>Wasserversorgung und Abwasserentsorgung<\/li>\n<li>Ablesung der Wasserz\u00e4hler<\/li>\n<li>Organisation der Abfallbeseitigung<\/li>\n<li>Hydranten und andere Brandbek\u00e4mpfungsanlagen<\/li>\n<li>Kontrolle von Strom-, Gas-, Telefon- und Datenleitungen<\/li>\n<\/ul>\n<p>&nbsp;<\/p>\n<h3>Geb\u00e4udeinstandhaltung und -reparatur<\/h3>\n<p>Kunden von Tetakawi k\u00f6nnen sich darauf verlassen, dass sich ihre Anlagen in unseren Fertigungscommunitys stets in vertragsgem\u00e4\u00dfem Zustand befinden. Zu unseren Facilitymanagementteams geh\u00f6ren Fachleute f\u00fcr Geb\u00e4udeinstandhaltung und -reparatur, die sich aller Probleme annehmen. Zu den durchgef\u00fchrten Services geh\u00f6ren u. a.:<\/p>\n<p>&nbsp;<\/p>\n<ul>\n<li>Versorgung (Strom, Wasser, Abwasser), Heizung-, L\u00fcftungs- und Klimaanlagen, Kommunikationsleitungen, Sanit\u00e4ranlagen, Geb\u00e4udereinigung f\u00fcr Nichtproduktionsumgebungen (B\u00fcros, Toiletten, Pausenr\u00e4ume usw.) und Sch\u00e4dlingsbek\u00e4mpfung<\/li>\n<li>J\u00e4hrliche vorbeugende Wartung an Geb\u00e4uden, einschlie\u00dflich der Originalausstattung<\/li>\n<\/ul>\n<p>&nbsp;<\/p>\n<h3>Verl\u00e4ssliche Dienstleisterbeziehungen<\/h3>\n<p>Um herausragenden Service bieten zu k\u00f6nnen und Produktionsunterbrechungen so kurz wie m\u00f6glich zu halten, verf\u00fcgen unsere Facilitymanagementteams \u00fcber verl\u00e4ssliche Beziehungen mit zugelassenen Dienstleistern und Lieferanten wie dem staatlichen Versorger CFE, Datenanbietern, Wasserversorgern und Entsorgungsbetrieben sowie weiteren privaten Subunternehmern.<\/p>\n<p>&nbsp;<\/p>\n<h3>\u00c4nderungen im Auftrag von Mietern<\/h3>\n<p>Sollten \u00c4nderungen erforderlich sein, um das gemietete Geb\u00e4ude besser auf Ihre Anforderungen bei der Produktion abzustimmen, arbeiten unsere Facilitymanagementteams eng mit Ihnen zusammen, um sicherzustellen, dass die Installation zus\u00e4tzlicher Ausr\u00fcstung und Infrastruktur ordnungsgem\u00e4\u00df erfolgt. Die einfache und effiziente Optimierung umfasst:<\/p>\n<p>&nbsp;<\/p>\n<ul>\n<li>Pr\u00fcfung der Planung und ggf. Bereitstellung von Empfehlungen<\/li>\n<li>Beauftragung der von Tetakawi zugelassenen Subunternehmer, deren Angebot und Preise umfassend von uns kontrolliert werden<\/li>\n<li>\u00dcberwachung s\u00e4mtlicher von Subunternehmern durchgef\u00fchrten Arbeiten hinsichtlich geltender Bestimmungen und Normen<\/li>\n<\/ul>\n<h3>\n\tReady to learn more about Tetakawi Manufacturing Communities?\n\t<\/h3>\n\t\t<h3><\/h3>\n\t\t<p>Contact us to start your Mexico journey within one of our state of the art facilities that maintain world class resources and support services.<\/p>\n\t<a href=\"\/contact\" target=\"_self\" role=\"button\" rel=\"noopener noreferrer\">\n\t\t\t\t\tContact US\n\t<\/a>\n<style>\n\t\t<\/style>\n<\/div><!-- .vgblk-rw-wrapper -->","protected":false},"excerpt":{"rendered":"<p>Facilitymanagement von Tetakawi Unsere Facilitymanagementteams sorgen daf\u00fcr, dass unsere Industrieparks rund um die Uhr sicher und in einwandfreiem Zustand sind. Unsere Experten unterhalten langj\u00e4hrige Beziehungen zu Dienstleistern sowie Anbietern und verf\u00fcgen \u00fcber die technischen Fachkenntnisse zur effizienten Behebung s\u00e4mtlicher Probleme, die in Zusammenhang mit Geb\u00e4uden auftreten k\u00f6nnen. Mit Industriefl\u00e4chen von \u00fcber 370.000 m\u00b2 in seinen&#8230;<\/p>\n","protected":false},"author":1,"featured_media":0,"parent":22514,"menu_order":0,"comment_status":"closed","ping_status":"closed","template":"","meta":{"content-type":"","_monsterinsights_skip_tracking":false,"_monsterinsights_sitenote_active":false,"_monsterinsights_sitenote_note":"","_monsterinsights_sitenote_category":0},"yoast_head":"<!-- This site is optimized with the Yoast SEO Premium plugin v20.6 (Yoast SEO v20.6) - https:\/\/yoast.com\/wordpress\/plugins\/seo\/ -->\n<title>Tetakawi | Fertigungscommunitys Facilitymanagement<\/title>\n<meta name=\"description\" content=\"Alle Fertigungscommunitys von Tetakawi sind ISO 9001-konform und werden von den weltweit besten Facilitymanagementteams betreut. Informieren Sie sich jetzt, wie Sie den Betrieb aufnehmen k\u00f6nnen.\" \/>\n<meta name=\"robots\" content=\"index, follow, max-snippet:-1, max-image-preview:large, max-video-preview:-1\" \/>\n<link rel=\"canonical\" href=\"https:\/\/tetakawi.com\/de\/losung-finden\/fertigungscommunitys\/facilitymanagement\/\" \/>\n<meta property=\"og:locale\" content=\"de_DE\" \/>\n<meta property=\"og:type\" content=\"article\" \/>\n<meta property=\"og:title\" content=\"Facilitymanagement\" \/>\n<meta property=\"og:description\" content=\"Alle Fertigungscommunitys von Tetakawi sind ISO 9001-konform und werden von den weltweit besten Facilitymanagementteams betreut. Informieren Sie sich jetzt, wie Sie den Betrieb aufnehmen k\u00f6nnen.\" \/>\n<meta property=\"og:url\" content=\"https:\/\/tetakawi.com\/de\/losung-finden\/fertigungscommunitys\/facilitymanagement\/\" \/>\n<meta property=\"og:site_name\" content=\"Tetakawi\" \/>\n<meta property=\"article:modified_time\" content=\"2019-08-06T10:24:25+00:00\" \/>\n<meta name=\"twitter:card\" content=\"summary_large_image\" \/>\n<meta name=\"twitter:label1\" content=\"Gesch\u00e4tzte Lesezeit\" \/>\n\t<meta name=\"twitter:data1\" content=\"3\u00a0Minuten\" \/>\n<script type=\"application\/ld+json\" class=\"yoast-schema-graph\">{\"@context\":\"https:\/\/schema.org\",\"@graph\":[{\"@type\":\"WebPage\",\"@id\":\"https:\/\/tetakawi.com\/de\/losung-finden\/fertigungscommunitys\/facilitymanagement\/\",\"url\":\"https:\/\/tetakawi.com\/de\/losung-finden\/fertigungscommunitys\/facilitymanagement\/\",\"name\":\"Tetakawi | Fertigungscommunitys Facilitymanagement\",\"isPartOf\":{\"@id\":\"https:\/\/tetakawi.com\/#website\"},\"datePublished\":\"2019-07-10T17:10:19+00:00\",\"dateModified\":\"2019-08-06T10:24:25+00:00\",\"description\":\"Alle Fertigungscommunitys von Tetakawi sind ISO 9001-konform und werden von den weltweit besten Facilitymanagementteams betreut. Informieren Sie sich jetzt, wie Sie den Betrieb aufnehmen k\u00f6nnen.\",\"breadcrumb\":{\"@id\":\"https:\/\/tetakawi.com\/de\/losung-finden\/fertigungscommunitys\/facilitymanagement\/#breadcrumb\"},\"inLanguage\":\"de\",\"potentialAction\":[{\"@type\":\"ReadAction\",\"target\":[\"https:\/\/tetakawi.com\/de\/losung-finden\/fertigungscommunitys\/facilitymanagement\/\"]}]},{\"@type\":\"BreadcrumbList\",\"@id\":\"https:\/\/tetakawi.com\/de\/losung-finden\/fertigungscommunitys\/facilitymanagement\/#breadcrumb\",\"itemListElement\":[{\"@type\":\"ListItem\",\"position\":1,\"name\":\"Home\",\"item\":\"https:\/\/tetakawi.com\/de\/\"},{\"@type\":\"ListItem\",\"position\":2,\"name\":\"L\u00f6sung finden\",\"item\":\"https:\/\/tetakawi.com\/de\/losung-finden\/\"},{\"@type\":\"ListItem\",\"position\":3,\"name\":\"Fertigungscommunitys\",\"item\":\"https:\/\/tetakawi.com\/de\/losung-finden\/fertigungscommunitys\/\"},{\"@type\":\"ListItem\",\"position\":4,\"name\":\"Facilitymanagement\"}]},{\"@type\":\"WebSite\",\"@id\":\"https:\/\/tetakawi.com\/#website\",\"url\":\"https:\/\/tetakawi.com\/\",\"name\":\"Tetakawi\",\"description\":\"\",\"publisher\":{\"@id\":\"https:\/\/tetakawi.com\/#organization\"},\"potentialAction\":[{\"@type\":\"SearchAction\",\"target\":{\"@type\":\"EntryPoint\",\"urlTemplate\":\"https:\/\/tetakawi.com\/?s={search_term_string}\"},\"query-input\":\"required name=search_term_string\"}],\"inLanguage\":\"de\"}]}<\/script>\n<!-- \/ Yoast SEO Premium plugin. -->","yoast_head_json":{"title":"Tetakawi | Fertigungscommunitys Facilitymanagement","description":"Alle Fertigungscommunitys von Tetakawi sind ISO 9001-konform und werden von den weltweit besten Facilitymanagementteams betreut. Informieren Sie sich jetzt, wie Sie den Betrieb aufnehmen k\u00f6nnen.","robots":{"index":"index","follow":"follow","max-snippet":"max-snippet:-1","max-image-preview":"max-image-preview:large","max-video-preview":"max-video-preview:-1"},"canonical":"https:\/\/tetakawi.com\/de\/losung-finden\/fertigungscommunitys\/facilitymanagement\/","og_locale":"de_DE","og_type":"article","og_title":"Facilitymanagement","og_description":"Alle Fertigungscommunitys von Tetakawi sind ISO 9001-konform und werden von den weltweit besten Facilitymanagementteams betreut. Informieren Sie sich jetzt, wie Sie den Betrieb aufnehmen k\u00f6nnen.","og_url":"https:\/\/tetakawi.com\/de\/losung-finden\/fertigungscommunitys\/facilitymanagement\/","og_site_name":"Tetakawi","article_modified_time":"2019-08-06T10:24:25+00:00","twitter_card":"summary_large_image","twitter_misc":{"Gesch\u00e4tzte Lesezeit":"3\u00a0Minuten"},"schema":{"@context":"https:\/\/schema.org","@graph":[{"@type":"WebPage","@id":"https:\/\/tetakawi.com\/de\/losung-finden\/fertigungscommunitys\/facilitymanagement\/","url":"https:\/\/tetakawi.com\/de\/losung-finden\/fertigungscommunitys\/facilitymanagement\/","name":"Tetakawi | Fertigungscommunitys Facilitymanagement","isPartOf":{"@id":"https:\/\/tetakawi.com\/#website"},"datePublished":"2019-07-10T17:10:19+00:00","dateModified":"2019-08-06T10:24:25+00:00","description":"Alle Fertigungscommunitys von Tetakawi sind ISO 9001-konform und werden von den weltweit besten Facilitymanagementteams betreut. Informieren Sie sich jetzt, wie Sie den Betrieb aufnehmen k\u00f6nnen.","breadcrumb":{"@id":"https:\/\/tetakawi.com\/de\/losung-finden\/fertigungscommunitys\/facilitymanagement\/#breadcrumb"},"inLanguage":"de","potentialAction":[{"@type":"ReadAction","target":["https:\/\/tetakawi.com\/de\/losung-finden\/fertigungscommunitys\/facilitymanagement\/"]}]},{"@type":"BreadcrumbList","@id":"https:\/\/tetakawi.com\/de\/losung-finden\/fertigungscommunitys\/facilitymanagement\/#breadcrumb","itemListElement":[{"@type":"ListItem","position":1,"name":"Home","item":"https:\/\/tetakawi.com\/de\/"},{"@type":"ListItem","position":2,"name":"L\u00f6sung finden","item":"https:\/\/tetakawi.com\/de\/losung-finden\/"},{"@type":"ListItem","position":3,"name":"Fertigungscommunitys","item":"https:\/\/tetakawi.com\/de\/losung-finden\/fertigungscommunitys\/"},{"@type":"ListItem","position":4,"name":"Facilitymanagement"}]},{"@type":"WebSite","@id":"https:\/\/tetakawi.com\/#website","url":"https:\/\/tetakawi.com\/","name":"Tetakawi","description":"","publisher":{"@id":"https:\/\/tetakawi.com\/#organization"},"potentialAction":[{"@type":"SearchAction","target":{"@type":"EntryPoint","urlTemplate":"https:\/\/tetakawi.com\/?s={search_term_string}"},"query-input":"required name=search_term_string"}],"inLanguage":"de"}]}},"_links":{"self":[{"href":"https:\/\/tetakawi.com\/de\/wp-json\/wp\/v2\/pages\/22882"}],"collection":[{"href":"https:\/\/tetakawi.com\/de\/wp-json\/wp\/v2\/pages"}],"about":[{"href":"https:\/\/tetakawi.com\/de\/wp-json\/wp\/v2\/types\/page"}],"author":[{"embeddable":true,"href":"https:\/\/tetakawi.com\/de\/wp-json\/wp\/v2\/users\/1"}],"replies":[{"embeddable":true,"href":"https:\/\/tetakawi.com\/de\/wp-json\/wp\/v2\/comments?post=22882"}],"version-history":[{"count":3,"href":"https:\/\/tetakawi.com\/de\/wp-json\/wp\/v2\/pages\/22882\/revisions"}],"predecessor-version":[{"id":24670,"href":"https:\/\/tetakawi.com\/de\/wp-json\/wp\/v2\/pages\/22882\/revisions\/24670"}],"up":[{"embeddable":true,"href":"https:\/\/tetakawi.com\/de\/wp-json\/wp\/v2\/pages\/22514"}],"wp:attachment":[{"href":"https:\/\/tetakawi.com\/de\/wp-json\/wp\/v2\/media?parent=22882"}],"curies":[{"name":"wp","href":"https:\/\/api.w.org\/{rel}","templated":true}]}}