{"id":22880,"date":"2019-07-10T17:10:18","date_gmt":"2019-07-10T17:10:18","guid":{"rendered":"https:\/\/tetakawi.com\/neuigkeiten-insights-und-best-practices-fur-die-fertigung-in-mexiko\/e-books\/"},"modified":"2019-08-10T03:52:05","modified_gmt":"2019-08-10T03:52:05","slug":"e-books","status":"publish","type":"page","link":"https:\/\/tetakawi.com\/de\/ressourcen\/e-books\/","title":{"rendered":"E-Books"},"content":{"rendered":"<div class=\"vgblk-rw-wrapper limit-wrapper\"><h3>\n\t<b>E-Book:<\/b> Wichtige Fragen vor der Er\u00f6ffnung Ihres Fertigungsbetriebs in Mexiko\n\t<\/h3>\n\t<a href=\"https:\/\/go.tetakawi.com\/ebook\/questions-manufacturing-in-mexico\" target=\"_self\" role=\"button\" rel=\"noopener noreferrer\">\n\t\t\t\t\tE-Book herunterladen\n\t<\/a>\n\t\t\t\t<img loading=\"lazy\" src=\"https:\/\/tetakawi.com\/wp-content\/uploads\/2019\/04\/questions-to-ask-tetakawi-cover11.jpg\" alt=\"questions-to-ask-tetakawi-cover11\" itemprop=\"image\" height=\"300\" width=\"500\" title=\"questions-to-ask-tetakawi-cover11\" onerror=\"this.style.display='none'\"  \/>\n\t\t\t\t<img loading=\"lazy\" src=\"https:\/\/tetakawi.com\/wp-content\/uploads\/2019\/04\/due-diligence-ebook-cover.jpg\" alt=\"due-diligence-ebook-cover\" itemprop=\"image\" height=\"300\" width=\"500\" title=\"due-diligence-ebook-cover\" onerror=\"this.style.display='none'\"  \/>\n<h3>\n\t<b>E-Book:<\/b> Wichtige Erw\u00e4gungen vor der Er\u00f6ffnung eines Fertigungsbetriebs in Mexiko\n\t<\/h3>\n\t<a href=\"https:\/\/go.tetakawi.com\/ebook\/due-diligence-for-manufacturing-in-mexico\" target=\"_self\" role=\"button\" rel=\"noopener noreferrer\">\n\t\t\t\t\tE-Book herunterladen\n\t<\/a>\n<h3>\n\t<b>E-Book:<\/b> Alles Wichtige zur Fertigung in Quer\u00e9taro\n\t<\/h3>\n\t<a href=\"https:\/\/go.tetakawi.com\/ebook\/manufacturing-in-queretaro\" target=\"_self\" role=\"button\" rel=\"noopener noreferrer\">\n\t\t\t\t\tE-Book herunterladen\n\t<\/a>\n\t\t\t\t<img loading=\"lazy\" src=\"https:\/\/tetakawi.com\/wp-content\/uploads\/2019\/04\/queretaro-ebook-cover.jpg\" alt=\"queretaro-ebook-cover\" itemprop=\"image\" height=\"300\" width=\"500\" title=\"queretaro-ebook-cover\" onerror=\"this.style.display='none'\"  \/>\n\t\t\t\t<img loading=\"lazy\" src=\"https:\/\/tetakawi.com\/wp-content\/uploads\/2019\/04\/saltillo-ebook-tetakawi-cover.jpg\" alt=\"saltillo-ebook-tetakawi-cover\" itemprop=\"image\" height=\"300\" width=\"500\" title=\"saltillo-ebook-tetakawi-cover\" onerror=\"this.style.display='none'\"  \/>\n<h3>\n\t<b>E-Book:<\/b> Vorteile der Fertigung in Saltillo, Coahuila\n\t<\/h3>\n\t<a href=\"https:\/\/go.tetakawi.com\/ebook\/manufacturing-saltillo-coahuila-mexico\" target=\"_self\" role=\"button\" rel=\"noopener noreferrer\">\n\t\t\t\t\tE-Book herunterladen\n\t<\/a>\n<h3>\n\t<b>E-Book:<\/b> Mexikanisches Arbeitsrecht\n\t<\/h3>\n\t<a href=\"https:\/\/go.tetakawi.com\/ebook\/mexico-labor-laws\" target=\"_self\" role=\"button\" rel=\"noopener noreferrer\">\n\t\t\t\t\tE-Book herunterladen\n\t<\/a>\n\t\t\t\t<img loading=\"lazy\" src=\"https:\/\/tetakawi.com\/wp-content\/uploads\/2019\/04\/mexican-labor-law-tetakawi-ebook-cover.jpg\" alt=\"mexican-labor-law-tetakawi-ebook-cover\" itemprop=\"image\" height=\"300\" width=\"500\" title=\"mexican-labor-law-tetakawi-ebook-cover\" onerror=\"this.style.display='none'\"  \/>\n\t\t<h3>Beginnen Sie jetzt mit der Entwicklung Ihrer Strategie f\u00fcr Mexiko.<\/h3>\n\t\t<p>Sprechen Sie mit einem Experten von Tetakawi und erfahren Sie, wie Ihr Unternehmen in Mexiko erfolgreich sein kann.<\/p>\n\t<a href=\"\/de\/kontakt\/\" target=\"_self\" role=\"button\" rel=\"noopener noreferrer\">\n\t\t\t\t\tKontakt\n\t<\/a>\n<style>\n\t\t<\/style>\n<\/div><!-- .vgblk-rw-wrapper -->","protected":false},"excerpt":{"rendered":"<p>E-Book: Wichtige Fragen vor der Er\u00f6ffnung Ihres Fertigungsbetriebs in Mexiko E-Book herunterladen E-Book: Wichtige Erw\u00e4gungen vor der Er\u00f6ffnung eines Fertigungsbetriebs in Mexiko E-Book herunterladen E-Book: Alles Wichtige zur Fertigung in Quer\u00e9taro E-Book herunterladen E-Book: Vorteile der Fertigung in Saltillo, Coahuila E-Book herunterladen E-Book: Mexikanisches Arbeitsrecht E-Book herunterladen Beginnen Sie jetzt mit der Entwicklung Ihrer Strategie&#8230;<\/p>\n","protected":false},"author":1,"featured_media":0,"parent":22389,"menu_order":0,"comment_status":"closed","ping_status":"closed","template":"","meta":{"content-type":"","_monsterinsights_skip_tracking":false,"_monsterinsights_sitenote_active":false,"_monsterinsights_sitenote_note":"","_monsterinsights_sitenote_category":0},"yoast_head":"<!-- This site is optimized with the Yoast SEO Premium plugin v20.6 (Yoast SEO v20.6) - https:\/\/yoast.com\/wordpress\/plugins\/seo\/ -->\n<title>Tetakawi | E-Books f\u00fcr die Fertigung in Mexiko<\/title>\n<meta name=\"description\" content=\"Informieren Sie sich mit unseren E-Books \u00fcber die Fertigung in Mexiko. Erfahren Sie mehr \u00fcber wichtige Fragen, strategische Standorte und das mexikanische Arbeitsrecht.\" \/>\n<meta name=\"robots\" content=\"index, follow, max-snippet:-1, max-image-preview:large, max-video-preview:-1\" \/>\n<link rel=\"canonical\" href=\"https:\/\/tetakawi.com\/de\/ressourcen\/e-books\/\" \/>\n<meta property=\"og:locale\" content=\"de_DE\" \/>\n<meta property=\"og:type\" content=\"article\" \/>\n<meta property=\"og:title\" content=\"E-Books\" \/>\n<meta property=\"og:description\" content=\"Informieren Sie sich mit unseren E-Books \u00fcber die Fertigung in Mexiko. Erfahren Sie mehr \u00fcber wichtige Fragen, strategische Standorte und das mexikanische Arbeitsrecht.\" \/>\n<meta property=\"og:url\" content=\"https:\/\/tetakawi.com\/de\/ressourcen\/e-books\/\" \/>\n<meta property=\"og:site_name\" content=\"Tetakawi\" \/>\n<meta property=\"article:modified_time\" content=\"2019-08-10T03:52:05+00:00\" \/>\n<meta property=\"og:image\" content=\"https:\/\/tetakawi.com\/wp-content\/uploads\/2019\/04\/questions-to-ask-tetakawi-cover11.jpg\" \/>\n<meta name=\"twitter:card\" content=\"summary_large_image\" \/>\n<script type=\"application\/ld+json\" class=\"yoast-schema-graph\">{\"@context\":\"https:\/\/schema.org\",\"@graph\":[{\"@type\":\"WebPage\",\"@id\":\"https:\/\/tetakawi.com\/de\/ressourcen\/e-books\/\",\"url\":\"https:\/\/tetakawi.com\/de\/ressourcen\/e-books\/\",\"name\":\"Tetakawi | E-Books f\u00fcr die Fertigung in Mexiko\",\"isPartOf\":{\"@id\":\"https:\/\/tetakawi.com\/#website\"},\"datePublished\":\"2019-07-10T17:10:18+00:00\",\"dateModified\":\"2019-08-10T03:52:05+00:00\",\"description\":\"Informieren Sie sich mit unseren E-Books \u00fcber die Fertigung in Mexiko. Erfahren Sie mehr \u00fcber wichtige Fragen, strategische Standorte und das mexikanische Arbeitsrecht.\",\"breadcrumb\":{\"@id\":\"https:\/\/tetakawi.com\/de\/ressourcen\/e-books\/#breadcrumb\"},\"inLanguage\":\"de\",\"potentialAction\":[{\"@type\":\"ReadAction\",\"target\":[\"https:\/\/tetakawi.com\/de\/ressourcen\/e-books\/\"]}]},{\"@type\":\"BreadcrumbList\",\"@id\":\"https:\/\/tetakawi.com\/de\/ressourcen\/e-books\/#breadcrumb\",\"itemListElement\":[{\"@type\":\"ListItem\",\"position\":1,\"name\":\"Home\",\"item\":\"https:\/\/tetakawi.com\/de\/\"},{\"@type\":\"ListItem\",\"position\":2,\"name\":\"Ressourcen\",\"item\":\"https:\/\/tetakawi.com\/de\/ressourcen\/\"},{\"@type\":\"ListItem\",\"position\":3,\"name\":\"E-Books\"}]},{\"@type\":\"WebSite\",\"@id\":\"https:\/\/tetakawi.com\/#website\",\"url\":\"https:\/\/tetakawi.com\/\",\"name\":\"Tetakawi\",\"description\":\"\",\"publisher\":{\"@id\":\"https:\/\/tetakawi.com\/#organization\"},\"potentialAction\":[{\"@type\":\"SearchAction\",\"target\":{\"@type\":\"EntryPoint\",\"urlTemplate\":\"https:\/\/tetakawi.com\/?s={search_term_string}\"},\"query-input\":\"required name=search_term_string\"}],\"inLanguage\":\"de\"}]}<\/script>\n<!-- \/ Yoast SEO Premium plugin. -->","yoast_head_json":{"title":"Tetakawi | E-Books f\u00fcr die Fertigung in Mexiko","description":"Informieren Sie sich mit unseren E-Books \u00fcber die Fertigung in Mexiko. Erfahren Sie mehr \u00fcber wichtige Fragen, strategische Standorte und das mexikanische Arbeitsrecht.","robots":{"index":"index","follow":"follow","max-snippet":"max-snippet:-1","max-image-preview":"max-image-preview:large","max-video-preview":"max-video-preview:-1"},"canonical":"https:\/\/tetakawi.com\/de\/ressourcen\/e-books\/","og_locale":"de_DE","og_type":"article","og_title":"E-Books","og_description":"Informieren Sie sich mit unseren E-Books \u00fcber die Fertigung in Mexiko. Erfahren Sie mehr \u00fcber wichtige Fragen, strategische Standorte und das mexikanische Arbeitsrecht.","og_url":"https:\/\/tetakawi.com\/de\/ressourcen\/e-books\/","og_site_name":"Tetakawi","article_modified_time":"2019-08-10T03:52:05+00:00","og_image":[{"url":"https:\/\/tetakawi.com\/wp-content\/uploads\/2019\/04\/questions-to-ask-tetakawi-cover11.jpg"}],"twitter_card":"summary_large_image","schema":{"@context":"https:\/\/schema.org","@graph":[{"@type":"WebPage","@id":"https:\/\/tetakawi.com\/de\/ressourcen\/e-books\/","url":"https:\/\/tetakawi.com\/de\/ressourcen\/e-books\/","name":"Tetakawi | E-Books f\u00fcr die Fertigung in Mexiko","isPartOf":{"@id":"https:\/\/tetakawi.com\/#website"},"datePublished":"2019-07-10T17:10:18+00:00","dateModified":"2019-08-10T03:52:05+00:00","description":"Informieren Sie sich mit unseren E-Books \u00fcber die Fertigung in Mexiko. Erfahren Sie mehr \u00fcber wichtige Fragen, strategische Standorte und das mexikanische Arbeitsrecht.","breadcrumb":{"@id":"https:\/\/tetakawi.com\/de\/ressourcen\/e-books\/#breadcrumb"},"inLanguage":"de","potentialAction":[{"@type":"ReadAction","target":["https:\/\/tetakawi.com\/de\/ressourcen\/e-books\/"]}]},{"@type":"BreadcrumbList","@id":"https:\/\/tetakawi.com\/de\/ressourcen\/e-books\/#breadcrumb","itemListElement":[{"@type":"ListItem","position":1,"name":"Home","item":"https:\/\/tetakawi.com\/de\/"},{"@type":"ListItem","position":2,"name":"Ressourcen","item":"https:\/\/tetakawi.com\/de\/ressourcen\/"},{"@type":"ListItem","position":3,"name":"E-Books"}]},{"@type":"WebSite","@id":"https:\/\/tetakawi.com\/#website","url":"https:\/\/tetakawi.com\/","name":"Tetakawi","description":"","publisher":{"@id":"https:\/\/tetakawi.com\/#organization"},"potentialAction":[{"@type":"SearchAction","target":{"@type":"EntryPoint","urlTemplate":"https:\/\/tetakawi.com\/?s={search_term_string}"},"query-input":"required name=search_term_string"}],"inLanguage":"de"}]}},"_links":{"self":[{"href":"https:\/\/tetakawi.com\/de\/wp-json\/wp\/v2\/pages\/22880"}],"collection":[{"href":"https:\/\/tetakawi.com\/de\/wp-json\/wp\/v2\/pages"}],"about":[{"href":"https:\/\/tetakawi.com\/de\/wp-json\/wp\/v2\/types\/page"}],"author":[{"embeddable":true,"href":"https:\/\/tetakawi.com\/de\/wp-json\/wp\/v2\/users\/1"}],"replies":[{"embeddable":true,"href":"https:\/\/tetakawi.com\/de\/wp-json\/wp\/v2\/comments?post=22880"}],"version-history":[{"count":4,"href":"https:\/\/tetakawi.com\/de\/wp-json\/wp\/v2\/pages\/22880\/revisions"}],"predecessor-version":[{"id":24962,"href":"https:\/\/tetakawi.com\/de\/wp-json\/wp\/v2\/pages\/22880\/revisions\/24962"}],"up":[{"embeddable":true,"href":"https:\/\/tetakawi.com\/de\/wp-json\/wp\/v2\/pages\/22389"}],"wp:attachment":[{"href":"https:\/\/tetakawi.com\/de\/wp-json\/wp\/v2\/media?parent=22880"}],"curies":[{"name":"wp","href":"https:\/\/api.w.org\/{rel}","templated":true}]}}