{"id":22812,"date":"2019-07-10T17:10:11","date_gmt":"2019-07-10T17:10:11","guid":{"rendered":"https:\/\/tetakawi.com\/losung-finden\/"},"modified":"2020-02-08T22:18:53","modified_gmt":"2020-02-08T22:18:53","slug":"losung-finden","status":"publish","type":"page","link":"https:\/\/tetakawi.com\/de\/losung-finden\/","title":{"rendered":"L\u00f6sung finden"},"content":{"rendered":"<div class=\"vgblk-rw-wrapper limit-wrapper\"><h1>\n\tL\u00f6sung finden\n\t<\/h1>\n\t<style>.page-header-line {\n    display: block;\n    width: 60px;\n    height: 1px;\n    background: var(--vamtam-accent-color-4);\n    margin-top: 5px;\n    margin-bottom: 5px;\n    opacity: .7;\n}<\/style>\n\t<p>Erarbeiten Sie gemeinsam mit Tetakawi optimale L\u00f6sungen f\u00fcr Ihre Anforderungen hinsichtlich der Fertigung in Mexiko.<\/p>\n<h3>\n\t\t\t<a href=\"\/de\/losung-finden\/beratungsleistungen\/\" title=\"Beratungsleistungen\" target=\"_self\" rel=\"noopener noreferrer\">\n\tBeratungsleistungen\n\t\t\t<\/a>\n\t<\/h3>\n\t<p><b><strong>Arbeiten Sie direkt mit Spezialisten von Tetakawi zusammen,<\/strong><\/b> <b><strong>die mit Ihrem Unternehmen, Ihren Herausforderungen und Ihren Zielen vertraut sind. <\/strong><\/b><\/p>\n<h5><b>Vorgestellte Serviceleistungen<br \/>\n<\/b><\/h5>\n<ul>\n<li>Kostensch\u00e4tzung<\/li>\n<li>Standortwahl<\/li>\n<li>Zollanalyse<\/li>\n<li>Inhouseseminar<\/li>\n<li>Individuelle Beratungsleistungen<\/li>\n<\/ul>\n\t<a href=\"\/de\/losung-finden\/beratungsleistungen\/\" target=\"_self\" role=\"button\" rel=\"noopener noreferrer\">\n\t\t\t\t\tMehr erfahren\n\t<\/a>\n\t\t\t\t\t\t\t\t\t\t<img loading=\"lazy\" src=\"https:\/\/tetakawi.com\/wp-content\/uploads\/2019\/04\/advisory-services-tetakawi-meeting.jpeg\" alt=\"Beratungsleistungen \u2013 Tetakawi\" itemprop=\"image\" height=\"667\" width=\"1000\" title=\"advisory-services-tetakawi-meeting\" onerror=\"this.style.display='none'\"  sizes=\"(max-width: 768px) 100vw, 100vw\" srcset=\"data:image\/svg+xml;utf8,&lt;svg%20xmlns=&quot;http:\/\/www.w3.org\/2000\/svg&quot;%20viewBox=&quot;0%200%201000%20667&quot;%20height=&quot;667px&quot;%20width=&quot;1000px&quot;\/&gt;\" data-srcset=\"https:\/\/tetakawi.com\/wp-content\/uploads\/2019\/04\/advisory-services-tetakawi-meeting.jpeg 1000w, https:\/\/tetakawi.com\/wp-content\/uploads\/2019\/04\/advisory-services-tetakawi-meeting-300x200.jpeg 300w, https:\/\/tetakawi.com\/wp-content\/uploads\/2019\/04\/advisory-services-tetakawi-meeting-768x512.jpeg 768w, https:\/\/tetakawi.com\/wp-content\/uploads\/2019\/04\/advisory-services-tetakawi-meeting-630x420.jpeg 630w, https:\/\/tetakawi.com\/wp-content\/uploads\/2019\/04\/advisory-services-tetakawi-meeting-420x280.jpeg 420w, https:\/\/tetakawi.com\/wp-content\/uploads\/2019\/04\/advisory-services-tetakawi-meeting-840x560.jpeg 840w, https:\/\/tetakawi.com\/wp-content\/uploads\/2019\/04\/advisory-services-tetakawi-meeting-315x210.jpeg 315w\" \/>\t\t\t\t\t\t\t\n\t\t\t\t\t\t\t\t\t\t<img loading=\"lazy\" src=\"https:\/\/tetakawi.com\/wp-content\/uploads\/2019\/03\/tetakawi-rocafuerte-manufacturing-communities.jpg\" alt=\"Fertigungscommunity in Roca Fuerte \u2013 Tetakawi\" itemprop=\"image\" height=\"500\" width=\"946\" title=\"tetakawi-rocafuerte-manufacturing-communities\" onerror=\"this.style.display='none'\"  sizes=\"(max-width: 768px) 100vw, 100vw\" srcset=\"data:image\/svg+xml;utf8,&lt;svg%20xmlns=&quot;http:\/\/www.w3.org\/2000\/svg&quot;%20viewBox=&quot;0%200%20946%20500&quot;%20height=&quot;500px&quot;%20width=&quot;946px&quot;\/&gt;\" data-srcset=\"https:\/\/tetakawi.com\/wp-content\/uploads\/2019\/03\/tetakawi-rocafuerte-manufacturing-communities.jpg 946w, https:\/\/tetakawi.com\/wp-content\/uploads\/2019\/03\/tetakawi-rocafuerte-manufacturing-communities-300x159.jpg 300w, https:\/\/tetakawi.com\/wp-content\/uploads\/2019\/03\/tetakawi-rocafuerte-manufacturing-communities-768x406.jpg 768w, https:\/\/tetakawi.com\/wp-content\/uploads\/2019\/03\/tetakawi-rocafuerte-manufacturing-communities-630x333.jpg 630w, https:\/\/tetakawi.com\/wp-content\/uploads\/2019\/03\/tetakawi-rocafuerte-manufacturing-communities-420x222.jpg 420w, https:\/\/tetakawi.com\/wp-content\/uploads\/2019\/03\/tetakawi-rocafuerte-manufacturing-communities-840x444.jpg 840w, https:\/\/tetakawi.com\/wp-content\/uploads\/2019\/03\/tetakawi-rocafuerte-manufacturing-communities-315x166.jpg 315w\" \/>\t\t\t\t\t\t\t\n<h3>\n\t\t\t<a href=\"\/de\/losung-finden\/fertigungscommunitys\/\" title=\"Fertigungscommunitys\" target=\"_self\" rel=\"noopener noreferrer\">\n\tFertigungscommunitys\n\t\t\t<\/a>\n\t<\/h3>\n\t<p><b><strong>Die schnellste und kosteng\u00fcnstigste M\u00f6glichkeit zur Er\u00f6ffnung eines eigenen Fertigungsstandorts in Mexiko.<\/strong><\/b> <\/p>\n<h5><b>Vorteile der Fertigungscommunity von Tetakawi<\/b><\/h5>\n<ul>\n<li>Er\u00f6ffnung eines eigenen Standorts in nur 30 Tagen<\/li>\n<li>Senkung der direkten Lohnkosten um bis zu 70 %<\/li>\n<li>Steigerung von Produktivit\u00e4t und Effizienz um 20 %<\/li>\n<li>Betrieb in einer erweiterbaren Infrastruktur der Klasse A<\/li>\n<li>100%ige Kontrolle \u00fcber Fertigungsprozesse<\/li>\n<\/ul>\n\t<a href=\"\/de\/losung-finden\/fertigungscommunitys\/\" target=\"_self\" role=\"button\" rel=\"noopener noreferrer\">\n\t\t\t\t\tMehr erfahren\n\t<\/a>\n<h3>\n\t\t\t<a href=\"\/de\/losung-finden\/supportleistungen\/\" title=\"Supportleistungen\" target=\"_self\" rel=\"noopener noreferrer\">\n\tSupportleistungen\n\t\t\t<\/a>\n\t<\/h3>\n\t<p><b><strong>Expandieren Sie problemlos nach Mexiko oder verbessern Sie die Wettbewerbsf\u00e4higkeit eines vorhandenen Standorts.<\/strong><\/b> <\/p>\n<h5><b>Vorgestellte Serviceleistungen<\/b><\/h5>\n<ul>\n<li>Betriebsgr\u00fcndung <\/li>\n<li>Offshoring<\/li>\n<li>Recruiting<\/li>\n<li>Lohnbuchhaltung<\/li>\n<li>Import- und Exportabwicklung<\/li>\n<\/ul>\n\t<a href=\"\/de\/losung-finden\/supportleistungen\/\" target=\"_self\" role=\"button\" rel=\"noopener noreferrer\">\n\t\t\t\t\tMehr erfahren\n\t<\/a>\n\t\t\t\t\t\t\t\t\t\t<img loading=\"lazy\" src=\"https:\/\/tetakawi.com\/wp-content\/uploads\/2019\/04\/tetakawi-people.jpg\" alt=\"Unsere Mitarbeiter \u2013 Tetakawi\" itemprop=\"image\" height=\"922\" width=\"1382\" title=\"tetakawi-people\" onerror=\"this.style.display='none'\"  sizes=\"(max-width: 768px) 100vw, 100vw\" srcset=\"data:image\/svg+xml;utf8,&lt;svg%20xmlns=&quot;http:\/\/www.w3.org\/2000\/svg&quot;%20viewBox=&quot;0%200%201382%20922&quot;%20height=&quot;922px&quot;%20width=&quot;1382px&quot;\/&gt;\" data-srcset=\"https:\/\/tetakawi.com\/wp-content\/uploads\/2019\/04\/tetakawi-people.jpg 1382w, https:\/\/tetakawi.com\/wp-content\/uploads\/2019\/04\/tetakawi-people-300x200.jpg 300w, https:\/\/tetakawi.com\/wp-content\/uploads\/2019\/04\/tetakawi-people-768x512.jpg 768w, https:\/\/tetakawi.com\/wp-content\/uploads\/2019\/04\/tetakawi-people-1024x683.jpg 1024w, https:\/\/tetakawi.com\/wp-content\/uploads\/2019\/04\/tetakawi-people-1260x841.jpg 1260w, https:\/\/tetakawi.com\/wp-content\/uploads\/2019\/04\/tetakawi-people-630x420.jpg 630w, https:\/\/tetakawi.com\/wp-content\/uploads\/2019\/04\/tetakawi-people-420x280.jpg 420w, https:\/\/tetakawi.com\/wp-content\/uploads\/2019\/04\/tetakawi-people-840x560.jpg 840w, https:\/\/tetakawi.com\/wp-content\/uploads\/2019\/04\/tetakawi-people-315x210.jpg 315w\" \/>\t\t\t\t\t\t\t\n<h2>\n\tNoch Fragen?\n\t<\/h2>\n\t<a href=\"\/de\/kontakt\/\" target=\"_self\" role=\"button\" rel=\"noopener noreferrer\">\n\t\t\t\t\tKontakt\n\t<\/a>\n<\/div><!-- .vgblk-rw-wrapper -->","protected":false},"excerpt":{"rendered":"<p>L\u00f6sung finden Erarbeiten Sie gemeinsam mit Tetakawi optimale L\u00f6sungen f\u00fcr Ihre Anforderungen hinsichtlich der Fertigung in Mexiko. Beratungsleistungen Arbeiten Sie direkt mit Spezialisten von Tetakawi zusammen, die mit Ihrem Unternehmen, Ihren Herausforderungen und Ihren Zielen vertraut sind. Vorgestellte Serviceleistungen Kostensch\u00e4tzung Standortwahl Zollanalyse Inhouseseminar Individuelle Beratungsleistungen Mehr erfahren Fertigungscommunitys Die schnellste und kosteng\u00fcnstigste M\u00f6glichkeit zur Er\u00f6ffnung&#8230;<\/p>\n","protected":false},"author":1,"featured_media":0,"parent":0,"menu_order":0,"comment_status":"closed","ping_status":"closed","template":"","meta":{"content-type":"","_monsterinsights_skip_tracking":false,"_monsterinsights_sitenote_active":false,"_monsterinsights_sitenote_note":"","_monsterinsights_sitenote_category":0},"yoast_head":"<!-- This site is optimized with the Yoast SEO Premium plugin v20.6 (Yoast SEO v20.6) - https:\/\/yoast.com\/wordpress\/plugins\/seo\/ -->\n<title>Tetakawi | Ihre L\u00f6sung f\u00fcr die Fertigung in Mexiko<\/title>\n<meta name=\"description\" content=\"Bei Tetakawi erhalten Sie Serviceleistungen von Weltklasse in den Bereichen Beratung, Unternehmensf\u00fchrung und Fertigungsunterst\u00fctzung f\u00fcr Ihre Standorte in Mexiko. Finden Sie die passende L\u00f6sung.\" \/>\n<meta name=\"robots\" content=\"index, follow, max-snippet:-1, max-image-preview:large, max-video-preview:-1\" \/>\n<link rel=\"canonical\" href=\"https:\/\/tetakawi.com\/de\/losung-finden\/\" \/>\n<meta property=\"og:locale\" content=\"de_DE\" \/>\n<meta property=\"og:type\" content=\"article\" \/>\n<meta property=\"og:title\" content=\"L\u00f6sung finden\" \/>\n<meta property=\"og:description\" content=\"Bei Tetakawi erhalten Sie Serviceleistungen von Weltklasse in den Bereichen Beratung, Unternehmensf\u00fchrung und Fertigungsunterst\u00fctzung f\u00fcr Ihre Standorte in Mexiko. Finden Sie die passende L\u00f6sung.\" \/>\n<meta property=\"og:url\" content=\"https:\/\/tetakawi.com\/de\/losung-finden\/\" \/>\n<meta property=\"og:site_name\" content=\"Tetakawi\" \/>\n<meta property=\"article:modified_time\" content=\"2020-02-08T22:18:53+00:00\" \/>\n<meta property=\"og:image\" content=\"https:\/\/tetakawi.com\/wp-content\/uploads\/2019\/04\/advisory-services-tetakawi-meeting.jpeg\" \/>\n<meta name=\"twitter:card\" content=\"summary_large_image\" \/>\n<meta name=\"twitter:label1\" content=\"Gesch\u00e4tzte Lesezeit\" \/>\n\t<meta name=\"twitter:data1\" content=\"1\u00a0Minute\" \/>\n<script type=\"application\/ld+json\" class=\"yoast-schema-graph\">{\"@context\":\"https:\/\/schema.org\",\"@graph\":[{\"@type\":\"WebPage\",\"@id\":\"https:\/\/tetakawi.com\/de\/losung-finden\/\",\"url\":\"https:\/\/tetakawi.com\/de\/losung-finden\/\",\"name\":\"Tetakawi | Ihre L\u00f6sung f\u00fcr die Fertigung in Mexiko\",\"isPartOf\":{\"@id\":\"https:\/\/tetakawi.com\/#website\"},\"datePublished\":\"2019-07-10T17:10:11+00:00\",\"dateModified\":\"2020-02-08T22:18:53+00:00\",\"description\":\"Bei Tetakawi erhalten Sie Serviceleistungen von Weltklasse in den Bereichen Beratung, Unternehmensf\u00fchrung und Fertigungsunterst\u00fctzung f\u00fcr Ihre Standorte in Mexiko. Finden Sie die passende L\u00f6sung.\",\"breadcrumb\":{\"@id\":\"https:\/\/tetakawi.com\/de\/losung-finden\/#breadcrumb\"},\"inLanguage\":\"de\",\"potentialAction\":[{\"@type\":\"ReadAction\",\"target\":[\"https:\/\/tetakawi.com\/de\/losung-finden\/\"]}]},{\"@type\":\"BreadcrumbList\",\"@id\":\"https:\/\/tetakawi.com\/de\/losung-finden\/#breadcrumb\",\"itemListElement\":[{\"@type\":\"ListItem\",\"position\":1,\"name\":\"Home\",\"item\":\"https:\/\/tetakawi.com\/de\/\"},{\"@type\":\"ListItem\",\"position\":2,\"name\":\"L\u00f6sung finden\"}]},{\"@type\":\"WebSite\",\"@id\":\"https:\/\/tetakawi.com\/#website\",\"url\":\"https:\/\/tetakawi.com\/\",\"name\":\"Tetakawi\",\"description\":\"\",\"publisher\":{\"@id\":\"https:\/\/tetakawi.com\/#organization\"},\"potentialAction\":[{\"@type\":\"SearchAction\",\"target\":{\"@type\":\"EntryPoint\",\"urlTemplate\":\"https:\/\/tetakawi.com\/?s={search_term_string}\"},\"query-input\":\"required name=search_term_string\"}],\"inLanguage\":\"de\"}]}<\/script>\n<!-- \/ Yoast SEO Premium plugin. -->","yoast_head_json":{"title":"Tetakawi | Ihre L\u00f6sung f\u00fcr die Fertigung in Mexiko","description":"Bei Tetakawi erhalten Sie Serviceleistungen von Weltklasse in den Bereichen Beratung, Unternehmensf\u00fchrung und Fertigungsunterst\u00fctzung f\u00fcr Ihre Standorte in Mexiko. Finden Sie die passende L\u00f6sung.","robots":{"index":"index","follow":"follow","max-snippet":"max-snippet:-1","max-image-preview":"max-image-preview:large","max-video-preview":"max-video-preview:-1"},"canonical":"https:\/\/tetakawi.com\/de\/losung-finden\/","og_locale":"de_DE","og_type":"article","og_title":"L\u00f6sung finden","og_description":"Bei Tetakawi erhalten Sie Serviceleistungen von Weltklasse in den Bereichen Beratung, Unternehmensf\u00fchrung und Fertigungsunterst\u00fctzung f\u00fcr Ihre Standorte in Mexiko. Finden Sie die passende L\u00f6sung.","og_url":"https:\/\/tetakawi.com\/de\/losung-finden\/","og_site_name":"Tetakawi","article_modified_time":"2020-02-08T22:18:53+00:00","og_image":[{"url":"https:\/\/tetakawi.com\/wp-content\/uploads\/2019\/04\/advisory-services-tetakawi-meeting.jpeg"}],"twitter_card":"summary_large_image","twitter_misc":{"Gesch\u00e4tzte Lesezeit":"1\u00a0Minute"},"schema":{"@context":"https:\/\/schema.org","@graph":[{"@type":"WebPage","@id":"https:\/\/tetakawi.com\/de\/losung-finden\/","url":"https:\/\/tetakawi.com\/de\/losung-finden\/","name":"Tetakawi | Ihre L\u00f6sung f\u00fcr die Fertigung in Mexiko","isPartOf":{"@id":"https:\/\/tetakawi.com\/#website"},"datePublished":"2019-07-10T17:10:11+00:00","dateModified":"2020-02-08T22:18:53+00:00","description":"Bei Tetakawi erhalten Sie Serviceleistungen von Weltklasse in den Bereichen Beratung, Unternehmensf\u00fchrung und Fertigungsunterst\u00fctzung f\u00fcr Ihre Standorte in Mexiko. Finden Sie die passende L\u00f6sung.","breadcrumb":{"@id":"https:\/\/tetakawi.com\/de\/losung-finden\/#breadcrumb"},"inLanguage":"de","potentialAction":[{"@type":"ReadAction","target":["https:\/\/tetakawi.com\/de\/losung-finden\/"]}]},{"@type":"BreadcrumbList","@id":"https:\/\/tetakawi.com\/de\/losung-finden\/#breadcrumb","itemListElement":[{"@type":"ListItem","position":1,"name":"Home","item":"https:\/\/tetakawi.com\/de\/"},{"@type":"ListItem","position":2,"name":"L\u00f6sung finden"}]},{"@type":"WebSite","@id":"https:\/\/tetakawi.com\/#website","url":"https:\/\/tetakawi.com\/","name":"Tetakawi","description":"","publisher":{"@id":"https:\/\/tetakawi.com\/#organization"},"potentialAction":[{"@type":"SearchAction","target":{"@type":"EntryPoint","urlTemplate":"https:\/\/tetakawi.com\/?s={search_term_string}"},"query-input":"required name=search_term_string"}],"inLanguage":"de"}]}},"_links":{"self":[{"href":"https:\/\/tetakawi.com\/de\/wp-json\/wp\/v2\/pages\/22812"}],"collection":[{"href":"https:\/\/tetakawi.com\/de\/wp-json\/wp\/v2\/pages"}],"about":[{"href":"https:\/\/tetakawi.com\/de\/wp-json\/wp\/v2\/types\/page"}],"author":[{"embeddable":true,"href":"https:\/\/tetakawi.com\/de\/wp-json\/wp\/v2\/users\/1"}],"replies":[{"embeddable":true,"href":"https:\/\/tetakawi.com\/de\/wp-json\/wp\/v2\/comments?post=22812"}],"version-history":[{"count":5,"href":"https:\/\/tetakawi.com\/de\/wp-json\/wp\/v2\/pages\/22812\/revisions"}],"predecessor-version":[{"id":25707,"href":"https:\/\/tetakawi.com\/de\/wp-json\/wp\/v2\/pages\/22812\/revisions\/25707"}],"wp:attachment":[{"href":"https:\/\/tetakawi.com\/de\/wp-json\/wp\/v2\/media?parent=22812"}],"curies":[{"name":"wp","href":"https:\/\/api.w.org\/{rel}","templated":true}]}}