{"id":22811,"date":"2019-07-10T17:10:11","date_gmt":"2019-07-10T17:10:11","guid":{"rendered":"https:\/\/tetakawi.com\/was-spricht-fur-eine-fertigung-in-mexiko\/"},"modified":"2023-01-12T20:08:15","modified_gmt":"2023-01-12T20:08:15","slug":"was-spricht-fur-eine-fertigung-in-mexiko","status":"publish","type":"page","link":"https:\/\/tetakawi.com\/de\/fertigung-in-mexiko\/was-spricht-fur-eine-fertigung-in-mexiko\/","title":{"rendered":"Wettbewerbsvorteile: Was spricht f\u00fcr eine Fertigung in Mexiko?"},"content":{"rendered":"<div class=\"vgblk-rw-wrapper limit-wrapper\">\n\n\t<h4><\/h4>\n<h3><b>Mexikos Wettbewerbsvorteil<\/b><\/h3>\n<p>Mexiko verf\u00fcgt \u00fcber die achtgr\u00f6\u00dfteFertigungsindustrie der Welt und belegt den siebten Rang im Wettbewerbsindex von Deloitte. Besondere Wettbewerbsvorteile, die Mexiko gegen\u00fcber anderen Industrienationen auszeichnen, sind das Niveau der Ausbildung im Fertigungssektor sowie die besondere Motivation der Arbeitskr\u00e4fte. Die geringeren Kosten sowie die h\u00f6here Qualifikation und Motivation der Mitarbeiter bedeuten f\u00fcr Hersteller h\u00f6here Produktivit\u00e4t und Effizienz sowie letztendlich auch zufriedenere Kunden. Das ist der Wettbewerbsvorteil Mexikos.<\/p>\n<h3><b>Bestens ausgebildete, hochmotivierte Arbeitskr\u00e4fte<\/b><\/h3>\n<p>Das mehrschichtige Bildungssystem in Mexiko sorgt von der Schule bis zum Universit\u00e4tsabschluss f\u00fcr eine geschlossene Ausbildung, dies l\u00e4sst sich als strukturellen Wettbewerbsvorteil darstellen. . Aus \u00f6ffentlichen Mitteln finanzierte Bildungseinrichtungen wie das Insituto Tecnologico (IT) und die Universidad Tecnologica (UT) vermitteln branchenspezifische Kenntnisse und Abschl\u00fcsse, die mit jenen des Nachbarlands USA vergleichbar sind und Mexiko einen Wettbewerbsvorteil bietet.<\/p>\n<p>Neben dem hohen Ausbildungsniveau als Wettbewerbsvorteil zeichnen sich die mexikanischen Arbeitskr\u00e4fte auch durch ihre besondere Motivation aus. Hierbei handelt es sich nicht lediglich um ein individuelles Merkmal einzelner Arbeitskr\u00e4fte. Entscheidend ist in diesem Zusammenhang auch die von den Arbeitgebern geschaffene Motivationskultur. Die hohe Motivation der Belegschaft in Fertigungsbetrieben ausl\u00e4ndischer Unternehmen ergibt sich aus der Wettbewerbsorientierung der Mitarbeiter ebenso wie aus der F\u00e4higkeit des Managements, eine Arbeitsatmosph\u00e4re zu schaffen, in der die Mitarbeiter zugleich gefordert und gef\u00f6rdert werden, und somit nachhaltigen Wettbewerbsvorteil darstellen.<\/p>\n<h3><b>H\u00f6here Qualifikation, geringere Kosten<\/b><\/h3>\n<p>Das Lohnniveau f\u00fcr gering qualifizierte Fabrikarbeiter liegt ca. 80 % unter den im Nachbarland USA oder vergleichbaren L\u00e4ndern \u00fcblichen 12 USD\/Stunde. Qualifizierte Maschinenschlosser und Schwei\u00dfer kosten Arbeitgeber ca. 50 % weniger. Das Einstiegsgehalt bei Ingenieuren liegt ca. 40 % niedriger, was der gr\u00f6\u00dfte Wettbewerbsvorteil Mexikos ist und den Preis f\u00fcr Unternehmen und Kunden senkt.<\/p>\n<p>W\u00e4hrend es sich bei der Autoindustrie um einen der am schnellsten wachsenden Fertigungsbereiche in Mexiko handelt, entsteht auch in anderen Branchen wie Medizintechnik, Elektronik, Luft- und Raumfahrt, Heizungs- und Klimaanlagenbau sowie Metallverarbeitung ein Kontingent an Arbeitskr\u00e4ften, deren Qualifikation diese f\u00fcr jeden modernen und technologieintensiven Fertigungsbetrieb geeignet macht. Der Einsatz von Robotern, Automatisierung, Six Sigma, schlanker Fertigung, ISO und anderer branchenspezifischer Qualit\u00e4tsnormen ist in Mexiko weit verbreitet und zahlreiche der Innovationen, die weltweit in der Fertigung Anwendung finden, wurden in Mexiko entwickelt.<\/p>\n<h2><b>Die wichtigsten Wettbewerbsvorteile der Produktion in Mexiko<\/b><\/h2>\n<p>Wenn Ihr Unternehmen eine Produktionsst\u00e4tte in Mexiko errichten oder bestehende Produktionskapazit\u00e4ten ausbauen m\u00f6chte, fragen Sie sich vielleicht, worin die Wettbewerbsvorteile bestehen. Wir werden Ihnen einen \u00dcberblick \u00fcber die wichtigsten Wettbewerbsvorteile der Produktion in Mexiko geben, aber lassen Sie uns zun\u00e4chst einen Blick darauf werfen, was Wettbewerbsvorteile eigentlich sind und was es f\u00fcr Ihre Kunden bedeutet.<\/p>\n<h2><b>Was ist ein Wettbewerbsvorteil?<\/b><\/h2>\n<p>Unter Wettbewerbsvorteilen versteht man die F\u00e4higkeit eines Unternehmens, seine Mitbewerber auf dem Markt zu \u00fcbertreffen. Dies kann auf verschiedene Weise erreicht werden, z. B. durch niedrigere Produktionskosten oder durch die Lieferung eines qualitativ hochwertigeren Produkts an den Kunden. In der Produktion kann ein Unternehmen einen Wettbewerbsvorteil haben, wenn es Zugang zu billigeren Rohstoffen oder effizienteren Produktionsmethoden oder Management hat. Aus wirtschaftlicher Sicht k\u00f6nnen diese Vorteile als eine Quelle der Rentabilit\u00e4t und des Erfolgs des Unternehmens angesehen werden, was sich auch im Preis widerspiegeln kann. Ein g\u00e4ngiges Beispiel f\u00fcr einen Wettbewerbsvorteil sind die \u00fcberlegenen Herstellungsverfahren eines Unternehmens, die es ihm erm\u00f6glichen, Produkte zu niedrigeren Kosten und in h\u00f6herer Qualit\u00e4t als seine Konkurrenten herzustellen.\u00a0<\/p>\n<p>Ein bekanntes Beispiel f\u00fcr einen Wettbewerbsvorteil ist die Entscheidung von Unternehmen, ihre Produktionsprozesse in L\u00e4nder mit niedrigeren Arbeitskosten auszulagern und somit Kunden einen niedrigeren Preis anzubieten. Ein weiteres Beispiel f\u00fcr einen Wettbewerbsvorteil k\u00f6nnte ein starkes Image der Marke sein, gutes Marketing Management ist dabei ein wichtiges Tool, das dem Business einen Vorteil in Bezug auf Kundentreue und Marktanteil verschafft.\u00a0<\/p>\n<p>F\u00fcr Unternehmen ist es jedoch wichtig, ihre Wettbewerbsvorteile st\u00e4ndig neu zu bewerten und zu verbessern, um in einem sich st\u00e4ndig ver\u00e4ndernden Markt die Nase vorn zu haben. Die Unternehmen m\u00fcssen in der Lage sein, sich anzupassen und zu innovieren und nachhaltiger zu sein, um ihren Vorsprung vor der Konkurrenz zu wahren.\u00a0 In der heutigen globalen Wirtschaft m\u00fcssen Unternehmen st\u00e4ndig danach streben, ihre Wettbewerbsvorteile zu ermitteln und zu st\u00e4rken, um der Konkurrenz voraus zu sein und Kunden zu gewinnen.<\/p>\n<h2><b>Fertigung in Mexiko<\/b><\/h2>\n<p>Das verarbeitende Gewerbe in Mexiko spielt eine wichtige Rolle in der Wirtschaft des Landes und auf dem Weltmarkt. Das mexikanische verarbeitende Gewerbe erwirtschaftet etwa ein Drittel des Bruttoinlandsprodukts des Landes. Die Automobilindustrie ist der gr\u00f6\u00dfte Akteur im mexikanischen verarbeitenden Gewerbe, da Unternehmen wie Ford und Volkswagen dort gro\u00dfe Produktionsanlagen unterhalten, um von den Wettbewerbsvorteilen zu profitieren. Auch die Herstellung von Elektronik und medizinischen Ger\u00e4ten ist mit Unternehmen wie Sony und Medtronic, die in Mexiko t\u00e4tig sind, wichtig. Dar\u00fcber hinaus hat sich Mexiko mit seinen Wettbewerbsvorteilen zu einer Drehscheibe f\u00fcr die Luft- und Raumfahrtindustrie entwickelt, in der Unternehmen wie Boeing und Bombardier vertreten sind. Insgesamt hat Mexikos florierender Fertigungssektor und die Wettbewerbsvorteile dazu beigetragen, seine Position als wichtiger Akteur auf dem Weltmarkt zu festigen und Kunden weltweit zufriedenzustellen.<\/p>\n<h2><b>Wettbewerbsvorteile f\u00fcr Unternehmen in Mexiko<\/b><\/h2>\n<h3><b>Niedrige Arbeitskosten<\/b><\/h3>\n<p>Einer der gr\u00f6\u00dften Wettbewerbsvorteile des verarbeitenden Gewerbes in Mexiko sind die niedrigen Arbeitskosten. Im Vergleich zu den Arbeitskosten in anderen L\u00e4ndern wie den Vereinigten Staaten, China und Japan sind die Arbeitskosten in Mexiko deutlich niedriger. Das macht Mexiko zu einer attraktiven Option f\u00fcr Unternehmen, die ihre Herstellungskosten reduzieren wollen.\u00a0<\/p>\n<h3><b>Die N\u00e4he zu den Vereinigten Staaten<\/b><\/h3>\n<p>Ein weiterer gro\u00dfer Wettbewerbsvorteil der Fertigung in Mexiko ist die N\u00e4he zu den Vereinigten Staaten. Mexiko liegt direkt s\u00fcdlich der Vereinigten Staaten, so dass der Warentransport zwischen den beiden L\u00e4ndern einfach und bequem ist. Diese N\u00e4he erm\u00f6glicht es den Unternehmen auch, die Vorteile des Nordamerikanischen Freihandelsabkommens (NAFTA) zu nutzen, das die Z\u00f6lle auf Waren im Handel zwischen den Vereinigten Staaten, Kanada und Mexiko beseitigt.<\/p>\n<h3><b>Hochqualifizierte Arbeitskr\u00e4fte durch Seminare und Ausbildung<\/b><\/h3>\n<p>Ein weiterer Wettbewerbsvorteil der mexikanischen Industrie ist der Zugang zu einem gro\u00dfen Pool an qualifizierten Arbeitskr\u00e4ften. Aufgrund der gro\u00dfen Bev\u00f6lkerungszahl und der hohen Arbeitslosenquote in Mexiko gibt es keinen Mangel an Arbeitskr\u00e4ften, die f\u00fcr die Besetzung von Stellen in der Fertigung zur Verf\u00fcgung stehen. Dar\u00fcber hinaus haben viele Mexikaner durch staatliche Programme oder private Unternehmen wie Audi eine Ausbildung oder Online Schulung in spezifischen Fertigungsfertigkeiten erhalten. Infolgedessen haben die Hersteller in Mexiko Zugang zu einem weiteren Wettbewerbsvorteil &#8211; ein gro\u00dfer Pool qualifizierter Arbeitskr\u00e4fte.<\/p>\n<p>Trotz seines Rufs als Billiglohnland verf\u00fcgt Mexiko auch \u00fcber hochqualifizierte Arbeitskr\u00e4fte, die in der Lage sind, hochwertige Produkte herzustellen. In den letzten Jahren hat die mexikanische Regierung stark in Bildung und Ausbildung investiert, dar\u00fcber hinaus haben viele mexikanische Arbeitnehmer Erfahrung in multinationalen Unternehmen gesammelt und sind mit internationalen Qualit\u00e4tsstandards vertraut.<\/p>\n<h3><b>G\u00fcnstige Handelsvereinbarungen<\/b><\/h3>\n<p>Die mexikanische Regierung bietet auch eine Reihe von Anreizen f\u00fcr Unternehmen, die sich f\u00fcr die Ansiedlung von Produktionsst\u00e4tten in Mexiko entscheiden. Diese Anreize k\u00f6nnen Wettbewerbsvorteile in Form von Steuererleichterungen, Subventionen und andere finanzielle Unterst\u00fctzung umfassen. Diese staatlichen Anreize machen es f\u00fcr Unternehmen noch attraktiver, in Mexiko zu produzieren.\u00a0<\/p>\n<p>Neben dem NAFTA-Abkommen hat Mexiko eine Reihe weiterer g\u00fcnstiger Handelsabkommen mit L\u00e4ndern aller Welt abgeschlossen. Diese Abkommen sehen eine Vorzugsbehandlung f\u00fcr mexikanische Exporte vor und erleichtern es den Unternehmen, ihre Produkte auf ausl\u00e4ndischen M\u00e4rkten abzusetzen. Folglich k\u00f6nnen Unternehmen, die in Mexiko produzieren, von den wachsenden M\u00e4rkten bzw. Kunden in aller Welt und online profitieren.<\/p>\n<h3><b>Attraktive Infrastruktur<\/b><\/h3>\n<p>Mexiko hat in den letzten Jahren erhebliche Investitionen in seine Infrastruktur get\u00e4tigt, was das Land zu einer attraktiven Option f\u00fcr Unternehmen macht, die Produktionsanlagen errichten oder erweitern wollen. Das Land verf\u00fcgt heute \u00fcber ein modernes Verkehrsnetz, einschlie\u00dflich einer Reihe von H\u00e4fen und Flugh\u00e4fen, die in der Lage sind, gro\u00dfe Mengen an Fracht abzufertigen. Dar\u00fcber hinaus wurden zahlreiche Industrieparks an strategischen Standorten im ganzen Land erschlossen, die Unternehmen schl\u00fcsselfertige L\u00f6sungen f\u00fcr die Errichtung neuer Produktionsanlagen bieten.\u00a0<\/p>\n<h2><b>Machen Sie jetzt Ihren Businessplan und folgen Sie unserem Muster<\/b><\/h2>\n<p>Wie Sie sehen, gibt es eine Reihe von Wettbewerbsvorteilen, die die Produktion in Mexiko zu einer attraktiven Option f\u00fcr Unternehmen machen, die ihre Kosten minimieren und von den wachsenden globalen M\u00e4rkten und Kunden weltweit profitieren wollen. Wenn Sie den Aufbau oder die Erweiterung von Produktionskapazit\u00e4ten in Mexiko in Erw\u00e4gung ziehen, sollten Sie sich noch heute mit Tetakawi online in Verbindung\u00a0 setzen f\u00fcr Ihren Muster-Businessplan! Wir k\u00f6nnen Ihnen dabei helfen, den Prozess zu navigieren und alle Wettbewerbsvorteile zu nutzen, die Mexiko zu bieten hat.<\/p>\n<p>Mexiko ist vor allem f\u00fcr seine Automobil-, Elektronik- und Luft- und Raumfahrtindustrie bekannt. Unternehmen wie Ford, GM, Samsung und Boeing verf\u00fcgen alle \u00fcber Produktionsst\u00e4tten im Land und profitieren bereits vom Wettbewerbsvorteil. Von niedrigeren Lohnkosten bis hin zum Zugang zu einem gro\u00dfen Pool an qualifizierten Arbeitskr\u00e4ften k\u00f6nnen Hersteller in Mexiko von einer Reihe von Kosteneinsparungen und Effizienzsteigerungen profitieren. Wenn Ihr Unternehmen den Aufbau oder die Erweiterung seiner Produktionskapazit\u00e4ten erw\u00e4gt, sollte Mexiko mit seinem Wettbewerbsvorteil ganz oben auf Ihrer Liste stehen!<\/p>\n\t\t<h3>Beginnen Sie jetzt mit der Entwicklung Ihrer Strategie f\u00fcr Mexiko.<\/h3>\n\t\t\n\t<a href=\"\/de\/kontakt\/\" target=\"_self\" role=\"button\" rel=\"noopener\">\n\t\t\t\t\tKontakt\n\t<\/a>\n<style>\n\t\t<\/style>\n\n<\/div><!-- .vgblk-rw-wrapper -->","protected":false},"excerpt":{"rendered":"<p>Mexikos Wettbewerbsvorteil Mexiko verf\u00fcgt \u00fcber die achtgr\u00f6\u00dfteFertigungsindustrie der Welt und belegt den siebten Rang im Wettbewerbsindex von Deloitte. Besondere Wettbewerbsvorteile, die Mexiko gegen\u00fcber anderen Industrienationen auszeichnen, sind das Niveau der Ausbildung im Fertigungssektor sowie die besondere Motivation der Arbeitskr\u00e4fte. Die geringeren Kosten sowie die h\u00f6here Qualifikation und Motivation der Mitarbeiter bedeuten f\u00fcr Hersteller h\u00f6here Produktivit\u00e4t&#8230;<\/p>\n","protected":false},"author":1,"featured_media":0,"parent":22879,"menu_order":1,"comment_status":"closed","ping_status":"closed","template":"","meta":{"content-type":"","_monsterinsights_skip_tracking":false,"_monsterinsights_sitenote_active":false,"_monsterinsights_sitenote_note":"","_monsterinsights_sitenote_category":0},"yoast_head":"<!-- This site is optimized with the Yoast SEO Premium plugin v20.6 (Yoast SEO v20.6) - https:\/\/yoast.com\/wordpress\/plugins\/seo\/ -->\n<title>Tetakawi | Wettbewerbsvorteile: Was spricht f\u00fcr eine Fertigung in Mexiko?<\/title>\n<meta name=\"description\" content=\"Mexiko bietet zahlreiche Wettbewerbsvorteile, die f\u00fcr eine Fertigung vor Ort sprechen, darunter mehrere Freihandelsabkommen, Arbeitskr\u00e4fte, Zugang zu einem gro\u00dfen Markt und eine Infrastruktur von Weltklasse.\" \/>\n<meta name=\"robots\" content=\"index, follow, max-snippet:-1, max-image-preview:large, max-video-preview:-1\" \/>\n<link rel=\"canonical\" href=\"https:\/\/tetakawi.com\/de\/fertigung-in-mexiko\/was-spricht-fur-eine-fertigung-in-mexiko\/\" \/>\n<meta property=\"og:locale\" content=\"de_DE\" \/>\n<meta property=\"og:type\" content=\"article\" \/>\n<meta property=\"og:title\" content=\"Wettbewerbsvorteile: Was spricht f\u00fcr eine Fertigung in Mexiko?\" \/>\n<meta property=\"og:description\" content=\"Mexiko bietet zahlreiche Wettbewerbsvorteile, die f\u00fcr eine Fertigung vor Ort sprechen, darunter mehrere Freihandelsabkommen, Arbeitskr\u00e4fte, Zugang zu einem gro\u00dfen Markt und eine Infrastruktur von Weltklasse.\" \/>\n<meta property=\"og:url\" content=\"https:\/\/tetakawi.com\/de\/fertigung-in-mexiko\/was-spricht-fur-eine-fertigung-in-mexiko\/\" \/>\n<meta property=\"og:site_name\" content=\"Tetakawi\" \/>\n<meta property=\"article:modified_time\" content=\"2023-01-12T20:08:15+00:00\" \/>\n<meta name=\"twitter:card\" content=\"summary_large_image\" \/>\n<meta name=\"twitter:label1\" content=\"Gesch\u00e4tzte Lesezeit\" \/>\n\t<meta name=\"twitter:data1\" content=\"7\u00a0Minuten\" \/>\n<script type=\"application\/ld+json\" class=\"yoast-schema-graph\">{\"@context\":\"https:\/\/schema.org\",\"@graph\":[{\"@type\":\"WebPage\",\"@id\":\"https:\/\/tetakawi.com\/de\/fertigung-in-mexiko\/was-spricht-fur-eine-fertigung-in-mexiko\/\",\"url\":\"https:\/\/tetakawi.com\/de\/fertigung-in-mexiko\/was-spricht-fur-eine-fertigung-in-mexiko\/\",\"name\":\"Tetakawi | Wettbewerbsvorteile: Was spricht f\u00fcr eine Fertigung in Mexiko?\",\"isPartOf\":{\"@id\":\"https:\/\/tetakawi.com\/#website\"},\"datePublished\":\"2019-07-10T17:10:11+00:00\",\"dateModified\":\"2023-01-12T20:08:15+00:00\",\"description\":\"Mexiko bietet zahlreiche Wettbewerbsvorteile, die f\u00fcr eine Fertigung vor Ort sprechen, darunter mehrere Freihandelsabkommen, Arbeitskr\u00e4fte, Zugang zu einem gro\u00dfen Markt und eine Infrastruktur von Weltklasse.\",\"breadcrumb\":{\"@id\":\"https:\/\/tetakawi.com\/de\/fertigung-in-mexiko\/was-spricht-fur-eine-fertigung-in-mexiko\/#breadcrumb\"},\"inLanguage\":\"de\",\"potentialAction\":[{\"@type\":\"ReadAction\",\"target\":[\"https:\/\/tetakawi.com\/de\/fertigung-in-mexiko\/was-spricht-fur-eine-fertigung-in-mexiko\/\"]}]},{\"@type\":\"BreadcrumbList\",\"@id\":\"https:\/\/tetakawi.com\/de\/fertigung-in-mexiko\/was-spricht-fur-eine-fertigung-in-mexiko\/#breadcrumb\",\"itemListElement\":[{\"@type\":\"ListItem\",\"position\":1,\"name\":\"Home\",\"item\":\"https:\/\/tetakawi.com\/de\/\"},{\"@type\":\"ListItem\",\"position\":2,\"name\":\"Fertigung in Mexiko\",\"item\":\"https:\/\/tetakawi.com\/de\/fertigung-in-mexiko\/\"},{\"@type\":\"ListItem\",\"position\":3,\"name\":\"Wettbewerbsvorteile: Was spricht f\u00fcr eine Fertigung in Mexiko?\"}]},{\"@type\":\"WebSite\",\"@id\":\"https:\/\/tetakawi.com\/#website\",\"url\":\"https:\/\/tetakawi.com\/\",\"name\":\"Tetakawi\",\"description\":\"\",\"publisher\":{\"@id\":\"https:\/\/tetakawi.com\/#organization\"},\"potentialAction\":[{\"@type\":\"SearchAction\",\"target\":{\"@type\":\"EntryPoint\",\"urlTemplate\":\"https:\/\/tetakawi.com\/?s={search_term_string}\"},\"query-input\":\"required name=search_term_string\"}],\"inLanguage\":\"de\"}]}<\/script>\n<!-- \/ Yoast SEO Premium plugin. -->","yoast_head_json":{"title":"Tetakawi | Wettbewerbsvorteile: Was spricht f\u00fcr eine Fertigung in Mexiko?","description":"Mexiko bietet zahlreiche Wettbewerbsvorteile, die f\u00fcr eine Fertigung vor Ort sprechen, darunter mehrere Freihandelsabkommen, Arbeitskr\u00e4fte, Zugang zu einem gro\u00dfen Markt und eine Infrastruktur von Weltklasse.","robots":{"index":"index","follow":"follow","max-snippet":"max-snippet:-1","max-image-preview":"max-image-preview:large","max-video-preview":"max-video-preview:-1"},"canonical":"https:\/\/tetakawi.com\/de\/fertigung-in-mexiko\/was-spricht-fur-eine-fertigung-in-mexiko\/","og_locale":"de_DE","og_type":"article","og_title":"Wettbewerbsvorteile: Was spricht f\u00fcr eine Fertigung in Mexiko?","og_description":"Mexiko bietet zahlreiche Wettbewerbsvorteile, die f\u00fcr eine Fertigung vor Ort sprechen, darunter mehrere Freihandelsabkommen, Arbeitskr\u00e4fte, Zugang zu einem gro\u00dfen Markt und eine Infrastruktur von Weltklasse.","og_url":"https:\/\/tetakawi.com\/de\/fertigung-in-mexiko\/was-spricht-fur-eine-fertigung-in-mexiko\/","og_site_name":"Tetakawi","article_modified_time":"2023-01-12T20:08:15+00:00","twitter_card":"summary_large_image","twitter_misc":{"Gesch\u00e4tzte Lesezeit":"7\u00a0Minuten"},"schema":{"@context":"https:\/\/schema.org","@graph":[{"@type":"WebPage","@id":"https:\/\/tetakawi.com\/de\/fertigung-in-mexiko\/was-spricht-fur-eine-fertigung-in-mexiko\/","url":"https:\/\/tetakawi.com\/de\/fertigung-in-mexiko\/was-spricht-fur-eine-fertigung-in-mexiko\/","name":"Tetakawi | Wettbewerbsvorteile: Was spricht f\u00fcr eine Fertigung in Mexiko?","isPartOf":{"@id":"https:\/\/tetakawi.com\/#website"},"datePublished":"2019-07-10T17:10:11+00:00","dateModified":"2023-01-12T20:08:15+00:00","description":"Mexiko bietet zahlreiche Wettbewerbsvorteile, die f\u00fcr eine Fertigung vor Ort sprechen, darunter mehrere Freihandelsabkommen, Arbeitskr\u00e4fte, Zugang zu einem gro\u00dfen Markt und eine Infrastruktur von Weltklasse.","breadcrumb":{"@id":"https:\/\/tetakawi.com\/de\/fertigung-in-mexiko\/was-spricht-fur-eine-fertigung-in-mexiko\/#breadcrumb"},"inLanguage":"de","potentialAction":[{"@type":"ReadAction","target":["https:\/\/tetakawi.com\/de\/fertigung-in-mexiko\/was-spricht-fur-eine-fertigung-in-mexiko\/"]}]},{"@type":"BreadcrumbList","@id":"https:\/\/tetakawi.com\/de\/fertigung-in-mexiko\/was-spricht-fur-eine-fertigung-in-mexiko\/#breadcrumb","itemListElement":[{"@type":"ListItem","position":1,"name":"Home","item":"https:\/\/tetakawi.com\/de\/"},{"@type":"ListItem","position":2,"name":"Fertigung in Mexiko","item":"https:\/\/tetakawi.com\/de\/fertigung-in-mexiko\/"},{"@type":"ListItem","position":3,"name":"Wettbewerbsvorteile: Was spricht f\u00fcr eine Fertigung in Mexiko?"}]},{"@type":"WebSite","@id":"https:\/\/tetakawi.com\/#website","url":"https:\/\/tetakawi.com\/","name":"Tetakawi","description":"","publisher":{"@id":"https:\/\/tetakawi.com\/#organization"},"potentialAction":[{"@type":"SearchAction","target":{"@type":"EntryPoint","urlTemplate":"https:\/\/tetakawi.com\/?s={search_term_string}"},"query-input":"required name=search_term_string"}],"inLanguage":"de"}]}},"_links":{"self":[{"href":"https:\/\/tetakawi.com\/de\/wp-json\/wp\/v2\/pages\/22811"}],"collection":[{"href":"https:\/\/tetakawi.com\/de\/wp-json\/wp\/v2\/pages"}],"about":[{"href":"https:\/\/tetakawi.com\/de\/wp-json\/wp\/v2\/types\/page"}],"author":[{"embeddable":true,"href":"https:\/\/tetakawi.com\/de\/wp-json\/wp\/v2\/users\/1"}],"replies":[{"embeddable":true,"href":"https:\/\/tetakawi.com\/de\/wp-json\/wp\/v2\/comments?post=22811"}],"version-history":[{"count":5,"href":"https:\/\/tetakawi.com\/de\/wp-json\/wp\/v2\/pages\/22811\/revisions"}],"predecessor-version":[{"id":28285,"href":"https:\/\/tetakawi.com\/de\/wp-json\/wp\/v2\/pages\/22811\/revisions\/28285"}],"up":[{"embeddable":true,"href":"https:\/\/tetakawi.com\/de\/wp-json\/wp\/v2\/pages\/22879"}],"wp:attachment":[{"href":"https:\/\/tetakawi.com\/de\/wp-json\/wp\/v2\/media?parent=22811"}],"curies":[{"name":"wp","href":"https:\/\/api.w.org\/{rel}","templated":true}]}}