{"id":22810,"date":"2019-07-10T17:10:10","date_gmt":"2019-07-10T17:10:10","guid":{"rendered":"https:\/\/tetakawi.com\/hochspezialisierte-branchen-in-mexiko\/fertigung-von-heizungs-luftungs-und-klimaanlagen-in-mexiko\/"},"modified":"2021-01-04T18:46:36","modified_gmt":"2021-01-04T18:46:36","slug":"fertigung-von-heizungs-luftungs-und-klimaanlagen-in-mexiko","status":"publish","type":"page","link":"https:\/\/tetakawi.com\/de\/hochspezialisierte-branchen-in-mexiko\/fertigung-von-heizungs-luftungs-und-klimaanlagen-in-mexiko\/","title":{"rendered":"Fertigung von Heizungs-, L\u00fcftungs- und Klimaanlagen in Mexiko"},"content":{"rendered":"<div class=\"vgblk-rw-wrapper limit-wrapper\">\n<h1>\n\tFertigung von Heizungs-, L\u00fcftungs- und Klimaanlagen in Mexiko\n\t<\/h1>\n\t<p>Die Fertigung von Heizungs-, L\u00fcftungs- und Klimaanlagen in Mexiko zeigt, getragen von Industrieauftr\u00e4gen und Kosteneinsparungen, keinerlei Anzeichen einer Abk\u00fchlung.<\/p>\n<h2>\n\tDie Fertigung von Heizungs-, L\u00fcftungs- und Klimaanlagen gewinnt an Fahrt\n\t<\/h2>\n\t<p>Mexikos HVAC-Fertigung ist seit jeher stark. Die Branche umfasst Klimaanlagen, Wasserheiz- und -k\u00fchlsysteme sowie allgemeine W\u00e4rme- und K\u00fchleinheiten, die beim Bau, in H\u00e4usern sowie in einigen Transportanwendungen zum Einsatz kommen. Laut Wisconsin Economic Development Corporation (WEDC) unterhalten rund 600 Unternehmen aus dem HVAC-Sektor Niederlassungen in Mexiko. Bei vielen dieser Produzenten handelt es sich um Tier-1-, Tier-2- und Tier-3-Unternehmen, die in verschiedenen Clustern in Mexiko angesiedelt sind.<\/p>\n<p>Angefacht vom raschen, stetigen Wachstum der Luft- und Raumfahrtbranche sowie der Automobilindustrie im Land hat der Bedarf an Industrie\u00f6fen f\u00fcr die W\u00e4rmebehandlung f\u00fcr einen Boom auf dem HVAC-Markt gesorgt, der selbstverst\u00e4ndlich auch vom Wohnungsbau profitiert. Infolgedessen werden in Mexiko zahlreiche HVAC-Produkte gefertigt, von Vakuumpumpen bis hin zu L\u00fcftungskomponenten. Mit der einsetzenden Erholung der Weltwirtschaft wird auch die mexikanische HVAC-Branche weiter wachsen. Aktuelle Sch\u00e4tzungen lassen Wachstumsraten von 25 Prozent pro Jahr beim HVAC-Absatz erwarten.<\/p>\n<h4>\n\tFree Data Sheet\n\t<\/h4>\n<h3>\n\tWhat to know about <br \/>HVAC Manufacturing <br \/>in Mexico\n\t<\/h3>\n\t<p>Thinking about manufacturing in Mexico? Learn about Mexico&#8217;s HVAC industry and how shelter services can help.<\/p>\n\n\t\t\t\t\t\t\t\t\t\t<img loading=\"lazy\" src=\"https:\/\/tetakawi.com\/wp-content\/uploads\/2018\/11\/hvac-ventilation-tetakawi.jpg\" alt=\"hvac-ventilation-mfg-mexico-tetakawi\" itemprop=\"image\" height=\"665\" width=\"1000\" title=\"hvac-ventilation-tetakawi\" onerror=\"this.style.display='none'\"  sizes=\"(max-width: 768px) 100vw, 100vw\" srcset=\"data:image\/svg+xml;utf8,&lt;svg%20xmlns=&quot;http:\/\/www.w3.org\/2000\/svg&quot;%20viewBox=&quot;0%200%201000%20665&quot;%20height=&quot;665px&quot;%20width=&quot;1000px&quot;\/&gt;\" data-srcset=\"https:\/\/tetakawi.com\/wp-content\/uploads\/2018\/11\/hvac-ventilation-tetakawi.jpg 1000w, https:\/\/tetakawi.com\/wp-content\/uploads\/2018\/11\/hvac-ventilation-tetakawi-300x200.jpg 300w, https:\/\/tetakawi.com\/wp-content\/uploads\/2018\/11\/hvac-ventilation-tetakawi-768x511.jpg 768w, https:\/\/tetakawi.com\/wp-content\/uploads\/2018\/11\/hvac-ventilation-tetakawi-630x419.jpg 630w, https:\/\/tetakawi.com\/wp-content\/uploads\/2018\/11\/hvac-ventilation-tetakawi-420x279.jpg 420w, https:\/\/tetakawi.com\/wp-content\/uploads\/2018\/11\/hvac-ventilation-tetakawi-840x559.jpg 840w, https:\/\/tetakawi.com\/wp-content\/uploads\/2018\/11\/hvac-ventilation-tetakawi-315x209.jpg 315w\" \/>\t\t\t\t\t\t\t\n<h2>\n\tWichtige Statistiken zur HVAC-Branche in Mexiko\n\t<\/h2>\n<h4>\n\t90 %\n\t<\/h4>\n<h4>\n\tder in den USA verkauften HVAC-Einheiten werden von Unternehmen gefertigt, die in Mexiko produzieren lassen.\n\t<\/h4>\n\t<p>Sieben gro\u00dfe HVAC-Hersteller fertigen ca. 90 Prozent der in den USA verkauften Einheiten. All diese Unternehmen unterhalten HVAC-Fertigungsstandorte in Mexiko.<\/p>\n<h4>\n\t4 Milliarden USD\n\t<\/h4>\n<h4>\n\tbetr\u00e4gt der Wert der j\u00e4hrlich exportierten Klimaanlagen.\n\t<\/h4>\n\t<p>Mexiko exportiert Klimaanlagen im Wert von ca. 4 Milliarden USD pro Jahr und geh\u00f6rt damit zu den drei gr\u00f6\u00dften Exporteuren der Welt. Mit einem Wachstum von 41 Prozent in den vergangenen f\u00fcnf Jahren ist Mexiko einer der am schnellsten wachsenden Exporteure von Klimaanlagen der Welt.<\/p>\n<h4>\n\t&gt;600\n\t<\/h4>\n<h4>\n\tUnternehmen sind in der mexikanischen HVAC-Branche t\u00e4tig.\n\t<\/h4>\n\t<p>Laut WEDC umfasst die HVAC-Branche in Mexiko \u00fcber 600 Unternehmen. Allein 400 Unternehmen fertigen W\u00e4rmetauscher.<\/p>\n<h2>\n\tSmarter Start in die HVAC-Branche mit Tetakawi\n\t<\/h2>\n\t<p>Ob Sie die Fertigung in Mexiko aufnehmen m\u00f6chten oder hier bereits einen Standort unterhalten &#8211; Tetakawi unterst\u00fctzt Ihr Unternehmen bei Gr\u00fcndung, Betrieb und Wachstum in der robusten HVAC-Fertigungsbranche des Landes. Mit \u00fcber 34 Jahren Erfahrung im Bereich Fertigung in Mexiko sind wir bestens aufgestellt, HVAC-Unternehmen bei der Gr\u00fcndung von Maquiladoras in Mexiko zu unterst\u00fctzen. Unsere speziell auf die Anforderungen Ihres Unternehmens zugeschnittenen Serviceleistungen beruhen auf Strategie und Erfahrung. Wir sind der gr\u00f6\u00dfte Offshoring-Dienstleister in Mexiko und Sie k\u00f6nnen sich darauf verlassen, dass wir als zuverl\u00e4ssiger Partner stets an Ihrer Seite stehen. Wir unterst\u00fctzen Sie bei Folgendem:<\/p>\n<ul>\n<li>Auswahl des passenden Standorts f\u00fcr Ihre HVAC-Fertigung<\/li>\n<li>Rechtlichen und organisatorischen Fragen sowie beim Aufbau von Supportstrukturen<\/li>\n<li>Anwerbung, Schulung und Bindung von Mitarbeitern<\/li>\n<li>S\u00e4mtlichen administrativen Aufgaben, von Finanzen und Personal bis hin zu Zollangelegenheiten<\/li>\n<li>Reibungslosen Abl\u00e4ufen von der Gr\u00fcndung bis zum Regelbetrieb<\/li>\n<li>Und vielem mehr. Wir \u00fcbernehmen die administrativen Aufgaben f\u00fcr Sie, sodass sich Ihr Team auf den Wettbewerbsvorteil konzentrieren kann: kompetente Fertigung.<\/li>\n<\/ul>\n\t<a href=\"\/solutions\/support-services\/start-up\/\" target=\"_self\" role=\"button\" rel=\"noopener noreferrer\">\n\t\t\t\t\tSie m\u00f6chten mehr erfahren? <b>Individuelles Dienstleistungsangebot erhalten<\/b>\n\t<\/a>\n<h2>\n\tNehmen Sie dank der umfassenden Unterst\u00fctzung durch Tetakawi problemlos die HVAC-Fertigung in Mexiko auf. <\/h2>\n\t\n\t<p>Gr\u00fcnden oder erweitern Sie mit unseren kundenspezifischen Dienstleistungen einen HVAC-Fertigungsstandort in Mexiko. Von umfassender Beratung bis hin zu schl\u00fcsselfertigen Fertigungsanlagen &#8211; wir unterst\u00fctzen Sie bei jeder Phase der Betriebsaufnahme.<\/p>\n\t\t\tOffshoring-Services\n\t\tKonzentrieren Sie sich auf Ihr Kerngesch\u00e4ft, wir k\u00fcmmern uns um den Rest. Unsere Offshoring-Services sind eine einfache, kosteng\u00fcnstige und risikoarme M\u00f6glichkeit zur Er\u00f6ffnung eines eigenen HVAC-Fertigungsstandorts in Mexiko.<br \/>\n<a href=\"https:\/\/tetakawi.com\/de\/losung-finden\/supportleistungen\/offshoring-services-von-tetakawi\/\">Mehr erfahren &#8230;<\/a>\n\t\t\tPerfekte Kommunikation\n\t\tMit dem optimalen Expertenteam, das die termin- und budgetgerechte Umsetzung Ihrer Markteintrittsstrategie gew\u00e4hrleistet, gelingt der erfolgreiche Start.  <br \/>\n<a href=\"https:\/\/tetakawi.com\/de\/losung-finden\/fertigungscommunitys\/perfekte-kommunikation\/\">Mehr erfahren &#8230;<\/a>\n\t\t\tFertigungscommunitys\n\t\tSchl\u00fcsselfertige Produktionsanlagen mit Gewerbefl\u00e4chen der Klasse A, Vor-Ort-Support und Offshoring-Dienstleistungen sorgen f\u00fcr eine problemlose HVAC-Fertigung.<br \/>\n<a href=\"https:\/\/tetakawi.com\/de\/finden-sie-den-passenden-standort\/fertigung-in-saltillo-coahuila\/manufacturing-communities\/\">Mehr erfahren &#8230;<\/a>\n\t\t\tBeratungsleistungen\n\t\tVon der Standortwahl bis hin zu kundenspezifischen Analysen und Kostensch\u00e4tzungen &#8211; wir treffen fundierte, strategische und umsetzbare Entscheidungen.<br \/>\n<a href=\"https:\/\/tetakawi.com\/de\/losung-finden\/beratungsleistungen\/\">Mehr erfahren &#8230;<\/a>\n<h2>\n\tH\u00e4ufig gestellte Fragen zur HVAC-Fertigung in Mexiko\n\t<\/h2>\n\tWelche der gro\u00dfen Fertigungsunternehmen in Mexiko exportieren HVAC-Systeme in die USA?\n<p>90 % der in den USA ausgelieferten HVAC-Einheiten stammen von sieben gro\u00dfen Herstellern, die alle in Mexiko K\u00e4ltetechnik-Fertigungsstandorte unterhalten. Zu diesen Unternehmen geh\u00f6ren Carrier K\u00e4ltetechnik, Goodman Manufacturing Company, Rheem Manufacturing, Company, Trane Inc., York International Corporation, Lennox International, Inc. und Nordyne Corporation. <a href='https:\/\/insights.tetakawi.com\/mexicos-free-trade-agreements'>Mexikos Freihandelsabkommen<\/a> machen das Land besonders attraktiv f\u00fcr US-Hersteller, die in Mexiko fertigen und aus dem Land exportieren m\u00f6chten.<\/p>\n<p>&#160;<\/p>\nWo siedeln sich HVAC-Hersteller in Mexiko an?\n<p>In zahlreichen Regionen Mexikos teilen die Automobilindustrie sowie die Luft- und Raumfahrtbranche Infrastruktur und Fachpersonal mit der HVAC-Branche. Die f\u00fcr die HVAC-Fertigung bedeutendsten Bundesstaaten Mexikos sind dieselben wie f\u00fcr die Automobilindustrie sowie die Luft- und Raumfahrtbranche: Queretaro und Guanajuato sowie Chihuahua, Tamaulipas, Nuevo Le\u00f3n, Mexiko-Stadt und Coahuila. Wenn Sie mehr \u00fcber die f\u00fcr die HVAC-Fertigung geeigneten Regionen in Mexiko erfahren m\u00f6chten oder Hilfe bei der Standortwahl ben\u00f6tigen, ist unser <a href=\"https:\/\/tetakawi.com\/de\/losung-finden\/beratungsleistungen\/standortwahl\/\">Standortwahlservice<\/a> genau das Richtige f\u00fcr Sie.<\/p>\n<h2>\n\tAktuelle News aus der HVAC-Branche\n\t<\/h2>\n\t\t\t\t\t\t\t\t\t\t<img loading=\"lazy\" src=\"https:\/\/tetakawi.com\/wp-content\/uploads\/2020\/10\/Shelter-Services-in-Mexico-Everything-You-Need-To-Know.jpg\" alt=\"Offshoring-Services in Mexiko: Was Sie wissen m\u00fcssen\" itemprop=\"image\" height=\"300\" width=\"500\" title=\"Was Sie \u00fcber Offshoring-Services in Mexiko wissen m\u00fcssen\" onerror=\"this.style.display='none'\"  sizes=\"(max-width: 768px) 100vw, 100vw\" srcset=\"data:image\/svg+xml;utf8,&lt;svg%20xmlns=&quot;http:\/\/www.w3.org\/2000\/svg&quot;%20viewBox=&quot;0%200%20500%20300&quot;%20height=&quot;300px&quot;%20width=&quot;500px&quot;\/&gt;\" data-srcset=\"https:\/\/tetakawi.com\/wp-content\/uploads\/2020\/10\/Shelter-Services-in-Mexico-Everything-You-Need-To-Know.jpg 500w, https:\/\/tetakawi.com\/wp-content\/uploads\/2020\/10\/Shelter-Services-in-Mexico-Everything-You-Need-To-Know-300x180.jpg 300w, https:\/\/tetakawi.com\/wp-content\/uploads\/2020\/10\/Shelter-Services-in-Mexico-Everything-You-Need-To-Know-420x252.jpg 420w, https:\/\/tetakawi.com\/wp-content\/uploads\/2020\/10\/Shelter-Services-in-Mexico-Everything-You-Need-To-Know-315x189.jpg 315w\" \/>\t\t\t\t\t\t\t\n<h4>\n\tOffshoring-Services in Mexiko: Was Sie wissen m\u00fcssen\n\t<\/h4>\n\t<p>Sie erw\u00e4gen die Gr\u00fcndung eines HVAC-Fertigungsstandorts in Mexiko? Informieren Sie sich \u00fcber die Vorteile und die Optionen f\u00fcr die Aufnahme der Fertigung, die Offshoring-Dienstleistungen bieten.<\/p>\n\t<a href=\"https:\/\/insights.tetakawi.com\/shelter-services-in-mexico\" target=\"_self\" role=\"button\" rel=\"noopener noreferrer\">\n\t\t\t\t\tWeiterlesen\n\t<\/a>\n\t\t\t\t\t\t\t\t\t\t<img loading=\"lazy\" src=\"https:\/\/tetakawi.com\/wp-content\/uploads\/2020\/10\/The-Advantages-of-Manufacturing-in-Mexico.jpg\" alt=\"Vorteile der Fertigung in Mexiko\" itemprop=\"image\" height=\"300\" width=\"500\" title=\"Vorteile der Fertigung in Mexiko\" onerror=\"this.style.display='none'\"  sizes=\"(max-width: 768px) 100vw, 100vw\" srcset=\"data:image\/svg+xml;utf8,&lt;svg%20xmlns=&quot;http:\/\/www.w3.org\/2000\/svg&quot;%20viewBox=&quot;0%200%20500%20300&quot;%20height=&quot;300px&quot;%20width=&quot;500px&quot;\/&gt;\" data-srcset=\"https:\/\/tetakawi.com\/wp-content\/uploads\/2020\/10\/The-Advantages-of-Manufacturing-in-Mexico.jpg 500w, https:\/\/tetakawi.com\/wp-content\/uploads\/2020\/10\/The-Advantages-of-Manufacturing-in-Mexico-300x180.jpg 300w, https:\/\/tetakawi.com\/wp-content\/uploads\/2020\/10\/The-Advantages-of-Manufacturing-in-Mexico-420x252.jpg 420w, https:\/\/tetakawi.com\/wp-content\/uploads\/2020\/10\/The-Advantages-of-Manufacturing-in-Mexico-315x189.jpg 315w\" \/>\t\t\t\t\t\t\t\n<h4>\n\tVorteile der Fertigung in Mexiko\n\t<\/h4>\n\t<p>HVAC-Hersteller, die die Fertigung in Mexiko aufnehmen oder ihre dortigen Kapazit\u00e4ten ausbauen m\u00f6chten, profitieren von vielen Vorteilen. Diese reichen von Kosteneinsparungen bis hin zum einfachen Marktzugang.<\/p>\n\t<a href=\"https:\/\/insights.tetakawi.com\/advantages-manufacturing-mexico\" target=\"_self\" role=\"button\" rel=\"noopener noreferrer\">\n\t\t\t\t\tWeiterlesen\n\t<\/a>\n\t\t\t\t\t\t\t\t\t\t<img loading=\"lazy\" src=\"https:\/\/tetakawi.com\/wp-content\/uploads\/2020\/10\/Mexicos-Top-Free-Trade-Agreements-and-Their-Impact.jpg\" alt=\"Wichtigste Freihandelsabkommen Mexikos und deren Wirkung\" itemprop=\"image\" height=\"300\" width=\"500\" title=\"Wichtigste Freihandelsabkommen Mexikos und deren Wirkung\" onerror=\"this.style.display='none'\"  sizes=\"(max-width: 768px) 100vw, 100vw\" srcset=\"data:image\/svg+xml;utf8,&lt;svg%20xmlns=&quot;http:\/\/www.w3.org\/2000\/svg&quot;%20viewBox=&quot;0%200%20500%20300&quot;%20height=&quot;300px&quot;%20width=&quot;500px&quot;\/&gt;\" data-srcset=\"https:\/\/tetakawi.com\/wp-content\/uploads\/2020\/10\/Mexicos-Top-Free-Trade-Agreements-and-Their-Impact.jpg 500w, https:\/\/tetakawi.com\/wp-content\/uploads\/2020\/10\/Mexicos-Top-Free-Trade-Agreements-and-Their-Impact-300x180.jpg 300w, https:\/\/tetakawi.com\/wp-content\/uploads\/2020\/10\/Mexicos-Top-Free-Trade-Agreements-and-Their-Impact-420x252.jpg 420w, https:\/\/tetakawi.com\/wp-content\/uploads\/2020\/10\/Mexicos-Top-Free-Trade-Agreements-and-Their-Impact-315x189.jpg 315w\" \/>\t\t\t\t\t\t\t\n<h4>\n\tWichtigste Freihandelsabkommen Mexikos und deren Wirkung\n\t<\/h4>\n\t<p>Freihandel ist einer der gr\u00f6\u00dften Vorteile, den Mexiko zu bieten hat. Hier erfahren Sie mehr \u00fcber die Bedeutung f\u00fcr die Gr\u00fcndung und den erfolgreichen Betrieb eines HVAC-Fertigungsstandorts in Mexiko.<\/p>\n\t<a href=\"https:\/\/insights.tetakawi.com\/top-free-trade-agreements-with-mexico\" target=\"_self\" role=\"button\" rel=\"noopener noreferrer\">\n\t\t\t\t\tWeiterlesen\n\t<\/a>\n<h2>\n\t<b>Beginnen Sie jetzt mit der Entwicklung Ihrer Strategie f\u00fcr Mexiko.<\/b>\n\t<\/h2>\n\t<p>Sprechen Sie mit einem Experten von Tetakawi und erfahren Sie, wie Ihr Unternehmen in Mexiko erfolgreich sein kann.<\/p>\n\t<a href=\"\/contact\" target=\"_self\" role=\"button\" rel=\"noopener noreferrer\">\n\t\t\t\t\t<b>Wenden Sie sich an uns.<\/b><b>\n\t<\/b><\/a>\n\n<\/div><!-- .vgblk-rw-wrapper -->","protected":false},"excerpt":{"rendered":"<p>Fertigung von Heizungs-, L\u00fcftungs- und Klimaanlagen in Mexiko Die Fertigung von Heizungs-, L\u00fcftungs- und Klimaanlagen in Mexiko zeigt, getragen von Industrieauftr\u00e4gen und Kosteneinsparungen, keinerlei Anzeichen einer Abk\u00fchlung. Die Fertigung von Heizungs-, L\u00fcftungs- und Klimaanlagen gewinnt an Fahrt Mexikos HVAC-Fertigung ist seit jeher stark. Die Branche umfasst Klimaanlagen, Wasserheiz- und -k\u00fchlsysteme sowie allgemeine W\u00e4rme- und K\u00fchleinheiten,&#8230;<\/p>\n","protected":false},"author":1,"featured_media":0,"parent":22201,"menu_order":0,"comment_status":"closed","ping_status":"closed","template":"","meta":{"content-type":"","_monsterinsights_skip_tracking":false,"_monsterinsights_sitenote_active":false,"_monsterinsights_sitenote_note":"","_monsterinsights_sitenote_category":0},"yoast_head":"<!-- This site is optimized with the Yoast SEO Premium plugin v20.6 (Yoast SEO v20.6) - https:\/\/yoast.com\/wordpress\/plugins\/seo\/ -->\n<title>Fertigung von Heizungs-, L\u00fcftungs- und Klimaanlagen in Mexiko | Tetakawi<\/title>\n<meta name=\"description\" content=\"Die Fertigung von Heizungs-, L\u00fcftungs- und Klimaanlagen in Mexiko gewinnt an Fahrt. Beginnen oder erweitern Sie Ihre Fertigung mit Tetakawi, Mexikos gr\u00f6\u00dftem Offshoring-Dienstleister.\" \/>\n<meta name=\"robots\" content=\"index, follow, max-snippet:-1, max-image-preview:large, max-video-preview:-1\" \/>\n<link rel=\"canonical\" href=\"https:\/\/tetakawi.com\/de\/hochspezialisierte-branchen-in-mexiko\/fertigung-von-heizungs-luftungs-und-klimaanlagen-in-mexiko\/\" \/>\n<meta property=\"og:locale\" content=\"de_DE\" \/>\n<meta property=\"og:type\" content=\"article\" \/>\n<meta property=\"og:title\" content=\"Fertigung von Heizungs-, L\u00fcftungs- und Klimaanlagen in Mexiko\" \/>\n<meta property=\"og:description\" content=\"Die Fertigung von Heizungs-, L\u00fcftungs- und Klimaanlagen in Mexiko gewinnt an Fahrt. Beginnen oder erweitern Sie Ihre Fertigung mit Tetakawi, Mexikos gr\u00f6\u00dftem Offshoring-Dienstleister.\" \/>\n<meta property=\"og:url\" content=\"https:\/\/tetakawi.com\/de\/hochspezialisierte-branchen-in-mexiko\/fertigung-von-heizungs-luftungs-und-klimaanlagen-in-mexiko\/\" \/>\n<meta property=\"og:site_name\" content=\"Tetakawi\" \/>\n<meta property=\"article:modified_time\" content=\"2021-01-04T18:46:36+00:00\" \/>\n<meta property=\"og:image\" content=\"https:\/\/tetakawi.com\/wp-content\/uploads\/2018\/11\/hvac-ventilation-tetakawi.jpg\" \/>\n<meta name=\"twitter:card\" content=\"summary_large_image\" \/>\n<meta name=\"twitter:label1\" content=\"Gesch\u00e4tzte Lesezeit\" \/>\n\t<meta name=\"twitter:data1\" content=\"5\u00a0Minuten\" \/>\n<script type=\"application\/ld+json\" class=\"yoast-schema-graph\">{\"@context\":\"https:\/\/schema.org\",\"@graph\":[{\"@type\":\"WebPage\",\"@id\":\"https:\/\/tetakawi.com\/de\/hochspezialisierte-branchen-in-mexiko\/fertigung-von-heizungs-luftungs-und-klimaanlagen-in-mexiko\/\",\"url\":\"https:\/\/tetakawi.com\/de\/hochspezialisierte-branchen-in-mexiko\/fertigung-von-heizungs-luftungs-und-klimaanlagen-in-mexiko\/\",\"name\":\"Fertigung von Heizungs-, L\u00fcftungs- und Klimaanlagen in Mexiko | Tetakawi\",\"isPartOf\":{\"@id\":\"https:\/\/tetakawi.com\/#website\"},\"datePublished\":\"2019-07-10T17:10:10+00:00\",\"dateModified\":\"2021-01-04T18:46:36+00:00\",\"description\":\"Die Fertigung von Heizungs-, L\u00fcftungs- und Klimaanlagen in Mexiko gewinnt an Fahrt. Beginnen oder erweitern Sie Ihre Fertigung mit Tetakawi, Mexikos gr\u00f6\u00dftem Offshoring-Dienstleister.\",\"breadcrumb\":{\"@id\":\"https:\/\/tetakawi.com\/de\/hochspezialisierte-branchen-in-mexiko\/fertigung-von-heizungs-luftungs-und-klimaanlagen-in-mexiko\/#breadcrumb\"},\"inLanguage\":\"de\",\"potentialAction\":[{\"@type\":\"ReadAction\",\"target\":[\"https:\/\/tetakawi.com\/de\/hochspezialisierte-branchen-in-mexiko\/fertigung-von-heizungs-luftungs-und-klimaanlagen-in-mexiko\/\"]}]},{\"@type\":\"BreadcrumbList\",\"@id\":\"https:\/\/tetakawi.com\/de\/hochspezialisierte-branchen-in-mexiko\/fertigung-von-heizungs-luftungs-und-klimaanlagen-in-mexiko\/#breadcrumb\",\"itemListElement\":[{\"@type\":\"ListItem\",\"position\":1,\"name\":\"Home\",\"item\":\"https:\/\/tetakawi.com\/de\/\"},{\"@type\":\"ListItem\",\"position\":2,\"name\":\"Hochspezialisierte Branchen in Mexiko\",\"item\":\"https:\/\/tetakawi.com\/de\/hochspezialisierte-branchen-in-mexiko\/\"},{\"@type\":\"ListItem\",\"position\":3,\"name\":\"Fertigung von Heizungs-, L\u00fcftungs- und Klimaanlagen in Mexiko\"}]},{\"@type\":\"WebSite\",\"@id\":\"https:\/\/tetakawi.com\/#website\",\"url\":\"https:\/\/tetakawi.com\/\",\"name\":\"Tetakawi\",\"description\":\"\",\"publisher\":{\"@id\":\"https:\/\/tetakawi.com\/#organization\"},\"potentialAction\":[{\"@type\":\"SearchAction\",\"target\":{\"@type\":\"EntryPoint\",\"urlTemplate\":\"https:\/\/tetakawi.com\/?s={search_term_string}\"},\"query-input\":\"required name=search_term_string\"}],\"inLanguage\":\"de\"}]}<\/script>\n<!-- \/ Yoast SEO Premium plugin. -->","yoast_head_json":{"title":"Fertigung von Heizungs-, L\u00fcftungs- und Klimaanlagen in Mexiko | Tetakawi","description":"Die Fertigung von Heizungs-, L\u00fcftungs- und Klimaanlagen in Mexiko gewinnt an Fahrt. Beginnen oder erweitern Sie Ihre Fertigung mit Tetakawi, Mexikos gr\u00f6\u00dftem Offshoring-Dienstleister.","robots":{"index":"index","follow":"follow","max-snippet":"max-snippet:-1","max-image-preview":"max-image-preview:large","max-video-preview":"max-video-preview:-1"},"canonical":"https:\/\/tetakawi.com\/de\/hochspezialisierte-branchen-in-mexiko\/fertigung-von-heizungs-luftungs-und-klimaanlagen-in-mexiko\/","og_locale":"de_DE","og_type":"article","og_title":"Fertigung von Heizungs-, L\u00fcftungs- und Klimaanlagen in Mexiko","og_description":"Die Fertigung von Heizungs-, L\u00fcftungs- und Klimaanlagen in Mexiko gewinnt an Fahrt. Beginnen oder erweitern Sie Ihre Fertigung mit Tetakawi, Mexikos gr\u00f6\u00dftem Offshoring-Dienstleister.","og_url":"https:\/\/tetakawi.com\/de\/hochspezialisierte-branchen-in-mexiko\/fertigung-von-heizungs-luftungs-und-klimaanlagen-in-mexiko\/","og_site_name":"Tetakawi","article_modified_time":"2021-01-04T18:46:36+00:00","og_image":[{"url":"https:\/\/tetakawi.com\/wp-content\/uploads\/2018\/11\/hvac-ventilation-tetakawi.jpg"}],"twitter_card":"summary_large_image","twitter_misc":{"Gesch\u00e4tzte Lesezeit":"5\u00a0Minuten"},"schema":{"@context":"https:\/\/schema.org","@graph":[{"@type":"WebPage","@id":"https:\/\/tetakawi.com\/de\/hochspezialisierte-branchen-in-mexiko\/fertigung-von-heizungs-luftungs-und-klimaanlagen-in-mexiko\/","url":"https:\/\/tetakawi.com\/de\/hochspezialisierte-branchen-in-mexiko\/fertigung-von-heizungs-luftungs-und-klimaanlagen-in-mexiko\/","name":"Fertigung von Heizungs-, L\u00fcftungs- und Klimaanlagen in Mexiko | Tetakawi","isPartOf":{"@id":"https:\/\/tetakawi.com\/#website"},"datePublished":"2019-07-10T17:10:10+00:00","dateModified":"2021-01-04T18:46:36+00:00","description":"Die Fertigung von Heizungs-, L\u00fcftungs- und Klimaanlagen in Mexiko gewinnt an Fahrt. Beginnen oder erweitern Sie Ihre Fertigung mit Tetakawi, Mexikos gr\u00f6\u00dftem Offshoring-Dienstleister.","breadcrumb":{"@id":"https:\/\/tetakawi.com\/de\/hochspezialisierte-branchen-in-mexiko\/fertigung-von-heizungs-luftungs-und-klimaanlagen-in-mexiko\/#breadcrumb"},"inLanguage":"de","potentialAction":[{"@type":"ReadAction","target":["https:\/\/tetakawi.com\/de\/hochspezialisierte-branchen-in-mexiko\/fertigung-von-heizungs-luftungs-und-klimaanlagen-in-mexiko\/"]}]},{"@type":"BreadcrumbList","@id":"https:\/\/tetakawi.com\/de\/hochspezialisierte-branchen-in-mexiko\/fertigung-von-heizungs-luftungs-und-klimaanlagen-in-mexiko\/#breadcrumb","itemListElement":[{"@type":"ListItem","position":1,"name":"Home","item":"https:\/\/tetakawi.com\/de\/"},{"@type":"ListItem","position":2,"name":"Hochspezialisierte Branchen in Mexiko","item":"https:\/\/tetakawi.com\/de\/hochspezialisierte-branchen-in-mexiko\/"},{"@type":"ListItem","position":3,"name":"Fertigung von Heizungs-, L\u00fcftungs- und Klimaanlagen in Mexiko"}]},{"@type":"WebSite","@id":"https:\/\/tetakawi.com\/#website","url":"https:\/\/tetakawi.com\/","name":"Tetakawi","description":"","publisher":{"@id":"https:\/\/tetakawi.com\/#organization"},"potentialAction":[{"@type":"SearchAction","target":{"@type":"EntryPoint","urlTemplate":"https:\/\/tetakawi.com\/?s={search_term_string}"},"query-input":"required name=search_term_string"}],"inLanguage":"de"}]}},"_links":{"self":[{"href":"https:\/\/tetakawi.com\/de\/wp-json\/wp\/v2\/pages\/22810"}],"collection":[{"href":"https:\/\/tetakawi.com\/de\/wp-json\/wp\/v2\/pages"}],"about":[{"href":"https:\/\/tetakawi.com\/de\/wp-json\/wp\/v2\/types\/page"}],"author":[{"embeddable":true,"href":"https:\/\/tetakawi.com\/de\/wp-json\/wp\/v2\/users\/1"}],"replies":[{"embeddable":true,"href":"https:\/\/tetakawi.com\/de\/wp-json\/wp\/v2\/comments?post=22810"}],"version-history":[{"count":5,"href":"https:\/\/tetakawi.com\/de\/wp-json\/wp\/v2\/pages\/22810\/revisions"}],"predecessor-version":[{"id":27101,"href":"https:\/\/tetakawi.com\/de\/wp-json\/wp\/v2\/pages\/22810\/revisions\/27101"}],"up":[{"embeddable":true,"href":"https:\/\/tetakawi.com\/de\/wp-json\/wp\/v2\/pages\/22201"}],"wp:attachment":[{"href":"https:\/\/tetakawi.com\/de\/wp-json\/wp\/v2\/media?parent=22810"}],"curies":[{"name":"wp","href":"https:\/\/api.w.org\/{rel}","templated":true}]}}