{"id":22559,"date":"2019-07-10T17:10:06","date_gmt":"2019-07-10T17:10:06","guid":{"rendered":"https:\/\/tetakawi.com\/hochspezialisierte-branchen-in-mexiko\/mobelfertigung-in-mexiko\/"},"modified":"2022-05-30T17:49:21","modified_gmt":"2022-05-30T17:49:21","slug":"mobelfertigung-in-mexiko","status":"publish","type":"page","link":"https:\/\/tetakawi.com\/de\/hochspezialisierte-branchen-in-mexiko\/mobelfertigung-in-mexiko\/","title":{"rendered":"M\u00f6belfertigung in Mexiko"},"content":{"rendered":"<div class=\"vgblk-rw-wrapper limit-wrapper\">\n<h1>\n\tM\u00f6belfertigung in Mexiko\n\t<\/h1>\n\t<p>Die steigende Nachfrage nach kosteng\u00fcnstigen Produkten, die hervorragend verarbeitet sind, hat f\u00fcr einen Boom beim M\u00f6belbau in Mexiko gesorgt.<\/p>\n<h2>\n\tM\u00f6belfertigung in Mexiko auf Erfolgskurs\n\t<\/h2>\n\t<p>Der M\u00f6belbau ist seit langem eine wichtige Branche in Mexiko. Jahr f\u00fcr Jahr exportiert Mexiko M\u00f6bel im Wert von \u00fcber 1 Mrd. USD in die USA. Aufgrund der seit 2014 steigenden L\u00f6hne in China entscheiden sich zahlreiche Unternehmen f\u00fcr eine Verlegung der <a href=\"https:\/\/insights.tetakawi.com\/de\/more-furniture-companies-are-thinking-about-manufacturing-in-mexico\">M\u00f6belfertigung nach Mexiko<\/a>, da hier hochqualifizierte Arbeitskr\u00e4fte bei zugleich geringen Lohnkosten zur Verf\u00fcgung stehen.<\/p>\n<p>Zu den Marken, die in Mexiko fertigen, z\u00e4hlen international bekannte Namen wie La-Z-Boy, das gr\u00f6\u00dfte einheimische Unternehmen Quetzal sowie Designspezialisten wie Richter Design. Letzterer fertigt M\u00f6bel f\u00fcr Williams Sonoma Home, Pottery Barn, Z Gallerie und Restoration Hardware. Der schwedische Hersteller IKEA nimmt seinen ersten Fertigungsstandort f\u00fcr Holzm\u00f6bel aus Mexiko in Betrieb. Das Werk mit einer Fl\u00e4che von 100.000 m\u00b2, die auf 200.000 m\u00b2 ausgebaut werden soll, wird in Saltillo, Coahuila, gebaut. Das Werk soll 2021 fertiggestellt werden.<\/p>\n<p>Die Standorte f\u00fcr den M\u00f6belbau liegen in den n\u00f6rdlichen und zentralen Bundesstaaten Mexikos, wobei sich einige Standorte auf bestimmte Aufgaben spezialisiert haben. Ein Gro\u00dfteil der M\u00f6belfertigung im Land erfolgt in Jalisco, Sonora, dem Bundesstaat Mexiko, Coahuila, Nuevo Le\u00f3n, Chihuahua, Baja California, Puebla und Monterrey.<\/p>\n<h2>\n\tZahlen zur M\u00f6belfertigung in Mexiko\n\t<\/h2>\n<h4>\n\t2,5 Milliarden USD\n\t<\/h4>\n<h4>\n\tbetr\u00e4gt der Wert von aus Mexiko in die USA exportierten M\u00f6bel.\n\t<\/h4>\n\t<p>Mexiko ist der zweitgr\u00f6\u00dfte Exporteur von Waren in die USA. M\u00f6bel bilden dabei keine Ausnahme. Laut dem United States Foreign Trade Census Bureau haben die USA bis Ende 2019 M\u00f6bel und Haushaltswaren im Wert von 2,5 Milliarden USD importiert.<\/p>\n<h4>\n\t&gt;675\n\t<\/h4>\n<h4>\n\tM\u00f6belbauunternehmen in Mexiko\n\t<\/h4>\n\t<p>Die M\u00f6belfertigungsbranche in Mexiko an der Grenze zu den USA und im Inland umfasst \u00fcber 675 Unternehmen, zu denen gro\u00dfe internationale M\u00f6belmarken ebenso geh\u00f6ren wie einheimische Hersteller.<\/p>\n<h4>\n\t2,6 %\n\t<\/h4>\n<h4>\n\tWachstum bei der Nachfrage aus den USA erwartet.\n\t<\/h4>\n\t<p>Die M\u00f6belfertigungsbranche erwartet, dass die Nachfrage aus den USA mit einer j\u00e4hrlichen Steigerungsrate von 2,6 % bis 2022 auf 68,8 Milliarden USD anwachsen wird.<\/p>\n<h2>\n\tProblemlose Aufnahme der M\u00f6belfertigung mit Tetakawi\n\t<\/h2>\n\t<p>Ob Sie die Fertigung in Mexiko aufnehmen m\u00f6chten oder hier bereits einen Standort unterhalten &#8211; Tetakawi unterst\u00fctzt Ihr Unternehmen bei Gr\u00fcndung, Betrieb und Wachstum in der robusten M\u00f6belfertigungsbranche des Landes. Mit \u00fcber 34 Jahren Erfahrung im Bereich Fertigung in Mexiko sind wir bestens aufgestellt, M\u00f6belhersteller bei der Aufnahme der Fertigung in Mexiko zu unterst\u00fctzen. Unsere speziell auf die Anforderungen Ihres Unternehmens zugeschnittenen Serviceleistungen beruhen auf Strategie und Erfahrung. Wir sind der gr\u00f6\u00dfte Offshoring-Dienstleister in Mexiko und Sie k\u00f6nnen sich darauf verlassen, dass wir als zuverl\u00e4ssiger Partner stets an Ihrer Seite stehen. Wir unterst\u00fctzen Sie bei Folgendem:<\/p>\n<ul>\n<li>Auswahl des passenden Standorts f\u00fcr Ihre M\u00f6belfertigung<\/li>\n<li>Rechtlichen und organisatorischen Fragen sowie beim Aufbau von Supportstrukturen<\/li>\n<li>Anwerbung, Schulung und Bindung von Mitarbeitern<\/li>\n<li>S\u00e4mtlichen administrativen Aufgaben, von Finanzen und Personal bis hin zu Zollangelegenheiten<\/li>\n<li>Reibungslosen Abl\u00e4ufen von der Gr\u00fcndung bis zum Regelbetrieb<\/li>\n<li>Und vielem mehr. Wir \u00fcbernehmen die administrativen Aufgaben f\u00fcr Sie, sodass sich Ihr Team auf den Wettbewerbsvorteil konzentrieren kann: kompetente Fertigung.<\/li>\n<\/ul>\n\t<a href=\"\/solutions\/support-services\/start-up\/\" target=\"_self\" role=\"button\" rel=\"noopener\">\n\t\t\t\t\tSie m\u00f6chten mehr erfahren? <b>Individuelles Dienstleistungsangebot erhalten<\/b>\n\t<\/a>\n<h2>\n\tMit umfassender Unterst\u00fctzung von Tetakawi gelingt der perfekte Start in die M\u00f6belfertigung.<\/h2>\n\t\n\t<p>Gr\u00fcnden oder erweitern Sie mit unseren kundenspezifischen Dienstleistungen einen M\u00f6belfertigungsstandort in Mexiko. Von umfassender Beratung bis hin zu schl\u00fcsselfertigen Fertigungsanlagen &#8211; wir unterst\u00fctzen Sie bei jeder Phase der Betriebsaufnahme.<\/p>\n\t\t\tOffshoring-Services\n\t\tKonzentrieren Sie sich auf Ihr Kerngesch\u00e4ft, wir k\u00fcmmern uns um den Rest. Unsere Offshoring-Services sind eine einfache, kosteng\u00fcnstige und risikoarme M\u00f6glichkeit zur Er\u00f6ffnung eines eigenen M\u00f6belfertigungsstandorts in Mexiko.<br \/>\n<a href=\"https:\/\/tetakawi.com\/de\/losung-finden\/supportleistungen\/offshoring-services-von-tetakawi\/\">Mehr erfahren &#8230;<\/a>\n\t\t\tPerfekte Kommunikation\n\t\tMit dem optimalen Expertenteam, das die termin- und budgetgerechte Umsetzung Ihrer Markteintrittsstrategie gew\u00e4hrleistet, gelingt der erfolgreiche Start. <br \/>\n<a href=\"https:\/\/tetakawi.com\/de\/losung-finden\/fertigungscommunitys\/perfekte-kommunikation\/\">Mehr erfahren &#8230;<\/a>\n\t\t\tFertigungscommunitys\n\t\tSchl\u00fcsselfertige Produktionsanlagen mit Gewerbefl\u00e4chen der Klasse A, Vor-Ort-Support und Offshoring-Dienstleistungen sorgen f\u00fcr eine problemlose M\u00f6belfertigung.<br \/>\n<a href=\"https:\/\/tetakawi.com\/de\/finden-sie-den-passenden-standort\/fertigung-in-saltillo-coahuila\/manufacturing-communities\/\">Mehr erfahren &#8230;<\/a>\n\t\t\tBeratungsleistungen\n\t\tVon der Standortwahl bis hin zu kundenspezifischen Analysen und Kostensch\u00e4tzungen &#8211; wir treffen fundierte, strategische und umsetzbare Entscheidungen.<br \/>\n<a href=\"https:\/\/tetakawi.com\/de\/losung-finden\/beratungsleistungen\/\">Mehr erfahren &#8230;<\/a>\n<h2>\n\tH\u00e4ufig gestellte Fragen zur M\u00f6belfertigung in Mexiko\n\t<\/h2>\n\tWelche Arten von M\u00f6beln werden in Mexiko gefertigt?\n<p>Exportiert werden vor allem Holzm\u00f6bel aus Mexiko, gepolsterte Sitzm\u00f6bel und St\u00fchle mit Holzrahmen, Sitzm\u00f6bel mit Metallrahmen und Schlafzimmerm\u00f6bel aus Holz. Die mexikanischen M\u00f6belexporteure liefern Holz- und Metallprodukte vieler Kategorien, darunter K\u00fcchenm\u00f6bel, Sitzm\u00f6bel, Heim- und B\u00fcrom\u00f6bel, Hotel- und Kasinom\u00f6bel usw. Besonders die mexikanischen Hersteller von Holzm\u00f6beln sind bekannt f\u00fcr ihre innovativen Designs und die herausragende handwerkliche Verarbeitung.<\/p>\n<p>&#160;<\/p>\nWie sehen die aktuellen Trends in der mexikanischen M\u00f6belfertigungsbranche aus?\n<p>M\u00f6bel werden immer h\u00e4ufiger online gekauft. Damit steigt auch die Nachfrage nach in Mexiko gefertigten Produkten. Die Branche profitiert sowohl von der Nachfrage im In- als auch im Ausland. Das Wachstum der St\u00e4dte in den USA und der zunehmende Wohnungsbau in Mexiko verst\u00e4rken zudem die Nachfrage nach M\u00f6beln f\u00fcr kleinere R\u00e4ume.<\/p>\n<h2>\n\tAktuelle News aus der M\u00f6belfertigungsbranche\n\t<\/h2>\n\t\t\t\t\t\t\t\t\t\t<img loading=\"lazy\" src=\"https:\/\/tetakawi.com\/wp-content\/uploads\/2020\/11\/More-Furniture-Companies-Are-Thinking-About-Manufacturing-In-Mexico.jpg\" alt=\"Immer mehr M\u00f6belhersteller erw\u00e4gen die Fertigung in Mexiko\" itemprop=\"image\" height=\"300\" width=\"500\" title=\"Immer mehr M\u00f6belhersteller erw\u00e4gen die Fertigung in Mexiko\" onerror=\"this.style.display='none'\"  sizes=\"(max-width: 768px) 100vw, 100vw\" srcset=\"data:image\/svg+xml;utf8,&lt;svg%20xmlns=&quot;http:\/\/www.w3.org\/2000\/svg&quot;%20viewBox=&quot;0%200%20500%20300&quot;%20height=&quot;300px&quot;%20width=&quot;500px&quot;\/&gt;\" data-srcset=\"https:\/\/tetakawi.com\/wp-content\/uploads\/2020\/11\/More-Furniture-Companies-Are-Thinking-About-Manufacturing-In-Mexico.jpg 500w, https:\/\/tetakawi.com\/wp-content\/uploads\/2020\/11\/More-Furniture-Companies-Are-Thinking-About-Manufacturing-In-Mexico-300x180.jpg 300w, https:\/\/tetakawi.com\/wp-content\/uploads\/2020\/11\/More-Furniture-Companies-Are-Thinking-About-Manufacturing-In-Mexico-420x252.jpg 420w, https:\/\/tetakawi.com\/wp-content\/uploads\/2020\/11\/More-Furniture-Companies-Are-Thinking-About-Manufacturing-In-Mexico-315x189.jpg 315w\" \/>\t\t\t\t\t\t\t\n<h4>\n\tImmer mehr M\u00f6belhersteller erw\u00e4gen die Fertigung in Mexiko\n\t<\/h4>\n\t<p>Obwohl der M\u00f6belbau schon lange zur Fertigungsbranche in Mexiko geh\u00f6rt, hat das starke Wachstum der j\u00fcngsten Zeit das Interesse von Unternehmen geweckt, die ihre globale Reichweite ausbauen m\u00f6chten.<\/p>\n\t<a href=\"https:\/\/insights.tetakawi.com\/more-furniture-companies-are-thinking-about-manufacturing-in-mexico\" target=\"_self\" role=\"button\" rel=\"noopener\">\n\t\t\t\t\tWeiterlesen\n\t<\/a>\n\t\t\t\t\t\t\t\t\t\t<img loading=\"lazy\" src=\"https:\/\/tetakawi.com\/wp-content\/uploads\/2020\/10\/Shelter-Services-in-Mexico-Everything-You-Need-To-Know.jpg\" alt=\"Offshoring-Services in Mexiko: Was Sie wissen m\u00fcssen\" itemprop=\"image\" height=\"300\" width=\"500\" title=\"Was Sie \u00fcber Offshoring-Services in Mexiko wissen m\u00fcssen\" onerror=\"this.style.display='none'\"  sizes=\"(max-width: 768px) 100vw, 100vw\" srcset=\"data:image\/svg+xml;utf8,&lt;svg%20xmlns=&quot;http:\/\/www.w3.org\/2000\/svg&quot;%20viewBox=&quot;0%200%20500%20300&quot;%20height=&quot;300px&quot;%20width=&quot;500px&quot;\/&gt;\" data-srcset=\"https:\/\/tetakawi.com\/wp-content\/uploads\/2020\/10\/Shelter-Services-in-Mexico-Everything-You-Need-To-Know.jpg 500w, https:\/\/tetakawi.com\/wp-content\/uploads\/2020\/10\/Shelter-Services-in-Mexico-Everything-You-Need-To-Know-300x180.jpg 300w, https:\/\/tetakawi.com\/wp-content\/uploads\/2020\/10\/Shelter-Services-in-Mexico-Everything-You-Need-To-Know-420x252.jpg 420w, https:\/\/tetakawi.com\/wp-content\/uploads\/2020\/10\/Shelter-Services-in-Mexico-Everything-You-Need-To-Know-315x189.jpg 315w\" \/>\t\t\t\t\t\t\t\n<h4>\n\tOffshoring-Services in Mexiko: Was Sie wissen m\u00fcssen\n\t<\/h4>\n\t<p>Sie erw\u00e4gen die Gr\u00fcndung eines M\u00f6belfertigungsstandorts in Mexiko? Informieren Sie sich \u00fcber die Vorteile, die Offshoring-Services mit sich bringen, sowie entsprechende Anbieter.<\/p>\n\t<a href=\"https:\/\/insights.tetakawi.com\/shelter-services-in-mexico\" target=\"_self\" role=\"button\" rel=\"noopener\">\n\t\t\t\t\tWeiterlesen\n\t<\/a>\n\t\t\t\t\t\t\t\t\t\t<img loading=\"lazy\" src=\"https:\/\/tetakawi.com\/wp-content\/uploads\/2020\/11\/Overview-Of-The-Top-5-Industries-Manufacturing-In-Mexico.jpg\" alt=\"\u00dcbersicht \u00fcber die f\u00fcnf wichtigsten Fertigungsbranchen in Mexiko\" itemprop=\"image\" height=\"300\" width=\"500\" title=\"\u00dcbersicht \u00fcber die f\u00fcnf wichtigsten Fertigungsbranchen in Mexiko\" onerror=\"this.style.display='none'\"  sizes=\"(max-width: 768px) 100vw, 100vw\" srcset=\"data:image\/svg+xml;utf8,&lt;svg%20xmlns=&quot;http:\/\/www.w3.org\/2000\/svg&quot;%20viewBox=&quot;0%200%20500%20300&quot;%20height=&quot;300px&quot;%20width=&quot;500px&quot;\/&gt;\" data-srcset=\"https:\/\/tetakawi.com\/wp-content\/uploads\/2020\/11\/Overview-Of-The-Top-5-Industries-Manufacturing-In-Mexico.jpg 500w, https:\/\/tetakawi.com\/wp-content\/uploads\/2020\/11\/Overview-Of-The-Top-5-Industries-Manufacturing-In-Mexico-300x180.jpg 300w, https:\/\/tetakawi.com\/wp-content\/uploads\/2020\/11\/Overview-Of-The-Top-5-Industries-Manufacturing-In-Mexico-420x252.jpg 420w, https:\/\/tetakawi.com\/wp-content\/uploads\/2020\/11\/Overview-Of-The-Top-5-Industries-Manufacturing-In-Mexico-315x189.jpg 315w\" \/>\t\t\t\t\t\t\t\n<h4>\n\t\u00dcbersicht \u00fcber die f\u00fcnf wichtigsten Fertigungsbranchen in Mexiko\n\t<\/h4>\n\t<p>Der M\u00f6belbau geh\u00f6rt zu den 5 wichtigsten Fertigungsbranchen in Mexiko und ist damit f\u00fcr Hersteller aus aller Welt von Interesse.<\/p>\n\t<a href=\"https:\/\/insights.tetakawi.com\/top-5-mexican-manufacturing-industries\" target=\"_self\" role=\"button\" rel=\"noopener\">\n\t\t\t\t\tWeiterlesen\n\t<\/a>\n<h2>\n\t<b>Beginnen Sie jetzt mit der Entwicklung Ihrer Strategie f\u00fcr Mexiko.<\/b>\n\t<\/h2>\n\t<p>Sprechen Sie mit einem Experten von Tetakawi und erfahren Sie, wie Ihr Unternehmen in Mexiko erfolgreich sein kann.<\/p>\n\t<a href=\"\/contact\" target=\"_self\" role=\"button\" rel=\"noopener\">\n\t\t\t\t\t<b>Wenden Sie sich an uns.<\/b><b>\n\t<\/b><\/a>\n\n<\/div><!-- .vgblk-rw-wrapper -->","protected":false},"excerpt":{"rendered":"<p>M\u00f6belfertigung in Mexiko Die steigende Nachfrage nach kosteng\u00fcnstigen Produkten, die hervorragend verarbeitet sind, hat f\u00fcr einen Boom beim M\u00f6belbau in Mexiko gesorgt. M\u00f6belfertigung in Mexiko auf Erfolgskurs Der M\u00f6belbau ist seit langem eine wichtige Branche in Mexiko. Jahr f\u00fcr Jahr exportiert Mexiko M\u00f6bel im Wert von \u00fcber 1 Mrd. USD in die USA. Aufgrund der&#8230;<\/p>\n","protected":false},"author":1,"featured_media":0,"parent":22201,"menu_order":0,"comment_status":"closed","ping_status":"closed","template":"","meta":{"content-type":"","_monsterinsights_skip_tracking":false,"_monsterinsights_sitenote_active":false,"_monsterinsights_sitenote_note":"","_monsterinsights_sitenote_category":0},"yoast_head":"<!-- This site is optimized with the Yoast SEO Premium plugin v20.6 (Yoast SEO v20.6) - https:\/\/yoast.com\/wordpress\/plugins\/seo\/ -->\n<title>M\u00f6belfertigung in Mexiko | Tetakawi<\/title>\n<meta name=\"description\" content=\"Sie sind an M\u00f6belfertigung in Mexiko interessiert? Mit Tetakawi, Mexikos gr\u00f6\u00dftem Offshoring-Dienstleister, gelingt Ihr Start schnell und sicher.\" \/>\n<meta name=\"robots\" content=\"index, follow, max-snippet:-1, max-image-preview:large, max-video-preview:-1\" \/>\n<link rel=\"canonical\" href=\"https:\/\/tetakawi.com\/de\/hochspezialisierte-branchen-in-mexiko\/mobelfertigung-in-mexiko\/\" \/>\n<meta property=\"og:locale\" content=\"de_DE\" \/>\n<meta property=\"og:type\" content=\"article\" \/>\n<meta property=\"og:title\" content=\"M\u00f6belfertigung in Mexiko\" \/>\n<meta property=\"og:description\" content=\"Sie sind an M\u00f6belfertigung in Mexiko interessiert? Mit Tetakawi, Mexikos gr\u00f6\u00dftem Offshoring-Dienstleister, gelingt Ihr Start schnell und sicher.\" \/>\n<meta property=\"og:url\" content=\"https:\/\/tetakawi.com\/de\/hochspezialisierte-branchen-in-mexiko\/mobelfertigung-in-mexiko\/\" \/>\n<meta property=\"og:site_name\" content=\"Tetakawi\" \/>\n<meta property=\"article:modified_time\" content=\"2022-05-30T17:49:21+00:00\" \/>\n<meta property=\"og:image\" content=\"https:\/\/tetakawi.com\/wp-content\/uploads\/2020\/11\/More-Furniture-Companies-Are-Thinking-About-Manufacturing-In-Mexico.jpg\" \/>\n<meta name=\"twitter:card\" content=\"summary_large_image\" \/>\n<meta name=\"twitter:label1\" content=\"Gesch\u00e4tzte Lesezeit\" \/>\n\t<meta name=\"twitter:data1\" content=\"5\u00a0Minuten\" \/>\n<script type=\"application\/ld+json\" class=\"yoast-schema-graph\">{\"@context\":\"https:\/\/schema.org\",\"@graph\":[{\"@type\":\"WebPage\",\"@id\":\"https:\/\/tetakawi.com\/de\/hochspezialisierte-branchen-in-mexiko\/mobelfertigung-in-mexiko\/\",\"url\":\"https:\/\/tetakawi.com\/de\/hochspezialisierte-branchen-in-mexiko\/mobelfertigung-in-mexiko\/\",\"name\":\"M\u00f6belfertigung in Mexiko | Tetakawi\",\"isPartOf\":{\"@id\":\"https:\/\/tetakawi.com\/#website\"},\"datePublished\":\"2019-07-10T17:10:06+00:00\",\"dateModified\":\"2022-05-30T17:49:21+00:00\",\"description\":\"Sie sind an M\u00f6belfertigung in Mexiko interessiert? Mit Tetakawi, Mexikos gr\u00f6\u00dftem Offshoring-Dienstleister, gelingt Ihr Start schnell und sicher.\",\"breadcrumb\":{\"@id\":\"https:\/\/tetakawi.com\/de\/hochspezialisierte-branchen-in-mexiko\/mobelfertigung-in-mexiko\/#breadcrumb\"},\"inLanguage\":\"de\",\"potentialAction\":[{\"@type\":\"ReadAction\",\"target\":[\"https:\/\/tetakawi.com\/de\/hochspezialisierte-branchen-in-mexiko\/mobelfertigung-in-mexiko\/\"]}]},{\"@type\":\"BreadcrumbList\",\"@id\":\"https:\/\/tetakawi.com\/de\/hochspezialisierte-branchen-in-mexiko\/mobelfertigung-in-mexiko\/#breadcrumb\",\"itemListElement\":[{\"@type\":\"ListItem\",\"position\":1,\"name\":\"Home\",\"item\":\"https:\/\/tetakawi.com\/de\/\"},{\"@type\":\"ListItem\",\"position\":2,\"name\":\"Hochspezialisierte Branchen in Mexiko\",\"item\":\"https:\/\/tetakawi.com\/de\/hochspezialisierte-branchen-in-mexiko\/\"},{\"@type\":\"ListItem\",\"position\":3,\"name\":\"M\u00f6belfertigung in Mexiko\"}]},{\"@type\":\"WebSite\",\"@id\":\"https:\/\/tetakawi.com\/#website\",\"url\":\"https:\/\/tetakawi.com\/\",\"name\":\"Tetakawi\",\"description\":\"\",\"publisher\":{\"@id\":\"https:\/\/tetakawi.com\/#organization\"},\"potentialAction\":[{\"@type\":\"SearchAction\",\"target\":{\"@type\":\"EntryPoint\",\"urlTemplate\":\"https:\/\/tetakawi.com\/?s={search_term_string}\"},\"query-input\":\"required name=search_term_string\"}],\"inLanguage\":\"de\"}]}<\/script>\n<!-- \/ Yoast SEO Premium plugin. -->","yoast_head_json":{"title":"M\u00f6belfertigung in Mexiko | Tetakawi","description":"Sie sind an M\u00f6belfertigung in Mexiko interessiert? Mit Tetakawi, Mexikos gr\u00f6\u00dftem Offshoring-Dienstleister, gelingt Ihr Start schnell und sicher.","robots":{"index":"index","follow":"follow","max-snippet":"max-snippet:-1","max-image-preview":"max-image-preview:large","max-video-preview":"max-video-preview:-1"},"canonical":"https:\/\/tetakawi.com\/de\/hochspezialisierte-branchen-in-mexiko\/mobelfertigung-in-mexiko\/","og_locale":"de_DE","og_type":"article","og_title":"M\u00f6belfertigung in Mexiko","og_description":"Sie sind an M\u00f6belfertigung in Mexiko interessiert? Mit Tetakawi, Mexikos gr\u00f6\u00dftem Offshoring-Dienstleister, gelingt Ihr Start schnell und sicher.","og_url":"https:\/\/tetakawi.com\/de\/hochspezialisierte-branchen-in-mexiko\/mobelfertigung-in-mexiko\/","og_site_name":"Tetakawi","article_modified_time":"2022-05-30T17:49:21+00:00","og_image":[{"url":"https:\/\/tetakawi.com\/wp-content\/uploads\/2020\/11\/More-Furniture-Companies-Are-Thinking-About-Manufacturing-In-Mexico.jpg"}],"twitter_card":"summary_large_image","twitter_misc":{"Gesch\u00e4tzte Lesezeit":"5\u00a0Minuten"},"schema":{"@context":"https:\/\/schema.org","@graph":[{"@type":"WebPage","@id":"https:\/\/tetakawi.com\/de\/hochspezialisierte-branchen-in-mexiko\/mobelfertigung-in-mexiko\/","url":"https:\/\/tetakawi.com\/de\/hochspezialisierte-branchen-in-mexiko\/mobelfertigung-in-mexiko\/","name":"M\u00f6belfertigung in Mexiko | Tetakawi","isPartOf":{"@id":"https:\/\/tetakawi.com\/#website"},"datePublished":"2019-07-10T17:10:06+00:00","dateModified":"2022-05-30T17:49:21+00:00","description":"Sie sind an M\u00f6belfertigung in Mexiko interessiert? Mit Tetakawi, Mexikos gr\u00f6\u00dftem Offshoring-Dienstleister, gelingt Ihr Start schnell und sicher.","breadcrumb":{"@id":"https:\/\/tetakawi.com\/de\/hochspezialisierte-branchen-in-mexiko\/mobelfertigung-in-mexiko\/#breadcrumb"},"inLanguage":"de","potentialAction":[{"@type":"ReadAction","target":["https:\/\/tetakawi.com\/de\/hochspezialisierte-branchen-in-mexiko\/mobelfertigung-in-mexiko\/"]}]},{"@type":"BreadcrumbList","@id":"https:\/\/tetakawi.com\/de\/hochspezialisierte-branchen-in-mexiko\/mobelfertigung-in-mexiko\/#breadcrumb","itemListElement":[{"@type":"ListItem","position":1,"name":"Home","item":"https:\/\/tetakawi.com\/de\/"},{"@type":"ListItem","position":2,"name":"Hochspezialisierte Branchen in Mexiko","item":"https:\/\/tetakawi.com\/de\/hochspezialisierte-branchen-in-mexiko\/"},{"@type":"ListItem","position":3,"name":"M\u00f6belfertigung in Mexiko"}]},{"@type":"WebSite","@id":"https:\/\/tetakawi.com\/#website","url":"https:\/\/tetakawi.com\/","name":"Tetakawi","description":"","publisher":{"@id":"https:\/\/tetakawi.com\/#organization"},"potentialAction":[{"@type":"SearchAction","target":{"@type":"EntryPoint","urlTemplate":"https:\/\/tetakawi.com\/?s={search_term_string}"},"query-input":"required name=search_term_string"}],"inLanguage":"de"}]}},"_links":{"self":[{"href":"https:\/\/tetakawi.com\/de\/wp-json\/wp\/v2\/pages\/22559"}],"collection":[{"href":"https:\/\/tetakawi.com\/de\/wp-json\/wp\/v2\/pages"}],"about":[{"href":"https:\/\/tetakawi.com\/de\/wp-json\/wp\/v2\/types\/page"}],"author":[{"embeddable":true,"href":"https:\/\/tetakawi.com\/de\/wp-json\/wp\/v2\/users\/1"}],"replies":[{"embeddable":true,"href":"https:\/\/tetakawi.com\/de\/wp-json\/wp\/v2\/comments?post=22559"}],"version-history":[{"count":5,"href":"https:\/\/tetakawi.com\/de\/wp-json\/wp\/v2\/pages\/22559\/revisions"}],"predecessor-version":[{"id":28100,"href":"https:\/\/tetakawi.com\/de\/wp-json\/wp\/v2\/pages\/22559\/revisions\/28100"}],"up":[{"embeddable":true,"href":"https:\/\/tetakawi.com\/de\/wp-json\/wp\/v2\/pages\/22201"}],"wp:attachment":[{"href":"https:\/\/tetakawi.com\/de\/wp-json\/wp\/v2\/media?parent=22559"}],"curies":[{"name":"wp","href":"https:\/\/api.w.org\/{rel}","templated":true}]}}