{"id":22558,"date":"2019-07-10T17:10:06","date_gmt":"2019-07-10T17:10:06","guid":{"rendered":"https:\/\/tetakawi.com\/hochspezialisierte-branchen-in-mexiko\/elektronikfertigung-in-mexiko\/"},"modified":"2021-10-22T14:15:50","modified_gmt":"2021-10-22T14:15:50","slug":"elektronikfertigung-in-mexiko","status":"publish","type":"page","link":"https:\/\/tetakawi.com\/de\/hochspezialisierte-branchen-in-mexiko\/elektronikfertigung-in-mexiko\/","title":{"rendered":"Elektronikfertigung in Mexiko"},"content":{"rendered":"<div class=\"vgblk-rw-wrapper limit-wrapper\">\n<h1>\n\tElektronikfertigung in Mexiko\n\t<\/h1>\n\t<p>Einer der ersten Nearshoring-M\u00e4rkte des Landes &#8211; die traditionsreiche Elektroindustrie &#8211; zeigt, dass Elektroger\u00e4te aus Mexiko auf dem Verbraucher- und dem gewerblichen Markt wettbewerbsf\u00e4hig sind.<\/p>\n<h2>\n\tDie dynamische Elektroindustrie Mexikos w\u00e4chst rasant\n\t<\/h2>\n\t<p>Von UltraHD-Fernsehern bis hin zu Digital-Signage-L\u00f6sungen auf LCD-Basis &#8211; Mexiko ist einer der gr\u00f6\u00dften Produzenten von Fernsehern, Bildschirmen und zahlreichen anderen Elektronikger\u00e4ten f\u00fcr den Heim- sowie den gewerblichen Einsatz. Weitere weit verbreitet Electronic Manufacturing Services (EMS) sind SMD-Verfahren, also die Best\u00fcckung von Leiterplatten. Als eine der ersten Branchen, die sich unter dem Maquiladora-Programm des Landes entwickelt hat, blickt die Elektronikfertigung und Best\u00fcckung in Mexiko auf eine jahrzehntelange Tradition in hoher Qualit\u00e4t zur\u00fcck.<\/p>\n<p>Einige der gr\u00f6\u00dften Marken in diesem Sektor wie LG, Sony, Samsung und Vizio betreiben Fertigungsstandorte in Mexiko. Mit bestens ausgebildeten Arbeitskr\u00e4ften und niedrigen Lohnkosten, dem direkten Zugang zur hohen Nachfrage auf dem Consumer-Markt der USA und einem Netzwerk aus Handelsabkommen, die den Export m\u00f6glich und rentabel machen, w\u00e4chst die Elektronikfertigung in Mexiko aktuell rasant. <a href=\"https:\/\/insights.tetakawi.com\/de\/consumer-electronics-manufacturing-in-mexico\">Elektroger\u00e4te aus Mexiko<\/a> belegen beim Export mehrere Spitzenpl\u00e4tze: Das Land ist der weltweit gr\u00f6\u00dfte Exporteur von Flachbildschirmfernsehern, der zweitgr\u00f6\u00dfte Exporteur von Elektronikger\u00e4ten in die USA und der achtgr\u00f6\u00dfte Elektronikproduzent der Welt.<\/p>\n<p>Mit neuen Innovationen, modernem Design und der im digitalen Zeitalter immer weiter wachsenden Bedeutung von Elektronikartikeln zeigen sich bei der Elektronikfertigung in Mexiko keinerlei Zeichen einer Abk\u00fchlung. F\u00fcr 2020 wird in dem Sektor ein Wachstum von 2,5 Prozent erwartet.<\/p>\n<h4>\n\tFree Data Sheet\n\t<\/h4>\n<h3>\n\tWhat to know about <br \/>Electronics Manufacturing <br \/>in Mexico\n\t<\/h3>\n\t<p>Thinking about manufacturing in Mexico? Learn about Mexico&#8217;s Electronics industry and how shelter services can help.<\/p>\n<p><a href=\"https:\/\/go.tetakawi.com\/hubfs\/Industry%20Data%20Sheets\/Electronics%20Manufacturing%20in%20Mexico%20Data%20Sheet%20%7C%20Tetakawi.pdf\"><button id=\"\" type=\"button\">Download Now<\/button><\/a><\/p>\n\t\t\t\t\t\t\t\t\t\t<img loading=\"lazy\" src=\"https:\/\/tetakawi.com\/wp-content\/uploads\/2018\/11\/electronic-appliance-tetkawi.jpg\" alt=\"electronic-appliance-tetkawi\" itemprop=\"image\" height=\"662\" width=\"1000\" title=\"electronic-appliance-tetkawi\" onerror=\"this.style.display='none'\"  sizes=\"(max-width: 768px) 100vw, 100vw\" srcset=\"data:image\/svg+xml;utf8,&lt;svg%20xmlns=&quot;http:\/\/www.w3.org\/2000\/svg&quot;%20viewBox=&quot;0%200%201000%20662&quot;%20height=&quot;662px&quot;%20width=&quot;1000px&quot;\/&gt;\" data-srcset=\"https:\/\/tetakawi.com\/wp-content\/uploads\/2018\/11\/electronic-appliance-tetkawi.jpg 1000w, https:\/\/tetakawi.com\/wp-content\/uploads\/2018\/11\/electronic-appliance-tetkawi-300x199.jpg 300w, https:\/\/tetakawi.com\/wp-content\/uploads\/2018\/11\/electronic-appliance-tetkawi-768x508.jpg 768w, https:\/\/tetakawi.com\/wp-content\/uploads\/2018\/11\/electronic-appliance-tetkawi-630x417.jpg 630w, https:\/\/tetakawi.com\/wp-content\/uploads\/2018\/11\/electronic-appliance-tetkawi-420x278.jpg 420w, https:\/\/tetakawi.com\/wp-content\/uploads\/2018\/11\/electronic-appliance-tetkawi-840x556.jpg 840w, https:\/\/tetakawi.com\/wp-content\/uploads\/2018\/11\/electronic-appliance-tetkawi-315x209.jpg 315w\" \/>\t\t\t\t\t\t\t\n<h2>\n\tStatistiken Elektroindustrie Mexiko\n\t<\/h2>\n<h4>\n\t5 Milliarden USD\n\t<\/h4>\n<h4>\n\twerden j\u00e4hrlich in die Elektronikfertigung in Mexiko investiert.\n\t<\/h4>\n\t<p>Wichtige Investoren in die Elektroindustrie Mexikos sind Dell, LG, Sony, Toshiba, Samsung, RCA, Phillips, Panasonic, Siemens und Vizio sowie zahlreiche OEMs und ODMs.<\/p>\n<h4>\n\t8-gr\u00f6\u00dfter\n\t<\/h4>\n<h4>\n\tElektronikproduzent weltweit.\n\t<\/h4>\n\t<p>Die weltweit gr\u00f6\u00dften Marken unterhalten Standorte in Mexiko. Der Zugang zu internationalen M\u00e4rkten und vorteilhafte Handelsabkommen gew\u00e4hrleisten den problemlosen Export.<\/p>\n<h4>\n\t20 Millionen\n\t<\/h4>\n<h4>\n\tFernseher werden jedes Jahr allein in Tijuana gefertigt. \n\t<\/h4>\n\t<p>Die Region Baja California ist das Silicon Valley Mexikos. Hier sind \u00fcber 200 Elektronikhersteller ans\u00e4ssig. Tijuana ist einer der f\u00fchrenden Standorte, an dem wichtige Produkte gefertigt werden, darunter \u00fcber 20 Millionen Fernseher pro Jahr.<\/p>\n<h2>\n\tDynamischer Start in hoher Qualit\u00e4t in die Elektronikfertigung und Best\u00fcckung mit Tetakawi\n\t<\/h2>\n\t<p>Ob Sie die Fertigung in Mexiko aufnehmen m\u00f6chten oder hier bereits einen Standort unterhalten &#8211; Tetakawi unterst\u00fctzt Ihr Unternehmen bei Gr\u00fcndung, Betrieb und Wachstum in der traditionsreichen Elektronikfertigung des Landes. Mit \u00fcber 34 Jahren Erfahrung im Bereich Fertigung und Best\u00fcckung verschiedenster Baugruppen sind wir bestens aufgestellt, Hersteller bei der Aufnahme der Elektronikfertigung in Mexiko zu unterst\u00fctzen. Produzieren Sie mit Ihrem Unternehmen Bauteile in Serie und z\u00e4hlen Sie dabei auf unsere Hilfe. Unsere speziell auf die Anforderungen Ihres Unternehmens zugeschnittenen Serviceleistungen beruhen auf Strategie und Erfahrung. Wir sind der gr\u00f6\u00dfte Offshoring-Dienstleister in Mexiko und Sie k\u00f6nnen sich darauf verlassen, dass wir als zuverl\u00e4ssiger Partner stets an Ihrer Seite stehen. Wir geben Ihnen alle n\u00f6tigen Informationen und  unterst\u00fctzen Sie bei Folgendem:<\/p>\n<ul>\n<li>Auswahl des passenden Standorts f\u00fcr Ihre Elektronikfertigung<\/li>\n<li>Rechtlichen und organisatorischen Fragen sowie beim Aufbau von Supportstrukturen<\/li>\n<li>Anwerbung, Schulung und Bindung von Mitarbeitern<\/li>\n<li>S\u00e4mtlichen administrativen Aufgaben, von Finanzen und Personal bis hin zu Zollangelegenheiten<\/li>\n<li>Reibungslosen Abl\u00e4ufen von der Gr\u00fcndung bis zum Regelbetrieb<\/li>\n<li>Und vielem mehr. Wir \u00fcbernehmen die administrativen Aufgaben f\u00fcr Sie, sodass sich Ihr Team auf den Wettbewerbsvorteil konzentrieren kann: kompetente Fertigung.<\/li>\n<\/ul>\n\t<a href=\"\/solutions\/support-services\/start-up\/\" target=\"_self\" role=\"button\" rel=\"noopener\">\n\t\t\t\t\tSie m\u00f6chten mehr erfahren? <b>Individuelles Dienstleistungsangebot erhalten<\/b>\n\t<\/a>\n<h2>\n\tSetzen Sie sich mit umfassender Unterst\u00fctzung von Tetakawi an die Spitze der Elektronikfertigung<\/h2>\n\t\n\t<p>Gr\u00fcnden oder erweitern Sie mit unseren kundenspezifischen Dienstleistungen einen Elektronikfertigungsstandort in Mexiko. Von umfassender Beratung bis hin zu schl\u00fcsselfertigen Fertigungsanlagen &#8211; wir unterst\u00fctzen Sie bei jeder Phase der Betriebsaufnahme\u00a0und bieten aktuelle L\u00f6sungen in bester Qualit\u00e4t.<\/p>\n\t\t\tOffshoring-Services\n\t\tKonzentrieren Sie sich auf Ihr Kerngesch\u00e4ft, wir k\u00fcmmern uns um den Rest. Unsere Offshoring-Services sind eine einfache, kosteng\u00fcnstige und risikoarme M\u00f6glichkeit zur Er\u00f6ffnung eines eigenen Elektronikfertigungsstandorts in Mexiko.<br \/>\n<a href=\"https:\/\/tetakawi.com\/de\/losung-finden\/supportleistungen\/offshoring-services-von-tetakawi\/\">Mehr erfahren &#8230;<\/a>\n\t\t\tPerfekte Kommunikation\n\t\tMit dem optimalen Expertenteam, das die termin- und budgetgerechte Umsetzung Ihrer Markteintrittsstrategie gew\u00e4hrleistet, gelingt der erfolgreiche Start.  <br \/>\n<a href=\"https:\/\/tetakawi.com\/de\/losung-finden\/fertigungscommunitys\/perfekte-kommunikation\/\">Mehr erfahren &#8230;<\/a>\n\t\t\tFertigungscommunitys\n\t\tSchl\u00fcsselfertige Produktionsanlagen mit Gewerbefl\u00e4chen der Klasse A, Vor-Ort-Support und Offshoring-Dienstleistungen sorgen f\u00fcr eine problemlose Elektronikfertigung in Mexiko.<br \/>\n<a href=\"https:\/\/tetakawi.com\/de\/finden-sie-den-passenden-standort\/fertigung-in-saltillo-coahuila\/manufacturing-communities\/\">Mehr erfahren &#8230;<\/a>\n\t\t\tBeratungsleistungen\n\t\tVon der Standortwahl bis hin zu kundenspezifischen Analysen und Kostensch\u00e4tzungen &#8211; wir treffen fundierte, strategische und umsetzbare Entscheidungen.<br \/>\n<a href=\"https:\/\/tetakawi.com\/de\/losung-finden\/beratungsleistungen\/\">Mehr erfahren &#8230;<\/a>\n<h2>\n\tH\u00e4ufig gestellte Fragen zur Elektronikfertigung in Mexiko\n\t<\/h2>\n\tWelche Standorte erfreuen sich bei der Elektronikfertigung in Mexiko der gr\u00f6\u00dften Beliebtheit?\n<p>Die Elektroindustrie Mexikos verteilt sich auf f\u00fcnf wichtige Cluster: Sonora, Baja California, Chihuahua, Nuevo Leon und Queretaro. Insbesondere Sonora zeichnet sich durch herausragende Lieferketten f\u00fcr die Elektronikfertigung in Mexiko aus und erm\u00f6glicht so die Fertigung hochwertiger Produkte zu wettbewerbsf\u00e4higen Kosten.<\/p>\n<p>Obwohl die Baja California oftmals als Hotspot f\u00fcr Consumer-Elektronik genannt wird, ist die Elektronikfertigung in Mexiko wesentlich breiter aufgestellt. Der Nordwesten ist bekannt f\u00fcr Telekommunikation, Luft- und Raumfahrt sowie Fahrzeugkomponenten, der zentrale Korridor f\u00fcr die Fertigung von Unterbaugruppen und der Nordosten f\u00fcr Computer und Haushaltsger\u00e4te. Wenn Sie mehr erfahren m\u00f6chten oder Hilfe bei der Standortwahl ben\u00f6tigen, ist unser <a href=\"https:\/\/tetakawi.com\/de\/losung-finden\/beratungsleistungen\/standortwahl\/\">Standortwahlservice<\/a> genau das Richtige f\u00fcr Sie. <\/p>\n<p>&#160;<\/p>\nBietet der Arbeitsmarkt in Mexiko Fachkr\u00e4fte, die die erforderlich technische Pr\u00e4zision und die notwendige Ausbildung mitbringen?\n<p>Laut Statistiken des ANUIES (Nationaler Verband der Universit\u00e4ten und Einrichtungen der h\u00f6heren Bildung) erzielen in Mexiko jedes Jahr \u00fcber 125.000 Studierende einen Abschluss in Ingenieurwesen, Fertigungstechnik und Bauwesen. Samsung betreibt zudem sein Center for Digital Research and Technological Development in Tijuana. Egal welche Fachkenntnisse Sie ben\u00f6tigen, <a href=\"https:\/\/tetakawi.com\/de\/losung-finden\/supportleistungen\/tetakawi-recruiting\/\">wir helfen Ihnen dabei, die richtigen Mitarbeiter zu finden und einzustellen<\/a>.<\/p>\n<p>&#160;<\/p>\nWelche Elektroger\u00e4te aus Mexiko gelangen auf den Weltmarkt?\n<p>Die Elektronikfertigung in Mexiko teilt sich in f\u00fcnf wichtige Sektoren auf: Audio\/Video, PCs und Industriecomputer, Halbleiter, Kommunikationstechnologie und optische Ger\u00e4te. Mit einem Anteil von 25 Prozent am Exportumsatz sind Flachbildfernseher, einschlie\u00dflich Plasma-, LCD- und LED-Ger\u00e4ten, die wichtigste Produktklasse der Elektroger\u00e4te aus Mexiko.<\/p>\n<h2>\n\tAktuelle News aus der Elektroindustrie\n\t<\/h2>\n\t\t\t\t\t\t\t\t\t\t<img loading=\"lazy\" src=\"https:\/\/tetakawi.com\/wp-content\/uploads\/2020\/10\/5-Reasons-Why-Electronics-Companies-Choose-To-Manufacture-In-Mexico.jpg\" alt=\"5 Gr\u00fcnde, aus denen sich Hersteller f\u00fcr die Elektronikfertigung in Mexiko entscheiden\" itemprop=\"image\" height=\"300\" width=\"500\" title=\"5 Gr\u00fcnde, aus denen sich Hersteller f\u00fcr die Elektronikfertigung in Mexiko entscheiden\" onerror=\"this.style.display='none'\"  sizes=\"(max-width: 768px) 100vw, 100vw\" srcset=\"data:image\/svg+xml;utf8,&lt;svg%20xmlns=&quot;http:\/\/www.w3.org\/2000\/svg&quot;%20viewBox=&quot;0%200%20500%20300&quot;%20height=&quot;300px&quot;%20width=&quot;500px&quot;\/&gt;\" data-srcset=\"https:\/\/tetakawi.com\/wp-content\/uploads\/2020\/10\/5-Reasons-Why-Electronics-Companies-Choose-To-Manufacture-In-Mexico.jpg 500w, https:\/\/tetakawi.com\/wp-content\/uploads\/2020\/10\/5-Reasons-Why-Electronics-Companies-Choose-To-Manufacture-In-Mexico-300x180.jpg 300w, https:\/\/tetakawi.com\/wp-content\/uploads\/2020\/10\/5-Reasons-Why-Electronics-Companies-Choose-To-Manufacture-In-Mexico-420x252.jpg 420w, https:\/\/tetakawi.com\/wp-content\/uploads\/2020\/10\/5-Reasons-Why-Electronics-Companies-Choose-To-Manufacture-In-Mexico-315x189.jpg 315w\" \/>\t\t\t\t\t\t\t\n<h4>\n\t5 Gr\u00fcnde, aus denen sich Hersteller f\u00fcr die Elektronikfertigung in Mexiko entscheiden\n\t<\/h4>\n\t<p>Von steuerlichen Anreizen und Handelsabkommen bis hin zu den geringen Lohnkosten &#8211; lernen Sie f\u00fcnf wichtige Gr\u00fcnde kennen, warum es Elektronikhersteller nach Mexiko zieht.<\/p>\n\t<a href=\"https:\/\/insights.tetakawi.com\/why-electronics-companies-manufacture-in-mexico\" target=\"_self\" role=\"button\" rel=\"noopener\">\n\t\t\t\t\tWeiterlesen\n\t<\/a>\n\t\t\t\t\t\t\t\t\t\t<img loading=\"lazy\" src=\"https:\/\/tetakawi.com\/wp-content\/uploads\/2020\/10\/Queretaros-Aerospace-Manufacturing-Industry-An-Industry-Flying-High.jpg\" alt=\"Luft- und Raumfahrtindustrie in Queretaro: eine Branche auf dem Weg nach oben\" itemprop=\"image\" height=\"300\" width=\"500\" title=\"Luft- und Raumfahrtindustrie in Queretaro: eine Branche auf dem Weg nach oben\" onerror=\"this.style.display='none'\"  sizes=\"(max-width: 768px) 100vw, 100vw\" srcset=\"data:image\/svg+xml;utf8,&lt;svg%20xmlns=&quot;http:\/\/www.w3.org\/2000\/svg&quot;%20viewBox=&quot;0%200%20500%20300&quot;%20height=&quot;300px&quot;%20width=&quot;500px&quot;\/&gt;\" data-srcset=\"https:\/\/tetakawi.com\/wp-content\/uploads\/2020\/10\/Queretaros-Aerospace-Manufacturing-Industry-An-Industry-Flying-High.jpg 500w, https:\/\/tetakawi.com\/wp-content\/uploads\/2020\/10\/Queretaros-Aerospace-Manufacturing-Industry-An-Industry-Flying-High-300x180.jpg 300w, https:\/\/tetakawi.com\/wp-content\/uploads\/2020\/10\/Queretaros-Aerospace-Manufacturing-Industry-An-Industry-Flying-High-420x252.jpg 420w, https:\/\/tetakawi.com\/wp-content\/uploads\/2020\/10\/Queretaros-Aerospace-Manufacturing-Industry-An-Industry-Flying-High-315x189.jpg 315w\" \/>\t\t\t\t\t\t\t\n<h4>\n\t10 Produkte, von denen Sie nicht wussten, dass sie in Mexiko gefertigt werden\n\t<\/h4>\n\t<p>Einige der gr\u00f6\u00dften Elektronikhersteller wie LG, Samsung und Sony nutzen Mexiko als Nearshoring-Standort f\u00fcr die Fertigung einiger ihrer umsatzst\u00e4rksten Produkte.<\/p>\n\t<a href=\"https:\/\/insights.tetakawi.com\/queretaros-aerospace-manufacturing-industry-an-industry-flying-high\" target=\"_self\" role=\"button\" rel=\"noopener\">\n\t\t\t\t\tWeiterlesen\n\t<\/a>\n\t\t\t\t\t\t\t\t\t\t<img loading=\"lazy\" src=\"https:\/\/tetakawi.com\/wp-content\/uploads\/2020\/10\/Shelter-Services-in-Mexico-Everything-You-Need-To-Know.jpg\" alt=\"Offshoring-Services in Mexiko: Was Sie wissen m\u00fcssen\" itemprop=\"image\" height=\"300\" width=\"500\" title=\"Was Sie \u00fcber Offshoring-Services in Mexiko wissen m\u00fcssen\" onerror=\"this.style.display='none'\"  sizes=\"(max-width: 768px) 100vw, 100vw\" srcset=\"data:image\/svg+xml;utf8,&lt;svg%20xmlns=&quot;http:\/\/www.w3.org\/2000\/svg&quot;%20viewBox=&quot;0%200%20500%20300&quot;%20height=&quot;300px&quot;%20width=&quot;500px&quot;\/&gt;\" data-srcset=\"https:\/\/tetakawi.com\/wp-content\/uploads\/2020\/10\/Shelter-Services-in-Mexico-Everything-You-Need-To-Know.jpg 500w, https:\/\/tetakawi.com\/wp-content\/uploads\/2020\/10\/Shelter-Services-in-Mexico-Everything-You-Need-To-Know-300x180.jpg 300w, https:\/\/tetakawi.com\/wp-content\/uploads\/2020\/10\/Shelter-Services-in-Mexico-Everything-You-Need-To-Know-420x252.jpg 420w, https:\/\/tetakawi.com\/wp-content\/uploads\/2020\/10\/Shelter-Services-in-Mexico-Everything-You-Need-To-Know-315x189.jpg 315w\" \/>\t\t\t\t\t\t\t\n<h4>\n\tOffshoring-Services in Mexiko: Was Sie wissen m\u00fcssen\n\t<\/h4>\n\t<p>Sie erw\u00e4gen die Gr\u00fcndung eines Elektronikfertigungsstandorts in Mexiko? Informieren Sie sich \u00fcber die Vorteile, die Offshoring-Services mit sich bringen.<\/p>\n\t<a href=\"https:\/\/insights.tetakawi.com\/shelter-services-in-mexico\" target=\"_self\" role=\"button\" rel=\"noopener\">\n\t\t\t\t\tWeiterlesen\n\t<\/a>\n<h2>\n\t<b>Beginnen Sie jetzt mit der Entwicklung Ihrer Strategie f\u00fcr Mexiko<\/b>\n\t<\/h2>\n\t<p>Sprechen Sie mit einem Experten von Tetakawi und erfahren Sie, wie Ihr Unternehmen in Mexiko erfolgreich sein kann.<\/p>\n\t<a href=\"\/contact\" target=\"_self\" role=\"button\" rel=\"noopener\">\n\t\t\t\t\t<b>Wenden Sie sich an uns.<\/b><b>\n\t<\/b><\/a>\n\n<\/div><!-- .vgblk-rw-wrapper -->","protected":false},"excerpt":{"rendered":"<p>Elektronikfertigung in Mexiko Einer der ersten Nearshoring-M\u00e4rkte des Landes &#8211; die traditionsreiche Elektroindustrie &#8211; zeigt, dass Elektroger\u00e4te aus Mexiko auf dem Verbraucher- und dem gewerblichen Markt wettbewerbsf\u00e4hig sind. Die dynamische Elektroindustrie Mexikos w\u00e4chst rasant Von UltraHD-Fernsehern bis hin zu Digital-Signage-L\u00f6sungen auf LCD-Basis &#8211; Mexiko ist einer der gr\u00f6\u00dften Produzenten von Fernsehern, Bildschirmen und zahlreichen anderen&#8230;<\/p>\n","protected":false},"author":1,"featured_media":0,"parent":22201,"menu_order":0,"comment_status":"closed","ping_status":"closed","template":"","meta":{"content-type":"","_monsterinsights_skip_tracking":false,"_monsterinsights_sitenote_active":false,"_monsterinsights_sitenote_note":"","_monsterinsights_sitenote_category":0},"yoast_head":"<!-- This site is optimized with the Yoast SEO Premium plugin v20.6 (Yoast SEO v20.6) - https:\/\/yoast.com\/wordpress\/plugins\/seo\/ -->\n<title>Elektronikfertigung in Mexiko | Tetakawi<\/title>\n<meta name=\"description\" content=\"Die Elektroindustrie Mexikos boomt. Mit Tetakawi, Mexikos gr\u00f6\u00dftem Offshoring-Dienstleister, gelingt Ihnen ein dynamischer Start.\" \/>\n<meta name=\"robots\" content=\"index, follow, max-snippet:-1, max-image-preview:large, max-video-preview:-1\" \/>\n<link rel=\"canonical\" href=\"https:\/\/tetakawi.com\/de\/hochspezialisierte-branchen-in-mexiko\/elektronikfertigung-in-mexiko\/\" \/>\n<meta property=\"og:locale\" content=\"de_DE\" \/>\n<meta property=\"og:type\" content=\"article\" \/>\n<meta property=\"og:title\" content=\"Elektronikfertigung in Mexiko\" \/>\n<meta property=\"og:description\" content=\"Die Elektroindustrie Mexikos boomt. Mit Tetakawi, Mexikos gr\u00f6\u00dftem Offshoring-Dienstleister, gelingt Ihnen ein dynamischer Start.\" \/>\n<meta property=\"og:url\" content=\"https:\/\/tetakawi.com\/de\/hochspezialisierte-branchen-in-mexiko\/elektronikfertigung-in-mexiko\/\" \/>\n<meta property=\"og:site_name\" content=\"Tetakawi\" \/>\n<meta property=\"article:modified_time\" content=\"2021-10-22T14:15:50+00:00\" \/>\n<meta property=\"og:image\" content=\"https:\/\/tetakawi.com\/wp-content\/uploads\/2018\/11\/electronic-appliance-tetkawi.jpg\" \/>\n<meta name=\"twitter:card\" content=\"summary_large_image\" \/>\n<meta name=\"twitter:label1\" content=\"Gesch\u00e4tzte Lesezeit\" \/>\n\t<meta name=\"twitter:data1\" content=\"6\u00a0Minuten\" \/>\n<script type=\"application\/ld+json\" class=\"yoast-schema-graph\">{\"@context\":\"https:\/\/schema.org\",\"@graph\":[{\"@type\":\"WebPage\",\"@id\":\"https:\/\/tetakawi.com\/de\/hochspezialisierte-branchen-in-mexiko\/elektronikfertigung-in-mexiko\/\",\"url\":\"https:\/\/tetakawi.com\/de\/hochspezialisierte-branchen-in-mexiko\/elektronikfertigung-in-mexiko\/\",\"name\":\"Elektronikfertigung in Mexiko | Tetakawi\",\"isPartOf\":{\"@id\":\"https:\/\/tetakawi.com\/#website\"},\"datePublished\":\"2019-07-10T17:10:06+00:00\",\"dateModified\":\"2021-10-22T14:15:50+00:00\",\"description\":\"Die Elektroindustrie Mexikos boomt. Mit Tetakawi, Mexikos gr\u00f6\u00dftem Offshoring-Dienstleister, gelingt Ihnen ein dynamischer Start.\",\"breadcrumb\":{\"@id\":\"https:\/\/tetakawi.com\/de\/hochspezialisierte-branchen-in-mexiko\/elektronikfertigung-in-mexiko\/#breadcrumb\"},\"inLanguage\":\"de\",\"potentialAction\":[{\"@type\":\"ReadAction\",\"target\":[\"https:\/\/tetakawi.com\/de\/hochspezialisierte-branchen-in-mexiko\/elektronikfertigung-in-mexiko\/\"]}]},{\"@type\":\"BreadcrumbList\",\"@id\":\"https:\/\/tetakawi.com\/de\/hochspezialisierte-branchen-in-mexiko\/elektronikfertigung-in-mexiko\/#breadcrumb\",\"itemListElement\":[{\"@type\":\"ListItem\",\"position\":1,\"name\":\"Home\",\"item\":\"https:\/\/tetakawi.com\/de\/\"},{\"@type\":\"ListItem\",\"position\":2,\"name\":\"Hochspezialisierte Branchen in Mexiko\",\"item\":\"https:\/\/tetakawi.com\/de\/hochspezialisierte-branchen-in-mexiko\/\"},{\"@type\":\"ListItem\",\"position\":3,\"name\":\"Elektronikfertigung in Mexiko\"}]},{\"@type\":\"WebSite\",\"@id\":\"https:\/\/tetakawi.com\/#website\",\"url\":\"https:\/\/tetakawi.com\/\",\"name\":\"Tetakawi\",\"description\":\"\",\"publisher\":{\"@id\":\"https:\/\/tetakawi.com\/#organization\"},\"potentialAction\":[{\"@type\":\"SearchAction\",\"target\":{\"@type\":\"EntryPoint\",\"urlTemplate\":\"https:\/\/tetakawi.com\/?s={search_term_string}\"},\"query-input\":\"required name=search_term_string\"}],\"inLanguage\":\"de\"}]}<\/script>\n<!-- \/ Yoast SEO Premium plugin. -->","yoast_head_json":{"title":"Elektronikfertigung in Mexiko | Tetakawi","description":"Die Elektroindustrie Mexikos boomt. Mit Tetakawi, Mexikos gr\u00f6\u00dftem Offshoring-Dienstleister, gelingt Ihnen ein dynamischer Start.","robots":{"index":"index","follow":"follow","max-snippet":"max-snippet:-1","max-image-preview":"max-image-preview:large","max-video-preview":"max-video-preview:-1"},"canonical":"https:\/\/tetakawi.com\/de\/hochspezialisierte-branchen-in-mexiko\/elektronikfertigung-in-mexiko\/","og_locale":"de_DE","og_type":"article","og_title":"Elektronikfertigung in Mexiko","og_description":"Die Elektroindustrie Mexikos boomt. Mit Tetakawi, Mexikos gr\u00f6\u00dftem Offshoring-Dienstleister, gelingt Ihnen ein dynamischer Start.","og_url":"https:\/\/tetakawi.com\/de\/hochspezialisierte-branchen-in-mexiko\/elektronikfertigung-in-mexiko\/","og_site_name":"Tetakawi","article_modified_time":"2021-10-22T14:15:50+00:00","og_image":[{"url":"https:\/\/tetakawi.com\/wp-content\/uploads\/2018\/11\/electronic-appliance-tetkawi.jpg"}],"twitter_card":"summary_large_image","twitter_misc":{"Gesch\u00e4tzte Lesezeit":"6\u00a0Minuten"},"schema":{"@context":"https:\/\/schema.org","@graph":[{"@type":"WebPage","@id":"https:\/\/tetakawi.com\/de\/hochspezialisierte-branchen-in-mexiko\/elektronikfertigung-in-mexiko\/","url":"https:\/\/tetakawi.com\/de\/hochspezialisierte-branchen-in-mexiko\/elektronikfertigung-in-mexiko\/","name":"Elektronikfertigung in Mexiko | Tetakawi","isPartOf":{"@id":"https:\/\/tetakawi.com\/#website"},"datePublished":"2019-07-10T17:10:06+00:00","dateModified":"2021-10-22T14:15:50+00:00","description":"Die Elektroindustrie Mexikos boomt. Mit Tetakawi, Mexikos gr\u00f6\u00dftem Offshoring-Dienstleister, gelingt Ihnen ein dynamischer Start.","breadcrumb":{"@id":"https:\/\/tetakawi.com\/de\/hochspezialisierte-branchen-in-mexiko\/elektronikfertigung-in-mexiko\/#breadcrumb"},"inLanguage":"de","potentialAction":[{"@type":"ReadAction","target":["https:\/\/tetakawi.com\/de\/hochspezialisierte-branchen-in-mexiko\/elektronikfertigung-in-mexiko\/"]}]},{"@type":"BreadcrumbList","@id":"https:\/\/tetakawi.com\/de\/hochspezialisierte-branchen-in-mexiko\/elektronikfertigung-in-mexiko\/#breadcrumb","itemListElement":[{"@type":"ListItem","position":1,"name":"Home","item":"https:\/\/tetakawi.com\/de\/"},{"@type":"ListItem","position":2,"name":"Hochspezialisierte Branchen in Mexiko","item":"https:\/\/tetakawi.com\/de\/hochspezialisierte-branchen-in-mexiko\/"},{"@type":"ListItem","position":3,"name":"Elektronikfertigung in Mexiko"}]},{"@type":"WebSite","@id":"https:\/\/tetakawi.com\/#website","url":"https:\/\/tetakawi.com\/","name":"Tetakawi","description":"","publisher":{"@id":"https:\/\/tetakawi.com\/#organization"},"potentialAction":[{"@type":"SearchAction","target":{"@type":"EntryPoint","urlTemplate":"https:\/\/tetakawi.com\/?s={search_term_string}"},"query-input":"required name=search_term_string"}],"inLanguage":"de"}]}},"_links":{"self":[{"href":"https:\/\/tetakawi.com\/de\/wp-json\/wp\/v2\/pages\/22558"}],"collection":[{"href":"https:\/\/tetakawi.com\/de\/wp-json\/wp\/v2\/pages"}],"about":[{"href":"https:\/\/tetakawi.com\/de\/wp-json\/wp\/v2\/types\/page"}],"author":[{"embeddable":true,"href":"https:\/\/tetakawi.com\/de\/wp-json\/wp\/v2\/users\/1"}],"replies":[{"embeddable":true,"href":"https:\/\/tetakawi.com\/de\/wp-json\/wp\/v2\/comments?post=22558"}],"version-history":[{"count":5,"href":"https:\/\/tetakawi.com\/de\/wp-json\/wp\/v2\/pages\/22558\/revisions"}],"predecessor-version":[{"id":27875,"href":"https:\/\/tetakawi.com\/de\/wp-json\/wp\/v2\/pages\/22558\/revisions\/27875"}],"up":[{"embeddable":true,"href":"https:\/\/tetakawi.com\/de\/wp-json\/wp\/v2\/pages\/22201"}],"wp:attachment":[{"href":"https:\/\/tetakawi.com\/de\/wp-json\/wp\/v2\/media?parent=22558"}],"curies":[{"name":"wp","href":"https:\/\/api.w.org\/{rel}","templated":true}]}}