{"id":22554,"date":"2019-07-10T17:10:05","date_gmt":"2019-07-10T17:10:05","guid":{"rendered":"https:\/\/tetakawi.com\/unsere-geschichte\/"},"modified":"2020-07-15T17:17:08","modified_gmt":"2020-07-15T17:17:08","slug":"unsere-geschichte","status":"publish","type":"page","link":"https:\/\/tetakawi.com\/de\/uber-uns\/unsere-geschichte\/","title":{"rendered":"Unsere Geschichte"},"content":{"rendered":"<div class=\"vgblk-rw-wrapper limit-wrapper\"><h1>\n\tDie Geschichte von Tetakawi\n\t<\/h1>\n\t<style>.page-header-line {\n    display: block;\n    width: 60px;\n    height: 1px;\n    background: var(--vamtam-accent-color-4);\n    margin-top: 5px;\n    margin-bottom: 5px;\n    opacity: .7;\n}<\/style>\n\t<p>Seit 1986 helfen wir Unternehmen, Mitarbeitern und Kommunen in Mexiko, ihr Potenzial voll auszusch\u00f6pfen.<\/p>\n\t<p>Wir bei Tetakawi (fr\u00fcher The Offshore Group) m\u00f6chten, dass unsere Kunden sowie Mitarbeiter und Kommunen sich optimal entfalten k\u00f6nnen. Um dieses Ziel zu erreichen, entwickeln wir erstklassige Fertigungsumgebungen, stellen innovative Teams zusammen und unterst\u00fctzen die Communitys, in denen wir t\u00e4tig sind.<\/p>\n<h2>\n\tUnsere Anf\u00e4nge\n\t<\/h2>\n\t<p>1986 haben Luis Felipe Seldner, Felix Tonella Luken, Roberto Gomez del Campo und Duane Boyett das Unternehmen gegr\u00fcndet, das damals noch The Offshore Group hie\u00df. Dabei handelte es sich um den ersten Offshoring-Dienstleister, der schon damals Unternehmen dabei unterst\u00fctzte, einen Fertigungsstandort in Mexiko zu gr\u00fcnden. Damals waren die meisten Fertigungsbetriebe in Grenzn\u00e4he angesiedelt. Hohe Konkurrenz, hohe Fluktuation sowie enorme Fehlzeiten bestimmten das Wettbewerbsumfeld. Die Gr\u00fcnder l\u00f6sten dieses Problem, indem sie Unternehmen halfen, Standorte in Empalme, Sonora, Mexiko zu er\u00f6ffnen, zu betrieben und zu entwickeln.<\/p>\n\t\t\t\t\t\t\t\t\t\t<img loading=\"lazy\" src=\"https:\/\/tetakawi.com\/wp-content\/uploads\/2019\/04\/our-founding-tetakawi-1.jpg\" alt=\"our-founding-tetakawi\" itemprop=\"image\" height=\"238\" width=\"379\" title=\"our-founding-tetakawi\" onerror=\"this.style.display='none'\"  sizes=\"(max-width: 768px) 100vw, 100vw\" srcset=\"data:image\/svg+xml;utf8,&lt;svg%20xmlns=&quot;http:\/\/www.w3.org\/2000\/svg&quot;%20viewBox=&quot;0%200%20379%20238&quot;%20height=&quot;238px&quot;%20width=&quot;379px&quot;\/&gt;\" data-srcset=\"https:\/\/tetakawi.com\/wp-content\/uploads\/2019\/04\/our-founding-tetakawi-1.jpg 379w, https:\/\/tetakawi.com\/wp-content\/uploads\/2019\/04\/our-founding-tetakawi-1-300x188.jpg 300w, https:\/\/tetakawi.com\/wp-content\/uploads\/2019\/04\/our-founding-tetakawi-1-315x198.jpg 315w\" \/>\t\t\t\t\t\t\t\n\t\t\t\t\t\t\t\t\t\t<img loading=\"lazy\" src=\"https:\/\/tetakawi.com\/wp-content\/uploads\/2019\/04\/earlygrowth-expansion-tetakawi-1.jpg\" alt=\"earlygrowth-expansion-tetakawi\" itemprop=\"image\" height=\"238\" width=\"379\" title=\"earlygrowth-expansion-tetakawi\" onerror=\"this.style.display='none'\"  sizes=\"(max-width: 768px) 100vw, 100vw\" srcset=\"data:image\/svg+xml;utf8,&lt;svg%20xmlns=&quot;http:\/\/www.w3.org\/2000\/svg&quot;%20viewBox=&quot;0%200%20379%20238&quot;%20height=&quot;238px&quot;%20width=&quot;379px&quot;\/&gt;\" data-srcset=\"https:\/\/tetakawi.com\/wp-content\/uploads\/2019\/04\/earlygrowth-expansion-tetakawi-1.jpg 379w, https:\/\/tetakawi.com\/wp-content\/uploads\/2019\/04\/earlygrowth-expansion-tetakawi-1-300x188.jpg 300w, https:\/\/tetakawi.com\/wp-content\/uploads\/2019\/04\/earlygrowth-expansion-tetakawi-1-315x198.jpg 315w\" \/>\t\t\t\t\t\t\t\n<h2>\n\tFr\u00fches Wachstum und Flagship-Communitys\n\t<\/h2>\n\t<p>1997 wurde The Offshore Group zum gr\u00f6\u00dften Offshoring-Dienstleister in Mexiko. In unserer Fertigungscommunity Bella Vista in Empalme hatten wir zum damaligen Zeitpunkt 17 Kunden und 5.000 Mitarbeiter. Parallel zu unserem Wachstum in Empalme stieg die Nachfrage nach unseren Dienstleistungen auch im Nordosten Mexikos. Daher er\u00f6ffneten wir unsere Fertigungscommunity Zapa in Saltillo (Coahuila).<\/p>\n<h2>\n\tDie ersten 20 Jahre\n\t<\/h2>\n\t<p>2006 verf\u00fcgte The Offshore Group \u00fcber 53 Kunden und 15.000 Mitarbeiter und konnte bereits auf 20 Jahre Erfahrung bei der Unterst\u00fctzung von Unternehmen bei der Standortgr\u00fcndung in Mexiko zur\u00fcckblicken. Unsere im Jahr 2000 gegr\u00fcndete Fertigungscommunity Roca Fuerte wurde zum bedeutendsten Standort f\u00fcr Luft- und Raumfahrtunternehmen in Mexiko.<\/p>\n\t\t\t\t\t\t\t\t\t\t<img loading=\"lazy\" src=\"https:\/\/tetakawi.com\/wp-content\/uploads\/2019\/04\/tetakawi-aerial-picture-1.jpg\" alt=\"tetakawi-aerial-picture\" itemprop=\"image\" height=\"238\" width=\"379\" title=\"tetakawi-aerial-picture\" onerror=\"this.style.display='none'\"  sizes=\"(max-width: 768px) 100vw, 100vw\" srcset=\"data:image\/svg+xml;utf8,&lt;svg%20xmlns=&quot;http:\/\/www.w3.org\/2000\/svg&quot;%20viewBox=&quot;0%200%20379%20238&quot;%20height=&quot;238px&quot;%20width=&quot;379px&quot;\/&gt;\" data-srcset=\"https:\/\/tetakawi.com\/wp-content\/uploads\/2019\/04\/tetakawi-aerial-picture-1.jpg 379w, https:\/\/tetakawi.com\/wp-content\/uploads\/2019\/04\/tetakawi-aerial-picture-1-300x188.jpg 300w, https:\/\/tetakawi.com\/wp-content\/uploads\/2019\/04\/tetakawi-aerial-picture-1-315x198.jpg 315w\" \/>\t\t\t\t\t\t\t\n\t\t\t\t\t\t\t\t\t\t<img loading=\"lazy\" src=\"https:\/\/tetakawi.com\/wp-content\/uploads\/2019\/04\/tetakawi-team-1.jpg\" alt=\"tetakawi-team\" itemprop=\"image\" height=\"238\" width=\"379\" title=\"tetakawi-team\" onerror=\"this.style.display='none'\"  sizes=\"(max-width: 768px) 100vw, 100vw\" srcset=\"data:image\/svg+xml;utf8,&lt;svg%20xmlns=&quot;http:\/\/www.w3.org\/2000\/svg&quot;%20viewBox=&quot;0%200%20379%20238&quot;%20height=&quot;238px&quot;%20width=&quot;379px&quot;\/&gt;\" data-srcset=\"https:\/\/tetakawi.com\/wp-content\/uploads\/2019\/04\/tetakawi-team-1.jpg 379w, https:\/\/tetakawi.com\/wp-content\/uploads\/2019\/04\/tetakawi-team-1-300x188.jpg 300w, https:\/\/tetakawi.com\/wp-content\/uploads\/2019\/04\/tetakawi-team-1-315x198.jpg 315w\" \/>\t\t\t\t\t\t\t\n<h2>\n\tWeiteres Wachstum und Expansion\n\t<\/h2>\n\t<p>2018 expandierte The Offshore Group nach Queretaro und Tijuana. Zus\u00e4tzlich zum Angebot von Offshoring-Dienstleistungen f\u00fcr ausl\u00e4ndische Produzenten in Mexiko erweiterten wir unseren Service um Werbe- und Supportdienstleistungen f\u00fcr Markteinsteiger und Unternehmen, die bereits in Mexiko t\u00e4tig waren.<\/p>\n<h2>\n\tTetakawi: Eine einheitliche Marke\n\t<\/h2>\n\t<p>2019 begann unser 33. Jahr seit Firmengr\u00fcndung mit der Konsolidierung all unserer Marken unter einem Namen: Tetakawi. Mit 24.000 Mitarbeitern in Mexiko und den USA, 75 Kunden weltweit, der Gr\u00fcndung von 2 neuen Fertigungscommunitys in Mexiko und neuen Produktangeboten verk\u00f6rpert Tetakawi die St\u00e4rken und Kompetenzen, auf die sich Unternehmen schon unter den urspr\u00fcnglichen Markennamen \u2013 <strong><i data-stringify-type=\"italic\">Offshore International Inc, The Offshore Group, Maquilas Teta Kawi, Manufacturas Zapaliname und The Offshore Group Bajio<\/i><\/strong><em>\u00a0\u2013 verlassen konnten.<\/em><\/p>\n<p>Unter unserer neuen Marke Tetakawi bieten wir auch weiterhin erstklassige Kompetenzen und Services und schaffen gleichzeitig ein einheitliches, optimiertes Angebot, durch das wir Unternehmen bei Gr\u00fcndung, Betrieb und Entwicklung eigener Standorte in Mexiko unterst\u00fctzen.<\/p>\n\t\t\t\t\t\t\t\t\t\t<img loading=\"lazy\" src=\"https:\/\/tetakawi.com\/wp-content\/uploads\/2019\/04\/logo-our-story-tetakawi.png\" alt=\"logo-our-story-tetakawi\" itemprop=\"image\" height=\"238\" width=\"379\" title=\"logo-our-story-tetakawi\" onerror=\"this.style.display='none'\"  sizes=\"(max-width: 768px) 100vw, 100vw\" srcset=\"data:image\/svg+xml;utf8,&lt;svg%20xmlns=&quot;http:\/\/www.w3.org\/2000\/svg&quot;%20viewBox=&quot;0%200%20379%20238&quot;%20height=&quot;238px&quot;%20width=&quot;379px&quot;\/&gt;\" data-srcset=\"https:\/\/tetakawi.com\/wp-content\/uploads\/2019\/04\/logo-our-story-tetakawi.png 379w, https:\/\/tetakawi.com\/wp-content\/uploads\/2019\/04\/logo-our-story-tetakawi-300x188.png 300w, https:\/\/tetakawi.com\/wp-content\/uploads\/2019\/04\/logo-our-story-tetakawi-315x198.png 315w\" \/>\t\t\t\t\t\t\t\n\t\t\t\t\t\t\t\t\t\t<img loading=\"lazy\" src=\"https:\/\/tetakawi.com\/wp-content\/uploads\/2019\/04\/Tetakawi-san-carlos-e1556302669160.jpg\" data-srcset=\"https:\/\/tetakawi.com\/wp-content\/uploads\/2019\/04\/Tetakawi-san-carlos-e1556302669160.jpg\" srcset=\"data:image\/svg+xml;utf8,&lt;svg%20xmlns=&quot;http:\/\/www.w3.org\/2000\/svg&quot;%20viewBox=&quot;0%200%20379%20213&quot;%20height=&quot;213px&quot;%20width=&quot;379px&quot;\/&gt;\" alt=\"Tetakawi Mountain in San Carlos, Sonora\" itemprop=\"image\" height=\"213\" width=\"379\" title=\"Tetakawi-san-carlos\" onerror=\"this.style.display='none'\"  sizes=\"(max-width: 768px) 100vw, 100vw\"\/>\t\t\t\t\t\t\t\n<h2>\n\tWas bedeutet Tetakawi?\n\t<\/h2>\n\t<p>Der Name Tetakawi geht auf eine von den Yaqui \u201eTeta Kawi\u201c genannte Gebirgskette zur\u00fcck, die an der K\u00fcste von San Carlos aufragt und die Kulisse f\u00fcr unseren Flagship-Standort, die Fertigungscommunity in Empalme (Sonora) bildet. Teta Kawi bedeutet in der Sprache der Yaqui so viel wie \u201eFelsenberg\u201c und gilt in Sonoras als Symbol f\u00fcr Gr\u00f6\u00dfe. Die Marke Tetakawi m\u00f6chte diesem gro\u00dfen Vorbild gerecht werden, indem sie Unternehmen, die in Mexiko fertigen, erstklassige Dienstleistungen bietet.<\/p>\n<h2>\n\tTetakawi hilft Ihnen, Ihr Potenzial voll auszusch\u00f6pfen \u2013 wir sagen Ihnen, wie.\n\t<\/h2>\n\t<a href=\"\/de\/kontakt\/\" target=\"_self\" role=\"button\" rel=\"noopener noreferrer\">\n\t\t\t\t\tKontakt\n\t<\/a>\n<\/div><!-- .vgblk-rw-wrapper -->","protected":false},"excerpt":{"rendered":"<p>Die Geschichte von Tetakawi Seit 1986 helfen wir Unternehmen, Mitarbeitern und Kommunen in Mexiko, ihr Potenzial voll auszusch\u00f6pfen. Wir bei Tetakawi (fr\u00fcher The Offshore Group) m\u00f6chten, dass unsere Kunden sowie Mitarbeiter und Kommunen sich optimal entfalten k\u00f6nnen. Um dieses Ziel zu erreichen, entwickeln wir erstklassige Fertigungsumgebungen, stellen innovative Teams zusammen und unterst\u00fctzen die Communitys, in&#8230;<\/p>\n","protected":false},"author":1,"featured_media":0,"parent":22996,"menu_order":0,"comment_status":"closed","ping_status":"closed","template":"","meta":{"content-type":"","_monsterinsights_skip_tracking":false,"_monsterinsights_sitenote_active":false,"_monsterinsights_sitenote_note":"","_monsterinsights_sitenote_category":0},"yoast_head":"<!-- This site is optimized with the Yoast SEO Premium plugin v20.6 (Yoast SEO v20.6) - https:\/\/yoast.com\/wordpress\/plugins\/seo\/ -->\n<title>Tetakawi (zuvor The Offshore Group) | Unsere Geschichte<\/title>\n<meta name=\"description\" content=\"Seit der Unternehmensgr\u00fcndung 1986 hat sich Tetakawi zum gr\u00f6\u00dften Unternehmen in Mexiko entwickelt, dass Unternehmen durch die passende Unterst\u00fctzung und Infrastruktur sowie Ressourcen zu mehr Wachstum verhilft.\" \/>\n<meta name=\"robots\" content=\"index, follow, max-snippet:-1, max-image-preview:large, max-video-preview:-1\" \/>\n<link rel=\"canonical\" href=\"https:\/\/tetakawi.com\/de\/uber-uns\/unsere-geschichte\/\" \/>\n<meta property=\"og:locale\" content=\"de_DE\" \/>\n<meta property=\"og:type\" content=\"article\" \/>\n<meta property=\"og:title\" content=\"Unsere Geschichte\" \/>\n<meta property=\"og:description\" content=\"Seit der Unternehmensgr\u00fcndung 1986 hat sich Tetakawi zum gr\u00f6\u00dften Unternehmen in Mexiko entwickelt, dass Unternehmen durch die passende Unterst\u00fctzung und Infrastruktur sowie Ressourcen zu mehr Wachstum verhilft.\" \/>\n<meta property=\"og:url\" content=\"https:\/\/tetakawi.com\/de\/uber-uns\/unsere-geschichte\/\" \/>\n<meta property=\"og:site_name\" content=\"Tetakawi\" \/>\n<meta property=\"article:modified_time\" content=\"2020-07-15T17:17:08+00:00\" \/>\n<meta property=\"og:image\" content=\"https:\/\/tetakawi.com\/wp-content\/uploads\/2019\/04\/our-founding-tetakawi-1.jpg\" \/>\n<meta name=\"twitter:card\" content=\"summary_large_image\" \/>\n<meta name=\"twitter:label1\" content=\"Gesch\u00e4tzte Lesezeit\" \/>\n\t<meta name=\"twitter:data1\" content=\"3\u00a0Minuten\" \/>\n<script type=\"application\/ld+json\" class=\"yoast-schema-graph\">{\"@context\":\"https:\/\/schema.org\",\"@graph\":[{\"@type\":\"WebPage\",\"@id\":\"https:\/\/tetakawi.com\/de\/uber-uns\/unsere-geschichte\/\",\"url\":\"https:\/\/tetakawi.com\/de\/uber-uns\/unsere-geschichte\/\",\"name\":\"Tetakawi (zuvor The Offshore Group) | Unsere Geschichte\",\"isPartOf\":{\"@id\":\"https:\/\/tetakawi.com\/#website\"},\"datePublished\":\"2019-07-10T17:10:05+00:00\",\"dateModified\":\"2020-07-15T17:17:08+00:00\",\"description\":\"Seit der Unternehmensgr\u00fcndung 1986 hat sich Tetakawi zum gr\u00f6\u00dften Unternehmen in Mexiko entwickelt, dass Unternehmen durch die passende Unterst\u00fctzung und Infrastruktur sowie Ressourcen zu mehr Wachstum verhilft.\",\"breadcrumb\":{\"@id\":\"https:\/\/tetakawi.com\/de\/uber-uns\/unsere-geschichte\/#breadcrumb\"},\"inLanguage\":\"de\",\"potentialAction\":[{\"@type\":\"ReadAction\",\"target\":[\"https:\/\/tetakawi.com\/de\/uber-uns\/unsere-geschichte\/\"]}]},{\"@type\":\"BreadcrumbList\",\"@id\":\"https:\/\/tetakawi.com\/de\/uber-uns\/unsere-geschichte\/#breadcrumb\",\"itemListElement\":[{\"@type\":\"ListItem\",\"position\":1,\"name\":\"Home\",\"item\":\"https:\/\/tetakawi.com\/de\/\"},{\"@type\":\"ListItem\",\"position\":2,\"name\":\"\u00dcber uns\",\"item\":\"https:\/\/tetakawi.com\/de\/uber-uns\/\"},{\"@type\":\"ListItem\",\"position\":3,\"name\":\"Unsere Geschichte\"}]},{\"@type\":\"WebSite\",\"@id\":\"https:\/\/tetakawi.com\/#website\",\"url\":\"https:\/\/tetakawi.com\/\",\"name\":\"Tetakawi\",\"description\":\"\",\"publisher\":{\"@id\":\"https:\/\/tetakawi.com\/#organization\"},\"potentialAction\":[{\"@type\":\"SearchAction\",\"target\":{\"@type\":\"EntryPoint\",\"urlTemplate\":\"https:\/\/tetakawi.com\/?s={search_term_string}\"},\"query-input\":\"required name=search_term_string\"}],\"inLanguage\":\"de\"}]}<\/script>\n<!-- \/ Yoast SEO Premium plugin. -->","yoast_head_json":{"title":"Tetakawi (zuvor The Offshore Group) | Unsere Geschichte","description":"Seit der Unternehmensgr\u00fcndung 1986 hat sich Tetakawi zum gr\u00f6\u00dften Unternehmen in Mexiko entwickelt, dass Unternehmen durch die passende Unterst\u00fctzung und Infrastruktur sowie Ressourcen zu mehr Wachstum verhilft.","robots":{"index":"index","follow":"follow","max-snippet":"max-snippet:-1","max-image-preview":"max-image-preview:large","max-video-preview":"max-video-preview:-1"},"canonical":"https:\/\/tetakawi.com\/de\/uber-uns\/unsere-geschichte\/","og_locale":"de_DE","og_type":"article","og_title":"Unsere Geschichte","og_description":"Seit der Unternehmensgr\u00fcndung 1986 hat sich Tetakawi zum gr\u00f6\u00dften Unternehmen in Mexiko entwickelt, dass Unternehmen durch die passende Unterst\u00fctzung und Infrastruktur sowie Ressourcen zu mehr Wachstum verhilft.","og_url":"https:\/\/tetakawi.com\/de\/uber-uns\/unsere-geschichte\/","og_site_name":"Tetakawi","article_modified_time":"2020-07-15T17:17:08+00:00","og_image":[{"url":"https:\/\/tetakawi.com\/wp-content\/uploads\/2019\/04\/our-founding-tetakawi-1.jpg"}],"twitter_card":"summary_large_image","twitter_misc":{"Gesch\u00e4tzte Lesezeit":"3\u00a0Minuten"},"schema":{"@context":"https:\/\/schema.org","@graph":[{"@type":"WebPage","@id":"https:\/\/tetakawi.com\/de\/uber-uns\/unsere-geschichte\/","url":"https:\/\/tetakawi.com\/de\/uber-uns\/unsere-geschichte\/","name":"Tetakawi (zuvor The Offshore Group) | Unsere Geschichte","isPartOf":{"@id":"https:\/\/tetakawi.com\/#website"},"datePublished":"2019-07-10T17:10:05+00:00","dateModified":"2020-07-15T17:17:08+00:00","description":"Seit der Unternehmensgr\u00fcndung 1986 hat sich Tetakawi zum gr\u00f6\u00dften Unternehmen in Mexiko entwickelt, dass Unternehmen durch die passende Unterst\u00fctzung und Infrastruktur sowie Ressourcen zu mehr Wachstum verhilft.","breadcrumb":{"@id":"https:\/\/tetakawi.com\/de\/uber-uns\/unsere-geschichte\/#breadcrumb"},"inLanguage":"de","potentialAction":[{"@type":"ReadAction","target":["https:\/\/tetakawi.com\/de\/uber-uns\/unsere-geschichte\/"]}]},{"@type":"BreadcrumbList","@id":"https:\/\/tetakawi.com\/de\/uber-uns\/unsere-geschichte\/#breadcrumb","itemListElement":[{"@type":"ListItem","position":1,"name":"Home","item":"https:\/\/tetakawi.com\/de\/"},{"@type":"ListItem","position":2,"name":"\u00dcber uns","item":"https:\/\/tetakawi.com\/de\/uber-uns\/"},{"@type":"ListItem","position":3,"name":"Unsere Geschichte"}]},{"@type":"WebSite","@id":"https:\/\/tetakawi.com\/#website","url":"https:\/\/tetakawi.com\/","name":"Tetakawi","description":"","publisher":{"@id":"https:\/\/tetakawi.com\/#organization"},"potentialAction":[{"@type":"SearchAction","target":{"@type":"EntryPoint","urlTemplate":"https:\/\/tetakawi.com\/?s={search_term_string}"},"query-input":"required name=search_term_string"}],"inLanguage":"de"}]}},"_links":{"self":[{"href":"https:\/\/tetakawi.com\/de\/wp-json\/wp\/v2\/pages\/22554"}],"collection":[{"href":"https:\/\/tetakawi.com\/de\/wp-json\/wp\/v2\/pages"}],"about":[{"href":"https:\/\/tetakawi.com\/de\/wp-json\/wp\/v2\/types\/page"}],"author":[{"embeddable":true,"href":"https:\/\/tetakawi.com\/de\/wp-json\/wp\/v2\/users\/1"}],"replies":[{"embeddable":true,"href":"https:\/\/tetakawi.com\/de\/wp-json\/wp\/v2\/comments?post=22554"}],"version-history":[{"count":5,"href":"https:\/\/tetakawi.com\/de\/wp-json\/wp\/v2\/pages\/22554\/revisions"}],"predecessor-version":[{"id":26195,"href":"https:\/\/tetakawi.com\/de\/wp-json\/wp\/v2\/pages\/22554\/revisions\/26195"}],"up":[{"embeddable":true,"href":"https:\/\/tetakawi.com\/de\/wp-json\/wp\/v2\/pages\/22996"}],"wp:attachment":[{"href":"https:\/\/tetakawi.com\/de\/wp-json\/wp\/v2\/media?parent=22554"}],"curies":[{"name":"wp","href":"https:\/\/api.w.org\/{rel}","templated":true}]}}