{"id":22517,"date":"2019-07-10T17:10:04","date_gmt":"2019-07-10T17:10:04","guid":{"rendered":"https:\/\/tetakawi.com\/beratungsleistungen\/"},"modified":"2019-08-09T23:52:22","modified_gmt":"2019-08-09T23:52:22","slug":"beratungsleistungen","status":"publish","type":"page","link":"https:\/\/tetakawi.com\/de\/losung-finden\/beratungsleistungen\/","title":{"rendered":"Beratungsleistungen"},"content":{"rendered":"<div class=\"vgblk-rw-wrapper limit-wrapper\"><h1>\n\tTetakawi-Beratungsleistungen\n\t<\/h1>\n\t<p>Profitieren Sie bei der Expansion nach Mexiko oder beim Ausbau der dortigen Fertigung von einer verl\u00e4sslichen, strategischen Beratung.<\/p>\n<h2>\n\tMit Expertenrat zur richtigen Entscheidung\n\t<\/h2>\n\t<p>Ob Ihr Plan f\u00fcr die Expansion nach Mexiko bereits fertig ist oder sich noch in der Entwicklung befindet, dank der Beratungsleistungen von Tetakawi treffen Sie die richtigen Entscheidungen.\u00a0Unsere speziell auf die Anforderungen Ihres Unternehmens zugeschnittenen Serviceleistungen beruhen auf Strategie und Erfahrung.<\/p>\n<h2>\n\tBeratungsleistungen\n\t<\/h2>\n\t<p>Unsere Spezialisten beantworten Ihre Fragen zur Fertigung in Mexiko fachkundig und ausf\u00fchrlich.<\/p>\n\t<a href=\"\/de\/uber-uns\/unsere-geschichte\/\" target=\"_self\" role=\"button\" rel=\"noopener noreferrer\">\n\t\t\t\t\tUnsere Geschichte\n\t<\/a>\n\t\t\t\t<img loading=\"lazy\" src=\"https:\/\/tetakawi.com\/wp-content\/uploads\/2019\/04\/tailored-consulting-tetakawi.jpg\" alt=\"Individuelle Beratung \u2013 Tetakawi\" itemprop=\"image\" height=\"150\" width=\"600\" title=\"tailored-consulting-tetakawi\" onerror=\"this.style.display='none'\"  \/>\n\t<h3><strong>Kostensch\u00e4tzung<\/strong><\/h3>\n<p><strong>Mit welchen Kosten ist bei der Fertigung in Mexiko zu rechnen?\u00a0<\/strong> Tetakawi bietet ausf\u00fchrliche Informationen und unterst\u00fctzt die Entscheidungsfindung mit bew\u00e4hrten Tools.<\/p>\n<p><a href=\"\/de\/losung-finden\/beratungsleistungen\/kostenschatzungsservice\/\">Mehr erfahren<\/a><\/p>\n\t\t\t\t<img loading=\"lazy\" src=\"https:\/\/tetakawi.com\/wp-content\/uploads\/2019\/04\/advisory-services-tetakawi.jpg\" alt=\"Standortwahl \u2013 Tetakawi\" itemprop=\"image\" height=\"150\" width=\"600\" title=\"advisory-services-tetakawi\" onerror=\"this.style.display='none'\"  \/>\n\t<h3><strong>Standortwahl<\/strong><\/h3>\n<p><strong>Wo in Mexiko sollten Sie Ihr Werk ansiedeln?\u00a0<\/strong>Tetakawi findet einen Standort passend zur Ihren Zielen und Anforderungen. Damit steht dem Erfolg Ihres Betriebs nichts im Weg.<\/p>\n<p><a href=\"\/de\/losung-finden\/beratungsleistungen\/standortwahl\/\">Mehr erfahren<\/a><\/p>\n\t\t\t\t<img loading=\"lazy\" src=\"https:\/\/tetakawi.com\/wp-content\/uploads\/2019\/04\/seminar-1.jpg\" alt=\"mexico-mfg-seminar\" itemprop=\"image\" height=\"368\" width=\"1104\" title=\"mexico-mfg-seminar\" onerror=\"this.style.display='none'\"  \/>\n\t<h3><strong>Inhouseseminare<\/strong><\/h3>\n<p><strong>Wo kann sich mein Team \u00fcber die Fertigung in Mexiko informieren?<\/strong>\u00a0W\u00e4hrend der Workshops vor Ort bei Tetakawi werden s\u00e4mtliche Aspekte der Fertigung in Mexiko er\u00f6rtert.<\/p>\n<p><a href=\"\/de\/losung-finden\/beratungsleistungen\/inhouseseminar\/\">Mehr erfahren<\/a><\/p>\n\t\t\t\t<img loading=\"lazy\" src=\"https:\/\/tetakawi.com\/wp-content\/uploads\/2019\/04\/custom-analysis-tetakawi.jpg\" alt=\"Zollanalyse \u2013 Tetakawi\" itemprop=\"image\" height=\"150\" width=\"600\" title=\"custom-analysis-tetakawi\" onerror=\"this.style.display='none'\"  \/>\n\t<h3><strong>Individuelle Beratung<\/strong><\/h3>\n<p><strong>Wo erhalte ich aussagekr\u00e4ftige Informationen \u00fcber die Fertigung in Mexiko?<\/strong>\u00a0Tetakawi bietet individuelle Beratungsleistungen, bei denen wir all Ihre Fragen rund um die Fertigung in Mexiko beantworten.<\/p>\n<p><a href=\"\/de\/losung-finden\/beratungsleistungen\/individuelle-beratungsleistungen\/\">Mehr erfahren<\/a><\/p>\n\t\t\t\t<img loading=\"lazy\" src=\"https:\/\/tetakawi.com\/wp-content\/uploads\/2019\/04\/customs-consulting-long.jpg\" alt=\"customs-consulting-long\" itemprop=\"image\" height=\"1467\" width=\"5137\" title=\"customs-consulting-long\" onerror=\"this.style.display='none'\"  \/>\n\t<h3><strong>Zollanalyse<\/strong><\/h3>\n<p><strong>Welche Bestimmungen sind beim Export von Produkten aus Mexiko zu beachten?\u00a0<\/strong>Tetakawi unterst\u00fctzt Sie bei der korrekten Deklaration Ihrer Waren und tr\u00e4gt somit zur Vermeidung von Zollgeb\u00fchren bei.<\/p>\n<p><a href=\"\/de\/losung-finden\/beratungsleistungen\/zollanalyse\/\">Mehr erfahren<\/a><\/p>\n<h2>\n\tWas spricht f\u00fcr Tetakawi?\n\t<\/h2>\n\t<p>Unser Team beantwortet Ihre Fragen und unterst\u00fctzt Sie bei der Probleml\u00f6sung sowie der Entscheidungsfindung.<\/p>\n\t<style>\n.whatcan{list-style:none;margin-left:0px}.whatcan li:before {content: '\u2713';}.whatcan li{margin-left:0px;padding-left:0px;line-height:40px;}.whatcan li strong{padding-left:20px;color:#0071ce;}<\/style>\n<ul>\n<li><strong><\/strong> 33 Jahre Erfahrung<\/li>\n<li><strong><\/strong> Echtzeitbetriebsdaten<\/li>\n<li><strong><\/strong> Weitreichende Ressourcen<\/li>\n<li><strong><\/strong> Fachkenntnis im Bereich Fertigung<\/li>\n<\/ul>\n\t\t\t\t<img loading=\"lazy\" src=\"https:\/\/tetakawi.com\/wp-content\/uploads\/2019\/03\/tetakawi-zapa-wall.png\" alt=\"Tetakawi-sign\" itemprop=\"image\" height=\"458\" width=\"917\" title=\"tetakawi-zapa-wall\" onerror=\"this.style.display='none'\"  \/>\n<h2>\n\tNoch Fragen?\n\t<\/h2>\n\t<a href=\"\/de\/kontakt\/\" target=\"_self\" role=\"button\" rel=\"noopener noreferrer\">\n\t\t\t\t\tKontakt\n\t<\/a>\n<\/div><!-- .vgblk-rw-wrapper -->","protected":false},"excerpt":{"rendered":"<p>Tetakawi-Beratungsleistungen Profitieren Sie bei der Expansion nach Mexiko oder beim Ausbau der dortigen Fertigung von einer verl\u00e4sslichen, strategischen Beratung. Mit Expertenrat zur richtigen Entscheidung Ob Ihr Plan f\u00fcr die Expansion nach Mexiko bereits fertig ist oder sich noch in der Entwicklung befindet, dank der Beratungsleistungen von Tetakawi treffen Sie die richtigen Entscheidungen.\u00a0Unsere speziell auf die&#8230;<\/p>\n","protected":false},"author":1,"featured_media":0,"parent":22812,"menu_order":0,"comment_status":"closed","ping_status":"closed","template":"","meta":{"content-type":"","_monsterinsights_skip_tracking":false,"_monsterinsights_sitenote_active":false,"_monsterinsights_sitenote_note":"","_monsterinsights_sitenote_category":0},"yoast_head":"<!-- This site is optimized with the Yoast SEO Premium plugin v20.6 (Yoast SEO v20.6) - https:\/\/yoast.com\/wordpress\/plugins\/seo\/ -->\n<title>Tetakawi | Beratungsleistungen<\/title>\n<meta name=\"description\" content=\"Nutzen Sie die Beratungsleistungen von Tetakawi zur Standorter\u00f6ffnung in Mexiko. Von uns erhalten Sie zuverl\u00e4ssige Daten und Insights aus erster Hand.\" \/>\n<meta name=\"robots\" content=\"index, follow, max-snippet:-1, max-image-preview:large, max-video-preview:-1\" \/>\n<link rel=\"canonical\" href=\"https:\/\/tetakawi.com\/de\/losung-finden\/beratungsleistungen\/\" \/>\n<meta property=\"og:locale\" content=\"de_DE\" \/>\n<meta property=\"og:type\" content=\"article\" \/>\n<meta property=\"og:title\" content=\"Beratungsleistungen\" \/>\n<meta property=\"og:description\" content=\"Nutzen Sie die Beratungsleistungen von Tetakawi zur Standorter\u00f6ffnung in Mexiko. Von uns erhalten Sie zuverl\u00e4ssige Daten und Insights aus erster Hand.\" \/>\n<meta property=\"og:url\" content=\"https:\/\/tetakawi.com\/de\/losung-finden\/beratungsleistungen\/\" \/>\n<meta property=\"og:site_name\" content=\"Tetakawi\" \/>\n<meta property=\"article:modified_time\" content=\"2019-08-09T23:52:22+00:00\" \/>\n<meta property=\"og:image\" content=\"https:\/\/tetakawi.com\/wp-content\/uploads\/2019\/04\/tailored-consulting-tetakawi.jpg\" \/>\n<meta name=\"twitter:card\" content=\"summary_large_image\" \/>\n<meta name=\"twitter:label1\" content=\"Gesch\u00e4tzte Lesezeit\" \/>\n\t<meta name=\"twitter:data1\" content=\"1\u00a0Minute\" \/>\n<script type=\"application\/ld+json\" class=\"yoast-schema-graph\">{\"@context\":\"https:\/\/schema.org\",\"@graph\":[{\"@type\":\"WebPage\",\"@id\":\"https:\/\/tetakawi.com\/de\/losung-finden\/beratungsleistungen\/\",\"url\":\"https:\/\/tetakawi.com\/de\/losung-finden\/beratungsleistungen\/\",\"name\":\"Tetakawi | Beratungsleistungen\",\"isPartOf\":{\"@id\":\"https:\/\/tetakawi.com\/#website\"},\"datePublished\":\"2019-07-10T17:10:04+00:00\",\"dateModified\":\"2019-08-09T23:52:22+00:00\",\"description\":\"Nutzen Sie die Beratungsleistungen von Tetakawi zur Standorter\u00f6ffnung in Mexiko. Von uns erhalten Sie zuverl\u00e4ssige Daten und Insights aus erster Hand.\",\"breadcrumb\":{\"@id\":\"https:\/\/tetakawi.com\/de\/losung-finden\/beratungsleistungen\/#breadcrumb\"},\"inLanguage\":\"de\",\"potentialAction\":[{\"@type\":\"ReadAction\",\"target\":[\"https:\/\/tetakawi.com\/de\/losung-finden\/beratungsleistungen\/\"]}]},{\"@type\":\"BreadcrumbList\",\"@id\":\"https:\/\/tetakawi.com\/de\/losung-finden\/beratungsleistungen\/#breadcrumb\",\"itemListElement\":[{\"@type\":\"ListItem\",\"position\":1,\"name\":\"Home\",\"item\":\"https:\/\/tetakawi.com\/de\/\"},{\"@type\":\"ListItem\",\"position\":2,\"name\":\"L\u00f6sung finden\",\"item\":\"https:\/\/tetakawi.com\/de\/losung-finden\/\"},{\"@type\":\"ListItem\",\"position\":3,\"name\":\"Beratungsleistungen\"}]},{\"@type\":\"WebSite\",\"@id\":\"https:\/\/tetakawi.com\/#website\",\"url\":\"https:\/\/tetakawi.com\/\",\"name\":\"Tetakawi\",\"description\":\"\",\"publisher\":{\"@id\":\"https:\/\/tetakawi.com\/#organization\"},\"potentialAction\":[{\"@type\":\"SearchAction\",\"target\":{\"@type\":\"EntryPoint\",\"urlTemplate\":\"https:\/\/tetakawi.com\/?s={search_term_string}\"},\"query-input\":\"required name=search_term_string\"}],\"inLanguage\":\"de\"}]}<\/script>\n<!-- \/ Yoast SEO Premium plugin. -->","yoast_head_json":{"title":"Tetakawi | Beratungsleistungen","description":"Nutzen Sie die Beratungsleistungen von Tetakawi zur Standorter\u00f6ffnung in Mexiko. Von uns erhalten Sie zuverl\u00e4ssige Daten und Insights aus erster Hand.","robots":{"index":"index","follow":"follow","max-snippet":"max-snippet:-1","max-image-preview":"max-image-preview:large","max-video-preview":"max-video-preview:-1"},"canonical":"https:\/\/tetakawi.com\/de\/losung-finden\/beratungsleistungen\/","og_locale":"de_DE","og_type":"article","og_title":"Beratungsleistungen","og_description":"Nutzen Sie die Beratungsleistungen von Tetakawi zur Standorter\u00f6ffnung in Mexiko. Von uns erhalten Sie zuverl\u00e4ssige Daten und Insights aus erster Hand.","og_url":"https:\/\/tetakawi.com\/de\/losung-finden\/beratungsleistungen\/","og_site_name":"Tetakawi","article_modified_time":"2019-08-09T23:52:22+00:00","og_image":[{"url":"https:\/\/tetakawi.com\/wp-content\/uploads\/2019\/04\/tailored-consulting-tetakawi.jpg"}],"twitter_card":"summary_large_image","twitter_misc":{"Gesch\u00e4tzte Lesezeit":"1\u00a0Minute"},"schema":{"@context":"https:\/\/schema.org","@graph":[{"@type":"WebPage","@id":"https:\/\/tetakawi.com\/de\/losung-finden\/beratungsleistungen\/","url":"https:\/\/tetakawi.com\/de\/losung-finden\/beratungsleistungen\/","name":"Tetakawi | Beratungsleistungen","isPartOf":{"@id":"https:\/\/tetakawi.com\/#website"},"datePublished":"2019-07-10T17:10:04+00:00","dateModified":"2019-08-09T23:52:22+00:00","description":"Nutzen Sie die Beratungsleistungen von Tetakawi zur Standorter\u00f6ffnung in Mexiko. Von uns erhalten Sie zuverl\u00e4ssige Daten und Insights aus erster Hand.","breadcrumb":{"@id":"https:\/\/tetakawi.com\/de\/losung-finden\/beratungsleistungen\/#breadcrumb"},"inLanguage":"de","potentialAction":[{"@type":"ReadAction","target":["https:\/\/tetakawi.com\/de\/losung-finden\/beratungsleistungen\/"]}]},{"@type":"BreadcrumbList","@id":"https:\/\/tetakawi.com\/de\/losung-finden\/beratungsleistungen\/#breadcrumb","itemListElement":[{"@type":"ListItem","position":1,"name":"Home","item":"https:\/\/tetakawi.com\/de\/"},{"@type":"ListItem","position":2,"name":"L\u00f6sung finden","item":"https:\/\/tetakawi.com\/de\/losung-finden\/"},{"@type":"ListItem","position":3,"name":"Beratungsleistungen"}]},{"@type":"WebSite","@id":"https:\/\/tetakawi.com\/#website","url":"https:\/\/tetakawi.com\/","name":"Tetakawi","description":"","publisher":{"@id":"https:\/\/tetakawi.com\/#organization"},"potentialAction":[{"@type":"SearchAction","target":{"@type":"EntryPoint","urlTemplate":"https:\/\/tetakawi.com\/?s={search_term_string}"},"query-input":"required name=search_term_string"}],"inLanguage":"de"}]}},"_links":{"self":[{"href":"https:\/\/tetakawi.com\/de\/wp-json\/wp\/v2\/pages\/22517"}],"collection":[{"href":"https:\/\/tetakawi.com\/de\/wp-json\/wp\/v2\/pages"}],"about":[{"href":"https:\/\/tetakawi.com\/de\/wp-json\/wp\/v2\/types\/page"}],"author":[{"embeddable":true,"href":"https:\/\/tetakawi.com\/de\/wp-json\/wp\/v2\/users\/1"}],"replies":[{"embeddable":true,"href":"https:\/\/tetakawi.com\/de\/wp-json\/wp\/v2\/comments?post=22517"}],"version-history":[{"count":5,"href":"https:\/\/tetakawi.com\/de\/wp-json\/wp\/v2\/pages\/22517\/revisions"}],"predecessor-version":[{"id":24921,"href":"https:\/\/tetakawi.com\/de\/wp-json\/wp\/v2\/pages\/22517\/revisions\/24921"}],"up":[{"embeddable":true,"href":"https:\/\/tetakawi.com\/de\/wp-json\/wp\/v2\/pages\/22812"}],"wp:attachment":[{"href":"https:\/\/tetakawi.com\/de\/wp-json\/wp\/v2\/media?parent=22517"}],"curies":[{"name":"wp","href":"https:\/\/api.w.org\/{rel}","templated":true}]}}