{"id":22480,"date":"2019-07-10T17:10:03","date_gmt":"2019-07-10T17:10:03","guid":{"rendered":"https:\/\/tetakawi.com\/hochspezialisierte-branchen-in-mexiko\/luft-und-raumfahrtfertigung-in-mexiko\/"},"modified":"2021-10-29T22:18:32","modified_gmt":"2021-10-29T22:18:32","slug":"luft-und-raumfahrtfertigung-in-mexiko","status":"publish","type":"page","link":"https:\/\/tetakawi.com\/de\/hochspezialisierte-branchen-in-mexiko\/luft-und-raumfahrtfertigung-in-mexiko\/","title":{"rendered":"Luft- und Raumfahrtfertigung in Mexiko"},"content":{"rendered":"<div class=\"vgblk-rw-wrapper limit-wrapper\">\n<h1>\n\tMexikanische Luftfahrtindustrie &#8211; Luft- und Raumfahrtfertigung\n\t<\/h1>\n\t<p>Mit dem Schwerpunkt auf Tier-1-, Tier-2- und Tier-3-Zulieferern ist die Luft- und Raumfahrtindustrie in Mexiko eine der wichtigsten Branchen.<\/p>\n<h2>\n\tFertigung f\u00fcr die Luft- und Raumfahrtbranche: eine der am schnellsten wachsenden Industrien Mexikos zieht immer mehr Unternehmen an\n\t<\/h2>\n\t<p>Mit einem Wachstum von \u00fcber 15 Prozent in den letzten zehn Jahren, einem Exportvolumen von 9,5 Milliarden USD und bestens ausgebildeten mexikanischen Fachkr\u00e4ften erreicht die Luft- und Raumfahrtindustrie in Mexiko neue H\u00f6hen.<\/p>\n<p>Da zahlreiche ausl\u00e4ndische Unternehmen von den geringen Lohnkosten bei hohem Ausbildungsniveau profitieren m\u00f6chten, hat sich die Luft- und Raumfahrtfertigung in Mexiko zu einer der f\u00fchrenden Branchen des Landes entwickelt. Wichtige Cluster befinden sich im gesamten Land, insbesondere in Sonora, Baja California, Chihuahua, Nuevo Leon und Queretaro. Die Liste der Luft- und Raumfahrtunternehmen Mexikos ist lang. Die \u00fcber 350 Zulieferer der Luft- und Raumfahrtbranche in Mexiko f\u00fcllen ein Spektrum aus, das von kleinen Wartungs-, Reparatur- und \u00dcberholungsbetrieben und mittelst\u00e4ndischen Herstellern bis hin zu Branchenriesen der Luftfahrt wie Rockwell Collins, Honeywell und Bombardier reicht.<\/p>\n<p>Obwohl die mexikanische Luft- und Raumfahrtfertigung im Vergleich zu anderen Branchen noch relativ jung sein mag, ist sie bereits tief verwurzelt und bietet gro\u00dfe Chancen f\u00fcr deutsche Unternehmen. Die Luft- und Raumfahrtzulieferer in Mexiko profitieren von der St\u00e4rke der fest etablierten Automobilbranche, ziehen Investitionen aus dem Ausland an, \u00fcberzeugen mit einer beeindruckend vernetzten Infrastruktur und bleiben so attraktiv f\u00fcr Unternehmen auf Expansionskurs. Beide Sektoren sind f\u00fchrende Fertigungsbranchen in Mexiko.<\/p>\n<h4>\n\tFree Data Sheet\n\t<\/h4>\n<h3>\n\tWhat to know about <br>Aerospace Manufacturing <br>in Mexico\n\t<\/h3>\n\t<p>Thinking about manufacturing in Mexico? Learn about Mexico&#8217;s Aerospace industry and how shelter services can help.<\/p>\n<p><a href=\"https:\/\/go.tetakawi.com\/hubfs\/Industry%20Data%20Sheets\/Aerospace%20Manufacturing%20in%20Mexico%20Data%20Sheet%20%7C%20Tetakawi.pdf\"><button id=\"eventbrite-widget-modal-trigger-119162366847\" type=\"button\">Download Now<\/button><\/a><\/p>\n\t\t\t\t\t\t\t\t\t\t<img loading=\"lazy\" src=\"https:\/\/tetakawi.com\/wp-content\/uploads\/2019\/03\/aerospace_hermosillo_blue-1.jpg\" alt=\"aerospace_hermosillo_mexico\" itemprop=\"image\" height=\"526\" width=\"792\" title=\"aerospace_hermosillo_blue\" onerror=\"this.style.display='none'\" sizes=\"(max-width: 768px) 100vw, 100vw\" srcset=\"data:image\/svg+xml;utf8,<svg%20xmlns=&quot;http:\/\/www.w3.org\/2000\/svg&quot;%20viewBox=&quot;0%200%20792%20526&quot;%20height=&quot;526px&quot;%20width=&quot;792px&quot;\/>&#8220; data-srcset=&#8220;https:\/\/tetakawi.com\/wp-content\/uploads\/2019\/03\/aerospace_hermosillo_blue-1.jpg 792w, https:\/\/tetakawi.com\/wp-content\/uploads\/2019\/03\/aerospace_hermosillo_blue-1-300&#215;199.jpg 300w, https:\/\/tetakawi.com\/wp-content\/uploads\/2019\/03\/aerospace_hermosillo_blue-1-768&#215;510.jpg 768w, https:\/\/tetakawi.com\/wp-content\/uploads\/2019\/03\/aerospace_hermosillo_blue-1-630&#215;418.jpg 630w, https:\/\/tetakawi.com\/wp-content\/uploads\/2019\/03\/aerospace_hermosillo_blue-1-420&#215;279.jpg 420w, https:\/\/tetakawi.com\/wp-content\/uploads\/2019\/03\/aerospace_hermosillo_blue-1-315&#215;209.jpg 315w&#8220;>\t\t\t\t\t\t\t\n<h2>\n\tZahlen zur Luft- und Raumfahrtfertigung in Mexiko\n\t<\/h2>\n<h4>\n\t&gt;350\n\t<\/h4>\n<h4>\n\tUnternehmen z\u00e4hlen 2020 zur Luft- und Raumfahrtindustrie in Mexiko\n\t<\/h4>\n\t<p>Laut dem FEMIA (Verband der mexikanischen Luft- und Raumfahrtunternehmen) ist die Anzahl der Luft- und Raumfahrtzulieferer in Mexiko von 100 Unternehmen in 2004 auf \u00fcber 300 in 2019 angewachsen. Heute besteht die Luft- und Raumfahrtindustrie in Mexiko aus \u00fcber 350 Unternehmen und w\u00e4chst stetig weiter.<\/p>\n<h4>\n\tPlatz 14\n\t<\/h4>\n<h4>\n\tbei den Luft- und Raumfahrtproduzenten weltweit.\n\t<\/h4>\n\t<p>2019 war Mexiko der vierzehntgr\u00f6\u00dfte Luft- und Raumfahrtproduzent der Welt. Von Motoren und Frachtraumt\u00fcren bis hin zu Fahrwerken, elektrischen Systemen, Turbinen und zahlreichen weiteren Komponenten &#8211; die Luft- und Raumfahrtindustrie in Mexiko hat sich zu einem der gr\u00f6\u00dften Player auf dem Weltmarkt entwickelt.<\/p>\n<h4>\n\t9,5 Milliarden USD\n\t<\/h4>\n<h4>\n\tbetrug 2019 der Umfang der Exporte der Luft- und Raumfahrtunternehmen Mexikos.\n\t<\/h4>\n\t<p>Bis Ende 2019 haben die Luft- und Raumfahrtzulieferer in Mexiko Komponenten im Wert von 9,5 Milliarden USD exportiert. Mexiko ist der sechstgr\u00f6\u00dfte Exporteur solcher Komponenten ins Nachbarland USA, das 80 Prozent aller Produkte der Luft- und Raumfahrtfertigung in Mexiko abnimmt.<\/p>\n<h2>\n\tProblemlose Aufnahme der Luft- und Raumfahrtfertigung in Mexiko mit Tetakawi\n\t<\/h2>\n\t<p>Ob Sie die Fertigung in Mexiko aufnehmen m\u00f6chten oder hier bereits einen Standort unterhalten &#8211; Tetakawi unterst\u00fctzt Ihr Unternehmen bei Gr\u00fcndung, Betrieb und Wachstum in der schnell wachsendes Luft- und Raumfahrtindustrie des Landes. Mit \u00fcber 34 Jahren Erfahrung im Bereich der Luftfahrtindustrie Mexikos  sind wir derzeit f\u00fcr \u00fcber 20 Unternehmen aus der Luft- und Raumfahrtindustrie in Mexiko t\u00e4tig. Unsere speziell auf die Anforderungen Ihres Unternehmens zugeschnittenen Serviceleistungen beruhen auf Strategie und Erfahrung. Wir sind der gr\u00f6\u00dfte Offshoring-Dienstleister in Mexiko und Sie k\u00f6nnen sich darauf verlassen, dass wir als zuverl\u00e4ssiger Partner f\u00fcr Ihr Projekt stets an Ihrer Seite stehen. Wir unterst\u00fctzen Sie bei Folgendem:<\/p>\n<ul>\n<li>Auswahl des passenden Standorts f\u00fcr Ihre Luft- und Raumfahrtfertigung<\/li>\n<li>Rechtlichen und organisatorischen Fragen sowie beim Aufbau von Supportstrukturen<\/li>\n<li>Anwerbung, Schulung und Bindung von Mitarbeitern<\/li>\n<li>S\u00e4mtlichen administrativen Aufgaben, von Finanzen und Personal bis hin zu Zollangelegenheiten<\/li>\n<li>Reibungslosen Abl\u00e4ufen von der Gr\u00fcndung bis zum Normalbetrieb<\/li>\n<li>Und vielem mehr. Wir \u00fcbernehmen die administrativen Aufgaben f\u00fcr Sie, sodass sich Ihr Team auf den Wettbewerbsvorteil konzentrieren kann: kompetente Fertigung.<\/li>\n<\/ul>\n\t<a href=\"\/solutions\/support-services\/start-up\/\" target=\"_self\" role=\"button\" rel=\"noopener\">\n\t\t\t\t\tSie m\u00f6chten mehr erfahren? <b>Individuelles Dienstleistungsangebot erhalten<\/b>\n\t<\/a>\n<h2>\n\tProfitieren Sie von einem reibungslosen Start in die Luft- und Raumfahrtfertigung.<\/h2>\n\t\n\t<p>Gr\u00fcnden oder erweitern Sie mit unseren kundenspezifischen Dienstleistungen einen Luft- und Raumfahrtfertigungsstandort in Mexiko. Von umfassender Beratung bis hin zu schl\u00fcsselfertigen Fertigungsanlagen &#8211; wir unterst\u00fctzen Sie bei jeder Phase der Betriebsaufnahme.<\/p>\n\t\t\tOffshoring-Services\n\t\tKonzentrieren Sie sich auf Ihr Kerngesch\u00e4ft, wir k\u00fcmmern uns um den Rest. Unsere Offshoring-Services sind eine einfache, kosteng\u00fcnstige und risikoarme M\u00f6glichkeit zur Er\u00f6ffnung eines eigenen Luft- und Raumfahrtfertigungsstandorts in Mexiko.<br>\n<a href=\"https:\/\/tetakawi.com\/de\/losung-finden\/supportleistungen\/offshoring-services-von-tetakawi\/\">Mehr erfahren &#8230;<\/a>\n\t\t\tPerfekte Kommunikation\n\t\tMit dem optimalen Expertenteam, das die termin- und budgetgerechte Umsetzung Ihrer Markteintrittsstrategie gew\u00e4hrleistet, gelingt der erfolgreiche Start. <br>\n<a href=\"https:\/\/tetakawi.com\/de\/losung-finden\/fertigungscommunitys\/perfekte-kommunikation\/\">Mehr erfahren &#8230;<\/a>\n\t\t\tFertigungscommunitys\n\t\tSchl\u00fcsselfertige Produktionsanlagen mit Gewerbefl\u00e4chen der Klasse A, Vor-Ort-Support und Offshoring-Dienstleistungen sorgen f\u00fcr eine problemlose Fertigung f\u00fcr die Luft- und Raumfahrtindustrie in Mexiko.<br>\n<a href=\"https:\/\/tetakawi.com\/de\/finden-sie-den-passenden-standort\/fertigung-in-saltillo-coahuila\/manufacturing-communities\/\">Mehr erfahren &#8230;<\/a>\n\t\t\tBeratungsleistungen\n\t\tVon der Standortwahl bis hin zu kundenspezifischen Analysen und Kostensch\u00e4tzungen &#8211; wir treffen fundierte, strategische und umsetzbare Entscheidungen.<br>\n<a href=\"https:\/\/tetakawi.com\/de\/losung-finden\/beratungsleistungen\/\">Mehr erfahren &#8230;<\/a>\n<h2>\n\tH\u00e4ufig gestellte Fragen zur Luft- und Raumfahrtfertigung in Mexiko\n\t<\/h2>\n\tWo sollten sich Luft- und Raumfahrtzulieferer in Mexiko ansiedeln?\n<p>Die Luft- und Raumfahrtindustrie Mexikos verteilt sich auf f\u00fcnf wichtige Cluster: Sonora, Baja California, Chihuahua, Nuevo Leon und Queretaro. Insbesondere Sonora zeichnet sich durch herausragende Lieferketten f\u00fcr die Luft- und Raumfahrtindustrie aus und erm\u00f6glicht so die Fertigung hochwertiger Produkte zu wettbewerbsf\u00e4higen Kosten.<\/p>\n<p>Viele Unternehmen setzen auf eine Fertigungscommunity.&nbsp;<a href=\"https:\/\/tetakawi.com\/de\/finden-sie-den-passenden-standort\/fertigung-in-saltillo-coahuila\/manufacturing-communities\/\">Hier erfahren Sie mehr \u00fcber Fertigungscommunitys<\/a>.&nbsp;Unsere Fertigungscommunity Roca Fuerte beherbergt den gr\u00f6\u00dften Cluster an Herstellern von Triebwerkskomponenten in Mexiko. Die Community bietet eine schl\u00fcsselfertige L\u00f6sung mit Produktionsanlagen, Vor-Ort-Support und umfassenden rechtlichen Rahmenbedingungen. Wenn Sie mehr erfahren m\u00f6chten oder Hilfe bei der Standortwahl ben\u00f6tigen,&nbsp;<a href=\"https:\/\/tetakawi.com\/de\/losung-finden\/beratungsleistungen\/standortwahl\/\">ist unser Standortwahlservice genau das Richtige f\u00fcr Sie<\/a>.<\/p>\n<p>&nbsp;<\/p>\nWelches sind die wichtigsten Produkte, die die Luft- und Raumfahrtzulieferer in Mexiko fertigen und aus dem Land exportieren?\n<p>Von Drohnen und Satelliten bis hin zu Flugzeugr\u00fcmpfen, Motoren, Triebwerken und Kabelstr\u00e4ngen &#8211; die Luft- und Raumfahrtindustrie in Mexiko fertigt eine Vielzahl von Produkten. Die Exporte der Luft- und Raumfahrtfertigung in Mexiko gelangen in alle Welt. Die wichtigsten Abnehmer sind die USA, Kanada, Brasilien, Deutschland, Gro\u00dfbritannien und Frankreich.<\/p>\n<p>&nbsp;<\/p>\nWie sieht der Arbeitsmarkt f\u00fcr die Luft- und Raumfahrtindustrie in Mexiko aus?\n<p>In den wichtigsten Clustern f\u00fcr die Luft- und Raumfahrtfertigung in Mexiko arbeiten \u00fcber 50.000 Fachkr\u00e4fte und die f\u00e4higsten Ingenieure des Landes. Unabh\u00e4ngig von der Gr\u00f6\u00dfe Ihres Unternehmens ben\u00f6tigen Sie die passende Belegschaft. <a href=\"https:\/\/tetakawi.com\/de\/losung-finden\/supportleistungen\/tetakawi-recruiting\/\">Wir helfen Ihnen dabei, die richtigen Mitarbeiter zu finden und einzustellen<\/a>.<\/p>\n<h2>\n\tAktuelle News aus der Luft- und Raumfahrtindustrie\n\t<\/h2>\n\t\t\t\t\t\t\t\t\t\t<img loading=\"lazy\" src=\"https:\/\/tetakawi.com\/wp-content\/uploads\/2020\/10\/Meeting-The-Manufacturing-Needs-Of-Aerospace-Companies-In-Mexico.jpg\" alt=\"Mexiko erf\u00fcllt die Anforderungen, die Luft- und Raumfahrtunternehmen an die Fertigung stellen\" itemprop=\"image\" height=\"300\" width=\"500\" title=\"Mexiko erf\u00fcllt die Anforderungen, die Luft- und Raumfahrtunternehmen an die Fertigung stellen\" onerror=\"this.style.display='none'\" sizes=\"(max-width: 768px) 100vw, 100vw\" srcset=\"data:image\/svg+xml;utf8,<svg%20xmlns=&quot;http:\/\/www.w3.org\/2000\/svg&quot;%20viewBox=&quot;0%200%20500%20300&quot;%20height=&quot;300px&quot;%20width=&quot;500px&quot;\/>&#8220; data-srcset=&#8220;https:\/\/tetakawi.com\/wp-content\/uploads\/2020\/10\/Meeting-The-Manufacturing-Needs-Of-Aerospace-Companies-In-Mexico.jpg 500w, https:\/\/tetakawi.com\/wp-content\/uploads\/2020\/10\/Meeting-The-Manufacturing-Needs-Of-Aerospace-Companies-In-Mexico-300&#215;180.jpg 300w, https:\/\/tetakawi.com\/wp-content\/uploads\/2020\/10\/Meeting-The-Manufacturing-Needs-Of-Aerospace-Companies-In-Mexico-420&#215;252.jpg 420w, https:\/\/tetakawi.com\/wp-content\/uploads\/2020\/10\/Meeting-The-Manufacturing-Needs-Of-Aerospace-Companies-In-Mexico-315&#215;189.jpg 315w&#8220;>\t\t\t\t\t\t\t\n<h4>\n\tMexiko erf\u00fcllt die Anforderungen, die Luft- und Raumfahrtunternehmen an die Fertigung stellen\n\t<\/h4>\n\t<p>Ausl\u00e4ndische Unternehmen, die wichtige Fertigungsstandorte gr\u00fcnden m\u00f6chten, setzen auf die dynamische Luft- und Raumfahrtindustrie in Mexiko.<\/p>\n\t<a href=\"https:\/\/insights.tetakawi.com\/manufacturing-needs-of-aerospace-companies-in-mexico\" target=\"_self\" role=\"button\" rel=\"noopener\">\n\t\t\t\t\tWeiterlesen\n\t<\/a>\n\t\t\t\t\t\t\t\t\t\t<img loading=\"lazy\" src=\"https:\/\/tetakawi.com\/wp-content\/uploads\/2020\/10\/Queretaros-Aerospace-Manufacturing-Industry-An-Industry-Flying-High.jpg\" alt=\"Luft- und Raumfahrtindustrie in Queretaro: eine Branche auf dem Weg nach oben\" itemprop=\"image\" height=\"300\" width=\"500\" title=\"Luft- und Raumfahrtindustrie in Queretaro: eine Branche auf dem Weg nach oben\" onerror=\"this.style.display='none'\" sizes=\"(max-width: 768px) 100vw, 100vw\" srcset=\"data:image\/svg+xml;utf8,<svg%20xmlns=&quot;http:\/\/www.w3.org\/2000\/svg&quot;%20viewBox=&quot;0%200%20500%20300&quot;%20height=&quot;300px&quot;%20width=&quot;500px&quot;\/>&#8220; data-srcset=&#8220;https:\/\/tetakawi.com\/wp-content\/uploads\/2020\/10\/Queretaros-Aerospace-Manufacturing-Industry-An-Industry-Flying-High.jpg 500w, https:\/\/tetakawi.com\/wp-content\/uploads\/2020\/10\/Queretaros-Aerospace-Manufacturing-Industry-An-Industry-Flying-High-300&#215;180.jpg 300w, https:\/\/tetakawi.com\/wp-content\/uploads\/2020\/10\/Queretaros-Aerospace-Manufacturing-Industry-An-Industry-Flying-High-420&#215;252.jpg 420w, https:\/\/tetakawi.com\/wp-content\/uploads\/2020\/10\/Queretaros-Aerospace-Manufacturing-Industry-An-Industry-Flying-High-315&#215;189.jpg 315w&#8220;>\t\t\t\t\t\t\t\n<h4>\n\tLuft- und Raumfahrtindustrie in Queretaro: eine Branche auf dem Weg nach oben\n\t<\/h4>\n\t<p>Mit stetig wachsenden Ums\u00e4tzen, robusten Lieferketten und erfahrenen Arbeitskr\u00e4ften hebt die Luft- und Raumfahrtindustrie in Queretaro ab.<\/p>\n\t<a href=\"https:\/\/insights.tetakawi.com\/queretaros-aerospace-manufacturing-industry-an-industry-flying-high\" target=\"_self\" role=\"button\" rel=\"noopener\">\n\t\t\t\t\tWeiterlesen\n\t<\/a>\n\t\t\t\t\t\t\t\t\t\t<img loading=\"lazy\" src=\"https:\/\/tetakawi.com\/wp-content\/uploads\/2020\/10\/Opportunities-within-Mexicos-Aerospace-Industry-Clusters.jpg\" alt=\"Chancen in den Clustern der Luft- und Raumfahrtindustrie in Mexiko\" itemprop=\"image\" height=\"300\" width=\"500\" title=\"Chancen in den Clustern der Luft- und Raumfahrtindustrie in Mexiko\" onerror=\"this.style.display='none'\" sizes=\"(max-width: 768px) 100vw, 100vw\" srcset=\"data:image\/svg+xml;utf8,<svg%20xmlns=&quot;http:\/\/www.w3.org\/2000\/svg&quot;%20viewBox=&quot;0%200%20500%20300&quot;%20height=&quot;300px&quot;%20width=&quot;500px&quot;\/>&#8220; data-srcset=&#8220;https:\/\/tetakawi.com\/wp-content\/uploads\/2020\/10\/Opportunities-within-Mexicos-Aerospace-Industry-Clusters.jpg 500w, https:\/\/tetakawi.com\/wp-content\/uploads\/2020\/10\/Opportunities-within-Mexicos-Aerospace-Industry-Clusters-300&#215;180.jpg 300w, https:\/\/tetakawi.com\/wp-content\/uploads\/2020\/10\/Opportunities-within-Mexicos-Aerospace-Industry-Clusters-420&#215;252.jpg 420w, https:\/\/tetakawi.com\/wp-content\/uploads\/2020\/10\/Opportunities-within-Mexicos-Aerospace-Industry-Clusters-315&#215;189.jpg 315w&#8220;>\t\t\t\t\t\t\t\n<h4>\n\tChancen in den Clustern der Luft- und Raumfahrtindustrie in Mexiko\n\t<\/h4>\n\t<p>Von Flugzeugr\u00fcmpfen bis hin zu Fahrwerken und praktisch allem dazwischen, Mexiko hat sich als wichtiger Produzent von Luft- und Raumfahrtkomponenten etabliert.&nbsp;<\/p>\n\t<a href=\"https:\/\/insights.tetakawi.com\/mexicos-aerospace-manufacturing-clusters\" target=\"_self\" role=\"button\" rel=\"noopener\">\n\t\t\t\t\tWeiterlesen\n\t<\/a>\n<h2>\n\t<b>Beginnen Sie jetzt mit der Entwicklung Ihrer Strategie f\u00fcr Mexiko.<\/b>\n\t<\/h2>\n\t<p>Sprechen Sie mit einem Experten von Tetakawi und erfahren Sie, wie Ihr Unternehmen in Mexiko erfolgreich sein kann.<\/p>\n\t<a href=\"\/contact\" target=\"_self\" role=\"button\" rel=\"noopener\">\n\t\t\t\t\t<b>Wenden Sie sich an uns.<\/b><b>\n\t<\/b><\/a>\n<\/div><!-- .vgblk-rw-wrapper -->","protected":false},"excerpt":{"rendered":"<p>Mexikanische Luftfahrtindustrie &#8211; Luft- und Raumfahrtfertigung Mit dem Schwerpunkt auf Tier-1-, Tier-2- und Tier-3-Zulieferern ist die Luft- und Raumfahrtindustrie in Mexiko eine der wichtigsten Branchen. Fertigung f\u00fcr die Luft- und Raumfahrtbranche: eine der am schnellsten wachsenden Industrien Mexikos zieht immer mehr Unternehmen an Mit einem Wachstum von \u00fcber 15 Prozent in den letzten zehn Jahren,&#8230;<\/p>\n","protected":false},"author":1,"featured_media":0,"parent":22201,"menu_order":0,"comment_status":"closed","ping_status":"closed","template":"","meta":{"content-type":"","_monsterinsights_skip_tracking":false,"_monsterinsights_sitenote_active":false,"_monsterinsights_sitenote_note":"","_monsterinsights_sitenote_category":0},"yoast_head":"<!-- This site is optimized with the Yoast SEO Premium plugin v20.6 (Yoast SEO v20.6) - https:\/\/yoast.com\/wordpress\/plugins\/seo\/ -->\n<title>Mexikanische Luftfahrtindustrie - Luft- und Raumfahrtfertigung | Tetakawi<\/title>\n<meta name=\"description\" content=\"Die Luft- und Raumfahrtfertigung in Mexiko umfasst \u00fcber 300 Unternehmen. Das Spektrum reicht dabei von OEMs bis hin zu Tier-1-, Tier-2- und Tier-3-Zulieferern entsprechender Komponenten aus aller Welt.\" \/>\n<meta name=\"robots\" content=\"index, follow, max-snippet:-1, max-image-preview:large, max-video-preview:-1\" \/>\n<link rel=\"canonical\" href=\"https:\/\/tetakawi.com\/de\/hochspezialisierte-branchen-in-mexiko\/luft-und-raumfahrtfertigung-in-mexiko\/\" \/>\n<meta property=\"og:locale\" content=\"de_DE\" \/>\n<meta property=\"og:type\" content=\"article\" \/>\n<meta property=\"og:title\" content=\"Luft- und Raumfahrtfertigung in Mexiko\" \/>\n<meta property=\"og:description\" content=\"Die Luft- und Raumfahrtfertigung in Mexiko umfasst \u00fcber 300 Unternehmen. Das Spektrum reicht dabei von OEMs bis hin zu Tier-1-, Tier-2- und Tier-3-Zulieferern entsprechender Komponenten aus aller Welt.\" \/>\n<meta property=\"og:url\" content=\"https:\/\/tetakawi.com\/de\/hochspezialisierte-branchen-in-mexiko\/luft-und-raumfahrtfertigung-in-mexiko\/\" \/>\n<meta property=\"og:site_name\" content=\"Tetakawi\" \/>\n<meta property=\"article:modified_time\" content=\"2021-10-29T22:18:32+00:00\" \/>\n<meta property=\"og:image\" content=\"https:\/\/tetakawi.com\/wp-content\/uploads\/2019\/03\/aerospace_hermosillo_blue-1.jpg\" \/>\n<meta name=\"twitter:card\" content=\"summary_large_image\" \/>\n<meta name=\"twitter:label1\" content=\"Gesch\u00e4tzte Lesezeit\" \/>\n\t<meta name=\"twitter:data1\" content=\"6\u00a0Minuten\" \/>\n<script type=\"application\/ld+json\" class=\"yoast-schema-graph\">{\"@context\":\"https:\/\/schema.org\",\"@graph\":[{\"@type\":\"WebPage\",\"@id\":\"https:\/\/tetakawi.com\/de\/hochspezialisierte-branchen-in-mexiko\/luft-und-raumfahrtfertigung-in-mexiko\/\",\"url\":\"https:\/\/tetakawi.com\/de\/hochspezialisierte-branchen-in-mexiko\/luft-und-raumfahrtfertigung-in-mexiko\/\",\"name\":\"Mexikanische Luftfahrtindustrie - Luft- und Raumfahrtfertigung | Tetakawi\",\"isPartOf\":{\"@id\":\"https:\/\/tetakawi.com\/#website\"},\"datePublished\":\"2019-07-10T17:10:03+00:00\",\"dateModified\":\"2021-10-29T22:18:32+00:00\",\"description\":\"Die Luft- und Raumfahrtfertigung in Mexiko umfasst \u00fcber 300 Unternehmen. Das Spektrum reicht dabei von OEMs bis hin zu Tier-1-, Tier-2- und Tier-3-Zulieferern entsprechender Komponenten aus aller Welt.\",\"breadcrumb\":{\"@id\":\"https:\/\/tetakawi.com\/de\/hochspezialisierte-branchen-in-mexiko\/luft-und-raumfahrtfertigung-in-mexiko\/#breadcrumb\"},\"inLanguage\":\"de\",\"potentialAction\":[{\"@type\":\"ReadAction\",\"target\":[\"https:\/\/tetakawi.com\/de\/hochspezialisierte-branchen-in-mexiko\/luft-und-raumfahrtfertigung-in-mexiko\/\"]}]},{\"@type\":\"BreadcrumbList\",\"@id\":\"https:\/\/tetakawi.com\/de\/hochspezialisierte-branchen-in-mexiko\/luft-und-raumfahrtfertigung-in-mexiko\/#breadcrumb\",\"itemListElement\":[{\"@type\":\"ListItem\",\"position\":1,\"name\":\"Home\",\"item\":\"https:\/\/tetakawi.com\/de\/\"},{\"@type\":\"ListItem\",\"position\":2,\"name\":\"Hochspezialisierte Branchen in Mexiko\",\"item\":\"https:\/\/tetakawi.com\/de\/hochspezialisierte-branchen-in-mexiko\/\"},{\"@type\":\"ListItem\",\"position\":3,\"name\":\"Luft- und Raumfahrtfertigung in Mexiko\"}]},{\"@type\":\"WebSite\",\"@id\":\"https:\/\/tetakawi.com\/#website\",\"url\":\"https:\/\/tetakawi.com\/\",\"name\":\"Tetakawi\",\"description\":\"\",\"publisher\":{\"@id\":\"https:\/\/tetakawi.com\/#organization\"},\"potentialAction\":[{\"@type\":\"SearchAction\",\"target\":{\"@type\":\"EntryPoint\",\"urlTemplate\":\"https:\/\/tetakawi.com\/?s={search_term_string}\"},\"query-input\":\"required name=search_term_string\"}],\"inLanguage\":\"de\"}]}<\/script>\n<!-- \/ Yoast SEO Premium plugin. -->","yoast_head_json":{"title":"Mexikanische Luftfahrtindustrie - Luft- und Raumfahrtfertigung | Tetakawi","description":"Die Luft- und Raumfahrtfertigung in Mexiko umfasst \u00fcber 300 Unternehmen. Das Spektrum reicht dabei von OEMs bis hin zu Tier-1-, Tier-2- und Tier-3-Zulieferern entsprechender Komponenten aus aller Welt.","robots":{"index":"index","follow":"follow","max-snippet":"max-snippet:-1","max-image-preview":"max-image-preview:large","max-video-preview":"max-video-preview:-1"},"canonical":"https:\/\/tetakawi.com\/de\/hochspezialisierte-branchen-in-mexiko\/luft-und-raumfahrtfertigung-in-mexiko\/","og_locale":"de_DE","og_type":"article","og_title":"Luft- und Raumfahrtfertigung in Mexiko","og_description":"Die Luft- und Raumfahrtfertigung in Mexiko umfasst \u00fcber 300 Unternehmen. Das Spektrum reicht dabei von OEMs bis hin zu Tier-1-, Tier-2- und Tier-3-Zulieferern entsprechender Komponenten aus aller Welt.","og_url":"https:\/\/tetakawi.com\/de\/hochspezialisierte-branchen-in-mexiko\/luft-und-raumfahrtfertigung-in-mexiko\/","og_site_name":"Tetakawi","article_modified_time":"2021-10-29T22:18:32+00:00","og_image":[{"url":"https:\/\/tetakawi.com\/wp-content\/uploads\/2019\/03\/aerospace_hermosillo_blue-1.jpg"}],"twitter_card":"summary_large_image","twitter_misc":{"Gesch\u00e4tzte Lesezeit":"6\u00a0Minuten"},"schema":{"@context":"https:\/\/schema.org","@graph":[{"@type":"WebPage","@id":"https:\/\/tetakawi.com\/de\/hochspezialisierte-branchen-in-mexiko\/luft-und-raumfahrtfertigung-in-mexiko\/","url":"https:\/\/tetakawi.com\/de\/hochspezialisierte-branchen-in-mexiko\/luft-und-raumfahrtfertigung-in-mexiko\/","name":"Mexikanische Luftfahrtindustrie - Luft- und Raumfahrtfertigung | Tetakawi","isPartOf":{"@id":"https:\/\/tetakawi.com\/#website"},"datePublished":"2019-07-10T17:10:03+00:00","dateModified":"2021-10-29T22:18:32+00:00","description":"Die Luft- und Raumfahrtfertigung in Mexiko umfasst \u00fcber 300 Unternehmen. Das Spektrum reicht dabei von OEMs bis hin zu Tier-1-, Tier-2- und Tier-3-Zulieferern entsprechender Komponenten aus aller Welt.","breadcrumb":{"@id":"https:\/\/tetakawi.com\/de\/hochspezialisierte-branchen-in-mexiko\/luft-und-raumfahrtfertigung-in-mexiko\/#breadcrumb"},"inLanguage":"de","potentialAction":[{"@type":"ReadAction","target":["https:\/\/tetakawi.com\/de\/hochspezialisierte-branchen-in-mexiko\/luft-und-raumfahrtfertigung-in-mexiko\/"]}]},{"@type":"BreadcrumbList","@id":"https:\/\/tetakawi.com\/de\/hochspezialisierte-branchen-in-mexiko\/luft-und-raumfahrtfertigung-in-mexiko\/#breadcrumb","itemListElement":[{"@type":"ListItem","position":1,"name":"Home","item":"https:\/\/tetakawi.com\/de\/"},{"@type":"ListItem","position":2,"name":"Hochspezialisierte Branchen in Mexiko","item":"https:\/\/tetakawi.com\/de\/hochspezialisierte-branchen-in-mexiko\/"},{"@type":"ListItem","position":3,"name":"Luft- und Raumfahrtfertigung in Mexiko"}]},{"@type":"WebSite","@id":"https:\/\/tetakawi.com\/#website","url":"https:\/\/tetakawi.com\/","name":"Tetakawi","description":"","publisher":{"@id":"https:\/\/tetakawi.com\/#organization"},"potentialAction":[{"@type":"SearchAction","target":{"@type":"EntryPoint","urlTemplate":"https:\/\/tetakawi.com\/?s={search_term_string}"},"query-input":"required name=search_term_string"}],"inLanguage":"de"}]}},"_links":{"self":[{"href":"https:\/\/tetakawi.com\/de\/wp-json\/wp\/v2\/pages\/22480"}],"collection":[{"href":"https:\/\/tetakawi.com\/de\/wp-json\/wp\/v2\/pages"}],"about":[{"href":"https:\/\/tetakawi.com\/de\/wp-json\/wp\/v2\/types\/page"}],"author":[{"embeddable":true,"href":"https:\/\/tetakawi.com\/de\/wp-json\/wp\/v2\/users\/1"}],"replies":[{"embeddable":true,"href":"https:\/\/tetakawi.com\/de\/wp-json\/wp\/v2\/comments?post=22480"}],"version-history":[{"count":5,"href":"https:\/\/tetakawi.com\/de\/wp-json\/wp\/v2\/pages\/22480\/revisions"}],"predecessor-version":[{"id":27880,"href":"https:\/\/tetakawi.com\/de\/wp-json\/wp\/v2\/pages\/22480\/revisions\/27880"}],"up":[{"embeddable":true,"href":"https:\/\/tetakawi.com\/de\/wp-json\/wp\/v2\/pages\/22201"}],"wp:attachment":[{"href":"https:\/\/tetakawi.com\/de\/wp-json\/wp\/v2\/media?parent=22480"}],"curies":[{"name":"wp","href":"https:\/\/api.w.org\/{rel}","templated":true}]}}