{"id":22430,"date":"2019-07-10T17:10:02","date_gmt":"2019-07-10T17:10:02","guid":{"rendered":"https:\/\/tetakawi.com\/unsere-schwestergesellschaften\/"},"modified":"2019-08-10T03:55:00","modified_gmt":"2019-08-10T03:55:00","slug":"unsere-schwestergesellschaften","status":"publish","type":"page","link":"https:\/\/tetakawi.com\/de\/uber-uns\/unsere-schwestergesellschaften\/","title":{"rendered":"Unsere Schwestergesellschaften"},"content":{"rendered":"<div class=\"vgblk-rw-wrapper limit-wrapper\"><h1>\n\tUnsere Schwestergesellschaften\n\t<\/h1>\n\t<style>.page-header-line {\n    display: block;\n    width: 60px;\n    height: 1px;\n    background: var(--vamtam-accent-color-4);\n    margin-top: 5px;\n    margin-bottom: 5px;\n    opacity: .7;\n}<\/style>\n\t<p>Tetakawi ist stolz auf die Zusammenarbeit mit seinen drei Schwestergesellschaften, die ebenfalls Ihre Gesch\u00e4ftst\u00e4tigkeit in Mexiko unterst\u00fctzen.<\/p>\n\t<p>The ILS Company (International Logistic Solutions) ist ein f\u00fchrendes 3PL-Unternehmen (Third Party Logistics), das globale, kosteng\u00fcnstige, integrierte Logistikservices anbietet, die Kunden ein effizientes Lieferkettenmanagement erm\u00f6glichen. Dank seiner grenz\u00fcberschreitenden Kompetenz bietet The ILS Company Frachtvermittlung in den USA und Mexiko, internationale Speditionsdienstleistungen sowie Lagerhaltungsservices an. Kreative und talentierte Mitarbeiter, innovative Technologien sowie robuste Gesch\u00e4ftsbeziehungen zu Spediteuren helfen Ihrem Unternehmen, die gesteckten Ziele zu erreichen.<\/p>\n<p><a href=\"http:\/\/www.ilscompany.com\" target=\"_blank\" rel=\"noopener noreferrer\">Erfahren Sie mehr \u00fcber ILS<\/a><\/p>\n\t\t\t\t<img loading=\"lazy\" src=\"https:\/\/tetakawi.com\/wp-content\/uploads\/2019\/04\/ils-sister-company-tetakawi.png\" alt=\"ILS Tetakawi\" itemprop=\"image\" height=\"224\" width=\"400\" title=\"ils-sister-company-tetakawi\" onerror=\"this.style.display='none'\"  \/>\n\t\t\t\t<img loading=\"lazy\" src=\"https:\/\/tetakawi.com\/wp-content\/uploads\/2019\/04\/intugo-sister-company.png\" alt=\"Intugo Tetakawi\" itemprop=\"image\" height=\"224\" width=\"400\" title=\"intugo-sister-company\" onerror=\"this.style.display='none'\"  \/>\n\t<p>Mit Intugo profitieren Sie bei der Gr\u00fcndung eines eigenen Betriebs in Mexiko von Kosteinsparungen, Effizienzvorteilen beim Outsourcing sowie Entscheidungs- und Kontrollm\u00f6glichkeiten. Im Gegensatz zu anderen Outsourcing-Optionen weltweit k\u00f6nnen Kunden, die sich f\u00fcr Intugo entscheiden, ihre eigene Unternehmenskultur, ihren Managementansatz und ihr geistiges Eigentum sch\u00fctzen und beibehalten.<\/p>\n<p>Unsere Kunden stellen nach wie vor Mitarbeiter selbst ein und k\u00fcmmern sich um deren Schulung. Mit individueller Unterst\u00fctzung f\u00fchren sie den Betrieb als Erweiterung ihres Unternehmens. Bei dem Gesch\u00e4ftsmodell von Intugo behalten Sie die Kontrolle \u00fcber Ihren Nearshore-Betrieb und profitieren dabei von kompetenten Mitarbeitern.<\/p>\n<p><a href=\"http:\/\/www.intugo.co\" target=\"_blank\" rel=\"noopener noreferrer\">Erfahren Sie mehr \u00fcber Intugo<\/a><\/p>\n\t<p>Dinisa ist der Entwickler und Auftragnehmer von Tetakawi f\u00fcr die Fertigungscommunitys.\u00a0 Dinisa hat vier geschlossene und bewachte Fertigungscommunitys mit einer Gesamt-Gewerbefl\u00e4che von 465.000 m\u00b2 entwickelt.\u00a0 Alle von Dinisa entwickelten Fertigungscommunitys wurden vom mexikanischen Wirtschaftsministerium f\u00fcr die Qualit\u00e4t der Infrastruktur ausgezeichnet, die sie Unternehmen bieten, die den Betrieb in Mexiko aufnehmen m\u00f6chten.<\/p>\n\t\t\t\t<img loading=\"lazy\" src=\"https:\/\/tetakawi.com\/wp-content\/uploads\/2019\/04\/dinisa-sister-company.png\" alt=\"Dinisa Tetakawi\" itemprop=\"image\" height=\"224\" width=\"400\" title=\"dinisa-sister-company\" onerror=\"this.style.display='none'\"  \/>\n<h2>\n\tSie m\u00f6chten mehr \u00fcber unsere Schwestergesellschaften erfahren?\n\t<\/h2>\n\t<a href=\"\/de\/kontakt\/\" target=\"_self\" role=\"button\" rel=\"noopener noreferrer\">\n\t\t\t\t\tKontakt\n\t<\/a>\n<\/div><!-- .vgblk-rw-wrapper -->","protected":false},"excerpt":{"rendered":"<p>Unsere Schwestergesellschaften Tetakawi ist stolz auf die Zusammenarbeit mit seinen drei Schwestergesellschaften, die ebenfalls Ihre Gesch\u00e4ftst\u00e4tigkeit in Mexiko unterst\u00fctzen. The ILS Company (International Logistic Solutions) ist ein f\u00fchrendes 3PL-Unternehmen (Third Party Logistics), das globale, kosteng\u00fcnstige, integrierte Logistikservices anbietet, die Kunden ein effizientes Lieferkettenmanagement erm\u00f6glichen. Dank seiner grenz\u00fcberschreitenden Kompetenz bietet The ILS Company Frachtvermittlung in den&#8230;<\/p>\n","protected":false},"author":1,"featured_media":0,"parent":22996,"menu_order":0,"comment_status":"closed","ping_status":"closed","template":"","meta":{"content-type":"","_monsterinsights_skip_tracking":false,"_monsterinsights_sitenote_active":false,"_monsterinsights_sitenote_note":"","_monsterinsights_sitenote_category":0},"yoast_head":"<!-- This site is optimized with the Yoast SEO Premium plugin v20.6 (Yoast SEO v20.6) - https:\/\/yoast.com\/wordpress\/plugins\/seo\/ -->\n<title>Tetakawi (zuvor The Offshore Group) | Unsere Schwestergesellschaften<\/title>\n<meta name=\"description\" content=\"Tetakawi bildet mit seinen drei Schwestergesellschaften einen Verbund, den eine gemeinsame Mission, Vision und Wertevorstellung leitet. Erfahren Sie mehr \u00fcber unsere Schwestergesellschaften.\" \/>\n<meta name=\"robots\" content=\"index, follow, max-snippet:-1, max-image-preview:large, max-video-preview:-1\" \/>\n<link rel=\"canonical\" href=\"https:\/\/tetakawi.com\/de\/uber-uns\/unsere-schwestergesellschaften\/\" \/>\n<meta property=\"og:locale\" content=\"de_DE\" \/>\n<meta property=\"og:type\" content=\"article\" \/>\n<meta property=\"og:title\" content=\"Unsere Schwestergesellschaften\" \/>\n<meta property=\"og:description\" content=\"Tetakawi bildet mit seinen drei Schwestergesellschaften einen Verbund, den eine gemeinsame Mission, Vision und Wertevorstellung leitet. Erfahren Sie mehr \u00fcber unsere Schwestergesellschaften.\" \/>\n<meta property=\"og:url\" content=\"https:\/\/tetakawi.com\/de\/uber-uns\/unsere-schwestergesellschaften\/\" \/>\n<meta property=\"og:site_name\" content=\"Tetakawi\" \/>\n<meta property=\"article:modified_time\" content=\"2019-08-10T03:55:00+00:00\" \/>\n<meta property=\"og:image\" content=\"https:\/\/tetakawi.com\/wp-content\/uploads\/2019\/04\/ils-sister-company-tetakawi.png\" \/>\n<meta name=\"twitter:card\" content=\"summary_large_image\" \/>\n<meta name=\"twitter:label1\" content=\"Gesch\u00e4tzte Lesezeit\" \/>\n\t<meta name=\"twitter:data1\" content=\"1\u00a0Minute\" \/>\n<script type=\"application\/ld+json\" class=\"yoast-schema-graph\">{\"@context\":\"https:\/\/schema.org\",\"@graph\":[{\"@type\":\"WebPage\",\"@id\":\"https:\/\/tetakawi.com\/de\/uber-uns\/unsere-schwestergesellschaften\/\",\"url\":\"https:\/\/tetakawi.com\/de\/uber-uns\/unsere-schwestergesellschaften\/\",\"name\":\"Tetakawi (zuvor The Offshore Group) | Unsere Schwestergesellschaften\",\"isPartOf\":{\"@id\":\"https:\/\/tetakawi.com\/#website\"},\"datePublished\":\"2019-07-10T17:10:02+00:00\",\"dateModified\":\"2019-08-10T03:55:00+00:00\",\"description\":\"Tetakawi bildet mit seinen drei Schwestergesellschaften einen Verbund, den eine gemeinsame Mission, Vision und Wertevorstellung leitet. Erfahren Sie mehr \u00fcber unsere Schwestergesellschaften.\",\"breadcrumb\":{\"@id\":\"https:\/\/tetakawi.com\/de\/uber-uns\/unsere-schwestergesellschaften\/#breadcrumb\"},\"inLanguage\":\"de\",\"potentialAction\":[{\"@type\":\"ReadAction\",\"target\":[\"https:\/\/tetakawi.com\/de\/uber-uns\/unsere-schwestergesellschaften\/\"]}]},{\"@type\":\"BreadcrumbList\",\"@id\":\"https:\/\/tetakawi.com\/de\/uber-uns\/unsere-schwestergesellschaften\/#breadcrumb\",\"itemListElement\":[{\"@type\":\"ListItem\",\"position\":1,\"name\":\"Home\",\"item\":\"https:\/\/tetakawi.com\/de\/\"},{\"@type\":\"ListItem\",\"position\":2,\"name\":\"\u00dcber uns\",\"item\":\"https:\/\/tetakawi.com\/de\/uber-uns\/\"},{\"@type\":\"ListItem\",\"position\":3,\"name\":\"Unsere Schwestergesellschaften\"}]},{\"@type\":\"WebSite\",\"@id\":\"https:\/\/tetakawi.com\/#website\",\"url\":\"https:\/\/tetakawi.com\/\",\"name\":\"Tetakawi\",\"description\":\"\",\"publisher\":{\"@id\":\"https:\/\/tetakawi.com\/#organization\"},\"potentialAction\":[{\"@type\":\"SearchAction\",\"target\":{\"@type\":\"EntryPoint\",\"urlTemplate\":\"https:\/\/tetakawi.com\/?s={search_term_string}\"},\"query-input\":\"required name=search_term_string\"}],\"inLanguage\":\"de\"}]}<\/script>\n<!-- \/ Yoast SEO Premium plugin. -->","yoast_head_json":{"title":"Tetakawi (zuvor The Offshore Group) | Unsere Schwestergesellschaften","description":"Tetakawi bildet mit seinen drei Schwestergesellschaften einen Verbund, den eine gemeinsame Mission, Vision und Wertevorstellung leitet. Erfahren Sie mehr \u00fcber unsere Schwestergesellschaften.","robots":{"index":"index","follow":"follow","max-snippet":"max-snippet:-1","max-image-preview":"max-image-preview:large","max-video-preview":"max-video-preview:-1"},"canonical":"https:\/\/tetakawi.com\/de\/uber-uns\/unsere-schwestergesellschaften\/","og_locale":"de_DE","og_type":"article","og_title":"Unsere Schwestergesellschaften","og_description":"Tetakawi bildet mit seinen drei Schwestergesellschaften einen Verbund, den eine gemeinsame Mission, Vision und Wertevorstellung leitet. Erfahren Sie mehr \u00fcber unsere Schwestergesellschaften.","og_url":"https:\/\/tetakawi.com\/de\/uber-uns\/unsere-schwestergesellschaften\/","og_site_name":"Tetakawi","article_modified_time":"2019-08-10T03:55:00+00:00","og_image":[{"url":"https:\/\/tetakawi.com\/wp-content\/uploads\/2019\/04\/ils-sister-company-tetakawi.png"}],"twitter_card":"summary_large_image","twitter_misc":{"Gesch\u00e4tzte Lesezeit":"1\u00a0Minute"},"schema":{"@context":"https:\/\/schema.org","@graph":[{"@type":"WebPage","@id":"https:\/\/tetakawi.com\/de\/uber-uns\/unsere-schwestergesellschaften\/","url":"https:\/\/tetakawi.com\/de\/uber-uns\/unsere-schwestergesellschaften\/","name":"Tetakawi (zuvor The Offshore Group) | Unsere Schwestergesellschaften","isPartOf":{"@id":"https:\/\/tetakawi.com\/#website"},"datePublished":"2019-07-10T17:10:02+00:00","dateModified":"2019-08-10T03:55:00+00:00","description":"Tetakawi bildet mit seinen drei Schwestergesellschaften einen Verbund, den eine gemeinsame Mission, Vision und Wertevorstellung leitet. Erfahren Sie mehr \u00fcber unsere Schwestergesellschaften.","breadcrumb":{"@id":"https:\/\/tetakawi.com\/de\/uber-uns\/unsere-schwestergesellschaften\/#breadcrumb"},"inLanguage":"de","potentialAction":[{"@type":"ReadAction","target":["https:\/\/tetakawi.com\/de\/uber-uns\/unsere-schwestergesellschaften\/"]}]},{"@type":"BreadcrumbList","@id":"https:\/\/tetakawi.com\/de\/uber-uns\/unsere-schwestergesellschaften\/#breadcrumb","itemListElement":[{"@type":"ListItem","position":1,"name":"Home","item":"https:\/\/tetakawi.com\/de\/"},{"@type":"ListItem","position":2,"name":"\u00dcber uns","item":"https:\/\/tetakawi.com\/de\/uber-uns\/"},{"@type":"ListItem","position":3,"name":"Unsere Schwestergesellschaften"}]},{"@type":"WebSite","@id":"https:\/\/tetakawi.com\/#website","url":"https:\/\/tetakawi.com\/","name":"Tetakawi","description":"","publisher":{"@id":"https:\/\/tetakawi.com\/#organization"},"potentialAction":[{"@type":"SearchAction","target":{"@type":"EntryPoint","urlTemplate":"https:\/\/tetakawi.com\/?s={search_term_string}"},"query-input":"required name=search_term_string"}],"inLanguage":"de"}]}},"_links":{"self":[{"href":"https:\/\/tetakawi.com\/de\/wp-json\/wp\/v2\/pages\/22430"}],"collection":[{"href":"https:\/\/tetakawi.com\/de\/wp-json\/wp\/v2\/pages"}],"about":[{"href":"https:\/\/tetakawi.com\/de\/wp-json\/wp\/v2\/types\/page"}],"author":[{"embeddable":true,"href":"https:\/\/tetakawi.com\/de\/wp-json\/wp\/v2\/users\/1"}],"replies":[{"embeddable":true,"href":"https:\/\/tetakawi.com\/de\/wp-json\/wp\/v2\/comments?post=22430"}],"version-history":[{"count":5,"href":"https:\/\/tetakawi.com\/de\/wp-json\/wp\/v2\/pages\/22430\/revisions"}],"predecessor-version":[{"id":24967,"href":"https:\/\/tetakawi.com\/de\/wp-json\/wp\/v2\/pages\/22430\/revisions\/24967"}],"up":[{"embeddable":true,"href":"https:\/\/tetakawi.com\/de\/wp-json\/wp\/v2\/pages\/22996"}],"wp:attachment":[{"href":"https:\/\/tetakawi.com\/de\/wp-json\/wp\/v2\/media?parent=22430"}],"curies":[{"name":"wp","href":"https:\/\/api.w.org\/{rel}","templated":true}]}}