{"id":22404,"date":"2019-07-10T17:10:01","date_gmt":"2019-07-10T17:10:01","guid":{"rendered":"https:\/\/tetakawi.com\/finden-sie-den-passenden-standort\/niederlassungen-in-den-usa\/"},"modified":"2019-08-04T18:10:29","modified_gmt":"2019-08-04T18:10:29","slug":"niederlassungen-in-den-usa","status":"publish","type":"page","link":"https:\/\/tetakawi.com\/de\/finden-sie-den-passenden-standort\/niederlassungen-in-den-usa\/","title":{"rendered":"Niederlassungen in den USA"},"content":{"rendered":"<div class=\"vgblk-rw-wrapper limit-wrapper\">\n<h2>\n\tHauptsitz in&nbsp;  <b>Tucson, Arizona (USA)<\/b>\n\t<\/h2>\n\t<p>Neben Unternehmensleitung, Verwaltung, Einhaltung gesetzlicher Bestimmungen sowie Import- und Exportmanagement k\u00fcmmert sich unser Standort in Tucson um den Produkttransport von Mexiko in die USA.<\/p>\n<p>Die Cross Docking-Anlagen von Tetakawi in Tucson fungieren als Frachtkonsolidierungszentren, in denen Bestellungen vorab kontrolliert werden. Die Waren und Materialien werden f\u00fcr den Versand an Werke in Mexiko, an Orte in den USA oder andere Standorte in aller Welt vorbereitet.<\/p>\n\t\t\t\t<img loading=\"lazy\" src=\"https:\/\/tetakawi.com\/wp-content\/uploads\/2018\/11\/tucson-map1.jpg\" alt=\"tucson-arizona-locate\" itemprop=\"image\" height=\"347\" width=\"500\" title=\"tucson-map1\" onerror=\"this.style.display='none'\">\n\t\t\t\t<img loading=\"lazy\" src=\"https:\/\/tetakawi.com\/wp-content\/uploads\/2018\/11\/mission-map1.png\" alt=\"mission-texas-map\" itemprop=\"image\" height=\"581\" width=\"910\" title=\"mission-map1\" onerror=\"this.style.display='none'\">\n<h2>\n\tCross Docking-Standort in <strong>Pharr, Texas<\/strong>\n\t<\/h2>\n\t<p>Unser Standort in Texas k\u00fcmmert sich um den Transport von Materialien und Ausr\u00fcstung von und zu unseren Fertigungscommunitys sowie zu weiteren Servicestandorten in Mexiko.<\/p>\n<p>Pharr liegt f\u00fcnf Autostunden entfernt von Houston und siebeneinhalb Autostunden von Dallas. Von Pharr nach Atlanta (Georgia) sind es etwa 1.830 km, w\u00e4hrend Indianapolis (Indiana) ca. 2.220 km entfernt ist.<\/p>\n<h2>\n\t(USA) <strong>Cross Docking <\/strong>\n\t<\/h2>\n\t<p>Zusammen bieten unsere beiden Cross Docking-Standorte in Arizona und Texas fast 14.000 m\u00b2 an Infrastruktur. Neben dem Verladen von Ausr\u00fcstung und Managementaufgaben k\u00fcmmern sich hier Spezialisten um Lagerverwaltung gem\u00e4\u00df ISO 9001:2015.<\/p>\n\t<p>Unsere Cross Docking-Standorte gew\u00e4hrleisten eine 100%ige Einhaltung gesetzlicher Bestimmungen, den vorsichtigen Umgang mit Kundenwaren, R\u00fcckverfolgbarkeit, geringere Wartezeiten an der Grenze und Zugang zu kosteng\u00fcnstigen Frachtoptionen. Au\u00dferdem stellen die Mitarbeiter von Tetakawi den umsichtigen Umgang mit Produkten von der Fertigungslinie bis zum Kunden sicher.<\/p>\n<\/div><!-- .vgblk-rw-wrapper -->","protected":false},"excerpt":{"rendered":"<p>Hauptsitz in&nbsp; Tucson, Arizona (USA) Neben Unternehmensleitung, Verwaltung, Einhaltung gesetzlicher Bestimmungen sowie Import- und Exportmanagement k\u00fcmmert sich unser Standort in Tucson um den Produkttransport von Mexiko in die USA. Die Cross Docking-Anlagen von Tetakawi in Tucson fungieren als Frachtkonsolidierungszentren, in denen Bestellungen vorab kontrolliert werden. Die Waren und Materialien werden f\u00fcr den Versand an Werke&#8230;<\/p>\n","protected":false},"author":1,"featured_media":0,"parent":22369,"menu_order":0,"comment_status":"closed","ping_status":"closed","template":"","meta":{"content-type":"","_monsterinsights_skip_tracking":false,"_monsterinsights_sitenote_active":false,"_monsterinsights_sitenote_note":"","_monsterinsights_sitenote_category":0},"yoast_head":"<!-- This site is optimized with the Yoast SEO Premium plugin v20.6 (Yoast SEO v20.6) - https:\/\/yoast.com\/wordpress\/plugins\/seo\/ -->\n<title>Tetakawi | Niederlassungen und Cross Docking-Standorte in den USA<\/title>\n<meta name=\"description\" content=\"Tetakawi unterh\u00e4lt Cross Docking-Standorte in den USA mit Abwicklungs- und Lagermanagement gem\u00e4\u00df ISO 9001:2015.\" \/>\n<meta name=\"robots\" content=\"index, follow, max-snippet:-1, max-image-preview:large, max-video-preview:-1\" \/>\n<link rel=\"canonical\" href=\"https:\/\/tetakawi.com\/de\/finden-sie-den-passenden-standort\/niederlassungen-in-den-usa\/\" \/>\n<meta property=\"og:locale\" content=\"de_DE\" \/>\n<meta property=\"og:type\" content=\"article\" \/>\n<meta property=\"og:title\" content=\"Niederlassungen in den USA\" \/>\n<meta property=\"og:description\" content=\"Tetakawi unterh\u00e4lt Cross Docking-Standorte in den USA mit Abwicklungs- und Lagermanagement gem\u00e4\u00df ISO 9001:2015.\" \/>\n<meta property=\"og:url\" content=\"https:\/\/tetakawi.com\/de\/finden-sie-den-passenden-standort\/niederlassungen-in-den-usa\/\" \/>\n<meta property=\"og:site_name\" content=\"Tetakawi\" \/>\n<meta property=\"article:modified_time\" content=\"2019-08-04T18:10:29+00:00\" \/>\n<meta property=\"og:image\" content=\"https:\/\/tetakawi.com\/wp-content\/uploads\/2018\/11\/tucson-map1.jpg\" \/>\n<meta name=\"twitter:card\" content=\"summary_large_image\" \/>\n<meta name=\"twitter:label1\" content=\"Gesch\u00e4tzte Lesezeit\" \/>\n\t<meta name=\"twitter:data1\" content=\"1\u00a0Minute\" \/>\n<script type=\"application\/ld+json\" class=\"yoast-schema-graph\">{\"@context\":\"https:\/\/schema.org\",\"@graph\":[{\"@type\":\"WebPage\",\"@id\":\"https:\/\/tetakawi.com\/de\/finden-sie-den-passenden-standort\/niederlassungen-in-den-usa\/\",\"url\":\"https:\/\/tetakawi.com\/de\/finden-sie-den-passenden-standort\/niederlassungen-in-den-usa\/\",\"name\":\"Tetakawi | Niederlassungen und Cross Docking-Standorte in den USA\",\"isPartOf\":{\"@id\":\"https:\/\/tetakawi.com\/#website\"},\"datePublished\":\"2019-07-10T17:10:01+00:00\",\"dateModified\":\"2019-08-04T18:10:29+00:00\",\"description\":\"Tetakawi unterh\u00e4lt Cross Docking-Standorte in den USA mit Abwicklungs- und Lagermanagement gem\u00e4\u00df ISO 9001:2015.\",\"breadcrumb\":{\"@id\":\"https:\/\/tetakawi.com\/de\/finden-sie-den-passenden-standort\/niederlassungen-in-den-usa\/#breadcrumb\"},\"inLanguage\":\"de\",\"potentialAction\":[{\"@type\":\"ReadAction\",\"target\":[\"https:\/\/tetakawi.com\/de\/finden-sie-den-passenden-standort\/niederlassungen-in-den-usa\/\"]}]},{\"@type\":\"BreadcrumbList\",\"@id\":\"https:\/\/tetakawi.com\/de\/finden-sie-den-passenden-standort\/niederlassungen-in-den-usa\/#breadcrumb\",\"itemListElement\":[{\"@type\":\"ListItem\",\"position\":1,\"name\":\"Home\",\"item\":\"https:\/\/tetakawi.com\/de\/\"},{\"@type\":\"ListItem\",\"position\":2,\"name\":\"Finden Sie den passenden Standort.\",\"item\":\"https:\/\/tetakawi.com\/de\/finden-sie-den-passenden-standort\/\"},{\"@type\":\"ListItem\",\"position\":3,\"name\":\"Niederlassungen in den USA\"}]},{\"@type\":\"WebSite\",\"@id\":\"https:\/\/tetakawi.com\/#website\",\"url\":\"https:\/\/tetakawi.com\/\",\"name\":\"Tetakawi\",\"description\":\"\",\"publisher\":{\"@id\":\"https:\/\/tetakawi.com\/#organization\"},\"potentialAction\":[{\"@type\":\"SearchAction\",\"target\":{\"@type\":\"EntryPoint\",\"urlTemplate\":\"https:\/\/tetakawi.com\/?s={search_term_string}\"},\"query-input\":\"required name=search_term_string\"}],\"inLanguage\":\"de\"}]}<\/script>\n<!-- \/ Yoast SEO Premium plugin. -->","yoast_head_json":{"title":"Tetakawi | Niederlassungen und Cross Docking-Standorte in den USA","description":"Tetakawi unterh\u00e4lt Cross Docking-Standorte in den USA mit Abwicklungs- und Lagermanagement gem\u00e4\u00df ISO 9001:2015.","robots":{"index":"index","follow":"follow","max-snippet":"max-snippet:-1","max-image-preview":"max-image-preview:large","max-video-preview":"max-video-preview:-1"},"canonical":"https:\/\/tetakawi.com\/de\/finden-sie-den-passenden-standort\/niederlassungen-in-den-usa\/","og_locale":"de_DE","og_type":"article","og_title":"Niederlassungen in den USA","og_description":"Tetakawi unterh\u00e4lt Cross Docking-Standorte in den USA mit Abwicklungs- und Lagermanagement gem\u00e4\u00df ISO 9001:2015.","og_url":"https:\/\/tetakawi.com\/de\/finden-sie-den-passenden-standort\/niederlassungen-in-den-usa\/","og_site_name":"Tetakawi","article_modified_time":"2019-08-04T18:10:29+00:00","og_image":[{"url":"https:\/\/tetakawi.com\/wp-content\/uploads\/2018\/11\/tucson-map1.jpg"}],"twitter_card":"summary_large_image","twitter_misc":{"Gesch\u00e4tzte Lesezeit":"1\u00a0Minute"},"schema":{"@context":"https:\/\/schema.org","@graph":[{"@type":"WebPage","@id":"https:\/\/tetakawi.com\/de\/finden-sie-den-passenden-standort\/niederlassungen-in-den-usa\/","url":"https:\/\/tetakawi.com\/de\/finden-sie-den-passenden-standort\/niederlassungen-in-den-usa\/","name":"Tetakawi | Niederlassungen und Cross Docking-Standorte in den USA","isPartOf":{"@id":"https:\/\/tetakawi.com\/#website"},"datePublished":"2019-07-10T17:10:01+00:00","dateModified":"2019-08-04T18:10:29+00:00","description":"Tetakawi unterh\u00e4lt Cross Docking-Standorte in den USA mit Abwicklungs- und Lagermanagement gem\u00e4\u00df ISO 9001:2015.","breadcrumb":{"@id":"https:\/\/tetakawi.com\/de\/finden-sie-den-passenden-standort\/niederlassungen-in-den-usa\/#breadcrumb"},"inLanguage":"de","potentialAction":[{"@type":"ReadAction","target":["https:\/\/tetakawi.com\/de\/finden-sie-den-passenden-standort\/niederlassungen-in-den-usa\/"]}]},{"@type":"BreadcrumbList","@id":"https:\/\/tetakawi.com\/de\/finden-sie-den-passenden-standort\/niederlassungen-in-den-usa\/#breadcrumb","itemListElement":[{"@type":"ListItem","position":1,"name":"Home","item":"https:\/\/tetakawi.com\/de\/"},{"@type":"ListItem","position":2,"name":"Finden Sie den passenden Standort.","item":"https:\/\/tetakawi.com\/de\/finden-sie-den-passenden-standort\/"},{"@type":"ListItem","position":3,"name":"Niederlassungen in den USA"}]},{"@type":"WebSite","@id":"https:\/\/tetakawi.com\/#website","url":"https:\/\/tetakawi.com\/","name":"Tetakawi","description":"","publisher":{"@id":"https:\/\/tetakawi.com\/#organization"},"potentialAction":[{"@type":"SearchAction","target":{"@type":"EntryPoint","urlTemplate":"https:\/\/tetakawi.com\/?s={search_term_string}"},"query-input":"required name=search_term_string"}],"inLanguage":"de"}]}},"_links":{"self":[{"href":"https:\/\/tetakawi.com\/de\/wp-json\/wp\/v2\/pages\/22404"}],"collection":[{"href":"https:\/\/tetakawi.com\/de\/wp-json\/wp\/v2\/pages"}],"about":[{"href":"https:\/\/tetakawi.com\/de\/wp-json\/wp\/v2\/types\/page"}],"author":[{"embeddable":true,"href":"https:\/\/tetakawi.com\/de\/wp-json\/wp\/v2\/users\/1"}],"replies":[{"embeddable":true,"href":"https:\/\/tetakawi.com\/de\/wp-json\/wp\/v2\/comments?post=22404"}],"version-history":[{"count":4,"href":"https:\/\/tetakawi.com\/de\/wp-json\/wp\/v2\/pages\/22404\/revisions"}],"predecessor-version":[{"id":24598,"href":"https:\/\/tetakawi.com\/de\/wp-json\/wp\/v2\/pages\/22404\/revisions\/24598"}],"up":[{"embeddable":true,"href":"https:\/\/tetakawi.com\/de\/wp-json\/wp\/v2\/pages\/22369"}],"wp:attachment":[{"href":"https:\/\/tetakawi.com\/de\/wp-json\/wp\/v2\/media?parent=22404"}],"curies":[{"name":"wp","href":"https:\/\/api.w.org\/{rel}","templated":true}]}}