{"id":22389,"date":"2019-07-10T17:10:00","date_gmt":"2019-07-10T17:10:00","guid":{"rendered":"https:\/\/tetakawi.com\/neuigkeiten-insights-und-best-practices-fur-die-fertigung-in-mexiko\/"},"modified":"2020-02-08T22:14:37","modified_gmt":"2020-02-08T22:14:37","slug":"ressourcen","status":"publish","type":"page","link":"https:\/\/tetakawi.com\/de\/ressourcen\/","title":{"rendered":"Ressourcen"},"content":{"rendered":"<div class=\"vgblk-rw-wrapper limit-wrapper\"><h1>\n\tNews, Insights and Best Practices<br>for Manufacturing in Mexico\n\t<\/h1>\n\t<style>.page-header-line {\n    display: block;\n    width: 60px;\n    height: 1px;\n    background: var(--vamtam-accent-color-4);\n    margin-top: 5px;\n    margin-bottom: 5px;\n    opacity: .7;\n}<\/style>\n\t<p>Informationen zur Fertigung in Mexiko<\/p>\n\t<select id=\"myselect\">\n  <option value=\"allresources\">Alle Ressourcen<\/option>\n  <option value=\"recentposts\">Beitr\u00e4ge<\/option>  \n  <option value=\"infographics\">Infografiken<\/option>\n  <option value=\"ebooks\">E-Books<\/option>\n  <option value=\"labormarketreports\">Arbeitsmarktberichte<\/option>\n  <option value=\"payrollcostcalculator\">Lohnkostenrechner<\/option>\n  <option value=\"faqs\">H\u00e4ufig gestellte Fragen<\/option>\n<\/select>\n<h2>\n\tRecent Posts\n\t<\/h2>\n\t\t\t\t\t\t\t\t\t\t<img loading=\"lazy\" src=\"https:\/\/tetakawi.com\/wp-content\/uploads\/2019\/04\/aerial-empalme2.jpg\" alt=\"Bella Vista: Industrial Park in Empalme, Sonora, Mexico\" itemprop=\"image\" height=\"3358\" width=\"5027\" onerror=\"this.style.display='none'\"  sizes=\"(max-width: 768px) 100vw, 100vw\" srcset=\"data:image\/svg+xml;utf8,&lt;svg%20xmlns=&quot;http:\/\/www.w3.org\/2000\/svg&quot;%20viewBox=&quot;0%200%205027%203358&quot;%20height=&quot;3358px&quot;%20width=&quot;5027px&quot;\/&gt;\" data-srcset=\"https:\/\/tetakawi.com\/wp-content\/uploads\/2019\/04\/aerial-empalme2.jpg 5027w, https:\/\/tetakawi.com\/wp-content\/uploads\/2019\/04\/aerial-empalme2-300x200.jpg 300w, https:\/\/tetakawi.com\/wp-content\/uploads\/2019\/04\/aerial-empalme2-768x513.jpg 768w, https:\/\/tetakawi.com\/wp-content\/uploads\/2019\/04\/aerial-empalme2-1024x684.jpg 1024w, https:\/\/tetakawi.com\/wp-content\/uploads\/2019\/04\/aerial-empalme2-1260x842.jpg 1260w, https:\/\/tetakawi.com\/wp-content\/uploads\/2019\/04\/aerial-empalme2-630x421.jpg 630w, https:\/\/tetakawi.com\/wp-content\/uploads\/2019\/04\/aerial-empalme2-420x281.jpg 420w, https:\/\/tetakawi.com\/wp-content\/uploads\/2019\/04\/aerial-empalme2-840x561.jpg 840w, https:\/\/tetakawi.com\/wp-content\/uploads\/2019\/04\/aerial-empalme2-315x210.jpg 315w\" \/>\t\t\t\t\t\t\t\n\t<h4><a href=\"https:\/\/insights.tetakawi.com\/the-offshore-group-is-now-tetakawi\">The Offshore Group gibt die UMBENENNUNG in Tetakawi bekannt<\/a><\/h4>\n\t\t\t\t\t\t\t\t\t\t<img loading=\"lazy\" src=\"https:\/\/tetakawi.com\/wp-content\/uploads\/2019\/04\/mexico-culture-small.jpg\" alt=\"Mexico Manufacturing Flag\" itemprop=\"image\" height=\"668\" width=\"1000\" title=\"mexico-culture-small\" onerror=\"this.style.display='none'\"  sizes=\"(max-width: 768px) 100vw, 100vw\" srcset=\"data:image\/svg+xml;utf8,&lt;svg%20xmlns=&quot;http:\/\/www.w3.org\/2000\/svg&quot;%20viewBox=&quot;0%200%201000%20668&quot;%20height=&quot;668px&quot;%20width=&quot;1000px&quot;\/&gt;\" data-srcset=\"https:\/\/tetakawi.com\/wp-content\/uploads\/2019\/04\/mexico-culture-small.jpg 1000w, https:\/\/tetakawi.com\/wp-content\/uploads\/2019\/04\/mexico-culture-small-300x200.jpg 300w, https:\/\/tetakawi.com\/wp-content\/uploads\/2019\/04\/mexico-culture-small-768x513.jpg 768w, https:\/\/tetakawi.com\/wp-content\/uploads\/2019\/04\/mexico-culture-small-630x421.jpg 630w, https:\/\/tetakawi.com\/wp-content\/uploads\/2019\/04\/mexico-culture-small-420x281.jpg 420w, https:\/\/tetakawi.com\/wp-content\/uploads\/2019\/04\/mexico-culture-small-840x561.jpg 840w, https:\/\/tetakawi.com\/wp-content\/uploads\/2019\/04\/mexico-culture-small-315x210.jpg 315w\" \/>\t\t\t\t\t\t\t\n\t<h4><a href=\"https:\/\/insights.tetakawi.com\/the-interior-of-mexico-versus-the-border-of-mexico-for-businesses\">Vorteile, Kultur und Arbeitsmarkt der zentralen und Grenzregionen Mexikos<\/a><\/h4>\n\t\t\t\t\t\t\t\t\t\t<img loading=\"lazy\" src=\"https:\/\/tetakawi.com\/wp-content\/uploads\/2019\/04\/What-are-Mexican-Maquiladoras-small.jpg\" alt=\"Maquiladora in Mexico\" itemprop=\"image\" height=\"669\" width=\"1000\" title=\"Was sind die mexikanischen Maquiladoras, klein\" onerror=\"this.style.display='none'\"  sizes=\"(max-width: 768px) 100vw, 100vw\" srcset=\"data:image\/svg+xml;utf8,&lt;svg%20xmlns=&quot;http:\/\/www.w3.org\/2000\/svg&quot;%20viewBox=&quot;0%200%201000%20669&quot;%20height=&quot;669px&quot;%20width=&quot;1000px&quot;\/&gt;\" data-srcset=\"https:\/\/tetakawi.com\/wp-content\/uploads\/2019\/04\/What-are-Mexican-Maquiladoras-small.jpg 1000w, https:\/\/tetakawi.com\/wp-content\/uploads\/2019\/04\/What-are-Mexican-Maquiladoras-small-300x201.jpg 300w, https:\/\/tetakawi.com\/wp-content\/uploads\/2019\/04\/What-are-Mexican-Maquiladoras-small-768x514.jpg 768w, https:\/\/tetakawi.com\/wp-content\/uploads\/2019\/04\/What-are-Mexican-Maquiladoras-small-630x421.jpg 630w, https:\/\/tetakawi.com\/wp-content\/uploads\/2019\/04\/What-are-Mexican-Maquiladoras-small-420x281.jpg 420w, https:\/\/tetakawi.com\/wp-content\/uploads\/2019\/04\/What-are-Mexican-Maquiladoras-small-840x562.jpg 840w, https:\/\/tetakawi.com\/wp-content\/uploads\/2019\/04\/What-are-Mexican-Maquiladoras-small-315x211.jpg 315w\" \/>\t\t\t\t\t\t\t\n\t<h4><a href=\"https:\/\/insights.tetakawi.com\/what-are-mexican-maquiladoras\">Was sind die mexikanischen Maquiladoras?<\/a><\/h4>\n\t<a href=\"https:\/\/insights.tetakawi.com\/\" target=\"_self\" role=\"button\" rel=\"noopener noreferrer\">\n\t\t\t\t\tView all Posts\n\t<\/a>\n<h2>\n\tInfographics\n\t<\/h2>\n\t\t\t\t\t\t\t\t\t\t<img loading=\"lazy\" src=\"https:\/\/tetakawi.com\/wp-content\/uploads\/2019\/04\/mexicovschina-infographics-tetakawi-cover.jpg\" alt=\"Fertigung in Mexiko und in China im Vergleich\" itemprop=\"image\" height=\"300\" width=\"500\" title=\"mexicovschina-infographics-tetakawi-cover\" onerror=\"this.style.display='none'\"  sizes=\"(max-width: 768px) 100vw, 100vw\" srcset=\"data:image\/svg+xml;utf8,&lt;svg%20xmlns=&quot;http:\/\/www.w3.org\/2000\/svg&quot;%20viewBox=&quot;0%200%20500%20300&quot;%20height=&quot;300px&quot;%20width=&quot;500px&quot;\/&gt;\" data-srcset=\"https:\/\/tetakawi.com\/wp-content\/uploads\/2019\/04\/mexicovschina-infographics-tetakawi-cover.jpg 500w, https:\/\/tetakawi.com\/wp-content\/uploads\/2019\/04\/mexicovschina-infographics-tetakawi-cover-300x180.jpg 300w, https:\/\/tetakawi.com\/wp-content\/uploads\/2019\/04\/mexicovschina-infographics-tetakawi-cover-420x252.jpg 420w, https:\/\/tetakawi.com\/wp-content\/uploads\/2019\/04\/mexicovschina-infographics-tetakawi-cover-315x189.jpg 315w\" \/>\t\t\t\t\t\t\t\n\t<h4><a href=\"https:\/\/go.tetakawi.com\/hubfs\/Tetakawi-Infographics\/Tetakawi:%20Mexico%20vs%20China%20Manufacturing.pdf\">Fertigung in Mexiko und in China im Vergleich<\/a><\/h4>\n\t\t\t\t\t\t\t\t\t\t<img loading=\"lazy\" src=\"https:\/\/tetakawi.com\/wp-content\/uploads\/2019\/04\/ways-infographics-tetakawi-cover.jpg\" alt=\"M\u00f6glichkeiten zur Fertigung in Mexiko\" itemprop=\"image\" height=\"300\" width=\"500\" title=\"ways-infographics-tetakawi-cover\" onerror=\"this.style.display='none'\"  sizes=\"(max-width: 768px) 100vw, 100vw\" srcset=\"data:image\/svg+xml;utf8,&lt;svg%20xmlns=&quot;http:\/\/www.w3.org\/2000\/svg&quot;%20viewBox=&quot;0%200%20500%20300&quot;%20height=&quot;300px&quot;%20width=&quot;500px&quot;\/&gt;\" data-srcset=\"https:\/\/tetakawi.com\/wp-content\/uploads\/2019\/04\/ways-infographics-tetakawi-cover.jpg 500w, https:\/\/tetakawi.com\/wp-content\/uploads\/2019\/04\/ways-infographics-tetakawi-cover-300x180.jpg 300w, https:\/\/tetakawi.com\/wp-content\/uploads\/2019\/04\/ways-infographics-tetakawi-cover-420x252.jpg 420w, https:\/\/tetakawi.com\/wp-content\/uploads\/2019\/04\/ways-infographics-tetakawi-cover-315x189.jpg 315w\" \/>\t\t\t\t\t\t\t\n\t<h4><a href=\"https:\/\/go.tetakawi.com\/hubfs\/Tetakawi-Infographics\/Tetakawi:%20How%20to%20Manufacture%20in%20Mexico.pdf\">M\u00f6glichkeiten zur Fertigung in Mexiko<\/a><\/h4>\n\t\t\t\t\t\t\t\t\t\t<img loading=\"lazy\" src=\"https:\/\/tetakawi.com\/wp-content\/uploads\/2019\/04\/nearshore-infographics-tetakawi-cover.jpg\" alt=\"K\u00fcstennahe Fertigung in Mexiko\" itemprop=\"image\" height=\"300\" width=\"500\" title=\"nearshore-infographics-tetakawi-cover\" onerror=\"this.style.display='none'\"  sizes=\"(max-width: 768px) 100vw, 100vw\" srcset=\"data:image\/svg+xml;utf8,&lt;svg%20xmlns=&quot;http:\/\/www.w3.org\/2000\/svg&quot;%20viewBox=&quot;0%200%20500%20300&quot;%20height=&quot;300px&quot;%20width=&quot;500px&quot;\/&gt;\" data-srcset=\"https:\/\/tetakawi.com\/wp-content\/uploads\/2019\/04\/nearshore-infographics-tetakawi-cover.jpg 500w, https:\/\/tetakawi.com\/wp-content\/uploads\/2019\/04\/nearshore-infographics-tetakawi-cover-300x180.jpg 300w, https:\/\/tetakawi.com\/wp-content\/uploads\/2019\/04\/nearshore-infographics-tetakawi-cover-420x252.jpg 420w, https:\/\/tetakawi.com\/wp-content\/uploads\/2019\/04\/nearshore-infographics-tetakawi-cover-315x189.jpg 315w\" \/>\t\t\t\t\t\t\t\n\t<h4><a href=\"https:\/\/go.tetakawi.com\/hubfs\/Tetakawi-Infographics\/Tetakawi:%20Manufacturing%20in%20Saltillo.pdf\">Vorteile der k\u00fcstennahen Fertigung in Saltillo, Coahuila<\/a><\/h4>\n\t<a href=\"\/resources\/infographics\/\" target=\"_self\" role=\"button\" rel=\"noopener noreferrer\">\n\t\t\t\t\tView all Infographics\n\t<\/a>\n<h2>\n\tEbooks\n\t<\/h2>\n\t\t\t\t\t\t\t\t\t\t<img loading=\"lazy\" src=\"https:\/\/tetakawi.com\/wp-content\/uploads\/2019\/04\/saltillo-ebook-tetakawi-cover.jpg\" alt=\"saltillo-ebook-tetakawi-cover\" itemprop=\"image\" height=\"300\" width=\"500\" title=\"saltillo-ebook-tetakawi-cover\" onerror=\"this.style.display='none'\"  sizes=\"(max-width: 768px) 100vw, 100vw\" srcset=\"data:image\/svg+xml;utf8,&lt;svg%20xmlns=&quot;http:\/\/www.w3.org\/2000\/svg&quot;%20viewBox=&quot;0%200%20500%20300&quot;%20height=&quot;300px&quot;%20width=&quot;500px&quot;\/&gt;\" data-srcset=\"https:\/\/tetakawi.com\/wp-content\/uploads\/2019\/04\/saltillo-ebook-tetakawi-cover.jpg 500w, https:\/\/tetakawi.com\/wp-content\/uploads\/2019\/04\/saltillo-ebook-tetakawi-cover-300x180.jpg 300w, https:\/\/tetakawi.com\/wp-content\/uploads\/2019\/04\/saltillo-ebook-tetakawi-cover-420x252.jpg 420w, https:\/\/tetakawi.com\/wp-content\/uploads\/2019\/04\/saltillo-ebook-tetakawi-cover-315x189.jpg 315w\" \/>\t\t\t\t\t\t\t\n\t<h4><a href=\"https:\/\/go.tetakawi.com\/ebook\/manufacturing-saltillo-coahuila-mexico\">Vorteile der Fertigung in Saltillo, Coahuila<\/a><\/h4>\n\t\t\t\t\t\t\t\t\t\t<img loading=\"lazy\" src=\"https:\/\/tetakawi.com\/wp-content\/uploads\/2019\/04\/questions-to-ask-tetakawi-cover11.jpg\" alt=\"questions-to-ask-tetakawi-cover11\" itemprop=\"image\" height=\"300\" width=\"500\" title=\"questions-to-ask-tetakawi-cover11\" onerror=\"this.style.display='none'\"  sizes=\"(max-width: 768px) 100vw, 100vw\" srcset=\"data:image\/svg+xml;utf8,&lt;svg%20xmlns=&quot;http:\/\/www.w3.org\/2000\/svg&quot;%20viewBox=&quot;0%200%20500%20300&quot;%20height=&quot;300px&quot;%20width=&quot;500px&quot;\/&gt;\" data-srcset=\"https:\/\/tetakawi.com\/wp-content\/uploads\/2019\/04\/questions-to-ask-tetakawi-cover11.jpg 500w, https:\/\/tetakawi.com\/wp-content\/uploads\/2019\/04\/questions-to-ask-tetakawi-cover11-300x180.jpg 300w, https:\/\/tetakawi.com\/wp-content\/uploads\/2019\/04\/questions-to-ask-tetakawi-cover11-420x252.jpg 420w, https:\/\/tetakawi.com\/wp-content\/uploads\/2019\/04\/questions-to-ask-tetakawi-cover11-315x189.jpg 315w\" \/>\t\t\t\t\t\t\t\n\t<h4><a href=\"https:\/\/go.tetakawi.com\/ebook\/questions-manufacturing-in-mexico\">Wichtige Fragen vor der Er\u00f6ffnung Ihres Fertigungsbetriebs in Mexiko<\/a><\/h4>\n\t\t\t\t\t\t\t\t\t\t<img loading=\"lazy\" src=\"https:\/\/tetakawi.com\/wp-content\/uploads\/2019\/04\/due-diligence-ebook-cover.jpg\" alt=\"due-diligence-ebook-cover\" itemprop=\"image\" height=\"300\" width=\"500\" title=\"due-diligence-ebook-cover\" onerror=\"this.style.display='none'\"  sizes=\"(max-width: 768px) 100vw, 100vw\" srcset=\"data:image\/svg+xml;utf8,&lt;svg%20xmlns=&quot;http:\/\/www.w3.org\/2000\/svg&quot;%20viewBox=&quot;0%200%20500%20300&quot;%20height=&quot;300px&quot;%20width=&quot;500px&quot;\/&gt;\" data-srcset=\"https:\/\/tetakawi.com\/wp-content\/uploads\/2019\/04\/due-diligence-ebook-cover.jpg 500w, https:\/\/tetakawi.com\/wp-content\/uploads\/2019\/04\/due-diligence-ebook-cover-300x180.jpg 300w, https:\/\/tetakawi.com\/wp-content\/uploads\/2019\/04\/due-diligence-ebook-cover-420x252.jpg 420w, https:\/\/tetakawi.com\/wp-content\/uploads\/2019\/04\/due-diligence-ebook-cover-315x189.jpg 315w\" \/>\t\t\t\t\t\t\t\n\t<h4><a href=\"https:\/\/go.tetakawi.com\/ebook\/due-diligence-for-manufacturing-in-mexico\">Wichtige Erw\u00e4gungen vor der Er\u00f6ffnung eines Fertigungsbetriebs in Mexiko<\/a><\/h4>\n\t<a href=\"\/de\/ressourcen\/e-books\/\" target=\"_self\" role=\"button\" rel=\"noopener noreferrer\">\n\t\t\t\t\tView all Ebooks\n\t<\/a>\n<h2>\n\tLabor Market Reports\n\t<\/h2>\n\t\t\t\t\t\t\t\t\t\t<img loading=\"lazy\" src=\"https:\/\/tetakawi.com\/wp-content\/uploads\/2019\/04\/saltillo-pipoint.jpg\" alt=\"saltillo-mexico-pipoint\" itemprop=\"image\" height=\"668\" width=\"1000\" title=\"saltillo-pipoint\" onerror=\"this.style.display='none'\"  sizes=\"(max-width: 768px) 100vw, 100vw\" srcset=\"data:image\/svg+xml;utf8,&lt;svg%20xmlns=&quot;http:\/\/www.w3.org\/2000\/svg&quot;%20viewBox=&quot;0%200%201000%20668&quot;%20height=&quot;668px&quot;%20width=&quot;1000px&quot;\/&gt;\" data-srcset=\"https:\/\/tetakawi.com\/wp-content\/uploads\/2019\/04\/saltillo-pipoint.jpg 1000w, https:\/\/tetakawi.com\/wp-content\/uploads\/2019\/04\/saltillo-pipoint-300x200.jpg 300w, https:\/\/tetakawi.com\/wp-content\/uploads\/2019\/04\/saltillo-pipoint-768x513.jpg 768w, https:\/\/tetakawi.com\/wp-content\/uploads\/2019\/04\/saltillo-pipoint-630x421.jpg 630w, https:\/\/tetakawi.com\/wp-content\/uploads\/2019\/04\/saltillo-pipoint-420x281.jpg 420w, https:\/\/tetakawi.com\/wp-content\/uploads\/2019\/04\/saltillo-pipoint-840x561.jpg 840w, https:\/\/tetakawi.com\/wp-content\/uploads\/2019\/04\/saltillo-pipoint-315x210.jpg 315w\" \/>\t\t\t\t\t\t\t\n\t<h4>Arbeitsmarktbericht Saltillo<\/h4>\n\t\t\t\t\t\t\t\t\t\t<img loading=\"lazy\" src=\"https:\/\/tetakawi.com\/wp-content\/uploads\/2019\/04\/queretaro-LM.jpg\" alt=\"queretaro-manufacturing\" itemprop=\"image\" height=\"667\" width=\"1000\" title=\"queretaro-LM\" onerror=\"this.style.display='none'\"  sizes=\"(max-width: 768px) 100vw, 100vw\" srcset=\"data:image\/svg+xml;utf8,&lt;svg%20xmlns=&quot;http:\/\/www.w3.org\/2000\/svg&quot;%20viewBox=&quot;0%200%201000%20667&quot;%20height=&quot;667px&quot;%20width=&quot;1000px&quot;\/&gt;\" data-srcset=\"https:\/\/tetakawi.com\/wp-content\/uploads\/2019\/04\/queretaro-LM.jpg 1000w, https:\/\/tetakawi.com\/wp-content\/uploads\/2019\/04\/queretaro-LM-300x200.jpg 300w, https:\/\/tetakawi.com\/wp-content\/uploads\/2019\/04\/queretaro-LM-768x512.jpg 768w, https:\/\/tetakawi.com\/wp-content\/uploads\/2019\/04\/queretaro-LM-630x420.jpg 630w, https:\/\/tetakawi.com\/wp-content\/uploads\/2019\/04\/queretaro-LM-420x280.jpg 420w, https:\/\/tetakawi.com\/wp-content\/uploads\/2019\/04\/queretaro-LM-840x560.jpg 840w, https:\/\/tetakawi.com\/wp-content\/uploads\/2019\/04\/queretaro-LM-315x210.jpg 315w\" \/>\t\t\t\t\t\t\t\n\t<h4><a href=\"https:\/\/go.tetakawi.com\/labor-market-report\/queretaro\">Arbeitsmarktbericht Quer\u00e9taro<\/a><\/h4>\n\t\t\t\t\t\t\t\t\t\t<img loading=\"lazy\" src=\"https:\/\/tetakawi.com\/wp-content\/uploads\/2019\/04\/hermosillo-pinpoint.jpg\" alt=\"hermosillo-mexico-pinpoint\" itemprop=\"image\" height=\"668\" width=\"1000\" title=\"hermosillo-pinpoint\" onerror=\"this.style.display='none'\"  sizes=\"(max-width: 768px) 100vw, 100vw\" srcset=\"data:image\/svg+xml;utf8,&lt;svg%20xmlns=&quot;http:\/\/www.w3.org\/2000\/svg&quot;%20viewBox=&quot;0%200%201000%20668&quot;%20height=&quot;668px&quot;%20width=&quot;1000px&quot;\/&gt;\" data-srcset=\"https:\/\/tetakawi.com\/wp-content\/uploads\/2019\/04\/hermosillo-pinpoint.jpg 1000w, https:\/\/tetakawi.com\/wp-content\/uploads\/2019\/04\/hermosillo-pinpoint-300x200.jpg 300w, https:\/\/tetakawi.com\/wp-content\/uploads\/2019\/04\/hermosillo-pinpoint-768x513.jpg 768w, https:\/\/tetakawi.com\/wp-content\/uploads\/2019\/04\/hermosillo-pinpoint-630x421.jpg 630w, https:\/\/tetakawi.com\/wp-content\/uploads\/2019\/04\/hermosillo-pinpoint-420x281.jpg 420w, https:\/\/tetakawi.com\/wp-content\/uploads\/2019\/04\/hermosillo-pinpoint-840x561.jpg 840w, https:\/\/tetakawi.com\/wp-content\/uploads\/2019\/04\/hermosillo-pinpoint-315x210.jpg 315w\" \/>\t\t\t\t\t\t\t\n\t<h4>Arbeitsmarktbericht Hermosillo<\/h4>\n\t<a href=\"\/de\/ressourcen\/arbeitsmarktberichte\/\" target=\"_self\" role=\"button\" rel=\"noopener noreferrer\">\n\t\t\t\t\tView all Labor Reports\n\t<\/a>\n<h2>\n\tPayroll Cost Calculator\n\t<\/h2>\n\t<strong>Berechnung der Arbeitskosten f\u00fcr die Fertigung in Mexiko<\/strong><br \/>\nMit unserem Lohnkostenrechner erhalten Sie unmittelbar ausf\u00fchrliche Daten zur den Arbeitskosten f\u00fcr Fertigungsbetriebe in Mexiko.\n\t<a href=\"\/de\/ressourcen\/rechner\/lohnkosten-mexiko\/\" target=\"_self\" role=\"button\" rel=\"noopener noreferrer\">\n\t\t\t\t\tCalculate Your Costs Now!\n\t<\/a>\n\t\t\t\t\t\t\t\t\t\t<img loading=\"lazy\" src=\"https:\/\/tetakawi.com\/wp-content\/uploads\/2019\/01\/calculator-tetakawi.jpg\" alt=\"Lohnkostenrechner\" itemprop=\"image\" height=\"744\" width=\"1855\" title=\"calculator-tetakawi\" onerror=\"this.style.display='none'\"  sizes=\"(max-width: 768px) 100vw, 100vw\" srcset=\"data:image\/svg+xml;utf8,&lt;svg%20xmlns=&quot;http:\/\/www.w3.org\/2000\/svg&quot;%20viewBox=&quot;0%200%201855%20744&quot;%20height=&quot;744px&quot;%20width=&quot;1855px&quot;\/&gt;\" data-srcset=\"https:\/\/tetakawi.com\/wp-content\/uploads\/2019\/01\/calculator-tetakawi.jpg 1855w, https:\/\/tetakawi.com\/wp-content\/uploads\/2019\/01\/calculator-tetakawi-300x120.jpg 300w, https:\/\/tetakawi.com\/wp-content\/uploads\/2019\/01\/calculator-tetakawi-768x308.jpg 768w, https:\/\/tetakawi.com\/wp-content\/uploads\/2019\/01\/calculator-tetakawi-1024x411.jpg 1024w, https:\/\/tetakawi.com\/wp-content\/uploads\/2019\/01\/calculator-tetakawi-1260x505.jpg 1260w, https:\/\/tetakawi.com\/wp-content\/uploads\/2019\/01\/calculator-tetakawi-630x253.jpg 630w, https:\/\/tetakawi.com\/wp-content\/uploads\/2019\/01\/calculator-tetakawi-420x168.jpg 420w, https:\/\/tetakawi.com\/wp-content\/uploads\/2019\/01\/calculator-tetakawi-840x337.jpg 840w, https:\/\/tetakawi.com\/wp-content\/uploads\/2019\/01\/calculator-tetakawi-315x126.jpg 315w\" \/>\t\t\t\t\t\t\t\n\t<h2>H\u00e4ufig gestellte Fragen<\/h2>\n\t<p>Informieren Sie sich \u00fcber die Vorteile der Fertigung in Mexiko.<\/p>\n\t\u25ce\u00a0 \u00a0 <strong>Ist Mexiko der geeignete Standort?<\/strong><br \/>\n\u25ce\u00a0 \u00a0 <strong>Ist Mexiko ein sicherer Fertigungsstandort?<\/strong><br \/>\n\u25ce\u00a0 \u00a0 <strong>Wie er\u00f6ffne ich einen Fertigungsstandort in Mexiko?<\/strong><br \/>\n\u25ce\u00a0 \u00a0 <strong>Welche Standorte eignen sich am besten f\u00fcr die Warenproduktion?<\/strong>\n\t<a href=\"\/de\/ressourcen\/haufig-gestellte-fragen\/\" target=\"_self\" role=\"button\" rel=\"noopener noreferrer\">\n\t\t\t\t\tGo to FAQs\n\t<\/a>\n\t<h3><strong>Welche Zusatzleistungen erhalten Mitarbeiter in der Regel?<\/strong><\/h3>\n<p>Neben den gesetzlichen Feiertagen gew\u00e4hren Unternehmen umfangreichen Urlaub und bieten Zusatzleistung, die die Mitarbeiterbindung st\u00e4rken.<\/p>\n\t<h3><strong>Was meinen wir mit Betriebsumgebung?<\/strong><\/h3>\n<p>Eine skalierbare, kosteng\u00fcnstige Fertigungsumgebung in Mexiko, mit Gewerbefl\u00e4chen der Klasse A, Supportleistungen und einem rechtlichen Rahmen, die dank Skaleneffekten f\u00fcr h\u00f6here Produktivit\u00e4t und Effizienz sorgt. Die Betriebsumgebung bietet eine effektive, zuverl\u00e4ssige und modulare Infrastruktur f\u00fcr die Fertigung selbst der komplexesten Produkte.<\/p>\n<h2>\n\tReady to Talk?\n\t<\/h2>\n\t<a href=\"\/de\/kontakt\/\" target=\"_self\" role=\"button\" rel=\"noopener noreferrer\">\n\t\t\t\t\tContact Us!\n\t<\/a>\n<\/div><!-- .vgblk-rw-wrapper -->","protected":false},"excerpt":{"rendered":"<p>News, Insights and Best Practicesfor Manufacturing in Mexico Informationen zur Fertigung in Mexiko Alle RessourcenBeitr\u00e4geInfografikenE-BooksArbeitsmarktberichteLohnkostenrechnerH\u00e4ufig gestellte Fragen Recent Posts The Offshore Group gibt die UMBENENNUNG in Tetakawi bekannt Vorteile, Kultur und Arbeitsmarkt der zentralen und Grenzregionen Mexikos Was sind die mexikanischen Maquiladoras? View all Posts Infographics Fertigung in Mexiko und in China im Vergleich M\u00f6glichkeiten&#8230;<\/p>\n","protected":false},"author":1,"featured_media":0,"parent":0,"menu_order":0,"comment_status":"closed","ping_status":"closed","template":"","meta":{"content-type":"","_monsterinsights_skip_tracking":false,"_monsterinsights_sitenote_active":false,"_monsterinsights_sitenote_note":"","_monsterinsights_sitenote_category":0},"yoast_head":"<!-- This site is optimized with the Yoast SEO Premium plugin v20.6 (Yoast SEO v20.6) - https:\/\/yoast.com\/wordpress\/plugins\/seo\/ -->\n<title>Tetakawi | Ressourcen<\/title>\n<meta name=\"description\" content=\"Von E-Books und Infografiken bis hin zu Arbeitsmarktberichten und einem Kostenrechner, bei Tetakawi erhalten Sie alle Informationen, die Sie f\u00fcr die Fertigung in Mexiko ben\u00f6tigen.\" \/>\n<meta name=\"robots\" content=\"index, follow, max-snippet:-1, max-image-preview:large, max-video-preview:-1\" \/>\n<link rel=\"canonical\" href=\"https:\/\/tetakawi.com\/de\/ressourcen\/\" \/>\n<meta property=\"og:locale\" content=\"de_DE\" \/>\n<meta property=\"og:type\" content=\"article\" \/>\n<meta property=\"og:title\" content=\"Ressourcen\" \/>\n<meta property=\"og:description\" content=\"Von E-Books und Infografiken bis hin zu Arbeitsmarktberichten und einem Kostenrechner, bei Tetakawi erhalten Sie alle Informationen, die Sie f\u00fcr die Fertigung in Mexiko ben\u00f6tigen.\" \/>\n<meta property=\"og:url\" content=\"https:\/\/tetakawi.com\/de\/ressourcen\/\" \/>\n<meta property=\"og:site_name\" content=\"Tetakawi\" \/>\n<meta property=\"article:modified_time\" content=\"2020-02-08T22:14:37+00:00\" \/>\n<meta property=\"og:image\" content=\"https:\/\/tetakawi.com\/wp-content\/uploads\/2019\/04\/aerial-empalme2.jpg\" \/>\n<meta name=\"twitter:card\" content=\"summary_large_image\" \/>\n<meta name=\"twitter:label1\" content=\"Gesch\u00e4tzte Lesezeit\" \/>\n\t<meta name=\"twitter:data1\" content=\"1\u00a0Minute\" \/>\n<script type=\"application\/ld+json\" class=\"yoast-schema-graph\">{\"@context\":\"https:\/\/schema.org\",\"@graph\":[{\"@type\":\"WebPage\",\"@id\":\"https:\/\/tetakawi.com\/de\/ressourcen\/\",\"url\":\"https:\/\/tetakawi.com\/de\/ressourcen\/\",\"name\":\"Tetakawi | Ressourcen\",\"isPartOf\":{\"@id\":\"https:\/\/tetakawi.com\/#website\"},\"datePublished\":\"2019-07-10T17:10:00+00:00\",\"dateModified\":\"2020-02-08T22:14:37+00:00\",\"description\":\"Von E-Books und Infografiken bis hin zu Arbeitsmarktberichten und einem Kostenrechner, bei Tetakawi erhalten Sie alle Informationen, die Sie f\u00fcr die Fertigung in Mexiko ben\u00f6tigen.\",\"breadcrumb\":{\"@id\":\"https:\/\/tetakawi.com\/de\/ressourcen\/#breadcrumb\"},\"inLanguage\":\"de\",\"potentialAction\":[{\"@type\":\"ReadAction\",\"target\":[\"https:\/\/tetakawi.com\/de\/ressourcen\/\"]}]},{\"@type\":\"BreadcrumbList\",\"@id\":\"https:\/\/tetakawi.com\/de\/ressourcen\/#breadcrumb\",\"itemListElement\":[{\"@type\":\"ListItem\",\"position\":1,\"name\":\"Home\",\"item\":\"https:\/\/tetakawi.com\/de\/\"},{\"@type\":\"ListItem\",\"position\":2,\"name\":\"Ressourcen\"}]},{\"@type\":\"WebSite\",\"@id\":\"https:\/\/tetakawi.com\/#website\",\"url\":\"https:\/\/tetakawi.com\/\",\"name\":\"Tetakawi\",\"description\":\"\",\"publisher\":{\"@id\":\"https:\/\/tetakawi.com\/#organization\"},\"potentialAction\":[{\"@type\":\"SearchAction\",\"target\":{\"@type\":\"EntryPoint\",\"urlTemplate\":\"https:\/\/tetakawi.com\/?s={search_term_string}\"},\"query-input\":\"required name=search_term_string\"}],\"inLanguage\":\"de\"}]}<\/script>\n<!-- \/ Yoast SEO Premium plugin. -->","yoast_head_json":{"title":"Tetakawi | Ressourcen","description":"Von E-Books und Infografiken bis hin zu Arbeitsmarktberichten und einem Kostenrechner, bei Tetakawi erhalten Sie alle Informationen, die Sie f\u00fcr die Fertigung in Mexiko ben\u00f6tigen.","robots":{"index":"index","follow":"follow","max-snippet":"max-snippet:-1","max-image-preview":"max-image-preview:large","max-video-preview":"max-video-preview:-1"},"canonical":"https:\/\/tetakawi.com\/de\/ressourcen\/","og_locale":"de_DE","og_type":"article","og_title":"Ressourcen","og_description":"Von E-Books und Infografiken bis hin zu Arbeitsmarktberichten und einem Kostenrechner, bei Tetakawi erhalten Sie alle Informationen, die Sie f\u00fcr die Fertigung in Mexiko ben\u00f6tigen.","og_url":"https:\/\/tetakawi.com\/de\/ressourcen\/","og_site_name":"Tetakawi","article_modified_time":"2020-02-08T22:14:37+00:00","og_image":[{"url":"https:\/\/tetakawi.com\/wp-content\/uploads\/2019\/04\/aerial-empalme2.jpg"}],"twitter_card":"summary_large_image","twitter_misc":{"Gesch\u00e4tzte Lesezeit":"1\u00a0Minute"},"schema":{"@context":"https:\/\/schema.org","@graph":[{"@type":"WebPage","@id":"https:\/\/tetakawi.com\/de\/ressourcen\/","url":"https:\/\/tetakawi.com\/de\/ressourcen\/","name":"Tetakawi | Ressourcen","isPartOf":{"@id":"https:\/\/tetakawi.com\/#website"},"datePublished":"2019-07-10T17:10:00+00:00","dateModified":"2020-02-08T22:14:37+00:00","description":"Von E-Books und Infografiken bis hin zu Arbeitsmarktberichten und einem Kostenrechner, bei Tetakawi erhalten Sie alle Informationen, die Sie f\u00fcr die Fertigung in Mexiko ben\u00f6tigen.","breadcrumb":{"@id":"https:\/\/tetakawi.com\/de\/ressourcen\/#breadcrumb"},"inLanguage":"de","potentialAction":[{"@type":"ReadAction","target":["https:\/\/tetakawi.com\/de\/ressourcen\/"]}]},{"@type":"BreadcrumbList","@id":"https:\/\/tetakawi.com\/de\/ressourcen\/#breadcrumb","itemListElement":[{"@type":"ListItem","position":1,"name":"Home","item":"https:\/\/tetakawi.com\/de\/"},{"@type":"ListItem","position":2,"name":"Ressourcen"}]},{"@type":"WebSite","@id":"https:\/\/tetakawi.com\/#website","url":"https:\/\/tetakawi.com\/","name":"Tetakawi","description":"","publisher":{"@id":"https:\/\/tetakawi.com\/#organization"},"potentialAction":[{"@type":"SearchAction","target":{"@type":"EntryPoint","urlTemplate":"https:\/\/tetakawi.com\/?s={search_term_string}"},"query-input":"required name=search_term_string"}],"inLanguage":"de"}]}},"_links":{"self":[{"href":"https:\/\/tetakawi.com\/de\/wp-json\/wp\/v2\/pages\/22389"}],"collection":[{"href":"https:\/\/tetakawi.com\/de\/wp-json\/wp\/v2\/pages"}],"about":[{"href":"https:\/\/tetakawi.com\/de\/wp-json\/wp\/v2\/types\/page"}],"author":[{"embeddable":true,"href":"https:\/\/tetakawi.com\/de\/wp-json\/wp\/v2\/users\/1"}],"replies":[{"embeddable":true,"href":"https:\/\/tetakawi.com\/de\/wp-json\/wp\/v2\/comments?post=22389"}],"version-history":[{"count":5,"href":"https:\/\/tetakawi.com\/de\/wp-json\/wp\/v2\/pages\/22389\/revisions"}],"predecessor-version":[{"id":25706,"href":"https:\/\/tetakawi.com\/de\/wp-json\/wp\/v2\/pages\/22389\/revisions\/25706"}],"wp:attachment":[{"href":"https:\/\/tetakawi.com\/de\/wp-json\/wp\/v2\/media?parent=22389"}],"curies":[{"name":"wp","href":"https:\/\/api.w.org\/{rel}","templated":true}]}}