{"id":22369,"date":"2019-07-10T17:09:59","date_gmt":"2019-07-10T17:09:59","guid":{"rendered":"https:\/\/tetakawi.com\/finden-sie-den-passenden-standort\/"},"modified":"2023-04-04T21:33:15","modified_gmt":"2023-04-04T21:33:15","slug":"finden-sie-den-passenden-standort","status":"publish","type":"page","link":"https:\/\/tetakawi.com\/de\/finden-sie-den-passenden-standort\/","title":{"rendered":"Finden Sie den passenden Standort."},"content":{"rendered":"<div class=\"vgblk-rw-wrapper limit-wrapper\">\n<h1>\n\tStandort Mexiko: Finden Sie den passenden Fertigungsstandort in Mexico.\n\t<\/h1>\n\t<style>.page-header-line {\n    display: block;\n    width: 60px;\n    height: 1px;\n    background: var(--vamtam-accent-color-4);\n    margin-top: 5px;\n    margin-bottom: 5px;\n    opacity: .7;\n}<\/style>\n\t<p>Unsere Standorte zeichnen sich durch eine strategische Lage innerhalb der Produktionscluster sowie Serviceleistungen, Infrastruktur und Know-how auf hohem Niveau aus.<\/p>\n\t<h2>Standort Mexiko<\/h2>\n<p>Mexiko hat sich in den letzten Jahren zu einem der beliebtesten Produktionsstandorte f\u00fcr Unternehmen aus den unterschiedlichsten Branchen entwickelt. Angefangen bei der landschaftlichen Sch\u00f6nheit bis hin zu den erstklassigen Standortvorteilen und vorteilhaften Leistungen ist es nicht schwer zu verstehen, warum so viele Unternehmen in das Land str\u00f6men.<\/p>\n<p>Vor allem die Automobilindustrie hat aufgrund der Vorteile der Produktion in Mexiko einen enormen Produktionsschub erlebt. Von der Luft- und Raumfahrtindustrie bis hin zur Mode- und Elektronikbranche nutzen viele Unternehmen die Vorteile Mexikos, der Arbeitskostenstrukturen und andere Vorteile, die Mexiko als Standort zu einer so attraktiven Option machen.<\/p>\n<h2>Deutsche Unternehmen zieht es nach Mexiko<\/h2>\n<p>Die mexikanische Automobilindustrie ist eine der am schnellsten wachsenden Branchen der Welt, und eine wachsende Zahl von Automobilherstellern, Zulieferern und verwandten Unternehmen nutzt die Vorteile der erstklassigen Lage Mexikos &#8211; allen voran auch deutsche Hersteller wie VW. Neben einem reichhaltigen Angebot an Ressourcen bietet Mexiko zahlreiche Vorteile f\u00fcr Unternehmen, die in dieser Region eine Produktion aufbauen oder erweitern m\u00f6chten.<\/p>\n<p>&nbsp;<\/p>\n<p>Von Produktionsclustern \u00fcber die Infrastruktur bis hin zu Dienstleistungen auf hohem Niveau und ausgereiftem Know-how in Schl\u00fcsselbereichen ist Mexiko der ideale Standort f\u00fcr die Ansiedlung oder Erweiterung eines Unternehmens. Durch seine zentrale Lage zwischen Nord- und S\u00fcdamerika bietet Mexiko hervorragende M\u00f6glichkeiten f\u00fcr den Zugang zu M\u00e4rkten in der gesamten Region. Dar\u00fcber hinaus sind die Arbeitskr\u00e4fte des Landes zunehmend qualifiziert und motiviert, was Unternehmen, die sich in der Region niederlassen oder ihre Aktivit\u00e4ten dorthin verlagern m\u00f6chten, weitere potenzielle Vorteile bietet.<\/p>\n<h2>Die Vorteile einer Produktion in Mexiko<\/h2>\n<p>Mexiko bietet mehrere Vorteile f\u00fcr Unternehmen, die einen Produktionsstandort suchen. Der erste Vorteil ist die N\u00e4he zu den Vereinigten Staaten, die einen einfachen Transport von Waren und Materialien zwischen beiden L\u00e4ndern erm\u00f6glicht. Dadurch k\u00f6nnen Unternehmen Zeit und Geld f\u00fcr den grenz\u00fcberschreitenden Transport ihrer Produkte sparen. Au\u00dferdem sind die Arbeitskosten in Mexiko vergleichsweise niedriger als in anderen L\u00e4ndern wie China oder Indien, sodass Mexiko eine kosteng\u00fcnstige Wahl f\u00fcr Unternehmen ist, die ihre Kosten senken wollen, ohne Abstriche bei der Qualit\u00e4t zu machen.<\/p>\n<p>&nbsp;<\/p>\n<p>Ein weiterer gro\u00dfer Vorteil der Produktion in Mexiko besteht darin, dass es mehrere Freihandelsabkommen mit anderen L\u00e4ndern auf der ganzen Welt &#8211; einschlie\u00dflich der USA &#8211; abgeschlossen hat, was bedeutet, dass Importe und Exporte aus Mexiko ohne zus\u00e4tzliche Steuern oder Geb\u00fchren abgewickelt werden k\u00f6nnen. Dies kann Unternehmen helfen, ihre Kosten weiter zu senken und gleichzeitig ihren potenziellen Kundenstamm \u00fcber Nordamerika hinaus zu erweitern.<\/p>\n<h2>Entdecken Sie Mexikos Region f\u00fcr Ihr Unternehmen<\/h2>\n<p>Mexiko ist der perfekte Standort f\u00fcr die Gr\u00fcndung eines Unternehmens. Durch seine strategische Lage inmitten von Produktionsclustern bietet Mexiko eine hochqualifizierte Infrastruktur und Dienstleistungen sowie eine F\u00fclle von Wissen und Ressourcen. Au\u00dferdem k\u00f6nnen Unternehmen, die sich in Mexiko niederlassen, von rechtlichen und steuerlichen Anreizen profitieren. Auch die wettbewerbsf\u00e4higen Arbeitskosten tragen zu niedrigeren Produktionskosten bei, w\u00e4hrend gleichzeitig eine erstklassige Qualit\u00e4t erzielt wird. Und schlie\u00dflich bietet die hervorragende geografische Lage des Landes ausgezeichnete Verbindungen zu anderen wichtigen M\u00e4rkten, was den Handel einfacher und effizienter macht als je zuvor. Mexiko verf\u00fcgt zweifelsohne \u00fcber die Voraussetzungen f\u00fcr eine erfolgreiche Gesch\u00e4ftst\u00e4tigkeit. Deshalb siedeln sich jedes Jahr mehr und mehr Unternehmen in Mexiko an &#8211; schlie\u00dfen Sie sich diesen an.<\/p>\n\t<h3>Empalme, Sonora<\/h3>\n<p>In Empalme finden sich zahlreiche Fertigungsbetriebe, insbesondere aus den Bereichen Fahrzeugbau, Optik und Elektronik. Au\u00dferdem ist Empalme Schwesterstadt von Guaymas in Sonora.<\/p>\n\t\t\t\t\t\t\t\t\t\t<img loading=\"lazy\" src=\"https:\/\/tetakawi.com\/wp-content\/uploads\/2019\/04\/empalme-tetakawi-cover.jpg\" alt=\"empalme-sonora-mexico-tetakawi\" itemprop=\"image\" height=\"473\" width=\"946\" title=\"empalme-tetakawi-cover\" onerror=\"this.style.display='none'\" sizes=\"(max-width: 768px) 100vw, 100vw\" srcset=\"data:image\/svg+xml;utf8,<svg%20xmlns=&quot;http:\/\/www.w3.org\/2000\/svg&quot;%20viewBox=&quot;0%200%20946%20473&quot;%20height=&quot;473px&quot;%20width=&quot;946px&quot;\/>&#8220; data-srcset=&#8220;https:\/\/tetakawi.com\/wp-content\/uploads\/2019\/04\/empalme-tetakawi-cover.jpg 946w, https:\/\/tetakawi.com\/wp-content\/uploads\/2019\/04\/empalme-tetakawi-cover-300&#215;150.jpg 300w, https:\/\/tetakawi.com\/wp-content\/uploads\/2019\/04\/empalme-tetakawi-cover-768&#215;384.jpg 768w, https:\/\/tetakawi.com\/wp-content\/uploads\/2019\/04\/empalme-tetakawi-cover-630&#215;315.jpg 630w, https:\/\/tetakawi.com\/wp-content\/uploads\/2019\/04\/empalme-tetakawi-cover-420&#215;210.jpg 420w, https:\/\/tetakawi.com\/wp-content\/uploads\/2019\/04\/empalme-tetakawi-cover-840&#215;420.jpg 840w, https:\/\/tetakawi.com\/wp-content\/uploads\/2019\/04\/empalme-tetakawi-cover-315&#215;158.jpg 315w&#8220;>\t\t\t\t\t\t\t\n\t<a href=\"\/de\/finden-sie-den-passenden-standort\/fertigung-in-empalme-sonora\/\" target=\"_self\" role=\"button\" rel=\"noopener\">\n\t\t\t\t\t<b>Mehr erfahren<\/b>\n\t<\/a>\n\t<h3>Guaymas, Sonora<\/h3>\n<p>In Guaymas sind zahlreiche Luft- und Raumfahrtunternehmen sowie Turbinenhersteller angesiedelt. Viele der Unternehmen arbeiten mit Betrieben in der nahe gelegenen Schwesterstadt Empalme (Sonora) zusammen.<\/p>\n\t\t\t\t\t\t\t\t\t\t<img loading=\"lazy\" src=\"https:\/\/tetakawi.com\/wp-content\/uploads\/2019\/04\/guaymas-tetakawi-cover.jpg\" alt=\"guaymas-tetakawi-cover\" itemprop=\"image\" height=\"473\" width=\"946\" title=\"guaymas-tetakawi-cover\" onerror=\"this.style.display='none'\" sizes=\"(max-width: 768px) 100vw, 100vw\" srcset=\"data:image\/svg+xml;utf8,<svg%20xmlns=&quot;http:\/\/www.w3.org\/2000\/svg&quot;%20viewBox=&quot;0%200%20946%20473&quot;%20height=&quot;473px&quot;%20width=&quot;946px&quot;\/>&#8220; data-srcset=&#8220;https:\/\/tetakawi.com\/wp-content\/uploads\/2019\/04\/guaymas-tetakawi-cover.jpg 946w, https:\/\/tetakawi.com\/wp-content\/uploads\/2019\/04\/guaymas-tetakawi-cover-300&#215;150.jpg 300w, https:\/\/tetakawi.com\/wp-content\/uploads\/2019\/04\/guaymas-tetakawi-cover-768&#215;384.jpg 768w, https:\/\/tetakawi.com\/wp-content\/uploads\/2019\/04\/guaymas-tetakawi-cover-630&#215;315.jpg 630w, https:\/\/tetakawi.com\/wp-content\/uploads\/2019\/04\/guaymas-tetakawi-cover-420&#215;210.jpg 420w, https:\/\/tetakawi.com\/wp-content\/uploads\/2019\/04\/guaymas-tetakawi-cover-840&#215;420.jpg 840w, https:\/\/tetakawi.com\/wp-content\/uploads\/2019\/04\/guaymas-tetakawi-cover-315&#215;158.jpg 315w&#8220;>\t\t\t\t\t\t\t\n\t<a href=\"\/de\/finden-sie-den-passenden-standort\/fertigung-in-guaymas-sonora\/\" target=\"_self\" role=\"button\" rel=\"noopener\">\n\t\t\t\t\t<b>Mehr erfahren<\/b>\n\t<\/a>\n\t<h3>Hermosillo, Sonora<\/h3>\n<p>Hermosillo, die Hauptstadt von Sonora, liegt nahe der US-Grenze und geh\u00f6rt zu einem regionalen Fertigungscluster entlang der K\u00fcste.<\/p>\n\t\t\t\t\t\t\t\t\t\t<img loading=\"lazy\" src=\"https:\/\/tetakawi.com\/wp-content\/uploads\/2019\/04\/hermosillo-sonora.jpg\" alt=\"hermosillo-sonora-mexico\" itemprop=\"image\" height=\"750\" width=\"1000\" title=\"hermosillo-sonora\" onerror=\"this.style.display='none'\" sizes=\"(max-width: 768px) 100vw, 100vw\" srcset=\"data:image\/svg+xml;utf8,<svg%20xmlns=&quot;http:\/\/www.w3.org\/2000\/svg&quot;%20viewBox=&quot;0%200%201000%20750&quot;%20height=&quot;750px&quot;%20width=&quot;1000px&quot;\/>&#8220; data-srcset=&#8220;https:\/\/tetakawi.com\/wp-content\/uploads\/2019\/04\/hermosillo-sonora.jpg 1000w, https:\/\/tetakawi.com\/wp-content\/uploads\/2019\/04\/hermosillo-sonora-300&#215;225.jpg 300w, https:\/\/tetakawi.com\/wp-content\/uploads\/2019\/04\/hermosillo-sonora-768&#215;576.jpg 768w, https:\/\/tetakawi.com\/wp-content\/uploads\/2019\/04\/hermosillo-sonora-630&#215;473.jpg 630w, https:\/\/tetakawi.com\/wp-content\/uploads\/2019\/04\/hermosillo-sonora-420&#215;315.jpg 420w, https:\/\/tetakawi.com\/wp-content\/uploads\/2019\/04\/hermosillo-sonora-840&#215;630.jpg 840w, https:\/\/tetakawi.com\/wp-content\/uploads\/2019\/04\/hermosillo-sonora-315&#215;236.jpg 315w&#8220;>\t\t\t\t\t\t\t\n\t<a href=\"\/de\/finden-sie-den-passenden-standort\/fertigung-in-hermosillo-sonora\/\" target=\"_self\" role=\"button\" rel=\"noopener\">\n\t\t\t\t\t<b>Mehr erfahren<\/b>\n\t<\/a>\n\t<h3>Quer\u00e9taro, Quer\u00e9taro<\/h3>\n<p>In Quer\u00e9taro sind einige Branchen stark vertreten, darunter Luft- und Raumfahrt, Fahrzeugbau, Biotechnologie und Kunststoff. Au\u00dferdem ist die Stadt ein bedeutender Forschungs- und Entwicklungsstandort.<\/p>\n\t\t\t\t\t\t\t\t\t\t<img loading=\"lazy\" src=\"https:\/\/tetakawi.com\/wp-content\/uploads\/2019\/04\/queretaro-1024x558.jpg\" alt=\"Fertigung im mexikanischen Quer\u00e9taro\" itemprop=\"image\" height=\"558\" width=\"1024\" title=\"queretaro\" onerror=\"this.style.display='none'\" sizes=\"(max-width: 768px) 100vw, 100vw\" srcset=\"data:image\/svg+xml;utf8,<svg%20xmlns=&quot;http:\/\/www.w3.org\/2000\/svg&quot;%20viewBox=&quot;0%200%204795%202612&quot;%20height=&quot;2612px&quot;%20width=&quot;4795px&quot;\/>&#8220; data-srcset=&#8220;https:\/\/tetakawi.com\/wp-content\/uploads\/2019\/04\/queretaro-1024&#215;558.jpg 1024w, https:\/\/tetakawi.com\/wp-content\/uploads\/2019\/04\/queretaro-300&#215;163.jpg 300w, https:\/\/tetakawi.com\/wp-content\/uploads\/2019\/04\/queretaro-768&#215;418.jpg 768w, https:\/\/tetakawi.com\/wp-content\/uploads\/2019\/04\/queretaro-1260&#215;686.jpg 1260w, https:\/\/tetakawi.com\/wp-content\/uploads\/2019\/04\/queretaro-630&#215;343.jpg 630w, https:\/\/tetakawi.com\/wp-content\/uploads\/2019\/04\/queretaro-420&#215;229.jpg 420w, https:\/\/tetakawi.com\/wp-content\/uploads\/2019\/04\/queretaro-840&#215;458.jpg 840w, https:\/\/tetakawi.com\/wp-content\/uploads\/2019\/04\/queretaro-315&#215;172.jpg 315w&#8220;>\t\t\t\t\t\t\t\n\t<a href=\"\/de\/finden-sie-den-passenden-standort\/fertigung-in-queretaro-queretaro\/\" target=\"_self\" role=\"button\" rel=\"noopener\">\n\t\t\t\t\t<strong>Mehr erfahren<\/strong>\n\t<\/a>\n\t<h3>Saltillo, Coahuila<\/h3>\n<p>Saltillo beherbergt zahlreiche Hersteller aus der Fahrzeugbranche und liegt in einer Region mit vielen qualifizierten Arbeitskr\u00e4ften f\u00fcr die Fertigung.<\/p>\n\t\t\t\t\t\t\t\t\t\t<img loading=\"lazy\" src=\"https:\/\/tetakawi.com\/wp-content\/uploads\/2019\/04\/saltillo-tetakawi-cover.jpg\" alt=\"saltillo-mexico-tetakawi-cover\" itemprop=\"image\" height=\"473\" width=\"946\" title=\"saltillo-tetakawi-cover\" onerror=\"this.style.display='none'\" sizes=\"(max-width: 768px) 100vw, 100vw\" srcset=\"data:image\/svg+xml;utf8,<svg%20xmlns=&quot;http:\/\/www.w3.org\/2000\/svg&quot;%20viewBox=&quot;0%200%20946%20473&quot;%20height=&quot;473px&quot;%20width=&quot;946px&quot;\/>&#8220; data-srcset=&#8220;https:\/\/tetakawi.com\/wp-content\/uploads\/2019\/04\/saltillo-tetakawi-cover.jpg 946w, https:\/\/tetakawi.com\/wp-content\/uploads\/2019\/04\/saltillo-tetakawi-cover-300&#215;150.jpg 300w, https:\/\/tetakawi.com\/wp-content\/uploads\/2019\/04\/saltillo-tetakawi-cover-768&#215;384.jpg 768w, https:\/\/tetakawi.com\/wp-content\/uploads\/2019\/04\/saltillo-tetakawi-cover-630&#215;315.jpg 630w, https:\/\/tetakawi.com\/wp-content\/uploads\/2019\/04\/saltillo-tetakawi-cover-420&#215;210.jpg 420w, https:\/\/tetakawi.com\/wp-content\/uploads\/2019\/04\/saltillo-tetakawi-cover-840&#215;420.jpg 840w, https:\/\/tetakawi.com\/wp-content\/uploads\/2019\/04\/saltillo-tetakawi-cover-315&#215;158.jpg 315w&#8220;>\t\t\t\t\t\t\t\n\t<a href=\"\/de\/finden-sie-den-passenden-standort\/fertigung-in-saltillo-coahuila\/\" target=\"_self\" role=\"button\" rel=\"noopener\">\n\t\t\t\t\t<b>Mehr erfahren<\/b>\n\t<\/a>\n\t<h3>Vereinigte Staaten<\/h3>\n<p>Unsere Standorte in Tucson (Arizona) und Mission (Texas) sorgen f\u00fcr einen problemlosen Produkttransport von und zu unseren Fertigungsstandorten in Mexiko.<\/p>\n\t\t\t\t\t\t\t\t\t\t<img loading=\"lazy\" src=\"https:\/\/tetakawi.com\/wp-content\/uploads\/2019\/04\/tucson.jpg\" alt=\"tucson\" itemprop=\"image\" height=\"667\" width=\"1000\" title=\"tucson\" onerror=\"this.style.display='none'\" sizes=\"(max-width: 768px) 100vw, 100vw\" srcset=\"data:image\/svg+xml;utf8,<svg%20xmlns=&quot;http:\/\/www.w3.org\/2000\/svg&quot;%20viewBox=&quot;0%200%201000%20667&quot;%20height=&quot;667px&quot;%20width=&quot;1000px&quot;\/>&#8220; data-srcset=&#8220;https:\/\/tetakawi.com\/wp-content\/uploads\/2019\/04\/tucson.jpg 1000w, https:\/\/tetakawi.com\/wp-content\/uploads\/2019\/04\/tucson-300&#215;200.jpg 300w, https:\/\/tetakawi.com\/wp-content\/uploads\/2019\/04\/tucson-768&#215;512.jpg 768w, https:\/\/tetakawi.com\/wp-content\/uploads\/2019\/04\/tucson-630&#215;420.jpg 630w, https:\/\/tetakawi.com\/wp-content\/uploads\/2019\/04\/tucson-420&#215;280.jpg 420w, https:\/\/tetakawi.com\/wp-content\/uploads\/2019\/04\/tucson-840&#215;560.jpg 840w, https:\/\/tetakawi.com\/wp-content\/uploads\/2019\/04\/tucson-315&#215;210.jpg 315w&#8220;>\t\t\t\t\t\t\t\n\t<a href=\"\/de\/finden-sie-den-passenden-standort\/niederlassungen-in-den-usa\/\" target=\"_self\" role=\"button\" rel=\"noopener\">\n\t\t\t\t\t<b>Mehr erfahren<\/b>\n\t<\/a>\n<h2>\n\tNoch Fragen?\n\t<\/h2>\n\t<a href=\"\/de\/kontakt\/\" target=\"_self\" role=\"button\" rel=\"noopener\">\n\t\t\t\t\tKontakt\n\t<\/a>\n<\/div><!-- .vgblk-rw-wrapper -->","protected":false},"excerpt":{"rendered":"<p>Standort Mexiko: Finden Sie den passenden Fertigungsstandort in Mexico. Unsere Standorte zeichnen sich durch eine strategische Lage innerhalb der Produktionscluster sowie Serviceleistungen, Infrastruktur und Know-how auf hohem Niveau aus. Standort Mexiko Mexiko hat sich in den letzten Jahren zu einem der beliebtesten Produktionsstandorte f\u00fcr Unternehmen aus den unterschiedlichsten Branchen entwickelt. Angefangen bei der landschaftlichen Sch\u00f6nheit&#8230;<\/p>\n","protected":false},"author":1,"featured_media":0,"parent":0,"menu_order":0,"comment_status":"closed","ping_status":"closed","template":"","meta":{"content-type":"","_monsterinsights_skip_tracking":false,"_monsterinsights_sitenote_active":false,"_monsterinsights_sitenote_note":"","_monsterinsights_sitenote_category":0},"yoast_head":"<!-- This site is optimized with the Yoast SEO Premium plugin v20.6 (Yoast SEO v20.6) - https:\/\/yoast.com\/wordpress\/plugins\/seo\/ -->\n<title>Standort Mexiko: Finden Sie den passenden Fertigungsstandort in Mexico.<\/title>\n<meta name=\"description\" content=\"Informieren Sie sich \u00fcber strategische Standorte innerhalb gro\u00dfer Industriecluster, die Vorteile f\u00fcr s\u00e4mtliche Aspekte der Fertigung in Mexiko bieten. Erfahren Sie, wo Sie sich in Mexiko niederlassen k\u00f6nnen.\" \/>\n<meta name=\"robots\" content=\"index, follow, max-snippet:-1, max-image-preview:large, max-video-preview:-1\" \/>\n<link rel=\"canonical\" href=\"https:\/\/tetakawi.com\/de\/finden-sie-den-passenden-standort\/\" \/>\n<meta property=\"og:locale\" content=\"de_DE\" \/>\n<meta property=\"og:type\" content=\"article\" \/>\n<meta property=\"og:title\" content=\"Finden Sie den passenden Standort.\" \/>\n<meta property=\"og:description\" content=\"Informieren Sie sich \u00fcber strategische Standorte innerhalb gro\u00dfer Industriecluster, die Vorteile f\u00fcr s\u00e4mtliche Aspekte der Fertigung in Mexiko bieten. Erfahren Sie, wo Sie sich in Mexiko niederlassen k\u00f6nnen.\" \/>\n<meta property=\"og:url\" content=\"https:\/\/tetakawi.com\/de\/finden-sie-den-passenden-standort\/\" \/>\n<meta property=\"og:site_name\" content=\"Tetakawi\" \/>\n<meta property=\"article:modified_time\" content=\"2023-04-04T21:33:15+00:00\" \/>\n<meta property=\"og:image\" content=\"https:\/\/tetakawi.com\/wp-content\/uploads\/2019\/04\/empalme-tetakawi-cover.jpg\" \/>\n<meta name=\"twitter:card\" content=\"summary_large_image\" \/>\n<meta name=\"twitter:label1\" content=\"Gesch\u00e4tzte Lesezeit\" \/>\n\t<meta name=\"twitter:data1\" content=\"5\u00a0Minuten\" \/>\n<script type=\"application\/ld+json\" class=\"yoast-schema-graph\">{\"@context\":\"https:\/\/schema.org\",\"@graph\":[{\"@type\":\"WebPage\",\"@id\":\"https:\/\/tetakawi.com\/de\/finden-sie-den-passenden-standort\/\",\"url\":\"https:\/\/tetakawi.com\/de\/finden-sie-den-passenden-standort\/\",\"name\":\"Standort Mexiko: Finden Sie den passenden Fertigungsstandort in Mexico.\",\"isPartOf\":{\"@id\":\"https:\/\/tetakawi.com\/#website\"},\"datePublished\":\"2019-07-10T17:09:59+00:00\",\"dateModified\":\"2023-04-04T21:33:15+00:00\",\"description\":\"Informieren Sie sich \u00fcber strategische Standorte innerhalb gro\u00dfer Industriecluster, die Vorteile f\u00fcr s\u00e4mtliche Aspekte der Fertigung in Mexiko bieten. Erfahren Sie, wo Sie sich in Mexiko niederlassen k\u00f6nnen.\",\"breadcrumb\":{\"@id\":\"https:\/\/tetakawi.com\/de\/finden-sie-den-passenden-standort\/#breadcrumb\"},\"inLanguage\":\"de\",\"potentialAction\":[{\"@type\":\"ReadAction\",\"target\":[\"https:\/\/tetakawi.com\/de\/finden-sie-den-passenden-standort\/\"]}]},{\"@type\":\"BreadcrumbList\",\"@id\":\"https:\/\/tetakawi.com\/de\/finden-sie-den-passenden-standort\/#breadcrumb\",\"itemListElement\":[{\"@type\":\"ListItem\",\"position\":1,\"name\":\"Home\",\"item\":\"https:\/\/tetakawi.com\/de\/\"},{\"@type\":\"ListItem\",\"position\":2,\"name\":\"Finden Sie den passenden Standort.\"}]},{\"@type\":\"WebSite\",\"@id\":\"https:\/\/tetakawi.com\/#website\",\"url\":\"https:\/\/tetakawi.com\/\",\"name\":\"Tetakawi\",\"description\":\"\",\"publisher\":{\"@id\":\"https:\/\/tetakawi.com\/#organization\"},\"potentialAction\":[{\"@type\":\"SearchAction\",\"target\":{\"@type\":\"EntryPoint\",\"urlTemplate\":\"https:\/\/tetakawi.com\/?s={search_term_string}\"},\"query-input\":\"required name=search_term_string\"}],\"inLanguage\":\"de\"}]}<\/script>\n<!-- \/ Yoast SEO Premium plugin. -->","yoast_head_json":{"title":"Standort Mexiko: Finden Sie den passenden Fertigungsstandort in Mexico.","description":"Informieren Sie sich \u00fcber strategische Standorte innerhalb gro\u00dfer Industriecluster, die Vorteile f\u00fcr s\u00e4mtliche Aspekte der Fertigung in Mexiko bieten. Erfahren Sie, wo Sie sich in Mexiko niederlassen k\u00f6nnen.","robots":{"index":"index","follow":"follow","max-snippet":"max-snippet:-1","max-image-preview":"max-image-preview:large","max-video-preview":"max-video-preview:-1"},"canonical":"https:\/\/tetakawi.com\/de\/finden-sie-den-passenden-standort\/","og_locale":"de_DE","og_type":"article","og_title":"Finden Sie den passenden Standort.","og_description":"Informieren Sie sich \u00fcber strategische Standorte innerhalb gro\u00dfer Industriecluster, die Vorteile f\u00fcr s\u00e4mtliche Aspekte der Fertigung in Mexiko bieten. Erfahren Sie, wo Sie sich in Mexiko niederlassen k\u00f6nnen.","og_url":"https:\/\/tetakawi.com\/de\/finden-sie-den-passenden-standort\/","og_site_name":"Tetakawi","article_modified_time":"2023-04-04T21:33:15+00:00","og_image":[{"url":"https:\/\/tetakawi.com\/wp-content\/uploads\/2019\/04\/empalme-tetakawi-cover.jpg"}],"twitter_card":"summary_large_image","twitter_misc":{"Gesch\u00e4tzte Lesezeit":"5\u00a0Minuten"},"schema":{"@context":"https:\/\/schema.org","@graph":[{"@type":"WebPage","@id":"https:\/\/tetakawi.com\/de\/finden-sie-den-passenden-standort\/","url":"https:\/\/tetakawi.com\/de\/finden-sie-den-passenden-standort\/","name":"Standort Mexiko: Finden Sie den passenden Fertigungsstandort in Mexico.","isPartOf":{"@id":"https:\/\/tetakawi.com\/#website"},"datePublished":"2019-07-10T17:09:59+00:00","dateModified":"2023-04-04T21:33:15+00:00","description":"Informieren Sie sich \u00fcber strategische Standorte innerhalb gro\u00dfer Industriecluster, die Vorteile f\u00fcr s\u00e4mtliche Aspekte der Fertigung in Mexiko bieten. Erfahren Sie, wo Sie sich in Mexiko niederlassen k\u00f6nnen.","breadcrumb":{"@id":"https:\/\/tetakawi.com\/de\/finden-sie-den-passenden-standort\/#breadcrumb"},"inLanguage":"de","potentialAction":[{"@type":"ReadAction","target":["https:\/\/tetakawi.com\/de\/finden-sie-den-passenden-standort\/"]}]},{"@type":"BreadcrumbList","@id":"https:\/\/tetakawi.com\/de\/finden-sie-den-passenden-standort\/#breadcrumb","itemListElement":[{"@type":"ListItem","position":1,"name":"Home","item":"https:\/\/tetakawi.com\/de\/"},{"@type":"ListItem","position":2,"name":"Finden Sie den passenden Standort."}]},{"@type":"WebSite","@id":"https:\/\/tetakawi.com\/#website","url":"https:\/\/tetakawi.com\/","name":"Tetakawi","description":"","publisher":{"@id":"https:\/\/tetakawi.com\/#organization"},"potentialAction":[{"@type":"SearchAction","target":{"@type":"EntryPoint","urlTemplate":"https:\/\/tetakawi.com\/?s={search_term_string}"},"query-input":"required name=search_term_string"}],"inLanguage":"de"}]}},"_links":{"self":[{"href":"https:\/\/tetakawi.com\/de\/wp-json\/wp\/v2\/pages\/22369"}],"collection":[{"href":"https:\/\/tetakawi.com\/de\/wp-json\/wp\/v2\/pages"}],"about":[{"href":"https:\/\/tetakawi.com\/de\/wp-json\/wp\/v2\/types\/page"}],"author":[{"embeddable":true,"href":"https:\/\/tetakawi.com\/de\/wp-json\/wp\/v2\/users\/1"}],"replies":[{"embeddable":true,"href":"https:\/\/tetakawi.com\/de\/wp-json\/wp\/v2\/comments?post=22369"}],"version-history":[{"count":5,"href":"https:\/\/tetakawi.com\/de\/wp-json\/wp\/v2\/pages\/22369\/revisions"}],"predecessor-version":[{"id":28429,"href":"https:\/\/tetakawi.com\/de\/wp-json\/wp\/v2\/pages\/22369\/revisions\/28429"}],"wp:attachment":[{"href":"https:\/\/tetakawi.com\/de\/wp-json\/wp\/v2\/media?parent=22369"}],"curies":[{"name":"wp","href":"https:\/\/api.w.org\/{rel}","templated":true}]}}