{"id":22368,"date":"2019-07-10T17:09:59","date_gmt":"2019-07-10T17:09:59","guid":{"rendered":"https:\/\/tetakawi.com\/hochspezialisierte-branchen-in-mexiko\/fertigung-fur-die-fahrzeugbranche-in-mexiko\/"},"modified":"2021-07-21T08:56:00","modified_gmt":"2021-07-21T08:56:00","slug":"fertigung-fur-die-fahrzeugbranche-in-mexiko","status":"publish","type":"page","link":"https:\/\/tetakawi.com\/de\/hochspezialisierte-branchen-in-mexiko\/fertigung-fur-die-fahrzeugbranche-in-mexiko\/","title":{"rendered":"Fertigung f\u00fcr die Automobilindustrie Mexiko"},"content":{"rendered":"<div class=\"vgblk-rw-wrapper limit-wrapper\">\n<h1>\n\tFertigung f\u00fcr die Automobilindustrie Mexiko\n\t<\/h1>\n\t<p>Unternehmen liefern sich einem Wettkampf um die Spitzenpl\u00e4tze in der wichtigsten Branche des Landes: der Automobilindustrie\u00a0in Mexiko<\/p>\n<h2>\n\tDie mexikanische Automobilindustrie setzt sich an die Spitze\n\t<\/h2>\n\t<p>Mit seiner robusten Lieferkette, wachsenden Handelsnetzen und umfassenden Investitionen ist Mexiko eines der neuen Zentren der Autoindustrie, in dem sich Fahrzeughersteller niederlassen.<\/p>\n<p>Seit den bescheidenen Anf\u00e4ngen hat sich die\u00a0mexikanische Automobilindustrie zum gr\u00f6\u00dften Fertigungssektor\u00a0der Wirtschaft entwickelt. Derzeit liegt der Produktionsumfang bei \u00fcber 3,7 Millionen Einheiten. Der AMIA (Verband der Automobilindustrie in Mexiko) erwartet, dass Mexiko bis 2025 zum f\u00fcnftgr\u00f6\u00dften Fahrzeugproduzenten der Welt aufsteigen wird. Damit ist es kein Wunder, dass Autozulieferer Mexiko zunehmend als attraktiven Standort betrachten und zu einem Teil dieses boomenden Business werden m\u00f6chten. Fahrzeughersteller von Audi und BMW bis hin zu Ford, General Motors und <a href=\"https:\/\/insights.tetakawi.com\/volkswagen-plant-in-puebla\">Volkswagen<\/a> haben sich im Land niedergelassen.<\/p>\n<p>Die mexikanische Autoindustrie besch\u00e4ftigt \u00fcber eine Millionen bestens ausgebildeter Fachkr\u00e4fte und profitiert zugleich von niedrigen Lohnkosten. Unternehmen, die Fahrzeuge in Mexiko fertigen lassen, haben Zugang zu 300 Forschungs- und Entwicklungszentren. Damit fertigen sie im Land \u00fcber 500 Modelle 50 unterschiedlicher Marken. Das Inkrafttreten des USMCA in 2020 hat die Branche bestens f\u00fcr ein weiteres starkes Wachstum aufgestellt, da aufgrund von \u00c4nderungen der Ursprungsregeln 75 Prozent der Komponenten in\u00a0USA gefertigt werden m\u00fcssen, damit die Fahrzeuge zollfrei gehandelt werden k\u00f6nnen.<\/p>\n\t<a href=\"https:\/\/go.tetakawi.com\/hubfs\/Tetakawi%20-%20Map%20of%20Automotive%20Assembly%20Plants%20in%20Mexico.pdf\" target=\"_self\" role=\"button\" rel=\"noopener\">\n\t\t\t\t\tKarte der Fahrzeug-OEMs in Mexiko herunterladen \n\t<\/a>\n<h4>\n\tFree Data Sheet\n\t<\/h4>\n<h3>\n\tWhat to know about <br \/>Automotive Manufacturing <br \/>in Mexico\n\t<\/h3>\n\t<p>Thinking about manufacturing in Mexico? Learn about Mexico&#8217;s Automotive industry and how shelter services can help.<\/p>\n\n\t\t\t\t\t\t\t\t\t\t<img loading=\"lazy\" src=\"https:\/\/tetakawi.com\/wp-content\/uploads\/2020\/03\/automotive-industry-tetakawi.jpg\" alt=\"Fahrzeugbranche\" itemprop=\"image\" height=\"667\" width=\"1000\" title=\"automotive-industry-tetakawi\" onerror=\"this.style.display='none'\"  sizes=\"(max-width: 768px) 100vw, 100vw\" srcset=\"data:image\/svg+xml;utf8,&lt;svg%20xmlns=&quot;http:\/\/www.w3.org\/2000\/svg&quot;%20viewBox=&quot;0%200%201000%20667&quot;%20height=&quot;667px&quot;%20width=&quot;1000px&quot;\/&gt;\" data-srcset=\"https:\/\/tetakawi.com\/wp-content\/uploads\/2020\/03\/automotive-industry-tetakawi.jpg 1000w, https:\/\/tetakawi.com\/wp-content\/uploads\/2020\/03\/automotive-industry-tetakawi-300x200.jpg 300w, https:\/\/tetakawi.com\/wp-content\/uploads\/2020\/03\/automotive-industry-tetakawi-768x512.jpg 768w, https:\/\/tetakawi.com\/wp-content\/uploads\/2020\/03\/automotive-industry-tetakawi-630x420.jpg 630w, https:\/\/tetakawi.com\/wp-content\/uploads\/2020\/03\/automotive-industry-tetakawi-420x280.jpg 420w, https:\/\/tetakawi.com\/wp-content\/uploads\/2020\/03\/automotive-industry-tetakawi-840x560.jpg 840w, https:\/\/tetakawi.com\/wp-content\/uploads\/2020\/03\/automotive-industry-tetakawi-315x210.jpg 315w\" \/>\t\t\t\t\t\t\t\n<h2>\n\tMehr Statistiken: Autoindustrie und  Wirtschaft in Mexiko\n\t<\/h2>\n<h4>\n\t3,7 Millionen\n\t<\/h4>\n<h4>\n\tFahrzeuge wurden 2020 gefertigt. \n\t<\/h4>\n\t<p>Der AMIA (Verband der Automobilindustrie in Mexiko) erwartet, dass in Mexiko 2020 \u00fcber 3,7 Millionen Fahrzeuge gefertigt werden, womit das Land der sechstgr\u00f6\u00dfte Fahrzeugproduzent der Welt w\u00e4re. Bis 2025 soll die Wirtschaft den f\u00fcnften Platz erreichen.<\/p>\n<h4>\n\t90 %\n\t<\/h4>\n<h4>\n\tder mexikanischen Autoproduktion geht in den Export.\n\t<\/h4>\n\t<p>90 Prozent der in Mexiko produzierten Fahrzeuge sind f\u00fcr den Export auf den Weltmarkt bestimmt. 79 % gehen in die USA. Der Erfolg der Autoindustrie in Mexiko beruht auf der Beteiligung an zahlreichen Freihandelsabkommen wie dem USMCA.<\/p>\n<h4>\n\t7\n\t<\/h4>\n<h4>\n\tWichtige Sektoren bieten Herstellern zahlreiche Absatzchancen\n\t<\/h4>\n\t<p>Die Produktion\u00a0 f\u00fcr die Fahrzeugbranche in Mexiko teilt sich in sieben gro\u00dfe\u00a0 Sektoren auf: Originalausstattung (OEM), Ersatzteile, Elektro- und Hybridfahrzeuge, aufgearbeitete Produkte, Schwerlastfahrzeuge sowie weitere Spezialfahrzeuge.<\/p>\n<h2>\n\tWachstum f\u00fcr die Unternehmen in der Autoindustrie mit Tetakawi\n\t<\/h2>\n\t<p>Ob Sie die Fertigung in Mexiko aufnehmen m\u00f6chten oder hier bereits einen Standort unterhalten &#8211; Tetakawi unterst\u00fctzt ihr Unternehmen bei Gr\u00fcndung, Betrieb und Wachstum in der boomenden Autoindustrie des Landes. Mit \u00fcber 34 Jahren Erfahrung im Bereich Fertigung in Mexiko haben wir die besten-Verbindungen zu den zuverl\u00e4ssigsten Fahrzeuglieferketten des Landes. Unsere speziell auf die Anforderungen Ihres Unternehmens zugeschnittenen Serviceleistungen beruhen auf Strategie und Erfahrung. Wir sind der gr\u00f6\u00dfte Offshoring-Dienstleister in Mexiko und Sie k\u00f6nnen sich darauf verlassen, dass wir als zuverl\u00e4ssiger Partner stets an Ihrer Seite stehen. Wir unterst\u00fctzen Sie bei Folgendem:<\/p>\n<p>&nbsp;<\/p>\n<ul>\n<li>Auswahl des passenden Standorts f\u00fcr Ihre Fahrzeugfertigung<\/li>\n<li>Rechtlichen und organisatorischen Fragen sowie beim Aufbau von Supportstrukturen<\/li>\n<li>Anwerbung, Schulung und Bindung von Mitarbeitern<\/li>\n<li>S\u00e4mtlichen administrativen Aufgaben, von Finanzen und Personal bis hin zu Zollangelegenheiten<\/li>\n<li>Reibungslosen Abl\u00e4ufen von der Gr\u00fcndung bis zum Normalbetrieb<\/li>\n<li>Und vielem mehr. Wir \u00fcbernehmen die administrativen Aufgaben f\u00fcr Sie, sodass sich Ihr Team auf den Wettbewerbsvorteil konzentrieren kann: kompetente Fertigung.<\/li>\n<\/ul>\n\t<a href=\"\/solutions\/support-services\/start-up\/\" target=\"_self\" role=\"button\" rel=\"noopener\">\n\t\t\t\t\tSie m\u00f6chten mehr erfahren? Individuelles Dienstleistungsangebot erhalten\n\t<\/a>\n<h2>\n\tWir bringen Ihren Fahrzeugbaustandort<br \/> ins Ziel.\n\t<\/h2>\n\t<p>Gr\u00fcnden oder erweitern Sie mit unseren kundenspezifischen Dienstleistungen einen Fahrzeugfertigungsstandort in Mexiko. Von umfassender Beratung bis hin zu schl\u00fcsselfertigen Fertigungsanlagen &#8211; wir unterst\u00fctzen Sie bei jeder Phase der Expansion mit den n\u00f6tigen Informationen.<\/p>\n\t\t\tOffshoring-Services\n\t\tKonzentrieren Sie sich auf Ihr Kerngesch\u00e4ft, wir k\u00fcmmern uns um den Rest. Unsere Offshoring-Services sind eine einfache, kosteng\u00fcnstige und risikoarme M\u00f6glichkeit zur Er\u00f6ffnung eines eigenen Fahrzeugfertigungsstandorts in Mexiko.<br \/>\n<ahttps:\/\/tetakawi.com\/de\/losung-finden\/supportleistungen\/offshoring-services-von-tetakawi\/\">Mehr erfahren &#8230;\n\t\t\tPerfekte Kommunikation\n\t\tMit dem optimalen Expertenteam, das die termin- und budgetgerechte Umsetzung Ihrer Markteintrittsstrategie gew\u00e4hrleistet, gelingt der erfolgreiche Start.<br \/>\n<a href=\"https:\/\/tetakawi.com\/de\/losung-finden\/fertigungscommunitys\/perfekte-kommunikation\/\">Mehr erfahren &#8230;<\/a>\n\t\t\tFertigungscommunitys\n\t\tSchl\u00fcsselfertige Produktionsanlagen mit Gewerbefl\u00e4chen der Klasse A, Vor-Ort-Support und Offshoring-Dienstleistungen sorgen f\u00fcr eine problemlose Fertigung f\u00fcr die Fahrzeugbranche in Mexiko.<br \/>\n<a href=\"https:\/\/tetakawi.com\/de\/finden-sie-den-passenden-standort\/fertigung-in-saltillo-coahuila\/manufacturing-communities\/\">Mehr erfahren &#8230;<\/a>\n\t\t\tBeratungsleistungen\n\t\tVon der Standortwahl bis hin zu kundenspezifischen Analysen und Kostensch\u00e4tzungen &#8211; wir treffen fundierte, strategische und umsetzbare Entscheidungen.<br \/>\n<a href=\"https:\/\/tetakawi.com\/de\/losung-finden\/beratungsleistungen\/\">Mehr erfahren &#8230;<\/a>\n<h2>\n\tH\u00e4ufig gestellte Fragen zur Produktion f\u00fcr die Fahrzeugbranche in Mexiko\n\t<\/h2>\n\tWelcher Sektor bietet die gr\u00f6\u00dften Chancen f\u00fcr die mexikanische Autoindustrie?\nDie Autoindustrie in Mexiko umfasst sieben wichtige Sektoren, die gr\u00f6\u00dften Chancen im Bereich Originalausstattung bieten. \u00dcber 2.500 Unternehmen fertigen als OEMs in Mexiko Originalausstattung im Umfang von 73 Milliarden USD.\n<p>&nbsp;<\/p>\nWo sollten sich Fahrzeugbauer in Mexiko niederlassen?\n<p>Die mexikanische Autoindustrie ist in Clustern im gesamten Land angesiedelt, zwei Standorte sind jedoch von besonderer strategischer Bedeutung: <a href=\"https:\/\/tetakawi.com\/de\/finden-sie-den-passenden-standort\/fertigung-in-saltillo-coahuila\/\">Saltillo, Coahuila<\/a>, und <a href=\"https:\/\/tetakawi.com\/locations\/queretaro\/\">Queretaro, Queretaro<\/a>. Unternehmen, die die Fertigung f\u00fcr die Fahrzeugbranche in Mexiko aufnehmen m\u00f6chten, beauftragen hierzu h\u00e4ufig ein vorhandenes Fertigungsunternehmen. Die Fertigungscommunity Zapa im Herzen von Saltillo bietet eine schl\u00fcsselfertige L\u00f6sung mit Produktionsanlagen, Vor-Ort-Support und einen umfassenden rechtlichen Rahmen. Wenn Sie mehr erfahren m\u00f6chten oder Hilfe bei der Standortwahl ben\u00f6tigen, ist unser <a href=\"https:\/\/tetakawi.com\/de\/losung-finden\/beratungsleistungen\/standortwahl\/\">Standortwahlservice<\/a> genau das Richtige f\u00fcr Sie.<\/p>\n<h2>\n\tAktuelle News aus der Autoindustrie\n\t<\/h2>\n\t\t\t\t\t\t\t\t\t\t<img loading=\"lazy\" src=\"https:\/\/tetakawi.com\/wp-content\/uploads\/2020\/10\/Overview-of-the-Automotive-Manufacturing-Industry-in-Mexico.jpg\" alt=\"\u00dcbersicht \u00fcber die Autoindustrie in Mexiko\" itemprop=\"image\" height=\"300\" width=\"500\" title=\"\u00dcbersicht \u00fcber die Autoindustrie in Mexiko\" onerror=\"this.style.display='none'\"  sizes=\"(max-width: 768px) 100vw, 100vw\" srcset=\"data:image\/svg+xml;utf8,&lt;svg%20xmlns=&quot;http:\/\/www.w3.org\/2000\/svg&quot;%20viewBox=&quot;0%200%20500%20300&quot;%20height=&quot;300px&quot;%20width=&quot;500px&quot;\/&gt;\" data-srcset=\"https:\/\/tetakawi.com\/wp-content\/uploads\/2020\/10\/Overview-of-the-Automotive-Manufacturing-Industry-in-Mexico.jpg 500w, https:\/\/tetakawi.com\/wp-content\/uploads\/2020\/10\/Overview-of-the-Automotive-Manufacturing-Industry-in-Mexico-300x180.jpg 300w, https:\/\/tetakawi.com\/wp-content\/uploads\/2020\/10\/Overview-of-the-Automotive-Manufacturing-Industry-in-Mexico-420x252.jpg 420w, https:\/\/tetakawi.com\/wp-content\/uploads\/2020\/10\/Overview-of-the-Automotive-Manufacturing-Industry-in-Mexico-315x189.jpg 315w\" \/>\t\t\t\t\t\t\t\n<h4>\n\t\u00dcbersicht \u00fcber die Autoindustrie in Mexiko\n\t<\/h4>\n\t<p>Die Autoindustrie in Mexiko ist der gr\u00f6\u00dfte Industriezweig des Landes &#8211; und mit einer langen Geschichte, starken Clustern und bestens ausgebildeten Fachkr\u00e4ften profitieren Unternehmen von zahlreichen Vorteilen.<\/p>\n\t<a href=\"https:\/\/insights.tetakawi.com\/automotive-manufacturing-industry-in-mexico\" target=\"_self\" role=\"button\" rel=\"noopener\">\n\t\t\t\t\tWeiterlesen\n\t<\/a>\n\t\t\t\t\t\t\t\t\t\t<img loading=\"lazy\" src=\"https:\/\/tetakawi.com\/wp-content\/uploads\/2020\/10\/The-Mexican-Automotive-Industrys-Long-History.jpg\" alt=\"Die lange Geschichte der Autoindustrie in Mexiko\" itemprop=\"image\" height=\"300\" width=\"500\" title=\"Die lange Geschichte der Autoindustrie in Mexiko\" onerror=\"this.style.display='none'\"  sizes=\"(max-width: 768px) 100vw, 100vw\" srcset=\"data:image\/svg+xml;utf8,&lt;svg%20xmlns=&quot;http:\/\/www.w3.org\/2000\/svg&quot;%20viewBox=&quot;0%200%20500%20300&quot;%20height=&quot;300px&quot;%20width=&quot;500px&quot;\/&gt;\" data-srcset=\"https:\/\/tetakawi.com\/wp-content\/uploads\/2020\/10\/The-Mexican-Automotive-Industrys-Long-History.jpg 500w, https:\/\/tetakawi.com\/wp-content\/uploads\/2020\/10\/The-Mexican-Automotive-Industrys-Long-History-300x180.jpg 300w, https:\/\/tetakawi.com\/wp-content\/uploads\/2020\/10\/The-Mexican-Automotive-Industrys-Long-History-420x252.jpg 420w, https:\/\/tetakawi.com\/wp-content\/uploads\/2020\/10\/The-Mexican-Automotive-Industrys-Long-History-315x189.jpg 315w\" \/>\t\t\t\t\t\t\t\n<h4>\n\tDie lange Geschichte der Autoindustrie in Mexiko\n\t<\/h4>\n\t<p>Die Geschichte der Autoindustrie in Mexiko begann Anfang des 20. Jahrhunderts mit Ford. Die Branche hat sich seitdem stark entwickelt und fertigt heute \u00fcber 3 Millionen Fahrzeuge pro Jahr.<\/p>\n\t<a href=\"https:\/\/insights.tetakawi.com\/the-mexican-automotive-industry-has-a-long-history\" target=\"_self\" role=\"button\" rel=\"noopener\">\n\t\t\t\t\tWeiterlesen\n\t<\/a>\n\t\t\t\t\t\t\t\t\t\t<img loading=\"lazy\" src=\"https:\/\/tetakawi.com\/wp-content\/uploads\/2020\/10\/Get-To-Know-Saltillo's-Automotive-Manufacturing-Industry.jpg\" alt=\"\u00dcberblick-\u00fcber-die-Autoindustrie-in-Saltillo\" itemprop=\"image\" height=\"300\" width=\"500\" title=\"\u00dcberblick \u00fcber die Autoindustrie in Saltillo\" onerror=\"this.style.display='none'\"  sizes=\"(max-width: 768px) 100vw, 100vw\" srcset=\"data:image\/svg+xml;utf8,&lt;svg%20xmlns=&quot;http:\/\/www.w3.org\/2000\/svg&quot;%20viewBox=&quot;0%200%20500%20300&quot;%20height=&quot;300px&quot;%20width=&quot;500px&quot;\/&gt;\" data-srcset=\"https:\/\/tetakawi.com\/wp-content\/uploads\/2020\/10\/Get-To-Know-Saltillo's-Automotive-Manufacturing-Industry.jpg 500w, https:\/\/tetakawi.com\/wp-content\/uploads\/2020\/10\/Get-To-Know-Saltillo's-Automotive-Manufacturing-Industry-300x180.jpg 300w, https:\/\/tetakawi.com\/wp-content\/uploads\/2020\/10\/Get-To-Know-Saltillo's-Automotive-Manufacturing-Industry-420x252.jpg 420w, https:\/\/tetakawi.com\/wp-content\/uploads\/2020\/10\/Get-To-Know-Saltillo's-Automotive-Manufacturing-Industry-315x189.jpg 315w\" \/>\t\t\t\t\t\t\t\n<h4>\n\t\u00dcberblick \u00fcber die Autoindustrie in Saltillo\n\t<\/h4>\n\t<p>Saltillo liegt im Hochland des drittgr\u00f6\u00dften Bundesstaates von Mexiko und beherbergt einen boomenden Automobil-Cluster.<\/p>\n\t<a href=\"https:\/\/insights.tetakawi.com\/get-to-know-saltillos-automotive-manufacturing-industry\" target=\"_self\" role=\"button\" rel=\"noopener\">\n\t\t\t\t\tWeiterlesen\n\t<\/a>\n<h2>\n\tBeginnen Sie jetzt mit der Entwicklung Ihrer Strategie f\u00fcr Mexiko.\n\t<\/h2>\n\t<p>Sprechen Sie mit einem Experten von Tetakawi und erfahren Sie, wie Ihr Unternehmen in Mexiko erfolgreich sein kann.<\/p>\n\t<a href=\"\/contact\" target=\"_self\" role=\"button\" rel=\"noopener\">\n\t\t\t\t\tWenden Sie sich an uns\n\t<\/a>\n\n<\/div><!-- .vgblk-rw-wrapper -->","protected":false},"excerpt":{"rendered":"<p>Fertigung f\u00fcr die Automobilindustrie Mexiko Unternehmen liefern sich einem Wettkampf um die Spitzenpl\u00e4tze in der wichtigsten Branche des Landes: der Automobilindustrie\u00a0in Mexiko Die mexikanische Automobilindustrie setzt sich an die Spitze Mit seiner robusten Lieferkette, wachsenden Handelsnetzen und umfassenden Investitionen ist Mexiko eines der neuen Zentren der Autoindustrie, in dem sich Fahrzeughersteller niederlassen. Seit den bescheidenen&#8230;<\/p>\n","protected":false},"author":1,"featured_media":22393,"parent":22201,"menu_order":0,"comment_status":"closed","ping_status":"closed","template":"","meta":{"content-type":"","_monsterinsights_skip_tracking":false,"_monsterinsights_sitenote_active":false,"_monsterinsights_sitenote_note":"","_monsterinsights_sitenote_category":0},"yoast_head":"<!-- This site is optimized with the Yoast SEO Premium plugin v20.6 (Yoast SEO v20.6) - https:\/\/yoast.com\/wordpress\/plugins\/seo\/ -->\n<title>Fertigung f\u00fcr die Automobilindustrie Mexiko | Tetakawi<\/title>\n<meta name=\"description\" content=\"Die Fertigung f\u00fcr die Fahrzeugbranche in Mexiko ist der gr\u00f6\u00dfte Industriezweig des Landes. Erfahren Sie mehr \u00fcber das Lieferketten-Netzwerk des Landes im Fahrzeugbau sowie dessen Zugang zu gro\u00dfen M\u00e4rkten.\" \/>\n<meta name=\"robots\" content=\"index, follow, max-snippet:-1, max-image-preview:large, max-video-preview:-1\" \/>\n<link rel=\"canonical\" href=\"https:\/\/tetakawi.com\/de\/hochspezialisierte-branchen-in-mexiko\/fertigung-fur-die-fahrzeugbranche-in-mexiko\/\" \/>\n<meta property=\"og:locale\" content=\"de_DE\" \/>\n<meta property=\"og:type\" content=\"article\" \/>\n<meta property=\"og:title\" content=\"Fertigung f\u00fcr die Automobilindustrie Mexiko\" \/>\n<meta property=\"og:description\" content=\"Die Fertigung f\u00fcr die Fahrzeugbranche in Mexiko ist der gr\u00f6\u00dfte Industriezweig des Landes. Erfahren Sie mehr \u00fcber das Lieferketten-Netzwerk des Landes im Fahrzeugbau sowie dessen Zugang zu gro\u00dfen M\u00e4rkten.\" \/>\n<meta property=\"og:url\" content=\"https:\/\/tetakawi.com\/de\/hochspezialisierte-branchen-in-mexiko\/fertigung-fur-die-fahrzeugbranche-in-mexiko\/\" \/>\n<meta property=\"og:site_name\" content=\"Tetakawi\" \/>\n<meta property=\"article:modified_time\" content=\"2021-07-21T08:56:00+00:00\" \/>\n<meta property=\"og:image\" content=\"https:\/\/tetakawi.com\/wp-content\/uploads\/2018\/11\/automotive-manufacturing-product1.jpg\" \/>\n\t<meta property=\"og:image:width\" content=\"500\" \/>\n\t<meta property=\"og:image:height\" content=\"500\" \/>\n\t<meta property=\"og:image:type\" content=\"image\/jpeg\" \/>\n<meta name=\"twitter:card\" content=\"summary_large_image\" \/>\n<meta name=\"twitter:label1\" content=\"Gesch\u00e4tzte Lesezeit\" \/>\n\t<meta name=\"twitter:data1\" content=\"3\u00a0Minuten\" \/>\n<script type=\"application\/ld+json\" class=\"yoast-schema-graph\">{\"@context\":\"https:\/\/schema.org\",\"@graph\":[{\"@type\":\"WebPage\",\"@id\":\"https:\/\/tetakawi.com\/de\/hochspezialisierte-branchen-in-mexiko\/fertigung-fur-die-fahrzeugbranche-in-mexiko\/\",\"url\":\"https:\/\/tetakawi.com\/de\/hochspezialisierte-branchen-in-mexiko\/fertigung-fur-die-fahrzeugbranche-in-mexiko\/\",\"name\":\"Fertigung f\u00fcr die Automobilindustrie Mexiko | Tetakawi\",\"isPartOf\":{\"@id\":\"https:\/\/tetakawi.com\/#website\"},\"datePublished\":\"2019-07-10T17:09:59+00:00\",\"dateModified\":\"2021-07-21T08:56:00+00:00\",\"description\":\"Die Fertigung f\u00fcr die Fahrzeugbranche in Mexiko ist der gr\u00f6\u00dfte Industriezweig des Landes. Erfahren Sie mehr \u00fcber das Lieferketten-Netzwerk des Landes im Fahrzeugbau sowie dessen Zugang zu gro\u00dfen M\u00e4rkten.\",\"breadcrumb\":{\"@id\":\"https:\/\/tetakawi.com\/de\/hochspezialisierte-branchen-in-mexiko\/fertigung-fur-die-fahrzeugbranche-in-mexiko\/#breadcrumb\"},\"inLanguage\":\"de\",\"potentialAction\":[{\"@type\":\"ReadAction\",\"target\":[\"https:\/\/tetakawi.com\/de\/hochspezialisierte-branchen-in-mexiko\/fertigung-fur-die-fahrzeugbranche-in-mexiko\/\"]}]},{\"@type\":\"BreadcrumbList\",\"@id\":\"https:\/\/tetakawi.com\/de\/hochspezialisierte-branchen-in-mexiko\/fertigung-fur-die-fahrzeugbranche-in-mexiko\/#breadcrumb\",\"itemListElement\":[{\"@type\":\"ListItem\",\"position\":1,\"name\":\"Home\",\"item\":\"https:\/\/tetakawi.com\/de\/\"},{\"@type\":\"ListItem\",\"position\":2,\"name\":\"Hochspezialisierte Branchen in Mexiko\",\"item\":\"https:\/\/tetakawi.com\/de\/hochspezialisierte-branchen-in-mexiko\/\"},{\"@type\":\"ListItem\",\"position\":3,\"name\":\"Fertigung f\u00fcr die Automobilindustrie Mexiko\"}]},{\"@type\":\"WebSite\",\"@id\":\"https:\/\/tetakawi.com\/#website\",\"url\":\"https:\/\/tetakawi.com\/\",\"name\":\"Tetakawi\",\"description\":\"\",\"publisher\":{\"@id\":\"https:\/\/tetakawi.com\/#organization\"},\"potentialAction\":[{\"@type\":\"SearchAction\",\"target\":{\"@type\":\"EntryPoint\",\"urlTemplate\":\"https:\/\/tetakawi.com\/?s={search_term_string}\"},\"query-input\":\"required name=search_term_string\"}],\"inLanguage\":\"de\"}]}<\/script>\n<!-- \/ Yoast SEO Premium plugin. -->","yoast_head_json":{"title":"Fertigung f\u00fcr die Automobilindustrie Mexiko | Tetakawi","description":"Die Fertigung f\u00fcr die Fahrzeugbranche in Mexiko ist der gr\u00f6\u00dfte Industriezweig des Landes. Erfahren Sie mehr \u00fcber das Lieferketten-Netzwerk des Landes im Fahrzeugbau sowie dessen Zugang zu gro\u00dfen M\u00e4rkten.","robots":{"index":"index","follow":"follow","max-snippet":"max-snippet:-1","max-image-preview":"max-image-preview:large","max-video-preview":"max-video-preview:-1"},"canonical":"https:\/\/tetakawi.com\/de\/hochspezialisierte-branchen-in-mexiko\/fertigung-fur-die-fahrzeugbranche-in-mexiko\/","og_locale":"de_DE","og_type":"article","og_title":"Fertigung f\u00fcr die Automobilindustrie Mexiko","og_description":"Die Fertigung f\u00fcr die Fahrzeugbranche in Mexiko ist der gr\u00f6\u00dfte Industriezweig des Landes. Erfahren Sie mehr \u00fcber das Lieferketten-Netzwerk des Landes im Fahrzeugbau sowie dessen Zugang zu gro\u00dfen M\u00e4rkten.","og_url":"https:\/\/tetakawi.com\/de\/hochspezialisierte-branchen-in-mexiko\/fertigung-fur-die-fahrzeugbranche-in-mexiko\/","og_site_name":"Tetakawi","article_modified_time":"2021-07-21T08:56:00+00:00","og_image":[{"width":500,"height":500,"url":"https:\/\/tetakawi.com\/wp-content\/uploads\/2018\/11\/automotive-manufacturing-product1.jpg","type":"image\/jpeg"}],"twitter_card":"summary_large_image","twitter_misc":{"Gesch\u00e4tzte Lesezeit":"3\u00a0Minuten"},"schema":{"@context":"https:\/\/schema.org","@graph":[{"@type":"WebPage","@id":"https:\/\/tetakawi.com\/de\/hochspezialisierte-branchen-in-mexiko\/fertigung-fur-die-fahrzeugbranche-in-mexiko\/","url":"https:\/\/tetakawi.com\/de\/hochspezialisierte-branchen-in-mexiko\/fertigung-fur-die-fahrzeugbranche-in-mexiko\/","name":"Fertigung f\u00fcr die Automobilindustrie Mexiko | Tetakawi","isPartOf":{"@id":"https:\/\/tetakawi.com\/#website"},"datePublished":"2019-07-10T17:09:59+00:00","dateModified":"2021-07-21T08:56:00+00:00","description":"Die Fertigung f\u00fcr die Fahrzeugbranche in Mexiko ist der gr\u00f6\u00dfte Industriezweig des Landes. Erfahren Sie mehr \u00fcber das Lieferketten-Netzwerk des Landes im Fahrzeugbau sowie dessen Zugang zu gro\u00dfen M\u00e4rkten.","breadcrumb":{"@id":"https:\/\/tetakawi.com\/de\/hochspezialisierte-branchen-in-mexiko\/fertigung-fur-die-fahrzeugbranche-in-mexiko\/#breadcrumb"},"inLanguage":"de","potentialAction":[{"@type":"ReadAction","target":["https:\/\/tetakawi.com\/de\/hochspezialisierte-branchen-in-mexiko\/fertigung-fur-die-fahrzeugbranche-in-mexiko\/"]}]},{"@type":"BreadcrumbList","@id":"https:\/\/tetakawi.com\/de\/hochspezialisierte-branchen-in-mexiko\/fertigung-fur-die-fahrzeugbranche-in-mexiko\/#breadcrumb","itemListElement":[{"@type":"ListItem","position":1,"name":"Home","item":"https:\/\/tetakawi.com\/de\/"},{"@type":"ListItem","position":2,"name":"Hochspezialisierte Branchen in Mexiko","item":"https:\/\/tetakawi.com\/de\/hochspezialisierte-branchen-in-mexiko\/"},{"@type":"ListItem","position":3,"name":"Fertigung f\u00fcr die Automobilindustrie Mexiko"}]},{"@type":"WebSite","@id":"https:\/\/tetakawi.com\/#website","url":"https:\/\/tetakawi.com\/","name":"Tetakawi","description":"","publisher":{"@id":"https:\/\/tetakawi.com\/#organization"},"potentialAction":[{"@type":"SearchAction","target":{"@type":"EntryPoint","urlTemplate":"https:\/\/tetakawi.com\/?s={search_term_string}"},"query-input":"required name=search_term_string"}],"inLanguage":"de"}]}},"_links":{"self":[{"href":"https:\/\/tetakawi.com\/de\/wp-json\/wp\/v2\/pages\/22368"}],"collection":[{"href":"https:\/\/tetakawi.com\/de\/wp-json\/wp\/v2\/pages"}],"about":[{"href":"https:\/\/tetakawi.com\/de\/wp-json\/wp\/v2\/types\/page"}],"author":[{"embeddable":true,"href":"https:\/\/tetakawi.com\/de\/wp-json\/wp\/v2\/users\/1"}],"replies":[{"embeddable":true,"href":"https:\/\/tetakawi.com\/de\/wp-json\/wp\/v2\/comments?post=22368"}],"version-history":[{"count":5,"href":"https:\/\/tetakawi.com\/de\/wp-json\/wp\/v2\/pages\/22368\/revisions"}],"predecessor-version":[{"id":27743,"href":"https:\/\/tetakawi.com\/de\/wp-json\/wp\/v2\/pages\/22368\/revisions\/27743"}],"up":[{"embeddable":true,"href":"https:\/\/tetakawi.com\/de\/wp-json\/wp\/v2\/pages\/22201"}],"wp:featuredmedia":[{"embeddable":true,"href":"https:\/\/tetakawi.com\/de\/wp-json\/wp\/v2\/media\/22393"}],"wp:attachment":[{"href":"https:\/\/tetakawi.com\/de\/wp-json\/wp\/v2\/media?parent=22368"}],"curies":[{"name":"wp","href":"https:\/\/api.w.org\/{rel}","templated":true}]}}