{"id":22303,"date":"2019-07-10T17:09:57","date_gmt":"2019-07-10T17:09:57","guid":{"rendered":"https:\/\/tetakawi.com\/hochspezialisierte-branchen-in-mexiko\/kunststofffertigung-in-mexiko\/"},"modified":"2021-09-28T10:37:41","modified_gmt":"2021-09-28T10:37:41","slug":"kunststofffertigung-in-mexiko","status":"publish","type":"page","link":"https:\/\/tetakawi.com\/de\/hochspezialisierte-branchen-in-mexiko\/kunststofffertigung-in-mexiko\/","title":{"rendered":"Kunststofffertigung in Mexiko"},"content":{"rendered":"<div class=\"vgblk-rw-wrapper limit-wrapper\">\n<h1>\n\tKunststofffertigung in Mexiko\n\t<\/h1>\n\t<p>Mit dem robusten Markt f\u00fcr Spritzgusskomponenten und Produktionsmitteln haben Kunststoffhersteller Mexiko als Standort entdeckt, der ihnen zahlreiche Chancen bietet.<\/p>\n<h2>\n\tDie innovative Kunststoffindustrie in Mexiko hat Potenzial\n\t<\/h2>\n\t<p>Mit einem j\u00e4hrlichen Produktionsvolumen von \u00fcber 20 Milliarden USD ist die Kunststofffertigung eine tragende S\u00e4ule der mexikanischen Industrie. Trotz den j\u00fcngsten Bedenken, den Kunststofferzeugnissen in den Bereichen Lebensmittel und Verpackungen entgegengebracht werden, hat sich die Kunststofffertigung als unanf\u00e4llig gegen\u00fcber Marktverwerfungen erwiesen. 2020 ist die Produktion von Kunststoffverpackungen um 20 % gestiegen. Ausschlaggebend hierf\u00fcr war die Nachfrage nach Reinigungsmitteln, Lebensmitteln und Getr\u00e4nken sowie Medizinprodukten.<\/p>\n<p>Kunststoffhersteller, die f\u00fcr unterschiedliche Produkt- und Industriebereiche t\u00e4tig sind, sichern sich mit der Fertigung in Mexiko einen Wettbewerbsvorteil. Mit dem neuen Blick auf Kunststoffe und dem ge\u00e4nderten Konsumverhalten ist der Markt f\u00fcr innovative Kunststofferzeugnisse nur gewachsen. Kunststoffe sind im Fahrzeugbau, bei Medizinprodukten sowie in der Luft- und Raumfahrtbranche unverzichtbar. Mexikos St\u00e4rken in diesen zusammenh\u00e4ngenden Branchen er\u00f6ffnen Kunststoffherstellern neue Absatzm\u00f6glichkeiten, da ein erh\u00f6hter Bedarf an zuverl\u00e4ssigen Anbietern in Lieferketten besteht. Beispielsweise haben bislang nur wenige Tier-2-Zulieferer der Fahrzeugbranche (wie Spritzgussanbieter und Formenbauer) die Produktion in Mexiko aufgenommen, um L\u00fccken in Lieferketten zu schlie\u00dfen. Die Zulieferer, die diesen Schritt unternommen und sich in der N\u00e4he eines der gro\u00dfen OEMs in Mexiko niedergelassen haben, verzeichnen jedoch ein starkes Wachstum und eine positive Entwicklung.<\/p>\n<h4>\n\tFree Data Sheet\n\t<\/h4>\n<h3>\n\tWhat to know about <br \/>Plastic Manufacturing <br \/>in Mexico\n\t<\/h3>\n\t<p>Thinking about manufacturing in Mexico? Learn about Mexico&#8217;s Plastic industry and how shelter services can help.<\/p>\n\n\t\t\t\t\t\t\t\t\t\t<img loading=\"lazy\" src=\"https:\/\/tetakawi.com\/wp-content\/uploads\/2020\/10\/Quer\u00e9taros-Plastics-Industry-Cluster.png\" alt=\"\u2022 Kunststoffindustrie-Cluster in Quer\u00e9taro\" itemprop=\"image\" height=\"566\" width=\"894\" title=\"Kunststoffindustrie-Cluster in Quer\u00e9taro\" onerror=\"this.style.display='none'\"  sizes=\"(max-width: 768px) 100vw, 100vw\" srcset=\"data:image\/svg+xml;utf8,&lt;svg%20xmlns=&quot;http:\/\/www.w3.org\/2000\/svg&quot;%20viewBox=&quot;0%200%20894%20566&quot;%20height=&quot;566px&quot;%20width=&quot;894px&quot;\/&gt;\" data-srcset=\"https:\/\/tetakawi.com\/wp-content\/uploads\/2020\/10\/Quer\u00e9taros-Plastics-Industry-Cluster.png 894w, https:\/\/tetakawi.com\/wp-content\/uploads\/2020\/10\/Quer\u00e9taros-Plastics-Industry-Cluster-300x190.png 300w, https:\/\/tetakawi.com\/wp-content\/uploads\/2020\/10\/Quer\u00e9taros-Plastics-Industry-Cluster-768x486.png 768w, https:\/\/tetakawi.com\/wp-content\/uploads\/2020\/10\/Quer\u00e9taros-Plastics-Industry-Cluster-630x399.png 630w, https:\/\/tetakawi.com\/wp-content\/uploads\/2020\/10\/Quer\u00e9taros-Plastics-Industry-Cluster-420x266.png 420w, https:\/\/tetakawi.com\/wp-content\/uploads\/2020\/10\/Quer\u00e9taros-Plastics-Industry-Cluster-840x532.png 840w, https:\/\/tetakawi.com\/wp-content\/uploads\/2020\/10\/Quer\u00e9taros-Plastics-Industry-Cluster-315x199.png 315w\" \/>\t\t\t\t\t\t\t\n<h2>\n\tZahlen zur Kunststofffertigung in Mexiko\n\t<\/h2>\n<h4>\n\t20 Milliarden USD\n\t<\/h4>\n<h4>\n\tbetr\u00e4gt der Wert der in Mexiko gefertigten Kunststoffe und Harze.\n\t<\/h4>\n\t<p>Laut Mexikos nationalem Institut f\u00fcr Statistik und Geografie (Instituto Nacional de Estad\u00edstica y Geograf\u00eda, INEGI) wird Mexiko 2020 Kunststoffe und Harze im Wert von 20,4 Milliarden USD fertigen. 12 Milliarden USD entfallen hierbei auf den Export.<\/p>\n<h4>\n\t4.000\n\t<\/h4>\n<h4>\n\tKunststoffhersteller produzieren in Mexiko. \n\t<\/h4>\n\t<p>\u00dcber 4.000 Kunststoffhersteller unterhalten Standorte in Mexiko, u. a. in Coahuila, Sonora, Jalisco, Nuevo Le\u00f3n, Puebla, Quer\u00e9taro, Guanajuato, San Luis Potos\u00ed und Mexiko-Stadt.<\/p>\n<h4>\n\t50 %\n\t<\/h4>\n<h4>\n\tder in Mexiko gefertigten Kunststoffharze sind PET, PVC und HDPE.\n\t<\/h4>\n\t<p>Die Prim\u00e4rkunststoffe PET, PVC und HDPE machen fast die H\u00e4lfte der gesamten Kunstharzproduktion in Mexiko aus. Au\u00dferdem werden zahlreiche Sekund\u00e4r- und Terti\u00e4rkunststoffe wie PP-Folie, PVC-Rohre und -Verbindungen, Laminate und Acrylerzeugnisse gefertigt.<\/p>\n<h2>\n\tProblemlose Aufnahme der Kunststofffertigung mit Tetakawi\n\t<\/h2>\n\t<p>Ob Sie die Fertigung in Mexiko aufnehmen m\u00f6chten oder hier bereits einen Standort unterhalten &#8211; Tetakawi unterst\u00fctzt Ihr Unternehmen bei Gr\u00fcndung, Betrieb und Wachstum in der Kunststofffertigungsbranche des Landes. Mit \u00fcber 34 Jahren Erfahrung im Bereich Fertigung in Mexiko sind wir bestens aufgestellt, Kunststoffhersteller bei der Gr\u00fcndung eigener Maquiladoras in Mexiko zu unterst\u00fctzen. Unsere speziell auf die Anforderungen Ihres Unternehmens zugeschnittenen Serviceleistungen beruhen auf Strategie und Erfahrung. Wir sind der gr\u00f6\u00dfte Offshoring-Dienstleister in Mexiko und Sie k\u00f6nnen sich darauf verlassen, dass wir als zuverl\u00e4ssiger Partner stets an Ihrer Seite stehen. Wir unterst\u00fctzen Sie bei Folgendem:<\/p>\n<ul>\n<li>Auswahl des passenden Standorts f\u00fcr Ihre Kunststofffertigung<\/li>\n<li>Rechtlichen und organisatorischen Fragen sowie beim Aufbau von Supportstrukturen<\/li>\n<li>Anwerbung, Schulung und Bindung von Mitarbeitern<\/li>\n<li>S\u00e4mtlichen administrativen Aufgaben, von Finanzen und Personal bis hin zu Zollangelegenheiten<\/li>\n<li>Reibungslosen Abl\u00e4ufen von der Gr\u00fcndung bis zum Normalbetrieb<\/li>\n<li>Und vielem mehr. Wir \u00fcbernehmen die administrativen Aufgaben f\u00fcr Sie, sodass sich Ihr Team auf den Wettbewerbsvorteil konzentrieren kann: kompetente Fertigung.<\/li>\n<\/ul>\n\t<a href=\"\/solutions\/support-services\/start-up\/\" target=\"_self\" role=\"button\" rel=\"noopener\">\n\t\t\t\t\tSie m\u00f6chten mehr erfahren? <b>Individuelles Dienstleistungsangebot erhalten<\/b>\n\t<\/a>\n<h2>\n\tSetzen Sie sich mit umfassender Unterst\u00fctzung von Tetakawi an die Spitze der Kunststofffertigung.\n\t<\/h2>\n\t<p>Gr\u00fcnden oder erweitern Sie mit unseren kundenspezifischen Dienstleistungen einen Kunststofffertigungsstandort in Mexiko. Von umfassender Beratung bis hin zu schl\u00fcsselfertigen Fertigungsanlagen &#8211; wir unterst\u00fctzen Sie bei jeder Phase der Betriebsaufnahme.<\/p>\n\t\t\tOffshoring-Services\n\t\tKonzentrieren Sie sich auf Ihr Kerngesch\u00e4ft, wir k\u00fcmmern uns um den Rest. Unsere Offshoring-Services sind eine einfache, kosteng\u00fcnstige und risikoarme M\u00f6glichkeit zur Er\u00f6ffnung eines eigenen Kunststofffertigungsstandorts in Mexiko.<br \/>\n<a href=\"https:\/\/tetakawi.com\/de\/losung-finden\/supportleistungen\/offshoring-services-von-tetakawi\/\">Mehr erfahren &#8230;<\/a>\n\t\t\tPerfekte Kommunikation\n\t\tMit dem optimalen Expertenteam, das die termin- und budgetgerechte Umsetzung Ihrer Markteintrittsstrategie gew\u00e4hrleistet, gelingt der erfolgreiche Start.  <br \/>\n<a href=\"https:\/\/tetakawi.com\/de\/losung-finden\/fertigungscommunitys\/perfekte-kommunikation\/\">Mehr erfahren &#8230;<\/a>\n\t\t\tFertigungscommunitys\n\t\tSchl\u00fcsselfertige Produktionsanlagen mit Gewerbefl\u00e4chen der Klasse A, Vor-Ort-Support und Offshoring-Dienstleistungen sorgen f\u00fcr eine problemlose Kunststofffertigung.<br \/>\n<a href=\"https:\/\/tetakawi.com\/de\/finden-sie-den-passenden-standort\/fertigung-in-saltillo-coahuila\/manufacturing-communities\/\">Mehr erfahren &#8230;<\/a>\n\t\t\tBeratungsleistungen\n\t\tVon der Standortwahl bis hin zu kundenspezifischen Analysen und Kostensch\u00e4tzungen &#8211; wir treffen fundierte, strategische und umsetzbare Entscheidungen.<br \/>\n<a href=\"https:\/\/tetakawi.com\/de\/losung-finden\/beratungsleistungen\/\">Mehr erfahren &#8230;<\/a>\n<h2>\n\tH\u00e4ufig gestellte Fragen Kunststoffe und deren Fertingung in Mexiko\n\t<\/h2>\n\tWo befinden sich die gr\u00f6\u00dften Kunststoffproduktions-Cluster in Mexiko?\n<p>Kunststoffhersteller haben sich in zahlreichen Regionen Mexikos niedergelassen, darunter Coahuila, Sonora, Jalisco, Quer\u00e9taro, Mexico-Stadt, Nuevo Le\u00f3n, Puebla, Guanajuato und San Luis Potos\u00ed. Ein <a href=\"https:\/\/insights.tetakawi.com\/de\/queretaro-plastics-industry-mexico\">wichtiger Standort ist Quer\u00e9taro<\/a>. In diesem von der Luft- und Raumfahrtbranche sowie dem Fahrzeugbau gepr\u00e4gten Bundesstaat ist die Kunststofffertigung der f\u00fcnftgr\u00f6\u00dfte Industriezweig. Der Kunststoffcluster in diesem Bundesstaat mit Herstellern wie GW Plastics, Adapt, Mitchell Plastics und der Duqueine Group leistet einen entscheidenden Beitrag zur wirtschaftlichen Stellung Mexikos. Wenn Sie mehr erfahren m\u00f6chten oder Hilfe bei der Standortwahl ben\u00f6tigen, ist unser <a href=\"https:\/\/tetakawi.com\/de\/losung-finden\/beratungsleistungen\/standortwahl\/\">Standortwahlservice<\/a> genau das Richtige f\u00fcr Sie.<\/p>\n<p>&nbsp;<\/p>\nWelche Vorz\u00fcge zeichnen Mexiko gegen\u00fcber anderen Standorten f\u00fcr die Kunststofffertigung aus?\n<p>Bei der Kunststofffertigung in Mexiko profitieren Unternehmen von geringen Lohnkosten bei gleichzeitig hohem Ausbildungsniveau. Au\u00dferdem \u00f6ffnet die Fertigung in Mexiko den Zugang zu \u00fcber 50 L\u00e4ndern, mit denen Mexiko <a href=\"https:\/\/insights.tetakawi.com\/top-free-trade-agreements-with-mexico\">Freihandelsabkommen<\/a> geschlossen hat, und bietet zugleich die <a href=\"https:\/\/insights.tetakawi.com\/why-companies-are-nearshoring-to-mexico\">N\u00e4he<\/a> zum nachfragestarken US-Kunststoffmarkt.<\/p>\n<h2>\n\tAktuelle News aus der Kunststofffertigungsbranche\n\t<\/h2>\n\t\t\t\t\t\t\t\t\t\t<img loading=\"lazy\" src=\"https:\/\/tetakawi.com\/wp-content\/uploads\/2020\/10\/Quer\u00e9taros-Plastics-Industry-Cluster.jpg\" alt=\"\u2022 Kunststoffindustrie-Cluster in Quer\u00e9taro\" itemprop=\"image\" height=\"300\" width=\"500\" title=\"Kunststoffindustrie-Cluster in Quer\u00e9taro\" onerror=\"this.style.display='none'\"  sizes=\"(max-width: 768px) 100vw, 100vw\" srcset=\"data:image\/svg+xml;utf8,&lt;svg%20xmlns=&quot;http:\/\/www.w3.org\/2000\/svg&quot;%20viewBox=&quot;0%200%20500%20300&quot;%20height=&quot;300px&quot;%20width=&quot;500px&quot;\/&gt;\" data-srcset=\"https:\/\/tetakawi.com\/wp-content\/uploads\/2020\/10\/Quer\u00e9taros-Plastics-Industry-Cluster.jpg 500w, https:\/\/tetakawi.com\/wp-content\/uploads\/2020\/10\/Quer\u00e9taros-Plastics-Industry-Cluster-300x180.jpg 300w, https:\/\/tetakawi.com\/wp-content\/uploads\/2020\/10\/Quer\u00e9taros-Plastics-Industry-Cluster-420x252.jpg 420w, https:\/\/tetakawi.com\/wp-content\/uploads\/2020\/10\/Quer\u00e9taros-Plastics-Industry-Cluster-315x189.jpg 315w\" \/>\t\t\t\t\t\t\t\n<h4>\n\tKunststoffindustrie-Cluster in Quer\u00e9taro\n\t<\/h4>\n\t<p>Mit Auslandsinvestitionen in Millionenh\u00f6he und einer dynamischen Industrieumgebung ist der Kunststoffcluster von Queretaro auf Wachstumskurs.<\/p>\n\t<a href=\"https:\/\/insights.tetakawi.com\/queretaro-plastics-industry-mexico\" target=\"_self\" role=\"button\" rel=\"noopener\">\n\t\t\t\t\tWeiterlesen\n\t<\/a>\n\t\t\t\t\t\t\t\t\t\t<img loading=\"lazy\" src=\"https:\/\/tetakawi.com\/wp-content\/uploads\/2020\/10\/Shelter-Services-in-Mexico-Everything-You-Need-To-Know.jpg\" alt=\"Offshoring-Services in Mexiko: Was Sie wissen m\u00fcssen\" itemprop=\"image\" height=\"300\" width=\"500\" title=\"Was Sie \u00fcber Offshoring-Services in Mexiko wissen m\u00fcssen\" onerror=\"this.style.display='none'\"  sizes=\"(max-width: 768px) 100vw, 100vw\" srcset=\"data:image\/svg+xml;utf8,&lt;svg%20xmlns=&quot;http:\/\/www.w3.org\/2000\/svg&quot;%20viewBox=&quot;0%200%20500%20300&quot;%20height=&quot;300px&quot;%20width=&quot;500px&quot;\/&gt;\" data-srcset=\"https:\/\/tetakawi.com\/wp-content\/uploads\/2020\/10\/Shelter-Services-in-Mexico-Everything-You-Need-To-Know.jpg 500w, https:\/\/tetakawi.com\/wp-content\/uploads\/2020\/10\/Shelter-Services-in-Mexico-Everything-You-Need-To-Know-300x180.jpg 300w, https:\/\/tetakawi.com\/wp-content\/uploads\/2020\/10\/Shelter-Services-in-Mexico-Everything-You-Need-To-Know-420x252.jpg 420w, https:\/\/tetakawi.com\/wp-content\/uploads\/2020\/10\/Shelter-Services-in-Mexico-Everything-You-Need-To-Know-315x189.jpg 315w\" \/>\t\t\t\t\t\t\t\n<h4>\n\tOffshoring-Services in Mexiko: Was Sie wissen m\u00fcssen\n\t<\/h4>\n\t<p>Sie erw\u00e4gen die Gr\u00fcndung eines Kunststofffertigungsstandorts in Mexiko? Informieren Sie sich \u00fcber die Vorteile, die Offshoring-Services mit sich bringen, sowie entsprechende Anbieter.<\/p>\n\t<a href=\"https:\/\/insights.tetakawi.com\/shelter-services-in-mexico\" target=\"_self\" role=\"button\" rel=\"noopener\">\n\t\t\t\t\tWeiterlesen\n\t<\/a>\n\t\t\t\t\t\t\t\t\t\t<img loading=\"lazy\" src=\"https:\/\/tetakawi.com\/wp-content\/uploads\/2020\/10\/Opportunities-in-Mexicos-Plastics-Manufacturing-Industry.jpg\" alt=\"\u2022 Chancen in der mexikanischen Kunststofffertigung\" itemprop=\"image\" height=\"300\" width=\"500\" title=\"Chancen in der mexikanischen Kunststofffertigung\" onerror=\"this.style.display='none'\"  sizes=\"(max-width: 768px) 100vw, 100vw\" srcset=\"data:image\/svg+xml;utf8,&lt;svg%20xmlns=&quot;http:\/\/www.w3.org\/2000\/svg&quot;%20viewBox=&quot;0%200%20500%20300&quot;%20height=&quot;300px&quot;%20width=&quot;500px&quot;\/&gt;\" data-srcset=\"https:\/\/tetakawi.com\/wp-content\/uploads\/2020\/10\/Opportunities-in-Mexicos-Plastics-Manufacturing-Industry.jpg 500w, https:\/\/tetakawi.com\/wp-content\/uploads\/2020\/10\/Opportunities-in-Mexicos-Plastics-Manufacturing-Industry-300x180.jpg 300w, https:\/\/tetakawi.com\/wp-content\/uploads\/2020\/10\/Opportunities-in-Mexicos-Plastics-Manufacturing-Industry-420x252.jpg 420w, https:\/\/tetakawi.com\/wp-content\/uploads\/2020\/10\/Opportunities-in-Mexicos-Plastics-Manufacturing-Industry-315x189.jpg 315w\" \/>\t\t\t\t\t\t\t\n<h4>\n\tChancen in der mexikanischen Kunststofffertigung\n\t<\/h4>\n\t<p>Mit Innovationen \u00fcber zahlreiche Produktarten und Branchen hinweg bietet die moderne Kunststoffindustrie umfassende Chancen f\u00fcr Hersteller in Mexiko.<\/p>\n\t<a href=\"https:\/\/insights.tetakawi.com\/mexicos-plastic-manufacturing-industry\" target=\"_self\" role=\"button\" rel=\"noopener\">\n\t\t\t\t\tWeiterlesen\n\t<\/a>\n<h2>\n\t<b>Beginnen Sie jetzt mit der Entwicklung Ihrer Strategie f\u00fcr Mexiko.<\/b>\n\t<\/h2>\n\t<p>Sprechen Sie mit einem Experten von Tetakawi und erfahren Sie, wie Ihr Unternehmen in Mexiko erfolgreich sein kann.<\/p>\n\t<a href=\"\/contact\" target=\"_self\" role=\"button\" rel=\"noopener\">\n\t\t\t\t\t<b>Wenden Sie sich an uns.<\/b><b>\n\t<\/b><\/a>\n\n<\/div><!-- .vgblk-rw-wrapper -->","protected":false},"excerpt":{"rendered":"<p>Kunststofffertigung in Mexiko Mit dem robusten Markt f\u00fcr Spritzgusskomponenten und Produktionsmitteln haben Kunststoffhersteller Mexiko als Standort entdeckt, der ihnen zahlreiche Chancen bietet. Die innovative Kunststoffindustrie in Mexiko hat Potenzial Mit einem j\u00e4hrlichen Produktionsvolumen von \u00fcber 20 Milliarden USD ist die Kunststofffertigung eine tragende S\u00e4ule der mexikanischen Industrie. Trotz den j\u00fcngsten Bedenken, den Kunststofferzeugnissen in den&#8230;<\/p>\n","protected":false},"author":1,"featured_media":0,"parent":22201,"menu_order":0,"comment_status":"closed","ping_status":"closed","template":"","meta":{"content-type":"","_monsterinsights_skip_tracking":false,"_monsterinsights_sitenote_active":false,"_monsterinsights_sitenote_note":"","_monsterinsights_sitenote_category":0},"yoast_head":"<!-- This site is optimized with the Yoast SEO Premium plugin v20.6 (Yoast SEO v20.6) - https:\/\/yoast.com\/wordpress\/plugins\/seo\/ -->\n<title>Kunststofffertigung in Mexiko | Tetakawi<\/title>\n<meta name=\"description\" content=\"Sie sind an der Kunststofffertigung in Mexiko interessiert? Beginnen oder erweitern Sie Ihre Fertigung mit Tetakawi, Mexikos gr\u00f6\u00dftem Offshoring-Dienstleister.\" \/>\n<meta name=\"robots\" content=\"index, follow, max-snippet:-1, max-image-preview:large, max-video-preview:-1\" \/>\n<link rel=\"canonical\" href=\"https:\/\/tetakawi.com\/de\/hochspezialisierte-branchen-in-mexiko\/kunststofffertigung-in-mexiko\/\" \/>\n<meta property=\"og:locale\" content=\"de_DE\" \/>\n<meta property=\"og:type\" content=\"article\" \/>\n<meta property=\"og:title\" content=\"Kunststofffertigung in Mexiko\" \/>\n<meta property=\"og:description\" content=\"Sie sind an der Kunststofffertigung in Mexiko interessiert? Beginnen oder erweitern Sie Ihre Fertigung mit Tetakawi, Mexikos gr\u00f6\u00dftem Offshoring-Dienstleister.\" \/>\n<meta property=\"og:url\" content=\"https:\/\/tetakawi.com\/de\/hochspezialisierte-branchen-in-mexiko\/kunststofffertigung-in-mexiko\/\" \/>\n<meta property=\"og:site_name\" content=\"Tetakawi\" \/>\n<meta property=\"article:modified_time\" content=\"2021-09-28T10:37:41+00:00\" \/>\n<meta property=\"og:image\" content=\"https:\/\/tetakawi.com\/wp-content\/uploads\/2020\/10\/Shelter-Services-in-Mexico-Everything-You-Need-To-Know.jpg\" \/>\n<meta name=\"twitter:card\" content=\"summary_large_image\" \/>\n<meta name=\"twitter:label1\" content=\"Gesch\u00e4tzte Lesezeit\" \/>\n\t<meta name=\"twitter:data1\" content=\"5\u00a0Minuten\" \/>\n<script type=\"application\/ld+json\" class=\"yoast-schema-graph\">{\"@context\":\"https:\/\/schema.org\",\"@graph\":[{\"@type\":\"WebPage\",\"@id\":\"https:\/\/tetakawi.com\/de\/hochspezialisierte-branchen-in-mexiko\/kunststofffertigung-in-mexiko\/\",\"url\":\"https:\/\/tetakawi.com\/de\/hochspezialisierte-branchen-in-mexiko\/kunststofffertigung-in-mexiko\/\",\"name\":\"Kunststofffertigung in Mexiko | Tetakawi\",\"isPartOf\":{\"@id\":\"https:\/\/tetakawi.com\/#website\"},\"datePublished\":\"2019-07-10T17:09:57+00:00\",\"dateModified\":\"2021-09-28T10:37:41+00:00\",\"description\":\"Sie sind an der Kunststofffertigung in Mexiko interessiert? Beginnen oder erweitern Sie Ihre Fertigung mit Tetakawi, Mexikos gr\u00f6\u00dftem Offshoring-Dienstleister.\",\"breadcrumb\":{\"@id\":\"https:\/\/tetakawi.com\/de\/hochspezialisierte-branchen-in-mexiko\/kunststofffertigung-in-mexiko\/#breadcrumb\"},\"inLanguage\":\"de\",\"potentialAction\":[{\"@type\":\"ReadAction\",\"target\":[\"https:\/\/tetakawi.com\/de\/hochspezialisierte-branchen-in-mexiko\/kunststofffertigung-in-mexiko\/\"]}]},{\"@type\":\"BreadcrumbList\",\"@id\":\"https:\/\/tetakawi.com\/de\/hochspezialisierte-branchen-in-mexiko\/kunststofffertigung-in-mexiko\/#breadcrumb\",\"itemListElement\":[{\"@type\":\"ListItem\",\"position\":1,\"name\":\"Home\",\"item\":\"https:\/\/tetakawi.com\/de\/\"},{\"@type\":\"ListItem\",\"position\":2,\"name\":\"Hochspezialisierte Branchen in Mexiko\",\"item\":\"https:\/\/tetakawi.com\/de\/hochspezialisierte-branchen-in-mexiko\/\"},{\"@type\":\"ListItem\",\"position\":3,\"name\":\"Kunststofffertigung in Mexiko\"}]},{\"@type\":\"WebSite\",\"@id\":\"https:\/\/tetakawi.com\/#website\",\"url\":\"https:\/\/tetakawi.com\/\",\"name\":\"Tetakawi\",\"description\":\"\",\"publisher\":{\"@id\":\"https:\/\/tetakawi.com\/#organization\"},\"potentialAction\":[{\"@type\":\"SearchAction\",\"target\":{\"@type\":\"EntryPoint\",\"urlTemplate\":\"https:\/\/tetakawi.com\/?s={search_term_string}\"},\"query-input\":\"required name=search_term_string\"}],\"inLanguage\":\"de\"}]}<\/script>\n<!-- \/ Yoast SEO Premium plugin. -->","yoast_head_json":{"title":"Kunststofffertigung in Mexiko | Tetakawi","description":"Sie sind an der Kunststofffertigung in Mexiko interessiert? Beginnen oder erweitern Sie Ihre Fertigung mit Tetakawi, Mexikos gr\u00f6\u00dftem Offshoring-Dienstleister.","robots":{"index":"index","follow":"follow","max-snippet":"max-snippet:-1","max-image-preview":"max-image-preview:large","max-video-preview":"max-video-preview:-1"},"canonical":"https:\/\/tetakawi.com\/de\/hochspezialisierte-branchen-in-mexiko\/kunststofffertigung-in-mexiko\/","og_locale":"de_DE","og_type":"article","og_title":"Kunststofffertigung in Mexiko","og_description":"Sie sind an der Kunststofffertigung in Mexiko interessiert? Beginnen oder erweitern Sie Ihre Fertigung mit Tetakawi, Mexikos gr\u00f6\u00dftem Offshoring-Dienstleister.","og_url":"https:\/\/tetakawi.com\/de\/hochspezialisierte-branchen-in-mexiko\/kunststofffertigung-in-mexiko\/","og_site_name":"Tetakawi","article_modified_time":"2021-09-28T10:37:41+00:00","og_image":[{"url":"https:\/\/tetakawi.com\/wp-content\/uploads\/2020\/10\/Shelter-Services-in-Mexico-Everything-You-Need-To-Know.jpg"}],"twitter_card":"summary_large_image","twitter_misc":{"Gesch\u00e4tzte Lesezeit":"5\u00a0Minuten"},"schema":{"@context":"https:\/\/schema.org","@graph":[{"@type":"WebPage","@id":"https:\/\/tetakawi.com\/de\/hochspezialisierte-branchen-in-mexiko\/kunststofffertigung-in-mexiko\/","url":"https:\/\/tetakawi.com\/de\/hochspezialisierte-branchen-in-mexiko\/kunststofffertigung-in-mexiko\/","name":"Kunststofffertigung in Mexiko | Tetakawi","isPartOf":{"@id":"https:\/\/tetakawi.com\/#website"},"datePublished":"2019-07-10T17:09:57+00:00","dateModified":"2021-09-28T10:37:41+00:00","description":"Sie sind an der Kunststofffertigung in Mexiko interessiert? Beginnen oder erweitern Sie Ihre Fertigung mit Tetakawi, Mexikos gr\u00f6\u00dftem Offshoring-Dienstleister.","breadcrumb":{"@id":"https:\/\/tetakawi.com\/de\/hochspezialisierte-branchen-in-mexiko\/kunststofffertigung-in-mexiko\/#breadcrumb"},"inLanguage":"de","potentialAction":[{"@type":"ReadAction","target":["https:\/\/tetakawi.com\/de\/hochspezialisierte-branchen-in-mexiko\/kunststofffertigung-in-mexiko\/"]}]},{"@type":"BreadcrumbList","@id":"https:\/\/tetakawi.com\/de\/hochspezialisierte-branchen-in-mexiko\/kunststofffertigung-in-mexiko\/#breadcrumb","itemListElement":[{"@type":"ListItem","position":1,"name":"Home","item":"https:\/\/tetakawi.com\/de\/"},{"@type":"ListItem","position":2,"name":"Hochspezialisierte Branchen in Mexiko","item":"https:\/\/tetakawi.com\/de\/hochspezialisierte-branchen-in-mexiko\/"},{"@type":"ListItem","position":3,"name":"Kunststofffertigung in Mexiko"}]},{"@type":"WebSite","@id":"https:\/\/tetakawi.com\/#website","url":"https:\/\/tetakawi.com\/","name":"Tetakawi","description":"","publisher":{"@id":"https:\/\/tetakawi.com\/#organization"},"potentialAction":[{"@type":"SearchAction","target":{"@type":"EntryPoint","urlTemplate":"https:\/\/tetakawi.com\/?s={search_term_string}"},"query-input":"required name=search_term_string"}],"inLanguage":"de"}]}},"_links":{"self":[{"href":"https:\/\/tetakawi.com\/de\/wp-json\/wp\/v2\/pages\/22303"}],"collection":[{"href":"https:\/\/tetakawi.com\/de\/wp-json\/wp\/v2\/pages"}],"about":[{"href":"https:\/\/tetakawi.com\/de\/wp-json\/wp\/v2\/types\/page"}],"author":[{"embeddable":true,"href":"https:\/\/tetakawi.com\/de\/wp-json\/wp\/v2\/users\/1"}],"replies":[{"embeddable":true,"href":"https:\/\/tetakawi.com\/de\/wp-json\/wp\/v2\/comments?post=22303"}],"version-history":[{"count":5,"href":"https:\/\/tetakawi.com\/de\/wp-json\/wp\/v2\/pages\/22303\/revisions"}],"predecessor-version":[{"id":27818,"href":"https:\/\/tetakawi.com\/de\/wp-json\/wp\/v2\/pages\/22303\/revisions\/27818"}],"up":[{"embeddable":true,"href":"https:\/\/tetakawi.com\/de\/wp-json\/wp\/v2\/pages\/22201"}],"wp:attachment":[{"href":"https:\/\/tetakawi.com\/de\/wp-json\/wp\/v2\/media?parent=22303"}],"curies":[{"name":"wp","href":"https:\/\/api.w.org\/{rel}","templated":true}]}}