{"id":22202,"date":"2019-07-10T17:09:54","date_gmt":"2019-07-10T17:09:54","guid":{"rendered":"https:\/\/tetakawi.com\/hochspezialisierte-branchen-in-mexiko\/medizingeratefertigung-in-mexiko\/"},"modified":"2021-09-01T16:02:55","modified_gmt":"2021-09-01T16:02:55","slug":"medizingeratefertigung-in-mexiko","status":"publish","type":"page","link":"https:\/\/tetakawi.com\/de\/hochspezialisierte-branchen-in-mexiko\/medizingeratefertigung-in-mexiko\/","title":{"rendered":"Medizinproduktefertigung in Mexiko"},"content":{"rendered":"<div class=\"vgblk-rw-wrapper limit-wrapper\">\n\n<h1>\n\tMedizinprodukte Mexiko\n\t<\/h1>\n\t<p>Von Kundenn\u00e4he bis hin zu praktischer Logistik &#8211; die Vorteile der Medizintechnik- und Medizinproduketfertigung in Mexiko machen das Land seit Jahrzehnten attraktiv f\u00fcr Hersteller aus aller Welt.<\/p>\n<h2>\n\tDie gr\u00f6\u00dften Unternehmen der Welt, die Medizinprodukte und Medizintechnik in Mexiko herstellen\n\t<\/h2>\n\t<p>Lebensrettende Medizinprodukte und Medizintechnik stehen beim Thema Exporte der Fertigungsunternehmen Mexikos nicht im Fokus, doch einige der wichtigsten Player der Branche fertigen hier Medizinprodukte und Medizintechnik. Hierzu geh\u00f6ren Medtronic, Johnson &amp; Johnson, Welch Allyn und GE Medical Systems. All diese Unternehmen profitieren von den kurzen Lieferzeiten und dem Zugang zu bestens ausgebildetem Personal. Von Pipetten und Kan\u00fclen bis hin zu Herzschrittmachern und Beatmungsger\u00e4ten &#8211; die Medizinproduktefertigung in Mexiko ist ein wichtiges Standbein der Fertigungsindustrie des Landes. Mexiko hat bislang Medizinprodukte und Medizintechnik im Wert von 9 Milliarden USD pro Jahr exportiert. Prognosen des nationalen Instituts f\u00fcr Statistik und Geografie (Instituto Nacional de Estad\u00edstica y Geograf\u00eda, INEGI) lassen f\u00fcr 2020 ein Anwachsen dieses Umfangs auf 15 Milliarden USD erwarten.<\/p>\n<p>\u00a0<\/p>\n<p>Die Lage ist der vielleicht entscheidendste Faktor f\u00fcr den Erfolg der Medizinproduktefertigung in Mexiko. Die Fertigungsunternehmen Mexikos befinden sich in unmittelbarer N\u00e4he zu einigen der gr\u00f6\u00dften Medizinproduktem\u00e4rkte in den USA. San Diego in Kalifornien ist das viertgr\u00f6\u00dfte Life-Science-Zentrum des Landes. Hier haben \u00fcber 600 Medizintechnik- und\u00a0 Medizinproduktehersteller ihren Sitz. Gleich nebenan, auf der anderen Seite der Grenze, liegt <a href=\"https:\/\/tetakawi.com\/de\/finden-sie-den-passenden-standort\/fertigung-in-tijuana-baja-california\/\">Tijuana<\/a>. Die Stadt ist eine knappe halbe Autostunde entfernt von der Boomregion Baja California. Chihuahua, Coahuila, Nuevo Le\u00f3n, Jalisco, Sonora und Tamaulipas sind ebenfalls einfach zu erreichen und beherbergen zahlreiche Unternehmen der Medizintechnik- und Medizinproduktefertigung in Mexiko.<\/p>\n<h4>\n\tFree Data Sheet\n\t<\/h4>\n<h3>\n\tWhat to know about <br \/>Medical Device Manufacturing <br \/>in Mexico\n\t<\/h3>\n\t<p>Thinking about manufacturing in Mexico? Learn about Mexico&#8217;s Medical Device industry and how shelter services can help.<\/p>\n\n\t\t\t\t\t\t\t\t\t\t<img loading=\"lazy\" src=\"https:\/\/tetakawi.com\/wp-content\/uploads\/2018\/11\/medicaldevice-manufacturing-tetakawi.jpg\" alt=\"medicaldevice-manufacturing-mexico-tetakawi\" itemprop=\"image\" height=\"667\" width=\"1000\" title=\"medicaldevice-manufacturing-tetakawi\" onerror=\"this.style.display='none'\"  sizes=\"(max-width: 768px) 100vw, 100vw\" srcset=\"data:image\/svg+xml;utf8,&lt;svg%20xmlns=&quot;http:\/\/www.w3.org\/2000\/svg&quot;%20viewBox=&quot;0%200%201000%20667&quot;%20height=&quot;667px&quot;%20width=&quot;1000px&quot;\/&gt;\" data-srcset=\"https:\/\/tetakawi.com\/wp-content\/uploads\/2018\/11\/medicaldevice-manufacturing-tetakawi.jpg 1000w, https:\/\/tetakawi.com\/wp-content\/uploads\/2018\/11\/medicaldevice-manufacturing-tetakawi-300x200.jpg 300w, https:\/\/tetakawi.com\/wp-content\/uploads\/2018\/11\/medicaldevice-manufacturing-tetakawi-768x512.jpg 768w, https:\/\/tetakawi.com\/wp-content\/uploads\/2018\/11\/medicaldevice-manufacturing-tetakawi-630x420.jpg 630w, https:\/\/tetakawi.com\/wp-content\/uploads\/2018\/11\/medicaldevice-manufacturing-tetakawi-420x280.jpg 420w, https:\/\/tetakawi.com\/wp-content\/uploads\/2018\/11\/medicaldevice-manufacturing-tetakawi-840x560.jpg 840w, https:\/\/tetakawi.com\/wp-content\/uploads\/2018\/11\/medicaldevice-manufacturing-tetakawi-315x210.jpg 315w\" \/>\t\t\t\t\t\t\t\n<h2>\n\tStatistiken zur Industrie: Medizinprodukte und Medizintechnik  Mexiko\n\t<\/h2>\n<h4>\n\t15 Milliarden USD\n\t<\/h4>\n<h4>\n\tbetr\u00e4gt das Volumen der Medizinproduktefertigung in Mexiko.\n\t<\/h4>\n\t<p>Mexiko ist der f\u00fchrende Medizinprodukteproduzent Lateinamerikas sowie der achtgr\u00f6\u00dfte der Welt. Au\u00dferdem ist Mexiko der f\u00fchrende Exporteur von Medizintechnik- und Medizinprodukten in die USA. Das Spektrum reicht von Herzschrittmachern bis hin zu Beatmungsger\u00e4ten.<\/p>\n<h4>\n\t140.000\n\t<\/h4>\n<h4>\n\tArbeitspl\u00e4tze hat die Medizinproduktefertigung in Mexiko geschaffen.\n\t<\/h4>\n\t<p>Laut dem AMID (Verband der Hersteller innovativer Medizinger\u00e4te Mexikos) hat sich die Medizinproduktefertigung in Mexiko zu einem der wichtigen Arbeitgeber des Landes entwickelt. \u00dcber 71.000 dieser Arbeitspl\u00e4tze befinden sich in der Region Baja California.<\/p>\n<h4>\n\t&gt;75\n\t<\/h4>\n<h4>\n\tFertigungsunternehmen befinden sich allein in der Region Baja California.\n\t<\/h4>\n\t<p>Das Industriezentrum Baja California leistet einen entscheidenden Beitrag zum Erfolg der Medizinproduktefertigung in Mexiko.\u00a0 Die \u00fcber 75 mexikanische Fertigungsunternehmen in der Region machen etwa 50 Prozent der gesamten Medizinprodukteindustrie in Mexiko aus.<\/p>\n<h2>\n\tMedizinproduktfertigung:  jetzt in den Mexikos Markt starten mit Tetakawi\n\t<\/h2>\n\t<p>Ob Sie die Fertigung in Mexiko aufnehmen m\u00f6chten oder hier bereits einen Standort unterhalten &#8211; unsere Tetakawi Manager unterst\u00fctzen\u00a0 Ihr Unternehmen bei Gr\u00fcndung, Betrieb und Wachstum in der robusten Medizinproduktebranche des Landes. Mit \u00fcber 34 Jahren Erfahrung im Bereich Fertigung in Mexiko sind wir bestens aufgestellt, Medizinproduktehersteller bei der Aufnahme der Fertigung in Mexiko zu unterst\u00fctzen. Unsere speziell auf die Anforderungen Ihres Unternehmens zugeschnittenen Serviceleistungen beruhen auf Strategie und Erfahrung. Wir sind der gr\u00f6\u00dfte Offshoring-Dienstleister in Mexiko und Sie k\u00f6nnen sich darauf verlassen, dass wir als zuverl\u00e4ssiger Partner stets an Ihrer Seite stehen. Wir unterst\u00fctzen Sie bei Folgendem:<\/p>\n<p>&nbsp;<\/p>\n<ul>\n<li>Auswahl des passenden Standorts f\u00fcr Ihre Medizinprodukte-Maquiladora in Mexiko<\/li>\n<li>Rechtlichen und organisatorischen Fragen sowie beim Aufbau von Supportstrukturen<\/li>\n<li>Anwerbung, Schulung und Bindung von Mitarbeitern<\/li>\n<li>S\u00e4mtlichen administrativen Aufgaben, von Finanzen und Personal bis hin zu Zollangelegenheiten<\/li>\n<li>Reibungslosen Abl\u00e4ufen von der Gr\u00fcndung bis zum Normalbetrieb<\/li>\n<li>Und vielem mehr. Wir \u00fcbernehmen die administrativen Aufgaben f\u00fcr Sie, sodass sich Ihr Team auf den Wettbewerbsvorteil konzentrieren kann: kompetente Fertigung, Entwicklung\u00a0 und Ergebnisse. <\/li>\n<\/ul>\n\t<a href=\"\/solutions\/support-services\/start-up\/\" target=\"_self\" role=\"button\" rel=\"noopener\">\n\t\t\t\t\tSie m\u00f6chten mehr erfahren? <b>Individuelles Dienstleistungsangebot erhalten<\/b>\n\t<\/a>\n<h2>\n\tVon der Erstberatung bis zur erfolgreichen Zulassung: umfassende Unterst\u00fctzung beim Markteintritt in Mexiko <\/h2>\n\t\n\t<p>Gr\u00fcnden oder erweitern Sie mit unseren kundenspezifischen Dienstleistungen einen Medizinproduktefertigungsstandort in Mexiko. Von umfassender Beratung bis hin zu schl\u00fcsselfertigen Fertigungsanlagen &#8211; wir unterst\u00fctzen Sie bei jeder Phase der Betriebsaufnahme.<\/p>\n\t\t\tOffshoring-Services\n\t\tKonzentrieren Sie sich auf Ihr Kerngesch\u00e4ft, wir k\u00fcmmern uns um den Rest. Unsere Offshoring-Services sind eine einfache, kosteng\u00fcnstige und risikoarme M\u00f6glichkeit zur Er\u00f6ffnung eines eigenen Medizinproduktefertigungsstandort in Mexiko.<br \/>\n<a href=\"https:\/\/tetakawi.com\/de\/losung-finden\/supportleistungen\/offshoring-services-von-tetakawi\/\">Mehr erfahren &#8230;<\/a>\n\t\t\tPerfekte Kommunikation\n\t\tMit dem optimalen Expertenteam, das die termin- und budgetgerechte Umsetzung Ihrer Markteintrittsstrategie gew\u00e4hrleistet, gelingt der erfolgreiche Start.  <br \/>\n<a href=\"https:\/\/tetakawi.com\/de\/losung-finden\/fertigungscommunitys\/perfekte-kommunikation\/\">Mehr erfahren &#8230;<\/a>\n\t\t\tFertigungscommunitys\n\t\tSchl\u00fcsselfertige Produktionsanlagen mit Gewerbefl\u00e4chen der Klasse A, Vor-Ort-Support und Offshoring-Dienstleistungen sorgen f\u00fcr eine problemlose Medizinproduktefertigung in Mexiko.<br \/>\n<a href=\"https:\/\/tetakawi.com\/de\/finden-sie-den-passenden-standort\/fertigung-in-saltillo-coahuila\/manufacturing-communities\/\">Mehr erfahren &#8230;<\/a>\n\t\t\tBeratungsleistungen\n\t\tVon der Standortwahl bis hin zu kundenspezifischen Analysen und Kostensch\u00e4tzungen &#8211; wir treffen fundierte, strategische und umsetzbare Entscheidungen.<br \/>\n<a href=\"https:\/\/tetakawi.com\/de\/losung-finden\/beratungsleistungen\/\">Mehr erfahren &#8230;<\/a>\n<h2>\n\tH\u00e4ufig gestellte Fragen zur Herstellung von Medizinprodukten und Medizintechnik in Mexiko\n\t<\/h2>\n\t<b>Wie sieht es mit dem Arbeitskr\u00e4fteangebot f\u00fcr die <\/b><b>Medizinprodukt<\/b><b>e<\/b><b>fertigung<\/b><b> in Mexiko aus?<\/b>\n<p>Die <a href=\"https:\/\/insights.tetakawi.com\/de\/overview-of-medical-device-manufacturing-in-mexico\">Herstellung von Medizinprodukten und Medizintechnik<\/a>\u00a0 in Mexiko ist einer der gr\u00f6\u00dften Arbeitgeber in Tijuana und nahegelegenen Regionen im Bundesstaat Baja California. Ein leistungsf\u00e4higes Bildungssystem, die Verf\u00fcgbarkeit von Kompetenzen aus der Hightech-Industrie sowie die geringen Lohnkosten sind Vorteile, die den mexikanischen Arbeitsmarkt f\u00fcr die Medizinproduktefertigung in Mexiko so attraktiv machen.<\/p>\n<p>&nbsp;<\/p>\nWo sollten sich Medizinproduktehersteller in Mexiko niederlassen?\n<p>Nuevo Leon ist eine der st\u00e4rksten Regionen in der Haushaltsger\u00e4tefertigung und besch\u00e4ftigt 22 % der direkt in Mexiko mit Elektroger\u00e4ten besch\u00e4ftigten Arbeitnehmer. In der Region befindet sich das CLELAC (Haushaltsger\u00e4tecluster Nuevo Leon), der Industrie, Forschung und Regierung zur St\u00e4rkung des Haushaltsger\u00e4tefertigungssektors in Mexiko vereint. Viele Stufe-1-, Stufe-2- und Stufe-3-Unternehmen in der Haushaltsger\u00e4tefertigung suchen sich f\u00fcr ihre Maquiladoras einen Standort in Saltillo. Saltillo liegt etwa eine Stunde entfernt von Monterrey, hier liegen die L\u00f6hne jedoch 15 bis 20 Prozent niedriger. Haushaltsger\u00e4tehersteller und ihre Lieferanten sind in ganzen Land angesiedelt, beispielsweise in Coahuila, Chihuahua, Mexiko-Stadt, Guanajuato, Queretaro, San Luis Potosi und Tamaulipas. Wenn Sie mehr erfahren m\u00f6chten oder Hilfe bei der Standortwahl ben\u00f6tigen, ist unser <a href=\"https:\/\/tetakawi.com\/de\/losung-finden\/beratungsleistungen\/standortwahl\/\">Standortwahlservice<\/a> genau das Richtige f\u00fcr Sie.<\/p>\n<p>&nbsp;<\/p>\nWelchen Bestimmungen unterliegt die Medizinproduktefertigung in Mexiko?\n<p>Die Gesundheitswirtschaft in Mexiko unterliegt den Regelungen der Bundeskommission zum Schutz vor Gesundheitsrisiken, die seit 2001 f\u00fcr die Festlegung der Import-\/Exportbestimmungen zust\u00e4ndig ist. In den USA, dem wichtigsten Abnehmer der Medizinproduktefertigung in Mexiko, unterliegen die Fertigung, Verpackung und Kennzeichnung von Medizinprodukten der FDA (United States Food and Drug Administration). Die Produktion wird engmaschig kontrolliert und aufgrund der strikten Compliance-Bestimmungen entscheiden sich zahlreiche Hersteller f\u00fcr die Zusammenarbeit mit einem<a href=\"https:\/\/tetakawi.com\/de\/losung-finden\/supportleistungen\/offshoring-services-von-tetakawi\/\"> Offshoring-Anbieter wie Tetakawi<\/a>, der sich bestens in diesem Bereich auskennt.<\/p>\n<h2>\n\tAktuelle News aus der Medizinproduktefertigung\n\t<\/h2>\n\t\t\t\t\t\t\t\t\t\t<img loading=\"lazy\" src=\"https:\/\/tetakawi.com\/wp-content\/uploads\/2020\/10\/An-Overview-of-Medical-Device-Manufacturing-in-Mexico.jpg\" alt=\"\u00dcbersicht \u00fcber die Medizinproduktefertigung in Mexiko\" itemprop=\"image\" height=\"300\" width=\"500\" title=\"\u00dcbersicht \u00fcber die Medizinproduktefertigung in Mexiko\" onerror=\"this.style.display='none'\"  sizes=\"(max-width: 768px) 100vw, 100vw\" srcset=\"data:image\/svg+xml;utf8,&lt;svg%20xmlns=&quot;http:\/\/www.w3.org\/2000\/svg&quot;%20viewBox=&quot;0%200%20500%20300&quot;%20height=&quot;300px&quot;%20width=&quot;500px&quot;\/&gt;\" data-srcset=\"https:\/\/tetakawi.com\/wp-content\/uploads\/2020\/10\/An-Overview-of-Medical-Device-Manufacturing-in-Mexico.jpg 500w, https:\/\/tetakawi.com\/wp-content\/uploads\/2020\/10\/An-Overview-of-Medical-Device-Manufacturing-in-Mexico-300x180.jpg 300w, https:\/\/tetakawi.com\/wp-content\/uploads\/2020\/10\/An-Overview-of-Medical-Device-Manufacturing-in-Mexico-420x252.jpg 420w, https:\/\/tetakawi.com\/wp-content\/uploads\/2020\/10\/An-Overview-of-Medical-Device-Manufacturing-in-Mexico-315x189.jpg 315w\" \/>\t\t\t\t\t\t\t\n<h4>\n\t\u00dcbersicht \u00fcber die Medizinproduktefertigung in Mexiko\n\t<\/h4>\n\t<p>F\u00fchrende Healthcare-Unternehmen zieht es nach Mexiko, einem der gr\u00f6\u00dften Medizinprodukteproduzenten der Welt.<\/p>\n\t<a href=\"https:\/\/insights.tetakawi.com\/overview-of-medical-device-manufacturing-in-mexico\" target=\"_self\" role=\"button\" rel=\"noopener\">\n\t\t\t\t\tWeiterlesen\n\t<\/a>\n\t\t\t\t\t\t\t\t\t\t<img loading=\"lazy\" src=\"https:\/\/tetakawi.com\/wp-content\/uploads\/2020\/10\/Shelter-Services-in-Mexico-Everything-You-Need-To-Know.jpg\" alt=\"Offshoring-Services in Mexiko: Was Sie wissen m\u00fcssen\" itemprop=\"image\" height=\"300\" width=\"500\" title=\"Was Sie \u00fcber Offshoring-Services in Mexiko wissen m\u00fcssen\" onerror=\"this.style.display='none'\"  sizes=\"(max-width: 768px) 100vw, 100vw\" srcset=\"data:image\/svg+xml;utf8,&lt;svg%20xmlns=&quot;http:\/\/www.w3.org\/2000\/svg&quot;%20viewBox=&quot;0%200%20500%20300&quot;%20height=&quot;300px&quot;%20width=&quot;500px&quot;\/&gt;\" data-srcset=\"https:\/\/tetakawi.com\/wp-content\/uploads\/2020\/10\/Shelter-Services-in-Mexico-Everything-You-Need-To-Know.jpg 500w, https:\/\/tetakawi.com\/wp-content\/uploads\/2020\/10\/Shelter-Services-in-Mexico-Everything-You-Need-To-Know-300x180.jpg 300w, https:\/\/tetakawi.com\/wp-content\/uploads\/2020\/10\/Shelter-Services-in-Mexico-Everything-You-Need-To-Know-420x252.jpg 420w, https:\/\/tetakawi.com\/wp-content\/uploads\/2020\/10\/Shelter-Services-in-Mexico-Everything-You-Need-To-Know-315x189.jpg 315w\" \/>\t\t\t\t\t\t\t\n<h4>\n\tOffshoring-Services in Mexiko: Was Sie wissen m\u00fcssen\n\t<\/h4>\n\t<p>Sie erw\u00e4gen die Gr\u00fcndung eines Medizinproduktefertigungsstandorts in Mexiko? Informieren Sie sich \u00fcber die Vorteile, die Offshoring-Services mit sich bringen, sowie entsprechende Anbieter.<\/p>\n\t<a href=\"https:\/\/insights.tetakawi.com\/shelter-services-in-mexico\" target=\"_self\" role=\"button\" rel=\"noopener\">\n\t\t\t\t\tWeiterlesen\n\t<\/a>\n\t\t\t\t\t\t\t\t\t\t<img loading=\"lazy\" src=\"https:\/\/tetakawi.com\/wp-content\/uploads\/2020\/10\/How-Medical-Device-Manufacturers-Create-Supplier-Relationships.jpg\" alt=\"Wie Medizinproduktehersteller ein Lieferantennetz aufbauen\" itemprop=\"image\" height=\"300\" width=\"500\" title=\"Wie Medizinproduktehersteller ein Lieferantennetz aufbauen\" onerror=\"this.style.display='none'\"  sizes=\"(max-width: 768px) 100vw, 100vw\" srcset=\"data:image\/svg+xml;utf8,&lt;svg%20xmlns=&quot;http:\/\/www.w3.org\/2000\/svg&quot;%20viewBox=&quot;0%200%20500%20300&quot;%20height=&quot;300px&quot;%20width=&quot;500px&quot;\/&gt;\" data-srcset=\"https:\/\/tetakawi.com\/wp-content\/uploads\/2020\/10\/How-Medical-Device-Manufacturers-Create-Supplier-Relationships.jpg 500w, https:\/\/tetakawi.com\/wp-content\/uploads\/2020\/10\/How-Medical-Device-Manufacturers-Create-Supplier-Relationships-300x180.jpg 300w, https:\/\/tetakawi.com\/wp-content\/uploads\/2020\/10\/How-Medical-Device-Manufacturers-Create-Supplier-Relationships-420x252.jpg 420w, https:\/\/tetakawi.com\/wp-content\/uploads\/2020\/10\/How-Medical-Device-Manufacturers-Create-Supplier-Relationships-315x189.jpg 315w\" \/>\t\t\t\t\t\t\t\n<h4>\n\tWie Medizinproduktehersteller ein Lieferantennetz aufbauen\n\t<\/h4>\n\t<p>Zuverl\u00e4ssige Lieferantenbeziehungen sind entscheidend f\u00fcr die Erf\u00fcllung der strengen Qualit\u00e4tsrichtlinien der Medizinproduktefertigung.<\/p>\n\t<a href=\"https:\/\/insights.tetakawi.com\/the-secret-to-creating-supplier-relationships-for-medical-device-manufacturers\" target=\"_self\" role=\"button\" rel=\"noopener\">\n\t\t\t\t\tWeiterlesen\n\t<\/a>\n<h2>\n\t<b>Beginnen Sie jetzt mit der Entwicklung Ihrer Strategie f\u00fcr Mexiko.<\/b>\n\t<\/h2>\n\t<p>Sprechen Sie mit einem Experten von Tetakawi und erfahren Sie, wie Ihr Unternehmen in Mexiko erfolgreich sein kann.<\/p>\n\t<a href=\"\/contact\" target=\"_self\" role=\"button\" rel=\"noopener\">\n\t\t\t\t\t<b>Wenden Sie sich an uns.<\/b><b>\n\t<\/b><\/a>\n\n<\/div><!-- .vgblk-rw-wrapper -->","protected":false},"excerpt":{"rendered":"<p>Medizinprodukte Mexiko Von Kundenn\u00e4he bis hin zu praktischer Logistik &#8211; die Vorteile der Medizintechnik- und Medizinproduketfertigung in Mexiko machen das Land seit Jahrzehnten attraktiv f\u00fcr Hersteller aus aller Welt. Die gr\u00f6\u00dften Unternehmen der Welt, die Medizinprodukte und Medizintechnik in Mexiko herstellen Lebensrettende Medizinprodukte und Medizintechnik stehen beim Thema Exporte der Fertigungsunternehmen Mexikos nicht im Fokus,&#8230;<\/p>\n","protected":false},"author":1,"featured_media":0,"parent":22201,"menu_order":0,"comment_status":"closed","ping_status":"closed","template":"","meta":{"content-type":"","_monsterinsights_skip_tracking":false,"_monsterinsights_sitenote_active":false,"_monsterinsights_sitenote_note":"","_monsterinsights_sitenote_category":0},"yoast_head":"<!-- This site is optimized with the Yoast SEO Premium plugin v20.6 (Yoast SEO v20.6) - https:\/\/yoast.com\/wordpress\/plugins\/seo\/ -->\n<title>Medizinprodukte Mexiko | Tetakawi<\/title>\n<meta name=\"description\" content=\"Unternehmen sichern sich mit der Medizinproduktefertigung in Mexiko einen Wettbewerbsvorteil Mit Tetakawi, Mexikos gr\u00f6\u00dftem Offshoring-Dienstleister, gelingt Ihnen ein dynamischer Start.\" \/>\n<meta name=\"robots\" content=\"index, follow, max-snippet:-1, max-image-preview:large, max-video-preview:-1\" \/>\n<link rel=\"canonical\" href=\"https:\/\/tetakawi.com\/de\/hochspezialisierte-branchen-in-mexiko\/medizingeratefertigung-in-mexiko\/\" \/>\n<meta property=\"og:locale\" content=\"de_DE\" \/>\n<meta property=\"og:type\" content=\"article\" \/>\n<meta property=\"og:title\" content=\"Medizinproduktefertigung in Mexiko\" \/>\n<meta property=\"og:description\" content=\"Unternehmen sichern sich mit der Medizinproduktefertigung in Mexiko einen Wettbewerbsvorteil Mit Tetakawi, Mexikos gr\u00f6\u00dftem Offshoring-Dienstleister, gelingt Ihnen ein dynamischer Start.\" \/>\n<meta property=\"og:url\" content=\"https:\/\/tetakawi.com\/de\/hochspezialisierte-branchen-in-mexiko\/medizingeratefertigung-in-mexiko\/\" \/>\n<meta property=\"og:site_name\" content=\"Tetakawi\" \/>\n<meta property=\"article:modified_time\" content=\"2021-09-01T16:02:55+00:00\" \/>\n<meta property=\"og:image\" content=\"https:\/\/tetakawi.com\/wp-content\/uploads\/2018\/11\/medicaldevice-manufacturing-tetakawi.jpg\" \/>\n<meta name=\"twitter:card\" content=\"summary_large_image\" \/>\n<meta name=\"twitter:label1\" content=\"Gesch\u00e4tzte Lesezeit\" \/>\n\t<meta name=\"twitter:data1\" content=\"6\u00a0Minuten\" \/>\n<script type=\"application\/ld+json\" class=\"yoast-schema-graph\">{\"@context\":\"https:\/\/schema.org\",\"@graph\":[{\"@type\":\"WebPage\",\"@id\":\"https:\/\/tetakawi.com\/de\/hochspezialisierte-branchen-in-mexiko\/medizingeratefertigung-in-mexiko\/\",\"url\":\"https:\/\/tetakawi.com\/de\/hochspezialisierte-branchen-in-mexiko\/medizingeratefertigung-in-mexiko\/\",\"name\":\"Medizinprodukte Mexiko | Tetakawi\",\"isPartOf\":{\"@id\":\"https:\/\/tetakawi.com\/#website\"},\"datePublished\":\"2019-07-10T17:09:54+00:00\",\"dateModified\":\"2021-09-01T16:02:55+00:00\",\"description\":\"Unternehmen sichern sich mit der Medizinproduktefertigung in Mexiko einen Wettbewerbsvorteil Mit Tetakawi, Mexikos gr\u00f6\u00dftem Offshoring-Dienstleister, gelingt Ihnen ein dynamischer Start.\",\"breadcrumb\":{\"@id\":\"https:\/\/tetakawi.com\/de\/hochspezialisierte-branchen-in-mexiko\/medizingeratefertigung-in-mexiko\/#breadcrumb\"},\"inLanguage\":\"de\",\"potentialAction\":[{\"@type\":\"ReadAction\",\"target\":[\"https:\/\/tetakawi.com\/de\/hochspezialisierte-branchen-in-mexiko\/medizingeratefertigung-in-mexiko\/\"]}]},{\"@type\":\"BreadcrumbList\",\"@id\":\"https:\/\/tetakawi.com\/de\/hochspezialisierte-branchen-in-mexiko\/medizingeratefertigung-in-mexiko\/#breadcrumb\",\"itemListElement\":[{\"@type\":\"ListItem\",\"position\":1,\"name\":\"Home\",\"item\":\"https:\/\/tetakawi.com\/de\/\"},{\"@type\":\"ListItem\",\"position\":2,\"name\":\"Hochspezialisierte Branchen in Mexiko\",\"item\":\"https:\/\/tetakawi.com\/de\/hochspezialisierte-branchen-in-mexiko\/\"},{\"@type\":\"ListItem\",\"position\":3,\"name\":\"Medizinproduktefertigung in Mexiko\"}]},{\"@type\":\"WebSite\",\"@id\":\"https:\/\/tetakawi.com\/#website\",\"url\":\"https:\/\/tetakawi.com\/\",\"name\":\"Tetakawi\",\"description\":\"\",\"publisher\":{\"@id\":\"https:\/\/tetakawi.com\/#organization\"},\"potentialAction\":[{\"@type\":\"SearchAction\",\"target\":{\"@type\":\"EntryPoint\",\"urlTemplate\":\"https:\/\/tetakawi.com\/?s={search_term_string}\"},\"query-input\":\"required name=search_term_string\"}],\"inLanguage\":\"de\"}]}<\/script>\n<!-- \/ Yoast SEO Premium plugin. -->","yoast_head_json":{"title":"Medizinprodukte Mexiko | Tetakawi","description":"Unternehmen sichern sich mit der Medizinproduktefertigung in Mexiko einen Wettbewerbsvorteil Mit Tetakawi, Mexikos gr\u00f6\u00dftem Offshoring-Dienstleister, gelingt Ihnen ein dynamischer Start.","robots":{"index":"index","follow":"follow","max-snippet":"max-snippet:-1","max-image-preview":"max-image-preview:large","max-video-preview":"max-video-preview:-1"},"canonical":"https:\/\/tetakawi.com\/de\/hochspezialisierte-branchen-in-mexiko\/medizingeratefertigung-in-mexiko\/","og_locale":"de_DE","og_type":"article","og_title":"Medizinproduktefertigung in Mexiko","og_description":"Unternehmen sichern sich mit der Medizinproduktefertigung in Mexiko einen Wettbewerbsvorteil Mit Tetakawi, Mexikos gr\u00f6\u00dftem Offshoring-Dienstleister, gelingt Ihnen ein dynamischer Start.","og_url":"https:\/\/tetakawi.com\/de\/hochspezialisierte-branchen-in-mexiko\/medizingeratefertigung-in-mexiko\/","og_site_name":"Tetakawi","article_modified_time":"2021-09-01T16:02:55+00:00","og_image":[{"url":"https:\/\/tetakawi.com\/wp-content\/uploads\/2018\/11\/medicaldevice-manufacturing-tetakawi.jpg"}],"twitter_card":"summary_large_image","twitter_misc":{"Gesch\u00e4tzte Lesezeit":"6\u00a0Minuten"},"schema":{"@context":"https:\/\/schema.org","@graph":[{"@type":"WebPage","@id":"https:\/\/tetakawi.com\/de\/hochspezialisierte-branchen-in-mexiko\/medizingeratefertigung-in-mexiko\/","url":"https:\/\/tetakawi.com\/de\/hochspezialisierte-branchen-in-mexiko\/medizingeratefertigung-in-mexiko\/","name":"Medizinprodukte Mexiko | Tetakawi","isPartOf":{"@id":"https:\/\/tetakawi.com\/#website"},"datePublished":"2019-07-10T17:09:54+00:00","dateModified":"2021-09-01T16:02:55+00:00","description":"Unternehmen sichern sich mit der Medizinproduktefertigung in Mexiko einen Wettbewerbsvorteil Mit Tetakawi, Mexikos gr\u00f6\u00dftem Offshoring-Dienstleister, gelingt Ihnen ein dynamischer Start.","breadcrumb":{"@id":"https:\/\/tetakawi.com\/de\/hochspezialisierte-branchen-in-mexiko\/medizingeratefertigung-in-mexiko\/#breadcrumb"},"inLanguage":"de","potentialAction":[{"@type":"ReadAction","target":["https:\/\/tetakawi.com\/de\/hochspezialisierte-branchen-in-mexiko\/medizingeratefertigung-in-mexiko\/"]}]},{"@type":"BreadcrumbList","@id":"https:\/\/tetakawi.com\/de\/hochspezialisierte-branchen-in-mexiko\/medizingeratefertigung-in-mexiko\/#breadcrumb","itemListElement":[{"@type":"ListItem","position":1,"name":"Home","item":"https:\/\/tetakawi.com\/de\/"},{"@type":"ListItem","position":2,"name":"Hochspezialisierte Branchen in Mexiko","item":"https:\/\/tetakawi.com\/de\/hochspezialisierte-branchen-in-mexiko\/"},{"@type":"ListItem","position":3,"name":"Medizinproduktefertigung in Mexiko"}]},{"@type":"WebSite","@id":"https:\/\/tetakawi.com\/#website","url":"https:\/\/tetakawi.com\/","name":"Tetakawi","description":"","publisher":{"@id":"https:\/\/tetakawi.com\/#organization"},"potentialAction":[{"@type":"SearchAction","target":{"@type":"EntryPoint","urlTemplate":"https:\/\/tetakawi.com\/?s={search_term_string}"},"query-input":"required name=search_term_string"}],"inLanguage":"de"}]}},"_links":{"self":[{"href":"https:\/\/tetakawi.com\/de\/wp-json\/wp\/v2\/pages\/22202"}],"collection":[{"href":"https:\/\/tetakawi.com\/de\/wp-json\/wp\/v2\/pages"}],"about":[{"href":"https:\/\/tetakawi.com\/de\/wp-json\/wp\/v2\/types\/page"}],"author":[{"embeddable":true,"href":"https:\/\/tetakawi.com\/de\/wp-json\/wp\/v2\/users\/1"}],"replies":[{"embeddable":true,"href":"https:\/\/tetakawi.com\/de\/wp-json\/wp\/v2\/comments?post=22202"}],"version-history":[{"count":5,"href":"https:\/\/tetakawi.com\/de\/wp-json\/wp\/v2\/pages\/22202\/revisions"}],"predecessor-version":[{"id":27802,"href":"https:\/\/tetakawi.com\/de\/wp-json\/wp\/v2\/pages\/22202\/revisions\/27802"}],"up":[{"embeddable":true,"href":"https:\/\/tetakawi.com\/de\/wp-json\/wp\/v2\/pages\/22201"}],"wp:attachment":[{"href":"https:\/\/tetakawi.com\/de\/wp-json\/wp\/v2\/media?parent=22202"}],"curies":[{"name":"wp","href":"https:\/\/api.w.org\/{rel}","templated":true}]}}