{"id":22201,"date":"2019-07-10T17:09:53","date_gmt":"2019-07-10T17:09:53","guid":{"rendered":"https:\/\/tetakawi.com\/hochspezialisierte-branchen-in-mexiko\/"},"modified":"2021-07-13T23:07:49","modified_gmt":"2021-07-13T23:07:49","slug":"hochspezialisierte-branchen-in-mexiko","status":"publish","type":"page","link":"https:\/\/tetakawi.com\/de\/hochspezialisierte-branchen-in-mexiko\/","title":{"rendered":"Hochspezialisierte Branchen in Mexiko"},"content":{"rendered":"<div class=\"vgblk-rw-wrapper limit-wrapper\">\n\n<h1>\n\tIndustriestandort Mexiko:  Einsatz f\u00fcr die wichtigsten Fertigungsbranchen in Mexikos Industrie \n\t<\/h1>\n\t<style>.page-header-line {\n    display: block;\n    width: 60px;\n    height: 1px;\n    background: var(--vamtam-accent-color-4);\n    margin-top: 5px;\n    margin-bottom: 5px;\n    opacity: .7;\n}<\/style>\n\t<p>Tetakawi unterst\u00fctzt Unternehmen aller Branchen bei der Aufnahme der Fertigung in Mexiko.<\/p>\n\t<h3>Fertigung f\u00fcr die Luft- und Raumfahrtbranche<\/h3>\n<p>Dank der hohen Fertigungskapazit\u00e4ten f\u00fcr Spezialkomponenten hat sich die Fertigung im Bereich Luft- und Raumfahrt zu der am schnellsten wachsenden Branche in Mexiko entwickelt. Dank der nordamerikanischen Freihandelszone mit den USA und Kanada wurde Mexiko zum Exportland.<\/p>\n\t\t\t\t\t\t\t\t\t\t<img loading=\"lazy\" src=\"https:\/\/tetakawi.com\/wp-content\/uploads\/2017\/04\/post13.jpg\" alt=\"post13\" itemprop=\"image\" height=\"675\" width=\"1200\" title=\"post13\" onerror=\"this.style.display='none'\"  sizes=\"(max-width: 768px) 100vw, 100vw\" srcset=\"data:image\/svg+xml;utf8,&lt;svg%20xmlns=&quot;http:\/\/www.w3.org\/2000\/svg&quot;%20viewBox=&quot;0%200%201200%20675&quot;%20height=&quot;675px&quot;%20width=&quot;1200px&quot;\/&gt;\" data-srcset=\"https:\/\/tetakawi.com\/wp-content\/uploads\/2017\/04\/post13.jpg 1200w, https:\/\/tetakawi.com\/wp-content\/uploads\/2017\/04\/post13-300x169.jpg 300w, https:\/\/tetakawi.com\/wp-content\/uploads\/2017\/04\/post13-768x432.jpg 768w, https:\/\/tetakawi.com\/wp-content\/uploads\/2017\/04\/post13-1024x576.jpg 1024w, https:\/\/tetakawi.com\/wp-content\/uploads\/2017\/04\/post13-630x354.jpg 630w, https:\/\/tetakawi.com\/wp-content\/uploads\/2017\/04\/post13-420x236.jpg 420w, https:\/\/tetakawi.com\/wp-content\/uploads\/2017\/04\/post13-840x473.jpg 840w, https:\/\/tetakawi.com\/wp-content\/uploads\/2017\/04\/post13-315x177.jpg 315w\" \/>\t\t\t\t\t\t\t\n\t<a href=\"\/de\/hochspezialisierte-branchen-in-mexiko\/luft-und-raumfahrtfertigung-in-mexiko\/\" target=\"_self\" role=\"button\" rel=\"noopener\">\n\t\t\t\t\t<b>Mehr erfahren<\/b>\n\t<\/a>\n\t<h3>Fertigung f\u00fcr Mexikos Automobilindustrie<\/h3>\n<p>Die Automobilindustrie hat das Land in wirtschaftlicher, kultureller und sozialer Hinsicht beeinflusst, da sie zum Wachstum von Kommunen beitr\u00e4gt und die Vielfalt der industriellen Fertigung erh\u00f6ht. Mexiko ist eine offene, weit entwickelte Wirtschaft mit einer gut etablierten\u00a0 Automobilindustrie. F\u00fcr die Industrie Mexikos sind die USA einer der wichtigsten Exportpartner.<\/p>\n\t\t\t\t\t\t\t\t\t\t<img loading=\"lazy\" src=\"https:\/\/tetakawi.com\/wp-content\/uploads\/2019\/04\/tetakawi-autmotive-cover.jpg\" alt=\"tetakawi-fertigung-f\u00fcr-die-automobilindustrie in Mexiko\" itemprop=\"image\" height=\"300\" width=\"600\" title=\"tetakawi-autmotive-cover\" onerror=\"this.style.display='none'\"  sizes=\"(max-width: 768px) 100vw, 100vw\" srcset=\"data:image\/svg+xml;utf8,&lt;svg%20xmlns=&quot;http:\/\/www.w3.org\/2000\/svg&quot;%20viewBox=&quot;0%200%20600%20300&quot;%20height=&quot;300px&quot;%20width=&quot;600px&quot;\/&gt;\" data-srcset=\"https:\/\/tetakawi.com\/wp-content\/uploads\/2019\/04\/tetakawi-autmotive-cover.jpg 600w, https:\/\/tetakawi.com\/wp-content\/uploads\/2019\/04\/tetakawi-autmotive-cover-300x150.jpg 300w, https:\/\/tetakawi.com\/wp-content\/uploads\/2019\/04\/tetakawi-autmotive-cover-420x210.jpg 420w, https:\/\/tetakawi.com\/wp-content\/uploads\/2019\/04\/tetakawi-autmotive-cover-315x158.jpg 315w\" \/>\t\t\t\t\t\t\t\n\t<a href=\"\/de\/hochspezialisierte-branchen-in-mexiko\/fertigung-fur-die-fahrzeugbranche-in-mexiko\/\" target=\"_self\" role=\"button\" rel=\"noopener\">\n\t\t\t\t\t<b>Mehr erfahren<\/b>\n\t<\/a>\n\t<h3>Fertigung von Haushaltsger\u00e4ten<\/h3>\n<p>Die Fertigung von Haushaltsger\u00e4ten in Mexiko profitiert von Arbeitskr\u00e4ften mit Hightech-Erfahrung ebenso wie von Skaleneffekten zugunsten der Elektronik- und M\u00f6belbaubranche. Hierbei gehen 80 Prozent der mexikanischen Exporte in die USA, 3 Prozent nach Kanada. <\/p>\n\t\t\t\t\t\t\t\t\t\t<img loading=\"lazy\" src=\"https:\/\/tetakawi.com\/wp-content\/uploads\/2019\/04\/appliance-lp2.jpg\" alt=\"appliance-manufacturing\" itemprop=\"image\" height=\"667\" width=\"1000\" title=\"appliance-lp2\" onerror=\"this.style.display='none'\"  sizes=\"(max-width: 768px) 100vw, 100vw\" srcset=\"data:image\/svg+xml;utf8,&lt;svg%20xmlns=&quot;http:\/\/www.w3.org\/2000\/svg&quot;%20viewBox=&quot;0%200%201000%20667&quot;%20height=&quot;667px&quot;%20width=&quot;1000px&quot;\/&gt;\" data-srcset=\"https:\/\/tetakawi.com\/wp-content\/uploads\/2019\/04\/appliance-lp2.jpg 1000w, https:\/\/tetakawi.com\/wp-content\/uploads\/2019\/04\/appliance-lp2-300x200.jpg 300w, https:\/\/tetakawi.com\/wp-content\/uploads\/2019\/04\/appliance-lp2-768x512.jpg 768w, https:\/\/tetakawi.com\/wp-content\/uploads\/2019\/04\/appliance-lp2-630x420.jpg 630w, https:\/\/tetakawi.com\/wp-content\/uploads\/2019\/04\/appliance-lp2-420x280.jpg 420w, https:\/\/tetakawi.com\/wp-content\/uploads\/2019\/04\/appliance-lp2-840x560.jpg 840w, https:\/\/tetakawi.com\/wp-content\/uploads\/2019\/04\/appliance-lp2-315x210.jpg 315w\" \/>\t\t\t\t\t\t\t\n\t<a href=\"\/de\/hochspezialisierte-branchen-in-mexiko\/haushaltsgeratefertigung-in-mexiko\/\" target=\"_self\" role=\"button\" rel=\"noopener\">\n\t\t\t\t\t<b>Mehr erfahren<\/b>\n\t<\/a>\n\t<h3>Mexikanische Elektronikfertigung<\/h3>\n<p>Mexiko ist der Industriestandort zahlreicher Fertigungsbetriebe im Elektronikbereich. Der Schwerpunkt liegt hierbei auf Heimelektronik, wie Fernseher und Bildschirme. Seit vielen Jahren ist diese Industrie ein wichtiger Teil der mexikanischen Wirtschaft und Mexiko der achtgr\u00f6\u00dfte Elektronikproduzent der Welt.<\/p>\n\t\t\t\t\t\t\t\t\t\t<img loading=\"lazy\" src=\"https:\/\/tetakawi.com\/wp-content\/uploads\/2018\/11\/electronic-manufacturing-tetakawi.jpg\" alt=\"electronic-manufacturing-tetakawi\" itemprop=\"image\" height=\"667\" width=\"1000\" title=\"electronic-manufacturing-tetakawi\" onerror=\"this.style.display='none'\"  sizes=\"(max-width: 768px) 100vw, 100vw\" srcset=\"data:image\/svg+xml;utf8,&lt;svg%20xmlns=&quot;http:\/\/www.w3.org\/2000\/svg&quot;%20viewBox=&quot;0%200%201000%20667&quot;%20height=&quot;667px&quot;%20width=&quot;1000px&quot;\/&gt;\" data-srcset=\"https:\/\/tetakawi.com\/wp-content\/uploads\/2018\/11\/electronic-manufacturing-tetakawi.jpg 1000w, https:\/\/tetakawi.com\/wp-content\/uploads\/2018\/11\/electronic-manufacturing-tetakawi-300x200.jpg 300w, https:\/\/tetakawi.com\/wp-content\/uploads\/2018\/11\/electronic-manufacturing-tetakawi-768x512.jpg 768w, https:\/\/tetakawi.com\/wp-content\/uploads\/2018\/11\/electronic-manufacturing-tetakawi-630x420.jpg 630w, https:\/\/tetakawi.com\/wp-content\/uploads\/2018\/11\/electronic-manufacturing-tetakawi-420x280.jpg 420w, https:\/\/tetakawi.com\/wp-content\/uploads\/2018\/11\/electronic-manufacturing-tetakawi-840x560.jpg 840w, https:\/\/tetakawi.com\/wp-content\/uploads\/2018\/11\/electronic-manufacturing-tetakawi-315x210.jpg 315w\" \/>\t\t\t\t\t\t\t\n\t<a href=\"\/de\/hochspezialisierte-branchen-in-mexiko\/elektronikfertigung-in-mexiko\/\" target=\"_self\" role=\"button\" rel=\"noopener\">\n\t\t\t\t\t<b>Mehr erfahren<\/b>\n\t<\/a>\n\t<h3>Steigende <b>Wirtschaft<\/b>: M\u00f6belbau in Mexiko<\/h3>\n<p>Die steigende Inlandsnachfrage und das Wachstum beim Onlinehandel haben f\u00fcr eine Wiederbelebung der M\u00f6belbaubranche in Mexiko gesorgt.<\/p>\n\t\t\t\t\t\t\t\t\t\t<img loading=\"lazy\" src=\"https:\/\/tetakawi.com\/wp-content\/uploads\/2018\/11\/furniture-manufacturing-tetakawi-3.jpg\" alt=\"wood-mfg-mexico\" itemprop=\"image\" height=\"544\" width=\"1000\" title=\"furniture-manufacturing-tetakawi-3\" onerror=\"this.style.display='none'\"  sizes=\"(max-width: 768px) 100vw, 100vw\" srcset=\"data:image\/svg+xml;utf8,&lt;svg%20xmlns=&quot;http:\/\/www.w3.org\/2000\/svg&quot;%20viewBox=&quot;0%200%201000%20544&quot;%20height=&quot;544px&quot;%20width=&quot;1000px&quot;\/&gt;\" data-srcset=\"https:\/\/tetakawi.com\/wp-content\/uploads\/2018\/11\/furniture-manufacturing-tetakawi-3.jpg 1000w, https:\/\/tetakawi.com\/wp-content\/uploads\/2018\/11\/furniture-manufacturing-tetakawi-3-300x163.jpg 300w, https:\/\/tetakawi.com\/wp-content\/uploads\/2018\/11\/furniture-manufacturing-tetakawi-3-768x418.jpg 768w, https:\/\/tetakawi.com\/wp-content\/uploads\/2018\/11\/furniture-manufacturing-tetakawi-3-630x343.jpg 630w, https:\/\/tetakawi.com\/wp-content\/uploads\/2018\/11\/furniture-manufacturing-tetakawi-3-420x228.jpg 420w, https:\/\/tetakawi.com\/wp-content\/uploads\/2018\/11\/furniture-manufacturing-tetakawi-3-840x457.jpg 840w, https:\/\/tetakawi.com\/wp-content\/uploads\/2018\/11\/furniture-manufacturing-tetakawi-3-315x171.jpg 315w\" \/>\t\t\t\t\t\t\t\n\t<a href=\"\/de\/hochspezialisierte-branchen-in-mexiko\/mobelfertigung-in-mexiko\/\" target=\"_self\" role=\"button\" rel=\"noopener\">\n\t\t\t\t\t<b>Mehr erfahren<\/b>\n\t<\/a>\n\t<h3>Fertigung von Heizungs-, L\u00fcftungs- und Klimaanlagen<\/h3>\n<p>Das Wachstum beim Wohnungs- und Gewerbebau hat die Nachfrage nach Modernisierungen sowie nach neuen Anlagen verst\u00e4rkt und damit die Fertigung in diesem Bereich wiederbelebt.<\/p>\n\t\t\t\t\t\t\t\t\t\t<img loading=\"lazy\" src=\"https:\/\/tetakawi.com\/wp-content\/uploads\/2018\/11\/hvac-ventilation-tetakawi.jpg\" alt=\"hvac-ventilation-mfg-mexico-tetakawi\" itemprop=\"image\" height=\"665\" width=\"1000\" title=\"hvac-ventilation-tetakawi\" onerror=\"this.style.display='none'\"  sizes=\"(max-width: 768px) 100vw, 100vw\" srcset=\"data:image\/svg+xml;utf8,&lt;svg%20xmlns=&quot;http:\/\/www.w3.org\/2000\/svg&quot;%20viewBox=&quot;0%200%201000%20665&quot;%20height=&quot;665px&quot;%20width=&quot;1000px&quot;\/&gt;\" data-srcset=\"https:\/\/tetakawi.com\/wp-content\/uploads\/2018\/11\/hvac-ventilation-tetakawi.jpg 1000w, https:\/\/tetakawi.com\/wp-content\/uploads\/2018\/11\/hvac-ventilation-tetakawi-300x200.jpg 300w, https:\/\/tetakawi.com\/wp-content\/uploads\/2018\/11\/hvac-ventilation-tetakawi-768x511.jpg 768w, https:\/\/tetakawi.com\/wp-content\/uploads\/2018\/11\/hvac-ventilation-tetakawi-630x419.jpg 630w, https:\/\/tetakawi.com\/wp-content\/uploads\/2018\/11\/hvac-ventilation-tetakawi-420x279.jpg 420w, https:\/\/tetakawi.com\/wp-content\/uploads\/2018\/11\/hvac-ventilation-tetakawi-840x559.jpg 840w, https:\/\/tetakawi.com\/wp-content\/uploads\/2018\/11\/hvac-ventilation-tetakawi-315x209.jpg 315w\" \/>\t\t\t\t\t\t\t\n\t<a href=\"\/de\/hochspezialisierte-branchen-in-mexiko\/fertigung-von-heizungs-luftungs-und-klimaanlagen-in-mexiko\/\" target=\"_self\" role=\"button\" rel=\"noopener\">\n\t\t\t\t\t<b>Mehr erfahren<\/b>\n\t<\/a>\n\t<h3>Medizinger\u00e4tefertigung<\/h3>\n<p>Der einfache Zugang zum inl\u00e4ndischen und internationalen Markt macht die Fertigung von Medizinger\u00e4ten in Mexiko zu einer vielversprechenden Option f\u00fcr Hersteller weltweit.<\/p>\n\t\t\t\t\t\t\t\t\t\t<img loading=\"lazy\" src=\"https:\/\/tetakawi.com\/wp-content\/uploads\/2018\/11\/medicaldevice-manufacturing-tetakawi.jpg\" alt=\"medicaldevice-manufacturing-mexico-tetakawi\" itemprop=\"image\" height=\"667\" width=\"1000\" title=\"medicaldevice-manufacturing-tetakawi\" onerror=\"this.style.display='none'\"  sizes=\"(max-width: 768px) 100vw, 100vw\" srcset=\"data:image\/svg+xml;utf8,&lt;svg%20xmlns=&quot;http:\/\/www.w3.org\/2000\/svg&quot;%20viewBox=&quot;0%200%201000%20667&quot;%20height=&quot;667px&quot;%20width=&quot;1000px&quot;\/&gt;\" data-srcset=\"https:\/\/tetakawi.com\/wp-content\/uploads\/2018\/11\/medicaldevice-manufacturing-tetakawi.jpg 1000w, https:\/\/tetakawi.com\/wp-content\/uploads\/2018\/11\/medicaldevice-manufacturing-tetakawi-300x200.jpg 300w, https:\/\/tetakawi.com\/wp-content\/uploads\/2018\/11\/medicaldevice-manufacturing-tetakawi-768x512.jpg 768w, https:\/\/tetakawi.com\/wp-content\/uploads\/2018\/11\/medicaldevice-manufacturing-tetakawi-630x420.jpg 630w, https:\/\/tetakawi.com\/wp-content\/uploads\/2018\/11\/medicaldevice-manufacturing-tetakawi-420x280.jpg 420w, https:\/\/tetakawi.com\/wp-content\/uploads\/2018\/11\/medicaldevice-manufacturing-tetakawi-840x560.jpg 840w, https:\/\/tetakawi.com\/wp-content\/uploads\/2018\/11\/medicaldevice-manufacturing-tetakawi-315x210.jpg 315w\" \/>\t\t\t\t\t\t\t\n\t<a href=\"\/de\/hochspezialisierte-branchen-in-mexiko\/medizingeratefertigung-in-mexiko\/\" target=\"_self\" role=\"button\" rel=\"noopener\">\n\t\t\t\t\t<b>Mehr erfahren<\/b>\n\t<\/a>\n\t<h3>Kunststofffertigung<\/h3>\n<p>Im letzten Jahrzehnt hat die mexikanische Kunststoffbranche Waren im Wert von j\u00e4hrlich \u00fcber 20 Milliarden USD gefertigt.<\/p>\n\t\t\t\t\t\t\t\t\t\t<img loading=\"lazy\" src=\"https:\/\/tetakawi.com\/wp-content\/uploads\/2018\/11\/plastics-manufacturing-tetakawi.jpg\" alt=\"plastics-manufacturing-mexico-tetakawi\" itemprop=\"image\" height=\"669\" width=\"1000\" title=\"plastics-manufacturing-tetakawi\" onerror=\"this.style.display='none'\"  sizes=\"(max-width: 768px) 100vw, 100vw\" srcset=\"data:image\/svg+xml;utf8,&lt;svg%20xmlns=&quot;http:\/\/www.w3.org\/2000\/svg&quot;%20viewBox=&quot;0%200%201000%20669&quot;%20height=&quot;669px&quot;%20width=&quot;1000px&quot;\/&gt;\" data-srcset=\"https:\/\/tetakawi.com\/wp-content\/uploads\/2018\/11\/plastics-manufacturing-tetakawi.jpg 1000w, https:\/\/tetakawi.com\/wp-content\/uploads\/2018\/11\/plastics-manufacturing-tetakawi-300x201.jpg 300w, https:\/\/tetakawi.com\/wp-content\/uploads\/2018\/11\/plastics-manufacturing-tetakawi-768x514.jpg 768w, https:\/\/tetakawi.com\/wp-content\/uploads\/2018\/11\/plastics-manufacturing-tetakawi-630x421.jpg 630w, https:\/\/tetakawi.com\/wp-content\/uploads\/2018\/11\/plastics-manufacturing-tetakawi-420x281.jpg 420w, https:\/\/tetakawi.com\/wp-content\/uploads\/2018\/11\/plastics-manufacturing-tetakawi-840x562.jpg 840w, https:\/\/tetakawi.com\/wp-content\/uploads\/2018\/11\/plastics-manufacturing-tetakawi-315x211.jpg 315w\" \/>\t\t\t\t\t\t\t\n\t<a href=\"\/de\/hochspezialisierte-branchen-in-mexiko\/kunststofffertigung-in-mexiko\/\" target=\"_self\" role=\"button\" rel=\"noopener\">\n\t\t\t\t\t<b>Mehr erfahren<\/b>\n\t<\/a>\n\t<h3>Textilfertigung<\/h3>\n<p>Mit Exporten im Umfang von 7 Milliarden USD pro Jahr ist die Textil- und Bekleidungsindustrie eine der wichtigsten des Landes.<\/p>\n\t\t\t\t\t\t\t\t\t\t<img loading=\"lazy\" src=\"https:\/\/tetakawi.com\/wp-content\/uploads\/2020\/11\/Innovations-In-Textile-Clothing-And-Apparel-Manufacturing-In-Mexico-industries-Tetakawi.jpg\" alt=\"Innovationen in der mexikanischen Textil- und Bekleidungsindustrie\" itemprop=\"image\" height=\"500\" width=\"1000\" title=\"Innovationen in der mexikanischen Textil- und Bekleidungsindustrie - Branchen Tetakawi\" onerror=\"this.style.display='none'\"  sizes=\"(max-width: 768px) 100vw, 100vw\" srcset=\"data:image\/svg+xml;utf8,&lt;svg%20xmlns=&quot;http:\/\/www.w3.org\/2000\/svg&quot;%20viewBox=&quot;0%200%201000%20500&quot;%20height=&quot;500px&quot;%20width=&quot;1000px&quot;\/&gt;\" data-srcset=\"https:\/\/tetakawi.com\/wp-content\/uploads\/2020\/11\/Innovations-In-Textile-Clothing-And-Apparel-Manufacturing-In-Mexico-industries-Tetakawi.jpg 1000w, https:\/\/tetakawi.com\/wp-content\/uploads\/2020\/11\/Innovations-In-Textile-Clothing-And-Apparel-Manufacturing-In-Mexico-industries-Tetakawi-300x150.jpg 300w, https:\/\/tetakawi.com\/wp-content\/uploads\/2020\/11\/Innovations-In-Textile-Clothing-And-Apparel-Manufacturing-In-Mexico-industries-Tetakawi-768x384.jpg 768w, https:\/\/tetakawi.com\/wp-content\/uploads\/2020\/11\/Innovations-In-Textile-Clothing-And-Apparel-Manufacturing-In-Mexico-industries-Tetakawi-630x315.jpg 630w, https:\/\/tetakawi.com\/wp-content\/uploads\/2020\/11\/Innovations-In-Textile-Clothing-And-Apparel-Manufacturing-In-Mexico-industries-Tetakawi-420x210.jpg 420w, https:\/\/tetakawi.com\/wp-content\/uploads\/2020\/11\/Innovations-In-Textile-Clothing-And-Apparel-Manufacturing-In-Mexico-industries-Tetakawi-840x420.jpg 840w, https:\/\/tetakawi.com\/wp-content\/uploads\/2020\/11\/Innovations-In-Textile-Clothing-And-Apparel-Manufacturing-In-Mexico-industries-Tetakawi-315x158.jpg 315w\" \/>\t\t\t\t\t\t\t\n\t<a href=\"\/industries\/textile\/\" target=\"_self\" role=\"button\" rel=\"noopener\">\n\t\t\t\t\t<b>Mehr erfahren<\/b>\n\t<\/a>\n\t<h3>Wie ist die mexikanischen Infrastruktur?<\/h3>\n<p>Mexiko verf\u00fcgt \u00fcber ein ausgepr\u00e4gtes Infrastrukturnetz und hat mit \u00fcber 1800 Flugh\u00e4fen die drittgr\u00f6\u00dfte Anzahl weltweit.\u00a0 Das Schienennetz umfasst\u00a0 knapp 20.000 km. Bald profitiert die Wirtschaft Mexikos von einer Megafusion im G\u00fcterverkehr &#8211; damit entsteht ein Bahnnetz von Kanada \u00fcber die USA bis nach Mexiko. Dies kommt auch der Umwelt zugute, da weniger LKWs auf dem gut ausgebauten 10.000km Autobahnnetz sein werden. Die Fracht im Jahr 2017 umfasste 900 Millionen Tonnen und wurde zu 85% mit LKWs transportiert. G\u00fcter werden dank des Nordamerikanischen Freihandelsabkommens (NAFTA) noch einfacher und schneller transportiert. Zudem sind weitere Investitionen in die mexikanische Infrastruktur von \u00fcber 40 Milliarden US-Dollar geplant. <\/p>\n\t<h3>Welche Industrien gibt es in Mexiko?<\/h3>\n<p>Mexiko ist auf Platz 12 der Weltrangliste f\u00fcr Export und Import, traditionell wichtige Exportg\u00fcter sind \u00d6l und landwirtschaftliche Erzeugnisse. Die Wirtschaft ist aber in den letzten Jahren vor allem durch die sogenannten Maquiladoras gepr\u00e4gt &#8211; importierte Einzelteile oder Halbfertigwaren verschiedenster Branchen werden hier zusammengesetzt. Automobilbau und Zulieferindustrie sind ein wichtiges Standbein Mexikos. Doch auch die Chemie-, Pharma-, Kunststoff- und Elektronikindustrie sind Schwerpunkte. Mexiko ist zudem der gr\u00f6\u00dfte Silberproduzent der Welt, somit ist Bergbau neben Maschinenbau und Stahl eine weitere wichtige Industrie des Landes. Multilaterale Unternehmen profitieren von der Vielfalt des Industriestandortes Mexikos.<\/p>\n<p>Mexiko hat neben dem NAFTA noch\u00a0 weitere Freihandelsabkommen mit 45 L\u00e4ndern weltweit. Seit dem Jahr 2000 auch mit der EU, was es Unternehmen aus Deutschland einfacher macht in Mexiko zu fertigen. Mexiko ist der wichtigste Handelspartner in Lateinamerika f\u00fcr Deutschland und innerhalb der EU ist Deutschland mit 19 Milliarden Euro Handelsvolumen im Jahr 2020 der wichtigste Partner Mexikos.<\/p>\n<h2>\n\tSie m\u00f6chten die Fertigung in Mexiko aufnehmen? \n\t<\/h2>\n\t<a href=\"\/contact\/\" target=\"_self\" role=\"button\" rel=\"noopener\">\n\t\t\t\t\tWenden Sie sich an uns.\n\t<\/a>\n\n<\/div><!-- .vgblk-rw-wrapper -->","protected":false},"excerpt":{"rendered":"<p>Industriestandort Mexiko: Einsatz f\u00fcr die wichtigsten Fertigungsbranchen in Mexikos Industrie Tetakawi unterst\u00fctzt Unternehmen aller Branchen bei der Aufnahme der Fertigung in Mexiko. Fertigung f\u00fcr die Luft- und Raumfahrtbranche Dank der hohen Fertigungskapazit\u00e4ten f\u00fcr Spezialkomponenten hat sich die Fertigung im Bereich Luft- und Raumfahrt zu der am schnellsten wachsenden Branche in Mexiko entwickelt. Dank der nordamerikanischen&#8230;<\/p>\n","protected":false},"author":1,"featured_media":0,"parent":0,"menu_order":0,"comment_status":"closed","ping_status":"closed","template":"","meta":{"content-type":"","_monsterinsights_skip_tracking":false,"_monsterinsights_sitenote_active":false,"_monsterinsights_sitenote_note":"","_monsterinsights_sitenote_category":0},"yoast_head":"<!-- This site is optimized with the Yoast SEO Premium plugin v20.6 (Yoast SEO v20.6) - https:\/\/yoast.com\/wordpress\/plugins\/seo\/ -->\n<title>Industriestandort Mexiko: Einsatz f\u00fcr wichtige Fertigungsbranchen in Mexiko | Tetakawi<\/title>\n<meta name=\"description\" content=\"Informieren Sie sich \u00fcber die wichtigsten Fertigungsbranchen Mexikos und wie Tetakawi Unternehmen mit individuellen L\u00f6sungen bei der Gr\u00fcndung von Maquiladoras unterst\u00fctzt.\" \/>\n<meta name=\"robots\" content=\"index, follow, max-snippet:-1, max-image-preview:large, max-video-preview:-1\" \/>\n<link rel=\"canonical\" href=\"https:\/\/tetakawi.com\/de\/hochspezialisierte-branchen-in-mexiko\/\" \/>\n<meta property=\"og:locale\" content=\"de_DE\" \/>\n<meta property=\"og:type\" content=\"article\" \/>\n<meta property=\"og:title\" content=\"Hochspezialisierte Branchen in Mexiko\" \/>\n<meta property=\"og:description\" content=\"Informieren Sie sich \u00fcber die wichtigsten Fertigungsbranchen Mexikos und wie Tetakawi Unternehmen mit individuellen L\u00f6sungen bei der Gr\u00fcndung von Maquiladoras unterst\u00fctzt.\" \/>\n<meta property=\"og:url\" content=\"https:\/\/tetakawi.com\/de\/hochspezialisierte-branchen-in-mexiko\/\" \/>\n<meta property=\"og:site_name\" content=\"Tetakawi\" \/>\n<meta property=\"article:modified_time\" content=\"2021-07-13T23:07:49+00:00\" \/>\n<meta property=\"og:image\" content=\"https:\/\/tetakawi.com\/wp-content\/uploads\/2017\/04\/post13.jpg\" \/>\n<meta name=\"twitter:card\" content=\"summary_large_image\" \/>\n<meta name=\"twitter:label1\" content=\"Gesch\u00e4tzte Lesezeit\" \/>\n\t<meta name=\"twitter:data1\" content=\"3\u00a0Minuten\" \/>\n<script type=\"application\/ld+json\" class=\"yoast-schema-graph\">{\"@context\":\"https:\/\/schema.org\",\"@graph\":[{\"@type\":\"WebPage\",\"@id\":\"https:\/\/tetakawi.com\/de\/hochspezialisierte-branchen-in-mexiko\/\",\"url\":\"https:\/\/tetakawi.com\/de\/hochspezialisierte-branchen-in-mexiko\/\",\"name\":\"Industriestandort Mexiko: Einsatz f\u00fcr wichtige Fertigungsbranchen in Mexiko | Tetakawi\",\"isPartOf\":{\"@id\":\"https:\/\/tetakawi.com\/#website\"},\"datePublished\":\"2019-07-10T17:09:53+00:00\",\"dateModified\":\"2021-07-13T23:07:49+00:00\",\"description\":\"Informieren Sie sich \u00fcber die wichtigsten Fertigungsbranchen Mexikos und wie Tetakawi Unternehmen mit individuellen L\u00f6sungen bei der Gr\u00fcndung von Maquiladoras unterst\u00fctzt.\",\"breadcrumb\":{\"@id\":\"https:\/\/tetakawi.com\/de\/hochspezialisierte-branchen-in-mexiko\/#breadcrumb\"},\"inLanguage\":\"de\",\"potentialAction\":[{\"@type\":\"ReadAction\",\"target\":[\"https:\/\/tetakawi.com\/de\/hochspezialisierte-branchen-in-mexiko\/\"]}]},{\"@type\":\"BreadcrumbList\",\"@id\":\"https:\/\/tetakawi.com\/de\/hochspezialisierte-branchen-in-mexiko\/#breadcrumb\",\"itemListElement\":[{\"@type\":\"ListItem\",\"position\":1,\"name\":\"Home\",\"item\":\"https:\/\/tetakawi.com\/de\/\"},{\"@type\":\"ListItem\",\"position\":2,\"name\":\"Hochspezialisierte Branchen in Mexiko\"}]},{\"@type\":\"WebSite\",\"@id\":\"https:\/\/tetakawi.com\/#website\",\"url\":\"https:\/\/tetakawi.com\/\",\"name\":\"Tetakawi\",\"description\":\"\",\"publisher\":{\"@id\":\"https:\/\/tetakawi.com\/#organization\"},\"potentialAction\":[{\"@type\":\"SearchAction\",\"target\":{\"@type\":\"EntryPoint\",\"urlTemplate\":\"https:\/\/tetakawi.com\/?s={search_term_string}\"},\"query-input\":\"required name=search_term_string\"}],\"inLanguage\":\"de\"}]}<\/script>\n<!-- \/ Yoast SEO Premium plugin. -->","yoast_head_json":{"title":"Industriestandort Mexiko: Einsatz f\u00fcr wichtige Fertigungsbranchen in Mexiko | Tetakawi","description":"Informieren Sie sich \u00fcber die wichtigsten Fertigungsbranchen Mexikos und wie Tetakawi Unternehmen mit individuellen L\u00f6sungen bei der Gr\u00fcndung von Maquiladoras unterst\u00fctzt.","robots":{"index":"index","follow":"follow","max-snippet":"max-snippet:-1","max-image-preview":"max-image-preview:large","max-video-preview":"max-video-preview:-1"},"canonical":"https:\/\/tetakawi.com\/de\/hochspezialisierte-branchen-in-mexiko\/","og_locale":"de_DE","og_type":"article","og_title":"Hochspezialisierte Branchen in Mexiko","og_description":"Informieren Sie sich \u00fcber die wichtigsten Fertigungsbranchen Mexikos und wie Tetakawi Unternehmen mit individuellen L\u00f6sungen bei der Gr\u00fcndung von Maquiladoras unterst\u00fctzt.","og_url":"https:\/\/tetakawi.com\/de\/hochspezialisierte-branchen-in-mexiko\/","og_site_name":"Tetakawi","article_modified_time":"2021-07-13T23:07:49+00:00","og_image":[{"url":"https:\/\/tetakawi.com\/wp-content\/uploads\/2017\/04\/post13.jpg"}],"twitter_card":"summary_large_image","twitter_misc":{"Gesch\u00e4tzte Lesezeit":"3\u00a0Minuten"},"schema":{"@context":"https:\/\/schema.org","@graph":[{"@type":"WebPage","@id":"https:\/\/tetakawi.com\/de\/hochspezialisierte-branchen-in-mexiko\/","url":"https:\/\/tetakawi.com\/de\/hochspezialisierte-branchen-in-mexiko\/","name":"Industriestandort Mexiko: Einsatz f\u00fcr wichtige Fertigungsbranchen in Mexiko | Tetakawi","isPartOf":{"@id":"https:\/\/tetakawi.com\/#website"},"datePublished":"2019-07-10T17:09:53+00:00","dateModified":"2021-07-13T23:07:49+00:00","description":"Informieren Sie sich \u00fcber die wichtigsten Fertigungsbranchen Mexikos und wie Tetakawi Unternehmen mit individuellen L\u00f6sungen bei der Gr\u00fcndung von Maquiladoras unterst\u00fctzt.","breadcrumb":{"@id":"https:\/\/tetakawi.com\/de\/hochspezialisierte-branchen-in-mexiko\/#breadcrumb"},"inLanguage":"de","potentialAction":[{"@type":"ReadAction","target":["https:\/\/tetakawi.com\/de\/hochspezialisierte-branchen-in-mexiko\/"]}]},{"@type":"BreadcrumbList","@id":"https:\/\/tetakawi.com\/de\/hochspezialisierte-branchen-in-mexiko\/#breadcrumb","itemListElement":[{"@type":"ListItem","position":1,"name":"Home","item":"https:\/\/tetakawi.com\/de\/"},{"@type":"ListItem","position":2,"name":"Hochspezialisierte Branchen in Mexiko"}]},{"@type":"WebSite","@id":"https:\/\/tetakawi.com\/#website","url":"https:\/\/tetakawi.com\/","name":"Tetakawi","description":"","publisher":{"@id":"https:\/\/tetakawi.com\/#organization"},"potentialAction":[{"@type":"SearchAction","target":{"@type":"EntryPoint","urlTemplate":"https:\/\/tetakawi.com\/?s={search_term_string}"},"query-input":"required name=search_term_string"}],"inLanguage":"de"}]}},"_links":{"self":[{"href":"https:\/\/tetakawi.com\/de\/wp-json\/wp\/v2\/pages\/22201"}],"collection":[{"href":"https:\/\/tetakawi.com\/de\/wp-json\/wp\/v2\/pages"}],"about":[{"href":"https:\/\/tetakawi.com\/de\/wp-json\/wp\/v2\/types\/page"}],"author":[{"embeddable":true,"href":"https:\/\/tetakawi.com\/de\/wp-json\/wp\/v2\/users\/1"}],"replies":[{"embeddable":true,"href":"https:\/\/tetakawi.com\/de\/wp-json\/wp\/v2\/comments?post=22201"}],"version-history":[{"count":5,"href":"https:\/\/tetakawi.com\/de\/wp-json\/wp\/v2\/pages\/22201\/revisions"}],"predecessor-version":[{"id":27733,"href":"https:\/\/tetakawi.com\/de\/wp-json\/wp\/v2\/pages\/22201\/revisions\/27733"}],"wp:attachment":[{"href":"https:\/\/tetakawi.com\/de\/wp-json\/wp\/v2\/media?parent=22201"}],"curies":[{"name":"wp","href":"https:\/\/api.w.org\/{rel}","templated":true}]}}