{"id":22199,"date":"2019-07-10T17:09:53","date_gmt":"2019-07-10T17:09:53","guid":{"rendered":"https:\/\/tetakawi.com\/unternehmensleitung\/"},"modified":"2019-08-10T03:54:34","modified_gmt":"2019-08-10T03:54:34","slug":"unternehmensleitung","status":"publish","type":"page","link":"https:\/\/tetakawi.com\/de\/uber-uns\/unternehmensleitung\/","title":{"rendered":""},"content":{"rendered":"<div class=\"vgblk-rw-wrapper limit-wrapper\"><h1>\n\tDas F\u00fchrungsteam von Tetakawi\n\t<\/h1>\n\t<p>Unser F\u00fchrungsteam besteht aus Branchenspezialisten mit jahrelanger Erfahrung im Bereich Fertigung, die Unternehmen bei ihrer T\u00e4tigkeit in Mexiko unterst\u00fctzen.<\/p>\n<h2>\n\tVorstand\n\t<\/h2>\n\t\t\t\t<img loading=\"lazy\" src=\"https:\/\/tetakawi.com\/wp-content\/uploads\/2019\/01\/BoardofDirectors_Luis_Felipe_Seldner.jpg\" alt=\"Luis_Felipe_Seldner\" itemprop=\"image\" height=\"233\" width=\"200\" title=\"BoardofDirectors_Luis_Felipe_Seldner\" onerror=\"this.style.display='none'\"  \/>\n<h3>\n\tLuis Felipe Seldner\n\t<\/h3>\n\t\t\t\t<img loading=\"lazy\" src=\"https:\/\/tetakawi.com\/wp-content\/uploads\/2019\/01\/BoardofDirectors_Felix_Tonella_Luken.jpg\" alt=\"Felix_Tonella_Luken\" itemprop=\"image\" height=\"233\" width=\"200\" title=\"BoardofDirectors_Felix_Tonella_Luken\" onerror=\"this.style.display='none'\"  \/>\n<h3>\n\tFelix Tonella Luken\n\t<\/h3>\n\t\t\t\t<img loading=\"lazy\" src=\"https:\/\/tetakawi.com\/wp-content\/uploads\/2019\/01\/BoardofDirectors_Roberto_Gomez_del_Campo.jpg\" alt=\"Roberto_Gomez_del_Campo\" itemprop=\"image\" height=\"233\" width=\"200\" title=\"BoardofDirectors_Roberto_Gomez_del_Campo\" onerror=\"this.style.display='none'\"  \/>\n<h3>\n\tRoberto Gomez Del Campo\n\t<\/h3>\n<h2>\n\tManagementteam\n\t<\/h2>\n\t\t\t\t\t\t\t<img loading=\"lazy\" width=\"200\" height=\"233\" src=\"https:\/\/tetakawi.com\/wp-content\/uploads\/2019\/01\/Management_Luis_Felipe_seldner_III.jpg\" data-srcset=\"https:\/\/tetakawi.com\/wp-content\/uploads\/2019\/01\/Management_Luis_Felipe_seldner_III.jpg\" srcset=\"data:image\/svg+xml;utf8,&lt;svg%20xmlns=&quot;http:\/\/www.w3.org\/2000\/svg&quot;%20viewBox=&quot;0%200%20200%20233&quot;%20height=&quot;233px&quot;%20width=&quot;200px&quot;\/&gt;\" alt=\"Luis_Felipe_seldner_III\" data-attachment-id=\"17351\" data-permalink=\"https:\/\/tetakawi.com\/de\/about\/executive-leadership\/management_luis_felipe_seldner_iii\/\" data-orig-file=\"https:\/\/tetakawi.com\/wp-content\/uploads\/2019\/01\/Management_Luis_Felipe_seldner_III.jpg\" data-orig-size=\"200,233\" data-comments-opened=\"1\" data-image-meta=\"{&quot;aperture&quot;:&quot;0&quot;,&quot;credit&quot;:&quot;&quot;,&quot;camera&quot;:&quot;&quot;,&quot;caption&quot;:&quot;&quot;,&quot;created_timestamp&quot;:&quot;0&quot;,&quot;copyright&quot;:&quot;&quot;,&quot;focal_length&quot;:&quot;0&quot;,&quot;iso&quot;:&quot;0&quot;,&quot;shutter_speed&quot;:&quot;0&quot;,&quot;title&quot;:&quot;&quot;,&quot;orientation&quot;:&quot;1&quot;}\" data-image-title=\"Management_Luis_Felipe_seldner_III\" data-image-description=\"\" data-medium-file=\"https:\/\/tetakawi.com\/wp-content\/uploads\/2019\/01\/Management_Luis_Felipe_seldner_III.jpg\" data-large-file=\"https:\/\/tetakawi.com\/wp-content\/uploads\/2019\/01\/Management_Luis_Felipe_seldner_III.jpg\" \/>\t\t\t\n\t\t\t\t\t<h5><h3>Luis Felipe Seldner III<\/h3>President<\/h5>\n\t\t<h3>\n\t\t\t\t\t\t\t\t\t\t\t\t<\/h3>\n\t\t\t\t\t\t\t<img loading=\"lazy\" width=\"200\" height=\"233\" src=\"https:\/\/tetakawi.com\/wp-content\/uploads\/2019\/01\/Management_Carlos_Martin_Espriu.jpg\" data-srcset=\"https:\/\/tetakawi.com\/wp-content\/uploads\/2019\/01\/Management_Carlos_Martin_Espriu.jpg\" srcset=\"data:image\/svg+xml;utf8,&lt;svg%20xmlns=&quot;http:\/\/www.w3.org\/2000\/svg&quot;%20viewBox=&quot;0%200%20200%20233&quot;%20height=&quot;233px&quot;%20width=&quot;200px&quot;\/&gt;\" alt=\"Carlos_Martin_Espriu\" data-attachment-id=\"17346\" data-permalink=\"https:\/\/tetakawi.com\/de\/about\/executive-leadership\/management_carlos_martin_espriu\/\" data-orig-file=\"https:\/\/tetakawi.com\/wp-content\/uploads\/2019\/01\/Management_Carlos_Martin_Espriu.jpg\" data-orig-size=\"200,233\" data-comments-opened=\"1\" data-image-meta=\"{&quot;aperture&quot;:&quot;0&quot;,&quot;credit&quot;:&quot;&quot;,&quot;camera&quot;:&quot;&quot;,&quot;caption&quot;:&quot;&quot;,&quot;created_timestamp&quot;:&quot;0&quot;,&quot;copyright&quot;:&quot;&quot;,&quot;focal_length&quot;:&quot;0&quot;,&quot;iso&quot;:&quot;0&quot;,&quot;shutter_speed&quot;:&quot;0&quot;,&quot;title&quot;:&quot;&quot;,&quot;orientation&quot;:&quot;1&quot;}\" data-image-title=\"Management_Carlos_Martin_Espriu\" data-image-description=\"\" data-medium-file=\"https:\/\/tetakawi.com\/wp-content\/uploads\/2019\/01\/Management_Carlos_Martin_Espriu.jpg\" data-large-file=\"https:\/\/tetakawi.com\/wp-content\/uploads\/2019\/01\/Management_Carlos_Martin_Espriu.jpg\" \/>\t\t\t\n\t\t\t\t\t<h5><h3>Carlos Martin Espriu<\/h3>Executive Vice President of Operations <\/h5>\n\t\t<h3>\n\t\t\t\t\t\t\t\t\t\t\t\t<\/h3>\n\t\t\t\t\t\t\t<img loading=\"lazy\" width=\"200\" height=\"233\" src=\"https:\/\/tetakawi.com\/wp-content\/uploads\/2019\/01\/Management_Eduardo_Saavedra.jpg\" data-srcset=\"https:\/\/tetakawi.com\/wp-content\/uploads\/2019\/01\/Management_Eduardo_Saavedra.jpg\" srcset=\"data:image\/svg+xml;utf8,&lt;svg%20xmlns=&quot;http:\/\/www.w3.org\/2000\/svg&quot;%20viewBox=&quot;0%200%20200%20233&quot;%20height=&quot;233px&quot;%20width=&quot;200px&quot;\/&gt;\" alt=\"Eduardo_Saavedra\" data-attachment-id=\"17347\" data-permalink=\"https:\/\/tetakawi.com\/de\/about\/executive-leadership\/management_eduardo_saavedra\/\" data-orig-file=\"https:\/\/tetakawi.com\/wp-content\/uploads\/2019\/01\/Management_Eduardo_Saavedra.jpg\" data-orig-size=\"200,233\" data-comments-opened=\"1\" data-image-meta=\"{&quot;aperture&quot;:&quot;0&quot;,&quot;credit&quot;:&quot;&quot;,&quot;camera&quot;:&quot;&quot;,&quot;caption&quot;:&quot;&quot;,&quot;created_timestamp&quot;:&quot;0&quot;,&quot;copyright&quot;:&quot;&quot;,&quot;focal_length&quot;:&quot;0&quot;,&quot;iso&quot;:&quot;0&quot;,&quot;shutter_speed&quot;:&quot;0&quot;,&quot;title&quot;:&quot;&quot;,&quot;orientation&quot;:&quot;1&quot;}\" data-image-title=\"Management_Eduardo_Saavedra\" data-image-description=\"\" data-medium-file=\"https:\/\/tetakawi.com\/wp-content\/uploads\/2019\/01\/Management_Eduardo_Saavedra.jpg\" data-large-file=\"https:\/\/tetakawi.com\/wp-content\/uploads\/2019\/01\/Management_Eduardo_Saavedra.jpg\" \/>\t\t\t\n\t\t\t\t\t<h5><h3>Eduardo Saavedra<\/h3>Executive Vice President of Business Development<\/h5>\n\t\t<h3>\n\t\t\t\t\t\t\t\t\t\t\t\t<\/h3>\n\t\t\t\t\t\t\t<img loading=\"lazy\" width=\"200\" height=\"233\" src=\"https:\/\/tetakawi.com\/wp-content\/uploads\/2019\/01\/Management_Jose_Humberto_Colunga.jpg\" data-srcset=\"https:\/\/tetakawi.com\/wp-content\/uploads\/2019\/01\/Management_Jose_Humberto_Colunga.jpg\" srcset=\"data:image\/svg+xml;utf8,&lt;svg%20xmlns=&quot;http:\/\/www.w3.org\/2000\/svg&quot;%20viewBox=&quot;0%200%20200%20233&quot;%20height=&quot;233px&quot;%20width=&quot;200px&quot;\/&gt;\" alt=\"Jose_Humberto_Colunga\" data-attachment-id=\"17350\" data-permalink=\"https:\/\/tetakawi.com\/de\/about\/executive-leadership\/management_jose_humberto_colunga\/\" data-orig-file=\"https:\/\/tetakawi.com\/wp-content\/uploads\/2019\/01\/Management_Jose_Humberto_Colunga.jpg\" data-orig-size=\"200,233\" data-comments-opened=\"1\" data-image-meta=\"{&quot;aperture&quot;:&quot;0&quot;,&quot;credit&quot;:&quot;&quot;,&quot;camera&quot;:&quot;&quot;,&quot;caption&quot;:&quot;&quot;,&quot;created_timestamp&quot;:&quot;0&quot;,&quot;copyright&quot;:&quot;&quot;,&quot;focal_length&quot;:&quot;0&quot;,&quot;iso&quot;:&quot;0&quot;,&quot;shutter_speed&quot;:&quot;0&quot;,&quot;title&quot;:&quot;&quot;,&quot;orientation&quot;:&quot;1&quot;}\" data-image-title=\"Management_Jose_Humberto_Colunga\" data-image-description=\"\" data-medium-file=\"https:\/\/tetakawi.com\/wp-content\/uploads\/2019\/01\/Management_Jose_Humberto_Colunga.jpg\" data-large-file=\"https:\/\/tetakawi.com\/wp-content\/uploads\/2019\/01\/Management_Jose_Humberto_Colunga.jpg\" \/>\t\t\t\n\t\t\t\t\t<h5><h3>Jose Humberto Colunga<\/h3>Executive Vice President of Technology and Innovation<\/h5>\n\t\t<h3>\n\t\t\t\t\t\t\t\t\t\t\t\t<\/h3>\n\t\t\t\t\t\t\t<img loading=\"lazy\" width=\"200\" height=\"233\" src=\"https:\/\/tetakawi.com\/wp-content\/uploads\/2019\/01\/Management_Elsa_M_Stuza.jpg\" data-srcset=\"https:\/\/tetakawi.com\/wp-content\/uploads\/2019\/01\/Management_Elsa_M_Stuza.jpg\" srcset=\"data:image\/svg+xml;utf8,&lt;svg%20xmlns=&quot;http:\/\/www.w3.org\/2000\/svg&quot;%20viewBox=&quot;0%200%20200%20233&quot;%20height=&quot;233px&quot;%20width=&quot;200px&quot;\/&gt;\" alt=\"Elsa_M_Stuza\" data-attachment-id=\"17348\" data-permalink=\"https:\/\/tetakawi.com\/de\/about\/executive-leadership\/management_elsa_m_stuza\/\" data-orig-file=\"https:\/\/tetakawi.com\/wp-content\/uploads\/2019\/01\/Management_Elsa_M_Stuza.jpg\" data-orig-size=\"200,233\" data-comments-opened=\"1\" data-image-meta=\"{&quot;aperture&quot;:&quot;0&quot;,&quot;credit&quot;:&quot;&quot;,&quot;camera&quot;:&quot;&quot;,&quot;caption&quot;:&quot;&quot;,&quot;created_timestamp&quot;:&quot;0&quot;,&quot;copyright&quot;:&quot;&quot;,&quot;focal_length&quot;:&quot;0&quot;,&quot;iso&quot;:&quot;0&quot;,&quot;shutter_speed&quot;:&quot;0&quot;,&quot;title&quot;:&quot;&quot;,&quot;orientation&quot;:&quot;1&quot;}\" data-image-title=\"Management_Elsa_M_Stuza\" data-image-description=\"\" data-medium-file=\"https:\/\/tetakawi.com\/wp-content\/uploads\/2019\/01\/Management_Elsa_M_Stuza.jpg\" data-large-file=\"https:\/\/tetakawi.com\/wp-content\/uploads\/2019\/01\/Management_Elsa_M_Stuza.jpg\" \/>\t\t\t\n\t\t\t\t\t<h5><h3>Elsa M. Sturza<\/h3>Executive Vice President of Finance and Chief Financial Officer<\/h5>\n\t\t<h3>\n\t\t\t\t\t\t\t\t\t\t\t\t<\/h3>\n\t\t\t\t\t\t\t<img loading=\"lazy\" width=\"200\" height=\"233\" src=\"https:\/\/tetakawi.com\/wp-content\/uploads\/2019\/04\/jeff-prileson.png\" data-srcset=\"https:\/\/tetakawi.com\/wp-content\/uploads\/2019\/04\/jeff-prileson.png\" srcset=\"data:image\/svg+xml;utf8,&lt;svg%20xmlns=&quot;http:\/\/www.w3.org\/2000\/svg&quot;%20viewBox=&quot;0%200%20200%20233&quot;%20height=&quot;233px&quot;%20width=&quot;200px&quot;\/&gt;\" alt=\"Jeff Prileson - Tetakawi\" data-attachment-id=\"20466\" data-permalink=\"https:\/\/tetakawi.com\/de\/about\/executive-leadership\/jeff-prileson\/\" data-orig-file=\"https:\/\/tetakawi.com\/wp-content\/uploads\/2019\/04\/jeff-prileson.png\" data-orig-size=\"200,233\" data-comments-opened=\"1\" data-image-meta=\"{&quot;aperture&quot;:&quot;0&quot;,&quot;credit&quot;:&quot;&quot;,&quot;camera&quot;:&quot;&quot;,&quot;caption&quot;:&quot;&quot;,&quot;created_timestamp&quot;:&quot;0&quot;,&quot;copyright&quot;:&quot;&quot;,&quot;focal_length&quot;:&quot;0&quot;,&quot;iso&quot;:&quot;0&quot;,&quot;shutter_speed&quot;:&quot;0&quot;,&quot;title&quot;:&quot;&quot;,&quot;orientation&quot;:&quot;0&quot;}\" data-image-title=\"jeff-prileson\" data-image-description=\"\" data-medium-file=\"https:\/\/tetakawi.com\/wp-content\/uploads\/2019\/04\/jeff-prileson.png\" data-large-file=\"https:\/\/tetakawi.com\/wp-content\/uploads\/2019\/04\/jeff-prileson.png\" \/>\t\t\t\n\t\t\t\t\t<h5><h3>Jeff Prileson<\/h3>Executive Vice President<\/h5>\n\t\t<h3>\n\t\t\t\t\t\t\t\t\t\t\t\t<\/h3>\n\t\t\t\t\t\t\t<img loading=\"lazy\" width=\"200\" height=\"233\" src=\"https:\/\/tetakawi.com\/wp-content\/uploads\/2019\/01\/Management_Armando_Lee.jpg\" data-srcset=\"https:\/\/tetakawi.com\/wp-content\/uploads\/2019\/01\/Management_Armando_Lee.jpg\" srcset=\"data:image\/svg+xml;utf8,&lt;svg%20xmlns=&quot;http:\/\/www.w3.org\/2000\/svg&quot;%20viewBox=&quot;0%200%20200%20233&quot;%20height=&quot;233px&quot;%20width=&quot;200px&quot;\/&gt;\" alt=\"Armando_Lee\" data-attachment-id=\"17345\" data-permalink=\"https:\/\/tetakawi.com\/de\/about\/executive-leadership\/management_armando_lee\/\" data-orig-file=\"https:\/\/tetakawi.com\/wp-content\/uploads\/2019\/01\/Management_Armando_Lee.jpg\" data-orig-size=\"200,233\" data-comments-opened=\"1\" data-image-meta=\"{&quot;aperture&quot;:&quot;0&quot;,&quot;credit&quot;:&quot;&quot;,&quot;camera&quot;:&quot;&quot;,&quot;caption&quot;:&quot;&quot;,&quot;created_timestamp&quot;:&quot;0&quot;,&quot;copyright&quot;:&quot;&quot;,&quot;focal_length&quot;:&quot;0&quot;,&quot;iso&quot;:&quot;0&quot;,&quot;shutter_speed&quot;:&quot;0&quot;,&quot;title&quot;:&quot;&quot;,&quot;orientation&quot;:&quot;1&quot;}\" data-image-title=\"Management_Armando_Lee\" data-image-description=\"\" data-medium-file=\"https:\/\/tetakawi.com\/wp-content\/uploads\/2019\/01\/Management_Armando_Lee.jpg\" data-large-file=\"https:\/\/tetakawi.com\/wp-content\/uploads\/2019\/01\/Management_Armando_Lee.jpg\" \/>\t\t\t\n\t\t\t\t\t<h5><h3>Armando Lee<\/h3>General Manager \u2013 Sonora<\/h5>\n\t\t<h3>\n\t\t\t\t\t\t\t\t\t\t\t\t<\/h3>\n\t\t\t\t\t\t\t<img loading=\"lazy\" width=\"200\" height=\"233\" src=\"https:\/\/tetakawi.com\/wp-content\/uploads\/2019\/04\/rafael-amar-tetakawi.jpg\" data-srcset=\"https:\/\/tetakawi.com\/wp-content\/uploads\/2019\/04\/rafael-amar-tetakawi.jpg\" srcset=\"data:image\/svg+xml;utf8,&lt;svg%20xmlns=&quot;http:\/\/www.w3.org\/2000\/svg&quot;%20viewBox=&quot;0%200%20200%20233&quot;%20height=&quot;233px&quot;%20width=&quot;200px&quot;\/&gt;\" alt=\"Rafael Amar - Tetakawi\" data-attachment-id=\"20473\" data-permalink=\"https:\/\/tetakawi.com\/de\/about\/executive-leadership\/rafael-amar-tetakawi\/\" data-orig-file=\"https:\/\/tetakawi.com\/wp-content\/uploads\/2019\/04\/rafael-amar-tetakawi.jpg\" data-orig-size=\"200,233\" data-comments-opened=\"1\" data-image-meta=\"{&quot;aperture&quot;:&quot;0&quot;,&quot;credit&quot;:&quot;&quot;,&quot;camera&quot;:&quot;&quot;,&quot;caption&quot;:&quot;&quot;,&quot;created_timestamp&quot;:&quot;0&quot;,&quot;copyright&quot;:&quot;&quot;,&quot;focal_length&quot;:&quot;0&quot;,&quot;iso&quot;:&quot;0&quot;,&quot;shutter_speed&quot;:&quot;0&quot;,&quot;title&quot;:&quot;&quot;,&quot;orientation&quot;:&quot;1&quot;}\" data-image-title=\"rafael-amar-tetakawi\" data-image-description=\"\" data-medium-file=\"https:\/\/tetakawi.com\/wp-content\/uploads\/2019\/04\/rafael-amar-tetakawi.jpg\" data-large-file=\"https:\/\/tetakawi.com\/wp-content\/uploads\/2019\/04\/rafael-amar-tetakawi.jpg\" \/>\t\t\t\n\t\t\t\t\t<h5><h3>Rafael Amar<\/h3>General Manager \u2013 Coahuila<\/h5>\n\t\t<h3>\n\t\t\t\t\t\t\t\t\t\t\t\t<\/h3>\n<h2>\n\tWie k\u00f6nnen wir Sie bei Standorter\u00f6ffnung, Betrieb und Wachstum in Mexiko unterst\u00fctzen?\n\t<\/h2>\n\t<a href=\"\/de\/kontakt\/\" target=\"_self\" role=\"button\" rel=\"noopener noreferrer\">\n\t\t\t\t\tKontakt\n\t<\/a>\n<\/div><!-- .vgblk-rw-wrapper -->","protected":false},"excerpt":{"rendered":"<p>Das F\u00fchrungsteam von Tetakawi Unser F\u00fchrungsteam besteht aus Branchenspezialisten mit jahrelanger Erfahrung im Bereich Fertigung, die Unternehmen bei ihrer T\u00e4tigkeit in Mexiko unterst\u00fctzen. Vorstand Luis Felipe Seldner Felix Tonella Luken Roberto Gomez Del Campo Managementteam Luis Felipe Seldner III President Carlos Martin Espriu Executive Vice President of Operations Eduardo Saavedra Executive Vice President of Business&#8230;<\/p>\n","protected":false},"author":1,"featured_media":0,"parent":22996,"menu_order":0,"comment_status":"closed","ping_status":"closed","template":"","meta":{"content-type":"","_monsterinsights_skip_tracking":false,"_monsterinsights_sitenote_active":false,"_monsterinsights_sitenote_note":"","_monsterinsights_sitenote_category":0},"yoast_head":"<!-- This site is optimized with the Yoast SEO Premium plugin v20.6 (Yoast SEO v20.6) - https:\/\/yoast.com\/wordpress\/plugins\/seo\/ -->\n<title>Tetakawi (zuvor The Offshore Group) |<\/title>\n<meta name=\"description\" content=\"Unser F\u00fchrungsteam vereint jahrelange Erfahrung aus den Bereichen Innovation, Know-how sowie Unternehmensleitung und kann damit einen wertvollen Beitrag zu s\u00e4mtlichen Aspekten der Fertigung in Mexiko leisten.\" \/>\n<meta name=\"robots\" content=\"index, follow, max-snippet:-1, max-image-preview:large, max-video-preview:-1\" \/>\n<link rel=\"canonical\" href=\"https:\/\/tetakawi.com\/de\/uber-uns\/unternehmensleitung\/\" \/>\n<meta property=\"og:locale\" content=\"de_DE\" \/>\n<meta property=\"og:type\" content=\"article\" \/>\n<meta property=\"og:description\" content=\"Unser F\u00fchrungsteam vereint jahrelange Erfahrung aus den Bereichen Innovation, Know-how sowie Unternehmensleitung und kann damit einen wertvollen Beitrag zu s\u00e4mtlichen Aspekten der Fertigung in Mexiko leisten.\" \/>\n<meta property=\"og:url\" content=\"https:\/\/tetakawi.com\/de\/uber-uns\/unternehmensleitung\/\" \/>\n<meta property=\"og:site_name\" content=\"Tetakawi\" \/>\n<meta property=\"article:modified_time\" content=\"2019-08-10T03:54:34+00:00\" \/>\n<meta property=\"og:image\" content=\"https:\/\/tetakawi.com\/wp-content\/uploads\/2019\/01\/BoardofDirectors_Luis_Felipe_Seldner.jpg\" \/>\n<meta name=\"twitter:card\" content=\"summary_large_image\" \/>\n<meta name=\"twitter:label1\" content=\"Gesch\u00e4tzte Lesezeit\" \/>\n\t<meta name=\"twitter:data1\" content=\"1\u00a0Minute\" \/>\n<script type=\"application\/ld+json\" class=\"yoast-schema-graph\">{\"@context\":\"https:\/\/schema.org\",\"@graph\":[{\"@type\":\"WebPage\",\"@id\":\"https:\/\/tetakawi.com\/de\/uber-uns\/unternehmensleitung\/\",\"url\":\"https:\/\/tetakawi.com\/de\/uber-uns\/unternehmensleitung\/\",\"name\":\"Tetakawi (zuvor The Offshore Group) |\",\"isPartOf\":{\"@id\":\"https:\/\/tetakawi.com\/#website\"},\"datePublished\":\"2019-07-10T17:09:53+00:00\",\"dateModified\":\"2019-08-10T03:54:34+00:00\",\"description\":\"Unser F\u00fchrungsteam vereint jahrelange Erfahrung aus den Bereichen Innovation, Know-how sowie Unternehmensleitung und kann damit einen wertvollen Beitrag zu s\u00e4mtlichen Aspekten der Fertigung in Mexiko leisten.\",\"breadcrumb\":{\"@id\":\"https:\/\/tetakawi.com\/de\/uber-uns\/unternehmensleitung\/#breadcrumb\"},\"inLanguage\":\"de\",\"potentialAction\":[{\"@type\":\"ReadAction\",\"target\":[\"https:\/\/tetakawi.com\/de\/uber-uns\/unternehmensleitung\/\"]}]},{\"@type\":\"BreadcrumbList\",\"@id\":\"https:\/\/tetakawi.com\/de\/uber-uns\/unternehmensleitung\/#breadcrumb\",\"itemListElement\":[{\"@type\":\"ListItem\",\"position\":1,\"name\":\"Home\",\"item\":\"https:\/\/tetakawi.com\/de\/\"},{\"@type\":\"ListItem\",\"position\":2,\"name\":\"\u00dcber uns\",\"item\":\"https:\/\/tetakawi.com\/de\/uber-uns\/\"}]},{\"@type\":\"WebSite\",\"@id\":\"https:\/\/tetakawi.com\/#website\",\"url\":\"https:\/\/tetakawi.com\/\",\"name\":\"Tetakawi\",\"description\":\"\",\"publisher\":{\"@id\":\"https:\/\/tetakawi.com\/#organization\"},\"potentialAction\":[{\"@type\":\"SearchAction\",\"target\":{\"@type\":\"EntryPoint\",\"urlTemplate\":\"https:\/\/tetakawi.com\/?s={search_term_string}\"},\"query-input\":\"required name=search_term_string\"}],\"inLanguage\":\"de\"}]}<\/script>\n<!-- \/ Yoast SEO Premium plugin. -->","yoast_head_json":{"title":"Tetakawi (zuvor The Offshore Group) |","description":"Unser F\u00fchrungsteam vereint jahrelange Erfahrung aus den Bereichen Innovation, Know-how sowie Unternehmensleitung und kann damit einen wertvollen Beitrag zu s\u00e4mtlichen Aspekten der Fertigung in Mexiko leisten.","robots":{"index":"index","follow":"follow","max-snippet":"max-snippet:-1","max-image-preview":"max-image-preview:large","max-video-preview":"max-video-preview:-1"},"canonical":"https:\/\/tetakawi.com\/de\/uber-uns\/unternehmensleitung\/","og_locale":"de_DE","og_type":"article","og_description":"Unser F\u00fchrungsteam vereint jahrelange Erfahrung aus den Bereichen Innovation, Know-how sowie Unternehmensleitung und kann damit einen wertvollen Beitrag zu s\u00e4mtlichen Aspekten der Fertigung in Mexiko leisten.","og_url":"https:\/\/tetakawi.com\/de\/uber-uns\/unternehmensleitung\/","og_site_name":"Tetakawi","article_modified_time":"2019-08-10T03:54:34+00:00","og_image":[{"url":"https:\/\/tetakawi.com\/wp-content\/uploads\/2019\/01\/BoardofDirectors_Luis_Felipe_Seldner.jpg"}],"twitter_card":"summary_large_image","twitter_misc":{"Gesch\u00e4tzte Lesezeit":"1\u00a0Minute"},"schema":{"@context":"https:\/\/schema.org","@graph":[{"@type":"WebPage","@id":"https:\/\/tetakawi.com\/de\/uber-uns\/unternehmensleitung\/","url":"https:\/\/tetakawi.com\/de\/uber-uns\/unternehmensleitung\/","name":"Tetakawi (zuvor The Offshore Group) |","isPartOf":{"@id":"https:\/\/tetakawi.com\/#website"},"datePublished":"2019-07-10T17:09:53+00:00","dateModified":"2019-08-10T03:54:34+00:00","description":"Unser F\u00fchrungsteam vereint jahrelange Erfahrung aus den Bereichen Innovation, Know-how sowie Unternehmensleitung und kann damit einen wertvollen Beitrag zu s\u00e4mtlichen Aspekten der Fertigung in Mexiko leisten.","breadcrumb":{"@id":"https:\/\/tetakawi.com\/de\/uber-uns\/unternehmensleitung\/#breadcrumb"},"inLanguage":"de","potentialAction":[{"@type":"ReadAction","target":["https:\/\/tetakawi.com\/de\/uber-uns\/unternehmensleitung\/"]}]},{"@type":"BreadcrumbList","@id":"https:\/\/tetakawi.com\/de\/uber-uns\/unternehmensleitung\/#breadcrumb","itemListElement":[{"@type":"ListItem","position":1,"name":"Home","item":"https:\/\/tetakawi.com\/de\/"},{"@type":"ListItem","position":2,"name":"\u00dcber uns","item":"https:\/\/tetakawi.com\/de\/uber-uns\/"}]},{"@type":"WebSite","@id":"https:\/\/tetakawi.com\/#website","url":"https:\/\/tetakawi.com\/","name":"Tetakawi","description":"","publisher":{"@id":"https:\/\/tetakawi.com\/#organization"},"potentialAction":[{"@type":"SearchAction","target":{"@type":"EntryPoint","urlTemplate":"https:\/\/tetakawi.com\/?s={search_term_string}"},"query-input":"required name=search_term_string"}],"inLanguage":"de"}]}},"_links":{"self":[{"href":"https:\/\/tetakawi.com\/de\/wp-json\/wp\/v2\/pages\/22199"}],"collection":[{"href":"https:\/\/tetakawi.com\/de\/wp-json\/wp\/v2\/pages"}],"about":[{"href":"https:\/\/tetakawi.com\/de\/wp-json\/wp\/v2\/types\/page"}],"author":[{"embeddable":true,"href":"https:\/\/tetakawi.com\/de\/wp-json\/wp\/v2\/users\/1"}],"replies":[{"embeddable":true,"href":"https:\/\/tetakawi.com\/de\/wp-json\/wp\/v2\/comments?post=22199"}],"version-history":[{"count":5,"href":"https:\/\/tetakawi.com\/de\/wp-json\/wp\/v2\/pages\/22199\/revisions"}],"predecessor-version":[{"id":24966,"href":"https:\/\/tetakawi.com\/de\/wp-json\/wp\/v2\/pages\/22199\/revisions\/24966"}],"up":[{"embeddable":true,"href":"https:\/\/tetakawi.com\/de\/wp-json\/wp\/v2\/pages\/22996"}],"wp:attachment":[{"href":"https:\/\/tetakawi.com\/de\/wp-json\/wp\/v2\/media?parent=22199"}],"curies":[{"name":"wp","href":"https:\/\/api.w.org\/{rel}","templated":true}]}}